{"id":297504,"date":"2024-12-12T16:36:04","date_gmt":"2024-12-12T15:36:04","guid":{"rendered":"https:\/\/miomiorun.com\/prodotto\/akyra-ii-donna\/"},"modified":"2026-05-08T22:25:54","modified_gmt":"2026-05-08T20:25:54","slug":"akyra-ii-femme","status":"publish","type":"product","link":"https:\/\/www.miomiorun.com\/fr\/produit\/akyra-ii-femme\/","title":{"rendered":"Akyra II femme"},"content":{"rendered":"<div class=\"vc-row container\"><div class=\"vc-column\"><div class=\"vc-column-text\"><\/p>\n<p><strong>Caract\u00e9ristiques techniques<\/strong><\/p>\n<p>Cat\u00e9gorie : amorti sup\u00e9rieur<br \/>\nD\u00e9calage : 9 mm<br \/>\nPoids : 305 g<br \/>\nId\u00e9al pour : coureurs de montagne \u00e0 la recherche d&#8217;un mod\u00e8le solide et robuste qui offre traction, protection et confort sur les longues et moyennes distances pendant la saison hivernale.<br \/>\nPoids de l&#8217;athl\u00e8te : 60-80 kg<br \/>\nAllure de course : lente (&gt;5.30 min\/km)<\/p>\n<p><\/div><\/div><div class=\"vc-column\"><div class=\"vc-column-text\">L&#8217;<strong>Akyra II<\/strong> pour femme est la chaussure parfaite pour celles qui recherchent protection et soutien, mais ne veulent pas faire de compromis sur l&#8217;agilit\u00e9 et la vitesse. La tige 3D Grid\u2122 KPU et la semelle Impact Brake System\u2122 assurent stabilit\u00e9 et protection, tandis que le Trail Rocker\u2122 associ\u00e9 \u00e0 l&#8217;ajustement confortable et flexible donne du dynamisme \u00e0 chaque pas.<\/p>\n<h3>Informations techniques<\/h3>\n<p><b>Semelle int\u00e9rieure :<\/b><br \/>\nOrtholite 5 mm randonn\u00e9e<br \/>\n<b>Semelle interm\u00e9diaire :<\/b><br \/>\nEVA inject\u00e9 avec des composants \u00e0 base de BIO<br \/>\nDoublure<b>:<\/b><br \/>\nMesh antid\u00e9rapant<br \/>\n<b>Semelle ext\u00e9rieure :<\/b><br \/>\nDual Compound Frixion XT Red with Trail Rocker+ Impact Brake System Mountain Running<br \/>\n<b>Tige :<\/b><br \/>\nConstruction de la tige en 3 couches+ construction 3D Grid\u2122 en KPU.<\/p>\n<h3>Caract\u00e9ristiques :<\/h3>\n<ul>\n<li>Stabilit\u00e9 et protection du pied garanties gr\u00e2ce au 3D Grid\u2122 en KPU.<\/li>\n<li>Confort et respirabilit\u00e9 gr\u00e2ce \u00e0 la construction de la tige en 3 couches.<\/li>\n<li>Semelle avec syst\u00e8me exclusif Trail Rocker\u2122 : favorise un d\u00e9roul\u00e9 naturel du pied.<\/li>\n<\/ul>\n<p>&nbsp;<\/p>\n<p><a class=\"d-flex flex-column align-items-center text-center\"> <img loading=\"lazy\" decoding=\"async\" class=\"ls-is-cached lazyloaded\" src=\"https:\/\/www.lasportiva.com\/media\/techinfo_icons\/friction-red.png\" alt=\"La Sportiva\" width=\"75\" height=\"75\" data-src=\"https:\/\/www.lasportiva.com\/media\/techinfo_icons\/friction-red.png\" \/> <\/a><\/p>\n<p><a class=\"d-flex flex-column align-items-center text-center\"><strong>Frixion XT Red : <\/strong>Les compos\u00e9s FriXion\u00ae de La Sportiva sont con\u00e7us pour cr\u00e9er des bandes de roulement avec diff\u00e9rents param\u00e8tres d&#8217;adh\u00e9rence et de durabilit\u00e9 en fonction du type d&#8217;utilisation et du terrain sur lequel les chaussures La Sportiva sont utilis\u00e9es.<\/a><\/p>\n<p><a class=\"d-flex flex-column align-items-center text-center\"> <img loading=\"lazy\" decoding=\"async\" class=\"lazyloaded\" src=\"https:\/\/www.lasportiva.com\/media\/techinfo_icons\/o\/r\/ortholitehybridred_75x75_1.png\" alt=\"La Sportiva\" width=\"75\" height=\"75\" data-src=\"https:\/\/www.lasportiva.com\/media\/techinfo_icons\/o\/r\/ortholitehybridred_75x75_1.png\" \/><\/a><\/p>\n<p><a class=\"d-flex flex-column align-items-center text-center\"><strong> Ortholite_Red : <\/strong> Les mod\u00e8les de la ligne Mountain Running\u00ae adoptent les semelles \u00e9cologiques exclusives La Sportiva by OrthoLite\u00ae Hybrid, fabriqu\u00e9es \u00e0 partir de 20 % de mat\u00e9riaux recycl\u00e9s issus du cycle de fabrication. Ces semelles sont con\u00e7ues pour les pieds des hommes et des femmes et adoptent des \u00e9paisseurs et des mat\u00e9riaux diff\u00e9rents en fonction du poids moyen de l&#8217;utilisateur.<\/a><\/p>\n<p><a class=\"d-flex flex-column align-items-center text-center\"> <img loading=\"lazy\" decoding=\"async\" class=\"ls-is-cached lazyloaded\" src=\"https:\/\/www.lasportiva.com\/media\/techinfo_icons\/impact-brake-system.png\" alt=\"La Sportiva\" width=\"75\" height=\"75\" data-src=\"https:\/\/www.lasportiva.com\/media\/techinfo_icons\/impact-brake-system.png\" \/> <\/a><\/p>\n<p><strong><a class=\"d-flex flex-column align-items-center text-center\">Impact Brake System Mountain<\/a><\/strong><a class=\"d-flex flex-column align-items-center text-center\"><strong>Running :<\/strong> <strong>Syst\u00e8me innovant appliqu\u00e9 \u00e0 la semelle qui absorbe l&#8217;impact, aide \u00e0 la traction et au maintien lors du freinage.<\/strong><br \/>\nCon\u00e7u et d\u00e9velopp\u00e9 par le Centre de Recherche et D\u00e9veloppement de La Sportiva, il offre de r\u00e9els avantages lors de la course en r\u00e9duisant l&#8217;impact n\u00e9gatif avec le sol. La disposition particuli\u00e8re des blocs fait que certains d&#8217;entre eux entrent en contact avec le sol en premier, ce qui adoucit la bande de roulement.<\/a><\/div><\/div><\/div>\n","protected":false},"excerpt":{"rendered":"<ul>\n<li>Enveloppant, confortable et protecteur.<\/li>\n<li>Id\u00e9al pour les longs trajets hors route.<\/li>\n<\/ul>\n","protected":false},"featured_media":250412,"template":"","meta":{"_acf_changed":false,"inline_featured_image":false},"product_brand":[],"product_cat":[22605,22608],"product_tag":[23597,23601],"class_list":{"0":"post-297504","1":"product","2":"type-product","3":"status-publish","4":"has-post-thumbnail","6":"product_cat-chaussures-pour-femmes","7":"product_cat-trail-fr","8":"product_tag-la-sportiva-fr","9":"product_tag-la-sportiva-femme","10":"pa_attivita-outdoor-fr","11":"pa_colore-akyra-ii-w-carbon-cherry-tomato-fr","12":"pa_colore-akyra-ii-w-limestone-chalk-fr","13":"pa_colore-akyra-ii-w-moonlight-zest-fr","14":"pa_marca-la-sportiva-fr","15":"pa_sesso-femme","16":"pa_size-38-fr","17":"pa_size-38-5-fr","18":"pa_size-39-fr","19":"pa_size-39-5-fr","20":"pa_size-40-fr","21":"pa_size-40-5-fr","22":"pa_size-41-fr","23":"pa_size-41-5-fr","24":"pa_size-42-fr","26":"first","27":"instock","28":"sale","29":"taxable","30":"shipping-taxable","31":"purchasable","32":"product-type-variable","33":"wvs-archive-product-wrapper"},"acf":[],"yoast_head":"<!-- This site is optimized with the Yoast SEO plugin v26.8 - https:\/\/yoast.com\/product\/yoast-seo-wordpress\/ -->\n<title>La sportiva Akyra II femme - chaussures de trail pour femmes - MioMioRun<\/title>\n<meta name=\"description\" content=\"L&#039;Akyra II pour femmes est la chaussure id\u00e9ale pour celles qui recherchent protection et soutien, mais ne veulent pas renoncer \u00e0 l&#039;agilit\u00e9 et \u00e0 la vitesse.\" \/>\n<meta name=\"robots\" content=\"index, follow, max-snippet:-1, max-image-preview:large, max-video-preview:-1\" \/>\n<link rel=\"canonical\" href=\"https:\/\/www.miomiorun.com\/fr\/produit\/akyra-ii-femme\/\" \/>\n<meta property=\"og:locale\" content=\"fr_FR\" \/>\n<meta property=\"og:type\" content=\"article\" \/>\n<meta property=\"og:title\" content=\"La sportiva Akyra II femme - chaussures de trail pour femmes - MioMioRun\" \/>\n<meta property=\"og:description\" content=\"L&#039;Akyra II pour femmes est la chaussure id\u00e9ale pour celles qui recherchent protection et soutien, mais ne veulent pas renoncer \u00e0 l&#039;agilit\u00e9 et \u00e0 la vitesse.\" \/>\n<meta property=\"og:url\" content=\"https:\/\/www.miomiorun.com\/fr\/produit\/akyra-ii-femme\/\" \/>\n<meta property=\"og:site_name\" content=\"MioMioRun\" \/>\n<meta property=\"article:publisher\" content=\"https:\/\/www.facebook.com\/miomiorun\/\" \/>\n<meta property=\"article:modified_time\" content=\"2026-05-08T20:25:54+00:00\" \/>\n<meta property=\"og:image\" content=\"https:\/\/www.miomiorun.com\/app\/uploads\/2024\/12\/la-sportiva-Akyra-II-W-carbon-cherry-tomato-44G900322.webp\" \/>\n\t<meta property=\"og:image:width\" content=\"600\" \/>\n\t<meta property=\"og:image:height\" content=\"600\" \/>\n\t<meta property=\"og:image:type\" content=\"image\/webp\" \/>\n<meta name=\"twitter:card\" content=\"summary_large_image\" \/>\n<meta name=\"twitter:label1\" content=\"Est. reading time\" \/>\n\t<meta name=\"twitter:data1\" content=\"2 minutes\" \/>\n<script type=\"application\/ld+json\" class=\"yoast-schema-graph\">{\"@context\":\"https:\/\/schema.org\",\"@graph\":[{\"@type\":\"WebPage\",\"@id\":\"https:\/\/www.miomiorun.com\/fr\/produit\/akyra-ii-femme\/\",\"url\":\"https:\/\/www.miomiorun.com\/fr\/produit\/akyra-ii-femme\/\",\"name\":\"La sportiva Akyra II femme - chaussures de trail pour femmes - MioMioRun\",\"isPartOf\":{\"@id\":\"https:\/\/www.miomiorun.com\/fr\/#website\"},\"primaryImageOfPage\":{\"@id\":\"https:\/\/www.miomiorun.com\/fr\/produit\/akyra-ii-femme\/#primaryimage\"},\"image\":{\"@id\":\"https:\/\/www.miomiorun.com\/fr\/produit\/akyra-ii-femme\/#primaryimage\"},\"thumbnailUrl\":\"https:\/\/www.miomiorun.com\/app\/uploads\/2024\/12\/la-sportiva-Akyra-II-W-carbon-cherry-tomato-44G900322.webp\",\"datePublished\":\"2024-12-12T15:36:04+00:00\",\"dateModified\":\"2026-05-08T20:25:54+00:00\",\"description\":\"L'Akyra II pour femmes est la chaussure id\u00e9ale pour celles qui recherchent protection et soutien, mais ne veulent pas renoncer \u00e0 l'agilit\u00e9 et \u00e0 la vitesse.\",\"breadcrumb\":{\"@id\":\"https:\/\/www.miomiorun.com\/fr\/produit\/akyra-ii-femme\/#breadcrumb\"},\"inLanguage\":\"fr-FR\",\"potentialAction\":[{\"@type\":\"ReadAction\",\"target\":[\"https:\/\/www.miomiorun.com\/fr\/produit\/akyra-ii-femme\/\"]}]},{\"@type\":\"ImageObject\",\"inLanguage\":\"fr-FR\",\"@id\":\"https:\/\/www.miomiorun.com\/fr\/produit\/akyra-ii-femme\/#primaryimage\",\"url\":\"https:\/\/www.miomiorun.com\/app\/uploads\/2024\/12\/la-sportiva-Akyra-II-W-carbon-cherry-tomato-44G900322.webp\",\"contentUrl\":\"https:\/\/www.miomiorun.com\/app\/uploads\/2024\/12\/la-sportiva-Akyra-II-W-carbon-cherry-tomato-44G900322.webp\",\"width\":600,\"height\":600,\"caption\":\"la sportiva Akyra II W carbon cherry tomato 44G900322\"},{\"@type\":\"BreadcrumbList\",\"@id\":\"https:\/\/www.miomiorun.com\/fr\/produit\/akyra-ii-femme\/#breadcrumb\",\"itemListElement\":[{\"@type\":\"ListItem\",\"position\":1,\"name\":\"Home\",\"item\":\"https:\/\/www.miomiorun.com\/fr\/home-page\/\"},{\"@type\":\"ListItem\",\"position\":2,\"name\":\"Shop\",\"item\":\"https:\/\/www.miomiorun.com\/shop\/\"},{\"@type\":\"ListItem\",\"position\":3,\"name\":\"Akyra II femme\"}]},{\"@type\":\"WebSite\",\"@id\":\"https:\/\/www.miomiorun.com\/fr\/#website\",\"url\":\"https:\/\/www.miomiorun.com\/fr\/\",\"name\":\"MioMioRun\",\"description\":\"Boutique 100% running et trail\",\"publisher\":{\"@id\":\"https:\/\/www.miomiorun.com\/fr\/#organization\"},\"potentialAction\":[{\"@type\":\"SearchAction\",\"target\":{\"@type\":\"EntryPoint\",\"urlTemplate\":\"https:\/\/www.miomiorun.com\/fr\/?s={search_term_string}\"},\"query-input\":{\"@type\":\"PropertyValueSpecification\",\"valueRequired\":true,\"valueName\":\"search_term_string\"}}],\"inLanguage\":\"fr-FR\"},{\"@type\":\"Organization\",\"@id\":\"https:\/\/www.miomiorun.com\/fr\/#organization\",\"name\":\"MioMio Run\",\"url\":\"https:\/\/www.miomiorun.com\/fr\/\",\"logo\":{\"@type\":\"ImageObject\",\"inLanguage\":\"fr-FR\",\"@id\":\"https:\/\/www.miomiorun.com\/fr\/#\/schema\/logo\/image\/\",\"url\":\"https:\/\/www.miomiorun.com\/app\/uploads\/2019\/12\/logomio.png\",\"contentUrl\":\"https:\/\/www.miomiorun.com\/app\/uploads\/2019\/12\/logomio.png\",\"width\":115,\"height\":82,\"caption\":\"MioMio Run\"},\"image\":{\"@id\":\"https:\/\/www.miomiorun.com\/fr\/#\/schema\/logo\/image\/\"},\"sameAs\":[\"https:\/\/www.facebook.com\/miomiorun\/\",\"https:\/\/www.instagram.com\/miomiorun\/\"]}]}<\/script>\n<!-- \/ Yoast SEO plugin. -->","yoast_head_json":{"title":"La sportiva Akyra II femme - chaussures de trail pour femmes - MioMioRun","description":"L'Akyra II pour femmes est la chaussure id\u00e9ale pour celles qui recherchent protection et soutien, mais ne veulent pas renoncer \u00e0 l'agilit\u00e9 et \u00e0 la vitesse.","robots":{"index":"index","follow":"follow","max-snippet":"max-snippet:-1","max-image-preview":"max-image-preview:large","max-video-preview":"max-video-preview:-1"},"canonical":"https:\/\/www.miomiorun.com\/fr\/produit\/akyra-ii-femme\/","og_locale":"fr_FR","og_type":"article","og_title":"La sportiva Akyra II femme - chaussures de trail pour femmes - MioMioRun","og_description":"L'Akyra II pour femmes est la chaussure id\u00e9ale pour celles qui recherchent protection et soutien, mais ne veulent pas renoncer \u00e0 l'agilit\u00e9 et \u00e0 la vitesse.","og_url":"https:\/\/www.miomiorun.com\/fr\/produit\/akyra-ii-femme\/","og_site_name":"MioMioRun","article_publisher":"https:\/\/www.facebook.com\/miomiorun\/","article_modified_time":"2026-05-08T20:25:54+00:00","og_image":[{"width":600,"height":600,"url":"https:\/\/www.miomiorun.com\/app\/uploads\/2024\/12\/la-sportiva-Akyra-II-W-carbon-cherry-tomato-44G900322.webp","type":"image\/webp"}],"twitter_card":"summary_large_image","twitter_misc":{"Est. reading time":"2 minutes"},"schema":{"@context":"https:\/\/schema.org","@graph":[{"@type":"WebPage","@id":"https:\/\/www.miomiorun.com\/fr\/produit\/akyra-ii-femme\/","url":"https:\/\/www.miomiorun.com\/fr\/produit\/akyra-ii-femme\/","name":"La sportiva Akyra II femme - chaussures de trail pour femmes - MioMioRun","isPartOf":{"@id":"https:\/\/www.miomiorun.com\/fr\/#website"},"primaryImageOfPage":{"@id":"https:\/\/www.miomiorun.com\/fr\/produit\/akyra-ii-femme\/#primaryimage"},"image":{"@id":"https:\/\/www.miomiorun.com\/fr\/produit\/akyra-ii-femme\/#primaryimage"},"thumbnailUrl":"https:\/\/www.miomiorun.com\/app\/uploads\/2024\/12\/la-sportiva-Akyra-II-W-carbon-cherry-tomato-44G900322.webp","datePublished":"2024-12-12T15:36:04+00:00","dateModified":"2026-05-08T20:25:54+00:00","description":"L'Akyra II pour femmes est la chaussure id\u00e9ale pour celles qui recherchent protection et soutien, mais ne veulent pas renoncer \u00e0 l'agilit\u00e9 et \u00e0 la vitesse.","breadcrumb":{"@id":"https:\/\/www.miomiorun.com\/fr\/produit\/akyra-ii-femme\/#breadcrumb"},"inLanguage":"fr-FR","potentialAction":[{"@type":"ReadAction","target":["https:\/\/www.miomiorun.com\/fr\/produit\/akyra-ii-femme\/"]}]},{"@type":"ImageObject","inLanguage":"fr-FR","@id":"https:\/\/www.miomiorun.com\/fr\/produit\/akyra-ii-femme\/#primaryimage","url":"https:\/\/www.miomiorun.com\/app\/uploads\/2024\/12\/la-sportiva-Akyra-II-W-carbon-cherry-tomato-44G900322.webp","contentUrl":"https:\/\/www.miomiorun.com\/app\/uploads\/2024\/12\/la-sportiva-Akyra-II-W-carbon-cherry-tomato-44G900322.webp","width":600,"height":600,"caption":"la sportiva Akyra II W carbon cherry tomato 44G900322"},{"@type":"BreadcrumbList","@id":"https:\/\/www.miomiorun.com\/fr\/produit\/akyra-ii-femme\/#breadcrumb","itemListElement":[{"@type":"ListItem","position":1,"name":"Home","item":"https:\/\/www.miomiorun.com\/fr\/home-page\/"},{"@type":"ListItem","position":2,"name":"Shop","item":"https:\/\/www.miomiorun.com\/shop\/"},{"@type":"ListItem","position":3,"name":"Akyra II femme"}]},{"@type":"WebSite","@id":"https:\/\/www.miomiorun.com\/fr\/#website","url":"https:\/\/www.miomiorun.com\/fr\/","name":"MioMioRun","description":"Boutique 100% running et trail","publisher":{"@id":"https:\/\/www.miomiorun.com\/fr\/#organization"},"potentialAction":[{"@type":"SearchAction","target":{"@type":"EntryPoint","urlTemplate":"https:\/\/www.miomiorun.com\/fr\/?s={search_term_string}"},"query-input":{"@type":"PropertyValueSpecification","valueRequired":true,"valueName":"search_term_string"}}],"inLanguage":"fr-FR"},{"@type":"Organization","@id":"https:\/\/www.miomiorun.com\/fr\/#organization","name":"MioMio Run","url":"https:\/\/www.miomiorun.com\/fr\/","logo":{"@type":"ImageObject","inLanguage":"fr-FR","@id":"https:\/\/www.miomiorun.com\/fr\/#\/schema\/logo\/image\/","url":"https:\/\/www.miomiorun.com\/app\/uploads\/2019\/12\/logomio.png","contentUrl":"https:\/\/www.miomiorun.com\/app\/uploads\/2019\/12\/logomio.png","width":115,"height":82,"caption":"MioMio Run"},"image":{"@id":"https:\/\/www.miomiorun.com\/fr\/#\/schema\/logo\/image\/"},"sameAs":["https:\/\/www.facebook.com\/miomiorun\/","https:\/\/www.instagram.com\/miomiorun\/"]}]}},"_links":{"self":[{"href":"https:\/\/www.miomiorun.com\/fr\/wp-json\/wp\/v2\/product\/297504","targetHints":{"allow":["GET"]}}],"collection":[{"href":"https:\/\/www.miomiorun.com\/fr\/wp-json\/wp\/v2\/product"}],"about":[{"href":"https:\/\/www.miomiorun.com\/fr\/wp-json\/wp\/v2\/types\/product"}],"wp:featuredmedia":[{"embeddable":true,"href":"https:\/\/www.miomiorun.com\/fr\/wp-json\/wp\/v2\/media\/250412"}],"wp:attachment":[{"href":"https:\/\/www.miomiorun.com\/fr\/wp-json\/wp\/v2\/media?parent=297504"}],"wp:term":[{"taxonomy":"product_brand","embeddable":true,"href":"https:\/\/www.miomiorun.com\/fr\/wp-json\/wp\/v2\/product_brand?post=297504"},{"taxonomy":"product_cat","embeddable":true,"href":"https:\/\/www.miomiorun.com\/fr\/wp-json\/wp\/v2\/product_cat?post=297504"},{"taxonomy":"product_tag","embeddable":true,"href":"https:\/\/www.miomiorun.com\/fr\/wp-json\/wp\/v2\/product_tag?post=297504"}],"curies":[{"name":"wp","href":"https:\/\/api.w.org\/{rel}","templated":true}]}}