{"id":297503,"date":"2024-12-12T18:43:32","date_gmt":"2024-12-12T17:43:32","guid":{"rendered":"https:\/\/miomiorun.com\/prodotto\/no-show-socks-3-0-donna\/"},"modified":"2025-05-16T19:33:07","modified_gmt":"2025-05-16T17:33:07","slug":"no-show-socks-3-0-femme","status":"publish","type":"product","link":"https:\/\/www.miomiorun.com\/fr\/produit\/no-show-socks-3-0-femme\/","title":{"rendered":"No Show Socks 3.0 femme"},"content":{"rendered":"<p>Les chaussettes de compression CEP 3.0 pour femmes offrent un confort sup\u00e9rieur que vous ne verrez presque jamais. Notre m\u00e9lange \u00e9prouv\u00e9 de mat\u00e9riaux aide \u00e0 pr\u00e9venir les ampoules en assurant un ajustement parfait. Nos chaussettes de compression sans couture pour coureurs offrent un ajustement parfait, rigoureusement con\u00e7u pour le confort et la performance. Int\u00e9gr\u00e9es \u00e0 nos fibres d&#8217;\u00e9vacuation de l&#8217;humidit\u00e9 de premi\u00e8re qualit\u00e9, vous ne trouverez pas de meilleures chaussettes de compression pour le sport.<\/p>\n<ul>\n<li>Compression cibl\u00e9e pour soulager les gonflements et les douleurs<\/li>\n<li>Le rembourrage performant le long de l&#8217;assise plantaire emp\u00eache la formation d&#8217;ampoules.<\/li>\n<li>La gestion climatique HEIQ rafra\u00eechit la peau pendant l&#8217;activit\u00e9.<\/li>\n<li>Hauteur invisible avec languette au talon pour un ajustement antid\u00e9rapant<\/li>\n<li>Les fils respirants sont r\u00e9sistants et durables<\/li>\n<li>Compression sur le pied pour soulager la fasciite plantaire<\/li>\n<\/ul>\n<p>Mati\u00e8re : 90% polyamide, 10% \u00e9lasthanne<\/p>\n","protected":false},"excerpt":{"rendered":"<p>Les chaussettes de compression CEP 3.0 pour femmes offrent un confort sup\u00e9rieur que vous ne verrez presque jamais. Notre m\u00e9lange \u00e9prouv\u00e9 de mat\u00e9riaux aide \u00e0 pr\u00e9venir les ampoules en assurant un ajustement parfait. Nos chaussettes de compression sans couture pour coureurs offrent un ajustement parfait, rigoureusement con\u00e7u pour le confort et la performance. Int\u00e9gr\u00e9es \u00e0 &hellip; <a href=\"https:\/\/www.miomiorun.com\/fr\/produit\/no-show-socks-3-0-femme\/\">Continued<\/a><\/p>\n","protected":false},"featured_media":230895,"template":"","meta":{"_acf_changed":false,"inline_featured_image":false},"product_brand":[],"product_cat":[22597,22596],"product_tag":[23469,23651],"class_list":{"0":"post-297503","1":"product","2":"type-product","3":"status-publish","4":"has-post-thumbnail","6":"product_cat-chaussettes","7":"product_cat-vetements-pour-femmes","8":"product_tag-cep-fr","9":"product_tag-cep-femme","10":"pa_attivita-fitness-fr","11":"pa_attivita-marcher","12":"pa_attivita-running-fr","13":"pa_colore-no-show-socks-3-0-w-ice-grey-fr","14":"pa_marca-cep-fr","15":"pa_sesso-femme","16":"pa_size-37-40-fr","18":"first","19":"instock","20":"sale","21":"taxable","22":"shipping-taxable","23":"purchasable","24":"product-type-variable","25":"has-default-attributes","26":"wvs-archive-product-wrapper"},"acf":[],"yoast_head":"<!-- This site is optimized with the Yoast SEO plugin v26.8 - https:\/\/yoast.com\/product\/yoast-seo-wordpress\/ -->\n<title>Cep No Show Socks 3.0 femme - Course \u00e0 pied de Calze- MioMioRun<\/title>\n<meta name=\"description\" content=\"Les chaussettes de compression 3.0 de CEP pour femmes offrent un confort sup\u00e9rieur. Le m\u00e9lange de mat\u00e9riaux aide \u00e0 pr\u00e9venir les ampoules en assurant un ajustement parfait.\" \/>\n<meta name=\"robots\" content=\"index, follow, max-snippet:-1, max-image-preview:large, max-video-preview:-1\" \/>\n<link rel=\"canonical\" href=\"https:\/\/www.miomiorun.com\/fr\/produit\/no-show-socks-3-0-femme\/\" \/>\n<meta property=\"og:locale\" content=\"fr_FR\" \/>\n<meta property=\"og:type\" content=\"article\" \/>\n<meta property=\"og:title\" content=\"Cep No Show Socks 3.0 femme - Course \u00e0 pied de Calze- MioMioRun\" \/>\n<meta property=\"og:description\" content=\"Les chaussettes de compression 3.0 de CEP pour femmes offrent un confort sup\u00e9rieur. Le m\u00e9lange de mat\u00e9riaux aide \u00e0 pr\u00e9venir les ampoules en assurant un ajustement parfait.\" \/>\n<meta property=\"og:url\" content=\"https:\/\/www.miomiorun.com\/fr\/produit\/no-show-socks-3-0-femme\/\" \/>\n<meta property=\"og:site_name\" content=\"MioMioRun\" \/>\n<meta property=\"article:publisher\" content=\"https:\/\/www.facebook.com\/miomiorun\/\" \/>\n<meta property=\"article:modified_time\" content=\"2025-05-16T17:33:07+00:00\" \/>\n<meta property=\"og:image\" content=\"https:\/\/www.miomiorun.com\/app\/uploads\/2020\/10\/cep-No-Show-Compression-Socks-3.0-WP46FX.jpg\" \/>\n\t<meta property=\"og:image:width\" content=\"600\" \/>\n\t<meta property=\"og:image:height\" content=\"600\" \/>\n\t<meta property=\"og:image:type\" content=\"image\/jpeg\" \/>\n<meta name=\"twitter:card\" content=\"summary_large_image\" \/>\n<meta name=\"twitter:label1\" content=\"Est. reading time\" \/>\n\t<meta name=\"twitter:data1\" content=\"1 minute\" \/>\n<script type=\"application\/ld+json\" class=\"yoast-schema-graph\">{\"@context\":\"https:\/\/schema.org\",\"@graph\":[{\"@type\":\"WebPage\",\"@id\":\"https:\/\/www.miomiorun.com\/fr\/produit\/no-show-socks-3-0-femme\/\",\"url\":\"https:\/\/www.miomiorun.com\/fr\/produit\/no-show-socks-3-0-femme\/\",\"name\":\"Cep No Show Socks 3.0 femme - Course \u00e0 pied de Calze- MioMioRun\",\"isPartOf\":{\"@id\":\"https:\/\/www.miomiorun.com\/fr\/#website\"},\"primaryImageOfPage\":{\"@id\":\"https:\/\/www.miomiorun.com\/fr\/produit\/no-show-socks-3-0-femme\/#primaryimage\"},\"image\":{\"@id\":\"https:\/\/www.miomiorun.com\/fr\/produit\/no-show-socks-3-0-femme\/#primaryimage\"},\"thumbnailUrl\":\"https:\/\/www.miomiorun.com\/app\/uploads\/2020\/10\/cep-No-Show-Compression-Socks-3.0-WP46FX.jpg\",\"datePublished\":\"2024-12-12T17:43:32+00:00\",\"dateModified\":\"2025-05-16T17:33:07+00:00\",\"description\":\"Les chaussettes de compression 3.0 de CEP pour femmes offrent un confort sup\u00e9rieur. Le m\u00e9lange de mat\u00e9riaux aide \u00e0 pr\u00e9venir les ampoules en assurant un ajustement parfait.\",\"breadcrumb\":{\"@id\":\"https:\/\/www.miomiorun.com\/fr\/produit\/no-show-socks-3-0-femme\/#breadcrumb\"},\"inLanguage\":\"fr-FR\",\"potentialAction\":[{\"@type\":\"ReadAction\",\"target\":[\"https:\/\/www.miomiorun.com\/fr\/produit\/no-show-socks-3-0-femme\/\"]}]},{\"@type\":\"ImageObject\",\"inLanguage\":\"fr-FR\",\"@id\":\"https:\/\/www.miomiorun.com\/fr\/produit\/no-show-socks-3-0-femme\/#primaryimage\",\"url\":\"https:\/\/www.miomiorun.com\/app\/uploads\/2020\/10\/cep-No-Show-Compression-Socks-3.0-WP46FX.jpg\",\"contentUrl\":\"https:\/\/www.miomiorun.com\/app\/uploads\/2020\/10\/cep-No-Show-Compression-Socks-3.0-WP46FX.jpg\",\"width\":600,\"height\":600,\"caption\":\"cep no show compression socks\"},{\"@type\":\"BreadcrumbList\",\"@id\":\"https:\/\/www.miomiorun.com\/fr\/produit\/no-show-socks-3-0-femme\/#breadcrumb\",\"itemListElement\":[{\"@type\":\"ListItem\",\"position\":1,\"name\":\"Home\",\"item\":\"https:\/\/www.miomiorun.com\/fr\/home-page\/\"},{\"@type\":\"ListItem\",\"position\":2,\"name\":\"Shop\",\"item\":\"https:\/\/www.miomiorun.com\/shop\/\"},{\"@type\":\"ListItem\",\"position\":3,\"name\":\"No Show Socks 3.0 femme\"}]},{\"@type\":\"WebSite\",\"@id\":\"https:\/\/www.miomiorun.com\/fr\/#website\",\"url\":\"https:\/\/www.miomiorun.com\/fr\/\",\"name\":\"MioMioRun\",\"description\":\"Boutique 100% running et trail\",\"publisher\":{\"@id\":\"https:\/\/www.miomiorun.com\/fr\/#organization\"},\"potentialAction\":[{\"@type\":\"SearchAction\",\"target\":{\"@type\":\"EntryPoint\",\"urlTemplate\":\"https:\/\/www.miomiorun.com\/fr\/?s={search_term_string}\"},\"query-input\":{\"@type\":\"PropertyValueSpecification\",\"valueRequired\":true,\"valueName\":\"search_term_string\"}}],\"inLanguage\":\"fr-FR\"},{\"@type\":\"Organization\",\"@id\":\"https:\/\/www.miomiorun.com\/fr\/#organization\",\"name\":\"MioMio Run\",\"url\":\"https:\/\/www.miomiorun.com\/fr\/\",\"logo\":{\"@type\":\"ImageObject\",\"inLanguage\":\"fr-FR\",\"@id\":\"https:\/\/www.miomiorun.com\/fr\/#\/schema\/logo\/image\/\",\"url\":\"https:\/\/www.miomiorun.com\/app\/uploads\/2019\/12\/logomio.png\",\"contentUrl\":\"https:\/\/www.miomiorun.com\/app\/uploads\/2019\/12\/logomio.png\",\"width\":115,\"height\":82,\"caption\":\"MioMio Run\"},\"image\":{\"@id\":\"https:\/\/www.miomiorun.com\/fr\/#\/schema\/logo\/image\/\"},\"sameAs\":[\"https:\/\/www.facebook.com\/miomiorun\/\",\"https:\/\/www.instagram.com\/miomiorun\/\"]}]}<\/script>\n<!-- \/ Yoast SEO plugin. -->","yoast_head_json":{"title":"Cep No Show Socks 3.0 femme - Course \u00e0 pied de Calze- MioMioRun","description":"Les chaussettes de compression 3.0 de CEP pour femmes offrent un confort sup\u00e9rieur. Le m\u00e9lange de mat\u00e9riaux aide \u00e0 pr\u00e9venir les ampoules en assurant un ajustement parfait.","robots":{"index":"index","follow":"follow","max-snippet":"max-snippet:-1","max-image-preview":"max-image-preview:large","max-video-preview":"max-video-preview:-1"},"canonical":"https:\/\/www.miomiorun.com\/fr\/produit\/no-show-socks-3-0-femme\/","og_locale":"fr_FR","og_type":"article","og_title":"Cep No Show Socks 3.0 femme - Course \u00e0 pied de Calze- MioMioRun","og_description":"Les chaussettes de compression 3.0 de CEP pour femmes offrent un confort sup\u00e9rieur. Le m\u00e9lange de mat\u00e9riaux aide \u00e0 pr\u00e9venir les ampoules en assurant un ajustement parfait.","og_url":"https:\/\/www.miomiorun.com\/fr\/produit\/no-show-socks-3-0-femme\/","og_site_name":"MioMioRun","article_publisher":"https:\/\/www.facebook.com\/miomiorun\/","article_modified_time":"2025-05-16T17:33:07+00:00","og_image":[{"width":600,"height":600,"url":"https:\/\/www.miomiorun.com\/app\/uploads\/2020\/10\/cep-No-Show-Compression-Socks-3.0-WP46FX.jpg","type":"image\/jpeg"}],"twitter_card":"summary_large_image","twitter_misc":{"Est. reading time":"1 minute"},"schema":{"@context":"https:\/\/schema.org","@graph":[{"@type":"WebPage","@id":"https:\/\/www.miomiorun.com\/fr\/produit\/no-show-socks-3-0-femme\/","url":"https:\/\/www.miomiorun.com\/fr\/produit\/no-show-socks-3-0-femme\/","name":"Cep No Show Socks 3.0 femme - Course \u00e0 pied de Calze- MioMioRun","isPartOf":{"@id":"https:\/\/www.miomiorun.com\/fr\/#website"},"primaryImageOfPage":{"@id":"https:\/\/www.miomiorun.com\/fr\/produit\/no-show-socks-3-0-femme\/#primaryimage"},"image":{"@id":"https:\/\/www.miomiorun.com\/fr\/produit\/no-show-socks-3-0-femme\/#primaryimage"},"thumbnailUrl":"https:\/\/www.miomiorun.com\/app\/uploads\/2020\/10\/cep-No-Show-Compression-Socks-3.0-WP46FX.jpg","datePublished":"2024-12-12T17:43:32+00:00","dateModified":"2025-05-16T17:33:07+00:00","description":"Les chaussettes de compression 3.0 de CEP pour femmes offrent un confort sup\u00e9rieur. Le m\u00e9lange de mat\u00e9riaux aide \u00e0 pr\u00e9venir les ampoules en assurant un ajustement parfait.","breadcrumb":{"@id":"https:\/\/www.miomiorun.com\/fr\/produit\/no-show-socks-3-0-femme\/#breadcrumb"},"inLanguage":"fr-FR","potentialAction":[{"@type":"ReadAction","target":["https:\/\/www.miomiorun.com\/fr\/produit\/no-show-socks-3-0-femme\/"]}]},{"@type":"ImageObject","inLanguage":"fr-FR","@id":"https:\/\/www.miomiorun.com\/fr\/produit\/no-show-socks-3-0-femme\/#primaryimage","url":"https:\/\/www.miomiorun.com\/app\/uploads\/2020\/10\/cep-No-Show-Compression-Socks-3.0-WP46FX.jpg","contentUrl":"https:\/\/www.miomiorun.com\/app\/uploads\/2020\/10\/cep-No-Show-Compression-Socks-3.0-WP46FX.jpg","width":600,"height":600,"caption":"cep no show compression socks"},{"@type":"BreadcrumbList","@id":"https:\/\/www.miomiorun.com\/fr\/produit\/no-show-socks-3-0-femme\/#breadcrumb","itemListElement":[{"@type":"ListItem","position":1,"name":"Home","item":"https:\/\/www.miomiorun.com\/fr\/home-page\/"},{"@type":"ListItem","position":2,"name":"Shop","item":"https:\/\/www.miomiorun.com\/shop\/"},{"@type":"ListItem","position":3,"name":"No Show Socks 3.0 femme"}]},{"@type":"WebSite","@id":"https:\/\/www.miomiorun.com\/fr\/#website","url":"https:\/\/www.miomiorun.com\/fr\/","name":"MioMioRun","description":"Boutique 100% running et trail","publisher":{"@id":"https:\/\/www.miomiorun.com\/fr\/#organization"},"potentialAction":[{"@type":"SearchAction","target":{"@type":"EntryPoint","urlTemplate":"https:\/\/www.miomiorun.com\/fr\/?s={search_term_string}"},"query-input":{"@type":"PropertyValueSpecification","valueRequired":true,"valueName":"search_term_string"}}],"inLanguage":"fr-FR"},{"@type":"Organization","@id":"https:\/\/www.miomiorun.com\/fr\/#organization","name":"MioMio Run","url":"https:\/\/www.miomiorun.com\/fr\/","logo":{"@type":"ImageObject","inLanguage":"fr-FR","@id":"https:\/\/www.miomiorun.com\/fr\/#\/schema\/logo\/image\/","url":"https:\/\/www.miomiorun.com\/app\/uploads\/2019\/12\/logomio.png","contentUrl":"https:\/\/www.miomiorun.com\/app\/uploads\/2019\/12\/logomio.png","width":115,"height":82,"caption":"MioMio Run"},"image":{"@id":"https:\/\/www.miomiorun.com\/fr\/#\/schema\/logo\/image\/"},"sameAs":["https:\/\/www.facebook.com\/miomiorun\/","https:\/\/www.instagram.com\/miomiorun\/"]}]}},"_links":{"self":[{"href":"https:\/\/www.miomiorun.com\/fr\/wp-json\/wp\/v2\/product\/297503","targetHints":{"allow":["GET"]}}],"collection":[{"href":"https:\/\/www.miomiorun.com\/fr\/wp-json\/wp\/v2\/product"}],"about":[{"href":"https:\/\/www.miomiorun.com\/fr\/wp-json\/wp\/v2\/types\/product"}],"wp:featuredmedia":[{"embeddable":true,"href":"https:\/\/www.miomiorun.com\/fr\/wp-json\/wp\/v2\/media\/230895"}],"wp:attachment":[{"href":"https:\/\/www.miomiorun.com\/fr\/wp-json\/wp\/v2\/media?parent=297503"}],"wp:term":[{"taxonomy":"product_brand","embeddable":true,"href":"https:\/\/www.miomiorun.com\/fr\/wp-json\/wp\/v2\/product_brand?post=297503"},{"taxonomy":"product_cat","embeddable":true,"href":"https:\/\/www.miomiorun.com\/fr\/wp-json\/wp\/v2\/product_cat?post=297503"},{"taxonomy":"product_tag","embeddable":true,"href":"https:\/\/www.miomiorun.com\/fr\/wp-json\/wp\/v2\/product_tag?post=297503"}],"curies":[{"name":"wp","href":"https:\/\/api.w.org\/{rel}","templated":true}]}}