{"id":297400,"date":"2024-12-13T18:42:36","date_gmt":"2024-12-13T17:42:36","guid":{"rendered":"https:\/\/miomiorun.com\/prodotto\/light-run-alto\/"},"modified":"2025-05-15T10:49:53","modified_gmt":"2025-05-15T08:49:53","slug":"light-run-haut","status":"publish","type":"product","link":"https:\/\/www.miomiorun.com\/fr\/produit\/light-run-haut\/","title":{"rendered":"Light run haut"},"content":{"rendered":"<p><div class=\"vc-row container\"><div class=\"vc-column\"><div class=\"vc-column-text\">Les chaussettes de course Light Run, fabriqu\u00e9es en France, sont con\u00e7ues pour offrir aux coureurs une exp\u00e9rience exceptionnelle sur toutes les distances. Pesant seulement 18 grammes, ces chaussettes ultra-l\u00e9g\u00e8res offrent une sensation de l\u00e9g\u00e8ret\u00e9 absolue, permettant des mouvements naturels et sans restriction pendant la course.<\/p>\n<p>La structure en tricot a\u00e9r\u00e9 facilite l&#8217;\u00e9vaporation de la sueur, gardant les pieds au frais et au sec tout au long de l&#8217;activit\u00e9. La semelle anatomique 3D \u00e0 l&#8217;avant du pied am\u00e9liore le confort et la proprioception, en apportant un soutien cibl\u00e9 l\u00e0 o\u00f9 il est le plus n\u00e9cessaire.<\/p>\n<p>De plus, le syst\u00e8me de stabilisation et de soutien du pied et de la cheville \u00e0 360\u00b0 assure un soutien optimal, stabilisant le pied dans la chaussure et r\u00e9duisant le risque de blessure. Fabriqu\u00e9es en microfibre \u00e9cologique SENSIL ECOCARE, les chaussettes Light Run allient douceur et l\u00e9g\u00e8ret\u00e9, offrant une exp\u00e9rience de course in\u00e9gal\u00e9e.<\/div><\/div><\/div><div class=\"vc-row container\"><div class=\"vc-column\"><div class=\"vc-column-text\"><a href=\"https:\/\/miomiorun.com\/wp-content\/uploads\/2024\/12\/bv-sport-Light-run-haute.webp\"><img loading=\"lazy\" decoding=\"async\" class=\"alignnone wp-image-219157 size-full\" src=\"https:\/\/miomiorun.com\/wp-content\/uploads\/2024\/12\/bv-sport-Light-run-haute.webp\" alt=\"\" width=\"600\" height=\"600\" srcset=\"https:\/\/www.miomiorun.com\/app\/uploads\/2024\/12\/bv-sport-Light-run-haute.webp 600w, https:\/\/www.miomiorun.com\/app\/uploads\/2024\/12\/bv-sport-Light-run-haute-300x300.webp 300w, https:\/\/www.miomiorun.com\/app\/uploads\/2024\/12\/bv-sport-Light-run-haute-100x100.webp 100w, https:\/\/www.miomiorun.com\/app\/uploads\/2024\/12\/bv-sport-Light-run-haute-150x150.webp 150w, https:\/\/www.miomiorun.com\/app\/uploads\/2024\/12\/bv-sport-Light-run-haute-400x400.webp 400w, https:\/\/www.miomiorun.com\/app\/uploads\/2024\/12\/bv-sport-Light-run-haute-85x85.webp 85w, https:\/\/www.miomiorun.com\/app\/uploads\/2024\/12\/bv-sport-Light-run-haute-50x50.webp 50w, https:\/\/www.miomiorun.com\/app\/uploads\/2024\/12\/bv-sport-Light-run-haute-32x32.webp 32w, https:\/\/www.miomiorun.com\/app\/uploads\/2024\/12\/bv-sport-Light-run-haute-480x480.webp 480w\" sizes=\"auto, (max-width: 600px) 100vw, 600px\" \/><\/a><\/div><\/div><div class=\"vc-column\"><div class=\"vc-column-text\"><\/p>\n<h3>Technologies :<\/h3>\n<div class=\"col-sm-5 col-12\">\n<p>1) Semelle anatomique 3D<\/p>\n<p>Technique : Maillage 3D \u00e0 l&#8217;avant du pied<\/p>\n<p>Action : Activation des r\u00e9cepteurs sensoriels plantaires dans le respect de l&#8217;anatomie.<\/p>\n<p>B\u00e9n\u00e9fices : Am\u00e9liore le confort et la propioctivit\u00e9.<\/p>\n<p>2) Soutien et stabilisation \u00e0 360\u00b0 du pied et de la cheville<\/p>\n<p>Technique : Tricot c\u00f4tel\u00e9 positionn\u00e9 au niveau de l&#8217;articulation de la cheville.<\/p>\n<p>Action : soutient et stabilise la cheville sans compression.<\/p>\n<p>Avantages : Soutien optimal de la cheville pendant la course<\/p>\n<p class=\"title\">3) Maille respirante<\/p>\n<p>Technique : Tricotage l\u00e9ger en nid d&#8217;abeille sur le dessus du pied.<\/p>\n<p>Action : Acc\u00e9l\u00e8re la r\u00e9gulation thermique. Ventilation optimale.<\/p>\n<p>Avantages : Evacue efficacement la transpiration.<\/p>\n<p class=\"title\">4) SENSIL ECOCARE<\/p>\n<p>Technique : Fibre \u00e9cologique fabriqu\u00e9e \u00e0 partir de d\u00e9chets de pr\u00e9consommation.<\/p>\n<p>Action : le processus de production minimise les d\u00e9chets, r\u00e9duit la consommation d&#8217;\u00e9nergie et pr\u00e9serve les ressources naturelles.<\/p>\n<p>Avantages : R\u00e9duit l&#8217;impact sur l&#8217;environnement.<\/p>\n<p class=\"title\">5) Bord c\u00f4te large<\/p>\n<p>Technique : Bande renforc\u00e9e sur le bord sup\u00e9rieur de la chaussette.<\/p>\n<p>Action : Maintient efficacement la chaussette sans la serrer.<\/p>\n<p>B\u00e9n\u00e9fices : Am\u00e9liore le maintien de la chaussette.<\/p>\n<\/div>\n<p><\/div><\/div><\/div><\/p>\n","protected":false},"excerpt":{"rendered":"<ul>\n<li>Ultral\u00e9gers : pesant seulement 12 grammes, ils offrent une sensation seconde peau.<\/li>\n<li>Respirabilit\u00e9 sup\u00e9rieure : la construction en maille ventil\u00e9e garde les pieds au frais et au sec.<\/li>\n<li>Soutien anatomique : la semelle int\u00e9rieure 3D et la stabilisation \u00e0 360\u00b0 assurent confort et pr\u00e9vention des blessures.<\/li>\n<\/ul>\n","protected":false},"featured_media":250484,"template":"","meta":{"_acf_changed":false,"inline_featured_image":false},"product_brand":[],"product_cat":[22597,24256,22596,24482],"product_tag":[23562,24174,24175],"class_list":{"0":"post-297400","1":"product","2":"type-product","3":"status-publish","4":"has-post-thumbnail","6":"product_cat-chaussettes","7":"product_cat-chaussettes-fr","8":"product_cat-vetements-pour-femmes","9":"product_cat-vetements-pour-hommes-fr","10":"product_tag-bv-sport-fr","11":"product_tag-bv-sport-femme","12":"product_tag-bv-sport-homme","13":"pa_attivita-marcher","14":"pa_attivita-running-fr","15":"pa_colore-light-run-haute-ibiza-bleu-rouge-fr","16":"pa_colore-light-run-haute-ibiza-jaune-bleu-fr","17":"pa_colore-light-run-haute-ibiza-rose-beige-fr","18":"pa_colore-light-run-haute-ibiza-turquoise-orange-fr","19":"pa_colore-light-run-haute-rio-jaune-rose-fr","20":"pa_colore-light-run-haute-rio-jaune-violet-fr","21":"pa_colore-light-run-haute-rio-vert-bleu-fr","22":"pa_marca-bv-sport-fr","23":"pa_sesso-femme","24":"pa_sesso-homme","25":"pa_size-36-38-fr","26":"pa_size-39-41-fr","27":"pa_size-42-44-fr","28":"pa_size-45-47-fr","30":"first","31":"instock","32":"sale","33":"taxable","34":"shipping-taxable","35":"purchasable","36":"product-type-variable","37":"wvs-archive-product-wrapper"},"acf":[],"yoast_head":"<!-- This site is optimized with the Yoast SEO plugin v26.8 - https:\/\/yoast.com\/product\/yoast-seo-wordpress\/ -->\n<title>Bv Sport Light run haut - Chaussettes de course - MioMioRun.com<\/title>\n<meta name=\"description\" content=\"D\u00e9couvrez les chaussettes de course ultra-l\u00e9g\u00e8res Light Run, fabriqu\u00e9es \u00e0 partir de mat\u00e9riaux respectueux de l&#039;environnement. Elles offrent une respirabilit\u00e9, un confort et un soutien optimaux pour vos courses.\" \/>\n<meta name=\"robots\" content=\"index, follow, max-snippet:-1, max-image-preview:large, max-video-preview:-1\" \/>\n<link rel=\"canonical\" href=\"https:\/\/www.miomiorun.com\/fr\/produit\/light-run-haut\/\" \/>\n<meta property=\"og:locale\" content=\"fr_FR\" \/>\n<meta property=\"og:type\" content=\"article\" \/>\n<meta property=\"og:title\" content=\"Bv Sport Light run haut - Chaussettes de course - MioMioRun.com\" \/>\n<meta property=\"og:description\" content=\"D\u00e9couvrez les chaussettes de course ultra-l\u00e9g\u00e8res Light Run, fabriqu\u00e9es \u00e0 partir de mat\u00e9riaux respectueux de l&#039;environnement. Elles offrent une respirabilit\u00e9, un confort et un soutien optimaux pour vos courses.\" \/>\n<meta property=\"og:url\" content=\"https:\/\/www.miomiorun.com\/fr\/produit\/light-run-haut\/\" \/>\n<meta property=\"og:site_name\" content=\"MioMioRun\" \/>\n<meta property=\"article:publisher\" content=\"https:\/\/www.facebook.com\/miomiorun\/\" \/>\n<meta property=\"article:modified_time\" content=\"2025-05-15T08:49:53+00:00\" \/>\n<meta property=\"og:image\" content=\"https:\/\/www.miomiorun.com\/app\/uploads\/2024\/12\/bv-sport-Light-run-haute-ibiza-turquoise-orange-305-006.webp\" \/>\n\t<meta property=\"og:image:width\" content=\"600\" \/>\n\t<meta property=\"og:image:height\" content=\"600\" \/>\n\t<meta property=\"og:image:type\" content=\"image\/webp\" \/>\n<meta name=\"twitter:card\" content=\"summary_large_image\" \/>\n<meta name=\"twitter:label1\" content=\"Est. reading time\" \/>\n\t<meta name=\"twitter:data1\" content=\"2 minutes\" \/>\n<script type=\"application\/ld+json\" class=\"yoast-schema-graph\">{\"@context\":\"https:\/\/schema.org\",\"@graph\":[{\"@type\":\"WebPage\",\"@id\":\"https:\/\/www.miomiorun.com\/fr\/produit\/light-run-haut\/\",\"url\":\"https:\/\/www.miomiorun.com\/fr\/produit\/light-run-haut\/\",\"name\":\"Bv Sport Light run haut - Chaussettes de course - MioMioRun.com\",\"isPartOf\":{\"@id\":\"https:\/\/www.miomiorun.com\/fr\/#website\"},\"primaryImageOfPage\":{\"@id\":\"https:\/\/www.miomiorun.com\/fr\/produit\/light-run-haut\/#primaryimage\"},\"image\":{\"@id\":\"https:\/\/www.miomiorun.com\/fr\/produit\/light-run-haut\/#primaryimage\"},\"thumbnailUrl\":\"https:\/\/www.miomiorun.com\/app\/uploads\/2024\/12\/bv-sport-Light-run-haute-ibiza-turquoise-orange-305-006.webp\",\"datePublished\":\"2024-12-13T17:42:36+00:00\",\"dateModified\":\"2025-05-15T08:49:53+00:00\",\"description\":\"D\u00e9couvrez les chaussettes de course ultra-l\u00e9g\u00e8res Light Run, fabriqu\u00e9es \u00e0 partir de mat\u00e9riaux respectueux de l'environnement. Elles offrent une respirabilit\u00e9, un confort et un soutien optimaux pour vos courses.\",\"breadcrumb\":{\"@id\":\"https:\/\/www.miomiorun.com\/fr\/produit\/light-run-haut\/#breadcrumb\"},\"inLanguage\":\"fr-FR\",\"potentialAction\":[{\"@type\":\"ReadAction\",\"target\":[\"https:\/\/www.miomiorun.com\/fr\/produit\/light-run-haut\/\"]}]},{\"@type\":\"ImageObject\",\"inLanguage\":\"fr-FR\",\"@id\":\"https:\/\/www.miomiorun.com\/fr\/produit\/light-run-haut\/#primaryimage\",\"url\":\"https:\/\/www.miomiorun.com\/app\/uploads\/2024\/12\/bv-sport-Light-run-haute-ibiza-turquoise-orange-305-006.webp\",\"contentUrl\":\"https:\/\/www.miomiorun.com\/app\/uploads\/2024\/12\/bv-sport-Light-run-haute-ibiza-turquoise-orange-305-006.webp\",\"width\":600,\"height\":600,\"caption\":\"bv sport Light run haute ibiza turquoise orange 305 006\"},{\"@type\":\"BreadcrumbList\",\"@id\":\"https:\/\/www.miomiorun.com\/fr\/produit\/light-run-haut\/#breadcrumb\",\"itemListElement\":[{\"@type\":\"ListItem\",\"position\":1,\"name\":\"Home\",\"item\":\"https:\/\/www.miomiorun.com\/fr\/home-page\/\"},{\"@type\":\"ListItem\",\"position\":2,\"name\":\"Shop\",\"item\":\"https:\/\/www.miomiorun.com\/shop\/\"},{\"@type\":\"ListItem\",\"position\":3,\"name\":\"Light run haut\"}]},{\"@type\":\"WebSite\",\"@id\":\"https:\/\/www.miomiorun.com\/fr\/#website\",\"url\":\"https:\/\/www.miomiorun.com\/fr\/\",\"name\":\"MioMioRun\",\"description\":\"Boutique 100% running et trail\",\"publisher\":{\"@id\":\"https:\/\/www.miomiorun.com\/fr\/#organization\"},\"potentialAction\":[{\"@type\":\"SearchAction\",\"target\":{\"@type\":\"EntryPoint\",\"urlTemplate\":\"https:\/\/www.miomiorun.com\/fr\/?s={search_term_string}\"},\"query-input\":{\"@type\":\"PropertyValueSpecification\",\"valueRequired\":true,\"valueName\":\"search_term_string\"}}],\"inLanguage\":\"fr-FR\"},{\"@type\":\"Organization\",\"@id\":\"https:\/\/www.miomiorun.com\/fr\/#organization\",\"name\":\"MioMio Run\",\"url\":\"https:\/\/www.miomiorun.com\/fr\/\",\"logo\":{\"@type\":\"ImageObject\",\"inLanguage\":\"fr-FR\",\"@id\":\"https:\/\/www.miomiorun.com\/fr\/#\/schema\/logo\/image\/\",\"url\":\"https:\/\/www.miomiorun.com\/app\/uploads\/2019\/12\/logomio.png\",\"contentUrl\":\"https:\/\/www.miomiorun.com\/app\/uploads\/2019\/12\/logomio.png\",\"width\":115,\"height\":82,\"caption\":\"MioMio Run\"},\"image\":{\"@id\":\"https:\/\/www.miomiorun.com\/fr\/#\/schema\/logo\/image\/\"},\"sameAs\":[\"https:\/\/www.facebook.com\/miomiorun\/\",\"https:\/\/www.instagram.com\/miomiorun\/\"]}]}<\/script>\n<!-- \/ Yoast SEO plugin. -->","yoast_head_json":{"title":"Bv Sport Light run haut - Chaussettes de course - MioMioRun.com","description":"D\u00e9couvrez les chaussettes de course ultra-l\u00e9g\u00e8res Light Run, fabriqu\u00e9es \u00e0 partir de mat\u00e9riaux respectueux de l'environnement. Elles offrent une respirabilit\u00e9, un confort et un soutien optimaux pour vos courses.","robots":{"index":"index","follow":"follow","max-snippet":"max-snippet:-1","max-image-preview":"max-image-preview:large","max-video-preview":"max-video-preview:-1"},"canonical":"https:\/\/www.miomiorun.com\/fr\/produit\/light-run-haut\/","og_locale":"fr_FR","og_type":"article","og_title":"Bv Sport Light run haut - Chaussettes de course - MioMioRun.com","og_description":"D\u00e9couvrez les chaussettes de course ultra-l\u00e9g\u00e8res Light Run, fabriqu\u00e9es \u00e0 partir de mat\u00e9riaux respectueux de l'environnement. Elles offrent une respirabilit\u00e9, un confort et un soutien optimaux pour vos courses.","og_url":"https:\/\/www.miomiorun.com\/fr\/produit\/light-run-haut\/","og_site_name":"MioMioRun","article_publisher":"https:\/\/www.facebook.com\/miomiorun\/","article_modified_time":"2025-05-15T08:49:53+00:00","og_image":[{"width":600,"height":600,"url":"https:\/\/www.miomiorun.com\/app\/uploads\/2024\/12\/bv-sport-Light-run-haute-ibiza-turquoise-orange-305-006.webp","type":"image\/webp"}],"twitter_card":"summary_large_image","twitter_misc":{"Est. reading time":"2 minutes"},"schema":{"@context":"https:\/\/schema.org","@graph":[{"@type":"WebPage","@id":"https:\/\/www.miomiorun.com\/fr\/produit\/light-run-haut\/","url":"https:\/\/www.miomiorun.com\/fr\/produit\/light-run-haut\/","name":"Bv Sport Light run haut - Chaussettes de course - MioMioRun.com","isPartOf":{"@id":"https:\/\/www.miomiorun.com\/fr\/#website"},"primaryImageOfPage":{"@id":"https:\/\/www.miomiorun.com\/fr\/produit\/light-run-haut\/#primaryimage"},"image":{"@id":"https:\/\/www.miomiorun.com\/fr\/produit\/light-run-haut\/#primaryimage"},"thumbnailUrl":"https:\/\/www.miomiorun.com\/app\/uploads\/2024\/12\/bv-sport-Light-run-haute-ibiza-turquoise-orange-305-006.webp","datePublished":"2024-12-13T17:42:36+00:00","dateModified":"2025-05-15T08:49:53+00:00","description":"D\u00e9couvrez les chaussettes de course ultra-l\u00e9g\u00e8res Light Run, fabriqu\u00e9es \u00e0 partir de mat\u00e9riaux respectueux de l'environnement. Elles offrent une respirabilit\u00e9, un confort et un soutien optimaux pour vos courses.","breadcrumb":{"@id":"https:\/\/www.miomiorun.com\/fr\/produit\/light-run-haut\/#breadcrumb"},"inLanguage":"fr-FR","potentialAction":[{"@type":"ReadAction","target":["https:\/\/www.miomiorun.com\/fr\/produit\/light-run-haut\/"]}]},{"@type":"ImageObject","inLanguage":"fr-FR","@id":"https:\/\/www.miomiorun.com\/fr\/produit\/light-run-haut\/#primaryimage","url":"https:\/\/www.miomiorun.com\/app\/uploads\/2024\/12\/bv-sport-Light-run-haute-ibiza-turquoise-orange-305-006.webp","contentUrl":"https:\/\/www.miomiorun.com\/app\/uploads\/2024\/12\/bv-sport-Light-run-haute-ibiza-turquoise-orange-305-006.webp","width":600,"height":600,"caption":"bv sport Light run haute ibiza turquoise orange 305 006"},{"@type":"BreadcrumbList","@id":"https:\/\/www.miomiorun.com\/fr\/produit\/light-run-haut\/#breadcrumb","itemListElement":[{"@type":"ListItem","position":1,"name":"Home","item":"https:\/\/www.miomiorun.com\/fr\/home-page\/"},{"@type":"ListItem","position":2,"name":"Shop","item":"https:\/\/www.miomiorun.com\/shop\/"},{"@type":"ListItem","position":3,"name":"Light run haut"}]},{"@type":"WebSite","@id":"https:\/\/www.miomiorun.com\/fr\/#website","url":"https:\/\/www.miomiorun.com\/fr\/","name":"MioMioRun","description":"Boutique 100% running et trail","publisher":{"@id":"https:\/\/www.miomiorun.com\/fr\/#organization"},"potentialAction":[{"@type":"SearchAction","target":{"@type":"EntryPoint","urlTemplate":"https:\/\/www.miomiorun.com\/fr\/?s={search_term_string}"},"query-input":{"@type":"PropertyValueSpecification","valueRequired":true,"valueName":"search_term_string"}}],"inLanguage":"fr-FR"},{"@type":"Organization","@id":"https:\/\/www.miomiorun.com\/fr\/#organization","name":"MioMio Run","url":"https:\/\/www.miomiorun.com\/fr\/","logo":{"@type":"ImageObject","inLanguage":"fr-FR","@id":"https:\/\/www.miomiorun.com\/fr\/#\/schema\/logo\/image\/","url":"https:\/\/www.miomiorun.com\/app\/uploads\/2019\/12\/logomio.png","contentUrl":"https:\/\/www.miomiorun.com\/app\/uploads\/2019\/12\/logomio.png","width":115,"height":82,"caption":"MioMio Run"},"image":{"@id":"https:\/\/www.miomiorun.com\/fr\/#\/schema\/logo\/image\/"},"sameAs":["https:\/\/www.facebook.com\/miomiorun\/","https:\/\/www.instagram.com\/miomiorun\/"]}]}},"_links":{"self":[{"href":"https:\/\/www.miomiorun.com\/fr\/wp-json\/wp\/v2\/product\/297400","targetHints":{"allow":["GET"]}}],"collection":[{"href":"https:\/\/www.miomiorun.com\/fr\/wp-json\/wp\/v2\/product"}],"about":[{"href":"https:\/\/www.miomiorun.com\/fr\/wp-json\/wp\/v2\/types\/product"}],"wp:featuredmedia":[{"embeddable":true,"href":"https:\/\/www.miomiorun.com\/fr\/wp-json\/wp\/v2\/media\/250484"}],"wp:attachment":[{"href":"https:\/\/www.miomiorun.com\/fr\/wp-json\/wp\/v2\/media?parent=297400"}],"wp:term":[{"taxonomy":"product_brand","embeddable":true,"href":"https:\/\/www.miomiorun.com\/fr\/wp-json\/wp\/v2\/product_brand?post=297400"},{"taxonomy":"product_cat","embeddable":true,"href":"https:\/\/www.miomiorun.com\/fr\/wp-json\/wp\/v2\/product_cat?post=297400"},{"taxonomy":"product_tag","embeddable":true,"href":"https:\/\/www.miomiorun.com\/fr\/wp-json\/wp\/v2\/product_tag?post=297400"}],"curies":[{"name":"wp","href":"https:\/\/api.w.org\/{rel}","templated":true}]}}