{"id":297348,"date":"2024-12-17T14:02:08","date_gmt":"2024-12-17T13:02:08","guid":{"rendered":"https:\/\/miomiorun.com\/prodotto\/x-ultra-360-gtx-uomo\/"},"modified":"2025-12-04T10:09:01","modified_gmt":"2025-12-04T09:09:01","slug":"x-ultra-360-gtx-homme","status":"publish","type":"product","link":"https:\/\/www.miomiorun.com\/fr\/produit\/x-ultra-360-gtx-homme\/","title":{"rendered":"X Ultra 360 GTX homme"},"content":{"rendered":"<p><div class=\"vc-row container\"><div class=\"vc-column\"><div class=\"vc-column-text\"><\/p>\n<p><strong>Caract\u00e9ristiques techniques<\/strong><\/p>\n<p>Cat\u00e9gorie : amorti optimal<br \/>\nPoids : 372 g<br \/>\nId\u00e9al pour : les amateurs de trekking et de longues randonn\u00e9es, \u00e0 la recherche d&#8217;un mod\u00e8le bien amorti et protecteur, \u00e9quip\u00e9 d&#8217;une membrane en Gore-tex pour garder les pieds au sec m\u00eame sous la pluie et capable d&#8217;offrir un confort maximal sur de tr\u00e8s longues distances.<br \/>\nPoids de l&#8217;athl\u00e8te : 60-80 kg<br \/>\nAllure de course : moyenne (6,00 min\/km)<br \/>\n<a href=\"https:\/\/miomiorun.com\/fr\/guide-des-specificites\/\">Guide des caract\u00e9ristiques techniques<\/a><\/p>\n<p><\/div><\/div><div class=\"vc-column\"><div class=\"vc-column-text\"><\/p>\n<h2>S&#8217;inspirant du meilleur d&#8217;une gamme ultra \u00e9prouv\u00e9e, la chaussure de randonn\u00e9e <strong>X Ultra 360 GORE-TEX<\/strong> pour homme est pr\u00eate \u00e0 affronter les longues distances.<br \/>\nS&#8217;inspirant de l&#8217;h\u00e9ritage des mod\u00e8les X Ultra embl\u00e9matiques, elle offre une adh\u00e9rence sur tous les terrains, une stabilit\u00e9 et une protection, o\u00f9 que votre soif d&#8217;aventure vous m\u00e8ne. Elle est dot\u00e9e d&#8217;une semelle interm\u00e9diaire amortissante pour un confort assur\u00e9 kilom\u00e8tre apr\u00e8s kilom\u00e8tre, d&#8217;une protection imperm\u00e9able en GORE-TEX et d&#8217;une tige robuste en tissu fabriqu\u00e9e \u00e0 partir de mat\u00e9riaux recycl\u00e9s.<\/p>\n<h2 class=\"best-for_title\">Parfaite pour :<\/h2>\n<ul>\n<li>Randonn\u00e9es d&#8217;une journ\u00e9e<\/li>\n<li>Randonn\u00e9e<\/li>\n<li>Sentiers faciles, terrains mixtes<\/li>\n<\/ul>\n<p><strong>Hauteur : <\/strong>Profil bas<\/p>\n<p><strong>Protection du pied :<\/strong> \u00c9lev\u00e9e<\/p>\n<p><strong>Maintien du pied :<\/strong> Stable<\/p>\n<p><strong>Terrain ext\u00e9rieur : <\/strong>Terrains mixtes, sentiers faciles<\/p>\n<p><strong>Imperm\u00e9abilit\u00e9 :<\/strong> GORE-TEX\u00ae<\/p>\n<h2>Caract\u00e9ristiques :<\/h2>\n<div class=\"pdp-gap-m\">\n<p class=\"pdp-sidebar-popin-details_subtitle\"><strong>SEMELLE<\/strong><\/p>\n<p><b>All Terrain Contagrip\u00ae<\/b> : la semelle All Terrain Contagrip\u00ae est adapt\u00e9e \u00e0 une grande vari\u00e9t\u00e9 de surfaces. Elle garantit r\u00e9sistance et s\u00e9curit\u00e9 sur les surfaces humides, s\u00e8ches, dures ou meubles.<\/p>\n<\/div>\n<div class=\"pdp-gap-m\">\n<p class=\"pdp-sidebar-popin-details_subtitle\"><strong>SEMELLE INTERM\u00c9DIAIRE<\/strong><\/p>\n<p><b>EnergyCell\u2122<\/b> : Mousse EVA haute performance pour un excellent amorti.<\/p>\n<\/div>\n<div class=\"pdp-gap-m\">\n<p class=\"pdp-sidebar-popin-details_subtitle\"><strong>CHASSIS\u2122<\/strong><\/p>\n<p><b>AdvancedCHASSIS\u2122<\/b> : l&#8217;Advanced Chassis\u2122 est un insert moul\u00e9 int\u00e9gr\u00e9 \u00e0 la semelle. En plus d&#8217;offrir un excellent soutien lat\u00e9ral et une protection rassurante, il garantit \u00e9galement une libert\u00e9 de mouvement et une flexibilit\u00e9 optimales.<\/p>\n<\/div>\n<div class=\"pdp-gap-m\">\n<p class=\"pdp-sidebar-popin-details_subtitle\"><strong>MAT\u00c9RIAU DE LA TIGE<\/strong><\/p>\n<p><b>Tige synth\u00e9tique<\/b> : mat\u00e9riau synth\u00e9tique pour une grande r\u00e9sistance et une protection optimale dans les sports de plein air.<\/p>\n<\/div>\n<div class=\"pdp-gap-m\">\n<p class=\"pdp-sidebar-popin-details_subtitle\"><strong>MAT\u00c9RIAU DE LA DOUBLURE<\/strong><\/p>\n<p><b>Doublure en tissu<\/b> : Doublure douce et respirante pour un confort extr\u00eame.<\/p>\n<\/div>\n<div class=\"pdp-gap-m\">\n<p class=\"pdp-sidebar-popin-details_subtitle\"><strong>CONSTRUCTION DE LA TIGE<\/strong><\/p>\n<ul>\n<li><b>Poche pour lacets<\/b> : pour ranger le syst\u00e8me de la\u00e7age Quicklace\u2122. <\/li>\n<li>Protection au niveau des orteils<\/li>\n<li><b>SensiFIT\u2122<\/b> : La structure SensiFit\u2122 enveloppe le pied de la semelle interm\u00e9diaire au syst\u00e8me de la\u00e7age, garantissant un ajustement pr\u00e9cis, s\u00fbr et pratiquement personnalis\u00e9.\n<li><b>Tige soud\u00e9e<\/b> : La construction sans coutures de la tige offre un ajustement et un toucher lisses, comme un gant.\n<li><b>Garde-boue protecteur<\/b> : une couche de cuir, de mati\u00e8re synth\u00e9tique ou de caoutchouc autour de la base du pied qui prot\u00e8ge les c\u00f4t\u00e9s m\u00e9dial et lat\u00e9ral.\n<\/li>\n<\/li>\n<\/li>\n<\/ul>\n<\/div>\n<div class=\"pdp-gap-m\">\n<p class=\"pdp-sidebar-popin-details_subtitle\"><strong>SEMELLE INT\u00c9RIEURE<\/strong><\/p>\n<p><b>Semelle int\u00e9rieure OrthoLite\u00ae moul\u00e9e<\/b> : Moul\u00e9e pour s&#8217;adapter \u00e0 la forme de votre pied, cette semelle OrthoLite\u00ae offre un niveau sup\u00e9rieur d&#8217;amorti, de respirabilit\u00e9 et de durabilit\u00e9, afin d&#8217;optimiser le confort et les performances de nos chaussures.<\/p>\n<\/div>\n<div class=\"pdp-gap-m\">\n<p class=\"pdp-sidebar-popin-details_subtitle\"><strong>SYST\u00c8ME DE LA\u00c7AGE<\/strong><\/p>\n<p><b>QuickLACE\u2122<\/b> : Lacet fin et robuste pour un la\u00e7age en un seul geste. Facilite l&#8217;enfilage et le retrait de la chaussure.<\/p>\n<\/div>\n<div class=\"pdp-gap-m\">\n<p class=\"pdp-sidebar-popin-details_subtitle\"><strong>MEMBRANE<\/strong><\/p>\n<p><b>GORE-TEX\u00ae<\/b> : le GORE-TEX\u00ae garde les pieds au sec, \u00e0 l&#8217;int\u00e9rieur comme \u00e0 l&#8217;ext\u00e9rieur.<\/p>\n<\/div>\n<div class=\"pdp-gap-m\">\n<p class=\"pdp-sidebar-popin-details_subtitle\"><strong>DURABILIT\u00c9<\/strong><\/p>\n<ul>\n<li><b>Mat\u00e9riau recycl\u00e9<\/b> : Mat\u00e9riaux obtenus \u00e0 partir de produits recycl\u00e9s tels que des bouteilles en PET ou des d\u00e9chets de mat\u00e9riaux<\/li>\n<li>Sans PFCec<\/li>\n<\/ul>\n<\/div>\n<p><\/div><\/div><\/div><\/h2>\n","protected":false},"excerpt":{"rendered":"<ul class=\"features-container\">\n<li class=\"feature-item\">Chaussure id\u00e9ale pour la randonn\u00e9e.<\/li>\n<li>Id\u00e9ale pour une utilisation dans toutes les conditions m\u00e9t\u00e9orologiques.<\/li>\n<li>Pour les longues distances.<\/li>\n<\/ul>\n","protected":false},"featured_media":250584,"template":"","meta":{"_acf_changed":false,"inline_featured_image":false},"product_brand":[],"product_cat":[24448,24445],"product_tag":[23581,23580],"class_list":{"0":"post-297348","1":"product","2":"type-product","3":"status-publish","4":"has-post-thumbnail","6":"product_cat-chaussures-pour-hommes-fr","7":"product_cat-trail-fr-3","8":"product_tag-salomon-fr","9":"product_tag-salomon-homme","10":"pa_attivita-outdoor-fr","11":"pa_colore-x-ultra-360-gtx-black-magnet-quiet-shade-fr","12":"pa_marca-salomon-fr","13":"pa_sesso-homme","14":"pa_size-47-fr","16":"first","17":"instock","18":"sale","19":"taxable","20":"shipping-taxable","21":"purchasable","22":"product-type-variable","23":"wvs-archive-product-wrapper"},"acf":[],"yoast_head":"<!-- This site is optimized with the Yoast SEO plugin v26.8 - https:\/\/yoast.com\/product\/yoast-seo-wordpress\/ -->\n<title>Salomon X Ultra 360 GTX homme - chaussures de randonn\u00e9e - MioMioRun<\/title>\n<meta name=\"description\" content=\"S&#039;inspirant du meilleur d&#039;une gamme \u00e9prouv\u00e9e, la chaussure de randonn\u00e9e X Ultra 360 GORE-TEX pour homme est pr\u00eate \u00e0 affronter les longues distances.\" \/>\n<meta name=\"robots\" content=\"index, follow, max-snippet:-1, max-image-preview:large, max-video-preview:-1\" \/>\n<link rel=\"canonical\" href=\"https:\/\/www.miomiorun.com\/fr\/produit\/x-ultra-360-gtx-homme\/\" \/>\n<meta property=\"og:locale\" content=\"fr_FR\" \/>\n<meta property=\"og:type\" content=\"article\" \/>\n<meta property=\"og:title\" content=\"Salomon X Ultra 360 GTX homme - chaussures de randonn\u00e9e - MioMioRun\" \/>\n<meta property=\"og:description\" content=\"S&#039;inspirant du meilleur d&#039;une gamme \u00e9prouv\u00e9e, la chaussure de randonn\u00e9e X Ultra 360 GORE-TEX pour homme est pr\u00eate \u00e0 affronter les longues distances.\" \/>\n<meta property=\"og:url\" content=\"https:\/\/www.miomiorun.com\/fr\/produit\/x-ultra-360-gtx-homme\/\" \/>\n<meta property=\"og:site_name\" content=\"MioMioRun\" \/>\n<meta property=\"article:publisher\" content=\"https:\/\/www.facebook.com\/miomiorun\/\" \/>\n<meta property=\"article:modified_time\" content=\"2025-12-04T09:09:01+00:00\" \/>\n<meta property=\"og:image\" content=\"https:\/\/www.miomiorun.com\/app\/uploads\/2024\/12\/salomon-X-ULTRA-360-GTX-quiet-shade-black-L47453500.webp\" \/>\n\t<meta property=\"og:image:width\" content=\"600\" \/>\n\t<meta property=\"og:image:height\" content=\"600\" \/>\n\t<meta property=\"og:image:type\" content=\"image\/webp\" \/>\n<meta name=\"twitter:card\" content=\"summary_large_image\" \/>\n<meta name=\"twitter:label1\" content=\"Est. reading time\" \/>\n\t<meta name=\"twitter:data1\" content=\"3 minutes\" \/>\n<script type=\"application\/ld+json\" class=\"yoast-schema-graph\">{\"@context\":\"https:\/\/schema.org\",\"@graph\":[{\"@type\":\"WebPage\",\"@id\":\"https:\/\/www.miomiorun.com\/fr\/produit\/x-ultra-360-gtx-homme\/\",\"url\":\"https:\/\/www.miomiorun.com\/fr\/produit\/x-ultra-360-gtx-homme\/\",\"name\":\"Salomon X Ultra 360 GTX homme - chaussures de randonn\u00e9e - MioMioRun\",\"isPartOf\":{\"@id\":\"https:\/\/www.miomiorun.com\/fr\/#website\"},\"primaryImageOfPage\":{\"@id\":\"https:\/\/www.miomiorun.com\/fr\/produit\/x-ultra-360-gtx-homme\/#primaryimage\"},\"image\":{\"@id\":\"https:\/\/www.miomiorun.com\/fr\/produit\/x-ultra-360-gtx-homme\/#primaryimage\"},\"thumbnailUrl\":\"https:\/\/www.miomiorun.com\/app\/uploads\/2024\/12\/salomon-X-ULTRA-360-GTX-quiet-shade-black-L47453500.webp\",\"datePublished\":\"2024-12-17T13:02:08+00:00\",\"dateModified\":\"2025-12-04T09:09:01+00:00\",\"description\":\"S'inspirant du meilleur d'une gamme \u00e9prouv\u00e9e, la chaussure de randonn\u00e9e X Ultra 360 GORE-TEX pour homme est pr\u00eate \u00e0 affronter les longues distances.\",\"breadcrumb\":{\"@id\":\"https:\/\/www.miomiorun.com\/fr\/produit\/x-ultra-360-gtx-homme\/#breadcrumb\"},\"inLanguage\":\"fr-FR\",\"potentialAction\":[{\"@type\":\"ReadAction\",\"target\":[\"https:\/\/www.miomiorun.com\/fr\/produit\/x-ultra-360-gtx-homme\/\"]}]},{\"@type\":\"ImageObject\",\"inLanguage\":\"fr-FR\",\"@id\":\"https:\/\/www.miomiorun.com\/fr\/produit\/x-ultra-360-gtx-homme\/#primaryimage\",\"url\":\"https:\/\/www.miomiorun.com\/app\/uploads\/2024\/12\/salomon-X-ULTRA-360-GTX-quiet-shade-black-L47453500.webp\",\"contentUrl\":\"https:\/\/www.miomiorun.com\/app\/uploads\/2024\/12\/salomon-X-ULTRA-360-GTX-quiet-shade-black-L47453500.webp\",\"width\":600,\"height\":600,\"caption\":\"salomon X ULTRA 360 GTX quiet shade black L47453500\"},{\"@type\":\"BreadcrumbList\",\"@id\":\"https:\/\/www.miomiorun.com\/fr\/produit\/x-ultra-360-gtx-homme\/#breadcrumb\",\"itemListElement\":[{\"@type\":\"ListItem\",\"position\":1,\"name\":\"Home\",\"item\":\"https:\/\/www.miomiorun.com\/fr\/home-page\/\"},{\"@type\":\"ListItem\",\"position\":2,\"name\":\"Shop\",\"item\":\"https:\/\/www.miomiorun.com\/shop\/\"},{\"@type\":\"ListItem\",\"position\":3,\"name\":\"X Ultra 360 GTX homme\"}]},{\"@type\":\"WebSite\",\"@id\":\"https:\/\/www.miomiorun.com\/fr\/#website\",\"url\":\"https:\/\/www.miomiorun.com\/fr\/\",\"name\":\"MioMioRun\",\"description\":\"Boutique 100% running et trail\",\"publisher\":{\"@id\":\"https:\/\/www.miomiorun.com\/fr\/#organization\"},\"potentialAction\":[{\"@type\":\"SearchAction\",\"target\":{\"@type\":\"EntryPoint\",\"urlTemplate\":\"https:\/\/www.miomiorun.com\/fr\/?s={search_term_string}\"},\"query-input\":{\"@type\":\"PropertyValueSpecification\",\"valueRequired\":true,\"valueName\":\"search_term_string\"}}],\"inLanguage\":\"fr-FR\"},{\"@type\":\"Organization\",\"@id\":\"https:\/\/www.miomiorun.com\/fr\/#organization\",\"name\":\"MioMio Run\",\"url\":\"https:\/\/www.miomiorun.com\/fr\/\",\"logo\":{\"@type\":\"ImageObject\",\"inLanguage\":\"fr-FR\",\"@id\":\"https:\/\/www.miomiorun.com\/fr\/#\/schema\/logo\/image\/\",\"url\":\"https:\/\/www.miomiorun.com\/app\/uploads\/2019\/12\/logomio.png\",\"contentUrl\":\"https:\/\/www.miomiorun.com\/app\/uploads\/2019\/12\/logomio.png\",\"width\":115,\"height\":82,\"caption\":\"MioMio Run\"},\"image\":{\"@id\":\"https:\/\/www.miomiorun.com\/fr\/#\/schema\/logo\/image\/\"},\"sameAs\":[\"https:\/\/www.facebook.com\/miomiorun\/\",\"https:\/\/www.instagram.com\/miomiorun\/\"]}]}<\/script>\n<!-- \/ Yoast SEO plugin. -->","yoast_head_json":{"title":"Salomon X Ultra 360 GTX homme - chaussures de randonn\u00e9e - MioMioRun","description":"S'inspirant du meilleur d'une gamme \u00e9prouv\u00e9e, la chaussure de randonn\u00e9e X Ultra 360 GORE-TEX pour homme est pr\u00eate \u00e0 affronter les longues distances.","robots":{"index":"index","follow":"follow","max-snippet":"max-snippet:-1","max-image-preview":"max-image-preview:large","max-video-preview":"max-video-preview:-1"},"canonical":"https:\/\/www.miomiorun.com\/fr\/produit\/x-ultra-360-gtx-homme\/","og_locale":"fr_FR","og_type":"article","og_title":"Salomon X Ultra 360 GTX homme - chaussures de randonn\u00e9e - MioMioRun","og_description":"S'inspirant du meilleur d'une gamme \u00e9prouv\u00e9e, la chaussure de randonn\u00e9e X Ultra 360 GORE-TEX pour homme est pr\u00eate \u00e0 affronter les longues distances.","og_url":"https:\/\/www.miomiorun.com\/fr\/produit\/x-ultra-360-gtx-homme\/","og_site_name":"MioMioRun","article_publisher":"https:\/\/www.facebook.com\/miomiorun\/","article_modified_time":"2025-12-04T09:09:01+00:00","og_image":[{"width":600,"height":600,"url":"https:\/\/www.miomiorun.com\/app\/uploads\/2024\/12\/salomon-X-ULTRA-360-GTX-quiet-shade-black-L47453500.webp","type":"image\/webp"}],"twitter_card":"summary_large_image","twitter_misc":{"Est. reading time":"3 minutes"},"schema":{"@context":"https:\/\/schema.org","@graph":[{"@type":"WebPage","@id":"https:\/\/www.miomiorun.com\/fr\/produit\/x-ultra-360-gtx-homme\/","url":"https:\/\/www.miomiorun.com\/fr\/produit\/x-ultra-360-gtx-homme\/","name":"Salomon X Ultra 360 GTX homme - chaussures de randonn\u00e9e - MioMioRun","isPartOf":{"@id":"https:\/\/www.miomiorun.com\/fr\/#website"},"primaryImageOfPage":{"@id":"https:\/\/www.miomiorun.com\/fr\/produit\/x-ultra-360-gtx-homme\/#primaryimage"},"image":{"@id":"https:\/\/www.miomiorun.com\/fr\/produit\/x-ultra-360-gtx-homme\/#primaryimage"},"thumbnailUrl":"https:\/\/www.miomiorun.com\/app\/uploads\/2024\/12\/salomon-X-ULTRA-360-GTX-quiet-shade-black-L47453500.webp","datePublished":"2024-12-17T13:02:08+00:00","dateModified":"2025-12-04T09:09:01+00:00","description":"S'inspirant du meilleur d'une gamme \u00e9prouv\u00e9e, la chaussure de randonn\u00e9e X Ultra 360 GORE-TEX pour homme est pr\u00eate \u00e0 affronter les longues distances.","breadcrumb":{"@id":"https:\/\/www.miomiorun.com\/fr\/produit\/x-ultra-360-gtx-homme\/#breadcrumb"},"inLanguage":"fr-FR","potentialAction":[{"@type":"ReadAction","target":["https:\/\/www.miomiorun.com\/fr\/produit\/x-ultra-360-gtx-homme\/"]}]},{"@type":"ImageObject","inLanguage":"fr-FR","@id":"https:\/\/www.miomiorun.com\/fr\/produit\/x-ultra-360-gtx-homme\/#primaryimage","url":"https:\/\/www.miomiorun.com\/app\/uploads\/2024\/12\/salomon-X-ULTRA-360-GTX-quiet-shade-black-L47453500.webp","contentUrl":"https:\/\/www.miomiorun.com\/app\/uploads\/2024\/12\/salomon-X-ULTRA-360-GTX-quiet-shade-black-L47453500.webp","width":600,"height":600,"caption":"salomon X ULTRA 360 GTX quiet shade black L47453500"},{"@type":"BreadcrumbList","@id":"https:\/\/www.miomiorun.com\/fr\/produit\/x-ultra-360-gtx-homme\/#breadcrumb","itemListElement":[{"@type":"ListItem","position":1,"name":"Home","item":"https:\/\/www.miomiorun.com\/fr\/home-page\/"},{"@type":"ListItem","position":2,"name":"Shop","item":"https:\/\/www.miomiorun.com\/shop\/"},{"@type":"ListItem","position":3,"name":"X Ultra 360 GTX homme"}]},{"@type":"WebSite","@id":"https:\/\/www.miomiorun.com\/fr\/#website","url":"https:\/\/www.miomiorun.com\/fr\/","name":"MioMioRun","description":"Boutique 100% running et trail","publisher":{"@id":"https:\/\/www.miomiorun.com\/fr\/#organization"},"potentialAction":[{"@type":"SearchAction","target":{"@type":"EntryPoint","urlTemplate":"https:\/\/www.miomiorun.com\/fr\/?s={search_term_string}"},"query-input":{"@type":"PropertyValueSpecification","valueRequired":true,"valueName":"search_term_string"}}],"inLanguage":"fr-FR"},{"@type":"Organization","@id":"https:\/\/www.miomiorun.com\/fr\/#organization","name":"MioMio Run","url":"https:\/\/www.miomiorun.com\/fr\/","logo":{"@type":"ImageObject","inLanguage":"fr-FR","@id":"https:\/\/www.miomiorun.com\/fr\/#\/schema\/logo\/image\/","url":"https:\/\/www.miomiorun.com\/app\/uploads\/2019\/12\/logomio.png","contentUrl":"https:\/\/www.miomiorun.com\/app\/uploads\/2019\/12\/logomio.png","width":115,"height":82,"caption":"MioMio Run"},"image":{"@id":"https:\/\/www.miomiorun.com\/fr\/#\/schema\/logo\/image\/"},"sameAs":["https:\/\/www.facebook.com\/miomiorun\/","https:\/\/www.instagram.com\/miomiorun\/"]}]}},"_links":{"self":[{"href":"https:\/\/www.miomiorun.com\/fr\/wp-json\/wp\/v2\/product\/297348","targetHints":{"allow":["GET"]}}],"collection":[{"href":"https:\/\/www.miomiorun.com\/fr\/wp-json\/wp\/v2\/product"}],"about":[{"href":"https:\/\/www.miomiorun.com\/fr\/wp-json\/wp\/v2\/types\/product"}],"wp:featuredmedia":[{"embeddable":true,"href":"https:\/\/www.miomiorun.com\/fr\/wp-json\/wp\/v2\/media\/250584"}],"wp:attachment":[{"href":"https:\/\/www.miomiorun.com\/fr\/wp-json\/wp\/v2\/media?parent=297348"}],"wp:term":[{"taxonomy":"product_brand","embeddable":true,"href":"https:\/\/www.miomiorun.com\/fr\/wp-json\/wp\/v2\/product_brand?post=297348"},{"taxonomy":"product_cat","embeddable":true,"href":"https:\/\/www.miomiorun.com\/fr\/wp-json\/wp\/v2\/product_cat?post=297348"},{"taxonomy":"product_tag","embeddable":true,"href":"https:\/\/www.miomiorun.com\/fr\/wp-json\/wp\/v2\/product_tag?post=297348"}],"curies":[{"name":"wp","href":"https:\/\/api.w.org\/{rel}","templated":true}]}}