{"id":297347,"date":"2024-12-18T12:06:17","date_gmt":"2024-12-18T11:06:17","guid":{"rendered":"https:\/\/miomiorun.com\/prodotto\/leggings-corti-own-the-run-donna\/"},"modified":"2025-12-04T10:07:35","modified_gmt":"2025-12-04T09:07:35","slug":"leggings-courts-own-the-run-femme","status":"publish","type":"product","link":"https:\/\/www.miomiorun.com\/fr\/produit\/leggings-courts-own-the-run-femme\/","title":{"rendered":"Leggings courts Own the Run femme"},"content":{"rendered":"<div class=\"text-content___13aRm\">\n<h3 class=\"subtitle___9ljbp\" style=\"text-align: center\">Leggings courts de course \u00e0 pied fabriqu\u00e9s en partie \u00e0 partir de mat\u00e9riaux recycl\u00e9s.<\/h3>\n<h2 class=\"gl-vspace\" style=\"text-align: center\">La d\u00e9termination est votre carburant.<\/h2>\n<p>Ces leggings courts de course \u00e0 pied adidas allient fonctionnalit\u00e9 et haute performance. Le tissu adiflex assure un ajustement parfait et une sensation de fra\u00eecheur, quel que soit votre rythme. La technologie AEROREADY \u00e9vacue l&#8217;humidit\u00e9 de la peau pour vous aider \u00e0 donner le meilleur de vous-m\u00eame, kilom\u00e8tre apr\u00e8s kilom\u00e8tre. Les poches lat\u00e9rales sont parfaites pour ranger vos objets importants pendant votre course.<\/p>\n<p>Ce produit contient au moins 70 % de mat\u00e9riaux recycl\u00e9s. La mise en \u0153uvre de la production \u00e0 partir de mat\u00e9riaux recycl\u00e9s permet de r\u00e9duire les d\u00e9chets, l&#8217;utilisation de ressources non renouvelables et l&#8217;impact environnemental des produits.<\/p>\n<h3><strong>Caract\u00e9ristiques :<\/strong><\/h3>\n<ul class=\"gl-list\">\n<li>Coupe ajust\u00e9e<\/li>\n<li>Taille \u00e9lastiqu\u00e9e avec cordon de serrage<\/li>\n<li>85 % polyester (recycl\u00e9) \/ 15 % \u00e9lasthanne<\/li>\n<li>Tissu Adiflex raffin\u00e9 avec LYCRA\u00ae ADAPTIV\u2122<\/li>\n<li>AEROREADY<\/li>\n<li>Taille haute<\/li>\n<li>Poches lat\u00e9rales<\/li>\n<li>D\u00e9tails r\u00e9fl\u00e9chissants<\/li>\n<\/ul>\n<h3>Instructions de lavage.<\/h3>\n<ul>\n<li class=\"gl-vspace-bpall-small\"><img loading=\"lazy\" decoding=\"async\" src=\"https:\/\/www.adidas.it\/glass\/react\/050cc48\/assets\/img\/washing-instructions\/B1.svg\" alt=\"\" width=\"24\" height=\"24\"> Ne pas blanchir<\/li>\n<li class=\"gl-vspace-bpall-small\"><img loading=\"lazy\" decoding=\"async\" src=\"https:\/\/www.adidas.it\/glass\/react\/050cc48\/assets\/img\/washing-instructions\/C2.svg\" alt=\"\" width=\"24\" height=\"24\"> Utiliser le s\u00e8che-linge \u00e0 basse temp\u00e9rature<\/li>\n<li class=\"gl-vspace-bpall-small\"><img loading=\"lazy\" decoding=\"async\" src=\"https:\/\/www.adidas.it\/glass\/react\/050cc48\/assets\/img\/washing-instructions\/E1.svg\" alt=\"\" width=\"24\" height=\"24\"> Ne pas nettoyer \u00e0 sec<\/li>\n<li class=\"gl-vspace-bpall-small\"><img loading=\"lazy\" decoding=\"async\" src=\"https:\/\/www.adidas.it\/glass\/react\/050cc48\/assets\/img\/washing-instructions\/D2.svg\" alt=\"\" width=\"24\" height=\"24\"> Repasser \u00e0 froid d\u00e9licatement<\/li>\n<li class=\"gl-vspace-bpall-small\"><img loading=\"lazy\" decoding=\"async\" src=\"https:\/\/www.adidas.it\/glass\/react\/050cc48\/assets\/img\/washing-instructions\/A5.svg\" alt=\"\" width=\"24\" height=\"24\"> Laver en machine \u00e0 l&#8217;eau ti\u00e8de<\/li>\n<\/ul>\n<h3>Informations d&#8217;entretien. <\/h3>\n<ul class=\"gl-list gl-vspace-bpall-small\">\n<li class=\"gl-vspace-bpall-small\">Ne pas utiliser d&#8217;adoucissant.<\/li>\n<li class=\"gl-vspace-bpall-small\">Utiliser uniquement des d\u00e9tergents doux.<\/li>\n<li class=\"gl-vspace-bpall-small\">Laver avec des couleurs similaires.<\/li>\n<\/ul>\n<p>&nbsp;<\/p>\n<\/div>\n<p>&nbsp;<\/p>\n<p>&nbsp;<\/p>\n","protected":false},"excerpt":{"rendered":"<ul>\n<li>Short id\u00e9al pour s&#8217;entra\u00eener en ext\u00e9rieur.<\/li>\n<li>Coupe ajust\u00e9e.<\/li>\n<\/ul>\n","protected":false},"featured_media":250626,"template":"","meta":{"_acf_changed":false,"inline_featured_image":false},"product_brand":[],"product_cat":[22602,22596],"product_tag":[23557,23563],"class_list":{"0":"post-297347","1":"product","2":"type-product","3":"status-publish","4":"has-post-thumbnail","6":"product_cat-pantalon-court","7":"product_cat-vetements-pour-femmes","8":"product_tag-adidas-fr","9":"product_tag-adidas-femme","10":"pa_attivita-fitness-fr","11":"pa_attivita-marcher","12":"pa_colore-otr-sho-l-black-fr","13":"pa_marca-adidas-fr","14":"pa_sesso-femme","15":"pa_size-extra-small-fr","17":"first","18":"instock","19":"sale","20":"taxable","21":"shipping-taxable","22":"purchasable","23":"product-type-variable","24":"wvs-archive-product-wrapper"},"acf":[],"yoast_head":"<!-- This site is optimized with the Yoast SEO plugin v26.8 - https:\/\/yoast.com\/product\/yoast-seo-wordpress\/ -->\n<title>Adidas Leggings courts Own the Run femme - Shorts femme- MioMioRun<\/title>\n<meta name=\"description\" content=\"Ces leggings courts de course adidas pour femme ont \u00e9t\u00e9 con\u00e7us pour suivre votre rythme. La technologie AEROREADY \u00e9vacue l&#039;humidit\u00e9 de la peau .\" \/>\n<meta name=\"robots\" content=\"index, follow, max-snippet:-1, max-image-preview:large, max-video-preview:-1\" \/>\n<link rel=\"canonical\" href=\"https:\/\/www.miomiorun.com\/fr\/produit\/leggings-courts-own-the-run-femme\/\" \/>\n<meta property=\"og:locale\" content=\"fr_FR\" \/>\n<meta property=\"og:type\" content=\"article\" \/>\n<meta property=\"og:title\" content=\"Adidas Leggings courts Own the Run femme - Shorts femme- MioMioRun\" \/>\n<meta property=\"og:description\" content=\"Ces leggings courts de course adidas pour femme ont \u00e9t\u00e9 con\u00e7us pour suivre votre rythme. La technologie AEROREADY \u00e9vacue l&#039;humidit\u00e9 de la peau .\" \/>\n<meta property=\"og:url\" content=\"https:\/\/www.miomiorun.com\/fr\/produit\/leggings-courts-own-the-run-femme\/\" \/>\n<meta property=\"og:site_name\" content=\"MioMioRun\" \/>\n<meta property=\"article:publisher\" content=\"https:\/\/www.facebook.com\/miomiorun\/\" \/>\n<meta property=\"article:modified_time\" content=\"2025-12-04T09:07:35+00:00\" \/>\n<meta property=\"og:image\" content=\"https:\/\/www.miomiorun.com\/app\/uploads\/2024\/12\/adidas-OTR-SHO-L-BLACK-IS9919.webp\" \/>\n\t<meta property=\"og:image:width\" content=\"600\" \/>\n\t<meta property=\"og:image:height\" content=\"600\" \/>\n\t<meta property=\"og:image:type\" content=\"image\/webp\" \/>\n<meta name=\"twitter:card\" content=\"summary_large_image\" \/>\n<meta name=\"twitter:label1\" content=\"Est. reading time\" \/>\n\t<meta name=\"twitter:data1\" content=\"1 minute\" \/>\n<script type=\"application\/ld+json\" class=\"yoast-schema-graph\">{\"@context\":\"https:\/\/schema.org\",\"@graph\":[{\"@type\":\"WebPage\",\"@id\":\"https:\/\/www.miomiorun.com\/fr\/produit\/leggings-courts-own-the-run-femme\/\",\"url\":\"https:\/\/www.miomiorun.com\/fr\/produit\/leggings-courts-own-the-run-femme\/\",\"name\":\"Adidas Leggings courts Own the Run femme - Shorts femme- MioMioRun\",\"isPartOf\":{\"@id\":\"https:\/\/www.miomiorun.com\/fr\/#website\"},\"primaryImageOfPage\":{\"@id\":\"https:\/\/www.miomiorun.com\/fr\/produit\/leggings-courts-own-the-run-femme\/#primaryimage\"},\"image\":{\"@id\":\"https:\/\/www.miomiorun.com\/fr\/produit\/leggings-courts-own-the-run-femme\/#primaryimage\"},\"thumbnailUrl\":\"https:\/\/www.miomiorun.com\/app\/uploads\/2024\/12\/adidas-OTR-SHO-L-BLACK-IS9919.webp\",\"datePublished\":\"2024-12-18T11:06:17+00:00\",\"dateModified\":\"2025-12-04T09:07:35+00:00\",\"description\":\"Ces leggings courts de course adidas pour femme ont \u00e9t\u00e9 con\u00e7us pour suivre votre rythme. La technologie AEROREADY \u00e9vacue l'humidit\u00e9 de la peau .\",\"breadcrumb\":{\"@id\":\"https:\/\/www.miomiorun.com\/fr\/produit\/leggings-courts-own-the-run-femme\/#breadcrumb\"},\"inLanguage\":\"fr-FR\",\"potentialAction\":[{\"@type\":\"ReadAction\",\"target\":[\"https:\/\/www.miomiorun.com\/fr\/produit\/leggings-courts-own-the-run-femme\/\"]}]},{\"@type\":\"ImageObject\",\"inLanguage\":\"fr-FR\",\"@id\":\"https:\/\/www.miomiorun.com\/fr\/produit\/leggings-courts-own-the-run-femme\/#primaryimage\",\"url\":\"https:\/\/www.miomiorun.com\/app\/uploads\/2024\/12\/adidas-OTR-SHO-L-BLACK-IS9919.webp\",\"contentUrl\":\"https:\/\/www.miomiorun.com\/app\/uploads\/2024\/12\/adidas-OTR-SHO-L-BLACK-IS9919.webp\",\"width\":600,\"height\":600,\"caption\":\"adidas OTR SHO L BLACK IS9919\"},{\"@type\":\"BreadcrumbList\",\"@id\":\"https:\/\/www.miomiorun.com\/fr\/produit\/leggings-courts-own-the-run-femme\/#breadcrumb\",\"itemListElement\":[{\"@type\":\"ListItem\",\"position\":1,\"name\":\"Home\",\"item\":\"https:\/\/www.miomiorun.com\/fr\/home-page\/\"},{\"@type\":\"ListItem\",\"position\":2,\"name\":\"Shop\",\"item\":\"https:\/\/www.miomiorun.com\/shop\/\"},{\"@type\":\"ListItem\",\"position\":3,\"name\":\"Leggings courts Own the Run femme\"}]},{\"@type\":\"WebSite\",\"@id\":\"https:\/\/www.miomiorun.com\/fr\/#website\",\"url\":\"https:\/\/www.miomiorun.com\/fr\/\",\"name\":\"MioMioRun\",\"description\":\"Boutique 100% running et trail\",\"publisher\":{\"@id\":\"https:\/\/www.miomiorun.com\/fr\/#organization\"},\"potentialAction\":[{\"@type\":\"SearchAction\",\"target\":{\"@type\":\"EntryPoint\",\"urlTemplate\":\"https:\/\/www.miomiorun.com\/fr\/?s={search_term_string}\"},\"query-input\":{\"@type\":\"PropertyValueSpecification\",\"valueRequired\":true,\"valueName\":\"search_term_string\"}}],\"inLanguage\":\"fr-FR\"},{\"@type\":\"Organization\",\"@id\":\"https:\/\/www.miomiorun.com\/fr\/#organization\",\"name\":\"MioMio Run\",\"url\":\"https:\/\/www.miomiorun.com\/fr\/\",\"logo\":{\"@type\":\"ImageObject\",\"inLanguage\":\"fr-FR\",\"@id\":\"https:\/\/www.miomiorun.com\/fr\/#\/schema\/logo\/image\/\",\"url\":\"https:\/\/www.miomiorun.com\/app\/uploads\/2019\/12\/logomio.png\",\"contentUrl\":\"https:\/\/www.miomiorun.com\/app\/uploads\/2019\/12\/logomio.png\",\"width\":115,\"height\":82,\"caption\":\"MioMio Run\"},\"image\":{\"@id\":\"https:\/\/www.miomiorun.com\/fr\/#\/schema\/logo\/image\/\"},\"sameAs\":[\"https:\/\/www.facebook.com\/miomiorun\/\",\"https:\/\/www.instagram.com\/miomiorun\/\"]}]}<\/script>\n<!-- \/ Yoast SEO plugin. -->","yoast_head_json":{"title":"Adidas Leggings courts Own the Run femme - Shorts femme- MioMioRun","description":"Ces leggings courts de course adidas pour femme ont \u00e9t\u00e9 con\u00e7us pour suivre votre rythme. La technologie AEROREADY \u00e9vacue l'humidit\u00e9 de la peau .","robots":{"index":"index","follow":"follow","max-snippet":"max-snippet:-1","max-image-preview":"max-image-preview:large","max-video-preview":"max-video-preview:-1"},"canonical":"https:\/\/www.miomiorun.com\/fr\/produit\/leggings-courts-own-the-run-femme\/","og_locale":"fr_FR","og_type":"article","og_title":"Adidas Leggings courts Own the Run femme - Shorts femme- MioMioRun","og_description":"Ces leggings courts de course adidas pour femme ont \u00e9t\u00e9 con\u00e7us pour suivre votre rythme. La technologie AEROREADY \u00e9vacue l'humidit\u00e9 de la peau .","og_url":"https:\/\/www.miomiorun.com\/fr\/produit\/leggings-courts-own-the-run-femme\/","og_site_name":"MioMioRun","article_publisher":"https:\/\/www.facebook.com\/miomiorun\/","article_modified_time":"2025-12-04T09:07:35+00:00","og_image":[{"width":600,"height":600,"url":"https:\/\/www.miomiorun.com\/app\/uploads\/2024\/12\/adidas-OTR-SHO-L-BLACK-IS9919.webp","type":"image\/webp"}],"twitter_card":"summary_large_image","twitter_misc":{"Est. reading time":"1 minute"},"schema":{"@context":"https:\/\/schema.org","@graph":[{"@type":"WebPage","@id":"https:\/\/www.miomiorun.com\/fr\/produit\/leggings-courts-own-the-run-femme\/","url":"https:\/\/www.miomiorun.com\/fr\/produit\/leggings-courts-own-the-run-femme\/","name":"Adidas Leggings courts Own the Run femme - Shorts femme- MioMioRun","isPartOf":{"@id":"https:\/\/www.miomiorun.com\/fr\/#website"},"primaryImageOfPage":{"@id":"https:\/\/www.miomiorun.com\/fr\/produit\/leggings-courts-own-the-run-femme\/#primaryimage"},"image":{"@id":"https:\/\/www.miomiorun.com\/fr\/produit\/leggings-courts-own-the-run-femme\/#primaryimage"},"thumbnailUrl":"https:\/\/www.miomiorun.com\/app\/uploads\/2024\/12\/adidas-OTR-SHO-L-BLACK-IS9919.webp","datePublished":"2024-12-18T11:06:17+00:00","dateModified":"2025-12-04T09:07:35+00:00","description":"Ces leggings courts de course adidas pour femme ont \u00e9t\u00e9 con\u00e7us pour suivre votre rythme. La technologie AEROREADY \u00e9vacue l'humidit\u00e9 de la peau .","breadcrumb":{"@id":"https:\/\/www.miomiorun.com\/fr\/produit\/leggings-courts-own-the-run-femme\/#breadcrumb"},"inLanguage":"fr-FR","potentialAction":[{"@type":"ReadAction","target":["https:\/\/www.miomiorun.com\/fr\/produit\/leggings-courts-own-the-run-femme\/"]}]},{"@type":"ImageObject","inLanguage":"fr-FR","@id":"https:\/\/www.miomiorun.com\/fr\/produit\/leggings-courts-own-the-run-femme\/#primaryimage","url":"https:\/\/www.miomiorun.com\/app\/uploads\/2024\/12\/adidas-OTR-SHO-L-BLACK-IS9919.webp","contentUrl":"https:\/\/www.miomiorun.com\/app\/uploads\/2024\/12\/adidas-OTR-SHO-L-BLACK-IS9919.webp","width":600,"height":600,"caption":"adidas OTR SHO L BLACK IS9919"},{"@type":"BreadcrumbList","@id":"https:\/\/www.miomiorun.com\/fr\/produit\/leggings-courts-own-the-run-femme\/#breadcrumb","itemListElement":[{"@type":"ListItem","position":1,"name":"Home","item":"https:\/\/www.miomiorun.com\/fr\/home-page\/"},{"@type":"ListItem","position":2,"name":"Shop","item":"https:\/\/www.miomiorun.com\/shop\/"},{"@type":"ListItem","position":3,"name":"Leggings courts Own the Run femme"}]},{"@type":"WebSite","@id":"https:\/\/www.miomiorun.com\/fr\/#website","url":"https:\/\/www.miomiorun.com\/fr\/","name":"MioMioRun","description":"Boutique 100% running et trail","publisher":{"@id":"https:\/\/www.miomiorun.com\/fr\/#organization"},"potentialAction":[{"@type":"SearchAction","target":{"@type":"EntryPoint","urlTemplate":"https:\/\/www.miomiorun.com\/fr\/?s={search_term_string}"},"query-input":{"@type":"PropertyValueSpecification","valueRequired":true,"valueName":"search_term_string"}}],"inLanguage":"fr-FR"},{"@type":"Organization","@id":"https:\/\/www.miomiorun.com\/fr\/#organization","name":"MioMio Run","url":"https:\/\/www.miomiorun.com\/fr\/","logo":{"@type":"ImageObject","inLanguage":"fr-FR","@id":"https:\/\/www.miomiorun.com\/fr\/#\/schema\/logo\/image\/","url":"https:\/\/www.miomiorun.com\/app\/uploads\/2019\/12\/logomio.png","contentUrl":"https:\/\/www.miomiorun.com\/app\/uploads\/2019\/12\/logomio.png","width":115,"height":82,"caption":"MioMio Run"},"image":{"@id":"https:\/\/www.miomiorun.com\/fr\/#\/schema\/logo\/image\/"},"sameAs":["https:\/\/www.facebook.com\/miomiorun\/","https:\/\/www.instagram.com\/miomiorun\/"]}]}},"_links":{"self":[{"href":"https:\/\/www.miomiorun.com\/fr\/wp-json\/wp\/v2\/product\/297347","targetHints":{"allow":["GET"]}}],"collection":[{"href":"https:\/\/www.miomiorun.com\/fr\/wp-json\/wp\/v2\/product"}],"about":[{"href":"https:\/\/www.miomiorun.com\/fr\/wp-json\/wp\/v2\/types\/product"}],"wp:featuredmedia":[{"embeddable":true,"href":"https:\/\/www.miomiorun.com\/fr\/wp-json\/wp\/v2\/media\/250626"}],"wp:attachment":[{"href":"https:\/\/www.miomiorun.com\/fr\/wp-json\/wp\/v2\/media?parent=297347"}],"wp:term":[{"taxonomy":"product_brand","embeddable":true,"href":"https:\/\/www.miomiorun.com\/fr\/wp-json\/wp\/v2\/product_brand?post=297347"},{"taxonomy":"product_cat","embeddable":true,"href":"https:\/\/www.miomiorun.com\/fr\/wp-json\/wp\/v2\/product_cat?post=297347"},{"taxonomy":"product_tag","embeddable":true,"href":"https:\/\/www.miomiorun.com\/fr\/wp-json\/wp\/v2\/product_tag?post=297347"}],"curies":[{"name":"wp","href":"https:\/\/api.w.org\/{rel}","templated":true}]}}