{"id":297129,"date":"2025-01-08T16:55:50","date_gmt":"2025-01-08T15:55:50","guid":{"rendered":"https:\/\/miomiorun.com\/prodotto\/bondi-9-donna\/"},"modified":"2026-05-08T22:24:35","modified_gmt":"2026-05-08T20:24:35","slug":"bondi-9-femme","status":"publish","type":"product","link":"https:\/\/www.miomiorun.com\/fr\/produit\/bondi-9-femme\/","title":{"rendered":"Bondi 9 femme"},"content":{"rendered":"<div class=\"vc-row container\"><div class=\"vc-column\"><div class=\"vc-column-text\"><\/p>\n<h4>Caract\u00e9ristiques techniques<\/h4>\n<p>Cat\u00e9gorie : Amortissement structur\u00e9<br \/>\nD\u00e9calage : 5 mm<br \/>\nPoids : 263 g<br \/>\nId\u00e9al pour : coureurs et marcheurs moyens \u00e0 lourds avec un pied neutre, recherchant un mod\u00e8le avec un maximum d&#8217;amorti et de structure, pour de longues distances \u00e0 parcourir en courant ou m\u00eame en marchant.<br \/>\nPoids de l&#8217;athl\u00e8te : &gt;70 kg<br \/>\nAllure de course : lente (&gt;6 min\/km)<br \/>\n<a href=\"https:\/\/miomiorun.com\/fr\/guide-des-specificites\/\">Guide de sp\u00e9cification<\/a><\/p>\n<p><\/div><\/div><div class=\"vc-column\"><div class=\"vc-column-text\"><\/p>\n<h3>L&#8217;une des chaussures les plus r\u00e9sistantes de la gamme HOKA, la Bondi 9 pour femmes offre la douceur ultime pour parcourir des kilom\u00e8tres tous les jours.<\/h3>\n<p>Enti\u00e8rement redessin\u00e9e, elle est dot\u00e9e d&#8217;un empilement plus haut et d&#8217;une nouvelle semelle interm\u00e9diaire en mousse de qualit\u00e9 sup\u00e9rieure, offrant une exp\u00e9rience de port souple et r\u00e9siliente qui est devenue synonyme de la Bondi. Dot\u00e9 d&#8217;un col profil\u00e9 en 3D et d&#8217;une tige textile structur\u00e9e \u00e0 respirabilit\u00e9 variable selon les zones, ce mod\u00e8le culte ultra amorti est compl\u00e9t\u00e9 par un caoutchouc Durabrasion dans les zones les plus expos\u00e9es \u00e0 l&#8217;usure.<\/p>\n<h3>Adapt\u00e9 \u00e0 :<\/h3>\n<ul>\n<li>Route<\/li>\n<li>Marche<\/li>\n<\/ul>\n<p><strong>CARACT\u00c9RISTIQUES :<\/strong><\/p>\n<ul class=\"features-container\">\n<li class=\"feature-item\">Col en 3D<\/li>\n<li class=\"feature-item\">EVA appliqu\u00e9 selon un proc\u00e9d\u00e9 innovant<\/li>\n<li class=\"feature-item\">Maille technique en polyester recycl\u00e9 (55%)<\/li>\n<li class=\"feature-item\">D\u00e9tails r\u00e9fl\u00e9chissants sur la tige<\/li>\n<li class=\"feature-item\">Tirette prolong\u00e9e au niveau du talon<\/li>\n<li class=\"feature-item\">MetaRocker\u2122 fluid<\/li>\n<li class=\"feature-item\">Active Foot Frame\u2122 concentr\u00e9 sur l&#8217;arri\u00e8re-pied<\/li>\n<li class=\"feature-item\">Semelle int\u00e9rieure moul\u00e9e en EVA<\/li>\n<li class=\"feature-item\">Semelle ext\u00e9rieure en caoutchouc durabrasion<\/li>\n<\/ul>\n<h3>Nouveau<\/h3>\n<p>L&#8217;amorti sous la semelle a \u00e9t\u00e9 am\u00e9lior\u00e9 gr\u00e2ce \u00e0 une mousse appliqu\u00e9e selon un proc\u00e9d\u00e9 innovant, la hauteur d&#8217;empilement a \u00e9t\u00e9 augment\u00e9e de 2 mm, le collier a \u00e9t\u00e9 modifi\u00e9 et une tige textile a \u00e9t\u00e9 adopt\u00e9e pour rendre l&#8217;ajustement plus confortable.<\/p>\n<h2>Stabilit\u00e9<\/h2>\n<p>Le Bondi 9 est dot\u00e9 d&#8217;un matelas sym\u00e9trique, sans technologie orthop\u00e9dique suppl\u00e9mentaire. Con\u00e7u pour vous apporter le soutien dont vous avez besoin, sans caract\u00e9ristiques superflues.<\/p>\n<h2>Amortissement<\/h2>\n<p>La Bondi 9 est dot\u00e9e d&#8217;un amorti plus haut, con\u00e7u pour un impact et une exp\u00e9rience d&#8217;utilisation plus doux.<\/div><\/div><\/div>\n","protected":false},"excerpt":{"rendered":"<ul>\n<li>Chaussure id\u00e9ale pour la marche.<\/li>\n<li>Une douceur maximale pour parcourir des kilom\u00e8tres chaque jour.<\/li>\n<\/ul>\n","protected":false},"featured_media":427784,"template":"","meta":{"_acf_changed":false,"inline_featured_image":false},"product_brand":[],"product_cat":[22605,22606],"product_tag":[23478,23494],"class_list":{"0":"post-297129","1":"product","2":"type-product","3":"status-publish","4":"has-post-thumbnail","6":"product_cat-chaussures-pour-femmes","7":"product_cat-neutre","8":"product_tag-hoka-one-one-fr","9":"product_tag-hoka-femme","10":"pa_attivita-marcher","11":"pa_attivita-running-fr","12":"pa_colore-bondi-9-w-berry-jam-berry-patch","13":"pa_colore-bondi-9-w-lilac-cream-tangerine-glow","14":"pa_colore-bondi-9-w-neon-yuzu-sunlight","15":"pa_marca-hoka-fr","16":"pa_sesso-femme","17":"pa_size-37-fr","18":"pa_size-38-fr","20":"pa_size-39-fr","21":"pa_size-40-fr","23":"pa_size-41-fr","25":"first","26":"instock","27":"sale","28":"taxable","29":"shipping-taxable","30":"purchasable","31":"product-type-variable","32":"wvs-archive-product-wrapper"},"acf":[],"yoast_head":"<!-- This site is optimized with the Yoast SEO plugin v26.8 - https:\/\/yoast.com\/product\/yoast-seo-wordpress\/ -->\n<title>Hoka Bondi 9 femme - chaussures de course - MioMioRun .com<\/title>\n<meta name=\"description\" content=\"Parmi les chaussures les plus r\u00e9sistantes de la gamme HOKA, la Bondi 9 offre un maximum de souplesse pour encha\u00eener les kilom\u00e8tres tous les jours. Enti\u00e8rement renouvel\u00e9e\" \/>\n<meta name=\"robots\" content=\"index, follow, max-snippet:-1, max-image-preview:large, max-video-preview:-1\" \/>\n<link rel=\"canonical\" href=\"https:\/\/www.miomiorun.com\/fr\/produit\/bondi-9-femme\/\" \/>\n<meta property=\"og:locale\" content=\"fr_FR\" \/>\n<meta property=\"og:type\" content=\"article\" \/>\n<meta property=\"og:title\" content=\"Hoka Bondi 9 femme - chaussures de course - MioMioRun .com\" \/>\n<meta property=\"og:description\" content=\"Parmi les chaussures les plus r\u00e9sistantes de la gamme HOKA, la Bondi 9 offre un maximum de souplesse pour encha\u00eener les kilom\u00e8tres tous les jours. Enti\u00e8rement renouvel\u00e9e\" \/>\n<meta property=\"og:url\" content=\"https:\/\/www.miomiorun.com\/fr\/produit\/bondi-9-femme\/\" \/>\n<meta property=\"og:site_name\" content=\"MioMioRun\" \/>\n<meta property=\"article:publisher\" content=\"https:\/\/www.facebook.com\/miomiorun\/\" \/>\n<meta property=\"article:modified_time\" content=\"2026-05-08T20:24:35+00:00\" \/>\n<meta property=\"og:image\" content=\"https:\/\/www.miomiorun.com\/app\/uploads\/2026\/04\/hoka-Bondi-9-W-berry-jam-berry-patch-1162012-BJM.webp\" \/>\n\t<meta property=\"og:image:width\" content=\"720\" \/>\n\t<meta property=\"og:image:height\" content=\"720\" \/>\n\t<meta property=\"og:image:type\" content=\"image\/webp\" \/>\n<meta name=\"twitter:card\" content=\"summary_large_image\" \/>\n<meta name=\"twitter:label1\" content=\"Est. reading time\" \/>\n\t<meta name=\"twitter:data1\" content=\"2 minutes\" \/>\n<script type=\"application\/ld+json\" class=\"yoast-schema-graph\">{\"@context\":\"https:\/\/schema.org\",\"@graph\":[{\"@type\":\"WebPage\",\"@id\":\"https:\/\/www.miomiorun.com\/fr\/produit\/bondi-9-femme\/\",\"url\":\"https:\/\/www.miomiorun.com\/fr\/produit\/bondi-9-femme\/\",\"name\":\"Hoka Bondi 9 femme - chaussures de course - MioMioRun .com\",\"isPartOf\":{\"@id\":\"https:\/\/www.miomiorun.com\/fr\/#website\"},\"primaryImageOfPage\":{\"@id\":\"https:\/\/www.miomiorun.com\/fr\/produit\/bondi-9-femme\/#primaryimage\"},\"image\":{\"@id\":\"https:\/\/www.miomiorun.com\/fr\/produit\/bondi-9-femme\/#primaryimage\"},\"thumbnailUrl\":\"https:\/\/www.miomiorun.com\/app\/uploads\/2026\/04\/hoka-Bondi-9-W-berry-jam-berry-patch-1162012-BJM.webp\",\"datePublished\":\"2025-01-08T15:55:50+00:00\",\"dateModified\":\"2026-05-08T20:24:35+00:00\",\"description\":\"Parmi les chaussures les plus r\u00e9sistantes de la gamme HOKA, la Bondi 9 offre un maximum de souplesse pour encha\u00eener les kilom\u00e8tres tous les jours. Enti\u00e8rement renouvel\u00e9e\",\"breadcrumb\":{\"@id\":\"https:\/\/www.miomiorun.com\/fr\/produit\/bondi-9-femme\/#breadcrumb\"},\"inLanguage\":\"fr-FR\",\"potentialAction\":[{\"@type\":\"ReadAction\",\"target\":[\"https:\/\/www.miomiorun.com\/fr\/produit\/bondi-9-femme\/\"]}]},{\"@type\":\"ImageObject\",\"inLanguage\":\"fr-FR\",\"@id\":\"https:\/\/www.miomiorun.com\/fr\/produit\/bondi-9-femme\/#primaryimage\",\"url\":\"https:\/\/www.miomiorun.com\/app\/uploads\/2026\/04\/hoka-Bondi-9-W-berry-jam-berry-patch-1162012-BJM.webp\",\"contentUrl\":\"https:\/\/www.miomiorun.com\/app\/uploads\/2026\/04\/hoka-Bondi-9-W-berry-jam-berry-patch-1162012-BJM.webp\",\"width\":720,\"height\":720,\"caption\":\"hoka Bondi 9 W berry jam berry patch 1162012 BJM\"},{\"@type\":\"BreadcrumbList\",\"@id\":\"https:\/\/www.miomiorun.com\/fr\/produit\/bondi-9-femme\/#breadcrumb\",\"itemListElement\":[{\"@type\":\"ListItem\",\"position\":1,\"name\":\"Home\",\"item\":\"https:\/\/www.miomiorun.com\/fr\/home-page\/\"},{\"@type\":\"ListItem\",\"position\":2,\"name\":\"Shop\",\"item\":\"https:\/\/www.miomiorun.com\/shop\/\"},{\"@type\":\"ListItem\",\"position\":3,\"name\":\"Bondi 9 femme\"}]},{\"@type\":\"WebSite\",\"@id\":\"https:\/\/www.miomiorun.com\/fr\/#website\",\"url\":\"https:\/\/www.miomiorun.com\/fr\/\",\"name\":\"MioMioRun\",\"description\":\"Boutique 100% running et trail\",\"publisher\":{\"@id\":\"https:\/\/www.miomiorun.com\/fr\/#organization\"},\"potentialAction\":[{\"@type\":\"SearchAction\",\"target\":{\"@type\":\"EntryPoint\",\"urlTemplate\":\"https:\/\/www.miomiorun.com\/fr\/?s={search_term_string}\"},\"query-input\":{\"@type\":\"PropertyValueSpecification\",\"valueRequired\":true,\"valueName\":\"search_term_string\"}}],\"inLanguage\":\"fr-FR\"},{\"@type\":\"Organization\",\"@id\":\"https:\/\/www.miomiorun.com\/fr\/#organization\",\"name\":\"MioMio Run\",\"url\":\"https:\/\/www.miomiorun.com\/fr\/\",\"logo\":{\"@type\":\"ImageObject\",\"inLanguage\":\"fr-FR\",\"@id\":\"https:\/\/www.miomiorun.com\/fr\/#\/schema\/logo\/image\/\",\"url\":\"https:\/\/www.miomiorun.com\/app\/uploads\/2019\/12\/logomio.png\",\"contentUrl\":\"https:\/\/www.miomiorun.com\/app\/uploads\/2019\/12\/logomio.png\",\"width\":115,\"height\":82,\"caption\":\"MioMio Run\"},\"image\":{\"@id\":\"https:\/\/www.miomiorun.com\/fr\/#\/schema\/logo\/image\/\"},\"sameAs\":[\"https:\/\/www.facebook.com\/miomiorun\/\",\"https:\/\/www.instagram.com\/miomiorun\/\"]}]}<\/script>\n<!-- \/ Yoast SEO plugin. -->","yoast_head_json":{"title":"Hoka Bondi 9 femme - chaussures de course - MioMioRun .com","description":"Parmi les chaussures les plus r\u00e9sistantes de la gamme HOKA, la Bondi 9 offre un maximum de souplesse pour encha\u00eener les kilom\u00e8tres tous les jours. Enti\u00e8rement renouvel\u00e9e","robots":{"index":"index","follow":"follow","max-snippet":"max-snippet:-1","max-image-preview":"max-image-preview:large","max-video-preview":"max-video-preview:-1"},"canonical":"https:\/\/www.miomiorun.com\/fr\/produit\/bondi-9-femme\/","og_locale":"fr_FR","og_type":"article","og_title":"Hoka Bondi 9 femme - chaussures de course - MioMioRun .com","og_description":"Parmi les chaussures les plus r\u00e9sistantes de la gamme HOKA, la Bondi 9 offre un maximum de souplesse pour encha\u00eener les kilom\u00e8tres tous les jours. Enti\u00e8rement renouvel\u00e9e","og_url":"https:\/\/www.miomiorun.com\/fr\/produit\/bondi-9-femme\/","og_site_name":"MioMioRun","article_publisher":"https:\/\/www.facebook.com\/miomiorun\/","article_modified_time":"2026-05-08T20:24:35+00:00","og_image":[{"width":720,"height":720,"url":"https:\/\/www.miomiorun.com\/app\/uploads\/2026\/04\/hoka-Bondi-9-W-berry-jam-berry-patch-1162012-BJM.webp","type":"image\/webp"}],"twitter_card":"summary_large_image","twitter_misc":{"Est. reading time":"2 minutes"},"schema":{"@context":"https:\/\/schema.org","@graph":[{"@type":"WebPage","@id":"https:\/\/www.miomiorun.com\/fr\/produit\/bondi-9-femme\/","url":"https:\/\/www.miomiorun.com\/fr\/produit\/bondi-9-femme\/","name":"Hoka Bondi 9 femme - chaussures de course - MioMioRun .com","isPartOf":{"@id":"https:\/\/www.miomiorun.com\/fr\/#website"},"primaryImageOfPage":{"@id":"https:\/\/www.miomiorun.com\/fr\/produit\/bondi-9-femme\/#primaryimage"},"image":{"@id":"https:\/\/www.miomiorun.com\/fr\/produit\/bondi-9-femme\/#primaryimage"},"thumbnailUrl":"https:\/\/www.miomiorun.com\/app\/uploads\/2026\/04\/hoka-Bondi-9-W-berry-jam-berry-patch-1162012-BJM.webp","datePublished":"2025-01-08T15:55:50+00:00","dateModified":"2026-05-08T20:24:35+00:00","description":"Parmi les chaussures les plus r\u00e9sistantes de la gamme HOKA, la Bondi 9 offre un maximum de souplesse pour encha\u00eener les kilom\u00e8tres tous les jours. Enti\u00e8rement renouvel\u00e9e","breadcrumb":{"@id":"https:\/\/www.miomiorun.com\/fr\/produit\/bondi-9-femme\/#breadcrumb"},"inLanguage":"fr-FR","potentialAction":[{"@type":"ReadAction","target":["https:\/\/www.miomiorun.com\/fr\/produit\/bondi-9-femme\/"]}]},{"@type":"ImageObject","inLanguage":"fr-FR","@id":"https:\/\/www.miomiorun.com\/fr\/produit\/bondi-9-femme\/#primaryimage","url":"https:\/\/www.miomiorun.com\/app\/uploads\/2026\/04\/hoka-Bondi-9-W-berry-jam-berry-patch-1162012-BJM.webp","contentUrl":"https:\/\/www.miomiorun.com\/app\/uploads\/2026\/04\/hoka-Bondi-9-W-berry-jam-berry-patch-1162012-BJM.webp","width":720,"height":720,"caption":"hoka Bondi 9 W berry jam berry patch 1162012 BJM"},{"@type":"BreadcrumbList","@id":"https:\/\/www.miomiorun.com\/fr\/produit\/bondi-9-femme\/#breadcrumb","itemListElement":[{"@type":"ListItem","position":1,"name":"Home","item":"https:\/\/www.miomiorun.com\/fr\/home-page\/"},{"@type":"ListItem","position":2,"name":"Shop","item":"https:\/\/www.miomiorun.com\/shop\/"},{"@type":"ListItem","position":3,"name":"Bondi 9 femme"}]},{"@type":"WebSite","@id":"https:\/\/www.miomiorun.com\/fr\/#website","url":"https:\/\/www.miomiorun.com\/fr\/","name":"MioMioRun","description":"Boutique 100% running et trail","publisher":{"@id":"https:\/\/www.miomiorun.com\/fr\/#organization"},"potentialAction":[{"@type":"SearchAction","target":{"@type":"EntryPoint","urlTemplate":"https:\/\/www.miomiorun.com\/fr\/?s={search_term_string}"},"query-input":{"@type":"PropertyValueSpecification","valueRequired":true,"valueName":"search_term_string"}}],"inLanguage":"fr-FR"},{"@type":"Organization","@id":"https:\/\/www.miomiorun.com\/fr\/#organization","name":"MioMio Run","url":"https:\/\/www.miomiorun.com\/fr\/","logo":{"@type":"ImageObject","inLanguage":"fr-FR","@id":"https:\/\/www.miomiorun.com\/fr\/#\/schema\/logo\/image\/","url":"https:\/\/www.miomiorun.com\/app\/uploads\/2019\/12\/logomio.png","contentUrl":"https:\/\/www.miomiorun.com\/app\/uploads\/2019\/12\/logomio.png","width":115,"height":82,"caption":"MioMio Run"},"image":{"@id":"https:\/\/www.miomiorun.com\/fr\/#\/schema\/logo\/image\/"},"sameAs":["https:\/\/www.facebook.com\/miomiorun\/","https:\/\/www.instagram.com\/miomiorun\/"]}]}},"_links":{"self":[{"href":"https:\/\/www.miomiorun.com\/fr\/wp-json\/wp\/v2\/product\/297129","targetHints":{"allow":["GET"]}}],"collection":[{"href":"https:\/\/www.miomiorun.com\/fr\/wp-json\/wp\/v2\/product"}],"about":[{"href":"https:\/\/www.miomiorun.com\/fr\/wp-json\/wp\/v2\/types\/product"}],"wp:featuredmedia":[{"embeddable":true,"href":"https:\/\/www.miomiorun.com\/fr\/wp-json\/wp\/v2\/media\/427784"}],"wp:attachment":[{"href":"https:\/\/www.miomiorun.com\/fr\/wp-json\/wp\/v2\/media?parent=297129"}],"wp:term":[{"taxonomy":"product_brand","embeddable":true,"href":"https:\/\/www.miomiorun.com\/fr\/wp-json\/wp\/v2\/product_brand?post=297129"},{"taxonomy":"product_cat","embeddable":true,"href":"https:\/\/www.miomiorun.com\/fr\/wp-json\/wp\/v2\/product_cat?post=297129"},{"taxonomy":"product_tag","embeddable":true,"href":"https:\/\/www.miomiorun.com\/fr\/wp-json\/wp\/v2\/product_tag?post=297129"}],"curies":[{"name":"wp","href":"https:\/\/api.w.org\/{rel}","templated":true}]}}