{"id":296748,"date":"2025-01-14T14:14:24","date_gmt":"2025-01-14T13:14:24","guid":{"rendered":"https:\/\/miomiorun.com\/prodotto\/launch-11-uomo\/"},"modified":"2025-05-15T17:14:11","modified_gmt":"2025-05-15T15:14:11","slug":"launch-11-homme","status":"publish","type":"product","link":"https:\/\/www.miomiorun.com\/fr\/produit\/launch-11-homme\/","title":{"rendered":"Launch 11 homme"},"content":{"rendered":"<div class=\"vc-row container\"><div class=\"vc-column\"><div class=\"vc-column-text\"><\/p>\n<p><strong>Caract\u00e9ristiques techniques<\/strong><\/p>\n<p>Cat\u00e9gorie : amorti r\u00e9actif<br \/>\nD\u00e9calage : 8 mm<br \/>\nPoids : 218 g<br \/>\nId\u00e9al pour : les coureurs au pied neutre et \u00e0 la semelle moyenne qui recherchent un mod\u00e8le de chaussure polyvalent et l\u00e9ger, pour aborder avec aisance les distances moyennes et m\u00eame les entra\u00eenements de qualit\u00e9.<br \/>\nPoids de l&#8217;athl\u00e8te : 60-75 kg<br \/>\nAllure de course : moyenne-rapide (4.00-5.30 min\/km)<br \/>\n<a href=\"https:\/\/miomiorun.com\/fr\/guide-des-specificites\/\">Guide de sp\u00e9cification<\/a><\/p>\n<p>.<\/div><\/div><div class=\"vc-column\"><div class=\"vc-column-text\">Donnez un coup de pouce \u00e0 votre foul\u00e9e avec ces chaussures de course l\u00e9g\u00e8res pour hommes. La <strong>Launch 11<\/strong> pour homme offre une course polyvalente et rapide, gr\u00e2ce \u00e0 un amorti r\u00e9actif et l\u00e9ger et \u00e0 une tige respirante et profil\u00e9e, pour que vous puissiez courir sans distraction.<\/p>\n<p><strong>DURABILIT\u00c9<\/strong><\/p>\n<div class=\"m-long-description__sustainability\">\n<div class=\"m-long-description__sustainability\">\n<div class=\"m-long-description__sustainability--value\">75,3 % de mat\u00e9riaux recycl\u00e9s dans la tige<\/div>\n<\/div>\n<div><strong>Caract\u00e9ristiques :<\/strong><\/div>\n<\/div>\n<div>\n<ul class=\"m-long-description__features\">\n<li class=\"m-long-description__feature\">\n<div class=\"m-long-description__feature--bullets\" aria-hidden=\"true\">Amortissement r\u00e9actif<\/div>\n<\/li>\n<li class=\"m-long-description__feature\">\n<div class=\"m-long-description__feature--bullets\" aria-hidden=\"true\">Coupe s\u00fbre et respirante<\/div>\n<\/li>\n<li class=\"m-long-description__feature\">\n<div class=\"m-long-description__feature--bullets\" aria-hidden=\"true\">Transitions rapides et fluides<\/div>\n<\/li>\n<\/ul>\n<h2 class=\"a-type-h2\">Une explosion de vitesse dans une chaussure super l\u00e9g\u00e8re<\/h2>\n<div class=\"o-feature-callout__feature-copy\">\n<h3 class=\"a-type-h4 o-feature-callout__feature-eyebrow\">Donnez un coup de pouce \u00e0 votre foul\u00e9e<\/h3>\n<h2 class=\"a-type-h3--big o-feature-callout__feature-header\">Courez vite. Tous les jours.<\/h2>\n<p class=\"a-type-p o-feature-callout__feature-body\">L&#8217;amorti l\u00e9ger DNA Flash est r\u00e9actif et adaptatif, tandis que l&#8217;avant-pied DNA Flash V2 contribue \u00e0 une exp\u00e9rience de course rapide et propulsive.<\/p>\n<div class=\"o-feature-callout__feature-copy\">\n<h3 class=\"a-type-h4 o-feature-callout__feature-eyebrow\">Frais \u00e0 l&#8217;int\u00e9rieur. Toujours sec.<\/h3>\n<h2 class=\"a-type-h3--big o-feature-callout__feature-header\">Tige respirante<\/h2>\n<p class=\"a-type-p o-feature-callout__feature-body\">La tige en mesh offre s\u00e9curit\u00e9 et respirabilit\u00e9 au pied, ce qui vous permet de rester concentr\u00e9 sur votre course.<\/p>\n<div class=\"o-feature-callout__feature-copy\">\n<h3 class=\"a-type-h4 o-feature-callout__feature-eyebrow\">Trouvez votre rythme.<\/h3>\n<h2 class=\"a-type-h3--big o-feature-callout__feature-header\">Transitions rapides et fluides<\/h2>\n<p class=\"a-type-p o-feature-callout__feature-body\">La semelle en caoutchouc RoadTack offre une traction accrue pour un d\u00e9collage efficace.<\/p>\n<\/div>\n<\/div>\n<\/div>\n<\/div>\n<p><\/div><\/div><\/div>\n","protected":false},"excerpt":{"rendered":"<ul>\n<li>Chaussure l\u00e9g\u00e8re<\/li>\n<li>Amorti DNA Flash r\u00e9actif pour vous donner encore plus de pouss\u00e9e<\/li>\n<\/ul>\n","protected":false},"featured_media":250948,"template":"","meta":{"_acf_changed":false,"inline_featured_image":false},"product_brand":[],"product_cat":[24448,24447],"product_tag":[23462,23655],"class_list":{"0":"post-296748","1":"product","2":"type-product","3":"status-publish","4":"has-post-thumbnail","6":"product_cat-chaussures-pour-hommes-fr","7":"product_cat-neutre-fr-3","8":"product_tag-brooks-fr","9":"product_tag-brooks-homme","10":"pa_attivita-fitness-fr","11":"pa_attivita-marcher","12":"pa_attivita-running-fr","13":"pa_colore-launch-11-black-navy-peony-orange-fr","14":"pa_colore-launch-11-black-white-fr","15":"pa_colore-launch-11-white-atomizer-pink-clay-fr","16":"pa_marca-brooks-fr","17":"pa_sesso-homme","18":"pa_size-44-5-fr","19":"pa_size-45-5-fr","20":"pa_size-46-fr","22":"first","23":"outofstock","24":"sale","25":"taxable","26":"shipping-taxable","27":"purchasable","28":"product-type-variable","29":"wvs-archive-product-wrapper"},"acf":[],"yoast_head":"<!-- This site is optimized with the Yoast SEO plugin v26.8 - https:\/\/yoast.com\/product\/yoast-seo-wordpress\/ -->\n<title>Brooks Launch 11 homme - chaussures de course - MioMioRun .com<\/title>\n<meta name=\"description\" content=\"Donnez un coup de pouce \u00e0 votre foul\u00e9e avec ces chaussures de course l\u00e9g\u00e8res. La Launch 11 pour hommes offre une course rapide et polyvalente.\" \/>\n<meta name=\"robots\" content=\"index, follow, max-snippet:-1, max-image-preview:large, max-video-preview:-1\" \/>\n<link rel=\"canonical\" href=\"https:\/\/www.miomiorun.com\/fr\/produit\/launch-11-homme\/\" \/>\n<meta property=\"og:locale\" content=\"fr_FR\" \/>\n<meta property=\"og:type\" content=\"article\" \/>\n<meta property=\"og:title\" content=\"Brooks Launch 11 homme - chaussures de course - MioMioRun .com\" \/>\n<meta property=\"og:description\" content=\"Donnez un coup de pouce \u00e0 votre foul\u00e9e avec ces chaussures de course l\u00e9g\u00e8res. La Launch 11 pour hommes offre une course rapide et polyvalente.\" \/>\n<meta property=\"og:url\" content=\"https:\/\/www.miomiorun.com\/fr\/produit\/launch-11-homme\/\" \/>\n<meta property=\"og:site_name\" content=\"MioMioRun\" \/>\n<meta property=\"article:publisher\" content=\"https:\/\/www.facebook.com\/miomiorun\/\" \/>\n<meta property=\"article:modified_time\" content=\"2025-05-15T15:14:11+00:00\" \/>\n<meta property=\"og:image\" content=\"https:\/\/www.miomiorun.com\/app\/uploads\/2025\/01\/brooks-Launch-11-black-white-1104501D087.webp\" \/>\n\t<meta property=\"og:image:width\" content=\"600\" \/>\n\t<meta property=\"og:image:height\" content=\"600\" \/>\n\t<meta property=\"og:image:type\" content=\"image\/webp\" \/>\n<meta name=\"twitter:card\" content=\"summary_large_image\" \/>\n<meta name=\"twitter:label1\" content=\"Est. reading time\" \/>\n\t<meta name=\"twitter:data1\" content=\"1 minute\" \/>\n<script type=\"application\/ld+json\" class=\"yoast-schema-graph\">{\"@context\":\"https:\/\/schema.org\",\"@graph\":[{\"@type\":\"WebPage\",\"@id\":\"https:\/\/www.miomiorun.com\/fr\/produit\/launch-11-homme\/\",\"url\":\"https:\/\/www.miomiorun.com\/fr\/produit\/launch-11-homme\/\",\"name\":\"Brooks Launch 11 homme - chaussures de course - MioMioRun .com\",\"isPartOf\":{\"@id\":\"https:\/\/www.miomiorun.com\/fr\/#website\"},\"primaryImageOfPage\":{\"@id\":\"https:\/\/www.miomiorun.com\/fr\/produit\/launch-11-homme\/#primaryimage\"},\"image\":{\"@id\":\"https:\/\/www.miomiorun.com\/fr\/produit\/launch-11-homme\/#primaryimage\"},\"thumbnailUrl\":\"https:\/\/www.miomiorun.com\/app\/uploads\/2025\/01\/brooks-Launch-11-black-white-1104501D087.webp\",\"datePublished\":\"2025-01-14T13:14:24+00:00\",\"dateModified\":\"2025-05-15T15:14:11+00:00\",\"description\":\"Donnez un coup de pouce \u00e0 votre foul\u00e9e avec ces chaussures de course l\u00e9g\u00e8res. La Launch 11 pour hommes offre une course rapide et polyvalente.\",\"breadcrumb\":{\"@id\":\"https:\/\/www.miomiorun.com\/fr\/produit\/launch-11-homme\/#breadcrumb\"},\"inLanguage\":\"fr-FR\",\"potentialAction\":[{\"@type\":\"ReadAction\",\"target\":[\"https:\/\/www.miomiorun.com\/fr\/produit\/launch-11-homme\/\"]}]},{\"@type\":\"ImageObject\",\"inLanguage\":\"fr-FR\",\"@id\":\"https:\/\/www.miomiorun.com\/fr\/produit\/launch-11-homme\/#primaryimage\",\"url\":\"https:\/\/www.miomiorun.com\/app\/uploads\/2025\/01\/brooks-Launch-11-black-white-1104501D087.webp\",\"contentUrl\":\"https:\/\/www.miomiorun.com\/app\/uploads\/2025\/01\/brooks-Launch-11-black-white-1104501D087.webp\",\"width\":600,\"height\":600,\"caption\":\"brooks Launch 11 black white 1104501D087\"},{\"@type\":\"BreadcrumbList\",\"@id\":\"https:\/\/www.miomiorun.com\/fr\/produit\/launch-11-homme\/#breadcrumb\",\"itemListElement\":[{\"@type\":\"ListItem\",\"position\":1,\"name\":\"Home\",\"item\":\"https:\/\/www.miomiorun.com\/fr\/home-page\/\"},{\"@type\":\"ListItem\",\"position\":2,\"name\":\"Shop\",\"item\":\"https:\/\/www.miomiorun.com\/shop\/\"},{\"@type\":\"ListItem\",\"position\":3,\"name\":\"Launch 11 homme\"}]},{\"@type\":\"WebSite\",\"@id\":\"https:\/\/www.miomiorun.com\/fr\/#website\",\"url\":\"https:\/\/www.miomiorun.com\/fr\/\",\"name\":\"MioMioRun\",\"description\":\"Boutique 100% running et trail\",\"publisher\":{\"@id\":\"https:\/\/www.miomiorun.com\/fr\/#organization\"},\"potentialAction\":[{\"@type\":\"SearchAction\",\"target\":{\"@type\":\"EntryPoint\",\"urlTemplate\":\"https:\/\/www.miomiorun.com\/fr\/?s={search_term_string}\"},\"query-input\":{\"@type\":\"PropertyValueSpecification\",\"valueRequired\":true,\"valueName\":\"search_term_string\"}}],\"inLanguage\":\"fr-FR\"},{\"@type\":\"Organization\",\"@id\":\"https:\/\/www.miomiorun.com\/fr\/#organization\",\"name\":\"MioMio Run\",\"url\":\"https:\/\/www.miomiorun.com\/fr\/\",\"logo\":{\"@type\":\"ImageObject\",\"inLanguage\":\"fr-FR\",\"@id\":\"https:\/\/www.miomiorun.com\/fr\/#\/schema\/logo\/image\/\",\"url\":\"https:\/\/www.miomiorun.com\/app\/uploads\/2019\/12\/logomio.png\",\"contentUrl\":\"https:\/\/www.miomiorun.com\/app\/uploads\/2019\/12\/logomio.png\",\"width\":115,\"height\":82,\"caption\":\"MioMio Run\"},\"image\":{\"@id\":\"https:\/\/www.miomiorun.com\/fr\/#\/schema\/logo\/image\/\"},\"sameAs\":[\"https:\/\/www.facebook.com\/miomiorun\/\",\"https:\/\/www.instagram.com\/miomiorun\/\"]}]}<\/script>\n<!-- \/ Yoast SEO plugin. -->","yoast_head_json":{"title":"Brooks Launch 11 homme - chaussures de course - MioMioRun .com","description":"Donnez un coup de pouce \u00e0 votre foul\u00e9e avec ces chaussures de course l\u00e9g\u00e8res. La Launch 11 pour hommes offre une course rapide et polyvalente.","robots":{"index":"index","follow":"follow","max-snippet":"max-snippet:-1","max-image-preview":"max-image-preview:large","max-video-preview":"max-video-preview:-1"},"canonical":"https:\/\/www.miomiorun.com\/fr\/produit\/launch-11-homme\/","og_locale":"fr_FR","og_type":"article","og_title":"Brooks Launch 11 homme - chaussures de course - MioMioRun .com","og_description":"Donnez un coup de pouce \u00e0 votre foul\u00e9e avec ces chaussures de course l\u00e9g\u00e8res. La Launch 11 pour hommes offre une course rapide et polyvalente.","og_url":"https:\/\/www.miomiorun.com\/fr\/produit\/launch-11-homme\/","og_site_name":"MioMioRun","article_publisher":"https:\/\/www.facebook.com\/miomiorun\/","article_modified_time":"2025-05-15T15:14:11+00:00","og_image":[{"width":600,"height":600,"url":"https:\/\/www.miomiorun.com\/app\/uploads\/2025\/01\/brooks-Launch-11-black-white-1104501D087.webp","type":"image\/webp"}],"twitter_card":"summary_large_image","twitter_misc":{"Est. reading time":"1 minute"},"schema":{"@context":"https:\/\/schema.org","@graph":[{"@type":"WebPage","@id":"https:\/\/www.miomiorun.com\/fr\/produit\/launch-11-homme\/","url":"https:\/\/www.miomiorun.com\/fr\/produit\/launch-11-homme\/","name":"Brooks Launch 11 homme - chaussures de course - MioMioRun .com","isPartOf":{"@id":"https:\/\/www.miomiorun.com\/fr\/#website"},"primaryImageOfPage":{"@id":"https:\/\/www.miomiorun.com\/fr\/produit\/launch-11-homme\/#primaryimage"},"image":{"@id":"https:\/\/www.miomiorun.com\/fr\/produit\/launch-11-homme\/#primaryimage"},"thumbnailUrl":"https:\/\/www.miomiorun.com\/app\/uploads\/2025\/01\/brooks-Launch-11-black-white-1104501D087.webp","datePublished":"2025-01-14T13:14:24+00:00","dateModified":"2025-05-15T15:14:11+00:00","description":"Donnez un coup de pouce \u00e0 votre foul\u00e9e avec ces chaussures de course l\u00e9g\u00e8res. La Launch 11 pour hommes offre une course rapide et polyvalente.","breadcrumb":{"@id":"https:\/\/www.miomiorun.com\/fr\/produit\/launch-11-homme\/#breadcrumb"},"inLanguage":"fr-FR","potentialAction":[{"@type":"ReadAction","target":["https:\/\/www.miomiorun.com\/fr\/produit\/launch-11-homme\/"]}]},{"@type":"ImageObject","inLanguage":"fr-FR","@id":"https:\/\/www.miomiorun.com\/fr\/produit\/launch-11-homme\/#primaryimage","url":"https:\/\/www.miomiorun.com\/app\/uploads\/2025\/01\/brooks-Launch-11-black-white-1104501D087.webp","contentUrl":"https:\/\/www.miomiorun.com\/app\/uploads\/2025\/01\/brooks-Launch-11-black-white-1104501D087.webp","width":600,"height":600,"caption":"brooks Launch 11 black white 1104501D087"},{"@type":"BreadcrumbList","@id":"https:\/\/www.miomiorun.com\/fr\/produit\/launch-11-homme\/#breadcrumb","itemListElement":[{"@type":"ListItem","position":1,"name":"Home","item":"https:\/\/www.miomiorun.com\/fr\/home-page\/"},{"@type":"ListItem","position":2,"name":"Shop","item":"https:\/\/www.miomiorun.com\/shop\/"},{"@type":"ListItem","position":3,"name":"Launch 11 homme"}]},{"@type":"WebSite","@id":"https:\/\/www.miomiorun.com\/fr\/#website","url":"https:\/\/www.miomiorun.com\/fr\/","name":"MioMioRun","description":"Boutique 100% running et trail","publisher":{"@id":"https:\/\/www.miomiorun.com\/fr\/#organization"},"potentialAction":[{"@type":"SearchAction","target":{"@type":"EntryPoint","urlTemplate":"https:\/\/www.miomiorun.com\/fr\/?s={search_term_string}"},"query-input":{"@type":"PropertyValueSpecification","valueRequired":true,"valueName":"search_term_string"}}],"inLanguage":"fr-FR"},{"@type":"Organization","@id":"https:\/\/www.miomiorun.com\/fr\/#organization","name":"MioMio Run","url":"https:\/\/www.miomiorun.com\/fr\/","logo":{"@type":"ImageObject","inLanguage":"fr-FR","@id":"https:\/\/www.miomiorun.com\/fr\/#\/schema\/logo\/image\/","url":"https:\/\/www.miomiorun.com\/app\/uploads\/2019\/12\/logomio.png","contentUrl":"https:\/\/www.miomiorun.com\/app\/uploads\/2019\/12\/logomio.png","width":115,"height":82,"caption":"MioMio Run"},"image":{"@id":"https:\/\/www.miomiorun.com\/fr\/#\/schema\/logo\/image\/"},"sameAs":["https:\/\/www.facebook.com\/miomiorun\/","https:\/\/www.instagram.com\/miomiorun\/"]}]}},"_links":{"self":[{"href":"https:\/\/www.miomiorun.com\/fr\/wp-json\/wp\/v2\/product\/296748","targetHints":{"allow":["GET"]}}],"collection":[{"href":"https:\/\/www.miomiorun.com\/fr\/wp-json\/wp\/v2\/product"}],"about":[{"href":"https:\/\/www.miomiorun.com\/fr\/wp-json\/wp\/v2\/types\/product"}],"wp:featuredmedia":[{"embeddable":true,"href":"https:\/\/www.miomiorun.com\/fr\/wp-json\/wp\/v2\/media\/250948"}],"wp:attachment":[{"href":"https:\/\/www.miomiorun.com\/fr\/wp-json\/wp\/v2\/media?parent=296748"}],"wp:term":[{"taxonomy":"product_brand","embeddable":true,"href":"https:\/\/www.miomiorun.com\/fr\/wp-json\/wp\/v2\/product_brand?post=296748"},{"taxonomy":"product_cat","embeddable":true,"href":"https:\/\/www.miomiorun.com\/fr\/wp-json\/wp\/v2\/product_cat?post=296748"},{"taxonomy":"product_tag","embeddable":true,"href":"https:\/\/www.miomiorun.com\/fr\/wp-json\/wp\/v2\/product_tag?post=296748"}],"curies":[{"name":"wp","href":"https:\/\/api.w.org\/{rel}","templated":true}]}}