{"id":296747,"date":"2025-01-14T15:02:00","date_gmt":"2025-01-14T14:02:00","guid":{"rendered":"https:\/\/miomiorun.com\/prodotto\/fwd-via-uomo\/"},"modified":"2025-04-18T18:56:29","modified_gmt":"2025-04-18T16:56:29","slug":"fwd-via-homme","status":"publish","type":"product","link":"https:\/\/www.miomiorun.com\/fr\/produit\/fwd-via-homme\/","title":{"rendered":"Fwd Via homme"},"content":{"rendered":"<div class=\"vc-row container\"><div class=\"vc-column\"><div class=\"vc-column-text\"><\/p>\n<p><strong>Caract\u00e9ristiques techniques<\/strong><\/p>\n<p>Cat\u00e9gorie : amorti sup\u00e9rieur<br \/>\nHauteur de tige : 33mm\/37mm<br \/>\nD\u00e9calage : 4 mm<br \/>\nPoids : 269,32 g<br \/>\nId\u00e9al pour : les coureurs sur route qui souhaitent une chaussure avec un amorti maximal pour une course encore plus confortable et efficace, id\u00e9ale pour les longues et moyennes distances.<br \/>\nPoids de l&#8217;athl\u00e8te : &lt;70 kg<br \/>\nAllure de course : moyenne (5,50 min\/km)<br \/>\n<a href=\"https:\/\/miomiorun.com\/fr\/guide-des-specificites\/\">Guide des sp\u00e9cifications<\/a><\/p>\n<p><\/div><\/div><div class=\"vc-column\"><div class=\"vc-column-text\"><\/p>\n<div class=\"swiper-button-container\">\n<h2 class=\"pagination-container swiper-pagination-clickable swiper-pagination-bullets\" style=\"text-align: center;\">Tirez-en le meilleur parti sur la route.<\/h2>\n<div class=\"pagination-container swiper-pagination-clickable swiper-pagination-bullets\">Avec un amorti maximal, un profil rocker, un drop bas et une bo\u00eete \u00e0 orteils plus spacieuse, la version masculine de la <strong>FWD VIA<\/strong> est pr\u00eate \u00e0 partir.<\/div>\n<div class=\"pagination-container swiper-pagination-clickable swiper-pagination-bullets\">Avec une toute nouvelle mousse de semelle interm\u00e9diaire supercritique : Altra EGO\u2122 FLO. Infus\u00e9e d&#8217;azote, elle est l\u00e9g\u00e8re, souple et con\u00e7ue pour apporter confort et amorti.<\/div>\n<div class=\"pagination-container swiper-pagination-clickable swiper-pagination-bullets\">Un faible d\u00e9nivel\u00e9 de 4 mm compl\u00e8te le profil rocker des chaussures, qui sont con\u00e7ues pour vous donner la sensation d&#8217;\u00eatre propuls\u00e9 vers l&#8217;avant \u00e0 chaque pas, tout en assurant une garde au sol efficace.<\/div>\n<h2 class=\"pagination-container swiper-pagination-clickable swiper-pagination-bullets\" style=\"text-align: center;\">Pour une conduite si fluide que vous aurez l&#8217;impression qu&#8217;elles se d\u00e9placent toutes seules.<\/h2>\n<div class=\"pagination-container swiper-pagination-clickable swiper-pagination-bullets\">Elles sont fabriqu\u00e9es avec une tige en maille technique pour assurer la respirabilit\u00e9 sans sacrifier l&#8217;esth\u00e9tique. Avec le FootShape Fit exclusif d&#8217;Altra, plus large pour permettre \u00e0 vos orteils de bouger librement, et plus d&#8217;espace pour l&#8217;avant-pied \u00e9galement.<\/div>\n<div><\/div>\n<h3 class=\"pagination-container swiper-pagination-clickable swiper-pagination-bullets\" style=\"text-align: center;\">Alors, lacez vos chaussures, faites quelques \u00e9tirements et c&#8217;est parti. Deux mots suffisent pour d\u00e9crire ces chaussures : confort et l\u00e9g\u00e8ret\u00e9. Il n&#8217;y a rien de mieux.<\/h3>\n<h2>Pourquoi l&#8217;aimerez-vous ?<\/h2>\n<p>&nbsp;<\/p>\n<p><img decoding=\"async\" class=\"e1hv7j1x3 css-nq7z2q e1j5awdb3\" src=\"https:\/\/cdn2.altrarunning.filoblu.com\/rx\/q_100,w_128,ofmt_webp\/media\/contentmanager\/content\/footshape.png\" srcset=\"https:\/\/cdn2.altrarunning.filoblu.com\/rx\/q_100,w_64,ofmt_webp\/media\/contentmanager\/content\/footshape.png 1x, https:\/\/cdn2.altrarunning.filoblu.com\/rx\/q_100,w_128,ofmt_webp\/media\/contentmanager\/content\/footshape.png 2x\" alt=\"FOOTSHAPE\u2122 TOE BOX\" data-nimg=\"fixed\" \/><\/p>\n<p><strong>BO\u00ceTE \u00c0 ORTEILS FOOTSHAPE\u2122<\/strong><\/p>\n<p><span data-sheets-userformat=\"{&quot;2&quot;:7043,&quot;3&quot;:{&quot;1&quot;:0},&quot;4&quot;:&#091;null,2,16777215&#093;,&quot;10&quot;:2,&quot;11&quot;:4,&quot;12&quot;:0,&quot;14&quot;:&#091;null,2,0&#093;,&quot;15&quot;:&quot;Arial, sans-serif&quot;}\" data-sheets-value=\"{&quot;1&quot;:2,&quot;2&quot;:&quot;Permette alle dita dei tuoi piedi di rilassarsi e di distendersi naturalmente, garantendoti ancora pi\u00f9 comfort e stabilit\u00e0 sia in salita che in discesa.&quot;}\">Permet \u00e0 vos orteils de se d\u00e9tendre et de s&#8217;\u00e9tirer naturellement, vous offrant encore plus de confort et de stabilit\u00e9 dans les mont\u00e9es comme dans les descentes.<\/span><\/p>\n<p>&nbsp;<\/p>\n<\/div>\n<p><img decoding=\"async\" class=\"e1hv7j1x3 css-nq7z2q e1j5awdb3\" src=\"https:\/\/cdn2.altrarunning.filoblu.com\/rx\/q_100,w_128,ofmt_webp\/media\/contentmanager\/content\/240913_Shoe_Rocker_Shape__100x100.png\" srcset=\"https:\/\/cdn2.altrarunning.filoblu.com\/rx\/q_100,w_64,ofmt_webp\/media\/contentmanager\/content\/240913_Shoe_Rocker_Shape__100x100.png 1x, https:\/\/cdn2.altrarunning.filoblu.com\/rx\/q_100,w_128,ofmt_webp\/media\/contentmanager\/content\/240913_Shoe_Rocker_Shape__100x100.png 2x\" alt=\"Rocker Shape\" data-nimg=\"fixed\" \/><\/p>\n<p><strong>Forme rocker<\/strong><\/p>\n<p>Notre forme de bascule est con\u00e7ue pour vous donner la sensation d&#8217;\u00eatre propuls\u00e9 vers l&#8217;avant \u00e0 chaque pas et garantit une garde au sol efficace sans affecter votre foul\u00e9e naturelle.<\/div><\/div><\/div>\n","protected":false},"excerpt":{"rendered":"<ul>\n<li>Chaussure super amortie id\u00e9ale pour la course sur route.<\/li>\n<li>Id\u00e9ale pour les moyennes et longues distances.<\/li>\n<li>Pente de 4 mm.<\/li>\n<\/ul>\n","protected":false},"featured_media":251152,"template":"","meta":{"_acf_changed":false,"inline_featured_image":false},"product_brand":[],"product_cat":[24254,24255],"product_tag":[23458,23671],"class_list":{"0":"post-296747","1":"product","2":"type-product","3":"status-publish","4":"has-post-thumbnail","6":"product_cat-chaussures-pour-hommes","7":"product_cat-neutre-fr","8":"product_tag-altra-fr","9":"product_tag-altra-homme","10":"pa_attivita-marcher","11":"pa_attivita-running-fr","12":"pa_colore-fwd-via-black-blue-fr","13":"pa_colore-fwd-via-blue-yellow-fr","14":"pa_marca-altra-fr","15":"pa_sesso-homme","16":"pa_size-42-fr","17":"pa_size-46-fr","18":"pa_size-46-5-fr","20":"first","21":"instock","22":"sale","23":"taxable","24":"shipping-taxable","25":"purchasable","26":"product-type-variable","27":"wvs-archive-product-wrapper"},"acf":[],"yoast_head":"<!-- This site is optimized with the Yoast SEO plugin v26.8 - https:\/\/yoast.com\/product\/yoast-seo-wordpress\/ -->\n<title>Altra Fwd Via homme - Chaussures de course - MioMioRun<\/title>\n<meta name=\"description\" content=\"Avec un amorti maximal, un profil rocker, un faible d\u00e9nivel\u00e9 et une bo\u00eete \u00e0 orteils plus spacieuse, les FWD VIA sont pr\u00eates \u00e0 aller de l&#039;avant.\" \/>\n<meta name=\"robots\" content=\"index, follow, max-snippet:-1, max-image-preview:large, max-video-preview:-1\" \/>\n<link rel=\"canonical\" href=\"https:\/\/www.miomiorun.com\/fr\/produit\/fwd-via-homme\/\" \/>\n<meta property=\"og:locale\" content=\"fr_FR\" \/>\n<meta property=\"og:type\" content=\"article\" \/>\n<meta property=\"og:title\" content=\"Altra Fwd Via homme - Chaussures de course - MioMioRun\" \/>\n<meta property=\"og:description\" content=\"Avec un amorti maximal, un profil rocker, un faible d\u00e9nivel\u00e9 et une bo\u00eete \u00e0 orteils plus spacieuse, les FWD VIA sont pr\u00eates \u00e0 aller de l&#039;avant.\" \/>\n<meta property=\"og:url\" content=\"https:\/\/www.miomiorun.com\/fr\/produit\/fwd-via-homme\/\" \/>\n<meta property=\"og:site_name\" content=\"MioMioRun\" \/>\n<meta property=\"article:publisher\" content=\"https:\/\/www.facebook.com\/miomiorun\/\" \/>\n<meta property=\"article:modified_time\" content=\"2025-04-18T16:56:29+00:00\" \/>\n<meta property=\"og:image\" content=\"https:\/\/www.miomiorun.com\/app\/uploads\/2025\/01\/altra-FWD-VIA-BLK-ORN-AL0A85PN0131.webp\" \/>\n\t<meta property=\"og:image:width\" content=\"600\" \/>\n\t<meta property=\"og:image:height\" content=\"600\" \/>\n\t<meta property=\"og:image:type\" content=\"image\/webp\" \/>\n<meta name=\"twitter:card\" content=\"summary_large_image\" \/>\n<meta name=\"twitter:label1\" content=\"Est. reading time\" \/>\n\t<meta name=\"twitter:data1\" content=\"2 minutes\" \/>\n<script type=\"application\/ld+json\" class=\"yoast-schema-graph\">{\"@context\":\"https:\/\/schema.org\",\"@graph\":[{\"@type\":\"WebPage\",\"@id\":\"https:\/\/www.miomiorun.com\/fr\/produit\/fwd-via-homme\/\",\"url\":\"https:\/\/www.miomiorun.com\/fr\/produit\/fwd-via-homme\/\",\"name\":\"Altra Fwd Via homme - Chaussures de course - MioMioRun\",\"isPartOf\":{\"@id\":\"https:\/\/www.miomiorun.com\/fr\/#website\"},\"primaryImageOfPage\":{\"@id\":\"https:\/\/www.miomiorun.com\/fr\/produit\/fwd-via-homme\/#primaryimage\"},\"image\":{\"@id\":\"https:\/\/www.miomiorun.com\/fr\/produit\/fwd-via-homme\/#primaryimage\"},\"thumbnailUrl\":\"https:\/\/www.miomiorun.com\/app\/uploads\/2025\/01\/altra-FWD-VIA-BLK-ORN-AL0A85PN0131.webp\",\"datePublished\":\"2025-01-14T14:02:00+00:00\",\"dateModified\":\"2025-04-18T16:56:29+00:00\",\"description\":\"Avec un amorti maximal, un profil rocker, un faible d\u00e9nivel\u00e9 et une bo\u00eete \u00e0 orteils plus spacieuse, les FWD VIA sont pr\u00eates \u00e0 aller de l'avant.\",\"breadcrumb\":{\"@id\":\"https:\/\/www.miomiorun.com\/fr\/produit\/fwd-via-homme\/#breadcrumb\"},\"inLanguage\":\"fr-FR\",\"potentialAction\":[{\"@type\":\"ReadAction\",\"target\":[\"https:\/\/www.miomiorun.com\/fr\/produit\/fwd-via-homme\/\"]}]},{\"@type\":\"ImageObject\",\"inLanguage\":\"fr-FR\",\"@id\":\"https:\/\/www.miomiorun.com\/fr\/produit\/fwd-via-homme\/#primaryimage\",\"url\":\"https:\/\/www.miomiorun.com\/app\/uploads\/2025\/01\/altra-FWD-VIA-BLK-ORN-AL0A85PN0131.webp\",\"contentUrl\":\"https:\/\/www.miomiorun.com\/app\/uploads\/2025\/01\/altra-FWD-VIA-BLK-ORN-AL0A85PN0131.webp\",\"width\":600,\"height\":600,\"caption\":\"altra FWD VIA BLK ORN AL0A85PN0131\"},{\"@type\":\"BreadcrumbList\",\"@id\":\"https:\/\/www.miomiorun.com\/fr\/produit\/fwd-via-homme\/#breadcrumb\",\"itemListElement\":[{\"@type\":\"ListItem\",\"position\":1,\"name\":\"Home\",\"item\":\"https:\/\/www.miomiorun.com\/fr\/home-page\/\"},{\"@type\":\"ListItem\",\"position\":2,\"name\":\"Shop\",\"item\":\"https:\/\/www.miomiorun.com\/shop\/\"},{\"@type\":\"ListItem\",\"position\":3,\"name\":\"Fwd Via homme\"}]},{\"@type\":\"WebSite\",\"@id\":\"https:\/\/www.miomiorun.com\/fr\/#website\",\"url\":\"https:\/\/www.miomiorun.com\/fr\/\",\"name\":\"MioMioRun\",\"description\":\"Boutique 100% running et trail\",\"publisher\":{\"@id\":\"https:\/\/www.miomiorun.com\/fr\/#organization\"},\"potentialAction\":[{\"@type\":\"SearchAction\",\"target\":{\"@type\":\"EntryPoint\",\"urlTemplate\":\"https:\/\/www.miomiorun.com\/fr\/?s={search_term_string}\"},\"query-input\":{\"@type\":\"PropertyValueSpecification\",\"valueRequired\":true,\"valueName\":\"search_term_string\"}}],\"inLanguage\":\"fr-FR\"},{\"@type\":\"Organization\",\"@id\":\"https:\/\/www.miomiorun.com\/fr\/#organization\",\"name\":\"MioMio Run\",\"url\":\"https:\/\/www.miomiorun.com\/fr\/\",\"logo\":{\"@type\":\"ImageObject\",\"inLanguage\":\"fr-FR\",\"@id\":\"https:\/\/www.miomiorun.com\/fr\/#\/schema\/logo\/image\/\",\"url\":\"https:\/\/www.miomiorun.com\/app\/uploads\/2019\/12\/logomio.png\",\"contentUrl\":\"https:\/\/www.miomiorun.com\/app\/uploads\/2019\/12\/logomio.png\",\"width\":115,\"height\":82,\"caption\":\"MioMio Run\"},\"image\":{\"@id\":\"https:\/\/www.miomiorun.com\/fr\/#\/schema\/logo\/image\/\"},\"sameAs\":[\"https:\/\/www.facebook.com\/miomiorun\/\",\"https:\/\/www.instagram.com\/miomiorun\/\"]}]}<\/script>\n<!-- \/ Yoast SEO plugin. -->","yoast_head_json":{"title":"Altra Fwd Via homme - Chaussures de course - MioMioRun","description":"Avec un amorti maximal, un profil rocker, un faible d\u00e9nivel\u00e9 et une bo\u00eete \u00e0 orteils plus spacieuse, les FWD VIA sont pr\u00eates \u00e0 aller de l'avant.","robots":{"index":"index","follow":"follow","max-snippet":"max-snippet:-1","max-image-preview":"max-image-preview:large","max-video-preview":"max-video-preview:-1"},"canonical":"https:\/\/www.miomiorun.com\/fr\/produit\/fwd-via-homme\/","og_locale":"fr_FR","og_type":"article","og_title":"Altra Fwd Via homme - Chaussures de course - MioMioRun","og_description":"Avec un amorti maximal, un profil rocker, un faible d\u00e9nivel\u00e9 et une bo\u00eete \u00e0 orteils plus spacieuse, les FWD VIA sont pr\u00eates \u00e0 aller de l'avant.","og_url":"https:\/\/www.miomiorun.com\/fr\/produit\/fwd-via-homme\/","og_site_name":"MioMioRun","article_publisher":"https:\/\/www.facebook.com\/miomiorun\/","article_modified_time":"2025-04-18T16:56:29+00:00","og_image":[{"width":600,"height":600,"url":"https:\/\/www.miomiorun.com\/app\/uploads\/2025\/01\/altra-FWD-VIA-BLK-ORN-AL0A85PN0131.webp","type":"image\/webp"}],"twitter_card":"summary_large_image","twitter_misc":{"Est. reading time":"2 minutes"},"schema":{"@context":"https:\/\/schema.org","@graph":[{"@type":"WebPage","@id":"https:\/\/www.miomiorun.com\/fr\/produit\/fwd-via-homme\/","url":"https:\/\/www.miomiorun.com\/fr\/produit\/fwd-via-homme\/","name":"Altra Fwd Via homme - Chaussures de course - MioMioRun","isPartOf":{"@id":"https:\/\/www.miomiorun.com\/fr\/#website"},"primaryImageOfPage":{"@id":"https:\/\/www.miomiorun.com\/fr\/produit\/fwd-via-homme\/#primaryimage"},"image":{"@id":"https:\/\/www.miomiorun.com\/fr\/produit\/fwd-via-homme\/#primaryimage"},"thumbnailUrl":"https:\/\/www.miomiorun.com\/app\/uploads\/2025\/01\/altra-FWD-VIA-BLK-ORN-AL0A85PN0131.webp","datePublished":"2025-01-14T14:02:00+00:00","dateModified":"2025-04-18T16:56:29+00:00","description":"Avec un amorti maximal, un profil rocker, un faible d\u00e9nivel\u00e9 et une bo\u00eete \u00e0 orteils plus spacieuse, les FWD VIA sont pr\u00eates \u00e0 aller de l'avant.","breadcrumb":{"@id":"https:\/\/www.miomiorun.com\/fr\/produit\/fwd-via-homme\/#breadcrumb"},"inLanguage":"fr-FR","potentialAction":[{"@type":"ReadAction","target":["https:\/\/www.miomiorun.com\/fr\/produit\/fwd-via-homme\/"]}]},{"@type":"ImageObject","inLanguage":"fr-FR","@id":"https:\/\/www.miomiorun.com\/fr\/produit\/fwd-via-homme\/#primaryimage","url":"https:\/\/www.miomiorun.com\/app\/uploads\/2025\/01\/altra-FWD-VIA-BLK-ORN-AL0A85PN0131.webp","contentUrl":"https:\/\/www.miomiorun.com\/app\/uploads\/2025\/01\/altra-FWD-VIA-BLK-ORN-AL0A85PN0131.webp","width":600,"height":600,"caption":"altra FWD VIA BLK ORN AL0A85PN0131"},{"@type":"BreadcrumbList","@id":"https:\/\/www.miomiorun.com\/fr\/produit\/fwd-via-homme\/#breadcrumb","itemListElement":[{"@type":"ListItem","position":1,"name":"Home","item":"https:\/\/www.miomiorun.com\/fr\/home-page\/"},{"@type":"ListItem","position":2,"name":"Shop","item":"https:\/\/www.miomiorun.com\/shop\/"},{"@type":"ListItem","position":3,"name":"Fwd Via homme"}]},{"@type":"WebSite","@id":"https:\/\/www.miomiorun.com\/fr\/#website","url":"https:\/\/www.miomiorun.com\/fr\/","name":"MioMioRun","description":"Boutique 100% running et trail","publisher":{"@id":"https:\/\/www.miomiorun.com\/fr\/#organization"},"potentialAction":[{"@type":"SearchAction","target":{"@type":"EntryPoint","urlTemplate":"https:\/\/www.miomiorun.com\/fr\/?s={search_term_string}"},"query-input":{"@type":"PropertyValueSpecification","valueRequired":true,"valueName":"search_term_string"}}],"inLanguage":"fr-FR"},{"@type":"Organization","@id":"https:\/\/www.miomiorun.com\/fr\/#organization","name":"MioMio Run","url":"https:\/\/www.miomiorun.com\/fr\/","logo":{"@type":"ImageObject","inLanguage":"fr-FR","@id":"https:\/\/www.miomiorun.com\/fr\/#\/schema\/logo\/image\/","url":"https:\/\/www.miomiorun.com\/app\/uploads\/2019\/12\/logomio.png","contentUrl":"https:\/\/www.miomiorun.com\/app\/uploads\/2019\/12\/logomio.png","width":115,"height":82,"caption":"MioMio Run"},"image":{"@id":"https:\/\/www.miomiorun.com\/fr\/#\/schema\/logo\/image\/"},"sameAs":["https:\/\/www.facebook.com\/miomiorun\/","https:\/\/www.instagram.com\/miomiorun\/"]}]}},"_links":{"self":[{"href":"https:\/\/www.miomiorun.com\/fr\/wp-json\/wp\/v2\/product\/296747","targetHints":{"allow":["GET"]}}],"collection":[{"href":"https:\/\/www.miomiorun.com\/fr\/wp-json\/wp\/v2\/product"}],"about":[{"href":"https:\/\/www.miomiorun.com\/fr\/wp-json\/wp\/v2\/types\/product"}],"wp:featuredmedia":[{"embeddable":true,"href":"https:\/\/www.miomiorun.com\/fr\/wp-json\/wp\/v2\/media\/251152"}],"wp:attachment":[{"href":"https:\/\/www.miomiorun.com\/fr\/wp-json\/wp\/v2\/media?parent=296747"}],"wp:term":[{"taxonomy":"product_brand","embeddable":true,"href":"https:\/\/www.miomiorun.com\/fr\/wp-json\/wp\/v2\/product_brand?post=296747"},{"taxonomy":"product_cat","embeddable":true,"href":"https:\/\/www.miomiorun.com\/fr\/wp-json\/wp\/v2\/product_cat?post=296747"},{"taxonomy":"product_tag","embeddable":true,"href":"https:\/\/www.miomiorun.com\/fr\/wp-json\/wp\/v2\/product_tag?post=296747"}],"curies":[{"name":"wp","href":"https:\/\/api.w.org\/{rel}","templated":true}]}}