{"id":296725,"date":"2024-10-16T16:22:53","date_gmt":"2024-10-16T14:22:53","guid":{"rendered":"https:\/\/miomiorun.com\/prodotto\/pantaloni-essentials-fleece-3-stripes-tapered-cuff-uomo\/"},"modified":"2025-05-22T16:42:29","modified_gmt":"2025-05-22T14:42:29","slug":"pantalon-essentials-fleece-3-stripes-tapered-cuff-homme","status":"publish","type":"product","link":"https:\/\/www.miomiorun.com\/fr\/produit\/pantalon-essentials-fleece-3-stripes-tapered-cuff-homme\/","title":{"rendered":"Pantalon Essentials Fleece 3-Stripes Tapered Cuff homme"},"content":{"rendered":"<div id=\"tw-target-text-container\" class=\"tw-ta-container F0azHf tw-nfl\" tabindex=\"0\">\n<p>Le pantalon <strong>Essentials Fleece 3-Stripes Tapered C<\/strong> uff est un pantalon adidas pour homme parfait pour le temps froid et les journ\u00e9es bien remplies. Fabriqu\u00e9 dans un tissu doux en molleton de coton m\u00e9lang\u00e9, il est id\u00e9al lorsque vous savez que vous allez devoir passer la journ\u00e9e dehors. La taille moyenne est termin\u00e9e par une ceinture \u00e9lastique, tandis que les jambes fusel\u00e9es et les ourlets c\u00f4tel\u00e9s vous permettent de montrer vos baskets. \u00c9quip\u00e9 de poches sur le devant pour garder tout \u00e0 port\u00e9e de main.<\/p>\n<ul>\n<li>Au moins 70 % de ce produit est fabriqu\u00e9 \u00e0 partir d&#8217;un m\u00e9lange de mat\u00e9riaux recycl\u00e9s et renouvelables.<\/li>\n<\/ul>\n<h3>Caract\u00e9ristiques :<\/h3>\n<ul>\n<li>Contenu recycl\u00e9 : Ce produit est fabriqu\u00e9 \u00e0 partir de contenu recycl\u00e9 dans le cadre de notre ambition de mettre fin aux d\u00e9chets plastiques.<\/li>\n<li>Meilleur coton : Nos produits en coton soutiennent l&#8217;agriculture durable du coton. CELA FAIT PARTIE DE NOTRE AMBITION DE METTRE FIN AUX D\u00c9CHETS PLASTIQUES.<\/li>\n<li>Ex\u00e9cution et emplacement du logo : Petit logo adidas sur la jambe gauche<\/li>\n<li>Coupe : Ourlet avec poignets<\/li>\n<li>Coupe : R\u00e9guli\u00e8re, fusel\u00e9e<\/li>\n<li>Logo et positionnement : 3 bandes sur toute la longueur des deux c\u00f4t\u00e9s<\/li>\n<li>Garnitures et d\u00e9tails : Cordon de serrage pour l&#8217;ajustement<\/li>\n<li>D\u00e9coupes et d\u00e9tails : poches lat\u00e9rales<\/li>\n<li>Coupe : entrejambe : 30 pouces<\/li>\n<\/ul>\n<h4 class=\"care-title___2YJe1 gl-no-margin-bottom\">Instructions de lavage<\/h4>\n<ul class=\"\">\n<li class=\"gl-vspace-bpall-small\"><img loading=\"lazy\" decoding=\"async\" src=\"https:\/\/www.adidas.it\/glass\/react\/050cc48\/assets\/img\/washing-instructions\/B1.svg\" alt=\"\" width=\"24\" height=\"24\" \/> Ne pas javelliser<\/li>\n<li class=\"gl-vspace-bpall-small\"><img loading=\"lazy\" decoding=\"async\" src=\"https:\/\/www.adidas.it\/glass\/react\/050cc48\/assets\/img\/washing-instructions\/C2.svg\" alt=\"\" width=\"24\" height=\"24\" \/> Utiliser un s\u00e8che-linge \u00e0 basse temp\u00e9rature<\/li>\n<li class=\"gl-vspace-bpall-small\"><img loading=\"lazy\" decoding=\"async\" src=\"https:\/\/www.adidas.it\/glass\/react\/050cc48\/assets\/img\/washing-instructions\/E1.svg\" alt=\"\" width=\"24\" height=\"24\" \/> Ne pas nettoyer \u00e0 sec<\/li>\n<li class=\"gl-vspace-bpall-small\"><img loading=\"lazy\" decoding=\"async\" src=\"https:\/\/www.adidas.it\/glass\/react\/050cc48\/assets\/img\/washing-instructions\/D2.svg\" alt=\"\" width=\"24\" height=\"24\" \/> Repassage d\u00e9licat \u00e0 froid<\/li>\n<li class=\"gl-vspace-bpall-small\"><img loading=\"lazy\" decoding=\"async\" src=\"https:\/\/www.adidas.it\/glass\/react\/050cc48\/assets\/img\/washing-instructions\/A4.svg\" alt=\"\" width=\"24\" height=\"24\" \/> Lavage en machine au cycle d\u00e9licat et \u00e0 l&#8217;eau froide<\/li>\n<\/ul>\n<div class=\"extra-instructions___2TR8b\">\n<h4 class=\"care-title___2YJe1 gl-no-margin-bottom\">Informations sur l&#8217;entretien du produit<\/h4>\n<ul class=\"gl-list gl-vspace-bpall-small\">\n<li class=\"gl-vspace-bpall-small\">Ne pas utiliser d&#8217;assouplissant<\/li>\n<li class=\"gl-vspace-bpall-small\">N&#8217;utiliser que des d\u00e9tergents doux<\/li>\n<li class=\"gl-vspace-bpall-small\">Laver avec des couleurs similaires<\/li>\n<\/ul>\n<\/div>\n<\/div>\n<div id=\"tw-target-rmn-container\" class=\"tw-target-rmn tw-ta-container F0azHf tw-nfl\">\n<pre id=\"tw-target-rmn\" class=\"tw-data-placeholder tw-text-small tw-ta\" dir=\"ltr\" data-placeholder=\"\">\r\n\r\n<\/pre>\n<\/div>\n","protected":false},"excerpt":{"rendered":"<ul>\n<li>Pantalon parfait \u00e0 porter pendant les froides journ\u00e9es d&#8217;hiver<\/li>\n<li>Id\u00e9al pour passer du temps \u00e0 l&#8217;ext\u00e9rieur<\/li>\n<\/ul>\n","protected":false},"featured_media":249808,"template":"","meta":{"_acf_changed":false,"inline_featured_image":false},"product_brand":[],"product_cat":[24450,24482,24484],"product_tag":[23557,23564],"class_list":{"0":"post-296725","1":"product","2":"type-product","3":"status-publish","4":"has-post-thumbnail","6":"product_cat-pantalon-long-fr-3","7":"product_cat-vetements-pour-hommes-fr","8":"product_cat-homme","9":"product_tag-adidas-fr","10":"product_tag-adidas-homme","11":"pa_attivita-fitness-fr","12":"pa_attivita-lifestyle-fr","13":"pa_colore-m-3s-fl-tc-pt-legink-fr","14":"pa_marca-adidas-fr","15":"pa_sesso-homme","16":"pa_size-small-fr","18":"first","19":"instock","20":"sale","21":"taxable","22":"shipping-taxable","23":"purchasable","24":"product-type-variable","25":"wvs-archive-product-wrapper"},"acf":[],"yoast_head":"<!-- This site is optimized with the Yoast SEO plugin v26.8 - https:\/\/yoast.com\/product\/yoast-seo-wordpress\/ -->\n<title>AdidasPantalon Essentials Fleece 3-Stripes Tapered Cuff homme -pantalons de surv\u00eatement - MioMioRun<\/title>\n<meta name=\"description\" content=\"Le pantalon Essentials Fleece 3-Stripes Tapered Cuff est un pantalon adidas pour homme parfait pour les temps froids et les journ\u00e9es charg\u00e9es.\" \/>\n<meta name=\"robots\" content=\"index, follow, max-snippet:-1, max-image-preview:large, max-video-preview:-1\" \/>\n<link rel=\"canonical\" href=\"https:\/\/www.miomiorun.com\/fr\/produit\/pantalon-essentials-fleece-3-stripes-tapered-cuff-homme\/\" \/>\n<meta property=\"og:locale\" content=\"fr_FR\" \/>\n<meta property=\"og:type\" content=\"article\" \/>\n<meta property=\"og:title\" content=\"AdidasPantalon Essentials Fleece 3-Stripes Tapered Cuff homme -pantalons de surv\u00eatement - MioMioRun\" \/>\n<meta property=\"og:description\" content=\"Le pantalon Essentials Fleece 3-Stripes Tapered Cuff est un pantalon adidas pour homme parfait pour les temps froids et les journ\u00e9es charg\u00e9es.\" \/>\n<meta property=\"og:url\" content=\"https:\/\/www.miomiorun.com\/fr\/produit\/pantalon-essentials-fleece-3-stripes-tapered-cuff-homme\/\" \/>\n<meta property=\"og:site_name\" content=\"MioMioRun\" \/>\n<meta property=\"article:publisher\" content=\"https:\/\/www.facebook.com\/miomiorun\/\" \/>\n<meta property=\"article:modified_time\" content=\"2025-05-22T14:42:29+00:00\" \/>\n<meta property=\"og:image\" content=\"https:\/\/www.miomiorun.com\/app\/uploads\/2024\/10\/adidas-M-3S-FL-TC-PT-legink-IJ6493.webp\" \/>\n\t<meta property=\"og:image:width\" content=\"600\" \/>\n\t<meta property=\"og:image:height\" content=\"600\" \/>\n\t<meta property=\"og:image:type\" content=\"image\/webp\" \/>\n<meta name=\"twitter:card\" content=\"summary_large_image\" \/>\n<meta name=\"twitter:label1\" content=\"Est. reading time\" \/>\n\t<meta name=\"twitter:data1\" content=\"1 minute\" \/>\n<script type=\"application\/ld+json\" class=\"yoast-schema-graph\">{\"@context\":\"https:\/\/schema.org\",\"@graph\":[{\"@type\":\"WebPage\",\"@id\":\"https:\/\/www.miomiorun.com\/fr\/produit\/pantalon-essentials-fleece-3-stripes-tapered-cuff-homme\/\",\"url\":\"https:\/\/www.miomiorun.com\/fr\/produit\/pantalon-essentials-fleece-3-stripes-tapered-cuff-homme\/\",\"name\":\"AdidasPantalon Essentials Fleece 3-Stripes Tapered Cuff homme -pantalons de surv\u00eatement - MioMioRun\",\"isPartOf\":{\"@id\":\"https:\/\/www.miomiorun.com\/fr\/#website\"},\"primaryImageOfPage\":{\"@id\":\"https:\/\/www.miomiorun.com\/fr\/produit\/pantalon-essentials-fleece-3-stripes-tapered-cuff-homme\/#primaryimage\"},\"image\":{\"@id\":\"https:\/\/www.miomiorun.com\/fr\/produit\/pantalon-essentials-fleece-3-stripes-tapered-cuff-homme\/#primaryimage\"},\"thumbnailUrl\":\"https:\/\/www.miomiorun.com\/app\/uploads\/2024\/10\/adidas-M-3S-FL-TC-PT-legink-IJ6493.webp\",\"datePublished\":\"2024-10-16T14:22:53+00:00\",\"dateModified\":\"2025-05-22T14:42:29+00:00\",\"description\":\"Le pantalon Essentials Fleece 3-Stripes Tapered Cuff est un pantalon adidas pour homme parfait pour les temps froids et les journ\u00e9es charg\u00e9es.\",\"breadcrumb\":{\"@id\":\"https:\/\/www.miomiorun.com\/fr\/produit\/pantalon-essentials-fleece-3-stripes-tapered-cuff-homme\/#breadcrumb\"},\"inLanguage\":\"fr-FR\",\"potentialAction\":[{\"@type\":\"ReadAction\",\"target\":[\"https:\/\/www.miomiorun.com\/fr\/produit\/pantalon-essentials-fleece-3-stripes-tapered-cuff-homme\/\"]}]},{\"@type\":\"ImageObject\",\"inLanguage\":\"fr-FR\",\"@id\":\"https:\/\/www.miomiorun.com\/fr\/produit\/pantalon-essentials-fleece-3-stripes-tapered-cuff-homme\/#primaryimage\",\"url\":\"https:\/\/www.miomiorun.com\/app\/uploads\/2024\/10\/adidas-M-3S-FL-TC-PT-legink-IJ6493.webp\",\"contentUrl\":\"https:\/\/www.miomiorun.com\/app\/uploads\/2024\/10\/adidas-M-3S-FL-TC-PT-legink-IJ6493.webp\",\"width\":600,\"height\":600,\"caption\":\"adidas M 3S FL TC PT legink IJ6493\"},{\"@type\":\"BreadcrumbList\",\"@id\":\"https:\/\/www.miomiorun.com\/fr\/produit\/pantalon-essentials-fleece-3-stripes-tapered-cuff-homme\/#breadcrumb\",\"itemListElement\":[{\"@type\":\"ListItem\",\"position\":1,\"name\":\"Home\",\"item\":\"https:\/\/www.miomiorun.com\/fr\/home-page\/\"},{\"@type\":\"ListItem\",\"position\":2,\"name\":\"Shop\",\"item\":\"https:\/\/www.miomiorun.com\/shop\/\"},{\"@type\":\"ListItem\",\"position\":3,\"name\":\"Pantalon Essentials Fleece 3-Stripes Tapered Cuff homme\"}]},{\"@type\":\"WebSite\",\"@id\":\"https:\/\/www.miomiorun.com\/fr\/#website\",\"url\":\"https:\/\/www.miomiorun.com\/fr\/\",\"name\":\"MioMioRun\",\"description\":\"Boutique 100% running et trail\",\"publisher\":{\"@id\":\"https:\/\/www.miomiorun.com\/fr\/#organization\"},\"potentialAction\":[{\"@type\":\"SearchAction\",\"target\":{\"@type\":\"EntryPoint\",\"urlTemplate\":\"https:\/\/www.miomiorun.com\/fr\/?s={search_term_string}\"},\"query-input\":{\"@type\":\"PropertyValueSpecification\",\"valueRequired\":true,\"valueName\":\"search_term_string\"}}],\"inLanguage\":\"fr-FR\"},{\"@type\":\"Organization\",\"@id\":\"https:\/\/www.miomiorun.com\/fr\/#organization\",\"name\":\"MioMio Run\",\"url\":\"https:\/\/www.miomiorun.com\/fr\/\",\"logo\":{\"@type\":\"ImageObject\",\"inLanguage\":\"fr-FR\",\"@id\":\"https:\/\/www.miomiorun.com\/fr\/#\/schema\/logo\/image\/\",\"url\":\"https:\/\/www.miomiorun.com\/app\/uploads\/2019\/12\/logomio.png\",\"contentUrl\":\"https:\/\/www.miomiorun.com\/app\/uploads\/2019\/12\/logomio.png\",\"width\":115,\"height\":82,\"caption\":\"MioMio Run\"},\"image\":{\"@id\":\"https:\/\/www.miomiorun.com\/fr\/#\/schema\/logo\/image\/\"},\"sameAs\":[\"https:\/\/www.facebook.com\/miomiorun\/\",\"https:\/\/www.instagram.com\/miomiorun\/\"]}]}<\/script>\n<!-- \/ Yoast SEO plugin. -->","yoast_head_json":{"title":"AdidasPantalon Essentials Fleece 3-Stripes Tapered Cuff homme -pantalons de surv\u00eatement - MioMioRun","description":"Le pantalon Essentials Fleece 3-Stripes Tapered Cuff est un pantalon adidas pour homme parfait pour les temps froids et les journ\u00e9es charg\u00e9es.","robots":{"index":"index","follow":"follow","max-snippet":"max-snippet:-1","max-image-preview":"max-image-preview:large","max-video-preview":"max-video-preview:-1"},"canonical":"https:\/\/www.miomiorun.com\/fr\/produit\/pantalon-essentials-fleece-3-stripes-tapered-cuff-homme\/","og_locale":"fr_FR","og_type":"article","og_title":"AdidasPantalon Essentials Fleece 3-Stripes Tapered Cuff homme -pantalons de surv\u00eatement - MioMioRun","og_description":"Le pantalon Essentials Fleece 3-Stripes Tapered Cuff est un pantalon adidas pour homme parfait pour les temps froids et les journ\u00e9es charg\u00e9es.","og_url":"https:\/\/www.miomiorun.com\/fr\/produit\/pantalon-essentials-fleece-3-stripes-tapered-cuff-homme\/","og_site_name":"MioMioRun","article_publisher":"https:\/\/www.facebook.com\/miomiorun\/","article_modified_time":"2025-05-22T14:42:29+00:00","og_image":[{"width":600,"height":600,"url":"https:\/\/www.miomiorun.com\/app\/uploads\/2024\/10\/adidas-M-3S-FL-TC-PT-legink-IJ6493.webp","type":"image\/webp"}],"twitter_card":"summary_large_image","twitter_misc":{"Est. reading time":"1 minute"},"schema":{"@context":"https:\/\/schema.org","@graph":[{"@type":"WebPage","@id":"https:\/\/www.miomiorun.com\/fr\/produit\/pantalon-essentials-fleece-3-stripes-tapered-cuff-homme\/","url":"https:\/\/www.miomiorun.com\/fr\/produit\/pantalon-essentials-fleece-3-stripes-tapered-cuff-homme\/","name":"AdidasPantalon Essentials Fleece 3-Stripes Tapered Cuff homme -pantalons de surv\u00eatement - MioMioRun","isPartOf":{"@id":"https:\/\/www.miomiorun.com\/fr\/#website"},"primaryImageOfPage":{"@id":"https:\/\/www.miomiorun.com\/fr\/produit\/pantalon-essentials-fleece-3-stripes-tapered-cuff-homme\/#primaryimage"},"image":{"@id":"https:\/\/www.miomiorun.com\/fr\/produit\/pantalon-essentials-fleece-3-stripes-tapered-cuff-homme\/#primaryimage"},"thumbnailUrl":"https:\/\/www.miomiorun.com\/app\/uploads\/2024\/10\/adidas-M-3S-FL-TC-PT-legink-IJ6493.webp","datePublished":"2024-10-16T14:22:53+00:00","dateModified":"2025-05-22T14:42:29+00:00","description":"Le pantalon Essentials Fleece 3-Stripes Tapered Cuff est un pantalon adidas pour homme parfait pour les temps froids et les journ\u00e9es charg\u00e9es.","breadcrumb":{"@id":"https:\/\/www.miomiorun.com\/fr\/produit\/pantalon-essentials-fleece-3-stripes-tapered-cuff-homme\/#breadcrumb"},"inLanguage":"fr-FR","potentialAction":[{"@type":"ReadAction","target":["https:\/\/www.miomiorun.com\/fr\/produit\/pantalon-essentials-fleece-3-stripes-tapered-cuff-homme\/"]}]},{"@type":"ImageObject","inLanguage":"fr-FR","@id":"https:\/\/www.miomiorun.com\/fr\/produit\/pantalon-essentials-fleece-3-stripes-tapered-cuff-homme\/#primaryimage","url":"https:\/\/www.miomiorun.com\/app\/uploads\/2024\/10\/adidas-M-3S-FL-TC-PT-legink-IJ6493.webp","contentUrl":"https:\/\/www.miomiorun.com\/app\/uploads\/2024\/10\/adidas-M-3S-FL-TC-PT-legink-IJ6493.webp","width":600,"height":600,"caption":"adidas M 3S FL TC PT legink IJ6493"},{"@type":"BreadcrumbList","@id":"https:\/\/www.miomiorun.com\/fr\/produit\/pantalon-essentials-fleece-3-stripes-tapered-cuff-homme\/#breadcrumb","itemListElement":[{"@type":"ListItem","position":1,"name":"Home","item":"https:\/\/www.miomiorun.com\/fr\/home-page\/"},{"@type":"ListItem","position":2,"name":"Shop","item":"https:\/\/www.miomiorun.com\/shop\/"},{"@type":"ListItem","position":3,"name":"Pantalon Essentials Fleece 3-Stripes Tapered Cuff homme"}]},{"@type":"WebSite","@id":"https:\/\/www.miomiorun.com\/fr\/#website","url":"https:\/\/www.miomiorun.com\/fr\/","name":"MioMioRun","description":"Boutique 100% running et trail","publisher":{"@id":"https:\/\/www.miomiorun.com\/fr\/#organization"},"potentialAction":[{"@type":"SearchAction","target":{"@type":"EntryPoint","urlTemplate":"https:\/\/www.miomiorun.com\/fr\/?s={search_term_string}"},"query-input":{"@type":"PropertyValueSpecification","valueRequired":true,"valueName":"search_term_string"}}],"inLanguage":"fr-FR"},{"@type":"Organization","@id":"https:\/\/www.miomiorun.com\/fr\/#organization","name":"MioMio Run","url":"https:\/\/www.miomiorun.com\/fr\/","logo":{"@type":"ImageObject","inLanguage":"fr-FR","@id":"https:\/\/www.miomiorun.com\/fr\/#\/schema\/logo\/image\/","url":"https:\/\/www.miomiorun.com\/app\/uploads\/2019\/12\/logomio.png","contentUrl":"https:\/\/www.miomiorun.com\/app\/uploads\/2019\/12\/logomio.png","width":115,"height":82,"caption":"MioMio Run"},"image":{"@id":"https:\/\/www.miomiorun.com\/fr\/#\/schema\/logo\/image\/"},"sameAs":["https:\/\/www.facebook.com\/miomiorun\/","https:\/\/www.instagram.com\/miomiorun\/"]}]}},"_links":{"self":[{"href":"https:\/\/www.miomiorun.com\/fr\/wp-json\/wp\/v2\/product\/296725","targetHints":{"allow":["GET"]}}],"collection":[{"href":"https:\/\/www.miomiorun.com\/fr\/wp-json\/wp\/v2\/product"}],"about":[{"href":"https:\/\/www.miomiorun.com\/fr\/wp-json\/wp\/v2\/types\/product"}],"wp:featuredmedia":[{"embeddable":true,"href":"https:\/\/www.miomiorun.com\/fr\/wp-json\/wp\/v2\/media\/249808"}],"wp:attachment":[{"href":"https:\/\/www.miomiorun.com\/fr\/wp-json\/wp\/v2\/media?parent=296725"}],"wp:term":[{"taxonomy":"product_brand","embeddable":true,"href":"https:\/\/www.miomiorun.com\/fr\/wp-json\/wp\/v2\/product_brand?post=296725"},{"taxonomy":"product_cat","embeddable":true,"href":"https:\/\/www.miomiorun.com\/fr\/wp-json\/wp\/v2\/product_cat?post=296725"},{"taxonomy":"product_tag","embeddable":true,"href":"https:\/\/www.miomiorun.com\/fr\/wp-json\/wp\/v2\/product_tag?post=296725"}],"curies":[{"name":"wp","href":"https:\/\/api.w.org\/{rel}","templated":true}]}}