{"id":296522,"date":"2024-10-17T14:46:18","date_gmt":"2024-10-17T12:46:18","guid":{"rendered":"https:\/\/miomiorun.com\/prodotto\/launch-elite-shortsleeve-donna\/"},"modified":"2025-05-22T17:04:57","modified_gmt":"2025-05-22T15:04:57","slug":"launch-elite-shortsleeve-homme","status":"publish","type":"product","link":"https:\/\/www.miomiorun.com\/fr\/produit\/launch-elite-shortsleeve-homme\/","title":{"rendered":"Launch Elite shortsleeve femme"},"content":{"rendered":"<div class=\"vc-row container\"><div class=\"vc-column\"><div class=\"vc-column-text\"><strong> La manche courte pour<\/strong> femmes <strong> Launch Elite<\/strong> est cr\u00e9\u00e9e avec un tissu r\u00e9volutionnaire qui \u00e9vacue rapidement la chaleur de la peau et vous permet de vous sentir calme, fra\u00eeche et au mieux de votre forme.<\/p>\n<h3>Caract\u00e9ristiques :<\/h3>\n<div id=\"acc-1\" class=\"g-accordion-content collapse show\">\n<ul class=\"t-tabs_data\">\n<li class=\"t-tabs_list\">Le tissu Iso-Chill aide \u00e0 disperser la chaleur corporelle pour une sensation de fra\u00eecheur.<\/li>\n<li class=\"t-tabs_list\">Perforations laser aux endroits strat\u00e9giques pour une meilleure ventilation<\/li>\n<li class=\"t-tabs_list\">Mati\u00e8re extensible dans 4 directions pour une meilleure mobilit\u00e9<\/li>\n<li class=\"t-tabs_list\">La mati\u00e8re absorbe la transpiration et s\u00e8che tr\u00e8s rapidement<\/li>\n<li class=\"t-tabs_list\">Ourlet en forme avec fentes lat\u00e9rales<\/li>\n<li><span class=\"feature-icon-label\">Protection solaire UPF 30<\/span><\/li>\n<li class=\"t-tabs_list\">D\u00e9tails r\u00e9fl\u00e9chissants<\/li>\n<li class=\"t-tabs_list\">Mati\u00e8re : 90% nylon\/10% \u00e9lasthanne<\/li>\n<\/ul>\n<h3>Coupe et entretien<\/h3>\n<div id=\"acc-3\" class=\"g-accordion-content collapse\">\n<ul class=\"t-tabs_data\">\n<li class=\"t-tabs_list\">Confortable <span class=\"t-bold_font\">: <\/span>Coupe plus ample pour un maximum de confort.<\/li>\n<li class=\"t-tabs_list\">Lavage en machine \u00e0 froid avec des couleurs similaires<\/li>\n<li class=\"t-tabs_list\">Ne pas utiliser d&#8217;assouplissant<\/li>\n<li class=\"t-tabs_list\">Si n\u00e9cessaire, n&#8217;utiliser que de l&#8217;eau de Javel sans chlore<\/li>\n<li class=\"t-tabs_list\">S\u00e9cher dans un s\u00e8che-linge \u00e0 basse temp\u00e9rature<\/li>\n<li class=\"t-tabs_list\">Ne pas repasser<\/li>\n<li class=\"t-tabs_list\">Ne pas nettoyer \u00e0 sec<\/li>\n<\/ul>\n<\/div>\n<\/div>\n<p>&nbsp;<\/p>\n<p><\/div><\/div><\/div>\n","protected":false},"excerpt":{"rendered":"<ul class=\"m-long-description__features\">\n<li class=\"m-long-description__feature\">T-shirt \u00e0 s\u00e9chage rapide avec protection UV.<\/li>\n<li class=\"m-long-description__feature\">Coupe id\u00e9ale pour la course \u00e0 pied.<\/li>\n<li class=\"m-long-description__feature\">Comprend des d\u00e9tails r\u00e9fl\u00e9chissants pour une visibilit\u00e9 accrue.<\/li>\n<\/ul>\n","protected":false},"featured_media":249938,"template":"","meta":{"_acf_changed":false,"inline_featured_image":false},"product_brand":[],"product_cat":[22604,22596],"product_tag":[23530,23575],"class_list":{"0":"post-296522","1":"product","2":"type-product","3":"status-publish","4":"has-post-thumbnail","6":"product_cat-t-shirt","7":"product_cat-vetements-pour-femmes","8":"product_tag-under-armour-fr","9":"product_tag-under-armour-femme","10":"pa_attivita-fitness-fr","11":"pa_attivita-lifestyle-fr","12":"pa_attivita-marcher","13":"pa_attivita-running-fr","14":"pa_colore-launch-elite-shortsleeve-black-w-fr","15":"pa_colore-launch-elite-shortsleeve-w-black-fr","16":"pa_colore-launch-elite-shortsleeve-w-ether-blue-fr","17":"pa_colore-launch-elite-shortsleeves-w-transparent-reflective-fr","18":"pa_marca-under-armour-fr","19":"pa_sesso-femme","20":"pa_size-extra-small-fr","21":"pa_size-small-fr","22":"pa_size-medium-fr","23":"pa_size-large-fr","25":"first","26":"instock","27":"sale","28":"taxable","29":"shipping-taxable","30":"purchasable","31":"product-type-variable","32":"wvs-archive-product-wrapper"},"acf":[],"yoast_head":"<!-- This site is optimized with the Yoast SEO plugin v26.8 - https:\/\/yoast.com\/product\/yoast-seo-wordpress\/ -->\n<title>Under Armour Launch Elite shortsleeve femme - t-shirt pour courir- MioMioRun<\/title>\n<meta name=\"description\" content=\"La manche courte pour femmes Launch Elite est cr\u00e9\u00e9e avec un tissu r\u00e9volutionnaire qui \u00e9vacue rapidement la chaleur de la peau et vous procure une sensation de calme et de fra\u00eecheur.\" \/>\n<meta name=\"robots\" content=\"index, follow, max-snippet:-1, max-image-preview:large, max-video-preview:-1\" \/>\n<link rel=\"canonical\" href=\"https:\/\/www.miomiorun.com\/fr\/produit\/launch-elite-shortsleeve-homme\/\" \/>\n<meta property=\"og:locale\" content=\"fr_FR\" \/>\n<meta property=\"og:type\" content=\"article\" \/>\n<meta property=\"og:title\" content=\"Under Armour Launch Elite shortsleeve femme - t-shirt pour courir- MioMioRun\" \/>\n<meta property=\"og:description\" content=\"La manche courte pour femmes Launch Elite est cr\u00e9\u00e9e avec un tissu r\u00e9volutionnaire qui \u00e9vacue rapidement la chaleur de la peau et vous procure une sensation de calme et de fra\u00eecheur.\" \/>\n<meta property=\"og:url\" content=\"https:\/\/www.miomiorun.com\/fr\/produit\/launch-elite-shortsleeve-homme\/\" \/>\n<meta property=\"og:site_name\" content=\"MioMioRun\" \/>\n<meta property=\"article:publisher\" content=\"https:\/\/www.facebook.com\/miomiorun\/\" \/>\n<meta property=\"article:modified_time\" content=\"2025-05-22T15:04:57+00:00\" \/>\n<meta property=\"og:image\" content=\"https:\/\/www.miomiorun.com\/app\/uploads\/2024\/10\/under-armour-Launch-elite-shortsleeve-black-W-1383364-0001.webp\" \/>\n\t<meta property=\"og:image:width\" content=\"600\" \/>\n\t<meta property=\"og:image:height\" content=\"600\" \/>\n\t<meta property=\"og:image:type\" content=\"image\/webp\" \/>\n<meta name=\"twitter:card\" content=\"summary_large_image\" \/>\n<meta name=\"twitter:label1\" content=\"Est. reading time\" \/>\n\t<meta name=\"twitter:data1\" content=\"1 minute\" \/>\n<script type=\"application\/ld+json\" class=\"yoast-schema-graph\">{\"@context\":\"https:\/\/schema.org\",\"@graph\":[{\"@type\":\"WebPage\",\"@id\":\"https:\/\/www.miomiorun.com\/fr\/produit\/launch-elite-shortsleeve-homme\/\",\"url\":\"https:\/\/www.miomiorun.com\/fr\/produit\/launch-elite-shortsleeve-homme\/\",\"name\":\"Under Armour Launch Elite shortsleeve femme - t-shirt pour courir- MioMioRun\",\"isPartOf\":{\"@id\":\"https:\/\/www.miomiorun.com\/fr\/#website\"},\"primaryImageOfPage\":{\"@id\":\"https:\/\/www.miomiorun.com\/fr\/produit\/launch-elite-shortsleeve-homme\/#primaryimage\"},\"image\":{\"@id\":\"https:\/\/www.miomiorun.com\/fr\/produit\/launch-elite-shortsleeve-homme\/#primaryimage\"},\"thumbnailUrl\":\"https:\/\/www.miomiorun.com\/app\/uploads\/2024\/10\/under-armour-Launch-elite-shortsleeve-black-W-1383364-0001.webp\",\"datePublished\":\"2024-10-17T12:46:18+00:00\",\"dateModified\":\"2025-05-22T15:04:57+00:00\",\"description\":\"La manche courte pour femmes Launch Elite est cr\u00e9\u00e9e avec un tissu r\u00e9volutionnaire qui \u00e9vacue rapidement la chaleur de la peau et vous procure une sensation de calme et de fra\u00eecheur.\",\"breadcrumb\":{\"@id\":\"https:\/\/www.miomiorun.com\/fr\/produit\/launch-elite-shortsleeve-homme\/#breadcrumb\"},\"inLanguage\":\"fr-FR\",\"potentialAction\":[{\"@type\":\"ReadAction\",\"target\":[\"https:\/\/www.miomiorun.com\/fr\/produit\/launch-elite-shortsleeve-homme\/\"]}]},{\"@type\":\"ImageObject\",\"inLanguage\":\"fr-FR\",\"@id\":\"https:\/\/www.miomiorun.com\/fr\/produit\/launch-elite-shortsleeve-homme\/#primaryimage\",\"url\":\"https:\/\/www.miomiorun.com\/app\/uploads\/2024\/10\/under-armour-Launch-elite-shortsleeve-black-W-1383364-0001.webp\",\"contentUrl\":\"https:\/\/www.miomiorun.com\/app\/uploads\/2024\/10\/under-armour-Launch-elite-shortsleeve-black-W-1383364-0001.webp\",\"width\":600,\"height\":600,\"caption\":\"under armour Launch elite shortsleeve black W 1383364-0001\"},{\"@type\":\"BreadcrumbList\",\"@id\":\"https:\/\/www.miomiorun.com\/fr\/produit\/launch-elite-shortsleeve-homme\/#breadcrumb\",\"itemListElement\":[{\"@type\":\"ListItem\",\"position\":1,\"name\":\"Home\",\"item\":\"https:\/\/www.miomiorun.com\/fr\/home-page\/\"},{\"@type\":\"ListItem\",\"position\":2,\"name\":\"Shop\",\"item\":\"https:\/\/www.miomiorun.com\/shop\/\"},{\"@type\":\"ListItem\",\"position\":3,\"name\":\"Launch Elite shortsleeve femme\"}]},{\"@type\":\"WebSite\",\"@id\":\"https:\/\/www.miomiorun.com\/fr\/#website\",\"url\":\"https:\/\/www.miomiorun.com\/fr\/\",\"name\":\"MioMioRun\",\"description\":\"Boutique 100% running et trail\",\"publisher\":{\"@id\":\"https:\/\/www.miomiorun.com\/fr\/#organization\"},\"potentialAction\":[{\"@type\":\"SearchAction\",\"target\":{\"@type\":\"EntryPoint\",\"urlTemplate\":\"https:\/\/www.miomiorun.com\/fr\/?s={search_term_string}\"},\"query-input\":{\"@type\":\"PropertyValueSpecification\",\"valueRequired\":true,\"valueName\":\"search_term_string\"}}],\"inLanguage\":\"fr-FR\"},{\"@type\":\"Organization\",\"@id\":\"https:\/\/www.miomiorun.com\/fr\/#organization\",\"name\":\"MioMio Run\",\"url\":\"https:\/\/www.miomiorun.com\/fr\/\",\"logo\":{\"@type\":\"ImageObject\",\"inLanguage\":\"fr-FR\",\"@id\":\"https:\/\/www.miomiorun.com\/fr\/#\/schema\/logo\/image\/\",\"url\":\"https:\/\/www.miomiorun.com\/app\/uploads\/2019\/12\/logomio.png\",\"contentUrl\":\"https:\/\/www.miomiorun.com\/app\/uploads\/2019\/12\/logomio.png\",\"width\":115,\"height\":82,\"caption\":\"MioMio Run\"},\"image\":{\"@id\":\"https:\/\/www.miomiorun.com\/fr\/#\/schema\/logo\/image\/\"},\"sameAs\":[\"https:\/\/www.facebook.com\/miomiorun\/\",\"https:\/\/www.instagram.com\/miomiorun\/\"]}]}<\/script>\n<!-- \/ Yoast SEO plugin. -->","yoast_head_json":{"title":"Under Armour Launch Elite shortsleeve femme - t-shirt pour courir- MioMioRun","description":"La manche courte pour femmes Launch Elite est cr\u00e9\u00e9e avec un tissu r\u00e9volutionnaire qui \u00e9vacue rapidement la chaleur de la peau et vous procure une sensation de calme et de fra\u00eecheur.","robots":{"index":"index","follow":"follow","max-snippet":"max-snippet:-1","max-image-preview":"max-image-preview:large","max-video-preview":"max-video-preview:-1"},"canonical":"https:\/\/www.miomiorun.com\/fr\/produit\/launch-elite-shortsleeve-homme\/","og_locale":"fr_FR","og_type":"article","og_title":"Under Armour Launch Elite shortsleeve femme - t-shirt pour courir- MioMioRun","og_description":"La manche courte pour femmes Launch Elite est cr\u00e9\u00e9e avec un tissu r\u00e9volutionnaire qui \u00e9vacue rapidement la chaleur de la peau et vous procure une sensation de calme et de fra\u00eecheur.","og_url":"https:\/\/www.miomiorun.com\/fr\/produit\/launch-elite-shortsleeve-homme\/","og_site_name":"MioMioRun","article_publisher":"https:\/\/www.facebook.com\/miomiorun\/","article_modified_time":"2025-05-22T15:04:57+00:00","og_image":[{"width":600,"height":600,"url":"https:\/\/www.miomiorun.com\/app\/uploads\/2024\/10\/under-armour-Launch-elite-shortsleeve-black-W-1383364-0001.webp","type":"image\/webp"}],"twitter_card":"summary_large_image","twitter_misc":{"Est. reading time":"1 minute"},"schema":{"@context":"https:\/\/schema.org","@graph":[{"@type":"WebPage","@id":"https:\/\/www.miomiorun.com\/fr\/produit\/launch-elite-shortsleeve-homme\/","url":"https:\/\/www.miomiorun.com\/fr\/produit\/launch-elite-shortsleeve-homme\/","name":"Under Armour Launch Elite shortsleeve femme - t-shirt pour courir- MioMioRun","isPartOf":{"@id":"https:\/\/www.miomiorun.com\/fr\/#website"},"primaryImageOfPage":{"@id":"https:\/\/www.miomiorun.com\/fr\/produit\/launch-elite-shortsleeve-homme\/#primaryimage"},"image":{"@id":"https:\/\/www.miomiorun.com\/fr\/produit\/launch-elite-shortsleeve-homme\/#primaryimage"},"thumbnailUrl":"https:\/\/www.miomiorun.com\/app\/uploads\/2024\/10\/under-armour-Launch-elite-shortsleeve-black-W-1383364-0001.webp","datePublished":"2024-10-17T12:46:18+00:00","dateModified":"2025-05-22T15:04:57+00:00","description":"La manche courte pour femmes Launch Elite est cr\u00e9\u00e9e avec un tissu r\u00e9volutionnaire qui \u00e9vacue rapidement la chaleur de la peau et vous procure une sensation de calme et de fra\u00eecheur.","breadcrumb":{"@id":"https:\/\/www.miomiorun.com\/fr\/produit\/launch-elite-shortsleeve-homme\/#breadcrumb"},"inLanguage":"fr-FR","potentialAction":[{"@type":"ReadAction","target":["https:\/\/www.miomiorun.com\/fr\/produit\/launch-elite-shortsleeve-homme\/"]}]},{"@type":"ImageObject","inLanguage":"fr-FR","@id":"https:\/\/www.miomiorun.com\/fr\/produit\/launch-elite-shortsleeve-homme\/#primaryimage","url":"https:\/\/www.miomiorun.com\/app\/uploads\/2024\/10\/under-armour-Launch-elite-shortsleeve-black-W-1383364-0001.webp","contentUrl":"https:\/\/www.miomiorun.com\/app\/uploads\/2024\/10\/under-armour-Launch-elite-shortsleeve-black-W-1383364-0001.webp","width":600,"height":600,"caption":"under armour Launch elite shortsleeve black W 1383364-0001"},{"@type":"BreadcrumbList","@id":"https:\/\/www.miomiorun.com\/fr\/produit\/launch-elite-shortsleeve-homme\/#breadcrumb","itemListElement":[{"@type":"ListItem","position":1,"name":"Home","item":"https:\/\/www.miomiorun.com\/fr\/home-page\/"},{"@type":"ListItem","position":2,"name":"Shop","item":"https:\/\/www.miomiorun.com\/shop\/"},{"@type":"ListItem","position":3,"name":"Launch Elite shortsleeve femme"}]},{"@type":"WebSite","@id":"https:\/\/www.miomiorun.com\/fr\/#website","url":"https:\/\/www.miomiorun.com\/fr\/","name":"MioMioRun","description":"Boutique 100% running et trail","publisher":{"@id":"https:\/\/www.miomiorun.com\/fr\/#organization"},"potentialAction":[{"@type":"SearchAction","target":{"@type":"EntryPoint","urlTemplate":"https:\/\/www.miomiorun.com\/fr\/?s={search_term_string}"},"query-input":{"@type":"PropertyValueSpecification","valueRequired":true,"valueName":"search_term_string"}}],"inLanguage":"fr-FR"},{"@type":"Organization","@id":"https:\/\/www.miomiorun.com\/fr\/#organization","name":"MioMio Run","url":"https:\/\/www.miomiorun.com\/fr\/","logo":{"@type":"ImageObject","inLanguage":"fr-FR","@id":"https:\/\/www.miomiorun.com\/fr\/#\/schema\/logo\/image\/","url":"https:\/\/www.miomiorun.com\/app\/uploads\/2019\/12\/logomio.png","contentUrl":"https:\/\/www.miomiorun.com\/app\/uploads\/2019\/12\/logomio.png","width":115,"height":82,"caption":"MioMio Run"},"image":{"@id":"https:\/\/www.miomiorun.com\/fr\/#\/schema\/logo\/image\/"},"sameAs":["https:\/\/www.facebook.com\/miomiorun\/","https:\/\/www.instagram.com\/miomiorun\/"]}]}},"_links":{"self":[{"href":"https:\/\/www.miomiorun.com\/fr\/wp-json\/wp\/v2\/product\/296522","targetHints":{"allow":["GET"]}}],"collection":[{"href":"https:\/\/www.miomiorun.com\/fr\/wp-json\/wp\/v2\/product"}],"about":[{"href":"https:\/\/www.miomiorun.com\/fr\/wp-json\/wp\/v2\/types\/product"}],"wp:featuredmedia":[{"embeddable":true,"href":"https:\/\/www.miomiorun.com\/fr\/wp-json\/wp\/v2\/media\/249938"}],"wp:attachment":[{"href":"https:\/\/www.miomiorun.com\/fr\/wp-json\/wp\/v2\/media?parent=296522"}],"wp:term":[{"taxonomy":"product_brand","embeddable":true,"href":"https:\/\/www.miomiorun.com\/fr\/wp-json\/wp\/v2\/product_brand?post=296522"},{"taxonomy":"product_cat","embeddable":true,"href":"https:\/\/www.miomiorun.com\/fr\/wp-json\/wp\/v2\/product_cat?post=296522"},{"taxonomy":"product_tag","embeddable":true,"href":"https:\/\/www.miomiorun.com\/fr\/wp-json\/wp\/v2\/product_tag?post=296522"}],"curies":[{"name":"wp","href":"https:\/\/api.w.org\/{rel}","templated":true}]}}