{"id":296378,"date":"2024-10-19T17:40:44","date_gmt":"2024-10-19T15:40:44","guid":{"rendered":"https:\/\/miomiorun.com\/prodotto\/ghost-max-2-donna\/"},"modified":"2025-12-04T10:51:43","modified_gmt":"2025-12-04T09:51:43","slug":"ghost-max-2-femme","status":"publish","type":"product","link":"https:\/\/www.miomiorun.com\/fr\/produit\/ghost-max-2-femme\/","title":{"rendered":"Ghost Max 2 femme"},"content":{"rendered":"<div class=\"vc-row container\"><div class=\"vc-column\"><div class=\"vc-column-text\"><\/p>\n<h4>Caract\u00e9ristiques techniques<\/h4>\n<p>Cat\u00e9gorie : amorti structur\u00e9<br \/>\nD\u00e9calage : 6 mm<br \/>\nPoids : 306,2 g<br \/>\nId\u00e9al pour : les coureurs \u00e0 foul\u00e9e neutre \u00e0 la recherche d&#8217;un mod\u00e8le offrant un bon amorti protecteur et une excellente polyvalence pour la course et la marche sur de longues ou moyennes distances.<br \/>\nPoids de l&#8217;athl\u00e8te : 60 kg<br \/>\nAllure de course : moyenne (5 min\/km)<br \/>\n<a href=\"https:\/\/miomiorun.com\/fr\/guide-des-specificites\/\">Guide des sp\u00e9cifications techniques<\/a><\/p>\n<p><\/div><\/div><div class=\"vc-column\"><div class=\"vc-column-text\"> Souples, lisses et protectrices, les chaussures de course <strong>Ghost Max 2<\/strong> pour femmes offrent un confort maximal pour courir ou marcher. Avec son amorti souple et l\u00e9ger, sa forme incurv\u00e9e qui favorise activement des transitions fluides entre l&#8217;impact avec le sol et le d\u00e9collage, et sa base large pour une plus grande stabilit\u00e9, la Ghost Max 2 est pr\u00eate \u00e0 l&#8217;action.<\/p>\n<h3 style=\"text-align: center\"><b>&nbsp;La Ghost Max 2 <\/b> est con\u00e7ue pour les coureurs et coureuses qui souhaitent ou ont besoin d&#8217;une bonne dose de protection int\u00e9gr\u00e9e dans leurs chaussures de course.<\/h3>\n<h3><strong>Caract\u00e9ristiques :<\/strong><\/h3>\n<ul>\n<li><strong>Con\u00e7ue avec le m\u00e9lange DNA LOFT v3<\/strong> : garantissant des impacts extr\u00eamement doux avec le sol, le m\u00e9lange DNA LOFT v3 est con\u00e7u pour offrir une sensation de douceur et de protection sans compromettre la r\u00e9activit\u00e9.\n<li><strong>Technologie GlideRoll Rocker<\/strong> : cette caract\u00e9ristique exclusive est con\u00e7ue pour favoriser une transition assist\u00e9e du talon vers la pointe, ce qui contribue \u00e0 r\u00e9duire la pression sous l&#8217;avant-pied.\n<li><strong>Tissu jacquard double maille<\/strong> : le design bicolore n&#8217;est pas seulement un d\u00e9tail esth\u00e9tique ; il est con\u00e7u pour garantir douceur, respirabilit\u00e9, durabilit\u00e9 et flexibilit\u00e9.\n<li><strong>Carbon Neutral<\/strong> : en tant que chaussure certifi\u00e9e CarbonNeutral\u00ae, la Ghost Max 2 prend soin non seulement de vos pieds, mais aussi de la plan\u00e8te. <\/li>\n<li>Amorti MAX. <\/li>\n<li>Conception protectrice. <\/li>\n<li>Transitions assist\u00e9es. <\/li>\n<li>Course stable.<\/li>\n<\/li>\n<\/li>\n<\/li>\n<\/ul>\n<h3><strong>Id\u00e9al pour<\/strong><\/h3>\n<p>&nbsp;<\/p>\n<div class=\"m-long-description__best-for-icon\" aria-hidden=\"true\"><img loading=\"lazy\" decoding=\"async\" class=\"a-responsive-image__img\" src=\"https:\/\/www.brooksrunning.com\/on\/demandware.static\/-\/Sites-brooks-master-catalog\/default\/dwee8d28ad\/specs\/PDP-BestFor-FTW-Max-Cushion.svg\" alt=\"\" width=\"70\" height=\"70\"><\/div>\n<div class=\"m-long-description__best-for-icon\" aria-hidden=\"true\"><strong>Amorti maximal<\/strong><\/div>\n<div aria-hidden=\"true\"><\/div>\n<div aria-hidden=\"true\">\n<div aria-hidden=\"true\"><\/div>\n<div class=\"m-long-description__best-for-icon\" aria-hidden=\"true\"><img loading=\"lazy\" decoding=\"async\" class=\"a-responsive-image__img\" src=\"https:\/\/www.brooksrunning.com\/on\/demandware.static\/-\/Sites-brooks-master-catalog\/default\/dwdf8b4e34\/specs\/PDP-BestFor-FTW-Road.svg\" alt=\"\" width=\"70\" height=\"70\"><\/div>\n<div><\/div>\n<div class=\"m-long-description__best-for-text\"><strong>Course sur route<\/strong><\/div>\n<\/div>\n<div><\/div>\n<div><\/div>\n<div>\n<div class=\"m-long-description__best-for-icon\" aria-hidden=\"true\"><img loading=\"lazy\" decoding=\"async\" class=\"a-responsive-image__img\" src=\"https:\/\/www.brooksrunning.com\/on\/demandware.static\/-\/Sites-brooks-master-catalog\/default\/dwb19bcc7d\/specs\/PDP-BestFor-FTW-Rocker.svg\" alt=\"\" width=\"70\" height=\"70\"><\/div>\n<div class=\"m-long-description__best-for-text\"><strong>Transitions assist\u00e9es<\/strong><\/div>\n<\/div>\n<div><\/div>\n<div><\/div>\n<div>\n<div class=\"m-long-description__best-for-icon\" aria-hidden=\"true\"><img loading=\"lazy\" decoding=\"async\" class=\"a-responsive-image__img\" src=\"https:\/\/www.brooksrunning.com\/on\/demandware.static\/-\/Sites-brooks-master-catalog\/default\/dwea695240\/specs\/PDP-BestFor-FTW-Walking.svg\" alt=\"\" width=\"69\" height=\"67\"><\/div>\n<div><\/div>\n<div class=\"m-long-description__best-for-text\"><strong>Marche<\/strong><\/div>\n<\/div>\n<div><\/div>\n<div><\/div>\n<div>\n<h2 class=\"a-type-h2 \" style=\"text-align: center\">MAX amorti. MAX protection. MAX confort.<\/h2>\n<p>ID\u00c9AL EN COMP\u00c9TITION<\/p>\n<h3>Transitions assist\u00e9es<\/h3>\n<p>Le GlideRoll Rocker, la courbure caract\u00e9ristique au niveau de la pointe et du talon, favorise activement des transitions fluides du talon \u00e0 la pointe pour une sensation de confort et de l\u00e9g\u00e8ret\u00e9.<\/p>\n<\/div>\n<p>&nbsp;<\/p>\n<p>TROP MOELLEUX ? JAMAIS.<\/p>\n<h3>Amorti protecteur<\/h3>\n<p>Am\u00e9lior\u00e9e par rapport \u00e0 la version pr\u00e9c\u00e9dente, la Ghost Max 2 est dot\u00e9e d&#8217;un amorti l\u00e9ger en m\u00e9lange DNA LOFT V3 avec infusion de nitro, pour une sensation de protection et des impacts agr\u00e9ables avec le sol.<\/p>\n<p>&nbsp;<\/p>\n<p>BASE SOLIDE<\/p>\n<h3>Course stable<\/h3>\n<p>La large base et les parois lat\u00e9rales sur\u00e9lev\u00e9es offrent une stabilit\u00e9 intrins\u00e8que qui garantit une fantastique sensation de s\u00e9curit\u00e9.<\/p>\n<p>&nbsp;<\/p>\n<p><\/div><\/div><\/div>\n","protected":false},"excerpt":{"rendered":"<ul>\n<li>Amorti protecteur id\u00e9al pour courir en toute s\u00e9curit\u00e9.<\/li>\n<li>Parfait pour courir et marcher.<\/li>\n<\/ul>\n","protected":false},"featured_media":262507,"template":"","meta":{"_acf_changed":false,"inline_featured_image":false},"product_brand":[],"product_cat":[24435,24434],"product_tag":[23462,23656],"class_list":{"0":"post-296378","1":"product","2":"type-product","3":"status-publish","4":"has-post-thumbnail","6":"product_cat-chaussures-pour-femmes-fr","7":"product_cat-neutre-fr-2","8":"product_tag-brooks-fr","9":"product_tag-brooks-femme","10":"pa_attivita-marcher","11":"pa_attivita-running-fr","12":"pa_colore-ghost-max-2-w-baltic-sea-bonnie-blue-pea-fr","13":"pa_colore-ghost-max-2-w-black-white-orchid-ice-fr","14":"pa_colore-ghost-max-2-w-white-hot-coral-fr","15":"pa_colore-ghost-max-2-w-white-peach-coral-fr","16":"pa_marca-brooks-fr","17":"pa_sesso-femme","18":"pa_size-38-fr","19":"pa_size-38-5-fr","20":"pa_size-39-fr","21":"pa_size-40-fr","22":"pa_size-40-5-fr","24":"first","25":"instock","26":"taxable","27":"shipping-taxable","28":"purchasable","29":"product-type-variable","30":"wvs-archive-product-wrapper"},"acf":[],"yoast_head":"<!-- This site is optimized with the Yoast SEO plugin v26.8 - https:\/\/yoast.com\/product\/yoast-seo-wordpress\/ -->\n<title>Brooks Ghost Max 2 femme - chaussures de course - MioMioRun.com<\/title>\n<meta name=\"description\" content=\"Souples, lisses et protectrices, les chaussures de course Ghost Max 2 pour femmes offrent un confort maximal pour courir ou marcher \u00e0 tout moment.\" \/>\n<meta name=\"robots\" content=\"index, follow, max-snippet:-1, max-image-preview:large, max-video-preview:-1\" \/>\n<link rel=\"canonical\" href=\"https:\/\/www.miomiorun.com\/fr\/produit\/ghost-max-2-femme\/\" \/>\n<meta property=\"og:locale\" content=\"fr_FR\" \/>\n<meta property=\"og:type\" content=\"article\" \/>\n<meta property=\"og:title\" content=\"Brooks Ghost Max 2 femme - chaussures de course - MioMioRun.com\" \/>\n<meta property=\"og:description\" content=\"Souples, lisses et protectrices, les chaussures de course Ghost Max 2 pour femmes offrent un confort maximal pour courir ou marcher \u00e0 tout moment.\" \/>\n<meta property=\"og:url\" content=\"https:\/\/www.miomiorun.com\/fr\/produit\/ghost-max-2-femme\/\" \/>\n<meta property=\"og:site_name\" content=\"MioMioRun\" \/>\n<meta property=\"article:publisher\" content=\"https:\/\/www.facebook.com\/miomiorun\/\" \/>\n<meta property=\"article:modified_time\" content=\"2025-12-04T09:51:43+00:00\" \/>\n<meta property=\"og:image\" content=\"https:\/\/www.miomiorun.com\/app\/uploads\/2025\/03\/brooks-Ghost-Max-2-W-white-hot-coral-1204201B174.webp\" \/>\n\t<meta property=\"og:image:width\" content=\"600\" \/>\n\t<meta property=\"og:image:height\" content=\"600\" \/>\n\t<meta property=\"og:image:type\" content=\"image\/webp\" \/>\n<meta name=\"twitter:card\" content=\"summary_large_image\" \/>\n<meta name=\"twitter:label1\" content=\"Est. reading time\" \/>\n\t<meta name=\"twitter:data1\" content=\"2 minutes\" \/>\n<script type=\"application\/ld+json\" class=\"yoast-schema-graph\">{\"@context\":\"https:\/\/schema.org\",\"@graph\":[{\"@type\":\"WebPage\",\"@id\":\"https:\/\/www.miomiorun.com\/fr\/produit\/ghost-max-2-femme\/\",\"url\":\"https:\/\/www.miomiorun.com\/fr\/produit\/ghost-max-2-femme\/\",\"name\":\"Brooks Ghost Max 2 femme - chaussures de course - MioMioRun.com\",\"isPartOf\":{\"@id\":\"https:\/\/www.miomiorun.com\/fr\/#website\"},\"primaryImageOfPage\":{\"@id\":\"https:\/\/www.miomiorun.com\/fr\/produit\/ghost-max-2-femme\/#primaryimage\"},\"image\":{\"@id\":\"https:\/\/www.miomiorun.com\/fr\/produit\/ghost-max-2-femme\/#primaryimage\"},\"thumbnailUrl\":\"https:\/\/www.miomiorun.com\/app\/uploads\/2025\/03\/brooks-Ghost-Max-2-W-white-hot-coral-1204201B174.webp\",\"datePublished\":\"2024-10-19T15:40:44+00:00\",\"dateModified\":\"2025-12-04T09:51:43+00:00\",\"description\":\"Souples, lisses et protectrices, les chaussures de course Ghost Max 2 pour femmes offrent un confort maximal pour courir ou marcher \u00e0 tout moment.\",\"breadcrumb\":{\"@id\":\"https:\/\/www.miomiorun.com\/fr\/produit\/ghost-max-2-femme\/#breadcrumb\"},\"inLanguage\":\"fr-FR\",\"potentialAction\":[{\"@type\":\"ReadAction\",\"target\":[\"https:\/\/www.miomiorun.com\/fr\/produit\/ghost-max-2-femme\/\"]}]},{\"@type\":\"ImageObject\",\"inLanguage\":\"fr-FR\",\"@id\":\"https:\/\/www.miomiorun.com\/fr\/produit\/ghost-max-2-femme\/#primaryimage\",\"url\":\"https:\/\/www.miomiorun.com\/app\/uploads\/2025\/03\/brooks-Ghost-Max-2-W-white-hot-coral-1204201B174.webp\",\"contentUrl\":\"https:\/\/www.miomiorun.com\/app\/uploads\/2025\/03\/brooks-Ghost-Max-2-W-white-hot-coral-1204201B174.webp\",\"width\":600,\"height\":600,\"caption\":\"brooks Ghost Max 2 W white hot coral 1204201B174\"},{\"@type\":\"BreadcrumbList\",\"@id\":\"https:\/\/www.miomiorun.com\/fr\/produit\/ghost-max-2-femme\/#breadcrumb\",\"itemListElement\":[{\"@type\":\"ListItem\",\"position\":1,\"name\":\"Home\",\"item\":\"https:\/\/www.miomiorun.com\/fr\/home-page\/\"},{\"@type\":\"ListItem\",\"position\":2,\"name\":\"Shop\",\"item\":\"https:\/\/www.miomiorun.com\/shop\/\"},{\"@type\":\"ListItem\",\"position\":3,\"name\":\"Ghost Max 2 femme\"}]},{\"@type\":\"WebSite\",\"@id\":\"https:\/\/www.miomiorun.com\/fr\/#website\",\"url\":\"https:\/\/www.miomiorun.com\/fr\/\",\"name\":\"MioMioRun\",\"description\":\"Boutique 100% running et trail\",\"publisher\":{\"@id\":\"https:\/\/www.miomiorun.com\/fr\/#organization\"},\"potentialAction\":[{\"@type\":\"SearchAction\",\"target\":{\"@type\":\"EntryPoint\",\"urlTemplate\":\"https:\/\/www.miomiorun.com\/fr\/?s={search_term_string}\"},\"query-input\":{\"@type\":\"PropertyValueSpecification\",\"valueRequired\":true,\"valueName\":\"search_term_string\"}}],\"inLanguage\":\"fr-FR\"},{\"@type\":\"Organization\",\"@id\":\"https:\/\/www.miomiorun.com\/fr\/#organization\",\"name\":\"MioMio Run\",\"url\":\"https:\/\/www.miomiorun.com\/fr\/\",\"logo\":{\"@type\":\"ImageObject\",\"inLanguage\":\"fr-FR\",\"@id\":\"https:\/\/www.miomiorun.com\/fr\/#\/schema\/logo\/image\/\",\"url\":\"https:\/\/www.miomiorun.com\/app\/uploads\/2019\/12\/logomio.png\",\"contentUrl\":\"https:\/\/www.miomiorun.com\/app\/uploads\/2019\/12\/logomio.png\",\"width\":115,\"height\":82,\"caption\":\"MioMio Run\"},\"image\":{\"@id\":\"https:\/\/www.miomiorun.com\/fr\/#\/schema\/logo\/image\/\"},\"sameAs\":[\"https:\/\/www.facebook.com\/miomiorun\/\",\"https:\/\/www.instagram.com\/miomiorun\/\"]}]}<\/script>\n<!-- \/ Yoast SEO plugin. -->","yoast_head_json":{"title":"Brooks Ghost Max 2 femme - chaussures de course - MioMioRun.com","description":"Souples, lisses et protectrices, les chaussures de course Ghost Max 2 pour femmes offrent un confort maximal pour courir ou marcher \u00e0 tout moment.","robots":{"index":"index","follow":"follow","max-snippet":"max-snippet:-1","max-image-preview":"max-image-preview:large","max-video-preview":"max-video-preview:-1"},"canonical":"https:\/\/www.miomiorun.com\/fr\/produit\/ghost-max-2-femme\/","og_locale":"fr_FR","og_type":"article","og_title":"Brooks Ghost Max 2 femme - chaussures de course - MioMioRun.com","og_description":"Souples, lisses et protectrices, les chaussures de course Ghost Max 2 pour femmes offrent un confort maximal pour courir ou marcher \u00e0 tout moment.","og_url":"https:\/\/www.miomiorun.com\/fr\/produit\/ghost-max-2-femme\/","og_site_name":"MioMioRun","article_publisher":"https:\/\/www.facebook.com\/miomiorun\/","article_modified_time":"2025-12-04T09:51:43+00:00","og_image":[{"width":600,"height":600,"url":"https:\/\/www.miomiorun.com\/app\/uploads\/2025\/03\/brooks-Ghost-Max-2-W-white-hot-coral-1204201B174.webp","type":"image\/webp"}],"twitter_card":"summary_large_image","twitter_misc":{"Est. reading time":"2 minutes"},"schema":{"@context":"https:\/\/schema.org","@graph":[{"@type":"WebPage","@id":"https:\/\/www.miomiorun.com\/fr\/produit\/ghost-max-2-femme\/","url":"https:\/\/www.miomiorun.com\/fr\/produit\/ghost-max-2-femme\/","name":"Brooks Ghost Max 2 femme - chaussures de course - MioMioRun.com","isPartOf":{"@id":"https:\/\/www.miomiorun.com\/fr\/#website"},"primaryImageOfPage":{"@id":"https:\/\/www.miomiorun.com\/fr\/produit\/ghost-max-2-femme\/#primaryimage"},"image":{"@id":"https:\/\/www.miomiorun.com\/fr\/produit\/ghost-max-2-femme\/#primaryimage"},"thumbnailUrl":"https:\/\/www.miomiorun.com\/app\/uploads\/2025\/03\/brooks-Ghost-Max-2-W-white-hot-coral-1204201B174.webp","datePublished":"2024-10-19T15:40:44+00:00","dateModified":"2025-12-04T09:51:43+00:00","description":"Souples, lisses et protectrices, les chaussures de course Ghost Max 2 pour femmes offrent un confort maximal pour courir ou marcher \u00e0 tout moment.","breadcrumb":{"@id":"https:\/\/www.miomiorun.com\/fr\/produit\/ghost-max-2-femme\/#breadcrumb"},"inLanguage":"fr-FR","potentialAction":[{"@type":"ReadAction","target":["https:\/\/www.miomiorun.com\/fr\/produit\/ghost-max-2-femme\/"]}]},{"@type":"ImageObject","inLanguage":"fr-FR","@id":"https:\/\/www.miomiorun.com\/fr\/produit\/ghost-max-2-femme\/#primaryimage","url":"https:\/\/www.miomiorun.com\/app\/uploads\/2025\/03\/brooks-Ghost-Max-2-W-white-hot-coral-1204201B174.webp","contentUrl":"https:\/\/www.miomiorun.com\/app\/uploads\/2025\/03\/brooks-Ghost-Max-2-W-white-hot-coral-1204201B174.webp","width":600,"height":600,"caption":"brooks Ghost Max 2 W white hot coral 1204201B174"},{"@type":"BreadcrumbList","@id":"https:\/\/www.miomiorun.com\/fr\/produit\/ghost-max-2-femme\/#breadcrumb","itemListElement":[{"@type":"ListItem","position":1,"name":"Home","item":"https:\/\/www.miomiorun.com\/fr\/home-page\/"},{"@type":"ListItem","position":2,"name":"Shop","item":"https:\/\/www.miomiorun.com\/shop\/"},{"@type":"ListItem","position":3,"name":"Ghost Max 2 femme"}]},{"@type":"WebSite","@id":"https:\/\/www.miomiorun.com\/fr\/#website","url":"https:\/\/www.miomiorun.com\/fr\/","name":"MioMioRun","description":"Boutique 100% running et trail","publisher":{"@id":"https:\/\/www.miomiorun.com\/fr\/#organization"},"potentialAction":[{"@type":"SearchAction","target":{"@type":"EntryPoint","urlTemplate":"https:\/\/www.miomiorun.com\/fr\/?s={search_term_string}"},"query-input":{"@type":"PropertyValueSpecification","valueRequired":true,"valueName":"search_term_string"}}],"inLanguage":"fr-FR"},{"@type":"Organization","@id":"https:\/\/www.miomiorun.com\/fr\/#organization","name":"MioMio Run","url":"https:\/\/www.miomiorun.com\/fr\/","logo":{"@type":"ImageObject","inLanguage":"fr-FR","@id":"https:\/\/www.miomiorun.com\/fr\/#\/schema\/logo\/image\/","url":"https:\/\/www.miomiorun.com\/app\/uploads\/2019\/12\/logomio.png","contentUrl":"https:\/\/www.miomiorun.com\/app\/uploads\/2019\/12\/logomio.png","width":115,"height":82,"caption":"MioMio Run"},"image":{"@id":"https:\/\/www.miomiorun.com\/fr\/#\/schema\/logo\/image\/"},"sameAs":["https:\/\/www.facebook.com\/miomiorun\/","https:\/\/www.instagram.com\/miomiorun\/"]}]}},"_links":{"self":[{"href":"https:\/\/www.miomiorun.com\/fr\/wp-json\/wp\/v2\/product\/296378","targetHints":{"allow":["GET"]}}],"collection":[{"href":"https:\/\/www.miomiorun.com\/fr\/wp-json\/wp\/v2\/product"}],"about":[{"href":"https:\/\/www.miomiorun.com\/fr\/wp-json\/wp\/v2\/types\/product"}],"wp:featuredmedia":[{"embeddable":true,"href":"https:\/\/www.miomiorun.com\/fr\/wp-json\/wp\/v2\/media\/262507"}],"wp:attachment":[{"href":"https:\/\/www.miomiorun.com\/fr\/wp-json\/wp\/v2\/media?parent=296378"}],"wp:term":[{"taxonomy":"product_brand","embeddable":true,"href":"https:\/\/www.miomiorun.com\/fr\/wp-json\/wp\/v2\/product_brand?post=296378"},{"taxonomy":"product_cat","embeddable":true,"href":"https:\/\/www.miomiorun.com\/fr\/wp-json\/wp\/v2\/product_cat?post=296378"},{"taxonomy":"product_tag","embeddable":true,"href":"https:\/\/www.miomiorun.com\/fr\/wp-json\/wp\/v2\/product_tag?post=296378"}],"curies":[{"name":"wp","href":"https:\/\/api.w.org\/{rel}","templated":true}]}}