{"id":296377,"date":"2024-10-19T19:00:35","date_gmt":"2024-10-19T17:00:35","guid":{"rendered":"https:\/\/miomiorun.com\/prodotto\/fusion-midweight-glove-2-0\/"},"modified":"2026-05-08T22:22:06","modified_gmt":"2026-05-08T20:22:06","slug":"fusion-midweight-glove-2-0","status":"publish","type":"product","link":"https:\/\/www.miomiorun.com\/fr\/produit\/fusion-midweight-glove-2-0\/","title":{"rendered":"Fusion Midweight Glove 2.0"},"content":{"rendered":"<h2>Un temps frais s&#8217;annonce ? Ces gants thermiques unisexes l\u00e9gers Fusion Midweight Glove 2.0 r\u00e9duisent le froid gr\u00e2ce \u00e0 une couverture chaude et respirante.<\/h2>\n<p>La compatibilit\u00e9 technologique et une partie en tissu doux, sp\u00e9cialement con\u00e7ue pour vous permettre de vous essuyer le nez, garantissent un confort optimal pendant l&#8217;activit\u00e9.<\/p>\n<h3>Id\u00e9al pour<\/h3>\n<div aria-hidden=\"true\"><\/div>\n<div class=\"m-long-description__best-for-icon\" aria-hidden=\"true\"><img loading=\"lazy\" decoding=\"async\" class=\"a-responsive-image__img\" src=\"https:\/\/www.brooksrunning.com\/on\/demandware.static\/-\/Sites-brooks-master-catalog\/default\/dw76d19a15\/specs\/PDP-BestFor-APP-Warmth.svg\" alt=\"\" width=\"70\" height=\"70\" \/><\/div>\n<div class=\"m-long-description__best-for-text\"><strong>R\u00e9chauffement<\/strong><\/div>\n<div><\/div>\n<div><\/div>\n<div>\n<div class=\"m-long-description__best-for-icon\" aria-hidden=\"true\"><img loading=\"lazy\" decoding=\"async\" class=\"a-responsive-image__img\" src=\"https:\/\/www.brooksrunning.com\/on\/demandware.static\/-\/Sites-brooks-master-catalog\/default\/dw1f25d077\/specs\/PDP-BestFor-APP-BRA-Easy-On-Off.svg\" alt=\"\" width=\"71\" height=\"71\" \/><\/div>\n<div class=\"m-long-description__best-for-text\"><strong>Favorise la dext\u00e9rit\u00e9 manuelle<\/strong><\/div>\n<\/div>\n<div><\/div>\n<div><\/div>\n<div>\n<div class=\"m-long-description__best-for-icon\" aria-hidden=\"true\"><img loading=\"lazy\" decoding=\"async\" class=\"a-responsive-image__img\" src=\"https:\/\/www.brooksrunning.com\/on\/demandware.static\/-\/Sites-brooks-master-catalog\/default\/dw15aa617a\/specs\/PDP-BestFor-APP-Thermo_Regulation.svg\" alt=\"\" width=\"66\" height=\"66\" \/><\/div>\n<div class=\"m-long-description__best-for-text\"><strong>Protection contre le soleil et le froid<\/strong><\/div>\n<\/div>\n<div><\/div>\n<div><\/div>\n<div>\n<div class=\"m-long-description__best-for-icon\" aria-hidden=\"true\"><img loading=\"lazy\" decoding=\"async\" class=\"a-responsive-image__img\" src=\"https:\/\/www.brooksrunning.com\/on\/demandware.static\/-\/Sites-brooks-master-catalog\/default\/dw0b862db1\/specs\/PDP-BestFor-APP-Thumb-Holes.svg\" alt=\"\" width=\"65\" height=\"65\" \/><\/div>\n<div class=\"m-long-description__best-for-text\"><strong>Nettoyage du nez \u00e0 l&#8217;aide du dos du pouce<\/strong><\/div>\n<\/div>\n<div><\/div>\n<h3>Caract\u00e9ristiques :<\/h3>\n<ul class=\"m-long-description__features\">\n<li class=\"m-long-description__feature\">Chaleur id\u00e9ale.<\/li>\n<li class=\"m-long-description__feature\">\n<div class=\"m-long-description__feature--bullets\" aria-hidden=\"true\">Compatibilit\u00e9 num\u00e9rique.<\/div>\n<\/li>\n<li class=\"m-long-description__feature\">\n<div class=\"m-long-description__feature--bullets\" aria-hidden=\"true\">Pour nettoyer le nez avec le dos du pouce.<\/div>\n<\/li>\n<li class=\"m-long-description__feature\">\n<div class=\"m-long-description__feature--bullets\" aria-hidden=\"true\">D\u00e9tails de la r\u00e9fraction.<\/div>\n<\/li>\n<\/ul>\n<h3>Conseils d&#8217;entretien :<\/h3>\n<p>Pour pr\u00e9server l&#8217;aspect et les performances optimales de vos produits Brooks, nous vous recommandons de les laver en machine, s\u00e9par\u00e9ment, avant de les porter. N&#8217;utilisez pas d&#8217;assouplissant mais un d\u00e9tergent doux et s\u00e9chez-les \u00e0 basse temp\u00e9rature.<\/p>\n<p>&nbsp;<\/p>\n<p>&nbsp;<\/p>\n<div><\/div>\n<div><\/div>\n<p>&nbsp;<\/p>\n<p dir=\"ltr\" data-placeholder=\"Traduzione\">\n","protected":false},"excerpt":{"rendered":"<ul>\n<li>Gants thermiques et l\u00e9gers pour garder vos mains au chaud pendant les activit\u00e9s sportives.<\/li>\n<li>D\u00e9tails r\u00e9fl\u00e9chissants pour \u00eatre plus visible pendant la course.<\/li>\n<\/ul>\n","protected":false},"featured_media":250046,"template":"","meta":{"_acf_changed":false,"inline_featured_image":false},"product_brand":[],"product_cat":[22581,22538],"product_tag":[23462,23656,23655],"class_list":{"0":"post-296377","1":"product","2":"type-product","3":"status-publish","4":"has-post-thumbnail","6":"product_cat-gants","7":"product_cat-accessoires","8":"product_tag-brooks-fr","9":"product_tag-brooks-femme","10":"product_tag-brooks-homme","11":"pa_attivita-marcher","12":"pa_attivita-running-fr","13":"pa_marca-brooks-fr","14":"pa_sesso-femme","15":"pa_sesso-homme","16":"pa_size-small-fr","17":"pa_size-medium-fr","19":"first","20":"instock","21":"sale","22":"taxable","23":"shipping-taxable","24":"purchasable","25":"product-type-variable","26":"wvs-archive-product-wrapper"},"acf":[],"yoast_head":"<!-- This site is optimized with the Yoast SEO plugin v26.8 - https:\/\/yoast.com\/product\/yoast-seo-wordpress\/ -->\n<title>Brooks Fusion Midweight Glove 2.0 - gants de course - MioMioRun.com<\/title>\n<meta name=\"description\" content=\"Un temps frais s&#039;annonce ? Ces gants thermiques unisexes l\u00e9gers Fusion Midweight Glove 2.0 r\u00e9duisent le froid gr\u00e2ce \u00e0 une couverture chaude et respirante.\" \/>\n<meta name=\"robots\" content=\"index, follow, max-snippet:-1, max-image-preview:large, max-video-preview:-1\" \/>\n<link rel=\"canonical\" href=\"https:\/\/www.miomiorun.com\/fr\/produit\/fusion-midweight-glove-2-0\/\" \/>\n<meta property=\"og:locale\" content=\"fr_FR\" \/>\n<meta property=\"og:type\" content=\"article\" \/>\n<meta property=\"og:title\" content=\"Brooks Fusion Midweight Glove 2.0 - gants de course - MioMioRun.com\" \/>\n<meta property=\"og:description\" content=\"Un temps frais s&#039;annonce ? Ces gants thermiques unisexes l\u00e9gers Fusion Midweight Glove 2.0 r\u00e9duisent le froid gr\u00e2ce \u00e0 une couverture chaude et respirante.\" \/>\n<meta property=\"og:url\" content=\"https:\/\/www.miomiorun.com\/fr\/produit\/fusion-midweight-glove-2-0\/\" \/>\n<meta property=\"og:site_name\" content=\"MioMioRun\" \/>\n<meta property=\"article:publisher\" content=\"https:\/\/www.facebook.com\/miomiorun\/\" \/>\n<meta property=\"article:modified_time\" content=\"2026-05-08T20:22:06+00:00\" \/>\n<meta property=\"og:image\" content=\"https:\/\/www.miomiorun.com\/app\/uploads\/2024\/10\/brooks-Fusion-midweight-glove-2.0-280525829.webp\" \/>\n\t<meta property=\"og:image:width\" content=\"600\" \/>\n\t<meta property=\"og:image:height\" content=\"600\" \/>\n\t<meta property=\"og:image:type\" content=\"image\/webp\" \/>\n<meta name=\"twitter:card\" content=\"summary_large_image\" \/>\n<meta name=\"twitter:label1\" content=\"Est. reading time\" \/>\n\t<meta name=\"twitter:data1\" content=\"1 minute\" \/>\n<script type=\"application\/ld+json\" class=\"yoast-schema-graph\">{\"@context\":\"https:\/\/schema.org\",\"@graph\":[{\"@type\":\"WebPage\",\"@id\":\"https:\/\/www.miomiorun.com\/fr\/produit\/fusion-midweight-glove-2-0\/\",\"url\":\"https:\/\/www.miomiorun.com\/fr\/produit\/fusion-midweight-glove-2-0\/\",\"name\":\"Brooks Fusion Midweight Glove 2.0 - gants de course - MioMioRun.com\",\"isPartOf\":{\"@id\":\"https:\/\/www.miomiorun.com\/fr\/#website\"},\"primaryImageOfPage\":{\"@id\":\"https:\/\/www.miomiorun.com\/fr\/produit\/fusion-midweight-glove-2-0\/#primaryimage\"},\"image\":{\"@id\":\"https:\/\/www.miomiorun.com\/fr\/produit\/fusion-midweight-glove-2-0\/#primaryimage\"},\"thumbnailUrl\":\"https:\/\/www.miomiorun.com\/app\/uploads\/2024\/10\/brooks-Fusion-midweight-glove-2.0-280525829.webp\",\"datePublished\":\"2024-10-19T17:00:35+00:00\",\"dateModified\":\"2026-05-08T20:22:06+00:00\",\"description\":\"Un temps frais s'annonce ? Ces gants thermiques unisexes l\u00e9gers Fusion Midweight Glove 2.0 r\u00e9duisent le froid gr\u00e2ce \u00e0 une couverture chaude et respirante.\",\"breadcrumb\":{\"@id\":\"https:\/\/www.miomiorun.com\/fr\/produit\/fusion-midweight-glove-2-0\/#breadcrumb\"},\"inLanguage\":\"fr-FR\",\"potentialAction\":[{\"@type\":\"ReadAction\",\"target\":[\"https:\/\/www.miomiorun.com\/fr\/produit\/fusion-midweight-glove-2-0\/\"]}]},{\"@type\":\"ImageObject\",\"inLanguage\":\"fr-FR\",\"@id\":\"https:\/\/www.miomiorun.com\/fr\/produit\/fusion-midweight-glove-2-0\/#primaryimage\",\"url\":\"https:\/\/www.miomiorun.com\/app\/uploads\/2024\/10\/brooks-Fusion-midweight-glove-2.0-280525829.webp\",\"contentUrl\":\"https:\/\/www.miomiorun.com\/app\/uploads\/2024\/10\/brooks-Fusion-midweight-glove-2.0-280525829.webp\",\"width\":600,\"height\":600,\"caption\":\"brooks Fusion midweight glove 2.0 280525829\"},{\"@type\":\"BreadcrumbList\",\"@id\":\"https:\/\/www.miomiorun.com\/fr\/produit\/fusion-midweight-glove-2-0\/#breadcrumb\",\"itemListElement\":[{\"@type\":\"ListItem\",\"position\":1,\"name\":\"Home\",\"item\":\"https:\/\/www.miomiorun.com\/fr\/home-page\/\"},{\"@type\":\"ListItem\",\"position\":2,\"name\":\"Shop\",\"item\":\"https:\/\/www.miomiorun.com\/shop\/\"},{\"@type\":\"ListItem\",\"position\":3,\"name\":\"Fusion Midweight Glove 2.0\"}]},{\"@type\":\"WebSite\",\"@id\":\"https:\/\/www.miomiorun.com\/fr\/#website\",\"url\":\"https:\/\/www.miomiorun.com\/fr\/\",\"name\":\"MioMioRun\",\"description\":\"Boutique 100% running et trail\",\"publisher\":{\"@id\":\"https:\/\/www.miomiorun.com\/fr\/#organization\"},\"potentialAction\":[{\"@type\":\"SearchAction\",\"target\":{\"@type\":\"EntryPoint\",\"urlTemplate\":\"https:\/\/www.miomiorun.com\/fr\/?s={search_term_string}\"},\"query-input\":{\"@type\":\"PropertyValueSpecification\",\"valueRequired\":true,\"valueName\":\"search_term_string\"}}],\"inLanguage\":\"fr-FR\"},{\"@type\":\"Organization\",\"@id\":\"https:\/\/www.miomiorun.com\/fr\/#organization\",\"name\":\"MioMio Run\",\"url\":\"https:\/\/www.miomiorun.com\/fr\/\",\"logo\":{\"@type\":\"ImageObject\",\"inLanguage\":\"fr-FR\",\"@id\":\"https:\/\/www.miomiorun.com\/fr\/#\/schema\/logo\/image\/\",\"url\":\"https:\/\/www.miomiorun.com\/app\/uploads\/2019\/12\/logomio.png\",\"contentUrl\":\"https:\/\/www.miomiorun.com\/app\/uploads\/2019\/12\/logomio.png\",\"width\":115,\"height\":82,\"caption\":\"MioMio Run\"},\"image\":{\"@id\":\"https:\/\/www.miomiorun.com\/fr\/#\/schema\/logo\/image\/\"},\"sameAs\":[\"https:\/\/www.facebook.com\/miomiorun\/\",\"https:\/\/www.instagram.com\/miomiorun\/\"]}]}<\/script>\n<!-- \/ Yoast SEO plugin. -->","yoast_head_json":{"title":"Brooks Fusion Midweight Glove 2.0 - gants de course - MioMioRun.com","description":"Un temps frais s'annonce ? Ces gants thermiques unisexes l\u00e9gers Fusion Midweight Glove 2.0 r\u00e9duisent le froid gr\u00e2ce \u00e0 une couverture chaude et respirante.","robots":{"index":"index","follow":"follow","max-snippet":"max-snippet:-1","max-image-preview":"max-image-preview:large","max-video-preview":"max-video-preview:-1"},"canonical":"https:\/\/www.miomiorun.com\/fr\/produit\/fusion-midweight-glove-2-0\/","og_locale":"fr_FR","og_type":"article","og_title":"Brooks Fusion Midweight Glove 2.0 - gants de course - MioMioRun.com","og_description":"Un temps frais s'annonce ? Ces gants thermiques unisexes l\u00e9gers Fusion Midweight Glove 2.0 r\u00e9duisent le froid gr\u00e2ce \u00e0 une couverture chaude et respirante.","og_url":"https:\/\/www.miomiorun.com\/fr\/produit\/fusion-midweight-glove-2-0\/","og_site_name":"MioMioRun","article_publisher":"https:\/\/www.facebook.com\/miomiorun\/","article_modified_time":"2026-05-08T20:22:06+00:00","og_image":[{"width":600,"height":600,"url":"https:\/\/www.miomiorun.com\/app\/uploads\/2024\/10\/brooks-Fusion-midweight-glove-2.0-280525829.webp","type":"image\/webp"}],"twitter_card":"summary_large_image","twitter_misc":{"Est. reading time":"1 minute"},"schema":{"@context":"https:\/\/schema.org","@graph":[{"@type":"WebPage","@id":"https:\/\/www.miomiorun.com\/fr\/produit\/fusion-midweight-glove-2-0\/","url":"https:\/\/www.miomiorun.com\/fr\/produit\/fusion-midweight-glove-2-0\/","name":"Brooks Fusion Midweight Glove 2.0 - gants de course - MioMioRun.com","isPartOf":{"@id":"https:\/\/www.miomiorun.com\/fr\/#website"},"primaryImageOfPage":{"@id":"https:\/\/www.miomiorun.com\/fr\/produit\/fusion-midweight-glove-2-0\/#primaryimage"},"image":{"@id":"https:\/\/www.miomiorun.com\/fr\/produit\/fusion-midweight-glove-2-0\/#primaryimage"},"thumbnailUrl":"https:\/\/www.miomiorun.com\/app\/uploads\/2024\/10\/brooks-Fusion-midweight-glove-2.0-280525829.webp","datePublished":"2024-10-19T17:00:35+00:00","dateModified":"2026-05-08T20:22:06+00:00","description":"Un temps frais s'annonce ? Ces gants thermiques unisexes l\u00e9gers Fusion Midweight Glove 2.0 r\u00e9duisent le froid gr\u00e2ce \u00e0 une couverture chaude et respirante.","breadcrumb":{"@id":"https:\/\/www.miomiorun.com\/fr\/produit\/fusion-midweight-glove-2-0\/#breadcrumb"},"inLanguage":"fr-FR","potentialAction":[{"@type":"ReadAction","target":["https:\/\/www.miomiorun.com\/fr\/produit\/fusion-midweight-glove-2-0\/"]}]},{"@type":"ImageObject","inLanguage":"fr-FR","@id":"https:\/\/www.miomiorun.com\/fr\/produit\/fusion-midweight-glove-2-0\/#primaryimage","url":"https:\/\/www.miomiorun.com\/app\/uploads\/2024\/10\/brooks-Fusion-midweight-glove-2.0-280525829.webp","contentUrl":"https:\/\/www.miomiorun.com\/app\/uploads\/2024\/10\/brooks-Fusion-midweight-glove-2.0-280525829.webp","width":600,"height":600,"caption":"brooks Fusion midweight glove 2.0 280525829"},{"@type":"BreadcrumbList","@id":"https:\/\/www.miomiorun.com\/fr\/produit\/fusion-midweight-glove-2-0\/#breadcrumb","itemListElement":[{"@type":"ListItem","position":1,"name":"Home","item":"https:\/\/www.miomiorun.com\/fr\/home-page\/"},{"@type":"ListItem","position":2,"name":"Shop","item":"https:\/\/www.miomiorun.com\/shop\/"},{"@type":"ListItem","position":3,"name":"Fusion Midweight Glove 2.0"}]},{"@type":"WebSite","@id":"https:\/\/www.miomiorun.com\/fr\/#website","url":"https:\/\/www.miomiorun.com\/fr\/","name":"MioMioRun","description":"Boutique 100% running et trail","publisher":{"@id":"https:\/\/www.miomiorun.com\/fr\/#organization"},"potentialAction":[{"@type":"SearchAction","target":{"@type":"EntryPoint","urlTemplate":"https:\/\/www.miomiorun.com\/fr\/?s={search_term_string}"},"query-input":{"@type":"PropertyValueSpecification","valueRequired":true,"valueName":"search_term_string"}}],"inLanguage":"fr-FR"},{"@type":"Organization","@id":"https:\/\/www.miomiorun.com\/fr\/#organization","name":"MioMio Run","url":"https:\/\/www.miomiorun.com\/fr\/","logo":{"@type":"ImageObject","inLanguage":"fr-FR","@id":"https:\/\/www.miomiorun.com\/fr\/#\/schema\/logo\/image\/","url":"https:\/\/www.miomiorun.com\/app\/uploads\/2019\/12\/logomio.png","contentUrl":"https:\/\/www.miomiorun.com\/app\/uploads\/2019\/12\/logomio.png","width":115,"height":82,"caption":"MioMio Run"},"image":{"@id":"https:\/\/www.miomiorun.com\/fr\/#\/schema\/logo\/image\/"},"sameAs":["https:\/\/www.facebook.com\/miomiorun\/","https:\/\/www.instagram.com\/miomiorun\/"]}]}},"_links":{"self":[{"href":"https:\/\/www.miomiorun.com\/fr\/wp-json\/wp\/v2\/product\/296377","targetHints":{"allow":["GET"]}}],"collection":[{"href":"https:\/\/www.miomiorun.com\/fr\/wp-json\/wp\/v2\/product"}],"about":[{"href":"https:\/\/www.miomiorun.com\/fr\/wp-json\/wp\/v2\/types\/product"}],"wp:featuredmedia":[{"embeddable":true,"href":"https:\/\/www.miomiorun.com\/fr\/wp-json\/wp\/v2\/media\/250046"}],"wp:attachment":[{"href":"https:\/\/www.miomiorun.com\/fr\/wp-json\/wp\/v2\/media?parent=296377"}],"wp:term":[{"taxonomy":"product_brand","embeddable":true,"href":"https:\/\/www.miomiorun.com\/fr\/wp-json\/wp\/v2\/product_brand?post=296377"},{"taxonomy":"product_cat","embeddable":true,"href":"https:\/\/www.miomiorun.com\/fr\/wp-json\/wp\/v2\/product_cat?post=296377"},{"taxonomy":"product_tag","embeddable":true,"href":"https:\/\/www.miomiorun.com\/fr\/wp-json\/wp\/v2\/product_tag?post=296377"}],"curies":[{"name":"wp","href":"https:\/\/api.w.org\/{rel}","templated":true}]}}