{"id":296375,"date":"2024-10-22T13:08:59","date_gmt":"2024-10-22T11:08:59","guid":{"rendered":"https:\/\/miomiorun.com\/prodotto\/akyra-ii-gtx-uomo\/"},"modified":"2026-05-08T22:22:08","modified_gmt":"2026-05-08T20:22:08","slug":"akyra-ii-gtx-homme","status":"publish","type":"product","link":"https:\/\/www.miomiorun.com\/fr\/produit\/akyra-ii-gtx-homme\/","title":{"rendered":"Akyra II GTX homme"},"content":{"rendered":"<div class=\"vc-row container\"><div class=\"vc-column\"><div class=\"vc-column-text\"><\/p>\n<p><strong>Caract\u00e9ristiques techniques<\/strong><\/p>\n<p>Cat\u00e9gorie : amorti sup\u00e9rieur<br \/>\nD\u00e9calage : 9 mm<br \/>\nPoids : 390 g<br \/>\nId\u00e9al pour : coureurs de montagne \u00e0 la recherche d&#8217;un mod\u00e8le solide et robuste qui assure traction, protection et confort sur les longues et moyennes distances pendant la saison hivernale.<br \/>\nPoids de l&#8217;athl\u00e8te : 70-90 kg<br \/>\nAllure de course : lente (&gt;5.30 min\/km)<\/p>\n<p><\/div><\/div><div class=\"vc-column\"><div class=\"vc-column-text\"><\/p>\n<h2 style=\"text-align: center;\">L&#8217;<strong>Akyra II Gore-Tex<\/strong> pour homme est la chaussure id\u00e9ale pour ceux qui veulent se d\u00e9placer avec agilit\u00e9 et rapidit\u00e9 sur tous les sentiers, m\u00eame les plus exigeants, et par tous les temps.<\/h2>\n<p>La construction sup\u00e9rieure 3D Grid\u2122 en KPU et la semelle \u00e9quip\u00e9e de l&#8217;Impact Brake System\u2122 assurent stabilit\u00e9 et soutien, tandis que le Trail Rocker\u2122 associ\u00e9 \u00e0 l&#8217;ajustement confortable et flexible donne du dynamisme \u00e0 chaque pas. Protection suppl\u00e9mentaire m\u00eame dans les conditions m\u00e9t\u00e9orologiques les plus difficiles gr\u00e2ce au GORE-TEX Extended Comfort.<\/p>\n<h3>Caract\u00e9ristiques :<\/h3>\n<ul>\n<li>Stabilit\u00e9 et protection du pied garanties Construction ext\u00e9rieure 3D Grid\u2122 en KPU et membrane GORE-TEX Extended Comfort ePE.<\/li>\n<li>Confort et respirabilit\u00e9 gr\u00e2ce \u00e0 la construction de la tige en 3 couches.<\/li>\n<li>Semelle avec syst\u00e8me exclusif Trail Rocker\u2122 : favorise le d\u00e9roul\u00e9 naturel du pied.<\/li>\n<li><b>Semelle interm\u00e9diaire :<\/b><br \/>\nEVA moul\u00e9 par injection avec des composants \u00e0 base de BIO.<\/li>\n<li><b>Tige:<\/b><br \/>\nConstruction de la tige en 3 couches + construction 3D Grid\u2122 en KPU.<\/li>\n<li><b>Doublure<\/b>:<br \/>\nGORE-TEX Extended Comfort.<\/li>\n<li><b>Semelle ext\u00e9rieure :<\/b><br \/>\nDual Compound Frixion XT Red with Trail Rocker+ Impact Brake System Mountain Running.<\/li>\n<\/ul>\n<h3>Technologie :<\/h3>\n<p>&nbsp;<\/p>\n<p><a class=\"d-flex flex-column align-items-center text-center\"><img loading=\"lazy\" decoding=\"async\" class=\"ls-is-cached lazyloaded\" src=\"https:\/\/www.lasportiva.com\/media\/techinfo_icons\/friction-red.png\" alt=\"La Sportiva\" width=\"75\" height=\"75\" data-src=\"https:\/\/www.lasportiva.com\/media\/techinfo_icons\/friction-red.png\" \/> <\/a><\/p>\n<p><strong><a class=\"d-flex flex-column align-items-center text-center\">Frixion XT Red <\/a><\/strong><\/p>\n<p>Les compos\u00e9s <strong>FriXion\u00ae<\/strong> de <strong>La Sportiva<\/strong> sont con\u00e7us pour cr\u00e9er des bandes de roulement avec diff\u00e9rents param\u00e8tres d&#8217;adh\u00e9rence et de durabilit\u00e9 en fonction du type d&#8217;utilisation et du terrain sur lequel les chaussures La Sportiva sont utilis\u00e9es.<\/p>\n<p>&nbsp;<\/p>\n<p><a class=\"d-flex flex-column align-items-center text-center\"> <img loading=\"lazy\" decoding=\"async\" class=\"lazyloaded\" src=\"https:\/\/www.lasportiva.com\/media\/techinfo_icons\/o\/r\/ortholitehybridred_75x75_1.png\" alt=\"La Sportiva\" width=\"75\" height=\"75\" data-src=\"https:\/\/www.lasportiva.com\/media\/techinfo_icons\/o\/r\/ortholitehybridred_75x75_1.png\" \/> <\/a><\/p>\n<p><a class=\"d-flex flex-column align-items-center text-center\"><strong>Ortholite_Red<\/strong> <\/a><\/p>\n<p>Les mod\u00e8les de la ligne <strong>Mountain Running\u00ae<\/strong> adoptent les semelles \u00e9cologiques exclusives La Sportiva by<strong> OrthoLite\u00ae Hybrid,<\/strong> fabriqu\u00e9es \u00e0 partir de 20% de mat\u00e9riaux recycl\u00e9s issus du cycle de fabrication. Ces semelles sont con\u00e7ues pour les pieds des hommes et des femmes et adoptent des \u00e9paisseurs et des mat\u00e9riaux diff\u00e9rents en fonction du poids moyen de l&#8217;utilisateur.<\/p>\n<p>&#8211; Ecologiques et lavables : elles contiennent du caoutchouc recycl\u00e9 et peuvent \u00eatre lav\u00e9es en machine.<br \/>\n&#8211; Confort maximum gr\u00e2ce \u00e0 la ventilation plantaire et aux cellules en mousse PU hautement respirante pour un pied toujours sec et un confort climatique parfait.<br \/>\n&#8211; Elles favorisent l&#8217;\u00e9limination de la transpiration tout en gardant le pied au sec.<br \/>\n&#8211; Grande durabilit\u00e9 gr\u00e2ce \u00e0 une technologie qui \u00e9vite l&#8217;\u00e9crasement excessif du mat\u00e9riau : la compression dans le temps est inf\u00e9rieure \u00e0 5 %.<\/p>\n<p>&nbsp;<\/p>\n<p><a class=\"d-flex flex-column align-items-center text-center\"> <img loading=\"lazy\" decoding=\"async\" class=\"ls-is-cached lazyloaded\" src=\"https:\/\/www.lasportiva.com\/media\/techinfo_icons\/impact-brake-system.png\" alt=\"La Sportiva\" width=\"75\" height=\"75\" data-src=\"https:\/\/www.lasportiva.com\/media\/techinfo_icons\/impact-brake-system.png\" \/> <\/a><\/p>\n<p><a class=\"d-flex flex-column align-items-center text-center\"><strong>Impact Brake System Mountain Running<\/strong> <\/a><\/p>\n<p><strong>Syst\u00e8me innovant appliqu\u00e9 \u00e0 la semelle qui absorbe l&#8217;impact, aide \u00e0 la traction et au maintien lors du freinage.<\/strong><br \/>\nCon\u00e7u et d\u00e9velopp\u00e9 par le Centre de Recherche et D\u00e9veloppement de La Sportiva, il offre de r\u00e9els avantages lors de la course \u00e0 pied en r\u00e9duisant l&#8217;impact n\u00e9gatif avec le sol. La disposition particuli\u00e8re des blocs fait que certains d&#8217;entre eux entrent d&#8217;abord en contact avec le sol, ce qui adoucit la bande de roulement.<\/div><\/div><\/div>\n","protected":false},"excerpt":{"rendered":"<ul>\n<li>Chaussure de trail bien structur\u00e9e et protectrice pour affronter les sentiers les plus difficiles.<\/li>\n<li>Id\u00e9al pour une utilisation dans toutes les conditions m\u00e9t\u00e9orologiques gr\u00e2ce \u00e0 la membrane Gore-Tex.<\/li>\n<\/ul>\n","protected":false},"featured_media":250124,"template":"","meta":{"_acf_changed":false,"inline_featured_image":false},"product_brand":[],"product_cat":[24448,24445],"product_tag":[23597,23599],"class_list":{"0":"post-296375","1":"product","2":"type-product","3":"status-publish","4":"has-post-thumbnail","6":"product_cat-chaussures-pour-hommes-fr","7":"product_cat-trail-fr-3","8":"product_tag-la-sportiva-fr","9":"product_tag-la-sportiva-homme","10":"pa_attivita-outdoor-fr","11":"pa_colore-akyra-ii-gtx-carbon-bamboo-fr","12":"pa_colore-akyra-ii-gtx-mocha-marmalade","13":"pa_marca-la-sportiva-fr","14":"pa_sesso-homme","15":"pa_size-42-fr","16":"pa_size-42-5-fr","17":"pa_size-43-fr","18":"pa_size-43-5-fr","19":"pa_size-44-fr","20":"pa_size-44-5-fr","21":"pa_size-45-fr","22":"pa_size-45-5-fr","23":"pa_size-46-fr","24":"pa_size-46-5-fr","25":"pa_size-47-fr","27":"first","28":"instock","29":"sale","30":"taxable","31":"shipping-taxable","32":"purchasable","33":"product-type-variable","34":"wvs-archive-product-wrapper"},"acf":[],"yoast_head":"<!-- This site is optimized with the Yoast SEO plugin v26.8 - https:\/\/yoast.com\/product\/yoast-seo-wordpress\/ -->\n<title>La sportiva Akyra II GTX homme -chaussures de trail pour hommes - MioMioRun<\/title>\n<meta name=\"description\" content=\"L&#039;Akyra II Gore-Tex pour homme est la chaussure id\u00e9ale pour ceux qui veulent se d\u00e9placer avec agilit\u00e9 et rapidit\u00e9 sur tous les sentiers, m\u00eame les plus exigeants.\" \/>\n<meta name=\"robots\" content=\"index, follow, max-snippet:-1, max-image-preview:large, max-video-preview:-1\" \/>\n<link rel=\"canonical\" href=\"https:\/\/www.miomiorun.com\/fr\/produit\/akyra-ii-gtx-homme\/\" \/>\n<meta property=\"og:locale\" content=\"fr_FR\" \/>\n<meta property=\"og:type\" content=\"article\" \/>\n<meta property=\"og:title\" content=\"La sportiva Akyra II GTX homme -chaussures de trail pour hommes - MioMioRun\" \/>\n<meta property=\"og:description\" content=\"L&#039;Akyra II Gore-Tex pour homme est la chaussure id\u00e9ale pour ceux qui veulent se d\u00e9placer avec agilit\u00e9 et rapidit\u00e9 sur tous les sentiers, m\u00eame les plus exigeants.\" \/>\n<meta property=\"og:url\" content=\"https:\/\/www.miomiorun.com\/fr\/produit\/akyra-ii-gtx-homme\/\" \/>\n<meta property=\"og:site_name\" content=\"MioMioRun\" \/>\n<meta property=\"article:publisher\" content=\"https:\/\/www.facebook.com\/miomiorun\/\" \/>\n<meta property=\"article:modified_time\" content=\"2026-05-08T20:22:08+00:00\" \/>\n<meta property=\"og:image\" content=\"https:\/\/www.miomiorun.com\/app\/uploads\/2024\/11\/La-Sportiva-Akyra-II-GTX-carbon-bamboo-44H900735.webp\" \/>\n\t<meta property=\"og:image:width\" content=\"600\" \/>\n\t<meta property=\"og:image:height\" content=\"600\" \/>\n\t<meta property=\"og:image:type\" content=\"image\/webp\" \/>\n<meta name=\"twitter:card\" content=\"summary_large_image\" \/>\n<meta name=\"twitter:label1\" content=\"Est. reading time\" \/>\n\t<meta name=\"twitter:data1\" content=\"3 minutes\" \/>\n<script type=\"application\/ld+json\" class=\"yoast-schema-graph\">{\"@context\":\"https:\/\/schema.org\",\"@graph\":[{\"@type\":\"WebPage\",\"@id\":\"https:\/\/www.miomiorun.com\/fr\/produit\/akyra-ii-gtx-homme\/\",\"url\":\"https:\/\/www.miomiorun.com\/fr\/produit\/akyra-ii-gtx-homme\/\",\"name\":\"La sportiva Akyra II GTX homme -chaussures de trail pour hommes - MioMioRun\",\"isPartOf\":{\"@id\":\"https:\/\/www.miomiorun.com\/fr\/#website\"},\"primaryImageOfPage\":{\"@id\":\"https:\/\/www.miomiorun.com\/fr\/produit\/akyra-ii-gtx-homme\/#primaryimage\"},\"image\":{\"@id\":\"https:\/\/www.miomiorun.com\/fr\/produit\/akyra-ii-gtx-homme\/#primaryimage\"},\"thumbnailUrl\":\"https:\/\/www.miomiorun.com\/app\/uploads\/2024\/11\/La-Sportiva-Akyra-II-GTX-carbon-bamboo-44H900735.webp\",\"datePublished\":\"2024-10-22T11:08:59+00:00\",\"dateModified\":\"2026-05-08T20:22:08+00:00\",\"description\":\"L'Akyra II Gore-Tex pour homme est la chaussure id\u00e9ale pour ceux qui veulent se d\u00e9placer avec agilit\u00e9 et rapidit\u00e9 sur tous les sentiers, m\u00eame les plus exigeants.\",\"breadcrumb\":{\"@id\":\"https:\/\/www.miomiorun.com\/fr\/produit\/akyra-ii-gtx-homme\/#breadcrumb\"},\"inLanguage\":\"fr-FR\",\"potentialAction\":[{\"@type\":\"ReadAction\",\"target\":[\"https:\/\/www.miomiorun.com\/fr\/produit\/akyra-ii-gtx-homme\/\"]}]},{\"@type\":\"ImageObject\",\"inLanguage\":\"fr-FR\",\"@id\":\"https:\/\/www.miomiorun.com\/fr\/produit\/akyra-ii-gtx-homme\/#primaryimage\",\"url\":\"https:\/\/www.miomiorun.com\/app\/uploads\/2024\/11\/La-Sportiva-Akyra-II-GTX-carbon-bamboo-44H900735.webp\",\"contentUrl\":\"https:\/\/www.miomiorun.com\/app\/uploads\/2024\/11\/La-Sportiva-Akyra-II-GTX-carbon-bamboo-44H900735.webp\",\"width\":600,\"height\":600,\"caption\":\"La Sportiva Akyra II GTX carbon bamboo 44H900735\"},{\"@type\":\"BreadcrumbList\",\"@id\":\"https:\/\/www.miomiorun.com\/fr\/produit\/akyra-ii-gtx-homme\/#breadcrumb\",\"itemListElement\":[{\"@type\":\"ListItem\",\"position\":1,\"name\":\"Home\",\"item\":\"https:\/\/www.miomiorun.com\/fr\/home-page\/\"},{\"@type\":\"ListItem\",\"position\":2,\"name\":\"Shop\",\"item\":\"https:\/\/www.miomiorun.com\/shop\/\"},{\"@type\":\"ListItem\",\"position\":3,\"name\":\"Akyra II GTX homme\"}]},{\"@type\":\"WebSite\",\"@id\":\"https:\/\/www.miomiorun.com\/fr\/#website\",\"url\":\"https:\/\/www.miomiorun.com\/fr\/\",\"name\":\"MioMioRun\",\"description\":\"Boutique 100% running et trail\",\"publisher\":{\"@id\":\"https:\/\/www.miomiorun.com\/fr\/#organization\"},\"potentialAction\":[{\"@type\":\"SearchAction\",\"target\":{\"@type\":\"EntryPoint\",\"urlTemplate\":\"https:\/\/www.miomiorun.com\/fr\/?s={search_term_string}\"},\"query-input\":{\"@type\":\"PropertyValueSpecification\",\"valueRequired\":true,\"valueName\":\"search_term_string\"}}],\"inLanguage\":\"fr-FR\"},{\"@type\":\"Organization\",\"@id\":\"https:\/\/www.miomiorun.com\/fr\/#organization\",\"name\":\"MioMio Run\",\"url\":\"https:\/\/www.miomiorun.com\/fr\/\",\"logo\":{\"@type\":\"ImageObject\",\"inLanguage\":\"fr-FR\",\"@id\":\"https:\/\/www.miomiorun.com\/fr\/#\/schema\/logo\/image\/\",\"url\":\"https:\/\/www.miomiorun.com\/app\/uploads\/2019\/12\/logomio.png\",\"contentUrl\":\"https:\/\/www.miomiorun.com\/app\/uploads\/2019\/12\/logomio.png\",\"width\":115,\"height\":82,\"caption\":\"MioMio Run\"},\"image\":{\"@id\":\"https:\/\/www.miomiorun.com\/fr\/#\/schema\/logo\/image\/\"},\"sameAs\":[\"https:\/\/www.facebook.com\/miomiorun\/\",\"https:\/\/www.instagram.com\/miomiorun\/\"]}]}<\/script>\n<!-- \/ Yoast SEO plugin. -->","yoast_head_json":{"title":"La sportiva Akyra II GTX homme -chaussures de trail pour hommes - MioMioRun","description":"L'Akyra II Gore-Tex pour homme est la chaussure id\u00e9ale pour ceux qui veulent se d\u00e9placer avec agilit\u00e9 et rapidit\u00e9 sur tous les sentiers, m\u00eame les plus exigeants.","robots":{"index":"index","follow":"follow","max-snippet":"max-snippet:-1","max-image-preview":"max-image-preview:large","max-video-preview":"max-video-preview:-1"},"canonical":"https:\/\/www.miomiorun.com\/fr\/produit\/akyra-ii-gtx-homme\/","og_locale":"fr_FR","og_type":"article","og_title":"La sportiva Akyra II GTX homme -chaussures de trail pour hommes - MioMioRun","og_description":"L'Akyra II Gore-Tex pour homme est la chaussure id\u00e9ale pour ceux qui veulent se d\u00e9placer avec agilit\u00e9 et rapidit\u00e9 sur tous les sentiers, m\u00eame les plus exigeants.","og_url":"https:\/\/www.miomiorun.com\/fr\/produit\/akyra-ii-gtx-homme\/","og_site_name":"MioMioRun","article_publisher":"https:\/\/www.facebook.com\/miomiorun\/","article_modified_time":"2026-05-08T20:22:08+00:00","og_image":[{"width":600,"height":600,"url":"https:\/\/www.miomiorun.com\/app\/uploads\/2024\/11\/La-Sportiva-Akyra-II-GTX-carbon-bamboo-44H900735.webp","type":"image\/webp"}],"twitter_card":"summary_large_image","twitter_misc":{"Est. reading time":"3 minutes"},"schema":{"@context":"https:\/\/schema.org","@graph":[{"@type":"WebPage","@id":"https:\/\/www.miomiorun.com\/fr\/produit\/akyra-ii-gtx-homme\/","url":"https:\/\/www.miomiorun.com\/fr\/produit\/akyra-ii-gtx-homme\/","name":"La sportiva Akyra II GTX homme -chaussures de trail pour hommes - MioMioRun","isPartOf":{"@id":"https:\/\/www.miomiorun.com\/fr\/#website"},"primaryImageOfPage":{"@id":"https:\/\/www.miomiorun.com\/fr\/produit\/akyra-ii-gtx-homme\/#primaryimage"},"image":{"@id":"https:\/\/www.miomiorun.com\/fr\/produit\/akyra-ii-gtx-homme\/#primaryimage"},"thumbnailUrl":"https:\/\/www.miomiorun.com\/app\/uploads\/2024\/11\/La-Sportiva-Akyra-II-GTX-carbon-bamboo-44H900735.webp","datePublished":"2024-10-22T11:08:59+00:00","dateModified":"2026-05-08T20:22:08+00:00","description":"L'Akyra II Gore-Tex pour homme est la chaussure id\u00e9ale pour ceux qui veulent se d\u00e9placer avec agilit\u00e9 et rapidit\u00e9 sur tous les sentiers, m\u00eame les plus exigeants.","breadcrumb":{"@id":"https:\/\/www.miomiorun.com\/fr\/produit\/akyra-ii-gtx-homme\/#breadcrumb"},"inLanguage":"fr-FR","potentialAction":[{"@type":"ReadAction","target":["https:\/\/www.miomiorun.com\/fr\/produit\/akyra-ii-gtx-homme\/"]}]},{"@type":"ImageObject","inLanguage":"fr-FR","@id":"https:\/\/www.miomiorun.com\/fr\/produit\/akyra-ii-gtx-homme\/#primaryimage","url":"https:\/\/www.miomiorun.com\/app\/uploads\/2024\/11\/La-Sportiva-Akyra-II-GTX-carbon-bamboo-44H900735.webp","contentUrl":"https:\/\/www.miomiorun.com\/app\/uploads\/2024\/11\/La-Sportiva-Akyra-II-GTX-carbon-bamboo-44H900735.webp","width":600,"height":600,"caption":"La Sportiva Akyra II GTX carbon bamboo 44H900735"},{"@type":"BreadcrumbList","@id":"https:\/\/www.miomiorun.com\/fr\/produit\/akyra-ii-gtx-homme\/#breadcrumb","itemListElement":[{"@type":"ListItem","position":1,"name":"Home","item":"https:\/\/www.miomiorun.com\/fr\/home-page\/"},{"@type":"ListItem","position":2,"name":"Shop","item":"https:\/\/www.miomiorun.com\/shop\/"},{"@type":"ListItem","position":3,"name":"Akyra II GTX homme"}]},{"@type":"WebSite","@id":"https:\/\/www.miomiorun.com\/fr\/#website","url":"https:\/\/www.miomiorun.com\/fr\/","name":"MioMioRun","description":"Boutique 100% running et trail","publisher":{"@id":"https:\/\/www.miomiorun.com\/fr\/#organization"},"potentialAction":[{"@type":"SearchAction","target":{"@type":"EntryPoint","urlTemplate":"https:\/\/www.miomiorun.com\/fr\/?s={search_term_string}"},"query-input":{"@type":"PropertyValueSpecification","valueRequired":true,"valueName":"search_term_string"}}],"inLanguage":"fr-FR"},{"@type":"Organization","@id":"https:\/\/www.miomiorun.com\/fr\/#organization","name":"MioMio Run","url":"https:\/\/www.miomiorun.com\/fr\/","logo":{"@type":"ImageObject","inLanguage":"fr-FR","@id":"https:\/\/www.miomiorun.com\/fr\/#\/schema\/logo\/image\/","url":"https:\/\/www.miomiorun.com\/app\/uploads\/2019\/12\/logomio.png","contentUrl":"https:\/\/www.miomiorun.com\/app\/uploads\/2019\/12\/logomio.png","width":115,"height":82,"caption":"MioMio Run"},"image":{"@id":"https:\/\/www.miomiorun.com\/fr\/#\/schema\/logo\/image\/"},"sameAs":["https:\/\/www.facebook.com\/miomiorun\/","https:\/\/www.instagram.com\/miomiorun\/"]}]}},"_links":{"self":[{"href":"https:\/\/www.miomiorun.com\/fr\/wp-json\/wp\/v2\/product\/296375","targetHints":{"allow":["GET"]}}],"collection":[{"href":"https:\/\/www.miomiorun.com\/fr\/wp-json\/wp\/v2\/product"}],"about":[{"href":"https:\/\/www.miomiorun.com\/fr\/wp-json\/wp\/v2\/types\/product"}],"wp:featuredmedia":[{"embeddable":true,"href":"https:\/\/www.miomiorun.com\/fr\/wp-json\/wp\/v2\/media\/250124"}],"wp:attachment":[{"href":"https:\/\/www.miomiorun.com\/fr\/wp-json\/wp\/v2\/media?parent=296375"}],"wp:term":[{"taxonomy":"product_brand","embeddable":true,"href":"https:\/\/www.miomiorun.com\/fr\/wp-json\/wp\/v2\/product_brand?post=296375"},{"taxonomy":"product_cat","embeddable":true,"href":"https:\/\/www.miomiorun.com\/fr\/wp-json\/wp\/v2\/product_cat?post=296375"},{"taxonomy":"product_tag","embeddable":true,"href":"https:\/\/www.miomiorun.com\/fr\/wp-json\/wp\/v2\/product_tag?post=296375"}],"curies":[{"name":"wp","href":"https:\/\/api.w.org\/{rel}","templated":true}]}}