{"id":296373,"date":"2024-10-22T13:31:54","date_gmt":"2024-10-22T11:31:54","guid":{"rendered":"https:\/\/miomiorun.com\/prodotto\/track-t-shirt-uomo\/"},"modified":"2025-05-20T17:17:43","modified_gmt":"2025-05-20T15:17:43","slug":"track-t-shirt-homme","status":"publish","type":"product","link":"https:\/\/www.miomiorun.com\/fr\/produit\/track-t-shirt-homme\/","title":{"rendered":"Track T-Shirt homme"},"content":{"rendered":"<div class=\"data item content\" role=\"tabpanel\" aria-hidden=\"false\" data-role=\"content\" aria-labelledby=\"tab-label-techinfo\">\n<div class=\"techinfo-container\">\n<h2 style=\"text-align: center;\"><strong>La montagne est au c\u0153ur de nos aventures les plus m\u00e9morables, qu&#8217;il s&#8217;agisse d&#8217;escalader des parois rocheuses, de traverser des vall\u00e9es recouvertes d&#8217;un doux manteau blanc ou de courir sur des sentiers immerg\u00e9s dans le silence de la nature.<\/strong><\/h2>\n<p>&nbsp;<\/p>\n<p>Avec ce magnifique <strong>T-shirt Track<\/strong> pour homme, vous pourrez tout faire.<\/p>\n<h3>Caract\u00e9ristiques :<\/h3>\n<p>&nbsp;<\/p>\n<p><a class=\"d-flex flex-column align-items-center text-center\"><img loading=\"lazy\" decoding=\"async\" class=\"lazyloaded\" src=\"https:\/\/www.lasportiva.com\/media\/techinfo_icons\/slim-fit.png\" alt=\"La Sportiva\" width=\"75\" height=\"75\" data-src=\"https:\/\/www.lasportiva.com\/media\/techinfo_icons\/slim-fit.png\" \/><\/a><\/p>\n<p><a class=\"d-flex flex-column align-items-center text-center\">Coupe \u00e9troite <strong>:<\/strong>Coupe tr\u00e8s serr\u00e9e pour une performance maximale en course.<\/a><\/p>\n<\/div>\n<\/div>\n<p>&nbsp;<\/p>\n<p><a class=\"d-flex flex-column align-items-center text-center\"> <img loading=\"lazy\" decoding=\"async\" class=\"lazyloaded\" src=\"https:\/\/www.lasportiva.com\/media\/techinfo_icons\/leggerezza.png\" alt=\"La Sportiva\" width=\"75\" height=\"75\" data-src=\"https:\/\/www.lasportiva.com\/media\/techinfo_icons\/leggerezza.png\" \/> <\/a><\/p>\n<p><strong>L\u00e9g\u00e8ret\u00e9 : <\/strong>Produits dont le poids est r\u00e9duit au minimum.<\/p>\n<p>&nbsp;<\/p>\n<p><a class=\"d-flex flex-column align-items-center text-center\"> <img loading=\"lazy\" decoding=\"async\" class=\"lazyloaded\" src=\"https:\/\/www.lasportiva.com\/media\/techinfo_icons\/organic-cotton.png\" alt=\"La Sportiva\" width=\"75\" height=\"75\" data-src=\"https:\/\/www.lasportiva.com\/media\/techinfo_icons\/organic-cotton.png\" \/> <\/a><\/p>\n<p><strong><a class=\"d-flex flex-column align-items-center text-center\">Coton biologique :<\/a><\/strong><a class=\"d-flex flex-column align-items-center text-center\"><strong>La Sportiva a fait un choix pr\u00e9cis pour la cr\u00e9ation de sa ligne de T-Shirts en coton :<\/strong><strong>n&#8217;utiliser que du coton certifi\u00e9 100% biologique dans le respect de l&#8217;environnement qui nous entoure et avec des b\u00e9n\u00e9fices \u00e9vidents pour l&#8217;utilisateur final.<\/strong><br \/>\nLe coton biologique est obtenu \u00e0 partir de plantations trait\u00e9es sans pesticides ni substances chimiques, en utilisant moins d&#8217;eau que la culture traditionnelle et sans utiliser de semences OGM. En plus de faire un choix \u00e9cologique, le porteur pourra sentir la diff\u00e9rence imm\u00e9diatement : il ne produit pas d&#8217;irritation au contact de la peau, il est plus doux que le coton traditionnel, plus respirant et beaucoup plus confortable.<\/a><\/p>\n<p>&nbsp;<\/p>\n<p><a class=\"d-flex flex-column align-items-center text-center\"> <img loading=\"lazy\" decoding=\"async\" class=\"lazyloaded\" src=\"https:\/\/www.lasportiva.com\/media\/techinfo_icons\/L1.png\" alt=\"La Sportiva\" width=\"75\" height=\"75\" data-src=\"https:\/\/www.lasportiva.com\/media\/techinfo_icons\/L1.png\" \/> <\/a><\/p>\n<p><a class=\"d-flex flex-column align-items-center text-center\"><strong>L1 (couche de base) : <\/strong>Couche en contact direct avec la peau. Favorise l&#8217;\u00e9limination de la transpiration pour un meilleur confort climatique lors de l&#8217;activit\u00e9 physique.<\/a><\/p>\n","protected":false},"excerpt":{"rendered":"<ul>\n<li>Tissu 100% coton biologique \u00e0 s\u00e9chage rapide.<\/li>\n<li>Id\u00e9al pour la randonn\u00e9e et les activit\u00e9s de montagne.<\/li>\n<\/ul>\n","protected":false},"featured_media":250140,"template":"","meta":{"_acf_changed":false,"inline_featured_image":false},"product_brand":[],"product_cat":[24449,24482,24484],"product_tag":[23597,23599],"class_list":{"0":"post-296373","1":"product","2":"type-product","3":"status-publish","4":"has-post-thumbnail","6":"product_cat-t-shirt-fr-3","7":"product_cat-vetements-pour-hommes-fr","8":"product_cat-homme","9":"product_tag-la-sportiva-fr","10":"product_tag-la-sportiva-homme","11":"pa_attivita-outdoor-fr","12":"pa_attivita-trail-fr","13":"pa_colore-track-t-shirt-white-m-fr","14":"pa_marca-la-sportiva-fr","15":"pa_sesso-homme","16":"pa_size-small-fr","17":"pa_size-medium-fr","18":"pa_size-extra-large-fr","20":"first","21":"instock","22":"sale","23":"taxable","24":"shipping-taxable","25":"purchasable","26":"product-type-variable","27":"wvs-archive-product-wrapper"},"acf":[],"yoast_head":"<!-- This site is optimized with the Yoast SEO plugin v26.8 - https:\/\/yoast.com\/product\/yoast-seo-wordpress\/ -->\n<title>La Sportiva Track T-Shirt homme - t-shirt de course - MioMioRun<\/title>\n<meta name=\"description\" content=\"Le T-shirt Track pour homme est un T-shirt en coton biologique parfait pour toutes les activit\u00e9s sportives en montagne, m\u00eame les plus difficiles.\" \/>\n<meta name=\"robots\" content=\"index, follow, max-snippet:-1, max-image-preview:large, max-video-preview:-1\" \/>\n<link rel=\"canonical\" href=\"https:\/\/www.miomiorun.com\/fr\/produit\/track-t-shirt-homme\/\" \/>\n<meta property=\"og:locale\" content=\"fr_FR\" \/>\n<meta property=\"og:type\" content=\"article\" \/>\n<meta property=\"og:title\" content=\"La Sportiva Track T-Shirt homme - t-shirt de course - MioMioRun\" \/>\n<meta property=\"og:description\" content=\"Le T-shirt Track pour homme est un T-shirt en coton biologique parfait pour toutes les activit\u00e9s sportives en montagne, m\u00eame les plus difficiles.\" \/>\n<meta property=\"og:url\" content=\"https:\/\/www.miomiorun.com\/fr\/produit\/track-t-shirt-homme\/\" \/>\n<meta property=\"og:site_name\" content=\"MioMioRun\" \/>\n<meta property=\"article:publisher\" content=\"https:\/\/www.facebook.com\/miomiorun\/\" \/>\n<meta property=\"article:modified_time\" content=\"2025-05-20T15:17:43+00:00\" \/>\n<meta property=\"og:image\" content=\"https:\/\/www.miomiorun.com\/app\/uploads\/2024\/11\/la-sportiva-Track-t-shirt-white-M-F26000000.webp\" \/>\n\t<meta property=\"og:image:width\" content=\"600\" \/>\n\t<meta property=\"og:image:height\" content=\"600\" \/>\n\t<meta property=\"og:image:type\" content=\"image\/webp\" \/>\n<meta name=\"twitter:card\" content=\"summary_large_image\" \/>\n<meta name=\"twitter:label1\" content=\"Est. reading time\" \/>\n\t<meta name=\"twitter:data1\" content=\"1 minute\" \/>\n<script type=\"application\/ld+json\" class=\"yoast-schema-graph\">{\"@context\":\"https:\/\/schema.org\",\"@graph\":[{\"@type\":\"WebPage\",\"@id\":\"https:\/\/www.miomiorun.com\/fr\/produit\/track-t-shirt-homme\/\",\"url\":\"https:\/\/www.miomiorun.com\/fr\/produit\/track-t-shirt-homme\/\",\"name\":\"La Sportiva Track T-Shirt homme - t-shirt de course - MioMioRun\",\"isPartOf\":{\"@id\":\"https:\/\/www.miomiorun.com\/fr\/#website\"},\"primaryImageOfPage\":{\"@id\":\"https:\/\/www.miomiorun.com\/fr\/produit\/track-t-shirt-homme\/#primaryimage\"},\"image\":{\"@id\":\"https:\/\/www.miomiorun.com\/fr\/produit\/track-t-shirt-homme\/#primaryimage\"},\"thumbnailUrl\":\"https:\/\/www.miomiorun.com\/app\/uploads\/2024\/11\/la-sportiva-Track-t-shirt-white-M-F26000000.webp\",\"datePublished\":\"2024-10-22T11:31:54+00:00\",\"dateModified\":\"2025-05-20T15:17:43+00:00\",\"description\":\"Le T-shirt Track pour homme est un T-shirt en coton biologique parfait pour toutes les activit\u00e9s sportives en montagne, m\u00eame les plus difficiles.\",\"breadcrumb\":{\"@id\":\"https:\/\/www.miomiorun.com\/fr\/produit\/track-t-shirt-homme\/#breadcrumb\"},\"inLanguage\":\"fr-FR\",\"potentialAction\":[{\"@type\":\"ReadAction\",\"target\":[\"https:\/\/www.miomiorun.com\/fr\/produit\/track-t-shirt-homme\/\"]}]},{\"@type\":\"ImageObject\",\"inLanguage\":\"fr-FR\",\"@id\":\"https:\/\/www.miomiorun.com\/fr\/produit\/track-t-shirt-homme\/#primaryimage\",\"url\":\"https:\/\/www.miomiorun.com\/app\/uploads\/2024\/11\/la-sportiva-Track-t-shirt-white-M-F26000000.webp\",\"contentUrl\":\"https:\/\/www.miomiorun.com\/app\/uploads\/2024\/11\/la-sportiva-Track-t-shirt-white-M-F26000000.webp\",\"width\":600,\"height\":600,\"caption\":\"la sportiva Track t-shirt white M F26000000\"},{\"@type\":\"BreadcrumbList\",\"@id\":\"https:\/\/www.miomiorun.com\/fr\/produit\/track-t-shirt-homme\/#breadcrumb\",\"itemListElement\":[{\"@type\":\"ListItem\",\"position\":1,\"name\":\"Home\",\"item\":\"https:\/\/www.miomiorun.com\/fr\/home-page\/\"},{\"@type\":\"ListItem\",\"position\":2,\"name\":\"Shop\",\"item\":\"https:\/\/www.miomiorun.com\/shop\/\"},{\"@type\":\"ListItem\",\"position\":3,\"name\":\"Track T-Shirt homme\"}]},{\"@type\":\"WebSite\",\"@id\":\"https:\/\/www.miomiorun.com\/fr\/#website\",\"url\":\"https:\/\/www.miomiorun.com\/fr\/\",\"name\":\"MioMioRun\",\"description\":\"Boutique 100% running et trail\",\"publisher\":{\"@id\":\"https:\/\/www.miomiorun.com\/fr\/#organization\"},\"potentialAction\":[{\"@type\":\"SearchAction\",\"target\":{\"@type\":\"EntryPoint\",\"urlTemplate\":\"https:\/\/www.miomiorun.com\/fr\/?s={search_term_string}\"},\"query-input\":{\"@type\":\"PropertyValueSpecification\",\"valueRequired\":true,\"valueName\":\"search_term_string\"}}],\"inLanguage\":\"fr-FR\"},{\"@type\":\"Organization\",\"@id\":\"https:\/\/www.miomiorun.com\/fr\/#organization\",\"name\":\"MioMio Run\",\"url\":\"https:\/\/www.miomiorun.com\/fr\/\",\"logo\":{\"@type\":\"ImageObject\",\"inLanguage\":\"fr-FR\",\"@id\":\"https:\/\/www.miomiorun.com\/fr\/#\/schema\/logo\/image\/\",\"url\":\"https:\/\/www.miomiorun.com\/app\/uploads\/2019\/12\/logomio.png\",\"contentUrl\":\"https:\/\/www.miomiorun.com\/app\/uploads\/2019\/12\/logomio.png\",\"width\":115,\"height\":82,\"caption\":\"MioMio Run\"},\"image\":{\"@id\":\"https:\/\/www.miomiorun.com\/fr\/#\/schema\/logo\/image\/\"},\"sameAs\":[\"https:\/\/www.facebook.com\/miomiorun\/\",\"https:\/\/www.instagram.com\/miomiorun\/\"]}]}<\/script>\n<!-- \/ Yoast SEO plugin. -->","yoast_head_json":{"title":"La Sportiva Track T-Shirt homme - t-shirt de course - MioMioRun","description":"Le T-shirt Track pour homme est un T-shirt en coton biologique parfait pour toutes les activit\u00e9s sportives en montagne, m\u00eame les plus difficiles.","robots":{"index":"index","follow":"follow","max-snippet":"max-snippet:-1","max-image-preview":"max-image-preview:large","max-video-preview":"max-video-preview:-1"},"canonical":"https:\/\/www.miomiorun.com\/fr\/produit\/track-t-shirt-homme\/","og_locale":"fr_FR","og_type":"article","og_title":"La Sportiva Track T-Shirt homme - t-shirt de course - MioMioRun","og_description":"Le T-shirt Track pour homme est un T-shirt en coton biologique parfait pour toutes les activit\u00e9s sportives en montagne, m\u00eame les plus difficiles.","og_url":"https:\/\/www.miomiorun.com\/fr\/produit\/track-t-shirt-homme\/","og_site_name":"MioMioRun","article_publisher":"https:\/\/www.facebook.com\/miomiorun\/","article_modified_time":"2025-05-20T15:17:43+00:00","og_image":[{"width":600,"height":600,"url":"https:\/\/www.miomiorun.com\/app\/uploads\/2024\/11\/la-sportiva-Track-t-shirt-white-M-F26000000.webp","type":"image\/webp"}],"twitter_card":"summary_large_image","twitter_misc":{"Est. reading time":"1 minute"},"schema":{"@context":"https:\/\/schema.org","@graph":[{"@type":"WebPage","@id":"https:\/\/www.miomiorun.com\/fr\/produit\/track-t-shirt-homme\/","url":"https:\/\/www.miomiorun.com\/fr\/produit\/track-t-shirt-homme\/","name":"La Sportiva Track T-Shirt homme - t-shirt de course - MioMioRun","isPartOf":{"@id":"https:\/\/www.miomiorun.com\/fr\/#website"},"primaryImageOfPage":{"@id":"https:\/\/www.miomiorun.com\/fr\/produit\/track-t-shirt-homme\/#primaryimage"},"image":{"@id":"https:\/\/www.miomiorun.com\/fr\/produit\/track-t-shirt-homme\/#primaryimage"},"thumbnailUrl":"https:\/\/www.miomiorun.com\/app\/uploads\/2024\/11\/la-sportiva-Track-t-shirt-white-M-F26000000.webp","datePublished":"2024-10-22T11:31:54+00:00","dateModified":"2025-05-20T15:17:43+00:00","description":"Le T-shirt Track pour homme est un T-shirt en coton biologique parfait pour toutes les activit\u00e9s sportives en montagne, m\u00eame les plus difficiles.","breadcrumb":{"@id":"https:\/\/www.miomiorun.com\/fr\/produit\/track-t-shirt-homme\/#breadcrumb"},"inLanguage":"fr-FR","potentialAction":[{"@type":"ReadAction","target":["https:\/\/www.miomiorun.com\/fr\/produit\/track-t-shirt-homme\/"]}]},{"@type":"ImageObject","inLanguage":"fr-FR","@id":"https:\/\/www.miomiorun.com\/fr\/produit\/track-t-shirt-homme\/#primaryimage","url":"https:\/\/www.miomiorun.com\/app\/uploads\/2024\/11\/la-sportiva-Track-t-shirt-white-M-F26000000.webp","contentUrl":"https:\/\/www.miomiorun.com\/app\/uploads\/2024\/11\/la-sportiva-Track-t-shirt-white-M-F26000000.webp","width":600,"height":600,"caption":"la sportiva Track t-shirt white M F26000000"},{"@type":"BreadcrumbList","@id":"https:\/\/www.miomiorun.com\/fr\/produit\/track-t-shirt-homme\/#breadcrumb","itemListElement":[{"@type":"ListItem","position":1,"name":"Home","item":"https:\/\/www.miomiorun.com\/fr\/home-page\/"},{"@type":"ListItem","position":2,"name":"Shop","item":"https:\/\/www.miomiorun.com\/shop\/"},{"@type":"ListItem","position":3,"name":"Track T-Shirt homme"}]},{"@type":"WebSite","@id":"https:\/\/www.miomiorun.com\/fr\/#website","url":"https:\/\/www.miomiorun.com\/fr\/","name":"MioMioRun","description":"Boutique 100% running et trail","publisher":{"@id":"https:\/\/www.miomiorun.com\/fr\/#organization"},"potentialAction":[{"@type":"SearchAction","target":{"@type":"EntryPoint","urlTemplate":"https:\/\/www.miomiorun.com\/fr\/?s={search_term_string}"},"query-input":{"@type":"PropertyValueSpecification","valueRequired":true,"valueName":"search_term_string"}}],"inLanguage":"fr-FR"},{"@type":"Organization","@id":"https:\/\/www.miomiorun.com\/fr\/#organization","name":"MioMio Run","url":"https:\/\/www.miomiorun.com\/fr\/","logo":{"@type":"ImageObject","inLanguage":"fr-FR","@id":"https:\/\/www.miomiorun.com\/fr\/#\/schema\/logo\/image\/","url":"https:\/\/www.miomiorun.com\/app\/uploads\/2019\/12\/logomio.png","contentUrl":"https:\/\/www.miomiorun.com\/app\/uploads\/2019\/12\/logomio.png","width":115,"height":82,"caption":"MioMio Run"},"image":{"@id":"https:\/\/www.miomiorun.com\/fr\/#\/schema\/logo\/image\/"},"sameAs":["https:\/\/www.facebook.com\/miomiorun\/","https:\/\/www.instagram.com\/miomiorun\/"]}]}},"_links":{"self":[{"href":"https:\/\/www.miomiorun.com\/fr\/wp-json\/wp\/v2\/product\/296373","targetHints":{"allow":["GET"]}}],"collection":[{"href":"https:\/\/www.miomiorun.com\/fr\/wp-json\/wp\/v2\/product"}],"about":[{"href":"https:\/\/www.miomiorun.com\/fr\/wp-json\/wp\/v2\/types\/product"}],"wp:featuredmedia":[{"embeddable":true,"href":"https:\/\/www.miomiorun.com\/fr\/wp-json\/wp\/v2\/media\/250140"}],"wp:attachment":[{"href":"https:\/\/www.miomiorun.com\/fr\/wp-json\/wp\/v2\/media?parent=296373"}],"wp:term":[{"taxonomy":"product_brand","embeddable":true,"href":"https:\/\/www.miomiorun.com\/fr\/wp-json\/wp\/v2\/product_brand?post=296373"},{"taxonomy":"product_cat","embeddable":true,"href":"https:\/\/www.miomiorun.com\/fr\/wp-json\/wp\/v2\/product_cat?post=296373"},{"taxonomy":"product_tag","embeddable":true,"href":"https:\/\/www.miomiorun.com\/fr\/wp-json\/wp\/v2\/product_tag?post=296373"}],"curies":[{"name":"wp","href":"https:\/\/api.w.org\/{rel}","templated":true}]}}