{"id":296337,"date":"2024-10-22T14:07:15","date_gmt":"2024-10-22T12:07:15","guid":{"rendered":"https:\/\/miomiorun.com\/prodotto\/pinnacle-down-jkt-donna\/"},"modified":"2026-05-08T22:21:52","modified_gmt":"2026-05-08T20:21:52","slug":"pinnacle-down-jkt-femme","status":"publish","type":"product","link":"https:\/\/www.miomiorun.com\/fr\/produit\/pinnacle-down-jkt-femme\/","title":{"rendered":"Pinnacle Down JKT femme"},"content":{"rendered":"<p>Le <strong>Pinnacle Down JKT<\/strong> pour femme est un v\u00eatement matelass\u00e9 en duvet recycl\u00e9 d\u00e9di\u00e9 au ski alpinisme qui garantit une excellente isolation thermique et une grande l\u00e9g\u00e8ret\u00e9.<\/p>\n<p>&nbsp;<\/p>\n<p>&nbsp;<\/p>\n<p><img decoding=\"async\" class=\"img-responsive margin-bottom-sm\" src=\"https:\/\/www.lasportiva.com\/media\/techinfo_icons\/Breathability_75x75.png\" \/><\/p>\n<p><strong>Respirabilit\u00e9 : <\/strong>Produits hautement respirants pour un confort climatique optimal.<\/p>\n<p>&nbsp;<\/p>\n<p><a class=\"d-flex flex-column align-items-center text-center\"> <img loading=\"lazy\" decoding=\"async\" class=\"lazyloaded\" src=\"https:\/\/www.lasportiva.com\/media\/techinfo_icons\/regular-fit.png\" alt=\"La Sportiva\" width=\"75\" height=\"75\" data-src=\"https:\/\/www.lasportiva.com\/media\/techinfo_icons\/regular-fit.png\" \/> <\/a><\/p>\n<p><a class=\"d-flex flex-column align-items-center text-center\"><strong>Coupe r\u00e9guli\u00e8re : <\/strong>Coupe technique et confortable.<\/a><\/p>\n<p>&nbsp;<\/p>\n<p><img decoding=\"async\" class=\"img-responsive margin-bottom-sm\" src=\"https:\/\/www.lasportiva.com\/media\/techinfo_icons\/Lightweight_75x75.png\" \/><\/p>\n<p><strong>L\u00e9g\u00e8ret\u00e9 :<\/strong><br \/>\nProduits dont le poids est r\u00e9duit au minimum.<\/p>\n<p>&nbsp;<\/p>\n<p><img decoding=\"async\" class=\"img-responsive margin-bottom-sm\" src=\"https:\/\/www.lasportiva.com\/media\/techinfo_icons\/Insulation_75x75.png\" \/><\/p>\n<p><strong>Isolation thermique :<\/strong><br \/>\nProduits utilisables \u00e0 basse temp\u00e9rature.<\/p>\n<p>&nbsp;<\/p>\n<p><a class=\"d-flex flex-column align-items-center text-center\"> <img loading=\"lazy\" decoding=\"async\" class=\"lazyloaded\" src=\"https:\/\/www.lasportiva.com\/media\/techinfo_icons\/L4.png\" alt=\"La Sportiva\" width=\"75\" height=\"75\" data-src=\"https:\/\/www.lasportiva.com\/media\/techinfo_icons\/L4.png\" \/> <\/a><\/p>\n<p><strong><a class=\"d-flex flex-column align-items-center text-center\">L4 (couche isolante) :<\/a><\/strong><a class=\"d-flex flex-column align-items-center text-center\">Couche thermique avec rembourrage : maintient la temp\u00e9rature corporelle \u00e9lev\u00e9e dans les environnements tr\u00e8s froids.<\/a><\/p>\n<p>&nbsp;<\/p>\n<p><img decoding=\"async\" src=\"https:\/\/www.lasportiva.com\/media\/RECYCLEDfabric_insulation_Icone_75x75_2.png\" alt=\"\" \/><\/p>\n<p>La Sportiva fabrique des produits pour la montagne depuis 1928 au pied des Dolomites : c&#8217;est pourquoi nous accordons la plus grande attention \u00e0 chaque d\u00e9tail qui peut faire la diff\u00e9rence pour l&#8217;environnement. Avec les logos <strong>RECYCLED FABRIC &amp; INSULATIONS<\/strong>, nous avons identifi\u00e9 des produits respectueux de l&#8217;environnement qui, gr\u00e2ce \u00e0 des choix de production et de construction, utilisent des mat\u00e9riaux d\u00e9riv\u00e9s de la r\u00e9utilisation du plastique, permettant ainsi au consommateur de faire un achat respectueux de l&#8217;environnement.<\/p>\n<p>TISSUS <strong>RECYCLES<\/strong><br \/>\nFibres de polyester fabriqu\u00e9es \u00e0 partir de bouteilles en plastique recycl\u00e9es et selon des proc\u00e9d\u00e9s respectueux de l&#8217;environnement.<br \/>\n&#8211; Les v\u00eatements fabriqu\u00e9s avec des tissus <strong>RECYCLES<\/strong> contribuent \u00e0 r\u00e9duire l&#8217;impact sur l&#8217;environnement<br \/>\n&#8211; Tous les produits p\u00e9trochimiques ont \u00e9t\u00e9 remplac\u00e9s par des bouteilles en plastique recycl\u00e9es<br \/>\n&#8211; Le processus de production des fibres recycl\u00e9es r\u00e9duit les \u00e9missions de CO2 dans l&#8217;atmosph\u00e8re d&#8217;environ 54 % &#8211; Durabilit\u00e9 et qualit\u00e9 garanties dans le temps.<\/p>\n<p><strong>RECYCLED<\/strong> INSULATION<br \/>\nQu&#8217;il s&#8217;agisse d&#8217;isolation naturelle ou synth\u00e9tique, La Sportiva propose aujourd&#8217;hui de nombreuses solutions d&#8217;isolation dans des mat\u00e9riaux respectueux de l&#8217;environnement.<br \/>\n&#8211; Les v\u00eatements portant le logo <strong>RECYCLED INSULATION<\/strong> contribuent \u00e0 la protection des ressources naturelles et \u00e0 la r\u00e9duction de l&#8217;impact environnemental<br \/>\n&#8211; Le garnissage en duvet a \u00e9t\u00e9 remplac\u00e9 par l&#8217;utilisation exclusive de plumes recycl\u00e9es certifi\u00e9es et contr\u00f4l\u00e9es afin de r\u00e9duire les \u00e9missions de dioxyde de carbone<br \/>\n&#8211; Les garnissages synth\u00e9tiques sont en <strong>PRIMALOFT\u00ae Silver ECO<\/strong>: plus l\u00e9gers, isolants, avec un meilleur confort et une d\u00e9perlance sup\u00e9rieure<br \/>\n&#8211; Excellentes performances dans les environnements froids, m\u00eame en cas d&#8217;utilisation prolong\u00e9e<\/p>\n<p><strong>TISSU RECYCLE ET ISOLANT<\/strong><br \/>\nLes produits portant ce logo utilisent des mat\u00e9riaux recycl\u00e9s et \u00e9cologiques tant pour le tissu ext\u00e9rieur que pour le rembourrage int\u00e9rieur.<\/p>\n<p>&nbsp;<\/p>\n<p><a class=\"d-flex flex-column align-items-center text-center\"> <img loading=\"lazy\" decoding=\"async\" class=\"lazyloaded\" src=\"https:\/\/www.lasportiva.com\/media\/techinfo_icons\/p\/u\/pure_75x75.png\" alt=\"La Sportiva\" width=\"75\" height=\"75\" data-src=\"https:\/\/www.lasportiva.com\/media\/techinfo_icons\/p\/u\/pure_75x75.png\" \/><\/a><\/p>\n<p><strong><a class=\"d-flex flex-column align-items-center text-center\">P.U.R.E. RECYCLED DOWN\u00ae :<\/a><\/strong><a class=\"d-flex flex-column align-items-center text-center\"><strong>EST LE PREMIER DUVET RECYCL\u00c9 CERTIFI\u00c9 GRS.<\/strong> Le duvet est le meilleur mat\u00e9riau isolant au monde. Il vous garde au chaud tout en vous procurant un maximum de confort.<\/a><\/p>\n<p>&nbsp;<\/p>\n<p><b>Mat\u00e9riaux :<\/b><br \/>\nDoublure : (WSL03) 100% Polyamide recycl\u00e9Remplissage : 100% duvet r\u00e9g\u00e9n\u00e9r\u00e9 BLANC [90% duvet, 10% plumes] (80g)<br \/>\n<b>Poids :<\/b><br \/>\n310<br \/>\n<b>Coupe :<\/b><br \/>\nCoupe r\u00e9guli\u00e8re<\/p>\n<p>&nbsp;<\/p>\n<div class=\"item-block collapsible-plus active\" role=\"tablist\" data-collapsible=\"true\">\n<div class=\"data item title\" tabindex=\"0\" role=\"tab\" aria-expanded=\"true\" aria-selected=\"true\" data-role=\"title\">\n<h3 id=\"tab-label-plus\" class=\"switch-title\">Plus<\/h3>\n<ul>\n<li class=\"switch-title\">1 poche poitrine zipp\u00e9e.<\/li>\n<li class=\"switch-title\">2 poches frontales zipp\u00e9es.<\/li>\n<li class=\"switch-title\">Capuche r\u00e9glable, ergonomique et matelass\u00e9e.<\/li>\n<li class=\"switch-title\">Mat\u00e9riaux et construction con\u00e7us pour rendre le v\u00eatement compressible et confortable.<\/li>\n<li class=\"switch-title\">Poche de compression int\u00e9rieure en maille.<\/li>\n<li class=\"switch-title\">D\u00e9tails r\u00e9fl\u00e9chissants.<\/li>\n<\/ul>\n<\/div>\n<\/div>\n<p>&nbsp;<\/p>\n","protected":false},"excerpt":{"rendered":"<ul>\n<li>Doudoune recycl\u00e9e parfaite pour le ski alpinisme.<\/li>\n<li>A porter lorsque les temp\u00e9ratures sont tr\u00e8s froides.<\/li>\n<\/ul>\n","protected":false},"featured_media":250158,"template":"","meta":{"_acf_changed":false,"inline_featured_image":false},"product_brand":[],"product_cat":[22599,22596,22595],"product_tag":[23597,23601],"class_list":{"0":"post-296337","1":"product","2":"type-product","3":"status-publish","4":"has-post-thumbnail","6":"product_cat-vestes","7":"product_cat-vetements-pour-femmes","8":"product_cat-femme","9":"product_tag-la-sportiva-fr","10":"product_tag-la-sportiva-femme","11":"pa_attivita-lifestyle-fr","12":"pa_attivita-marcher","13":"pa_attivita-outdoor-fr","14":"pa_colore-pinnacle-down-jkt-springtime-w-fr","15":"pa_marca-la-sportiva-fr","16":"pa_sesso-femme","17":"pa_size-extra-small-fr","18":"pa_size-small-fr","19":"pa_size-medium-fr","21":"first","22":"instock","23":"sale","24":"taxable","25":"shipping-taxable","26":"purchasable","27":"product-type-variable","28":"wvs-archive-product-wrapper"},"acf":[],"yoast_head":"<!-- This site is optimized with the Yoast SEO plugin v26.8 - https:\/\/yoast.com\/product\/yoast-seo-wordpress\/ -->\n<title>La Sportiva Pinnacle Down JKT femme - Veste d&#039;alpinisme - MioMioRun.com<\/title>\n<meta name=\"description\" content=\"Le Pinnacle Down JKT pour femme est un v\u00eatement matelass\u00e9 en duvet recycl\u00e9 d\u00e9di\u00e9 au ski alpinisme qui garantit une excellente isolation thermique et une grande l\u00e9g\u00e8ret\u00e9.\" \/>\n<meta name=\"robots\" content=\"index, follow, max-snippet:-1, max-image-preview:large, max-video-preview:-1\" \/>\n<link rel=\"canonical\" href=\"https:\/\/www.miomiorun.com\/fr\/produit\/pinnacle-down-jkt-femme\/\" \/>\n<meta property=\"og:locale\" content=\"fr_FR\" \/>\n<meta property=\"og:type\" content=\"article\" \/>\n<meta property=\"og:title\" content=\"La Sportiva Pinnacle Down JKT femme - Veste d&#039;alpinisme - MioMioRun.com\" \/>\n<meta property=\"og:description\" content=\"Le Pinnacle Down JKT pour femme est un v\u00eatement matelass\u00e9 en duvet recycl\u00e9 d\u00e9di\u00e9 au ski alpinisme qui garantit une excellente isolation thermique et une grande l\u00e9g\u00e8ret\u00e9.\" \/>\n<meta property=\"og:url\" content=\"https:\/\/www.miomiorun.com\/fr\/produit\/pinnacle-down-jkt-femme\/\" \/>\n<meta property=\"og:site_name\" content=\"MioMioRun\" \/>\n<meta property=\"article:publisher\" content=\"https:\/\/www.facebook.com\/miomiorun\/\" \/>\n<meta property=\"article:modified_time\" content=\"2026-05-08T20:21:52+00:00\" \/>\n<meta property=\"og:image\" content=\"https:\/\/www.miomiorun.com\/app\/uploads\/2024\/11\/la-sportiva-Pinnacle-down-jkt-springtime-W-M47411411.webp\" \/>\n\t<meta property=\"og:image:width\" content=\"600\" \/>\n\t<meta property=\"og:image:height\" content=\"600\" \/>\n\t<meta property=\"og:image:type\" content=\"image\/webp\" \/>\n<meta name=\"twitter:card\" content=\"summary_large_image\" \/>\n<meta name=\"twitter:label1\" content=\"Est. reading time\" \/>\n\t<meta name=\"twitter:data1\" content=\"3 minutes\" \/>\n<script type=\"application\/ld+json\" class=\"yoast-schema-graph\">{\"@context\":\"https:\/\/schema.org\",\"@graph\":[{\"@type\":\"WebPage\",\"@id\":\"https:\/\/www.miomiorun.com\/fr\/produit\/pinnacle-down-jkt-femme\/\",\"url\":\"https:\/\/www.miomiorun.com\/fr\/produit\/pinnacle-down-jkt-femme\/\",\"name\":\"La Sportiva Pinnacle Down JKT femme - Veste d'alpinisme - MioMioRun.com\",\"isPartOf\":{\"@id\":\"https:\/\/www.miomiorun.com\/fr\/#website\"},\"primaryImageOfPage\":{\"@id\":\"https:\/\/www.miomiorun.com\/fr\/produit\/pinnacle-down-jkt-femme\/#primaryimage\"},\"image\":{\"@id\":\"https:\/\/www.miomiorun.com\/fr\/produit\/pinnacle-down-jkt-femme\/#primaryimage\"},\"thumbnailUrl\":\"https:\/\/www.miomiorun.com\/app\/uploads\/2024\/11\/la-sportiva-Pinnacle-down-jkt-springtime-W-M47411411.webp\",\"datePublished\":\"2024-10-22T12:07:15+00:00\",\"dateModified\":\"2026-05-08T20:21:52+00:00\",\"description\":\"Le Pinnacle Down JKT pour femme est un v\u00eatement matelass\u00e9 en duvet recycl\u00e9 d\u00e9di\u00e9 au ski alpinisme qui garantit une excellente isolation thermique et une grande l\u00e9g\u00e8ret\u00e9.\",\"breadcrumb\":{\"@id\":\"https:\/\/www.miomiorun.com\/fr\/produit\/pinnacle-down-jkt-femme\/#breadcrumb\"},\"inLanguage\":\"fr-FR\",\"potentialAction\":[{\"@type\":\"ReadAction\",\"target\":[\"https:\/\/www.miomiorun.com\/fr\/produit\/pinnacle-down-jkt-femme\/\"]}]},{\"@type\":\"ImageObject\",\"inLanguage\":\"fr-FR\",\"@id\":\"https:\/\/www.miomiorun.com\/fr\/produit\/pinnacle-down-jkt-femme\/#primaryimage\",\"url\":\"https:\/\/www.miomiorun.com\/app\/uploads\/2024\/11\/la-sportiva-Pinnacle-down-jkt-springtime-W-M47411411.webp\",\"contentUrl\":\"https:\/\/www.miomiorun.com\/app\/uploads\/2024\/11\/la-sportiva-Pinnacle-down-jkt-springtime-W-M47411411.webp\",\"width\":600,\"height\":600,\"caption\":\"la sportiva Pinnacle down jkt springtime W M47411411\"},{\"@type\":\"BreadcrumbList\",\"@id\":\"https:\/\/www.miomiorun.com\/fr\/produit\/pinnacle-down-jkt-femme\/#breadcrumb\",\"itemListElement\":[{\"@type\":\"ListItem\",\"position\":1,\"name\":\"Home\",\"item\":\"https:\/\/www.miomiorun.com\/fr\/home-page\/\"},{\"@type\":\"ListItem\",\"position\":2,\"name\":\"Shop\",\"item\":\"https:\/\/www.miomiorun.com\/shop\/\"},{\"@type\":\"ListItem\",\"position\":3,\"name\":\"Pinnacle Down JKT femme\"}]},{\"@type\":\"WebSite\",\"@id\":\"https:\/\/www.miomiorun.com\/fr\/#website\",\"url\":\"https:\/\/www.miomiorun.com\/fr\/\",\"name\":\"MioMioRun\",\"description\":\"Boutique 100% running et trail\",\"publisher\":{\"@id\":\"https:\/\/www.miomiorun.com\/fr\/#organization\"},\"potentialAction\":[{\"@type\":\"SearchAction\",\"target\":{\"@type\":\"EntryPoint\",\"urlTemplate\":\"https:\/\/www.miomiorun.com\/fr\/?s={search_term_string}\"},\"query-input\":{\"@type\":\"PropertyValueSpecification\",\"valueRequired\":true,\"valueName\":\"search_term_string\"}}],\"inLanguage\":\"fr-FR\"},{\"@type\":\"Organization\",\"@id\":\"https:\/\/www.miomiorun.com\/fr\/#organization\",\"name\":\"MioMio Run\",\"url\":\"https:\/\/www.miomiorun.com\/fr\/\",\"logo\":{\"@type\":\"ImageObject\",\"inLanguage\":\"fr-FR\",\"@id\":\"https:\/\/www.miomiorun.com\/fr\/#\/schema\/logo\/image\/\",\"url\":\"https:\/\/www.miomiorun.com\/app\/uploads\/2019\/12\/logomio.png\",\"contentUrl\":\"https:\/\/www.miomiorun.com\/app\/uploads\/2019\/12\/logomio.png\",\"width\":115,\"height\":82,\"caption\":\"MioMio Run\"},\"image\":{\"@id\":\"https:\/\/www.miomiorun.com\/fr\/#\/schema\/logo\/image\/\"},\"sameAs\":[\"https:\/\/www.facebook.com\/miomiorun\/\",\"https:\/\/www.instagram.com\/miomiorun\/\"]}]}<\/script>\n<!-- \/ Yoast SEO plugin. -->","yoast_head_json":{"title":"La Sportiva Pinnacle Down JKT femme - Veste d'alpinisme - MioMioRun.com","description":"Le Pinnacle Down JKT pour femme est un v\u00eatement matelass\u00e9 en duvet recycl\u00e9 d\u00e9di\u00e9 au ski alpinisme qui garantit une excellente isolation thermique et une grande l\u00e9g\u00e8ret\u00e9.","robots":{"index":"index","follow":"follow","max-snippet":"max-snippet:-1","max-image-preview":"max-image-preview:large","max-video-preview":"max-video-preview:-1"},"canonical":"https:\/\/www.miomiorun.com\/fr\/produit\/pinnacle-down-jkt-femme\/","og_locale":"fr_FR","og_type":"article","og_title":"La Sportiva Pinnacle Down JKT femme - Veste d'alpinisme - MioMioRun.com","og_description":"Le Pinnacle Down JKT pour femme est un v\u00eatement matelass\u00e9 en duvet recycl\u00e9 d\u00e9di\u00e9 au ski alpinisme qui garantit une excellente isolation thermique et une grande l\u00e9g\u00e8ret\u00e9.","og_url":"https:\/\/www.miomiorun.com\/fr\/produit\/pinnacle-down-jkt-femme\/","og_site_name":"MioMioRun","article_publisher":"https:\/\/www.facebook.com\/miomiorun\/","article_modified_time":"2026-05-08T20:21:52+00:00","og_image":[{"width":600,"height":600,"url":"https:\/\/www.miomiorun.com\/app\/uploads\/2024\/11\/la-sportiva-Pinnacle-down-jkt-springtime-W-M47411411.webp","type":"image\/webp"}],"twitter_card":"summary_large_image","twitter_misc":{"Est. reading time":"3 minutes"},"schema":{"@context":"https:\/\/schema.org","@graph":[{"@type":"WebPage","@id":"https:\/\/www.miomiorun.com\/fr\/produit\/pinnacle-down-jkt-femme\/","url":"https:\/\/www.miomiorun.com\/fr\/produit\/pinnacle-down-jkt-femme\/","name":"La Sportiva Pinnacle Down JKT femme - Veste d'alpinisme - MioMioRun.com","isPartOf":{"@id":"https:\/\/www.miomiorun.com\/fr\/#website"},"primaryImageOfPage":{"@id":"https:\/\/www.miomiorun.com\/fr\/produit\/pinnacle-down-jkt-femme\/#primaryimage"},"image":{"@id":"https:\/\/www.miomiorun.com\/fr\/produit\/pinnacle-down-jkt-femme\/#primaryimage"},"thumbnailUrl":"https:\/\/www.miomiorun.com\/app\/uploads\/2024\/11\/la-sportiva-Pinnacle-down-jkt-springtime-W-M47411411.webp","datePublished":"2024-10-22T12:07:15+00:00","dateModified":"2026-05-08T20:21:52+00:00","description":"Le Pinnacle Down JKT pour femme est un v\u00eatement matelass\u00e9 en duvet recycl\u00e9 d\u00e9di\u00e9 au ski alpinisme qui garantit une excellente isolation thermique et une grande l\u00e9g\u00e8ret\u00e9.","breadcrumb":{"@id":"https:\/\/www.miomiorun.com\/fr\/produit\/pinnacle-down-jkt-femme\/#breadcrumb"},"inLanguage":"fr-FR","potentialAction":[{"@type":"ReadAction","target":["https:\/\/www.miomiorun.com\/fr\/produit\/pinnacle-down-jkt-femme\/"]}]},{"@type":"ImageObject","inLanguage":"fr-FR","@id":"https:\/\/www.miomiorun.com\/fr\/produit\/pinnacle-down-jkt-femme\/#primaryimage","url":"https:\/\/www.miomiorun.com\/app\/uploads\/2024\/11\/la-sportiva-Pinnacle-down-jkt-springtime-W-M47411411.webp","contentUrl":"https:\/\/www.miomiorun.com\/app\/uploads\/2024\/11\/la-sportiva-Pinnacle-down-jkt-springtime-W-M47411411.webp","width":600,"height":600,"caption":"la sportiva Pinnacle down jkt springtime W M47411411"},{"@type":"BreadcrumbList","@id":"https:\/\/www.miomiorun.com\/fr\/produit\/pinnacle-down-jkt-femme\/#breadcrumb","itemListElement":[{"@type":"ListItem","position":1,"name":"Home","item":"https:\/\/www.miomiorun.com\/fr\/home-page\/"},{"@type":"ListItem","position":2,"name":"Shop","item":"https:\/\/www.miomiorun.com\/shop\/"},{"@type":"ListItem","position":3,"name":"Pinnacle Down JKT femme"}]},{"@type":"WebSite","@id":"https:\/\/www.miomiorun.com\/fr\/#website","url":"https:\/\/www.miomiorun.com\/fr\/","name":"MioMioRun","description":"Boutique 100% running et trail","publisher":{"@id":"https:\/\/www.miomiorun.com\/fr\/#organization"},"potentialAction":[{"@type":"SearchAction","target":{"@type":"EntryPoint","urlTemplate":"https:\/\/www.miomiorun.com\/fr\/?s={search_term_string}"},"query-input":{"@type":"PropertyValueSpecification","valueRequired":true,"valueName":"search_term_string"}}],"inLanguage":"fr-FR"},{"@type":"Organization","@id":"https:\/\/www.miomiorun.com\/fr\/#organization","name":"MioMio Run","url":"https:\/\/www.miomiorun.com\/fr\/","logo":{"@type":"ImageObject","inLanguage":"fr-FR","@id":"https:\/\/www.miomiorun.com\/fr\/#\/schema\/logo\/image\/","url":"https:\/\/www.miomiorun.com\/app\/uploads\/2019\/12\/logomio.png","contentUrl":"https:\/\/www.miomiorun.com\/app\/uploads\/2019\/12\/logomio.png","width":115,"height":82,"caption":"MioMio Run"},"image":{"@id":"https:\/\/www.miomiorun.com\/fr\/#\/schema\/logo\/image\/"},"sameAs":["https:\/\/www.facebook.com\/miomiorun\/","https:\/\/www.instagram.com\/miomiorun\/"]}]}},"_links":{"self":[{"href":"https:\/\/www.miomiorun.com\/fr\/wp-json\/wp\/v2\/product\/296337","targetHints":{"allow":["GET"]}}],"collection":[{"href":"https:\/\/www.miomiorun.com\/fr\/wp-json\/wp\/v2\/product"}],"about":[{"href":"https:\/\/www.miomiorun.com\/fr\/wp-json\/wp\/v2\/types\/product"}],"wp:featuredmedia":[{"embeddable":true,"href":"https:\/\/www.miomiorun.com\/fr\/wp-json\/wp\/v2\/media\/250158"}],"wp:attachment":[{"href":"https:\/\/www.miomiorun.com\/fr\/wp-json\/wp\/v2\/media?parent=296337"}],"wp:term":[{"taxonomy":"product_brand","embeddable":true,"href":"https:\/\/www.miomiorun.com\/fr\/wp-json\/wp\/v2\/product_brand?post=296337"},{"taxonomy":"product_cat","embeddable":true,"href":"https:\/\/www.miomiorun.com\/fr\/wp-json\/wp\/v2\/product_cat?post=296337"},{"taxonomy":"product_tag","embeddable":true,"href":"https:\/\/www.miomiorun.com\/fr\/wp-json\/wp\/v2\/product_tag?post=296337"}],"curies":[{"name":"wp","href":"https:\/\/api.w.org\/{rel}","templated":true}]}}