{"id":296304,"date":"2024-10-22T14:42:30","date_gmt":"2024-10-22T12:42:30","guid":{"rendered":"https:\/\/miomiorun.com\/prodotto\/launch-pro-half-zip-donna\/"},"modified":"2026-05-08T22:21:26","modified_gmt":"2026-05-08T20:21:26","slug":"launch-pro-half-zip-femme","status":"publish","type":"product","link":"https:\/\/www.miomiorun.com\/fr\/produit\/launch-pro-half-zip-femme\/","title":{"rendered":"Launch Pro Half Zip femme"},"content":{"rendered":"<h2 style=\"text-align: center;\">Difficile de trouver plus confortable.<\/h2>\n<p>Le maillot f\u00e9minin <strong> Launch Pro Half Zip<\/strong> est un tissu super-extensible qui suit vos mouvements en parfaite harmonie, pour une libert\u00e9 de mouvement maximale.<\/p>\n<h3>Caract\u00e9ristiques :<\/h3>\n<div id=\"acc-1\" class=\"g-accordion-content collapse show\">\n<div id=\"acc-1\" class=\"g-accordion-content collapse show\">\n<ul class=\"t-tabs_data\">\n<li class=\"t-tabs_list\">Le tissu doux et anti-boulochage pr\u00e9sente une finition propre et infroissable.<\/li>\n<li class=\"t-tabs_list\">La mati\u00e8re absorbe la transpiration et s\u00e8che tr\u00e8s rapidement.<\/li>\n<li class=\"t-tabs_list\">La mati\u00e8re extensible dans les 4 sens am\u00e9liore la mobilit\u00e9.<\/li>\n<li class=\"t-tabs_list\">Trous de pouce int\u00e9gr\u00e9s pour maintenir les manches en place et ouverture pour la montre sur le poignet gauche pour un acc\u00e8s rapide et facile.<\/li>\n<li class=\"t-tabs_list\">Poche lat\u00e9rale sur le c\u00f4t\u00e9 droit.<\/li>\n<li class=\"t-tabs_list\">Grande ouverture \u00bd zip sur le devant pour faciliter la superposition.<\/li>\n<li class=\"t-tabs_list\">Ourlet en forme.<\/li>\n<li>Mati\u00e8re : 88% polyester\/12% \u00e9lasthanne.<\/li>\n<\/ul>\n<\/div>\n<h3>Coupe et entretien<\/h3>\n<div id=\"acc-3\" class=\"g-accordion-content collapse\">\n<div id=\"acc-3\" class=\"g-accordion-content collapse\">\n<ul class=\"t-tabs_data\">\n<li class=\"t-tabs_list\">Ajust\u00e9 <span class=\"t-bold_font\">: <\/span>coupe essentielle, ni trop serr\u00e9e ni trop ample<\/li>\n<li class=\"t-tabs_list\">Laver \u00e0 froid en machine avec des couleurs similaires<\/li>\n<li class=\"t-tabs_list\">Si n\u00e9cessaire, utiliser uniquement de l&#8217;eau de Javel sans chlore<\/li>\n<li class=\"t-tabs_list\">S\u00e9cher dans un s\u00e8che-linge \u00e0 basse temp\u00e9rature<\/li>\n<li class=\"t-tabs_list\">Ne pas repasser<\/li>\n<li class=\"t-tabs_list\">Ne pas utiliser d&#8217;assouplissant<\/li>\n<li class=\"t-tabs_list\">Ne pas nettoyer \u00e0 sec<\/li>\n<\/ul>\n<\/div>\n<\/div>\n<\/div>\n","protected":false},"excerpt":{"rendered":"<ul>\n<li>T-shirt de course parfait \u00e0 porter pendant la course.<\/li>\n<li>Tissu doux \u00e0 s\u00e9chage rapide.<\/li>\n<\/ul>\n","protected":false},"featured_media":250086,"template":"","meta":{"_acf_changed":false,"inline_featured_image":false},"product_brand":[],"product_cat":[22601,22596],"product_tag":[23530,23575],"class_list":{"0":"post-296304","1":"product","2":"type-product","3":"status-publish","4":"has-post-thumbnail","6":"product_cat-maillots","7":"product_cat-vetements-pour-femmes","8":"product_tag-under-armour-fr","9":"product_tag-under-armour-femme","10":"pa_attivita-fitness-fr","11":"pa_attivita-lifestyle-fr","12":"pa_attivita-marcher","13":"pa_attivita-running-fr","14":"pa_colore-launch-pro-half-zip-nimbus-blue-w-fr","15":"pa_colore-launch-pro-half-zip-w-white-fr","16":"pa_marca-under-armour-fr","17":"pa_sesso-femme","18":"pa_size-extra-small-fr","19":"pa_size-small-fr","20":"pa_size-medium-fr","22":"first","23":"instock","24":"sale","25":"taxable","26":"shipping-taxable","27":"purchasable","28":"product-type-variable","29":"wvs-archive-product-wrapper"},"acf":[],"yoast_head":"<!-- This site is optimized with the Yoast SEO plugin v26.8 - https:\/\/yoast.com\/product\/yoast-seo-wordpress\/ -->\n<title>Under Armour Launch Pro Half Zip femme - T-shirt de course - MioMioRun<\/title>\n<meta name=\"description\" content=\"Le maillot f\u00e9minin Launch Pro Half Zip est un tissu super-extensible qui suit vos mouvements en parfaite harmonie, pour une libert\u00e9 de mouvement maximale.\" \/>\n<meta name=\"robots\" content=\"index, follow, max-snippet:-1, max-image-preview:large, max-video-preview:-1\" \/>\n<link rel=\"canonical\" href=\"https:\/\/www.miomiorun.com\/fr\/produit\/launch-pro-half-zip-femme\/\" \/>\n<meta property=\"og:locale\" content=\"fr_FR\" \/>\n<meta property=\"og:type\" content=\"article\" \/>\n<meta property=\"og:title\" content=\"Under Armour Launch Pro Half Zip femme - T-shirt de course - MioMioRun\" \/>\n<meta property=\"og:description\" content=\"Le maillot f\u00e9minin Launch Pro Half Zip est un tissu super-extensible qui suit vos mouvements en parfaite harmonie, pour une libert\u00e9 de mouvement maximale.\" \/>\n<meta property=\"og:url\" content=\"https:\/\/www.miomiorun.com\/fr\/produit\/launch-pro-half-zip-femme\/\" \/>\n<meta property=\"og:site_name\" content=\"MioMioRun\" \/>\n<meta property=\"article:publisher\" content=\"https:\/\/www.facebook.com\/miomiorun\/\" \/>\n<meta property=\"article:modified_time\" content=\"2026-05-08T20:21:26+00:00\" \/>\n<meta property=\"og:image\" content=\"https:\/\/www.miomiorun.com\/app\/uploads\/2024\/11\/under-armour-Launch-pro-half-zip-nimbus-blue-W-1379349-0465.webp\" \/>\n\t<meta property=\"og:image:width\" content=\"600\" \/>\n\t<meta property=\"og:image:height\" content=\"600\" \/>\n\t<meta property=\"og:image:type\" content=\"image\/webp\" \/>\n<meta name=\"twitter:card\" content=\"summary_large_image\" \/>\n<meta name=\"twitter:label1\" content=\"Est. reading time\" \/>\n\t<meta name=\"twitter:data1\" content=\"1 minute\" \/>\n<script type=\"application\/ld+json\" class=\"yoast-schema-graph\">{\"@context\":\"https:\/\/schema.org\",\"@graph\":[{\"@type\":\"WebPage\",\"@id\":\"https:\/\/www.miomiorun.com\/fr\/produit\/launch-pro-half-zip-femme\/\",\"url\":\"https:\/\/www.miomiorun.com\/fr\/produit\/launch-pro-half-zip-femme\/\",\"name\":\"Under Armour Launch Pro Half Zip femme - T-shirt de course - MioMioRun\",\"isPartOf\":{\"@id\":\"https:\/\/www.miomiorun.com\/fr\/#website\"},\"primaryImageOfPage\":{\"@id\":\"https:\/\/www.miomiorun.com\/fr\/produit\/launch-pro-half-zip-femme\/#primaryimage\"},\"image\":{\"@id\":\"https:\/\/www.miomiorun.com\/fr\/produit\/launch-pro-half-zip-femme\/#primaryimage\"},\"thumbnailUrl\":\"https:\/\/www.miomiorun.com\/app\/uploads\/2024\/11\/under-armour-Launch-pro-half-zip-nimbus-blue-W-1379349-0465.webp\",\"datePublished\":\"2024-10-22T12:42:30+00:00\",\"dateModified\":\"2026-05-08T20:21:26+00:00\",\"description\":\"Le maillot f\u00e9minin Launch Pro Half Zip est un tissu super-extensible qui suit vos mouvements en parfaite harmonie, pour une libert\u00e9 de mouvement maximale.\",\"breadcrumb\":{\"@id\":\"https:\/\/www.miomiorun.com\/fr\/produit\/launch-pro-half-zip-femme\/#breadcrumb\"},\"inLanguage\":\"fr-FR\",\"potentialAction\":[{\"@type\":\"ReadAction\",\"target\":[\"https:\/\/www.miomiorun.com\/fr\/produit\/launch-pro-half-zip-femme\/\"]}]},{\"@type\":\"ImageObject\",\"inLanguage\":\"fr-FR\",\"@id\":\"https:\/\/www.miomiorun.com\/fr\/produit\/launch-pro-half-zip-femme\/#primaryimage\",\"url\":\"https:\/\/www.miomiorun.com\/app\/uploads\/2024\/11\/under-armour-Launch-pro-half-zip-nimbus-blue-W-1379349-0465.webp\",\"contentUrl\":\"https:\/\/www.miomiorun.com\/app\/uploads\/2024\/11\/under-armour-Launch-pro-half-zip-nimbus-blue-W-1379349-0465.webp\",\"width\":600,\"height\":600,\"caption\":\"under armour Launch pro half zip nimbus blue W 1379349-0465\"},{\"@type\":\"BreadcrumbList\",\"@id\":\"https:\/\/www.miomiorun.com\/fr\/produit\/launch-pro-half-zip-femme\/#breadcrumb\",\"itemListElement\":[{\"@type\":\"ListItem\",\"position\":1,\"name\":\"Home\",\"item\":\"https:\/\/www.miomiorun.com\/fr\/home-page\/\"},{\"@type\":\"ListItem\",\"position\":2,\"name\":\"Shop\",\"item\":\"https:\/\/www.miomiorun.com\/shop\/\"},{\"@type\":\"ListItem\",\"position\":3,\"name\":\"Launch Pro Half Zip femme\"}]},{\"@type\":\"WebSite\",\"@id\":\"https:\/\/www.miomiorun.com\/fr\/#website\",\"url\":\"https:\/\/www.miomiorun.com\/fr\/\",\"name\":\"MioMioRun\",\"description\":\"Boutique 100% running et trail\",\"publisher\":{\"@id\":\"https:\/\/www.miomiorun.com\/fr\/#organization\"},\"potentialAction\":[{\"@type\":\"SearchAction\",\"target\":{\"@type\":\"EntryPoint\",\"urlTemplate\":\"https:\/\/www.miomiorun.com\/fr\/?s={search_term_string}\"},\"query-input\":{\"@type\":\"PropertyValueSpecification\",\"valueRequired\":true,\"valueName\":\"search_term_string\"}}],\"inLanguage\":\"fr-FR\"},{\"@type\":\"Organization\",\"@id\":\"https:\/\/www.miomiorun.com\/fr\/#organization\",\"name\":\"MioMio Run\",\"url\":\"https:\/\/www.miomiorun.com\/fr\/\",\"logo\":{\"@type\":\"ImageObject\",\"inLanguage\":\"fr-FR\",\"@id\":\"https:\/\/www.miomiorun.com\/fr\/#\/schema\/logo\/image\/\",\"url\":\"https:\/\/www.miomiorun.com\/app\/uploads\/2019\/12\/logomio.png\",\"contentUrl\":\"https:\/\/www.miomiorun.com\/app\/uploads\/2019\/12\/logomio.png\",\"width\":115,\"height\":82,\"caption\":\"MioMio Run\"},\"image\":{\"@id\":\"https:\/\/www.miomiorun.com\/fr\/#\/schema\/logo\/image\/\"},\"sameAs\":[\"https:\/\/www.facebook.com\/miomiorun\/\",\"https:\/\/www.instagram.com\/miomiorun\/\"]}]}<\/script>\n<!-- \/ Yoast SEO plugin. -->","yoast_head_json":{"title":"Under Armour Launch Pro Half Zip femme - T-shirt de course - MioMioRun","description":"Le maillot f\u00e9minin Launch Pro Half Zip est un tissu super-extensible qui suit vos mouvements en parfaite harmonie, pour une libert\u00e9 de mouvement maximale.","robots":{"index":"index","follow":"follow","max-snippet":"max-snippet:-1","max-image-preview":"max-image-preview:large","max-video-preview":"max-video-preview:-1"},"canonical":"https:\/\/www.miomiorun.com\/fr\/produit\/launch-pro-half-zip-femme\/","og_locale":"fr_FR","og_type":"article","og_title":"Under Armour Launch Pro Half Zip femme - T-shirt de course - MioMioRun","og_description":"Le maillot f\u00e9minin Launch Pro Half Zip est un tissu super-extensible qui suit vos mouvements en parfaite harmonie, pour une libert\u00e9 de mouvement maximale.","og_url":"https:\/\/www.miomiorun.com\/fr\/produit\/launch-pro-half-zip-femme\/","og_site_name":"MioMioRun","article_publisher":"https:\/\/www.facebook.com\/miomiorun\/","article_modified_time":"2026-05-08T20:21:26+00:00","og_image":[{"width":600,"height":600,"url":"https:\/\/www.miomiorun.com\/app\/uploads\/2024\/11\/under-armour-Launch-pro-half-zip-nimbus-blue-W-1379349-0465.webp","type":"image\/webp"}],"twitter_card":"summary_large_image","twitter_misc":{"Est. reading time":"1 minute"},"schema":{"@context":"https:\/\/schema.org","@graph":[{"@type":"WebPage","@id":"https:\/\/www.miomiorun.com\/fr\/produit\/launch-pro-half-zip-femme\/","url":"https:\/\/www.miomiorun.com\/fr\/produit\/launch-pro-half-zip-femme\/","name":"Under Armour Launch Pro Half Zip femme - T-shirt de course - MioMioRun","isPartOf":{"@id":"https:\/\/www.miomiorun.com\/fr\/#website"},"primaryImageOfPage":{"@id":"https:\/\/www.miomiorun.com\/fr\/produit\/launch-pro-half-zip-femme\/#primaryimage"},"image":{"@id":"https:\/\/www.miomiorun.com\/fr\/produit\/launch-pro-half-zip-femme\/#primaryimage"},"thumbnailUrl":"https:\/\/www.miomiorun.com\/app\/uploads\/2024\/11\/under-armour-Launch-pro-half-zip-nimbus-blue-W-1379349-0465.webp","datePublished":"2024-10-22T12:42:30+00:00","dateModified":"2026-05-08T20:21:26+00:00","description":"Le maillot f\u00e9minin Launch Pro Half Zip est un tissu super-extensible qui suit vos mouvements en parfaite harmonie, pour une libert\u00e9 de mouvement maximale.","breadcrumb":{"@id":"https:\/\/www.miomiorun.com\/fr\/produit\/launch-pro-half-zip-femme\/#breadcrumb"},"inLanguage":"fr-FR","potentialAction":[{"@type":"ReadAction","target":["https:\/\/www.miomiorun.com\/fr\/produit\/launch-pro-half-zip-femme\/"]}]},{"@type":"ImageObject","inLanguage":"fr-FR","@id":"https:\/\/www.miomiorun.com\/fr\/produit\/launch-pro-half-zip-femme\/#primaryimage","url":"https:\/\/www.miomiorun.com\/app\/uploads\/2024\/11\/under-armour-Launch-pro-half-zip-nimbus-blue-W-1379349-0465.webp","contentUrl":"https:\/\/www.miomiorun.com\/app\/uploads\/2024\/11\/under-armour-Launch-pro-half-zip-nimbus-blue-W-1379349-0465.webp","width":600,"height":600,"caption":"under armour Launch pro half zip nimbus blue W 1379349-0465"},{"@type":"BreadcrumbList","@id":"https:\/\/www.miomiorun.com\/fr\/produit\/launch-pro-half-zip-femme\/#breadcrumb","itemListElement":[{"@type":"ListItem","position":1,"name":"Home","item":"https:\/\/www.miomiorun.com\/fr\/home-page\/"},{"@type":"ListItem","position":2,"name":"Shop","item":"https:\/\/www.miomiorun.com\/shop\/"},{"@type":"ListItem","position":3,"name":"Launch Pro Half Zip femme"}]},{"@type":"WebSite","@id":"https:\/\/www.miomiorun.com\/fr\/#website","url":"https:\/\/www.miomiorun.com\/fr\/","name":"MioMioRun","description":"Boutique 100% running et trail","publisher":{"@id":"https:\/\/www.miomiorun.com\/fr\/#organization"},"potentialAction":[{"@type":"SearchAction","target":{"@type":"EntryPoint","urlTemplate":"https:\/\/www.miomiorun.com\/fr\/?s={search_term_string}"},"query-input":{"@type":"PropertyValueSpecification","valueRequired":true,"valueName":"search_term_string"}}],"inLanguage":"fr-FR"},{"@type":"Organization","@id":"https:\/\/www.miomiorun.com\/fr\/#organization","name":"MioMio Run","url":"https:\/\/www.miomiorun.com\/fr\/","logo":{"@type":"ImageObject","inLanguage":"fr-FR","@id":"https:\/\/www.miomiorun.com\/fr\/#\/schema\/logo\/image\/","url":"https:\/\/www.miomiorun.com\/app\/uploads\/2019\/12\/logomio.png","contentUrl":"https:\/\/www.miomiorun.com\/app\/uploads\/2019\/12\/logomio.png","width":115,"height":82,"caption":"MioMio Run"},"image":{"@id":"https:\/\/www.miomiorun.com\/fr\/#\/schema\/logo\/image\/"},"sameAs":["https:\/\/www.facebook.com\/miomiorun\/","https:\/\/www.instagram.com\/miomiorun\/"]}]}},"_links":{"self":[{"href":"https:\/\/www.miomiorun.com\/fr\/wp-json\/wp\/v2\/product\/296304","targetHints":{"allow":["GET"]}}],"collection":[{"href":"https:\/\/www.miomiorun.com\/fr\/wp-json\/wp\/v2\/product"}],"about":[{"href":"https:\/\/www.miomiorun.com\/fr\/wp-json\/wp\/v2\/types\/product"}],"wp:featuredmedia":[{"embeddable":true,"href":"https:\/\/www.miomiorun.com\/fr\/wp-json\/wp\/v2\/media\/250086"}],"wp:attachment":[{"href":"https:\/\/www.miomiorun.com\/fr\/wp-json\/wp\/v2\/media?parent=296304"}],"wp:term":[{"taxonomy":"product_brand","embeddable":true,"href":"https:\/\/www.miomiorun.com\/fr\/wp-json\/wp\/v2\/product_brand?post=296304"},{"taxonomy":"product_cat","embeddable":true,"href":"https:\/\/www.miomiorun.com\/fr\/wp-json\/wp\/v2\/product_cat?post=296304"},{"taxonomy":"product_tag","embeddable":true,"href":"https:\/\/www.miomiorun.com\/fr\/wp-json\/wp\/v2\/product_tag?post=296304"}],"curies":[{"name":"wp","href":"https:\/\/api.w.org\/{rel}","templated":true}]}}