{"id":296298,"date":"2024-10-22T15:00:19","date_gmt":"2024-10-22T13:00:19","guid":{"rendered":"https:\/\/miomiorun.com\/prodotto\/launch-pro-1-4-zip-uomo\/"},"modified":"2025-05-20T17:46:51","modified_gmt":"2025-05-20T15:46:51","slug":"launch-pro-1-4-zip-homme","status":"publish","type":"product","link":"https:\/\/www.miomiorun.com\/fr\/produit\/launch-pro-1-4-zip-homme\/","title":{"rendered":"Launch Pro 1\/4 Zip homme"},"content":{"rendered":"<h2 style=\"text-align: center;\">Difficile de trouver plus confortable.<\/h2>\n<p style=\"text-align: left;\">Le <strong>Launch Pro 1\/4 Zip<\/strong> pour homme est un maillot de course en tissu super-extensible qui suit vos mouvements en parfaite harmonie, pour une libert\u00e9 de mouvement maximale.<\/p>\n<h3>Caract\u00e9ristiques :<\/h3>\n<div id=\"acc-1\" class=\"g-accordion-content collapse show\">\n<ul class=\"t-tabs_data\">\n<li class=\"t-tabs_list\">Le tissu doux et anti-boulochage pr\u00e9sente une finition propre et infroissable.<\/li>\n<li class=\"t-tabs_list\">La mati\u00e8re absorbe la transpiration et s\u00e8che tr\u00e8s rapidement.<\/li>\n<li class=\"t-tabs_list\">La mati\u00e8re extensible dans les 4 sens am\u00e9liore la mobilit\u00e9<\/li>\n<li class=\"t-tabs_list\">Col et poignets c\u00f4tel\u00e9s pour une \u00e9lasticit\u00e9 et un confort sup\u00e9rieurs<\/li>\n<li class=\"t-tabs_list\">Trous de pouce int\u00e9gr\u00e9s pour maintenir les manches en place et ouverture pour la montre sur le poignet gauche pour un acc\u00e8s rapide et facile<\/li>\n<li class=\"t-tabs_list\">Poche lat\u00e9rale sur le c\u00f4t\u00e9 droit<\/li>\n<li class=\"t-tabs_list\">Corps : 88% polyester\/12% \u00e9lasthanne<\/li>\n<li class=\"t-tabs_list\">Tissu c\u00f4tel\u00e9 : 78% polyester\/15% \u00e9lasthanne\/7% \u00e9lasthanne<\/li>\n<\/ul>\n<\/div>\n<h3>Coupe et entretien :<\/h3>\n<div id=\"acc-3\" class=\"g-accordion-content collapse\">\n<ul class=\"t-tabs_data\">\n<li class=\"t-tabs_list\"><span class=\"t-bold_font\">Tight : <\/span>Coupe essentielle, ni trop serr\u00e9e ni trop ample.<\/li>\n<li class=\"t-tabs_list\">Laver \u00e0 froid en machine avec des couleurs similaires<\/li>\n<li class=\"t-tabs_list\">Si n\u00e9cessaire, utiliser uniquement de l&#8217;eau de Javel sans chlore<\/li>\n<li class=\"t-tabs_list\">S\u00e9cher dans un s\u00e8che-linge \u00e0 basse temp\u00e9rature<\/li>\n<li class=\"t-tabs_list\">Ne pas repasser<\/li>\n<li class=\"t-tabs_list\">Ne pas utiliser d&#8217;assouplissant<\/li>\n<li class=\"t-tabs_list\">Ne pas nettoyer \u00e0 sec<\/li>\n<\/ul>\n<\/div>\n<p>&nbsp;<\/p>\n<p>&nbsp;<\/p>\n<p id=\"tw-target-text\" class=\"tw-data-text tw-text-large XcVN5d tw-ta\" dir=\"ltr\" data-placeholder=\"Traduzione\"><span class=\"Y2IQFc\" lang=\"it\">\u00a0<\/span><\/p>\n","protected":false},"excerpt":{"rendered":"<ul>\n<li>T-shirt de course parfait pour courir.<\/li>\n<li>Mati\u00e8re extensible qui absorbe rapidement la transpiration.<\/li>\n<\/ul>\n","protected":false},"featured_media":250186,"template":"","meta":{"_acf_changed":false,"inline_featured_image":false},"product_brand":[],"product_cat":[24478,24482],"product_tag":[23530,23574],"class_list":{"0":"post-296298","1":"product","2":"type-product","3":"status-publish","4":"has-post-thumbnail","6":"product_cat-maillots-fr-2","7":"product_cat-vetements-pour-hommes-fr","8":"product_tag-under-armour-fr","9":"product_tag-under-armour-homme","10":"pa_attivita-marcher","11":"pa_attivita-running-fr","12":"pa_colore-launch-pro-1-4-zip-black-m-fr","13":"pa_marca-under-armour-fr","14":"pa_sesso-homme","15":"pa_size-small-fr","16":"pa_size-medium-fr","17":"pa_size-large-fr","19":"first","20":"instock","21":"sale","22":"taxable","23":"shipping-taxable","24":"purchasable","25":"product-type-variable","26":"wvs-archive-product-wrapper"},"acf":[],"yoast_head":"<!-- This site is optimized with the Yoast SEO plugin v26.8 - https:\/\/yoast.com\/product\/yoast-seo-wordpress\/ -->\n<title>Under Armour Launch Pro 1\/4 Zip homme - T-shirt de course- MioMioRun<\/title>\n<meta name=\"description\" content=\"Le Launch Pro 1\/4 Zip pour homme est un maillot de course \u00e0 pied en tissu super-extensible qui suit vos mouvements en parfaite harmonie, pour une libert\u00e9 maximale.\" \/>\n<meta name=\"robots\" content=\"index, follow, max-snippet:-1, max-image-preview:large, max-video-preview:-1\" \/>\n<link rel=\"canonical\" href=\"https:\/\/www.miomiorun.com\/fr\/produit\/launch-pro-1-4-zip-homme\/\" \/>\n<meta property=\"og:locale\" content=\"fr_FR\" \/>\n<meta property=\"og:type\" content=\"article\" \/>\n<meta property=\"og:title\" content=\"Under Armour Launch Pro 1\/4 Zip homme - T-shirt de course- MioMioRun\" \/>\n<meta property=\"og:description\" content=\"Le Launch Pro 1\/4 Zip pour homme est un maillot de course \u00e0 pied en tissu super-extensible qui suit vos mouvements en parfaite harmonie, pour une libert\u00e9 maximale.\" \/>\n<meta property=\"og:url\" content=\"https:\/\/www.miomiorun.com\/fr\/produit\/launch-pro-1-4-zip-homme\/\" \/>\n<meta property=\"og:site_name\" content=\"MioMioRun\" \/>\n<meta property=\"article:publisher\" content=\"https:\/\/www.facebook.com\/miomiorun\/\" \/>\n<meta property=\"article:modified_time\" content=\"2025-05-20T15:46:51+00:00\" \/>\n<meta property=\"og:image\" content=\"https:\/\/www.miomiorun.com\/app\/uploads\/2024\/12\/Under-Armour-Launch-Pro-un-quarto-zip-black-M-1379228-0001.webp\" \/>\n\t<meta property=\"og:image:width\" content=\"600\" \/>\n\t<meta property=\"og:image:height\" content=\"600\" \/>\n\t<meta property=\"og:image:type\" content=\"image\/webp\" \/>\n<meta name=\"twitter:card\" content=\"summary_large_image\" \/>\n<meta name=\"twitter:label1\" content=\"Est. reading time\" \/>\n\t<meta name=\"twitter:data1\" content=\"1 minute\" \/>\n<script type=\"application\/ld+json\" class=\"yoast-schema-graph\">{\"@context\":\"https:\/\/schema.org\",\"@graph\":[{\"@type\":\"WebPage\",\"@id\":\"https:\/\/www.miomiorun.com\/fr\/produit\/launch-pro-1-4-zip-homme\/\",\"url\":\"https:\/\/www.miomiorun.com\/fr\/produit\/launch-pro-1-4-zip-homme\/\",\"name\":\"Under Armour Launch Pro 1\/4 Zip homme - T-shirt de course- MioMioRun\",\"isPartOf\":{\"@id\":\"https:\/\/www.miomiorun.com\/fr\/#website\"},\"primaryImageOfPage\":{\"@id\":\"https:\/\/www.miomiorun.com\/fr\/produit\/launch-pro-1-4-zip-homme\/#primaryimage\"},\"image\":{\"@id\":\"https:\/\/www.miomiorun.com\/fr\/produit\/launch-pro-1-4-zip-homme\/#primaryimage\"},\"thumbnailUrl\":\"https:\/\/www.miomiorun.com\/app\/uploads\/2024\/12\/Under-Armour-Launch-Pro-un-quarto-zip-black-M-1379228-0001.webp\",\"datePublished\":\"2024-10-22T13:00:19+00:00\",\"dateModified\":\"2025-05-20T15:46:51+00:00\",\"description\":\"Le Launch Pro 1\/4 Zip pour homme est un maillot de course \u00e0 pied en tissu super-extensible qui suit vos mouvements en parfaite harmonie, pour une libert\u00e9 maximale.\",\"breadcrumb\":{\"@id\":\"https:\/\/www.miomiorun.com\/fr\/produit\/launch-pro-1-4-zip-homme\/#breadcrumb\"},\"inLanguage\":\"fr-FR\",\"potentialAction\":[{\"@type\":\"ReadAction\",\"target\":[\"https:\/\/www.miomiorun.com\/fr\/produit\/launch-pro-1-4-zip-homme\/\"]}]},{\"@type\":\"ImageObject\",\"inLanguage\":\"fr-FR\",\"@id\":\"https:\/\/www.miomiorun.com\/fr\/produit\/launch-pro-1-4-zip-homme\/#primaryimage\",\"url\":\"https:\/\/www.miomiorun.com\/app\/uploads\/2024\/12\/Under-Armour-Launch-Pro-un-quarto-zip-black-M-1379228-0001.webp\",\"contentUrl\":\"https:\/\/www.miomiorun.com\/app\/uploads\/2024\/12\/Under-Armour-Launch-Pro-un-quarto-zip-black-M-1379228-0001.webp\",\"width\":600,\"height\":600,\"caption\":\"Under Armour Launch Pro un quarto zip black M 1379228-0001\"},{\"@type\":\"BreadcrumbList\",\"@id\":\"https:\/\/www.miomiorun.com\/fr\/produit\/launch-pro-1-4-zip-homme\/#breadcrumb\",\"itemListElement\":[{\"@type\":\"ListItem\",\"position\":1,\"name\":\"Home\",\"item\":\"https:\/\/www.miomiorun.com\/fr\/home-page\/\"},{\"@type\":\"ListItem\",\"position\":2,\"name\":\"Shop\",\"item\":\"https:\/\/www.miomiorun.com\/shop\/\"},{\"@type\":\"ListItem\",\"position\":3,\"name\":\"Launch Pro 1\/4 Zip homme\"}]},{\"@type\":\"WebSite\",\"@id\":\"https:\/\/www.miomiorun.com\/fr\/#website\",\"url\":\"https:\/\/www.miomiorun.com\/fr\/\",\"name\":\"MioMioRun\",\"description\":\"Boutique 100% running et trail\",\"publisher\":{\"@id\":\"https:\/\/www.miomiorun.com\/fr\/#organization\"},\"potentialAction\":[{\"@type\":\"SearchAction\",\"target\":{\"@type\":\"EntryPoint\",\"urlTemplate\":\"https:\/\/www.miomiorun.com\/fr\/?s={search_term_string}\"},\"query-input\":{\"@type\":\"PropertyValueSpecification\",\"valueRequired\":true,\"valueName\":\"search_term_string\"}}],\"inLanguage\":\"fr-FR\"},{\"@type\":\"Organization\",\"@id\":\"https:\/\/www.miomiorun.com\/fr\/#organization\",\"name\":\"MioMio Run\",\"url\":\"https:\/\/www.miomiorun.com\/fr\/\",\"logo\":{\"@type\":\"ImageObject\",\"inLanguage\":\"fr-FR\",\"@id\":\"https:\/\/www.miomiorun.com\/fr\/#\/schema\/logo\/image\/\",\"url\":\"https:\/\/www.miomiorun.com\/app\/uploads\/2019\/12\/logomio.png\",\"contentUrl\":\"https:\/\/www.miomiorun.com\/app\/uploads\/2019\/12\/logomio.png\",\"width\":115,\"height\":82,\"caption\":\"MioMio Run\"},\"image\":{\"@id\":\"https:\/\/www.miomiorun.com\/fr\/#\/schema\/logo\/image\/\"},\"sameAs\":[\"https:\/\/www.facebook.com\/miomiorun\/\",\"https:\/\/www.instagram.com\/miomiorun\/\"]}]}<\/script>\n<!-- \/ Yoast SEO plugin. -->","yoast_head_json":{"title":"Under Armour Launch Pro 1\/4 Zip homme - T-shirt de course- MioMioRun","description":"Le Launch Pro 1\/4 Zip pour homme est un maillot de course \u00e0 pied en tissu super-extensible qui suit vos mouvements en parfaite harmonie, pour une libert\u00e9 maximale.","robots":{"index":"index","follow":"follow","max-snippet":"max-snippet:-1","max-image-preview":"max-image-preview:large","max-video-preview":"max-video-preview:-1"},"canonical":"https:\/\/www.miomiorun.com\/fr\/produit\/launch-pro-1-4-zip-homme\/","og_locale":"fr_FR","og_type":"article","og_title":"Under Armour Launch Pro 1\/4 Zip homme - T-shirt de course- MioMioRun","og_description":"Le Launch Pro 1\/4 Zip pour homme est un maillot de course \u00e0 pied en tissu super-extensible qui suit vos mouvements en parfaite harmonie, pour une libert\u00e9 maximale.","og_url":"https:\/\/www.miomiorun.com\/fr\/produit\/launch-pro-1-4-zip-homme\/","og_site_name":"MioMioRun","article_publisher":"https:\/\/www.facebook.com\/miomiorun\/","article_modified_time":"2025-05-20T15:46:51+00:00","og_image":[{"width":600,"height":600,"url":"https:\/\/www.miomiorun.com\/app\/uploads\/2024\/12\/Under-Armour-Launch-Pro-un-quarto-zip-black-M-1379228-0001.webp","type":"image\/webp"}],"twitter_card":"summary_large_image","twitter_misc":{"Est. reading time":"1 minute"},"schema":{"@context":"https:\/\/schema.org","@graph":[{"@type":"WebPage","@id":"https:\/\/www.miomiorun.com\/fr\/produit\/launch-pro-1-4-zip-homme\/","url":"https:\/\/www.miomiorun.com\/fr\/produit\/launch-pro-1-4-zip-homme\/","name":"Under Armour Launch Pro 1\/4 Zip homme - T-shirt de course- MioMioRun","isPartOf":{"@id":"https:\/\/www.miomiorun.com\/fr\/#website"},"primaryImageOfPage":{"@id":"https:\/\/www.miomiorun.com\/fr\/produit\/launch-pro-1-4-zip-homme\/#primaryimage"},"image":{"@id":"https:\/\/www.miomiorun.com\/fr\/produit\/launch-pro-1-4-zip-homme\/#primaryimage"},"thumbnailUrl":"https:\/\/www.miomiorun.com\/app\/uploads\/2024\/12\/Under-Armour-Launch-Pro-un-quarto-zip-black-M-1379228-0001.webp","datePublished":"2024-10-22T13:00:19+00:00","dateModified":"2025-05-20T15:46:51+00:00","description":"Le Launch Pro 1\/4 Zip pour homme est un maillot de course \u00e0 pied en tissu super-extensible qui suit vos mouvements en parfaite harmonie, pour une libert\u00e9 maximale.","breadcrumb":{"@id":"https:\/\/www.miomiorun.com\/fr\/produit\/launch-pro-1-4-zip-homme\/#breadcrumb"},"inLanguage":"fr-FR","potentialAction":[{"@type":"ReadAction","target":["https:\/\/www.miomiorun.com\/fr\/produit\/launch-pro-1-4-zip-homme\/"]}]},{"@type":"ImageObject","inLanguage":"fr-FR","@id":"https:\/\/www.miomiorun.com\/fr\/produit\/launch-pro-1-4-zip-homme\/#primaryimage","url":"https:\/\/www.miomiorun.com\/app\/uploads\/2024\/12\/Under-Armour-Launch-Pro-un-quarto-zip-black-M-1379228-0001.webp","contentUrl":"https:\/\/www.miomiorun.com\/app\/uploads\/2024\/12\/Under-Armour-Launch-Pro-un-quarto-zip-black-M-1379228-0001.webp","width":600,"height":600,"caption":"Under Armour Launch Pro un quarto zip black M 1379228-0001"},{"@type":"BreadcrumbList","@id":"https:\/\/www.miomiorun.com\/fr\/produit\/launch-pro-1-4-zip-homme\/#breadcrumb","itemListElement":[{"@type":"ListItem","position":1,"name":"Home","item":"https:\/\/www.miomiorun.com\/fr\/home-page\/"},{"@type":"ListItem","position":2,"name":"Shop","item":"https:\/\/www.miomiorun.com\/shop\/"},{"@type":"ListItem","position":3,"name":"Launch Pro 1\/4 Zip homme"}]},{"@type":"WebSite","@id":"https:\/\/www.miomiorun.com\/fr\/#website","url":"https:\/\/www.miomiorun.com\/fr\/","name":"MioMioRun","description":"Boutique 100% running et trail","publisher":{"@id":"https:\/\/www.miomiorun.com\/fr\/#organization"},"potentialAction":[{"@type":"SearchAction","target":{"@type":"EntryPoint","urlTemplate":"https:\/\/www.miomiorun.com\/fr\/?s={search_term_string}"},"query-input":{"@type":"PropertyValueSpecification","valueRequired":true,"valueName":"search_term_string"}}],"inLanguage":"fr-FR"},{"@type":"Organization","@id":"https:\/\/www.miomiorun.com\/fr\/#organization","name":"MioMio Run","url":"https:\/\/www.miomiorun.com\/fr\/","logo":{"@type":"ImageObject","inLanguage":"fr-FR","@id":"https:\/\/www.miomiorun.com\/fr\/#\/schema\/logo\/image\/","url":"https:\/\/www.miomiorun.com\/app\/uploads\/2019\/12\/logomio.png","contentUrl":"https:\/\/www.miomiorun.com\/app\/uploads\/2019\/12\/logomio.png","width":115,"height":82,"caption":"MioMio Run"},"image":{"@id":"https:\/\/www.miomiorun.com\/fr\/#\/schema\/logo\/image\/"},"sameAs":["https:\/\/www.facebook.com\/miomiorun\/","https:\/\/www.instagram.com\/miomiorun\/"]}]}},"_links":{"self":[{"href":"https:\/\/www.miomiorun.com\/fr\/wp-json\/wp\/v2\/product\/296298","targetHints":{"allow":["GET"]}}],"collection":[{"href":"https:\/\/www.miomiorun.com\/fr\/wp-json\/wp\/v2\/product"}],"about":[{"href":"https:\/\/www.miomiorun.com\/fr\/wp-json\/wp\/v2\/types\/product"}],"wp:featuredmedia":[{"embeddable":true,"href":"https:\/\/www.miomiorun.com\/fr\/wp-json\/wp\/v2\/media\/250186"}],"wp:attachment":[{"href":"https:\/\/www.miomiorun.com\/fr\/wp-json\/wp\/v2\/media?parent=296298"}],"wp:term":[{"taxonomy":"product_brand","embeddable":true,"href":"https:\/\/www.miomiorun.com\/fr\/wp-json\/wp\/v2\/product_brand?post=296298"},{"taxonomy":"product_cat","embeddable":true,"href":"https:\/\/www.miomiorun.com\/fr\/wp-json\/wp\/v2\/product_cat?post=296298"},{"taxonomy":"product_tag","embeddable":true,"href":"https:\/\/www.miomiorun.com\/fr\/wp-json\/wp\/v2\/product_tag?post=296298"}],"curies":[{"name":"wp","href":"https:\/\/api.w.org\/{rel}","templated":true}]}}