{"id":296239,"date":"2024-10-22T16:06:41","date_gmt":"2024-10-22T14:06:41","guid":{"rendered":"https:\/\/miomiorun.com\/prodotto\/fly-by-3-shorts-donna\/"},"modified":"2026-05-08T22:20:59","modified_gmt":"2026-05-08T20:20:59","slug":"fly-by-3-shorts-femme","status":"publish","type":"product","link":"https:\/\/www.miomiorun.com\/fr\/produit\/fly-by-3-shorts-femme\/","title":{"rendered":"Fly by 3 Shorts femme"},"content":{"rendered":"<p>Le <strong>short pour<\/strong> femmes <strong>Fly by 3<\/strong> est dot\u00e9 d&#8217;un tissu l\u00e9ger, doux, respirant et \u00e0 s\u00e9chage rapide, d&#8217;une nouvelle ceinture et d&#8217;une poche lat\u00e9rale zipp\u00e9e pour ranger vos petits objets personnels.<\/p>\n<h3>Caract\u00e9ristiques :<\/h3>\n<div id=\"acc-1\" class=\"g-accordion-content collapse show\">\n<ul class=\"t-tabs_data\">\n<li class=\"t-tabs_list\">Le tissu est l\u00e9ger, confortable et durable<\/li>\n<li class=\"t-tabs_list\">Le mat\u00e9riau absorbe la transpiration et s\u00e8che tr\u00e8s rapidement.<\/li>\n<li class=\"t-tabs_list\">Panneaux en maille ultra-respirante pour une meilleure ventilation<\/li>\n<li class=\"t-tabs_list\">Slip int\u00e9gr\u00e9 pour une couverture suppl\u00e9mentaire<\/li>\n<li class=\"t-tabs_list\">Taille moyenne fronc\u00e9e avec cordon de serrage int\u00e9rieur pour un maximum de confort<\/li>\n<li class=\"t-tabs_list\">Poche zipp\u00e9e invisible sur le c\u00f4t\u00e9 droit pouvant contenir des \u00e9couteurs, des cl\u00e9s ou une carte de cr\u00e9dit ou d&#8217;identit\u00e9.<\/li>\n<li class=\"t-tabs_list\">Le tissu principal contient au moins 90 % de polyester recycl\u00e9 provenant d&#8217;un tissu, \u00e0 l&#8217;exclusion des garnitures et des d\u00e9corations.<\/li>\n<li>Tissu : 100% polyester<\/li>\n<\/ul>\n<\/div>\n<h3 class=\"css-8rgusf\">Coupe et entretien :<\/h3>\n<div id=\"acc-3\" class=\"g-accordion-content collapse\">\n<ul class=\"t-tabs_data\">\n<li class=\"t-tabs_list\">Confortable <span class=\"t-bold_font\">: <\/span>coupe plus ample pour un maximum de confort.<\/li>\n<li class=\"t-tabs_list\">Lavage en machine \u00e0 froid avec des couleurs similaires<\/li>\n<li class=\"t-tabs_list\">Si n\u00e9cessaire, utiliser uniquement un agent de blanchiment sans chlore<\/li>\n<li class=\"t-tabs_list\">S\u00e9cher dans un s\u00e8che-linge \u00e0 basse temp\u00e9rature<\/li>\n<li class=\"t-tabs_list\">Ne pas repasser<\/li>\n<li class=\"t-tabs_list\">Ne pas utiliser d&#8217;assouplissant<\/li>\n<li class=\"t-tabs_list\">Ne pas nettoyer \u00e0 sec<\/li>\n<\/ul>\n<\/div>\n<p>&nbsp;<\/p>\n<p>&nbsp;<\/p>\n","protected":false},"excerpt":{"rendered":"<ul>\n<li>Short id\u00e9al pour tout entra\u00eenement ext\u00e9rieur de haute intensit\u00e9.<\/li>\n<li>Equip\u00e9 d&#8217;une poche lat\u00e9rale zipp\u00e9e pour ranger de petits objets.<\/li>\n<\/ul>\n","protected":false},"featured_media":250082,"template":"","meta":{"_acf_changed":false,"inline_featured_image":false},"product_brand":[],"product_cat":[22602,22596,22595],"product_tag":[23530,23575],"class_list":{"0":"post-296239","1":"product","2":"type-product","3":"status-publish","4":"has-post-thumbnail","6":"product_cat-pantalon-court","7":"product_cat-vetements-pour-femmes","8":"product_cat-femme","9":"product_tag-under-armour-fr","10":"product_tag-under-armour-femme","11":"pa_attivita-running-fr","12":"pa_colore-fly-by-3-shorts-black-w-fr","13":"pa_marca-under-armour-fr","14":"pa_sesso-femme","15":"pa_size-small-fr","16":"pa_size-medium-fr","17":"pa_size-large-fr","19":"first","20":"instock","21":"sale","22":"taxable","23":"shipping-taxable","24":"purchasable","25":"product-type-variable","26":"wvs-archive-product-wrapper"},"acf":[],"yoast_head":"<!-- This site is optimized with the Yoast SEO plugin v26.8 - https:\/\/yoast.com\/product\/yoast-seo-wordpress\/ -->\n<title>Under Armour Fly by 3 Shorts femme - Jupe pour femme - MioMioRun<\/title>\n<meta name=\"description\" content=\"Le short pour femmes Fly by 3 a un tissu l\u00e9ger, doux, respirant et \u00e0 s\u00e9chage rapide, une nouvelle ceinture et une poche lat\u00e9rale.\" \/>\n<meta name=\"robots\" content=\"index, follow, max-snippet:-1, max-image-preview:large, max-video-preview:-1\" \/>\n<link rel=\"canonical\" href=\"https:\/\/www.miomiorun.com\/fr\/produit\/fly-by-3-shorts-femme\/\" \/>\n<meta property=\"og:locale\" content=\"fr_FR\" \/>\n<meta property=\"og:type\" content=\"article\" \/>\n<meta property=\"og:title\" content=\"Under Armour Fly by 3 Shorts femme - Jupe pour femme - MioMioRun\" \/>\n<meta property=\"og:description\" content=\"Le short pour femmes Fly by 3 a un tissu l\u00e9ger, doux, respirant et \u00e0 s\u00e9chage rapide, une nouvelle ceinture et une poche lat\u00e9rale.\" \/>\n<meta property=\"og:url\" content=\"https:\/\/www.miomiorun.com\/fr\/produit\/fly-by-3-shorts-femme\/\" \/>\n<meta property=\"og:site_name\" content=\"MioMioRun\" \/>\n<meta property=\"article:publisher\" content=\"https:\/\/www.facebook.com\/miomiorun\/\" \/>\n<meta property=\"article:modified_time\" content=\"2026-05-08T20:20:59+00:00\" \/>\n<meta property=\"og:image\" content=\"https:\/\/www.miomiorun.com\/app\/uploads\/2024\/11\/under-armour-Fly-by-3-shorts-black-W-1382438-0001.webp\" \/>\n\t<meta property=\"og:image:width\" content=\"600\" \/>\n\t<meta property=\"og:image:height\" content=\"600\" \/>\n\t<meta property=\"og:image:type\" content=\"image\/webp\" \/>\n<meta name=\"twitter:card\" content=\"summary_large_image\" \/>\n<meta name=\"twitter:label1\" content=\"Est. reading time\" \/>\n\t<meta name=\"twitter:data1\" content=\"1 minute\" \/>\n<script type=\"application\/ld+json\" class=\"yoast-schema-graph\">{\"@context\":\"https:\/\/schema.org\",\"@graph\":[{\"@type\":\"WebPage\",\"@id\":\"https:\/\/www.miomiorun.com\/fr\/produit\/fly-by-3-shorts-femme\/\",\"url\":\"https:\/\/www.miomiorun.com\/fr\/produit\/fly-by-3-shorts-femme\/\",\"name\":\"Under Armour Fly by 3 Shorts femme - Jupe pour femme - MioMioRun\",\"isPartOf\":{\"@id\":\"https:\/\/www.miomiorun.com\/fr\/#website\"},\"primaryImageOfPage\":{\"@id\":\"https:\/\/www.miomiorun.com\/fr\/produit\/fly-by-3-shorts-femme\/#primaryimage\"},\"image\":{\"@id\":\"https:\/\/www.miomiorun.com\/fr\/produit\/fly-by-3-shorts-femme\/#primaryimage\"},\"thumbnailUrl\":\"https:\/\/www.miomiorun.com\/app\/uploads\/2024\/11\/under-armour-Fly-by-3-shorts-black-W-1382438-0001.webp\",\"datePublished\":\"2024-10-22T14:06:41+00:00\",\"dateModified\":\"2026-05-08T20:20:59+00:00\",\"description\":\"Le short pour femmes Fly by 3 a un tissu l\u00e9ger, doux, respirant et \u00e0 s\u00e9chage rapide, une nouvelle ceinture et une poche lat\u00e9rale.\",\"breadcrumb\":{\"@id\":\"https:\/\/www.miomiorun.com\/fr\/produit\/fly-by-3-shorts-femme\/#breadcrumb\"},\"inLanguage\":\"fr-FR\",\"potentialAction\":[{\"@type\":\"ReadAction\",\"target\":[\"https:\/\/www.miomiorun.com\/fr\/produit\/fly-by-3-shorts-femme\/\"]}]},{\"@type\":\"ImageObject\",\"inLanguage\":\"fr-FR\",\"@id\":\"https:\/\/www.miomiorun.com\/fr\/produit\/fly-by-3-shorts-femme\/#primaryimage\",\"url\":\"https:\/\/www.miomiorun.com\/app\/uploads\/2024\/11\/under-armour-Fly-by-3-shorts-black-W-1382438-0001.webp\",\"contentUrl\":\"https:\/\/www.miomiorun.com\/app\/uploads\/2024\/11\/under-armour-Fly-by-3-shorts-black-W-1382438-0001.webp\",\"width\":600,\"height\":600,\"caption\":\"under armour Fly by 3 shorts black W 1382438-0001\"},{\"@type\":\"BreadcrumbList\",\"@id\":\"https:\/\/www.miomiorun.com\/fr\/produit\/fly-by-3-shorts-femme\/#breadcrumb\",\"itemListElement\":[{\"@type\":\"ListItem\",\"position\":1,\"name\":\"Home\",\"item\":\"https:\/\/www.miomiorun.com\/fr\/home-page\/\"},{\"@type\":\"ListItem\",\"position\":2,\"name\":\"Shop\",\"item\":\"https:\/\/www.miomiorun.com\/shop\/\"},{\"@type\":\"ListItem\",\"position\":3,\"name\":\"Fly by 3 Shorts femme\"}]},{\"@type\":\"WebSite\",\"@id\":\"https:\/\/www.miomiorun.com\/fr\/#website\",\"url\":\"https:\/\/www.miomiorun.com\/fr\/\",\"name\":\"MioMioRun\",\"description\":\"Boutique 100% running et trail\",\"publisher\":{\"@id\":\"https:\/\/www.miomiorun.com\/fr\/#organization\"},\"potentialAction\":[{\"@type\":\"SearchAction\",\"target\":{\"@type\":\"EntryPoint\",\"urlTemplate\":\"https:\/\/www.miomiorun.com\/fr\/?s={search_term_string}\"},\"query-input\":{\"@type\":\"PropertyValueSpecification\",\"valueRequired\":true,\"valueName\":\"search_term_string\"}}],\"inLanguage\":\"fr-FR\"},{\"@type\":\"Organization\",\"@id\":\"https:\/\/www.miomiorun.com\/fr\/#organization\",\"name\":\"MioMio Run\",\"url\":\"https:\/\/www.miomiorun.com\/fr\/\",\"logo\":{\"@type\":\"ImageObject\",\"inLanguage\":\"fr-FR\",\"@id\":\"https:\/\/www.miomiorun.com\/fr\/#\/schema\/logo\/image\/\",\"url\":\"https:\/\/www.miomiorun.com\/app\/uploads\/2019\/12\/logomio.png\",\"contentUrl\":\"https:\/\/www.miomiorun.com\/app\/uploads\/2019\/12\/logomio.png\",\"width\":115,\"height\":82,\"caption\":\"MioMio Run\"},\"image\":{\"@id\":\"https:\/\/www.miomiorun.com\/fr\/#\/schema\/logo\/image\/\"},\"sameAs\":[\"https:\/\/www.facebook.com\/miomiorun\/\",\"https:\/\/www.instagram.com\/miomiorun\/\"]}]}<\/script>\n<!-- \/ Yoast SEO plugin. -->","yoast_head_json":{"title":"Under Armour Fly by 3 Shorts femme - Jupe pour femme - MioMioRun","description":"Le short pour femmes Fly by 3 a un tissu l\u00e9ger, doux, respirant et \u00e0 s\u00e9chage rapide, une nouvelle ceinture et une poche lat\u00e9rale.","robots":{"index":"index","follow":"follow","max-snippet":"max-snippet:-1","max-image-preview":"max-image-preview:large","max-video-preview":"max-video-preview:-1"},"canonical":"https:\/\/www.miomiorun.com\/fr\/produit\/fly-by-3-shorts-femme\/","og_locale":"fr_FR","og_type":"article","og_title":"Under Armour Fly by 3 Shorts femme - Jupe pour femme - MioMioRun","og_description":"Le short pour femmes Fly by 3 a un tissu l\u00e9ger, doux, respirant et \u00e0 s\u00e9chage rapide, une nouvelle ceinture et une poche lat\u00e9rale.","og_url":"https:\/\/www.miomiorun.com\/fr\/produit\/fly-by-3-shorts-femme\/","og_site_name":"MioMioRun","article_publisher":"https:\/\/www.facebook.com\/miomiorun\/","article_modified_time":"2026-05-08T20:20:59+00:00","og_image":[{"width":600,"height":600,"url":"https:\/\/www.miomiorun.com\/app\/uploads\/2024\/11\/under-armour-Fly-by-3-shorts-black-W-1382438-0001.webp","type":"image\/webp"}],"twitter_card":"summary_large_image","twitter_misc":{"Est. reading time":"1 minute"},"schema":{"@context":"https:\/\/schema.org","@graph":[{"@type":"WebPage","@id":"https:\/\/www.miomiorun.com\/fr\/produit\/fly-by-3-shorts-femme\/","url":"https:\/\/www.miomiorun.com\/fr\/produit\/fly-by-3-shorts-femme\/","name":"Under Armour Fly by 3 Shorts femme - Jupe pour femme - MioMioRun","isPartOf":{"@id":"https:\/\/www.miomiorun.com\/fr\/#website"},"primaryImageOfPage":{"@id":"https:\/\/www.miomiorun.com\/fr\/produit\/fly-by-3-shorts-femme\/#primaryimage"},"image":{"@id":"https:\/\/www.miomiorun.com\/fr\/produit\/fly-by-3-shorts-femme\/#primaryimage"},"thumbnailUrl":"https:\/\/www.miomiorun.com\/app\/uploads\/2024\/11\/under-armour-Fly-by-3-shorts-black-W-1382438-0001.webp","datePublished":"2024-10-22T14:06:41+00:00","dateModified":"2026-05-08T20:20:59+00:00","description":"Le short pour femmes Fly by 3 a un tissu l\u00e9ger, doux, respirant et \u00e0 s\u00e9chage rapide, une nouvelle ceinture et une poche lat\u00e9rale.","breadcrumb":{"@id":"https:\/\/www.miomiorun.com\/fr\/produit\/fly-by-3-shorts-femme\/#breadcrumb"},"inLanguage":"fr-FR","potentialAction":[{"@type":"ReadAction","target":["https:\/\/www.miomiorun.com\/fr\/produit\/fly-by-3-shorts-femme\/"]}]},{"@type":"ImageObject","inLanguage":"fr-FR","@id":"https:\/\/www.miomiorun.com\/fr\/produit\/fly-by-3-shorts-femme\/#primaryimage","url":"https:\/\/www.miomiorun.com\/app\/uploads\/2024\/11\/under-armour-Fly-by-3-shorts-black-W-1382438-0001.webp","contentUrl":"https:\/\/www.miomiorun.com\/app\/uploads\/2024\/11\/under-armour-Fly-by-3-shorts-black-W-1382438-0001.webp","width":600,"height":600,"caption":"under armour Fly by 3 shorts black W 1382438-0001"},{"@type":"BreadcrumbList","@id":"https:\/\/www.miomiorun.com\/fr\/produit\/fly-by-3-shorts-femme\/#breadcrumb","itemListElement":[{"@type":"ListItem","position":1,"name":"Home","item":"https:\/\/www.miomiorun.com\/fr\/home-page\/"},{"@type":"ListItem","position":2,"name":"Shop","item":"https:\/\/www.miomiorun.com\/shop\/"},{"@type":"ListItem","position":3,"name":"Fly by 3 Shorts femme"}]},{"@type":"WebSite","@id":"https:\/\/www.miomiorun.com\/fr\/#website","url":"https:\/\/www.miomiorun.com\/fr\/","name":"MioMioRun","description":"Boutique 100% running et trail","publisher":{"@id":"https:\/\/www.miomiorun.com\/fr\/#organization"},"potentialAction":[{"@type":"SearchAction","target":{"@type":"EntryPoint","urlTemplate":"https:\/\/www.miomiorun.com\/fr\/?s={search_term_string}"},"query-input":{"@type":"PropertyValueSpecification","valueRequired":true,"valueName":"search_term_string"}}],"inLanguage":"fr-FR"},{"@type":"Organization","@id":"https:\/\/www.miomiorun.com\/fr\/#organization","name":"MioMio Run","url":"https:\/\/www.miomiorun.com\/fr\/","logo":{"@type":"ImageObject","inLanguage":"fr-FR","@id":"https:\/\/www.miomiorun.com\/fr\/#\/schema\/logo\/image\/","url":"https:\/\/www.miomiorun.com\/app\/uploads\/2019\/12\/logomio.png","contentUrl":"https:\/\/www.miomiorun.com\/app\/uploads\/2019\/12\/logomio.png","width":115,"height":82,"caption":"MioMio Run"},"image":{"@id":"https:\/\/www.miomiorun.com\/fr\/#\/schema\/logo\/image\/"},"sameAs":["https:\/\/www.facebook.com\/miomiorun\/","https:\/\/www.instagram.com\/miomiorun\/"]}]}},"_links":{"self":[{"href":"https:\/\/www.miomiorun.com\/fr\/wp-json\/wp\/v2\/product\/296239","targetHints":{"allow":["GET"]}}],"collection":[{"href":"https:\/\/www.miomiorun.com\/fr\/wp-json\/wp\/v2\/product"}],"about":[{"href":"https:\/\/www.miomiorun.com\/fr\/wp-json\/wp\/v2\/types\/product"}],"wp:featuredmedia":[{"embeddable":true,"href":"https:\/\/www.miomiorun.com\/fr\/wp-json\/wp\/v2\/media\/250082"}],"wp:attachment":[{"href":"https:\/\/www.miomiorun.com\/fr\/wp-json\/wp\/v2\/media?parent=296239"}],"wp:term":[{"taxonomy":"product_brand","embeddable":true,"href":"https:\/\/www.miomiorun.com\/fr\/wp-json\/wp\/v2\/product_brand?post=296239"},{"taxonomy":"product_cat","embeddable":true,"href":"https:\/\/www.miomiorun.com\/fr\/wp-json\/wp\/v2\/product_cat?post=296239"},{"taxonomy":"product_tag","embeddable":true,"href":"https:\/\/www.miomiorun.com\/fr\/wp-json\/wp\/v2\/product_tag?post=296239"}],"curies":[{"name":"wp","href":"https:\/\/api.w.org\/{rel}","templated":true}]}}