{"id":296211,"date":"2024-10-23T18:39:43","date_gmt":"2024-10-23T16:39:43","guid":{"rendered":"https:\/\/miomiorun.com\/prodotto\/launch-pro-5-shorts-uomo\/"},"modified":"2025-05-20T19:23:49","modified_gmt":"2025-05-20T17:23:49","slug":"launch-pro-5-shorts-homme","status":"publish","type":"product","link":"https:\/\/www.miomiorun.com\/fr\/produit\/launch-pro-5-shorts-homme\/","title":{"rendered":"Launch Pro 5&#8243; Shorts homme"},"content":{"rendered":"<div class=\"m-contentContainer__copy\"><\/div>\n<h2>\u00c0 quoi ressemblerait votre short de course pr\u00e9f\u00e9r\u00e9 ?<\/h2>\n<p>L\u00e9ger et extensible pour que vous puissiez bouger librement et doubl\u00e9 pour garder votre peau fra\u00eeche et s\u00e8che ? C&#8217;est chose faite avec ce short <strong>Launch Pro 5&#8243;<\/strong> pour hommes, parfait pour la course \u00e0 pied.<\/p>\n<h3>Caract\u00e9ristiques :<\/h3>\n<div id=\"acc-1\" class=\"g-accordion-content collapse show\">\n<ul class=\"t-tabs_data\">\n<li class=\"t-tabs_list\">Tissu extensible ultra-l\u00e9ger pour une libert\u00e9 de mouvement totale<\/li>\n<li class=\"t-tabs_list\">La doublure interne en maille favorise l&#8217;\u00e9vacuation de la transpiration et les perforations laser offrent une meilleure respirabilit\u00e9.<\/li>\n<li class=\"t-tabs_list\">Le mat\u00e9riau extensible dans les 4 sens am\u00e9liore la mobilit\u00e9<\/li>\n<li class=\"t-tabs_list\">La mati\u00e8re absorbe la transpiration et s\u00e8che tr\u00e8s rapidement.<\/li>\n<li class=\"t-tabs_list\">La poche extensible au centre du dos est r\u00e9sistante \u00e0 l&#8217;eau et prot\u00e8ge le t\u00e9l\u00e9phone, \u00e9vitant ainsi les rebonds g\u00eanants.<\/li>\n<li class=\"t-tabs_list\">Taille \u00e9lastiqu\u00e9e recouverte d&#8217;un cordon de serrage interne<\/li>\n<li class=\"t-tabs_list\">D\u00e9tails r\u00e9fl\u00e9chissants pour une meilleure visibilit\u00e9 lors des courses dans des conditions de faible luminosit\u00e9<\/li>\n<\/ul>\n<h3>Coupe et entretien<\/h3>\n<div id=\"acc-3\" class=\"g-accordion-content collapse\">\n<ul class=\"t-tabs_data\">\n<li class=\"t-tabs_list\">Ajust\u00e9 <span class=\"t-bold_font\">: <\/span>Coupe essentielle, ni trop serr\u00e9e ni trop ample.<\/li>\n<li class=\"t-tabs_list\">Laver \u00e0 froid en machine avec des couleurs similaires<\/li>\n<li class=\"t-tabs_list\">Si n\u00e9cessaire, utiliser uniquement un agent de blanchiment sans chlore<\/li>\n<li class=\"t-tabs_list\">S\u00e9cher dans un s\u00e8che-linge \u00e0 basse temp\u00e9rature<\/li>\n<li class=\"t-tabs_list\">Ne pas repasser<\/li>\n<li class=\"t-tabs_list\">Ne pas utiliser d&#8217;assouplissant<\/li>\n<li class=\"t-tabs_list\">Ne pas nettoyer \u00e0 sec<\/li>\n<\/ul>\n<\/div>\n<\/div>\n<p>&nbsp;<\/p>\n<p>&nbsp;<\/p>\n","protected":false},"excerpt":{"rendered":"<ul>\n<li>Short de course avec d\u00e9tails r\u00e9fl\u00e9chissants pour \u00eatre visible la nuit.<\/li>\n<li>Semi-ajust\u00e9.<\/li>\n<\/ul>\n","protected":false},"featured_media":250194,"template":"","meta":{"_acf_changed":false,"inline_featured_image":false},"product_brand":[],"product_cat":[24477,24482],"product_tag":[23530,23574],"class_list":{"0":"post-296211","1":"product","2":"type-product","3":"status-publish","4":"has-post-thumbnail","6":"product_cat-pantalon-court-fr-3","7":"product_cat-vetements-pour-hommes-fr","8":"product_tag-under-armour-fr","9":"product_tag-under-armour-homme","10":"pa_attivita-marcher","11":"pa_attivita-running-fr","12":"pa_colore-launch-pro-5-shorts-ether-blue-fr","13":"pa_colore-launch-pro-5-shorts-black-fr","14":"pa_marca-under-armour-fr","15":"pa_sesso-homme","16":"pa_size-small-fr","17":"pa_size-medium-fr","18":"pa_size-large-fr","19":"pa_size-extra-large-fr","21":"first","22":"instock","23":"sale","24":"taxable","25":"shipping-taxable","26":"purchasable","27":"product-type-variable","28":"wvs-archive-product-wrapper"},"acf":[],"yoast_head":"<!-- This site is optimized with the Yoast SEO plugin v26.8 - https:\/\/yoast.com\/product\/yoast-seo-wordpress\/ -->\n<title>Under ArmourLaunch Pro 5&quot; Shorts homme - Short de course - MioMioRun<\/title>\n<meta name=\"description\" content=\"L\u00e9ger et extensible pour vous permettre de bouger librement et doubl\u00e9 pour garder votre peau fra\u00eeche et s\u00e8che ? C&#039;est chose faite avec ce short Launch Pro 5&quot;.\" \/>\n<meta name=\"robots\" content=\"index, follow, max-snippet:-1, max-image-preview:large, max-video-preview:-1\" \/>\n<link rel=\"canonical\" href=\"https:\/\/www.miomiorun.com\/fr\/produit\/launch-pro-5-shorts-homme\/\" \/>\n<meta property=\"og:locale\" content=\"fr_FR\" \/>\n<meta property=\"og:type\" content=\"article\" \/>\n<meta property=\"og:title\" content=\"Under ArmourLaunch Pro 5&quot; Shorts homme - Short de course - MioMioRun\" \/>\n<meta property=\"og:description\" content=\"L\u00e9ger et extensible pour vous permettre de bouger librement et doubl\u00e9 pour garder votre peau fra\u00eeche et s\u00e8che ? C&#039;est chose faite avec ce short Launch Pro 5&quot;.\" \/>\n<meta property=\"og:url\" content=\"https:\/\/www.miomiorun.com\/fr\/produit\/launch-pro-5-shorts-homme\/\" \/>\n<meta property=\"og:site_name\" content=\"MioMioRun\" \/>\n<meta property=\"article:publisher\" content=\"https:\/\/www.facebook.com\/miomiorun\/\" \/>\n<meta property=\"article:modified_time\" content=\"2025-05-20T17:23:49+00:00\" \/>\n<meta property=\"og:image\" content=\"https:\/\/www.miomiorun.com\/app\/uploads\/2024\/12\/Under-Armour-Launch-Pro-5p-shorts-black-1376509-0001.webp\" \/>\n\t<meta property=\"og:image:width\" content=\"600\" \/>\n\t<meta property=\"og:image:height\" content=\"600\" \/>\n\t<meta property=\"og:image:type\" content=\"image\/webp\" \/>\n<meta name=\"twitter:card\" content=\"summary_large_image\" \/>\n<meta name=\"twitter:label1\" content=\"Est. reading time\" \/>\n\t<meta name=\"twitter:data1\" content=\"1 minute\" \/>\n<script type=\"application\/ld+json\" class=\"yoast-schema-graph\">{\"@context\":\"https:\/\/schema.org\",\"@graph\":[{\"@type\":\"WebPage\",\"@id\":\"https:\/\/www.miomiorun.com\/fr\/produit\/launch-pro-5-shorts-homme\/\",\"url\":\"https:\/\/www.miomiorun.com\/fr\/produit\/launch-pro-5-shorts-homme\/\",\"name\":\"Under ArmourLaunch Pro 5\\\" Shorts homme - Short de course - MioMioRun\",\"isPartOf\":{\"@id\":\"https:\/\/www.miomiorun.com\/fr\/#website\"},\"primaryImageOfPage\":{\"@id\":\"https:\/\/www.miomiorun.com\/fr\/produit\/launch-pro-5-shorts-homme\/#primaryimage\"},\"image\":{\"@id\":\"https:\/\/www.miomiorun.com\/fr\/produit\/launch-pro-5-shorts-homme\/#primaryimage\"},\"thumbnailUrl\":\"https:\/\/www.miomiorun.com\/app\/uploads\/2024\/12\/Under-Armour-Launch-Pro-5p-shorts-black-1376509-0001.webp\",\"datePublished\":\"2024-10-23T16:39:43+00:00\",\"dateModified\":\"2025-05-20T17:23:49+00:00\",\"description\":\"L\u00e9ger et extensible pour vous permettre de bouger librement et doubl\u00e9 pour garder votre peau fra\u00eeche et s\u00e8che ? C'est chose faite avec ce short Launch Pro 5\\\".\",\"breadcrumb\":{\"@id\":\"https:\/\/www.miomiorun.com\/fr\/produit\/launch-pro-5-shorts-homme\/#breadcrumb\"},\"inLanguage\":\"fr-FR\",\"potentialAction\":[{\"@type\":\"ReadAction\",\"target\":[\"https:\/\/www.miomiorun.com\/fr\/produit\/launch-pro-5-shorts-homme\/\"]}]},{\"@type\":\"ImageObject\",\"inLanguage\":\"fr-FR\",\"@id\":\"https:\/\/www.miomiorun.com\/fr\/produit\/launch-pro-5-shorts-homme\/#primaryimage\",\"url\":\"https:\/\/www.miomiorun.com\/app\/uploads\/2024\/12\/Under-Armour-Launch-Pro-5p-shorts-black-1376509-0001.webp\",\"contentUrl\":\"https:\/\/www.miomiorun.com\/app\/uploads\/2024\/12\/Under-Armour-Launch-Pro-5p-shorts-black-1376509-0001.webp\",\"width\":600,\"height\":600,\"caption\":\"Under Armour Launch Pro 5p shorts black 1376509-0001\"},{\"@type\":\"BreadcrumbList\",\"@id\":\"https:\/\/www.miomiorun.com\/fr\/produit\/launch-pro-5-shorts-homme\/#breadcrumb\",\"itemListElement\":[{\"@type\":\"ListItem\",\"position\":1,\"name\":\"Home\",\"item\":\"https:\/\/www.miomiorun.com\/fr\/home-page\/\"},{\"@type\":\"ListItem\",\"position\":2,\"name\":\"Shop\",\"item\":\"https:\/\/www.miomiorun.com\/shop\/\"},{\"@type\":\"ListItem\",\"position\":3,\"name\":\"Launch Pro 5&#8243; Shorts homme\"}]},{\"@type\":\"WebSite\",\"@id\":\"https:\/\/www.miomiorun.com\/fr\/#website\",\"url\":\"https:\/\/www.miomiorun.com\/fr\/\",\"name\":\"MioMioRun\",\"description\":\"Boutique 100% running et trail\",\"publisher\":{\"@id\":\"https:\/\/www.miomiorun.com\/fr\/#organization\"},\"potentialAction\":[{\"@type\":\"SearchAction\",\"target\":{\"@type\":\"EntryPoint\",\"urlTemplate\":\"https:\/\/www.miomiorun.com\/fr\/?s={search_term_string}\"},\"query-input\":{\"@type\":\"PropertyValueSpecification\",\"valueRequired\":true,\"valueName\":\"search_term_string\"}}],\"inLanguage\":\"fr-FR\"},{\"@type\":\"Organization\",\"@id\":\"https:\/\/www.miomiorun.com\/fr\/#organization\",\"name\":\"MioMio Run\",\"url\":\"https:\/\/www.miomiorun.com\/fr\/\",\"logo\":{\"@type\":\"ImageObject\",\"inLanguage\":\"fr-FR\",\"@id\":\"https:\/\/www.miomiorun.com\/fr\/#\/schema\/logo\/image\/\",\"url\":\"https:\/\/www.miomiorun.com\/app\/uploads\/2019\/12\/logomio.png\",\"contentUrl\":\"https:\/\/www.miomiorun.com\/app\/uploads\/2019\/12\/logomio.png\",\"width\":115,\"height\":82,\"caption\":\"MioMio Run\"},\"image\":{\"@id\":\"https:\/\/www.miomiorun.com\/fr\/#\/schema\/logo\/image\/\"},\"sameAs\":[\"https:\/\/www.facebook.com\/miomiorun\/\",\"https:\/\/www.instagram.com\/miomiorun\/\"]}]}<\/script>\n<!-- \/ Yoast SEO plugin. -->","yoast_head_json":{"title":"Under ArmourLaunch Pro 5\" Shorts homme - Short de course - MioMioRun","description":"L\u00e9ger et extensible pour vous permettre de bouger librement et doubl\u00e9 pour garder votre peau fra\u00eeche et s\u00e8che ? C'est chose faite avec ce short Launch Pro 5\".","robots":{"index":"index","follow":"follow","max-snippet":"max-snippet:-1","max-image-preview":"max-image-preview:large","max-video-preview":"max-video-preview:-1"},"canonical":"https:\/\/www.miomiorun.com\/fr\/produit\/launch-pro-5-shorts-homme\/","og_locale":"fr_FR","og_type":"article","og_title":"Under ArmourLaunch Pro 5\" Shorts homme - Short de course - MioMioRun","og_description":"L\u00e9ger et extensible pour vous permettre de bouger librement et doubl\u00e9 pour garder votre peau fra\u00eeche et s\u00e8che ? C'est chose faite avec ce short Launch Pro 5\".","og_url":"https:\/\/www.miomiorun.com\/fr\/produit\/launch-pro-5-shorts-homme\/","og_site_name":"MioMioRun","article_publisher":"https:\/\/www.facebook.com\/miomiorun\/","article_modified_time":"2025-05-20T17:23:49+00:00","og_image":[{"width":600,"height":600,"url":"https:\/\/www.miomiorun.com\/app\/uploads\/2024\/12\/Under-Armour-Launch-Pro-5p-shorts-black-1376509-0001.webp","type":"image\/webp"}],"twitter_card":"summary_large_image","twitter_misc":{"Est. reading time":"1 minute"},"schema":{"@context":"https:\/\/schema.org","@graph":[{"@type":"WebPage","@id":"https:\/\/www.miomiorun.com\/fr\/produit\/launch-pro-5-shorts-homme\/","url":"https:\/\/www.miomiorun.com\/fr\/produit\/launch-pro-5-shorts-homme\/","name":"Under ArmourLaunch Pro 5\" Shorts homme - Short de course - MioMioRun","isPartOf":{"@id":"https:\/\/www.miomiorun.com\/fr\/#website"},"primaryImageOfPage":{"@id":"https:\/\/www.miomiorun.com\/fr\/produit\/launch-pro-5-shorts-homme\/#primaryimage"},"image":{"@id":"https:\/\/www.miomiorun.com\/fr\/produit\/launch-pro-5-shorts-homme\/#primaryimage"},"thumbnailUrl":"https:\/\/www.miomiorun.com\/app\/uploads\/2024\/12\/Under-Armour-Launch-Pro-5p-shorts-black-1376509-0001.webp","datePublished":"2024-10-23T16:39:43+00:00","dateModified":"2025-05-20T17:23:49+00:00","description":"L\u00e9ger et extensible pour vous permettre de bouger librement et doubl\u00e9 pour garder votre peau fra\u00eeche et s\u00e8che ? C'est chose faite avec ce short Launch Pro 5\".","breadcrumb":{"@id":"https:\/\/www.miomiorun.com\/fr\/produit\/launch-pro-5-shorts-homme\/#breadcrumb"},"inLanguage":"fr-FR","potentialAction":[{"@type":"ReadAction","target":["https:\/\/www.miomiorun.com\/fr\/produit\/launch-pro-5-shorts-homme\/"]}]},{"@type":"ImageObject","inLanguage":"fr-FR","@id":"https:\/\/www.miomiorun.com\/fr\/produit\/launch-pro-5-shorts-homme\/#primaryimage","url":"https:\/\/www.miomiorun.com\/app\/uploads\/2024\/12\/Under-Armour-Launch-Pro-5p-shorts-black-1376509-0001.webp","contentUrl":"https:\/\/www.miomiorun.com\/app\/uploads\/2024\/12\/Under-Armour-Launch-Pro-5p-shorts-black-1376509-0001.webp","width":600,"height":600,"caption":"Under Armour Launch Pro 5p shorts black 1376509-0001"},{"@type":"BreadcrumbList","@id":"https:\/\/www.miomiorun.com\/fr\/produit\/launch-pro-5-shorts-homme\/#breadcrumb","itemListElement":[{"@type":"ListItem","position":1,"name":"Home","item":"https:\/\/www.miomiorun.com\/fr\/home-page\/"},{"@type":"ListItem","position":2,"name":"Shop","item":"https:\/\/www.miomiorun.com\/shop\/"},{"@type":"ListItem","position":3,"name":"Launch Pro 5&#8243; Shorts homme"}]},{"@type":"WebSite","@id":"https:\/\/www.miomiorun.com\/fr\/#website","url":"https:\/\/www.miomiorun.com\/fr\/","name":"MioMioRun","description":"Boutique 100% running et trail","publisher":{"@id":"https:\/\/www.miomiorun.com\/fr\/#organization"},"potentialAction":[{"@type":"SearchAction","target":{"@type":"EntryPoint","urlTemplate":"https:\/\/www.miomiorun.com\/fr\/?s={search_term_string}"},"query-input":{"@type":"PropertyValueSpecification","valueRequired":true,"valueName":"search_term_string"}}],"inLanguage":"fr-FR"},{"@type":"Organization","@id":"https:\/\/www.miomiorun.com\/fr\/#organization","name":"MioMio Run","url":"https:\/\/www.miomiorun.com\/fr\/","logo":{"@type":"ImageObject","inLanguage":"fr-FR","@id":"https:\/\/www.miomiorun.com\/fr\/#\/schema\/logo\/image\/","url":"https:\/\/www.miomiorun.com\/app\/uploads\/2019\/12\/logomio.png","contentUrl":"https:\/\/www.miomiorun.com\/app\/uploads\/2019\/12\/logomio.png","width":115,"height":82,"caption":"MioMio Run"},"image":{"@id":"https:\/\/www.miomiorun.com\/fr\/#\/schema\/logo\/image\/"},"sameAs":["https:\/\/www.facebook.com\/miomiorun\/","https:\/\/www.instagram.com\/miomiorun\/"]}]}},"_links":{"self":[{"href":"https:\/\/www.miomiorun.com\/fr\/wp-json\/wp\/v2\/product\/296211","targetHints":{"allow":["GET"]}}],"collection":[{"href":"https:\/\/www.miomiorun.com\/fr\/wp-json\/wp\/v2\/product"}],"about":[{"href":"https:\/\/www.miomiorun.com\/fr\/wp-json\/wp\/v2\/types\/product"}],"wp:featuredmedia":[{"embeddable":true,"href":"https:\/\/www.miomiorun.com\/fr\/wp-json\/wp\/v2\/media\/250194"}],"wp:attachment":[{"href":"https:\/\/www.miomiorun.com\/fr\/wp-json\/wp\/v2\/media?parent=296211"}],"wp:term":[{"taxonomy":"product_brand","embeddable":true,"href":"https:\/\/www.miomiorun.com\/fr\/wp-json\/wp\/v2\/product_brand?post=296211"},{"taxonomy":"product_cat","embeddable":true,"href":"https:\/\/www.miomiorun.com\/fr\/wp-json\/wp\/v2\/product_cat?post=296211"},{"taxonomy":"product_tag","embeddable":true,"href":"https:\/\/www.miomiorun.com\/fr\/wp-json\/wp\/v2\/product_tag?post=296211"}],"curies":[{"name":"wp","href":"https:\/\/api.w.org\/{rel}","templated":true}]}}