{"id":296206,"date":"2024-10-23T18:56:25","date_gmt":"2024-10-23T16:56:25","guid":{"rendered":"https:\/\/miomiorun.com\/prodotto\/vanish-cold-weather-%c2%bd-zip-donna\/"},"modified":"2025-12-04T18:00:56","modified_gmt":"2025-12-04T17:00:56","slug":"vanish-cold-weather-%c2%bd-zip-femme","status":"publish","type":"product","link":"https:\/\/www.miomiorun.com\/fr\/produit\/vanish-cold-weather-%c2%bd-zip-femme\/","title":{"rendered":"Vanish Cold Weather \u00bd Zip femme"},"content":{"rendered":"<p>Le pull <strong>Vanish Cold Weather \u00bd Zip<\/strong> pour femme garde la peau au sec gr\u00e2ce \u00e0 une doublure douce qui retient la chaleur pendant les journ\u00e9es les plus froides et s&#8217;\u00e9tire \u00e0 chaque mouvement. Parfait pour \u00eatre port\u00e9 pendant les entra\u00eenements intenses lors des froides journ\u00e9es d&#8217;hiver.<\/p>\n<h3>Caract\u00e9ristiques :<\/h3>\n<div id=\"acc-1\" class=\"g-accordion-content collapse show\">\n<div id=\"acc-1\" class=\"g-accordion-content collapse show\">\n<ul class=\"t-tabs_data\">\n<li class=\"t-tabs_list\">Tissu textur\u00e9 ultra chaud avec une \u00e9lasticit\u00e9 accrue pour un confort qui suit vos mouvements<\/li>\n<li class=\"t-tabs_list\">Tissu double couche sur les c\u00f4t\u00e9s du corps et le bas des manches pour une chaleur id\u00e9ale, avec un int\u00e9rieur bross\u00e9 doux et un ext\u00e9rieur lisse<\/li>\n<li class=\"t-tabs_list\">Le tissu absorbe la transpiration et s\u00e8che tr\u00e8s rapidement<\/li>\n<li class=\"t-tabs_list\">Le tissu extensible dans 4 directions am\u00e9liore la mobilit\u00e9<\/li>\n<li class=\"t-tabs_list\">Large ouverture \u00e0 \u00bd zip sur le devant pour faciliter l&#8217;habillage en couches<\/li>\n<li class=\"t-tabs_list\">Trous pour les pouces int\u00e9gr\u00e9s pour maintenir les manches en place<\/li>\n<li class=\"t-tabs_list\">D\u00e9tails avec bande et logo r\u00e9fl\u00e9chissants pour une meilleure visibilit\u00e9 dans des conditions de faible luminosit\u00e9<\/li>\n<li>Mat\u00e9riau : Empi\u00e8cements : 87 % polyester\/13 % \u00e9lasthanne<\/li>\n<\/ul>\n<\/div>\n<h3>Coupe et entretien :<\/h3>\n<div id=\"acc-3\" class=\"g-accordion-content collapse\">\n<div id=\"acc-3\" class=\"g-accordion-content collapse\">\n<ul class=\"t-tabs_data\">\n<li class=\"t-tabs_list\"><span class=\"t-bold_font\">Coupe ajust\u00e9e :&nbsp;<\/span>Coupe classique, ni trop moulante ni trop ample.\n<li class=\"t-tabs_list\">Laver \u00e0 froid en machine avec des couleurs similaires<\/li>\n<li class=\"t-tabs_list\">Si n\u00e9cessaire, utiliser uniquement un agent de blanchiment sans chlore<\/li>\n<li class=\"t-tabs_list\">S\u00e9cher en machine \u00e0 basse temp\u00e9rature<\/li>\n<li class=\"t-tabs_list\">Ne pas repasser<\/li>\n<li class=\"t-tabs_list\">Ne pas utiliser d&#8217;adoucissant<\/li>\n<li class=\"t-tabs_list\">Ne pas nettoyer \u00e0 sec<\/li>\n<\/li>\n<\/ul>\n<\/div>\n<\/div>\n<\/div>\n","protected":false},"excerpt":{"rendered":"<ul>\n<li>Maillot technique chaud et l\u00e9ger.<\/li>\n<li>Id\u00e9al pour les entra\u00eenements intensifs.<\/li>\n<\/ul>\n","protected":false},"featured_media":250198,"template":"","meta":{"_acf_changed":false,"inline_featured_image":false},"product_brand":[],"product_cat":[22601,22596],"product_tag":[23530,23575],"class_list":{"0":"post-296206","1":"product","2":"type-product","3":"status-publish","4":"has-post-thumbnail","6":"product_cat-maillots","7":"product_cat-vetements-pour-femmes","8":"product_tag-under-armour-fr","9":"product_tag-under-armour-femme","10":"pa_attivita-marcher","11":"pa_attivita-running-fr","12":"pa_colore-vanish-cw-1-2-zip-w-fr","13":"pa_marca-under-armour-fr","14":"pa_sesso-femme","15":"pa_size-small-fr","17":"first","18":"instock","19":"sale","20":"taxable","21":"shipping-taxable","22":"purchasable","23":"product-type-variable","24":"wvs-archive-product-wrapper"},"acf":[],"yoast_head":"<!-- This site is optimized with the Yoast SEO plugin v26.8 - https:\/\/yoast.com\/product\/yoast-seo-wordpress\/ -->\n<title>Under Armour Vanish Cold Weather \u00bd Zip femme - Sweat-shirt d\u00e9contract\u00e9- MioMioRun<\/title>\n<meta name=\"description\" content=\"Le pull Vanish Cold Weather \u00bd Zip pour femme garde la peau au sec gr\u00e2ce \u00e0 une doublure douce qui retient la chaleur pendant les journ\u00e9es les plus froides.\" \/>\n<meta name=\"robots\" content=\"index, follow, max-snippet:-1, max-image-preview:large, max-video-preview:-1\" \/>\n<link rel=\"canonical\" href=\"https:\/\/www.miomiorun.com\/fr\/produit\/vanish-cold-weather-%c2%bd-zip-femme\/\" \/>\n<meta property=\"og:locale\" content=\"fr_FR\" \/>\n<meta property=\"og:type\" content=\"article\" \/>\n<meta property=\"og:title\" content=\"Under Armour Vanish Cold Weather \u00bd Zip femme - Sweat-shirt d\u00e9contract\u00e9- MioMioRun\" \/>\n<meta property=\"og:description\" content=\"Le pull Vanish Cold Weather \u00bd Zip pour femme garde la peau au sec gr\u00e2ce \u00e0 une doublure douce qui retient la chaleur pendant les journ\u00e9es les plus froides.\" \/>\n<meta property=\"og:url\" content=\"https:\/\/www.miomiorun.com\/fr\/produit\/vanish-cold-weather-%c2%bd-zip-femme\/\" \/>\n<meta property=\"og:site_name\" content=\"MioMioRun\" \/>\n<meta property=\"article:publisher\" content=\"https:\/\/www.facebook.com\/miomiorun\/\" \/>\n<meta property=\"article:modified_time\" content=\"2025-12-04T17:00:56+00:00\" \/>\n<meta property=\"og:image\" content=\"https:\/\/www.miomiorun.com\/app\/uploads\/2024\/12\/Under-Armour-Vanish-CW-1mez-zip-W-1386417-0464.webp\" \/>\n\t<meta property=\"og:image:width\" content=\"600\" \/>\n\t<meta property=\"og:image:height\" content=\"600\" \/>\n\t<meta property=\"og:image:type\" content=\"image\/webp\" \/>\n<meta name=\"twitter:card\" content=\"summary_large_image\" \/>\n<meta name=\"twitter:label1\" content=\"Est. reading time\" \/>\n\t<meta name=\"twitter:data1\" content=\"1 minute\" \/>\n<script type=\"application\/ld+json\" class=\"yoast-schema-graph\">{\"@context\":\"https:\/\/schema.org\",\"@graph\":[{\"@type\":\"WebPage\",\"@id\":\"https:\/\/www.miomiorun.com\/fr\/produit\/vanish-cold-weather-%c2%bd-zip-femme\/\",\"url\":\"https:\/\/www.miomiorun.com\/fr\/produit\/vanish-cold-weather-%c2%bd-zip-femme\/\",\"name\":\"Under Armour Vanish Cold Weather \u00bd Zip femme - Sweat-shirt d\u00e9contract\u00e9- MioMioRun\",\"isPartOf\":{\"@id\":\"https:\/\/www.miomiorun.com\/fr\/#website\"},\"primaryImageOfPage\":{\"@id\":\"https:\/\/www.miomiorun.com\/fr\/produit\/vanish-cold-weather-%c2%bd-zip-femme\/#primaryimage\"},\"image\":{\"@id\":\"https:\/\/www.miomiorun.com\/fr\/produit\/vanish-cold-weather-%c2%bd-zip-femme\/#primaryimage\"},\"thumbnailUrl\":\"https:\/\/www.miomiorun.com\/app\/uploads\/2024\/12\/Under-Armour-Vanish-CW-1mez-zip-W-1386417-0464.webp\",\"datePublished\":\"2024-10-23T16:56:25+00:00\",\"dateModified\":\"2025-12-04T17:00:56+00:00\",\"description\":\"Le pull Vanish Cold Weather \u00bd Zip pour femme garde la peau au sec gr\u00e2ce \u00e0 une doublure douce qui retient la chaleur pendant les journ\u00e9es les plus froides.\",\"breadcrumb\":{\"@id\":\"https:\/\/www.miomiorun.com\/fr\/produit\/vanish-cold-weather-%c2%bd-zip-femme\/#breadcrumb\"},\"inLanguage\":\"fr-FR\",\"potentialAction\":[{\"@type\":\"ReadAction\",\"target\":[\"https:\/\/www.miomiorun.com\/fr\/produit\/vanish-cold-weather-%c2%bd-zip-femme\/\"]}]},{\"@type\":\"ImageObject\",\"inLanguage\":\"fr-FR\",\"@id\":\"https:\/\/www.miomiorun.com\/fr\/produit\/vanish-cold-weather-%c2%bd-zip-femme\/#primaryimage\",\"url\":\"https:\/\/www.miomiorun.com\/app\/uploads\/2024\/12\/Under-Armour-Vanish-CW-1mez-zip-W-1386417-0464.webp\",\"contentUrl\":\"https:\/\/www.miomiorun.com\/app\/uploads\/2024\/12\/Under-Armour-Vanish-CW-1mez-zip-W-1386417-0464.webp\",\"width\":600,\"height\":600,\"caption\":\"Under Armour Vanish CW 1mez zip W 1386417-0464\"},{\"@type\":\"BreadcrumbList\",\"@id\":\"https:\/\/www.miomiorun.com\/fr\/produit\/vanish-cold-weather-%c2%bd-zip-femme\/#breadcrumb\",\"itemListElement\":[{\"@type\":\"ListItem\",\"position\":1,\"name\":\"Home\",\"item\":\"https:\/\/www.miomiorun.com\/fr\/home-page\/\"},{\"@type\":\"ListItem\",\"position\":2,\"name\":\"Shop\",\"item\":\"https:\/\/www.miomiorun.com\/shop\/\"},{\"@type\":\"ListItem\",\"position\":3,\"name\":\"Vanish Cold Weather \u00bd Zip femme\"}]},{\"@type\":\"WebSite\",\"@id\":\"https:\/\/www.miomiorun.com\/fr\/#website\",\"url\":\"https:\/\/www.miomiorun.com\/fr\/\",\"name\":\"MioMioRun\",\"description\":\"Boutique 100% running et trail\",\"publisher\":{\"@id\":\"https:\/\/www.miomiorun.com\/fr\/#organization\"},\"potentialAction\":[{\"@type\":\"SearchAction\",\"target\":{\"@type\":\"EntryPoint\",\"urlTemplate\":\"https:\/\/www.miomiorun.com\/fr\/?s={search_term_string}\"},\"query-input\":{\"@type\":\"PropertyValueSpecification\",\"valueRequired\":true,\"valueName\":\"search_term_string\"}}],\"inLanguage\":\"fr-FR\"},{\"@type\":\"Organization\",\"@id\":\"https:\/\/www.miomiorun.com\/fr\/#organization\",\"name\":\"MioMio Run\",\"url\":\"https:\/\/www.miomiorun.com\/fr\/\",\"logo\":{\"@type\":\"ImageObject\",\"inLanguage\":\"fr-FR\",\"@id\":\"https:\/\/www.miomiorun.com\/fr\/#\/schema\/logo\/image\/\",\"url\":\"https:\/\/www.miomiorun.com\/app\/uploads\/2019\/12\/logomio.png\",\"contentUrl\":\"https:\/\/www.miomiorun.com\/app\/uploads\/2019\/12\/logomio.png\",\"width\":115,\"height\":82,\"caption\":\"MioMio Run\"},\"image\":{\"@id\":\"https:\/\/www.miomiorun.com\/fr\/#\/schema\/logo\/image\/\"},\"sameAs\":[\"https:\/\/www.facebook.com\/miomiorun\/\",\"https:\/\/www.instagram.com\/miomiorun\/\"]}]}<\/script>\n<!-- \/ Yoast SEO plugin. -->","yoast_head_json":{"title":"Under Armour Vanish Cold Weather \u00bd Zip femme - Sweat-shirt d\u00e9contract\u00e9- MioMioRun","description":"Le pull Vanish Cold Weather \u00bd Zip pour femme garde la peau au sec gr\u00e2ce \u00e0 une doublure douce qui retient la chaleur pendant les journ\u00e9es les plus froides.","robots":{"index":"index","follow":"follow","max-snippet":"max-snippet:-1","max-image-preview":"max-image-preview:large","max-video-preview":"max-video-preview:-1"},"canonical":"https:\/\/www.miomiorun.com\/fr\/produit\/vanish-cold-weather-%c2%bd-zip-femme\/","og_locale":"fr_FR","og_type":"article","og_title":"Under Armour Vanish Cold Weather \u00bd Zip femme - Sweat-shirt d\u00e9contract\u00e9- MioMioRun","og_description":"Le pull Vanish Cold Weather \u00bd Zip pour femme garde la peau au sec gr\u00e2ce \u00e0 une doublure douce qui retient la chaleur pendant les journ\u00e9es les plus froides.","og_url":"https:\/\/www.miomiorun.com\/fr\/produit\/vanish-cold-weather-%c2%bd-zip-femme\/","og_site_name":"MioMioRun","article_publisher":"https:\/\/www.facebook.com\/miomiorun\/","article_modified_time":"2025-12-04T17:00:56+00:00","og_image":[{"width":600,"height":600,"url":"https:\/\/www.miomiorun.com\/app\/uploads\/2024\/12\/Under-Armour-Vanish-CW-1mez-zip-W-1386417-0464.webp","type":"image\/webp"}],"twitter_card":"summary_large_image","twitter_misc":{"Est. reading time":"1 minute"},"schema":{"@context":"https:\/\/schema.org","@graph":[{"@type":"WebPage","@id":"https:\/\/www.miomiorun.com\/fr\/produit\/vanish-cold-weather-%c2%bd-zip-femme\/","url":"https:\/\/www.miomiorun.com\/fr\/produit\/vanish-cold-weather-%c2%bd-zip-femme\/","name":"Under Armour Vanish Cold Weather \u00bd Zip femme - Sweat-shirt d\u00e9contract\u00e9- MioMioRun","isPartOf":{"@id":"https:\/\/www.miomiorun.com\/fr\/#website"},"primaryImageOfPage":{"@id":"https:\/\/www.miomiorun.com\/fr\/produit\/vanish-cold-weather-%c2%bd-zip-femme\/#primaryimage"},"image":{"@id":"https:\/\/www.miomiorun.com\/fr\/produit\/vanish-cold-weather-%c2%bd-zip-femme\/#primaryimage"},"thumbnailUrl":"https:\/\/www.miomiorun.com\/app\/uploads\/2024\/12\/Under-Armour-Vanish-CW-1mez-zip-W-1386417-0464.webp","datePublished":"2024-10-23T16:56:25+00:00","dateModified":"2025-12-04T17:00:56+00:00","description":"Le pull Vanish Cold Weather \u00bd Zip pour femme garde la peau au sec gr\u00e2ce \u00e0 une doublure douce qui retient la chaleur pendant les journ\u00e9es les plus froides.","breadcrumb":{"@id":"https:\/\/www.miomiorun.com\/fr\/produit\/vanish-cold-weather-%c2%bd-zip-femme\/#breadcrumb"},"inLanguage":"fr-FR","potentialAction":[{"@type":"ReadAction","target":["https:\/\/www.miomiorun.com\/fr\/produit\/vanish-cold-weather-%c2%bd-zip-femme\/"]}]},{"@type":"ImageObject","inLanguage":"fr-FR","@id":"https:\/\/www.miomiorun.com\/fr\/produit\/vanish-cold-weather-%c2%bd-zip-femme\/#primaryimage","url":"https:\/\/www.miomiorun.com\/app\/uploads\/2024\/12\/Under-Armour-Vanish-CW-1mez-zip-W-1386417-0464.webp","contentUrl":"https:\/\/www.miomiorun.com\/app\/uploads\/2024\/12\/Under-Armour-Vanish-CW-1mez-zip-W-1386417-0464.webp","width":600,"height":600,"caption":"Under Armour Vanish CW 1mez zip W 1386417-0464"},{"@type":"BreadcrumbList","@id":"https:\/\/www.miomiorun.com\/fr\/produit\/vanish-cold-weather-%c2%bd-zip-femme\/#breadcrumb","itemListElement":[{"@type":"ListItem","position":1,"name":"Home","item":"https:\/\/www.miomiorun.com\/fr\/home-page\/"},{"@type":"ListItem","position":2,"name":"Shop","item":"https:\/\/www.miomiorun.com\/shop\/"},{"@type":"ListItem","position":3,"name":"Vanish Cold Weather \u00bd Zip femme"}]},{"@type":"WebSite","@id":"https:\/\/www.miomiorun.com\/fr\/#website","url":"https:\/\/www.miomiorun.com\/fr\/","name":"MioMioRun","description":"Boutique 100% running et trail","publisher":{"@id":"https:\/\/www.miomiorun.com\/fr\/#organization"},"potentialAction":[{"@type":"SearchAction","target":{"@type":"EntryPoint","urlTemplate":"https:\/\/www.miomiorun.com\/fr\/?s={search_term_string}"},"query-input":{"@type":"PropertyValueSpecification","valueRequired":true,"valueName":"search_term_string"}}],"inLanguage":"fr-FR"},{"@type":"Organization","@id":"https:\/\/www.miomiorun.com\/fr\/#organization","name":"MioMio Run","url":"https:\/\/www.miomiorun.com\/fr\/","logo":{"@type":"ImageObject","inLanguage":"fr-FR","@id":"https:\/\/www.miomiorun.com\/fr\/#\/schema\/logo\/image\/","url":"https:\/\/www.miomiorun.com\/app\/uploads\/2019\/12\/logomio.png","contentUrl":"https:\/\/www.miomiorun.com\/app\/uploads\/2019\/12\/logomio.png","width":115,"height":82,"caption":"MioMio Run"},"image":{"@id":"https:\/\/www.miomiorun.com\/fr\/#\/schema\/logo\/image\/"},"sameAs":["https:\/\/www.facebook.com\/miomiorun\/","https:\/\/www.instagram.com\/miomiorun\/"]}]}},"_links":{"self":[{"href":"https:\/\/www.miomiorun.com\/fr\/wp-json\/wp\/v2\/product\/296206","targetHints":{"allow":["GET"]}}],"collection":[{"href":"https:\/\/www.miomiorun.com\/fr\/wp-json\/wp\/v2\/product"}],"about":[{"href":"https:\/\/www.miomiorun.com\/fr\/wp-json\/wp\/v2\/types\/product"}],"wp:featuredmedia":[{"embeddable":true,"href":"https:\/\/www.miomiorun.com\/fr\/wp-json\/wp\/v2\/media\/250198"}],"wp:attachment":[{"href":"https:\/\/www.miomiorun.com\/fr\/wp-json\/wp\/v2\/media?parent=296206"}],"wp:term":[{"taxonomy":"product_brand","embeddable":true,"href":"https:\/\/www.miomiorun.com\/fr\/wp-json\/wp\/v2\/product_brand?post=296206"},{"taxonomy":"product_cat","embeddable":true,"href":"https:\/\/www.miomiorun.com\/fr\/wp-json\/wp\/v2\/product_cat?post=296206"},{"taxonomy":"product_tag","embeddable":true,"href":"https:\/\/www.miomiorun.com\/fr\/wp-json\/wp\/v2\/product_tag?post=296206"}],"curies":[{"name":"wp","href":"https:\/\/api.w.org\/{rel}","templated":true}]}}