{"id":296130,"date":"2024-10-24T13:07:53","date_gmt":"2024-10-24T11:07:53","guid":{"rendered":"https:\/\/miomiorun.com\/prodotto\/velociti-pro\/"},"modified":"2026-03-19T23:54:35","modified_gmt":"2026-03-19T22:54:35","slug":"velociti-pro","status":"publish","type":"product","link":"https:\/\/www.miomiorun.com\/fr\/produit\/velociti-pro\/","title":{"rendered":"Velociti Pro"},"content":{"rendered":"<div class=\"vc-row container\"><div class=\"vc-column\"><div class=\"vc-column-text\"><\/p>\n<h4>Caract\u00e9ristiques techniques<\/h4>\n<p>Cat\u00e9gorie : Amortissement r\u00e9actif<br \/>\nD\u00e9calage : 8 mm<br \/>\nPoids : 252 g<br \/>\nId\u00e9al pour : les coureurs confirm\u00e9s, recherchant \u00e0 la fois performance et confort de course, pour \u00eatre performants sur de longues distances comme le marathon, et qui recherchent une chaussure avec plaque pebax.<br \/>\nPoids de l&#8217;athl\u00e8te : 60-80 kg<br \/>\nAllure de course : rapide (&gt;4.00 min\/km)<br \/>\n<a href=\"https:\/\/miomiorun.com\/fr\/guide-des-specificites\/\">Guide de sp\u00e9cification<\/a><\/p>\n<p><\/div><div class=\"vc-column-text\"><\/p>\n<p><div style=\"width: 640px;\" class=\"wp-video\"><video class=\"wp-video-shortcode\" id=\"video-296130-1\" width=\"640\" height=\"480\" loop autoplay preload=\"auto\" controls=\"controls\"><source type=\"video\/mp4\" src=\"https:\/\/miomiorun.com\/wp-content\/uploads\/2024\/10\/under-armour-Velociti-Pro-white.mp4?_=1\" \/><a href=\"https:\/\/miomiorun.com\/wp-content\/uploads\/2024\/10\/under-armour-Velociti-Pro-white.mp4\">https:\/\/miomiorun.com\/wp-content\/uploads\/2024\/10\/under-armour-Velociti-Pro-white.mp4<\/a><\/video><\/div><\/p>\n<p><\/div><\/div><div class=\"vc-column\"><div class=\"vc-column-text\"><strong>Under Armour Velociti Pro &#8211; Performance sans compromis<\/strong><br \/>\nLib\u00e9rez tout votre potentiel avec les <strong>Under Armour Velociti Pro<\/strong>, les chaussures con\u00e7ues pour les athl\u00e8tes recherchant vitesse, confort et pr\u00e9cision. Id\u00e9ales pour les coureurs exp\u00e9riment\u00e9s, ces chaussures associent une construction l\u00e9g\u00e8re \u00e0 des technologies avanc\u00e9es pour garantir des performances exceptionnelles.<\/p>\n<p><strong>Caract\u00e9ristiques principales :<\/strong><\/p>\n<ul>\n<li><strong>Amortissement UA HOVR\u2122<\/strong>: Assure un retour d&#8217;\u00e9nergie sup\u00e9rieur et r\u00e9duit l&#8217;impact pendant la course.<\/li>\n<li><strong>Tige l\u00e9g\u00e8re et respirante<\/strong>: Assure un confort optimal m\u00eame lors des s\u00e9ances les plus intenses.<\/li>\n<li><strong>Technologie Pebax\u00ae Plate<\/strong>: Offre une stabilit\u00e9 et une pouss\u00e9e r\u00e9active pour maximiser la vitesse.<\/li>\n<li><strong>Semelle ext\u00e9rieure en caoutchouc \u00e0 haute adh\u00e9rence<\/strong>: Parfaite pour affronter toutes les surfaces, avec une durabilit\u00e9 exceptionnelle.<\/li>\n<li><strong>Connexion MapMyRun\u2122<\/strong>: suivez votre progression et analysez vos performances gr\u00e2ce \u00e0 cette technologie int\u00e9gr\u00e9e.<\/li>\n<\/ul>\n<p><strong>Pour qui ?<\/strong><br \/>\nLes Under Armour Velociti Pro sont le choix id\u00e9al pour les coureurs ambitieux qui veulent am\u00e9liorer leurs temps et atteindre de nouveaux sommets, gr\u00e2ce \u00e0 l&#8217;\u00e9quilibre parfait entre l\u00e9g\u00e8ret\u00e9, r\u00e9activit\u00e9 et soutien.<\/div><\/div><\/div>\n","protected":false},"excerpt":{"rendered":"<ul>\n<li>Chaussure de marathon et d&#8217;entra\u00eenement rapide et l\u00e9g\u00e8re<\/li>\n<li>Avec plaque Pebax<\/li>\n<\/ul>\n","protected":false},"featured_media":250058,"template":"","meta":{"_acf_changed":false,"inline_featured_image":false},"product_brand":[],"product_cat":[22605,24448,24447,22606],"product_tag":[23530,23575,23574],"class_list":{"0":"post-296130","1":"product","2":"type-product","3":"status-publish","4":"has-post-thumbnail","6":"product_cat-chaussures-pour-femmes","7":"product_cat-chaussures-pour-hommes-fr","8":"product_cat-neutre-fr-3","9":"product_cat-neutre","10":"product_tag-under-armour-fr","11":"product_tag-under-armour-femme","12":"product_tag-under-armour-homme","13":"pa_attivita-running-fr","14":"pa_colore-velociti-pro-black-castlerock-fr","15":"pa_colore-velociti-pro-m-morph-green","16":"pa_colore-velociti-pro-w-fr","17":"pa_colore-velociti-pro-w-white-distant-gray-fr","18":"pa_colore-velociti-pro-white-hydro-green-black-fr","19":"pa_colore-velociti-pro-white-hyper-green-metallic","20":"pa_marca-under-armour-fr","21":"pa_sesso-femme","22":"pa_sesso-homme","23":"pa_size-38-fr","24":"pa_size-38-5-fr","25":"pa_size-39-fr","26":"pa_size-40-fr","27":"pa_size-40-5-fr","28":"pa_size-41-fr","29":"pa_size-42-fr","30":"pa_size-42-5-fr","31":"pa_size-44-fr","32":"pa_size-45-fr","33":"pa_size-45-5-fr","35":"first","36":"instock","37":"sale","38":"taxable","39":"shipping-taxable","40":"purchasable","41":"product-type-variable","42":"wvs-archive-product-wrapper"},"acf":[],"yoast_head":"<!-- This site is optimized with the Yoast SEO plugin v26.8 - https:\/\/yoast.com\/product\/yoast-seo-wordpress\/ -->\n<title>Under Armour Velociti Pro - chaussures de course - MioMioRun<\/title>\n<meta name=\"description\" content=\"D\u00e9couvrez les Under Armour Velociti Pro : des chaussures de course l\u00e9g\u00e8res et r\u00e9actives dot\u00e9es d&#039;une technologie avanc\u00e9e pour des performances sup\u00e9rieures, pour les coureurs les plus exigeants !\" \/>\n<meta name=\"robots\" content=\"index, follow, max-snippet:-1, max-image-preview:large, max-video-preview:-1\" \/>\n<link rel=\"canonical\" href=\"https:\/\/www.miomiorun.com\/fr\/produit\/velociti-pro\/\" \/>\n<meta property=\"og:locale\" content=\"fr_FR\" \/>\n<meta property=\"og:type\" content=\"article\" \/>\n<meta property=\"og:title\" content=\"Under Armour Velociti Pro - chaussures de course - MioMioRun\" \/>\n<meta property=\"og:description\" content=\"D\u00e9couvrez les Under Armour Velociti Pro : des chaussures de course l\u00e9g\u00e8res et r\u00e9actives dot\u00e9es d&#039;une technologie avanc\u00e9e pour des performances sup\u00e9rieures, pour les coureurs les plus exigeants !\" \/>\n<meta property=\"og:url\" content=\"https:\/\/www.miomiorun.com\/fr\/produit\/velociti-pro\/\" \/>\n<meta property=\"og:site_name\" content=\"MioMioRun\" \/>\n<meta property=\"article:publisher\" content=\"https:\/\/www.facebook.com\/miomiorun\/\" \/>\n<meta property=\"article:modified_time\" content=\"2026-03-19T22:54:35+00:00\" \/>\n<meta property=\"og:image\" content=\"https:\/\/www.miomiorun.com\/app\/uploads\/2024\/11\/under-armour-Velociti-Pro-M-morph-green-3027560-0300.webp\" \/>\n\t<meta property=\"og:image:width\" content=\"600\" \/>\n\t<meta property=\"og:image:height\" content=\"600\" \/>\n\t<meta property=\"og:image:type\" content=\"image\/webp\" \/>\n<meta name=\"twitter:card\" content=\"summary_large_image\" \/>\n<meta name=\"twitter:label1\" content=\"Est. reading time\" \/>\n\t<meta name=\"twitter:data1\" content=\"2 minutes\" \/>\n<script type=\"application\/ld+json\" class=\"yoast-schema-graph\">{\"@context\":\"https:\/\/schema.org\",\"@graph\":[{\"@type\":\"WebPage\",\"@id\":\"https:\/\/www.miomiorun.com\/fr\/produit\/velociti-pro\/\",\"url\":\"https:\/\/www.miomiorun.com\/fr\/produit\/velociti-pro\/\",\"name\":\"Under Armour Velociti Pro - chaussures de course - MioMioRun\",\"isPartOf\":{\"@id\":\"https:\/\/www.miomiorun.com\/fr\/#website\"},\"primaryImageOfPage\":{\"@id\":\"https:\/\/www.miomiorun.com\/fr\/produit\/velociti-pro\/#primaryimage\"},\"image\":{\"@id\":\"https:\/\/www.miomiorun.com\/fr\/produit\/velociti-pro\/#primaryimage\"},\"thumbnailUrl\":\"https:\/\/www.miomiorun.com\/app\/uploads\/2024\/11\/under-armour-Velociti-Pro-M-morph-green-3027560-0300.webp\",\"datePublished\":\"2024-10-24T11:07:53+00:00\",\"dateModified\":\"2026-03-19T22:54:35+00:00\",\"description\":\"D\u00e9couvrez les Under Armour Velociti Pro : des chaussures de course l\u00e9g\u00e8res et r\u00e9actives dot\u00e9es d'une technologie avanc\u00e9e pour des performances sup\u00e9rieures, pour les coureurs les plus exigeants !\",\"breadcrumb\":{\"@id\":\"https:\/\/www.miomiorun.com\/fr\/produit\/velociti-pro\/#breadcrumb\"},\"inLanguage\":\"fr-FR\",\"potentialAction\":[{\"@type\":\"ReadAction\",\"target\":[\"https:\/\/www.miomiorun.com\/fr\/produit\/velociti-pro\/\"]}]},{\"@type\":\"ImageObject\",\"inLanguage\":\"fr-FR\",\"@id\":\"https:\/\/www.miomiorun.com\/fr\/produit\/velociti-pro\/#primaryimage\",\"url\":\"https:\/\/www.miomiorun.com\/app\/uploads\/2024\/11\/under-armour-Velociti-Pro-M-morph-green-3027560-0300.webp\",\"contentUrl\":\"https:\/\/www.miomiorun.com\/app\/uploads\/2024\/11\/under-armour-Velociti-Pro-M-morph-green-3027560-0300.webp\",\"width\":600,\"height\":600,\"caption\":\"under armour Velociti Pro M morph green 3027560 0300\"},{\"@type\":\"BreadcrumbList\",\"@id\":\"https:\/\/www.miomiorun.com\/fr\/produit\/velociti-pro\/#breadcrumb\",\"itemListElement\":[{\"@type\":\"ListItem\",\"position\":1,\"name\":\"Home\",\"item\":\"https:\/\/www.miomiorun.com\/fr\/home-page\/\"},{\"@type\":\"ListItem\",\"position\":2,\"name\":\"Shop\",\"item\":\"https:\/\/www.miomiorun.com\/shop\/\"},{\"@type\":\"ListItem\",\"position\":3,\"name\":\"Velociti Pro\"}]},{\"@type\":\"WebSite\",\"@id\":\"https:\/\/www.miomiorun.com\/fr\/#website\",\"url\":\"https:\/\/www.miomiorun.com\/fr\/\",\"name\":\"MioMioRun\",\"description\":\"Boutique 100% running et trail\",\"publisher\":{\"@id\":\"https:\/\/www.miomiorun.com\/fr\/#organization\"},\"potentialAction\":[{\"@type\":\"SearchAction\",\"target\":{\"@type\":\"EntryPoint\",\"urlTemplate\":\"https:\/\/www.miomiorun.com\/fr\/?s={search_term_string}\"},\"query-input\":{\"@type\":\"PropertyValueSpecification\",\"valueRequired\":true,\"valueName\":\"search_term_string\"}}],\"inLanguage\":\"fr-FR\"},{\"@type\":\"Organization\",\"@id\":\"https:\/\/www.miomiorun.com\/fr\/#organization\",\"name\":\"MioMio Run\",\"url\":\"https:\/\/www.miomiorun.com\/fr\/\",\"logo\":{\"@type\":\"ImageObject\",\"inLanguage\":\"fr-FR\",\"@id\":\"https:\/\/www.miomiorun.com\/fr\/#\/schema\/logo\/image\/\",\"url\":\"https:\/\/www.miomiorun.com\/app\/uploads\/2019\/12\/logomio.png\",\"contentUrl\":\"https:\/\/www.miomiorun.com\/app\/uploads\/2019\/12\/logomio.png\",\"width\":115,\"height\":82,\"caption\":\"MioMio Run\"},\"image\":{\"@id\":\"https:\/\/www.miomiorun.com\/fr\/#\/schema\/logo\/image\/\"},\"sameAs\":[\"https:\/\/www.facebook.com\/miomiorun\/\",\"https:\/\/www.instagram.com\/miomiorun\/\"]}]}<\/script>\n<!-- \/ Yoast SEO plugin. -->","yoast_head_json":{"title":"Under Armour Velociti Pro - chaussures de course - MioMioRun","description":"D\u00e9couvrez les Under Armour Velociti Pro : des chaussures de course l\u00e9g\u00e8res et r\u00e9actives dot\u00e9es d'une technologie avanc\u00e9e pour des performances sup\u00e9rieures, pour les coureurs les plus exigeants !","robots":{"index":"index","follow":"follow","max-snippet":"max-snippet:-1","max-image-preview":"max-image-preview:large","max-video-preview":"max-video-preview:-1"},"canonical":"https:\/\/www.miomiorun.com\/fr\/produit\/velociti-pro\/","og_locale":"fr_FR","og_type":"article","og_title":"Under Armour Velociti Pro - chaussures de course - MioMioRun","og_description":"D\u00e9couvrez les Under Armour Velociti Pro : des chaussures de course l\u00e9g\u00e8res et r\u00e9actives dot\u00e9es d'une technologie avanc\u00e9e pour des performances sup\u00e9rieures, pour les coureurs les plus exigeants !","og_url":"https:\/\/www.miomiorun.com\/fr\/produit\/velociti-pro\/","og_site_name":"MioMioRun","article_publisher":"https:\/\/www.facebook.com\/miomiorun\/","article_modified_time":"2026-03-19T22:54:35+00:00","og_image":[{"width":600,"height":600,"url":"https:\/\/www.miomiorun.com\/app\/uploads\/2024\/11\/under-armour-Velociti-Pro-M-morph-green-3027560-0300.webp","type":"image\/webp"}],"twitter_card":"summary_large_image","twitter_misc":{"Est. reading time":"2 minutes"},"schema":{"@context":"https:\/\/schema.org","@graph":[{"@type":"WebPage","@id":"https:\/\/www.miomiorun.com\/fr\/produit\/velociti-pro\/","url":"https:\/\/www.miomiorun.com\/fr\/produit\/velociti-pro\/","name":"Under Armour Velociti Pro - chaussures de course - MioMioRun","isPartOf":{"@id":"https:\/\/www.miomiorun.com\/fr\/#website"},"primaryImageOfPage":{"@id":"https:\/\/www.miomiorun.com\/fr\/produit\/velociti-pro\/#primaryimage"},"image":{"@id":"https:\/\/www.miomiorun.com\/fr\/produit\/velociti-pro\/#primaryimage"},"thumbnailUrl":"https:\/\/www.miomiorun.com\/app\/uploads\/2024\/11\/under-armour-Velociti-Pro-M-morph-green-3027560-0300.webp","datePublished":"2024-10-24T11:07:53+00:00","dateModified":"2026-03-19T22:54:35+00:00","description":"D\u00e9couvrez les Under Armour Velociti Pro : des chaussures de course l\u00e9g\u00e8res et r\u00e9actives dot\u00e9es d'une technologie avanc\u00e9e pour des performances sup\u00e9rieures, pour les coureurs les plus exigeants !","breadcrumb":{"@id":"https:\/\/www.miomiorun.com\/fr\/produit\/velociti-pro\/#breadcrumb"},"inLanguage":"fr-FR","potentialAction":[{"@type":"ReadAction","target":["https:\/\/www.miomiorun.com\/fr\/produit\/velociti-pro\/"]}]},{"@type":"ImageObject","inLanguage":"fr-FR","@id":"https:\/\/www.miomiorun.com\/fr\/produit\/velociti-pro\/#primaryimage","url":"https:\/\/www.miomiorun.com\/app\/uploads\/2024\/11\/under-armour-Velociti-Pro-M-morph-green-3027560-0300.webp","contentUrl":"https:\/\/www.miomiorun.com\/app\/uploads\/2024\/11\/under-armour-Velociti-Pro-M-morph-green-3027560-0300.webp","width":600,"height":600,"caption":"under armour Velociti Pro M morph green 3027560 0300"},{"@type":"BreadcrumbList","@id":"https:\/\/www.miomiorun.com\/fr\/produit\/velociti-pro\/#breadcrumb","itemListElement":[{"@type":"ListItem","position":1,"name":"Home","item":"https:\/\/www.miomiorun.com\/fr\/home-page\/"},{"@type":"ListItem","position":2,"name":"Shop","item":"https:\/\/www.miomiorun.com\/shop\/"},{"@type":"ListItem","position":3,"name":"Velociti Pro"}]},{"@type":"WebSite","@id":"https:\/\/www.miomiorun.com\/fr\/#website","url":"https:\/\/www.miomiorun.com\/fr\/","name":"MioMioRun","description":"Boutique 100% running et trail","publisher":{"@id":"https:\/\/www.miomiorun.com\/fr\/#organization"},"potentialAction":[{"@type":"SearchAction","target":{"@type":"EntryPoint","urlTemplate":"https:\/\/www.miomiorun.com\/fr\/?s={search_term_string}"},"query-input":{"@type":"PropertyValueSpecification","valueRequired":true,"valueName":"search_term_string"}}],"inLanguage":"fr-FR"},{"@type":"Organization","@id":"https:\/\/www.miomiorun.com\/fr\/#organization","name":"MioMio Run","url":"https:\/\/www.miomiorun.com\/fr\/","logo":{"@type":"ImageObject","inLanguage":"fr-FR","@id":"https:\/\/www.miomiorun.com\/fr\/#\/schema\/logo\/image\/","url":"https:\/\/www.miomiorun.com\/app\/uploads\/2019\/12\/logomio.png","contentUrl":"https:\/\/www.miomiorun.com\/app\/uploads\/2019\/12\/logomio.png","width":115,"height":82,"caption":"MioMio Run"},"image":{"@id":"https:\/\/www.miomiorun.com\/fr\/#\/schema\/logo\/image\/"},"sameAs":["https:\/\/www.facebook.com\/miomiorun\/","https:\/\/www.instagram.com\/miomiorun\/"]}]}},"_links":{"self":[{"href":"https:\/\/www.miomiorun.com\/fr\/wp-json\/wp\/v2\/product\/296130","targetHints":{"allow":["GET"]}}],"collection":[{"href":"https:\/\/www.miomiorun.com\/fr\/wp-json\/wp\/v2\/product"}],"about":[{"href":"https:\/\/www.miomiorun.com\/fr\/wp-json\/wp\/v2\/types\/product"}],"wp:featuredmedia":[{"embeddable":true,"href":"https:\/\/www.miomiorun.com\/fr\/wp-json\/wp\/v2\/media\/250058"}],"wp:attachment":[{"href":"https:\/\/www.miomiorun.com\/fr\/wp-json\/wp\/v2\/media?parent=296130"}],"wp:term":[{"taxonomy":"product_brand","embeddable":true,"href":"https:\/\/www.miomiorun.com\/fr\/wp-json\/wp\/v2\/product_brand?post=296130"},{"taxonomy":"product_cat","embeddable":true,"href":"https:\/\/www.miomiorun.com\/fr\/wp-json\/wp\/v2\/product_cat?post=296130"},{"taxonomy":"product_tag","embeddable":true,"href":"https:\/\/www.miomiorun.com\/fr\/wp-json\/wp\/v2\/product_tag?post=296130"}],"curies":[{"name":"wp","href":"https:\/\/api.w.org\/{rel}","templated":true}]}}