{"id":295859,"date":"2024-10-08T14:19:30","date_gmt":"2024-10-08T12:19:30","guid":{"rendered":"https:\/\/miomiorun.com\/prodotto\/core-gain-thermal-midlayer-uomo\/"},"modified":"2025-05-28T17:00:53","modified_gmt":"2025-05-28T15:00:53","slug":"core-gain-thermal-midlayer-homme","status":"publish","type":"product","link":"https:\/\/www.miomiorun.com\/fr\/produit\/core-gain-thermal-midlayer-homme\/","title":{"rendered":"Core Gain Thermal Midlayer homme"},"content":{"rendered":"<p>Le <strong>CORE Gain Thermal Midlayer<\/strong> pour homme est un pull polaire chaud qui peut \u00eatre utilis\u00e9 comme couche interm\u00e9diaire par temps froid ou comme couche ext\u00e9rieure par temps plus doux. Son style d\u00e9contract\u00e9 convient aussi bien aux aventures dans l&#8217;arri\u00e8re-pays qu&#8217;\u00e0 un usage quotidien.<\/p>\n<p>Ce pull demi-zip polyvalent est fabriqu\u00e9 dans un tissu polaire thermique dot\u00e9 d&#8217;une grille hexagonale qui emprisonne efficacement l&#8217;air chaud, offrant ainsi une excellente isolation. Le quadrillage am\u00e9liore \u00e9galement la respirabilit\u00e9 en cr\u00e9ant des canaux d&#8217;\u00e9vacuation de l&#8217;humidit\u00e9 et de l&#8217;exc\u00e8s de chaleur. Cela permet d&#8217;\u00e9viter la surchauffe pendant l&#8217;activit\u00e9 physique et de rester au sec, ce qui le rend adapt\u00e9 \u00e0 diverses activit\u00e9s de plein air telles que la randonn\u00e9e, le ski ou la marche rapide.<\/p>\n<h3>Caract\u00e9ristiques :<\/h3>\n<ul>\n<li>Polaire dobby en polyester avec grille hexagonale sur le dos<\/li>\n<li>Col roul\u00e9 avec zip court en spirale<\/li>\n<li>Garage \u00e0 glissi\u00e8re pour \u00e9viter les frottements<\/li>\n<li>Bord c\u00f4te en jersey pli\u00e9 avec prise pour le pouce aux extr\u00e9mit\u00e9s des manches<\/li>\n<li>Coupe r\u00e9guli\u00e8re<\/li>\n<\/ul>\n<p id=\"tw-target-text\" class=\"tw-data-text tw-text-large XcVN5d tw-ta\" dir=\"ltr\" data-placeholder=\"Traduzione\"><span class=\"Y2IQFc\" lang=\"it\">\u00a0<\/span><\/p>\n","protected":false},"excerpt":{"rendered":"<ul>\n<li>Pull polaire \u00e0 porter en deuxi\u00e8me couche par temps froid.<\/li>\n<li>Id\u00e9al pour diverses activit\u00e9s de plein air comme la randonn\u00e9e, le ski ou la marche rapide.<\/li>\n<\/ul>\n","protected":false},"featured_media":249704,"template":"","meta":{"_acf_changed":false,"inline_featured_image":false},"product_brand":[],"product_cat":[24478,24482],"product_tag":[23554,23647],"class_list":{"0":"post-295859","1":"product","2":"type-product","3":"status-publish","4":"has-post-thumbnail","6":"product_cat-maillots-fr-2","7":"product_cat-vetements-pour-hommes-fr","8":"product_tag-craft-fr","9":"product_tag-craft-homme","10":"pa_attivita-marcher","11":"pa_attivita-running-fr","12":"pa_colore-core-gain-thermal-midlayer-m-grey-melange-fr","13":"pa_colore-core-gain-thermal-midlayer-m-orange-fr","14":"pa_colore-gain-thermal-midlayer-m-ink-blue-fr","15":"pa_marca-craft-fr","16":"pa_sesso-homme","17":"pa_size-small-fr","18":"pa_size-medium-fr","19":"pa_size-large-fr","20":"pa_size-extra-large-fr","22":"first","23":"instock","24":"sale","25":"taxable","26":"shipping-taxable","27":"purchasable","28":"product-type-variable","29":"wvs-archive-product-wrapper"},"acf":[],"yoast_head":"<!-- This site is optimized with the Yoast SEO plugin v26.8 - https:\/\/yoast.com\/product\/yoast-seo-wordpress\/ -->\n<title>Craft Core Gain Thermal Midlayer homme - Maillot de course- MioMioRun<\/title>\n<meta name=\"description\" content=\"La couche interm\u00e9diaire thermique CORE Gain pour homme est un pull en polaire chaud qui peut \u00eatre utilis\u00e9 comme couche interm\u00e9diaire dans des conditions froides.\" \/>\n<meta name=\"robots\" content=\"index, follow, max-snippet:-1, max-image-preview:large, max-video-preview:-1\" \/>\n<link rel=\"canonical\" href=\"https:\/\/www.miomiorun.com\/fr\/produit\/core-gain-thermal-midlayer-homme\/\" \/>\n<meta property=\"og:locale\" content=\"fr_FR\" \/>\n<meta property=\"og:type\" content=\"article\" \/>\n<meta property=\"og:title\" content=\"Craft Core Gain Thermal Midlayer homme - Maillot de course- MioMioRun\" \/>\n<meta property=\"og:description\" content=\"La couche interm\u00e9diaire thermique CORE Gain pour homme est un pull en polaire chaud qui peut \u00eatre utilis\u00e9 comme couche interm\u00e9diaire dans des conditions froides.\" \/>\n<meta property=\"og:url\" content=\"https:\/\/www.miomiorun.com\/fr\/produit\/core-gain-thermal-midlayer-homme\/\" \/>\n<meta property=\"og:site_name\" content=\"MioMioRun\" \/>\n<meta property=\"article:publisher\" content=\"https:\/\/www.facebook.com\/miomiorun\/\" \/>\n<meta property=\"article:modified_time\" content=\"2025-05-28T15:00:53+00:00\" \/>\n<meta property=\"og:image\" content=\"https:\/\/www.miomiorun.com\/app\/uploads\/2024\/10\/craft-Core-Gain-thermal-midlayer-M-orange-1915248-558000.webp\" \/>\n\t<meta property=\"og:image:width\" content=\"600\" \/>\n\t<meta property=\"og:image:height\" content=\"600\" \/>\n\t<meta property=\"og:image:type\" content=\"image\/webp\" \/>\n<meta name=\"twitter:card\" content=\"summary_large_image\" \/>\n<meta name=\"twitter:label1\" content=\"Est. reading time\" \/>\n\t<meta name=\"twitter:data1\" content=\"1 minute\" \/>\n<script type=\"application\/ld+json\" class=\"yoast-schema-graph\">{\"@context\":\"https:\/\/schema.org\",\"@graph\":[{\"@type\":\"WebPage\",\"@id\":\"https:\/\/www.miomiorun.com\/fr\/produit\/core-gain-thermal-midlayer-homme\/\",\"url\":\"https:\/\/www.miomiorun.com\/fr\/produit\/core-gain-thermal-midlayer-homme\/\",\"name\":\"Craft Core Gain Thermal Midlayer homme - Maillot de course- MioMioRun\",\"isPartOf\":{\"@id\":\"https:\/\/www.miomiorun.com\/fr\/#website\"},\"primaryImageOfPage\":{\"@id\":\"https:\/\/www.miomiorun.com\/fr\/produit\/core-gain-thermal-midlayer-homme\/#primaryimage\"},\"image\":{\"@id\":\"https:\/\/www.miomiorun.com\/fr\/produit\/core-gain-thermal-midlayer-homme\/#primaryimage\"},\"thumbnailUrl\":\"https:\/\/www.miomiorun.com\/app\/uploads\/2024\/10\/craft-Core-Gain-thermal-midlayer-M-orange-1915248-558000.webp\",\"datePublished\":\"2024-10-08T12:19:30+00:00\",\"dateModified\":\"2025-05-28T15:00:53+00:00\",\"description\":\"La couche interm\u00e9diaire thermique CORE Gain pour homme est un pull en polaire chaud qui peut \u00eatre utilis\u00e9 comme couche interm\u00e9diaire dans des conditions froides.\",\"breadcrumb\":{\"@id\":\"https:\/\/www.miomiorun.com\/fr\/produit\/core-gain-thermal-midlayer-homme\/#breadcrumb\"},\"inLanguage\":\"fr-FR\",\"potentialAction\":[{\"@type\":\"ReadAction\",\"target\":[\"https:\/\/www.miomiorun.com\/fr\/produit\/core-gain-thermal-midlayer-homme\/\"]}]},{\"@type\":\"ImageObject\",\"inLanguage\":\"fr-FR\",\"@id\":\"https:\/\/www.miomiorun.com\/fr\/produit\/core-gain-thermal-midlayer-homme\/#primaryimage\",\"url\":\"https:\/\/www.miomiorun.com\/app\/uploads\/2024\/10\/craft-Core-Gain-thermal-midlayer-M-orange-1915248-558000.webp\",\"contentUrl\":\"https:\/\/www.miomiorun.com\/app\/uploads\/2024\/10\/craft-Core-Gain-thermal-midlayer-M-orange-1915248-558000.webp\",\"width\":600,\"height\":600,\"caption\":\"craft Core Gain thermal midlayer M orange 1915248-558000\"},{\"@type\":\"BreadcrumbList\",\"@id\":\"https:\/\/www.miomiorun.com\/fr\/produit\/core-gain-thermal-midlayer-homme\/#breadcrumb\",\"itemListElement\":[{\"@type\":\"ListItem\",\"position\":1,\"name\":\"Home\",\"item\":\"https:\/\/www.miomiorun.com\/fr\/home-page\/\"},{\"@type\":\"ListItem\",\"position\":2,\"name\":\"Shop\",\"item\":\"https:\/\/www.miomiorun.com\/shop\/\"},{\"@type\":\"ListItem\",\"position\":3,\"name\":\"Core Gain Thermal Midlayer homme\"}]},{\"@type\":\"WebSite\",\"@id\":\"https:\/\/www.miomiorun.com\/fr\/#website\",\"url\":\"https:\/\/www.miomiorun.com\/fr\/\",\"name\":\"MioMioRun\",\"description\":\"Boutique 100% running et trail\",\"publisher\":{\"@id\":\"https:\/\/www.miomiorun.com\/fr\/#organization\"},\"potentialAction\":[{\"@type\":\"SearchAction\",\"target\":{\"@type\":\"EntryPoint\",\"urlTemplate\":\"https:\/\/www.miomiorun.com\/fr\/?s={search_term_string}\"},\"query-input\":{\"@type\":\"PropertyValueSpecification\",\"valueRequired\":true,\"valueName\":\"search_term_string\"}}],\"inLanguage\":\"fr-FR\"},{\"@type\":\"Organization\",\"@id\":\"https:\/\/www.miomiorun.com\/fr\/#organization\",\"name\":\"MioMio Run\",\"url\":\"https:\/\/www.miomiorun.com\/fr\/\",\"logo\":{\"@type\":\"ImageObject\",\"inLanguage\":\"fr-FR\",\"@id\":\"https:\/\/www.miomiorun.com\/fr\/#\/schema\/logo\/image\/\",\"url\":\"https:\/\/www.miomiorun.com\/app\/uploads\/2019\/12\/logomio.png\",\"contentUrl\":\"https:\/\/www.miomiorun.com\/app\/uploads\/2019\/12\/logomio.png\",\"width\":115,\"height\":82,\"caption\":\"MioMio Run\"},\"image\":{\"@id\":\"https:\/\/www.miomiorun.com\/fr\/#\/schema\/logo\/image\/\"},\"sameAs\":[\"https:\/\/www.facebook.com\/miomiorun\/\",\"https:\/\/www.instagram.com\/miomiorun\/\"]}]}<\/script>\n<!-- \/ Yoast SEO plugin. -->","yoast_head_json":{"title":"Craft Core Gain Thermal Midlayer homme - Maillot de course- MioMioRun","description":"La couche interm\u00e9diaire thermique CORE Gain pour homme est un pull en polaire chaud qui peut \u00eatre utilis\u00e9 comme couche interm\u00e9diaire dans des conditions froides.","robots":{"index":"index","follow":"follow","max-snippet":"max-snippet:-1","max-image-preview":"max-image-preview:large","max-video-preview":"max-video-preview:-1"},"canonical":"https:\/\/www.miomiorun.com\/fr\/produit\/core-gain-thermal-midlayer-homme\/","og_locale":"fr_FR","og_type":"article","og_title":"Craft Core Gain Thermal Midlayer homme - Maillot de course- MioMioRun","og_description":"La couche interm\u00e9diaire thermique CORE Gain pour homme est un pull en polaire chaud qui peut \u00eatre utilis\u00e9 comme couche interm\u00e9diaire dans des conditions froides.","og_url":"https:\/\/www.miomiorun.com\/fr\/produit\/core-gain-thermal-midlayer-homme\/","og_site_name":"MioMioRun","article_publisher":"https:\/\/www.facebook.com\/miomiorun\/","article_modified_time":"2025-05-28T15:00:53+00:00","og_image":[{"width":600,"height":600,"url":"https:\/\/www.miomiorun.com\/app\/uploads\/2024\/10\/craft-Core-Gain-thermal-midlayer-M-orange-1915248-558000.webp","type":"image\/webp"}],"twitter_card":"summary_large_image","twitter_misc":{"Est. reading time":"1 minute"},"schema":{"@context":"https:\/\/schema.org","@graph":[{"@type":"WebPage","@id":"https:\/\/www.miomiorun.com\/fr\/produit\/core-gain-thermal-midlayer-homme\/","url":"https:\/\/www.miomiorun.com\/fr\/produit\/core-gain-thermal-midlayer-homme\/","name":"Craft Core Gain Thermal Midlayer homme - Maillot de course- MioMioRun","isPartOf":{"@id":"https:\/\/www.miomiorun.com\/fr\/#website"},"primaryImageOfPage":{"@id":"https:\/\/www.miomiorun.com\/fr\/produit\/core-gain-thermal-midlayer-homme\/#primaryimage"},"image":{"@id":"https:\/\/www.miomiorun.com\/fr\/produit\/core-gain-thermal-midlayer-homme\/#primaryimage"},"thumbnailUrl":"https:\/\/www.miomiorun.com\/app\/uploads\/2024\/10\/craft-Core-Gain-thermal-midlayer-M-orange-1915248-558000.webp","datePublished":"2024-10-08T12:19:30+00:00","dateModified":"2025-05-28T15:00:53+00:00","description":"La couche interm\u00e9diaire thermique CORE Gain pour homme est un pull en polaire chaud qui peut \u00eatre utilis\u00e9 comme couche interm\u00e9diaire dans des conditions froides.","breadcrumb":{"@id":"https:\/\/www.miomiorun.com\/fr\/produit\/core-gain-thermal-midlayer-homme\/#breadcrumb"},"inLanguage":"fr-FR","potentialAction":[{"@type":"ReadAction","target":["https:\/\/www.miomiorun.com\/fr\/produit\/core-gain-thermal-midlayer-homme\/"]}]},{"@type":"ImageObject","inLanguage":"fr-FR","@id":"https:\/\/www.miomiorun.com\/fr\/produit\/core-gain-thermal-midlayer-homme\/#primaryimage","url":"https:\/\/www.miomiorun.com\/app\/uploads\/2024\/10\/craft-Core-Gain-thermal-midlayer-M-orange-1915248-558000.webp","contentUrl":"https:\/\/www.miomiorun.com\/app\/uploads\/2024\/10\/craft-Core-Gain-thermal-midlayer-M-orange-1915248-558000.webp","width":600,"height":600,"caption":"craft Core Gain thermal midlayer M orange 1915248-558000"},{"@type":"BreadcrumbList","@id":"https:\/\/www.miomiorun.com\/fr\/produit\/core-gain-thermal-midlayer-homme\/#breadcrumb","itemListElement":[{"@type":"ListItem","position":1,"name":"Home","item":"https:\/\/www.miomiorun.com\/fr\/home-page\/"},{"@type":"ListItem","position":2,"name":"Shop","item":"https:\/\/www.miomiorun.com\/shop\/"},{"@type":"ListItem","position":3,"name":"Core Gain Thermal Midlayer homme"}]},{"@type":"WebSite","@id":"https:\/\/www.miomiorun.com\/fr\/#website","url":"https:\/\/www.miomiorun.com\/fr\/","name":"MioMioRun","description":"Boutique 100% running et trail","publisher":{"@id":"https:\/\/www.miomiorun.com\/fr\/#organization"},"potentialAction":[{"@type":"SearchAction","target":{"@type":"EntryPoint","urlTemplate":"https:\/\/www.miomiorun.com\/fr\/?s={search_term_string}"},"query-input":{"@type":"PropertyValueSpecification","valueRequired":true,"valueName":"search_term_string"}}],"inLanguage":"fr-FR"},{"@type":"Organization","@id":"https:\/\/www.miomiorun.com\/fr\/#organization","name":"MioMio Run","url":"https:\/\/www.miomiorun.com\/fr\/","logo":{"@type":"ImageObject","inLanguage":"fr-FR","@id":"https:\/\/www.miomiorun.com\/fr\/#\/schema\/logo\/image\/","url":"https:\/\/www.miomiorun.com\/app\/uploads\/2019\/12\/logomio.png","contentUrl":"https:\/\/www.miomiorun.com\/app\/uploads\/2019\/12\/logomio.png","width":115,"height":82,"caption":"MioMio Run"},"image":{"@id":"https:\/\/www.miomiorun.com\/fr\/#\/schema\/logo\/image\/"},"sameAs":["https:\/\/www.facebook.com\/miomiorun\/","https:\/\/www.instagram.com\/miomiorun\/"]}]}},"_links":{"self":[{"href":"https:\/\/www.miomiorun.com\/fr\/wp-json\/wp\/v2\/product\/295859","targetHints":{"allow":["GET"]}}],"collection":[{"href":"https:\/\/www.miomiorun.com\/fr\/wp-json\/wp\/v2\/product"}],"about":[{"href":"https:\/\/www.miomiorun.com\/fr\/wp-json\/wp\/v2\/types\/product"}],"wp:featuredmedia":[{"embeddable":true,"href":"https:\/\/www.miomiorun.com\/fr\/wp-json\/wp\/v2\/media\/249704"}],"wp:attachment":[{"href":"https:\/\/www.miomiorun.com\/fr\/wp-json\/wp\/v2\/media?parent=295859"}],"wp:term":[{"taxonomy":"product_brand","embeddable":true,"href":"https:\/\/www.miomiorun.com\/fr\/wp-json\/wp\/v2\/product_brand?post=295859"},{"taxonomy":"product_cat","embeddable":true,"href":"https:\/\/www.miomiorun.com\/fr\/wp-json\/wp\/v2\/product_cat?post=295859"},{"taxonomy":"product_tag","embeddable":true,"href":"https:\/\/www.miomiorun.com\/fr\/wp-json\/wp\/v2\/product_tag?post=295859"}],"curies":[{"name":"wp","href":"https:\/\/api.w.org\/{rel}","templated":true}]}}