{"id":295852,"date":"2024-10-04T17:13:28","date_gmt":"2024-10-04T15:13:28","guid":{"rendered":"https:\/\/miomiorun.com\/prodotto\/thundercross-gtx-uomo\/"},"modified":"2026-05-08T22:19:06","modified_gmt":"2026-05-08T20:19:06","slug":"thundercross-gtx-homme","status":"publish","type":"product","link":"https:\/\/www.miomiorun.com\/fr\/produit\/thundercross-gtx-homme\/","title":{"rendered":"Thundercross GTX homme"},"content":{"rendered":"<div class=\"vc-row container\"><div class=\"vc-column\"><div class=\"vc-column-text\"><\/p>\n<p><strong>Caract\u00e9ristiques techniques<\/strong><\/p>\n<p>Cat\u00e9gorie : amorti sup\u00e9rieur<br \/>\nD\u00e9calage : 4 mm<br \/>\nPoids : 300 g<br \/>\nId\u00e9al pour : les coureurs de trail et les randonneurs en montagne, \u00e0 la recherche d&#8217;un mod\u00e8le l\u00e9ger, bien amorti et protecteur, capable de transmettre un maximum de confort m\u00eame sur de longues distances et de prot\u00e9ger le pied des intemp\u00e9ries gr\u00e2ce \u00e0 la membrane Gore-Tex.<br \/>\nPoids de l&#8217;athl\u00e8te : 60-70 kg<br \/>\nAllure de course : moyennement rapide (4,30-6,00 min\/km)<br \/>\n<a href=\"https:\/\/miomiorun.com\/fr\/guide-des-specificites\/\">Guide des caract\u00e9ristiques techniques<\/a><\/p>\n<p><\/div><\/div><div class=\"vc-column\"><div class=\"vc-column-text\"><\/p>\n<div class=\"description-whatsnew\">\n<p>Con\u00e7ue pour des foul\u00e9es dynamiques et amorties, la<strong> Thundercross GORE-TEX<\/strong> pour hommes est une chaussure de trail imperm\u00e9able avec une adh\u00e9rence et une prise en main sup\u00e9rieures. Dot\u00e9e de crampons agressifs de 5 mm, elle est pr\u00eate \u00e0 affronter tous les terrains, qu&#8217;ils soient tra\u00eetres, techniques ou carr\u00e9ment bossel\u00e9s. D\u00e9velopp\u00e9e dans les Alpes fran\u00e7aises, elle a \u00e9t\u00e9 test\u00e9e sur tous les types de terrain, des mont\u00e9es aux descentes, en passant par les pentes rocailleuses et les sentiers \u00e9troits.<\/p>\n<h3>Caract\u00e9ristiques et composition<\/h3>\n<div class=\"pdp-gap-m\">\n<p class=\"pdp-sidebar-popin-details_subtitle\">SEMELLE<\/p>\n<ul>\n<li><b>Crampons Chevron<\/b>: Crampons profonds avec adh\u00e9rence multidirectionnelle pour une meilleure traction sur les surfaces molles telles que la boue ou les sols meubles.<\/li>\n<li>All <b>Terrain<\/b> Contagrip\u00ae : Notre semelle All Terrain Contagrip\u00ae convient \u00e0 une grande vari\u00e9t\u00e9 de surfaces. Elle garantit la durabilit\u00e9 et la s\u00e9curit\u00e9 sur les surfaces humides, s\u00e8ches, dures ou molles.<\/li>\n<\/ul>\n<\/div>\n<div class=\"pdp-gap-m\">\n<p class=\"pdp-sidebar-popin-details_subtitle\">SEMELLE<\/p>\n<p><b>Energy Foam<\/b>: Mousse EVA l\u00e9g\u00e8re et amortissante pour ceux qui recherchent des performances \u00e9lev\u00e9es.<\/p>\n<\/div>\n<div class=\"pdp-gap-m\">\n<p class=\"pdp-sidebar-popin-details_subtitle\">MAT\u00c9RIAU DE LA TIGE<\/p>\n<p>Maille <b>anti-d\u00e9bris<\/b>: Maille ajust\u00e9e qui emp\u00eache les d\u00e9bris d&#8217;\u00eatre pi\u00e9g\u00e9s entre le pied et l&#8217;assise plantaire.<\/p>\n<\/div>\n<div class=\"pdp-gap-m\">\n<p class=\"pdp-sidebar-popin-details_subtitle\">SYST\u00c8ME DE LA\u00c7AGE<\/p>\n<p><b>quickLACE\u2122<\/b>: lacet fin et solide pour un la\u00e7age en une seule fois. Simplifie la mise en place et le retrait de la chaussure.<\/p>\n<\/div>\n<div class=\"pdp-gap-m\">\n<p class=\"pdp-sidebar-popin-details_subtitle\">MEMBRANE<\/p>\n<p><b>GORE-TEX\u00ae<\/b>: GORE-TEX\u00ae garde les pieds au sec, \u00e0 l&#8217;int\u00e9rieur comme \u00e0 l&#8217;ext\u00e9rieur.<\/p>\n<\/div>\n<div class=\"pdp-gap-m\">\n<p class=\"pdp-sidebar-popin-details_subtitle\">DURABILIT\u00c9<\/p>\n<p>Mat\u00e9riaux <b>recycl\u00e9s<\/b>: Mat\u00e9riaux obtenus \u00e0 partir de produits recycl\u00e9s tels que des bouteilles en PET ou des d\u00e9chets de mat\u00e9riaux.<\/p>\n<h2><\/h2>\n<h2 style=\"text-align: center;\">Performance en course \u00e0 pied<\/h2>\n<p>Chaussure construite sur une semelle interm\u00e9diaire sprintante et confortable qui offre du mordant et de l&#8217;explosivit\u00e9 au sprint tout en amortissant les atterrissages pour une foul\u00e9e fluide.<\/p>\n<h2 style=\"text-align: center;\">Adh\u00e9rence<\/h2>\n<p>Les pav\u00e9s agressifs de 5 mm de profondeur garantissent un excellent niveau d&#8217;adh\u00e9rence et de traction sur tous les types de terrains et de surfaces techniques.<\/p>\n<h2 style=\"text-align: center;\">Imperm\u00e9abilit\u00e9 et protection contre les \u00e9l\u00e9ments<\/h2>\n<p>Membrane Gore-Tex imperm\u00e9able et respirante pour des pieds secs et confortables m\u00eame dans des conditions difficiles et sur des terrains boueux.<\/p>\n<\/div>\n<p>&nbsp;<\/p>\n<\/div>\n<p><\/div><\/div><\/div>\n","protected":false},"excerpt":{"rendered":"<ul>\n<li>Chaussure id\u00e9ale pour le trail et la randonn\u00e9e.<\/li>\n<li>Id\u00e9ale pour les itin\u00e9raires techniques.<\/li>\n<li>Tige Gore-Tex imperm\u00e9able.<\/li>\n<\/ul>\n","protected":false},"featured_media":249552,"template":"","meta":{"_acf_changed":false,"inline_featured_image":false},"product_brand":[],"product_cat":[24448,24445],"product_tag":[23581,23580],"class_list":{"0":"post-295852","1":"product","2":"type-product","3":"status-publish","4":"has-post-thumbnail","6":"product_cat-chaussures-pour-hommes-fr","7":"product_cat-trail-fr-3","8":"product_tag-salomon-fr","9":"product_tag-salomon-homme","10":"pa_attivita-outdoor-fr","11":"pa_attivita-trail-fr","12":"pa_colore-thundercross-gtx-turbul-black-cher-fr","13":"pa_marca-salomon-fr","14":"pa_sesso-homme","15":"pa_size-41-fr","17":"first","18":"instock","19":"sale","20":"taxable","21":"shipping-taxable","22":"purchasable","23":"product-type-variable","24":"wvs-archive-product-wrapper"},"acf":[],"yoast_head":"<!-- This site is optimized with the Yoast SEO plugin v26.8 - https:\/\/yoast.com\/product\/yoast-seo-wordpress\/ -->\n<title>SalomonThundercross GTX homme - chaussures de trail- MioMioRun.com<\/title>\n<meta name=\"description\" content=\"Con\u00e7ue pour des foul\u00e9es dynamiques et amorties, la Thundercross GORE-TEX pour hommes est une chaussure de trail imperm\u00e9able avec une adh\u00e9rence et une prise en main sup\u00e9rieures.\" \/>\n<meta name=\"robots\" content=\"index, follow, max-snippet:-1, max-image-preview:large, max-video-preview:-1\" \/>\n<link rel=\"canonical\" href=\"https:\/\/www.miomiorun.com\/fr\/produit\/thundercross-gtx-homme\/\" \/>\n<meta property=\"og:locale\" content=\"fr_FR\" \/>\n<meta property=\"og:type\" content=\"article\" \/>\n<meta property=\"og:title\" content=\"SalomonThundercross GTX homme - chaussures de trail- MioMioRun.com\" \/>\n<meta property=\"og:description\" content=\"Con\u00e7ue pour des foul\u00e9es dynamiques et amorties, la Thundercross GORE-TEX pour hommes est une chaussure de trail imperm\u00e9able avec une adh\u00e9rence et une prise en main sup\u00e9rieures.\" \/>\n<meta property=\"og:url\" content=\"https:\/\/www.miomiorun.com\/fr\/produit\/thundercross-gtx-homme\/\" \/>\n<meta property=\"og:site_name\" content=\"MioMioRun\" \/>\n<meta property=\"article:publisher\" content=\"https:\/\/www.facebook.com\/miomiorun\/\" \/>\n<meta property=\"article:modified_time\" content=\"2026-05-08T20:19:06+00:00\" \/>\n<meta property=\"og:image\" content=\"https:\/\/www.miomiorun.com\/app\/uploads\/2024\/10\/salomon-Thundercross-GTX-turbul-black-cher-L47684500.webp\" \/>\n\t<meta property=\"og:image:width\" content=\"600\" \/>\n\t<meta property=\"og:image:height\" content=\"600\" \/>\n\t<meta property=\"og:image:type\" content=\"image\/webp\" \/>\n<meta name=\"twitter:card\" content=\"summary_large_image\" \/>\n<meta name=\"twitter:label1\" content=\"Est. reading time\" \/>\n\t<meta name=\"twitter:data1\" content=\"2 minutes\" \/>\n<script type=\"application\/ld+json\" class=\"yoast-schema-graph\">{\"@context\":\"https:\/\/schema.org\",\"@graph\":[{\"@type\":\"WebPage\",\"@id\":\"https:\/\/www.miomiorun.com\/fr\/produit\/thundercross-gtx-homme\/\",\"url\":\"https:\/\/www.miomiorun.com\/fr\/produit\/thundercross-gtx-homme\/\",\"name\":\"SalomonThundercross GTX homme - chaussures de trail- MioMioRun.com\",\"isPartOf\":{\"@id\":\"https:\/\/www.miomiorun.com\/fr\/#website\"},\"primaryImageOfPage\":{\"@id\":\"https:\/\/www.miomiorun.com\/fr\/produit\/thundercross-gtx-homme\/#primaryimage\"},\"image\":{\"@id\":\"https:\/\/www.miomiorun.com\/fr\/produit\/thundercross-gtx-homme\/#primaryimage\"},\"thumbnailUrl\":\"https:\/\/www.miomiorun.com\/app\/uploads\/2024\/10\/salomon-Thundercross-GTX-turbul-black-cher-L47684500.webp\",\"datePublished\":\"2024-10-04T15:13:28+00:00\",\"dateModified\":\"2026-05-08T20:19:06+00:00\",\"description\":\"Con\u00e7ue pour des foul\u00e9es dynamiques et amorties, la Thundercross GORE-TEX pour hommes est une chaussure de trail imperm\u00e9able avec une adh\u00e9rence et une prise en main sup\u00e9rieures.\",\"breadcrumb\":{\"@id\":\"https:\/\/www.miomiorun.com\/fr\/produit\/thundercross-gtx-homme\/#breadcrumb\"},\"inLanguage\":\"fr-FR\",\"potentialAction\":[{\"@type\":\"ReadAction\",\"target\":[\"https:\/\/www.miomiorun.com\/fr\/produit\/thundercross-gtx-homme\/\"]}]},{\"@type\":\"ImageObject\",\"inLanguage\":\"fr-FR\",\"@id\":\"https:\/\/www.miomiorun.com\/fr\/produit\/thundercross-gtx-homme\/#primaryimage\",\"url\":\"https:\/\/www.miomiorun.com\/app\/uploads\/2024\/10\/salomon-Thundercross-GTX-turbul-black-cher-L47684500.webp\",\"contentUrl\":\"https:\/\/www.miomiorun.com\/app\/uploads\/2024\/10\/salomon-Thundercross-GTX-turbul-black-cher-L47684500.webp\",\"width\":600,\"height\":600,\"caption\":\"salomon Thundercross GTX turbul black cher L47684500\"},{\"@type\":\"BreadcrumbList\",\"@id\":\"https:\/\/www.miomiorun.com\/fr\/produit\/thundercross-gtx-homme\/#breadcrumb\",\"itemListElement\":[{\"@type\":\"ListItem\",\"position\":1,\"name\":\"Home\",\"item\":\"https:\/\/www.miomiorun.com\/fr\/home-page\/\"},{\"@type\":\"ListItem\",\"position\":2,\"name\":\"Shop\",\"item\":\"https:\/\/www.miomiorun.com\/shop\/\"},{\"@type\":\"ListItem\",\"position\":3,\"name\":\"Thundercross GTX homme\"}]},{\"@type\":\"WebSite\",\"@id\":\"https:\/\/www.miomiorun.com\/fr\/#website\",\"url\":\"https:\/\/www.miomiorun.com\/fr\/\",\"name\":\"MioMioRun\",\"description\":\"Boutique 100% running et trail\",\"publisher\":{\"@id\":\"https:\/\/www.miomiorun.com\/fr\/#organization\"},\"potentialAction\":[{\"@type\":\"SearchAction\",\"target\":{\"@type\":\"EntryPoint\",\"urlTemplate\":\"https:\/\/www.miomiorun.com\/fr\/?s={search_term_string}\"},\"query-input\":{\"@type\":\"PropertyValueSpecification\",\"valueRequired\":true,\"valueName\":\"search_term_string\"}}],\"inLanguage\":\"fr-FR\"},{\"@type\":\"Organization\",\"@id\":\"https:\/\/www.miomiorun.com\/fr\/#organization\",\"name\":\"MioMio Run\",\"url\":\"https:\/\/www.miomiorun.com\/fr\/\",\"logo\":{\"@type\":\"ImageObject\",\"inLanguage\":\"fr-FR\",\"@id\":\"https:\/\/www.miomiorun.com\/fr\/#\/schema\/logo\/image\/\",\"url\":\"https:\/\/www.miomiorun.com\/app\/uploads\/2019\/12\/logomio.png\",\"contentUrl\":\"https:\/\/www.miomiorun.com\/app\/uploads\/2019\/12\/logomio.png\",\"width\":115,\"height\":82,\"caption\":\"MioMio Run\"},\"image\":{\"@id\":\"https:\/\/www.miomiorun.com\/fr\/#\/schema\/logo\/image\/\"},\"sameAs\":[\"https:\/\/www.facebook.com\/miomiorun\/\",\"https:\/\/www.instagram.com\/miomiorun\/\"]}]}<\/script>\n<!-- \/ Yoast SEO plugin. -->","yoast_head_json":{"title":"SalomonThundercross GTX homme - chaussures de trail- MioMioRun.com","description":"Con\u00e7ue pour des foul\u00e9es dynamiques et amorties, la Thundercross GORE-TEX pour hommes est une chaussure de trail imperm\u00e9able avec une adh\u00e9rence et une prise en main sup\u00e9rieures.","robots":{"index":"index","follow":"follow","max-snippet":"max-snippet:-1","max-image-preview":"max-image-preview:large","max-video-preview":"max-video-preview:-1"},"canonical":"https:\/\/www.miomiorun.com\/fr\/produit\/thundercross-gtx-homme\/","og_locale":"fr_FR","og_type":"article","og_title":"SalomonThundercross GTX homme - chaussures de trail- MioMioRun.com","og_description":"Con\u00e7ue pour des foul\u00e9es dynamiques et amorties, la Thundercross GORE-TEX pour hommes est une chaussure de trail imperm\u00e9able avec une adh\u00e9rence et une prise en main sup\u00e9rieures.","og_url":"https:\/\/www.miomiorun.com\/fr\/produit\/thundercross-gtx-homme\/","og_site_name":"MioMioRun","article_publisher":"https:\/\/www.facebook.com\/miomiorun\/","article_modified_time":"2026-05-08T20:19:06+00:00","og_image":[{"width":600,"height":600,"url":"https:\/\/www.miomiorun.com\/app\/uploads\/2024\/10\/salomon-Thundercross-GTX-turbul-black-cher-L47684500.webp","type":"image\/webp"}],"twitter_card":"summary_large_image","twitter_misc":{"Est. reading time":"2 minutes"},"schema":{"@context":"https:\/\/schema.org","@graph":[{"@type":"WebPage","@id":"https:\/\/www.miomiorun.com\/fr\/produit\/thundercross-gtx-homme\/","url":"https:\/\/www.miomiorun.com\/fr\/produit\/thundercross-gtx-homme\/","name":"SalomonThundercross GTX homme - chaussures de trail- MioMioRun.com","isPartOf":{"@id":"https:\/\/www.miomiorun.com\/fr\/#website"},"primaryImageOfPage":{"@id":"https:\/\/www.miomiorun.com\/fr\/produit\/thundercross-gtx-homme\/#primaryimage"},"image":{"@id":"https:\/\/www.miomiorun.com\/fr\/produit\/thundercross-gtx-homme\/#primaryimage"},"thumbnailUrl":"https:\/\/www.miomiorun.com\/app\/uploads\/2024\/10\/salomon-Thundercross-GTX-turbul-black-cher-L47684500.webp","datePublished":"2024-10-04T15:13:28+00:00","dateModified":"2026-05-08T20:19:06+00:00","description":"Con\u00e7ue pour des foul\u00e9es dynamiques et amorties, la Thundercross GORE-TEX pour hommes est une chaussure de trail imperm\u00e9able avec une adh\u00e9rence et une prise en main sup\u00e9rieures.","breadcrumb":{"@id":"https:\/\/www.miomiorun.com\/fr\/produit\/thundercross-gtx-homme\/#breadcrumb"},"inLanguage":"fr-FR","potentialAction":[{"@type":"ReadAction","target":["https:\/\/www.miomiorun.com\/fr\/produit\/thundercross-gtx-homme\/"]}]},{"@type":"ImageObject","inLanguage":"fr-FR","@id":"https:\/\/www.miomiorun.com\/fr\/produit\/thundercross-gtx-homme\/#primaryimage","url":"https:\/\/www.miomiorun.com\/app\/uploads\/2024\/10\/salomon-Thundercross-GTX-turbul-black-cher-L47684500.webp","contentUrl":"https:\/\/www.miomiorun.com\/app\/uploads\/2024\/10\/salomon-Thundercross-GTX-turbul-black-cher-L47684500.webp","width":600,"height":600,"caption":"salomon Thundercross GTX turbul black cher L47684500"},{"@type":"BreadcrumbList","@id":"https:\/\/www.miomiorun.com\/fr\/produit\/thundercross-gtx-homme\/#breadcrumb","itemListElement":[{"@type":"ListItem","position":1,"name":"Home","item":"https:\/\/www.miomiorun.com\/fr\/home-page\/"},{"@type":"ListItem","position":2,"name":"Shop","item":"https:\/\/www.miomiorun.com\/shop\/"},{"@type":"ListItem","position":3,"name":"Thundercross GTX homme"}]},{"@type":"WebSite","@id":"https:\/\/www.miomiorun.com\/fr\/#website","url":"https:\/\/www.miomiorun.com\/fr\/","name":"MioMioRun","description":"Boutique 100% running et trail","publisher":{"@id":"https:\/\/www.miomiorun.com\/fr\/#organization"},"potentialAction":[{"@type":"SearchAction","target":{"@type":"EntryPoint","urlTemplate":"https:\/\/www.miomiorun.com\/fr\/?s={search_term_string}"},"query-input":{"@type":"PropertyValueSpecification","valueRequired":true,"valueName":"search_term_string"}}],"inLanguage":"fr-FR"},{"@type":"Organization","@id":"https:\/\/www.miomiorun.com\/fr\/#organization","name":"MioMio Run","url":"https:\/\/www.miomiorun.com\/fr\/","logo":{"@type":"ImageObject","inLanguage":"fr-FR","@id":"https:\/\/www.miomiorun.com\/fr\/#\/schema\/logo\/image\/","url":"https:\/\/www.miomiorun.com\/app\/uploads\/2019\/12\/logomio.png","contentUrl":"https:\/\/www.miomiorun.com\/app\/uploads\/2019\/12\/logomio.png","width":115,"height":82,"caption":"MioMio Run"},"image":{"@id":"https:\/\/www.miomiorun.com\/fr\/#\/schema\/logo\/image\/"},"sameAs":["https:\/\/www.facebook.com\/miomiorun\/","https:\/\/www.instagram.com\/miomiorun\/"]}]}},"_links":{"self":[{"href":"https:\/\/www.miomiorun.com\/fr\/wp-json\/wp\/v2\/product\/295852","targetHints":{"allow":["GET"]}}],"collection":[{"href":"https:\/\/www.miomiorun.com\/fr\/wp-json\/wp\/v2\/product"}],"about":[{"href":"https:\/\/www.miomiorun.com\/fr\/wp-json\/wp\/v2\/types\/product"}],"wp:featuredmedia":[{"embeddable":true,"href":"https:\/\/www.miomiorun.com\/fr\/wp-json\/wp\/v2\/media\/249552"}],"wp:attachment":[{"href":"https:\/\/www.miomiorun.com\/fr\/wp-json\/wp\/v2\/media?parent=295852"}],"wp:term":[{"taxonomy":"product_brand","embeddable":true,"href":"https:\/\/www.miomiorun.com\/fr\/wp-json\/wp\/v2\/product_brand?post=295852"},{"taxonomy":"product_cat","embeddable":true,"href":"https:\/\/www.miomiorun.com\/fr\/wp-json\/wp\/v2\/product_cat?post=295852"},{"taxonomy":"product_tag","embeddable":true,"href":"https:\/\/www.miomiorun.com\/fr\/wp-json\/wp\/v2\/product_tag?post=295852"}],"curies":[{"name":"wp","href":"https:\/\/api.w.org\/{rel}","templated":true}]}}