{"id":295847,"date":"2024-10-04T19:02:18","date_gmt":"2024-10-04T17:02:18","guid":{"rendered":"https:\/\/miomiorun.com\/prodotto\/xa-pro-3d-v9-gtx-uomo\/"},"modified":"2025-12-05T18:33:10","modified_gmt":"2025-12-05T17:33:10","slug":"xa-pro-3d-v9-gtx-homme","status":"publish","type":"product","link":"https:\/\/www.miomiorun.com\/fr\/produit\/xa-pro-3d-v9-gtx-homme\/","title":{"rendered":"XA Pro 3D V9 Gtx homme"},"content":{"rendered":"<div class=\"vc-row container\"><div class=\"vc-column\"><div class=\"vc-column-text\"><\/p>\n<p><strong>Caract\u00e9ristiques techniques<\/strong><\/p>\n<p>Cat\u00e9gorie : amorti mod\u00e9r\u00e9<br \/>\nD\u00e9calage : 11 mm<br \/>\nPoids : 360 g<br \/>\nId\u00e9al pour : les coureurs de trail et les randonneurs en montagne \u00e0 la recherche d&#8217;un mod\u00e8le solide, protecteur et fiable, pour les randonn\u00e9es m\u00eame longues distances sur des terrains escarp\u00e9s et difficiles.<br \/>\nPoids de l&#8217;athl\u00e8te : &gt;70 kg<br \/>\nAllure de course : lente (&gt;6,00 min\/km)<br \/>\n<a href=\"https:\/\/miomiorun.com\/fr\/guide-des-specificites\/\">Guide des sp\u00e9cifications techniques<\/a><\/p>\n<p><\/div><\/div><div class=\"vc-column\"><div class=\"vc-column-text\">Stabilit\u00e9, durabilit\u00e9 et maintien dans une chaussure de trail running polyvalente suffisamment robuste pour affronter les aventures les plus difficiles.<\/p>\n<p>La <strong>XA PRO 3D V9 GORE-TEX<\/strong> pour homme est une ic\u00f4ne parmi les ic\u00f4nes, aussi fiable que famili\u00e8re. Ultra stable et ultra robuste, elle offre d\u00e9sormais une adh\u00e9rence plus efficace et une protection durable, avec des crampons sur mesure et une membrane imperm\u00e9able.<\/p>\n<h3>Caract\u00e9ristiques et composition<\/h3>\n<div class=\"pdp-gap-m\">\n<p class=\"pdp-sidebar-popin-details_subtitle\">SEMELLE<\/p>\n<p><b>All Terrain Contagrip\u00ae<\/b> : notre semelle All Terrain Contagrip\u00ae est adapt\u00e9e \u00e0 une grande vari\u00e9t\u00e9 de surfaces. Elle garantit r\u00e9sistance et s\u00e9curit\u00e9 sur les surfaces humides, s\u00e8ches, dures ou molles.<\/p>\n<\/div>\n<div class=\"pdp-gap-m\">\n<p class=\"pdp-sidebar-popin-details_subtitle\">SEMELLE INTERM\u00c9DIAIRE<\/p>\n<p><b>EnergyCell\u2122+<\/b> : EnergyCell\u2122+ est une semelle interm\u00e9diaire \u00e0 fort rebond qui offre un excellent retour d&#8217;\u00e9nergie, un excellent amorti et une plus grande durabilit\u00e9.<\/p>\n<\/div>\n<div class=\"pdp-gap-m\">\n<p class=\"pdp-sidebar-popin-details_subtitle\">CHASSIS\u2122<\/p>\n<p><b>3D Advanced Chassis\u2122<\/b> : en plus d&#8217;optimiser le contr\u00f4le des mouvements et la gestion de l&#8217;\u00e9nergie, ce ch\u00e2ssis \u00e0 profil bas situ\u00e9 entre la semelle et la semelle interm\u00e9diaire assure une protection pour un roulement r\u00e9actif, pr\u00e9cis et stable.<\/p>\n<\/div>\n<div class=\"pdp-gap-m\">\n<p class=\"pdp-sidebar-popin-details_subtitle\">CONSTRUCTION DE LA TIGE<\/p>\n<p>Protection au niveau des orteils<\/p>\n<\/div>\n<div class=\"pdp-gap-m\">\n<p class=\"pdp-sidebar-popin-details_subtitle\">MEMBRANE<\/p>\n<p><b>GORE-TEX\u00ae<\/b> : Le GORE-TEX\u00ae garde vos pieds au sec, \u00e0 l&#8217;int\u00e9rieur comme \u00e0 l&#8217;ext\u00e9rieur.<\/p>\n<\/div>\n<div class=\"pdp-gap-m\">\n<p class=\"pdp-sidebar-popin-details_subtitle\">DURABILIT\u00c9<\/p>\n<p><b>Mat\u00e9riau recycl\u00e9<\/b> : Mat\u00e9riaux obtenus \u00e0 partir de produits recycl\u00e9s tels que des bouteilles en PET ou des d\u00e9chets de mat\u00e9riaux<\/p>\n<\/div>\n<p>&nbsp;<\/p>\n<h2 style=\"text-align: center\">Protection<\/h2>\n<p>Le renfort au niveau des orteils offre une protection robuste et rassurante pour vos pieds.<\/p>\n<h2 style=\"text-align: center\">Imperm\u00e9abilit\u00e9<\/h2>\n<p>D\u00e9velopp\u00e9e avec une membrane Gore-Tex r\u00e9sistante aux intemp\u00e9ries pour une protection maximale contre les agents atmosph\u00e9riques.<\/p>\n<div class=\"pdp-gap-m\">\n<p>&nbsp;<\/p>\n<\/div>\n<p><\/div><\/div><\/div>\n","protected":false},"excerpt":{"rendered":"<ul>\n<li>structur\u00e9e, r\u00e9sistante et protectrice<\/li>\n<li>id\u00e9ale pour la marche et la randonn\u00e9e<\/li>\n<li>excellente traction sur les terrains difficiles<\/li>\n<\/ul>\n","protected":false},"featured_media":249558,"template":"","meta":{"_acf_changed":false,"inline_featured_image":false},"product_brand":[],"product_cat":[24448,24445],"product_tag":[23581,23580],"class_list":{"0":"post-295847","1":"product","2":"type-product","3":"status-publish","4":"has-post-thumbnail","6":"product_cat-chaussures-pour-hommes-fr","7":"product_cat-trail-fr-3","8":"product_tag-salomon-fr","9":"product_tag-salomon-homme","10":"pa_attivita-outdoor-fr","11":"pa_attivita-trail-fr","12":"pa_colore-xa-pro-3d-v9-gtx-aurred-sfari-fr","13":"pa_colore-xa-pro-3d-v9-gtx-black-lime-cream-citron-fr","14":"pa_colore-xa-pro-3d-v9-gtx-lifelong-black-coyote","15":"pa_marca-salomon-fr","16":"pa_sesso-homme","17":"pa_size-42-fr","19":"pa_size-43-fr","20":"pa_size-44-fr","22":"pa_size-45-fr","23":"pa_size-46-fr","25":"pa_size-47-fr","27":"first","28":"instock","29":"sale","30":"taxable","31":"shipping-taxable","32":"purchasable","33":"product-type-variable","34":"wvs-archive-product-wrapper"},"acf":[],"yoast_head":"<!-- This site is optimized with the Yoast SEO plugin v26.8 - https:\/\/yoast.com\/product\/yoast-seo-wordpress\/ -->\n<title>Salomon XA Pro 3D V9 Gtx homme - Chaussures de trail - MioMioRun<\/title>\n<meta name=\"description\" content=\"La XA PRO 3D V9 GORE-TEX pour homme est une ic\u00f4ne parmi les ic\u00f4nes, aussi fiable que famili\u00e8re. Ultra stable et ultra robuste, elle est aujourd&#039;hui dot\u00e9e d&#039;une adh\u00e9rence efficace.\" \/>\n<meta name=\"robots\" content=\"index, follow, max-snippet:-1, max-image-preview:large, max-video-preview:-1\" \/>\n<link rel=\"canonical\" href=\"https:\/\/www.miomiorun.com\/fr\/produit\/xa-pro-3d-v9-gtx-homme\/\" \/>\n<meta property=\"og:locale\" content=\"fr_FR\" \/>\n<meta property=\"og:type\" content=\"article\" \/>\n<meta property=\"og:title\" content=\"Salomon XA Pro 3D V9 Gtx homme - Chaussures de trail - MioMioRun\" \/>\n<meta property=\"og:description\" content=\"La XA PRO 3D V9 GORE-TEX pour homme est une ic\u00f4ne parmi les ic\u00f4nes, aussi fiable que famili\u00e8re. Ultra stable et ultra robuste, elle est aujourd&#039;hui dot\u00e9e d&#039;une adh\u00e9rence efficace.\" \/>\n<meta property=\"og:url\" content=\"https:\/\/www.miomiorun.com\/fr\/produit\/xa-pro-3d-v9-gtx-homme\/\" \/>\n<meta property=\"og:site_name\" content=\"MioMioRun\" \/>\n<meta property=\"article:publisher\" content=\"https:\/\/www.facebook.com\/miomiorun\/\" \/>\n<meta property=\"article:modified_time\" content=\"2025-12-05T17:33:10+00:00\" \/>\n<meta property=\"og:image\" content=\"https:\/\/www.miomiorun.com\/app\/uploads\/2024\/10\/salomon-XA-PRO-3D-V9-GTX-aurred-sfari-L47686700.webp\" \/>\n\t<meta property=\"og:image:width\" content=\"600\" \/>\n\t<meta property=\"og:image:height\" content=\"600\" \/>\n\t<meta property=\"og:image:type\" content=\"image\/webp\" \/>\n<meta name=\"twitter:card\" content=\"summary_large_image\" \/>\n<meta name=\"twitter:label1\" content=\"Est. reading time\" \/>\n\t<meta name=\"twitter:data1\" content=\"2 minutes\" \/>\n<script type=\"application\/ld+json\" class=\"yoast-schema-graph\">{\"@context\":\"https:\/\/schema.org\",\"@graph\":[{\"@type\":\"WebPage\",\"@id\":\"https:\/\/www.miomiorun.com\/fr\/produit\/xa-pro-3d-v9-gtx-homme\/\",\"url\":\"https:\/\/www.miomiorun.com\/fr\/produit\/xa-pro-3d-v9-gtx-homme\/\",\"name\":\"Salomon XA Pro 3D V9 Gtx homme - Chaussures de trail - MioMioRun\",\"isPartOf\":{\"@id\":\"https:\/\/www.miomiorun.com\/fr\/#website\"},\"primaryImageOfPage\":{\"@id\":\"https:\/\/www.miomiorun.com\/fr\/produit\/xa-pro-3d-v9-gtx-homme\/#primaryimage\"},\"image\":{\"@id\":\"https:\/\/www.miomiorun.com\/fr\/produit\/xa-pro-3d-v9-gtx-homme\/#primaryimage\"},\"thumbnailUrl\":\"https:\/\/www.miomiorun.com\/app\/uploads\/2024\/10\/salomon-XA-PRO-3D-V9-GTX-aurred-sfari-L47686700.webp\",\"datePublished\":\"2024-10-04T17:02:18+00:00\",\"dateModified\":\"2025-12-05T17:33:10+00:00\",\"description\":\"La XA PRO 3D V9 GORE-TEX pour homme est une ic\u00f4ne parmi les ic\u00f4nes, aussi fiable que famili\u00e8re. Ultra stable et ultra robuste, elle est aujourd'hui dot\u00e9e d'une adh\u00e9rence efficace.\",\"breadcrumb\":{\"@id\":\"https:\/\/www.miomiorun.com\/fr\/produit\/xa-pro-3d-v9-gtx-homme\/#breadcrumb\"},\"inLanguage\":\"fr-FR\",\"potentialAction\":[{\"@type\":\"ReadAction\",\"target\":[\"https:\/\/www.miomiorun.com\/fr\/produit\/xa-pro-3d-v9-gtx-homme\/\"]}]},{\"@type\":\"ImageObject\",\"inLanguage\":\"fr-FR\",\"@id\":\"https:\/\/www.miomiorun.com\/fr\/produit\/xa-pro-3d-v9-gtx-homme\/#primaryimage\",\"url\":\"https:\/\/www.miomiorun.com\/app\/uploads\/2024\/10\/salomon-XA-PRO-3D-V9-GTX-aurred-sfari-L47686700.webp\",\"contentUrl\":\"https:\/\/www.miomiorun.com\/app\/uploads\/2024\/10\/salomon-XA-PRO-3D-V9-GTX-aurred-sfari-L47686700.webp\",\"width\":600,\"height\":600,\"caption\":\"salomon XA PRO 3D V9 GTX aurred sfari L47686700\"},{\"@type\":\"BreadcrumbList\",\"@id\":\"https:\/\/www.miomiorun.com\/fr\/produit\/xa-pro-3d-v9-gtx-homme\/#breadcrumb\",\"itemListElement\":[{\"@type\":\"ListItem\",\"position\":1,\"name\":\"Home\",\"item\":\"https:\/\/www.miomiorun.com\/fr\/home-page\/\"},{\"@type\":\"ListItem\",\"position\":2,\"name\":\"Shop\",\"item\":\"https:\/\/www.miomiorun.com\/shop\/\"},{\"@type\":\"ListItem\",\"position\":3,\"name\":\"XA Pro 3D V9 Gtx homme\"}]},{\"@type\":\"WebSite\",\"@id\":\"https:\/\/www.miomiorun.com\/fr\/#website\",\"url\":\"https:\/\/www.miomiorun.com\/fr\/\",\"name\":\"MioMioRun\",\"description\":\"Boutique 100% running et trail\",\"publisher\":{\"@id\":\"https:\/\/www.miomiorun.com\/fr\/#organization\"},\"potentialAction\":[{\"@type\":\"SearchAction\",\"target\":{\"@type\":\"EntryPoint\",\"urlTemplate\":\"https:\/\/www.miomiorun.com\/fr\/?s={search_term_string}\"},\"query-input\":{\"@type\":\"PropertyValueSpecification\",\"valueRequired\":true,\"valueName\":\"search_term_string\"}}],\"inLanguage\":\"fr-FR\"},{\"@type\":\"Organization\",\"@id\":\"https:\/\/www.miomiorun.com\/fr\/#organization\",\"name\":\"MioMio Run\",\"url\":\"https:\/\/www.miomiorun.com\/fr\/\",\"logo\":{\"@type\":\"ImageObject\",\"inLanguage\":\"fr-FR\",\"@id\":\"https:\/\/www.miomiorun.com\/fr\/#\/schema\/logo\/image\/\",\"url\":\"https:\/\/www.miomiorun.com\/app\/uploads\/2019\/12\/logomio.png\",\"contentUrl\":\"https:\/\/www.miomiorun.com\/app\/uploads\/2019\/12\/logomio.png\",\"width\":115,\"height\":82,\"caption\":\"MioMio Run\"},\"image\":{\"@id\":\"https:\/\/www.miomiorun.com\/fr\/#\/schema\/logo\/image\/\"},\"sameAs\":[\"https:\/\/www.facebook.com\/miomiorun\/\",\"https:\/\/www.instagram.com\/miomiorun\/\"]}]}<\/script>\n<!-- \/ Yoast SEO plugin. -->","yoast_head_json":{"title":"Salomon XA Pro 3D V9 Gtx homme - Chaussures de trail - MioMioRun","description":"La XA PRO 3D V9 GORE-TEX pour homme est une ic\u00f4ne parmi les ic\u00f4nes, aussi fiable que famili\u00e8re. Ultra stable et ultra robuste, elle est aujourd'hui dot\u00e9e d'une adh\u00e9rence efficace.","robots":{"index":"index","follow":"follow","max-snippet":"max-snippet:-1","max-image-preview":"max-image-preview:large","max-video-preview":"max-video-preview:-1"},"canonical":"https:\/\/www.miomiorun.com\/fr\/produit\/xa-pro-3d-v9-gtx-homme\/","og_locale":"fr_FR","og_type":"article","og_title":"Salomon XA Pro 3D V9 Gtx homme - Chaussures de trail - MioMioRun","og_description":"La XA PRO 3D V9 GORE-TEX pour homme est une ic\u00f4ne parmi les ic\u00f4nes, aussi fiable que famili\u00e8re. Ultra stable et ultra robuste, elle est aujourd'hui dot\u00e9e d'une adh\u00e9rence efficace.","og_url":"https:\/\/www.miomiorun.com\/fr\/produit\/xa-pro-3d-v9-gtx-homme\/","og_site_name":"MioMioRun","article_publisher":"https:\/\/www.facebook.com\/miomiorun\/","article_modified_time":"2025-12-05T17:33:10+00:00","og_image":[{"width":600,"height":600,"url":"https:\/\/www.miomiorun.com\/app\/uploads\/2024\/10\/salomon-XA-PRO-3D-V9-GTX-aurred-sfari-L47686700.webp","type":"image\/webp"}],"twitter_card":"summary_large_image","twitter_misc":{"Est. reading time":"2 minutes"},"schema":{"@context":"https:\/\/schema.org","@graph":[{"@type":"WebPage","@id":"https:\/\/www.miomiorun.com\/fr\/produit\/xa-pro-3d-v9-gtx-homme\/","url":"https:\/\/www.miomiorun.com\/fr\/produit\/xa-pro-3d-v9-gtx-homme\/","name":"Salomon XA Pro 3D V9 Gtx homme - Chaussures de trail - MioMioRun","isPartOf":{"@id":"https:\/\/www.miomiorun.com\/fr\/#website"},"primaryImageOfPage":{"@id":"https:\/\/www.miomiorun.com\/fr\/produit\/xa-pro-3d-v9-gtx-homme\/#primaryimage"},"image":{"@id":"https:\/\/www.miomiorun.com\/fr\/produit\/xa-pro-3d-v9-gtx-homme\/#primaryimage"},"thumbnailUrl":"https:\/\/www.miomiorun.com\/app\/uploads\/2024\/10\/salomon-XA-PRO-3D-V9-GTX-aurred-sfari-L47686700.webp","datePublished":"2024-10-04T17:02:18+00:00","dateModified":"2025-12-05T17:33:10+00:00","description":"La XA PRO 3D V9 GORE-TEX pour homme est une ic\u00f4ne parmi les ic\u00f4nes, aussi fiable que famili\u00e8re. Ultra stable et ultra robuste, elle est aujourd'hui dot\u00e9e d'une adh\u00e9rence efficace.","breadcrumb":{"@id":"https:\/\/www.miomiorun.com\/fr\/produit\/xa-pro-3d-v9-gtx-homme\/#breadcrumb"},"inLanguage":"fr-FR","potentialAction":[{"@type":"ReadAction","target":["https:\/\/www.miomiorun.com\/fr\/produit\/xa-pro-3d-v9-gtx-homme\/"]}]},{"@type":"ImageObject","inLanguage":"fr-FR","@id":"https:\/\/www.miomiorun.com\/fr\/produit\/xa-pro-3d-v9-gtx-homme\/#primaryimage","url":"https:\/\/www.miomiorun.com\/app\/uploads\/2024\/10\/salomon-XA-PRO-3D-V9-GTX-aurred-sfari-L47686700.webp","contentUrl":"https:\/\/www.miomiorun.com\/app\/uploads\/2024\/10\/salomon-XA-PRO-3D-V9-GTX-aurred-sfari-L47686700.webp","width":600,"height":600,"caption":"salomon XA PRO 3D V9 GTX aurred sfari L47686700"},{"@type":"BreadcrumbList","@id":"https:\/\/www.miomiorun.com\/fr\/produit\/xa-pro-3d-v9-gtx-homme\/#breadcrumb","itemListElement":[{"@type":"ListItem","position":1,"name":"Home","item":"https:\/\/www.miomiorun.com\/fr\/home-page\/"},{"@type":"ListItem","position":2,"name":"Shop","item":"https:\/\/www.miomiorun.com\/shop\/"},{"@type":"ListItem","position":3,"name":"XA Pro 3D V9 Gtx homme"}]},{"@type":"WebSite","@id":"https:\/\/www.miomiorun.com\/fr\/#website","url":"https:\/\/www.miomiorun.com\/fr\/","name":"MioMioRun","description":"Boutique 100% running et trail","publisher":{"@id":"https:\/\/www.miomiorun.com\/fr\/#organization"},"potentialAction":[{"@type":"SearchAction","target":{"@type":"EntryPoint","urlTemplate":"https:\/\/www.miomiorun.com\/fr\/?s={search_term_string}"},"query-input":{"@type":"PropertyValueSpecification","valueRequired":true,"valueName":"search_term_string"}}],"inLanguage":"fr-FR"},{"@type":"Organization","@id":"https:\/\/www.miomiorun.com\/fr\/#organization","name":"MioMio Run","url":"https:\/\/www.miomiorun.com\/fr\/","logo":{"@type":"ImageObject","inLanguage":"fr-FR","@id":"https:\/\/www.miomiorun.com\/fr\/#\/schema\/logo\/image\/","url":"https:\/\/www.miomiorun.com\/app\/uploads\/2019\/12\/logomio.png","contentUrl":"https:\/\/www.miomiorun.com\/app\/uploads\/2019\/12\/logomio.png","width":115,"height":82,"caption":"MioMio Run"},"image":{"@id":"https:\/\/www.miomiorun.com\/fr\/#\/schema\/logo\/image\/"},"sameAs":["https:\/\/www.facebook.com\/miomiorun\/","https:\/\/www.instagram.com\/miomiorun\/"]}]}},"_links":{"self":[{"href":"https:\/\/www.miomiorun.com\/fr\/wp-json\/wp\/v2\/product\/295847","targetHints":{"allow":["GET"]}}],"collection":[{"href":"https:\/\/www.miomiorun.com\/fr\/wp-json\/wp\/v2\/product"}],"about":[{"href":"https:\/\/www.miomiorun.com\/fr\/wp-json\/wp\/v2\/types\/product"}],"wp:featuredmedia":[{"embeddable":true,"href":"https:\/\/www.miomiorun.com\/fr\/wp-json\/wp\/v2\/media\/249558"}],"wp:attachment":[{"href":"https:\/\/www.miomiorun.com\/fr\/wp-json\/wp\/v2\/media?parent=295847"}],"wp:term":[{"taxonomy":"product_brand","embeddable":true,"href":"https:\/\/www.miomiorun.com\/fr\/wp-json\/wp\/v2\/product_brand?post=295847"},{"taxonomy":"product_cat","embeddable":true,"href":"https:\/\/www.miomiorun.com\/fr\/wp-json\/wp\/v2\/product_cat?post=295847"},{"taxonomy":"product_tag","embeddable":true,"href":"https:\/\/www.miomiorun.com\/fr\/wp-json\/wp\/v2\/product_tag?post=295847"}],"curies":[{"name":"wp","href":"https:\/\/api.w.org\/{rel}","templated":true}]}}