{"id":295832,"date":"2024-10-08T13:11:04","date_gmt":"2024-10-08T11:11:04","guid":{"rendered":"https:\/\/miomiorun.com\/prodotto\/soft-flask-500-ml-2\/"},"modified":"2025-05-28T12:24:01","modified_gmt":"2025-05-28T10:24:01","slug":"soft-flask-500-ml-2","status":"publish","type":"product","link":"https:\/\/www.miomiorun.com\/fr\/produit\/soft-flask-500-ml-2\/","title":{"rendered":"Soft Flask 500 ml"},"content":{"rendered":"<p>Avec son bouchon de 42 mm de large et sa valve \u00e0 haut d\u00e9bit, la <strong>SOFT FLASK<\/strong> 500ml\/17oz 42 si Salomon vous aide \u00e0 vous hydrater plus rapidement et plus facilement, afin que vous puissiez vous concentrer sur la t\u00e2che \u00e0 accomplir. Se r\u00e9tr\u00e9cissant au fur et \u00e0 mesure que vous buvez pour limiter les probl\u00e8mes de d\u00e9placement de l&#8217;eau \u00e0 l&#8217;int\u00e9rieur, cette gourde vous permet de conna\u00eetre exactement la quantit\u00e9 de liquide restante. Compatible avec toutes les casquettes Salomon dot\u00e9es d&#8217;une ouverture de 42 mm.<\/p>\n<h3>Caract\u00e9ristiques :<\/h3>\n<div class=\"pdp-gap-m\">\n<p class=\"pdp-sidebar-popin-details_subtitle\">HYDRATION<\/p>\n<ul>\n<li>Soupape \u00e0 haut d\u00e9bit<\/li>\n<li>Ouverture de 42 mm de large<\/li>\n<li>Coutures soud\u00e9es en TPU et par radiofr\u00e9quence<\/li>\n<li>Large gamme de temp\u00e9ratures d&#8217;utilisation<\/li>\n<\/ul>\n<\/div>\n<div class=\"pdp-gap-m\">\n<p class=\"pdp-sidebar-popin-details_subtitle\">DURABILIT\u00c9<\/p>\n<ul>\n<li>100% sans BPA ni PVC<\/li>\n<li>Sans PFC<\/li>\n<\/ul>\n<\/div>\n<p>&nbsp;<\/p>\n<p>&nbsp;<\/p>\n<p>&nbsp;<\/p>\n","protected":false},"excerpt":{"rendered":"<ul>\n<li>Flasque compressible de 500 ml<\/li>\n<li>id\u00e9ale pour s&#8217;hydrater pendant les trails<\/li>\n<\/ul>\n","protected":false},"featured_media":249672,"template":"","meta":{"_acf_changed":false,"inline_featured_image":false},"product_brand":[],"product_cat":[22575,22574,22538],"product_tag":[23581],"class_list":{"0":"post-295832","1":"product","2":"type-product","3":"status-publish","4":"has-post-thumbnail","6":"product_cat-flacons","7":"product_cat-hydratation","8":"product_cat-accessoires","9":"product_tag-salomon-fr","10":"pa_attivita-outdoor-fr","11":"pa_attivita-trail-fr","12":"pa_marca-salomon-fr","13":"pa_sesso-femme","14":"pa_sesso-homme","16":"first","17":"instock","18":"sale","19":"taxable","20":"shipping-taxable","21":"purchasable","22":"product-type-simple"},"acf":[],"yoast_head":"<!-- This site is optimized with the Yoast SEO plugin v26.8 - https:\/\/yoast.com\/product\/yoast-seo-wordpress\/ -->\n<title>SalomonSoft Flask 500 ml - Flasque de course- MioMioRun<\/title>\n<meta name=\"description\" content=\"SOFT FLASK 500ml\/17oz 42 si Salomon vous aide \u00e0 vous hydrater plus rapidement et plus facilement, afin que vous puissiez vous concentrer sur la route.\" \/>\n<meta name=\"robots\" content=\"index, follow, max-snippet:-1, max-image-preview:large, max-video-preview:-1\" \/>\n<link rel=\"canonical\" href=\"https:\/\/www.miomiorun.com\/fr\/produit\/soft-flask-500-ml-2\/\" \/>\n<meta property=\"og:locale\" content=\"fr_FR\" \/>\n<meta property=\"og:type\" content=\"article\" \/>\n<meta property=\"og:title\" content=\"SalomonSoft Flask 500 ml - Flasque de course- MioMioRun\" \/>\n<meta property=\"og:description\" content=\"SOFT FLASK 500ml\/17oz 42 si Salomon vous aide \u00e0 vous hydrater plus rapidement et plus facilement, afin que vous puissiez vous concentrer sur la route.\" \/>\n<meta property=\"og:url\" content=\"https:\/\/www.miomiorun.com\/fr\/produit\/soft-flask-500-ml-2\/\" \/>\n<meta property=\"og:site_name\" content=\"MioMioRun\" \/>\n<meta property=\"article:publisher\" content=\"https:\/\/www.facebook.com\/miomiorun\/\" \/>\n<meta property=\"article:modified_time\" content=\"2025-05-28T10:24:01+00:00\" \/>\n<meta property=\"og:image\" content=\"https:\/\/www.miomiorun.com\/app\/uploads\/2024\/10\/salomon-Soft-flask-500ml-clear-blue-LC1916000.webp\" \/>\n\t<meta property=\"og:image:width\" content=\"600\" \/>\n\t<meta property=\"og:image:height\" content=\"600\" \/>\n\t<meta property=\"og:image:type\" content=\"image\/webp\" \/>\n<meta name=\"twitter:card\" content=\"summary_large_image\" \/>\n<meta name=\"twitter:label1\" content=\"Est. reading time\" \/>\n\t<meta name=\"twitter:data1\" content=\"1 minute\" \/>\n<script type=\"application\/ld+json\" class=\"yoast-schema-graph\">{\"@context\":\"https:\/\/schema.org\",\"@graph\":[{\"@type\":\"WebPage\",\"@id\":\"https:\/\/www.miomiorun.com\/fr\/produit\/soft-flask-500-ml-2\/\",\"url\":\"https:\/\/www.miomiorun.com\/fr\/produit\/soft-flask-500-ml-2\/\",\"name\":\"SalomonSoft Flask 500 ml - Flasque de course- MioMioRun\",\"isPartOf\":{\"@id\":\"https:\/\/www.miomiorun.com\/fr\/#website\"},\"primaryImageOfPage\":{\"@id\":\"https:\/\/www.miomiorun.com\/fr\/produit\/soft-flask-500-ml-2\/#primaryimage\"},\"image\":{\"@id\":\"https:\/\/www.miomiorun.com\/fr\/produit\/soft-flask-500-ml-2\/#primaryimage\"},\"thumbnailUrl\":\"https:\/\/www.miomiorun.com\/app\/uploads\/2024\/10\/salomon-Soft-flask-500ml-clear-blue-LC1916000.webp\",\"datePublished\":\"2024-10-08T11:11:04+00:00\",\"dateModified\":\"2025-05-28T10:24:01+00:00\",\"description\":\"SOFT FLASK 500ml\/17oz 42 si Salomon vous aide \u00e0 vous hydrater plus rapidement et plus facilement, afin que vous puissiez vous concentrer sur la route.\",\"breadcrumb\":{\"@id\":\"https:\/\/www.miomiorun.com\/fr\/produit\/soft-flask-500-ml-2\/#breadcrumb\"},\"inLanguage\":\"fr-FR\",\"potentialAction\":[{\"@type\":\"ReadAction\",\"target\":[\"https:\/\/www.miomiorun.com\/fr\/produit\/soft-flask-500-ml-2\/\"]}]},{\"@type\":\"ImageObject\",\"inLanguage\":\"fr-FR\",\"@id\":\"https:\/\/www.miomiorun.com\/fr\/produit\/soft-flask-500-ml-2\/#primaryimage\",\"url\":\"https:\/\/www.miomiorun.com\/app\/uploads\/2024\/10\/salomon-Soft-flask-500ml-clear-blue-LC1916000.webp\",\"contentUrl\":\"https:\/\/www.miomiorun.com\/app\/uploads\/2024\/10\/salomon-Soft-flask-500ml-clear-blue-LC1916000.webp\",\"width\":600,\"height\":600,\"caption\":\"salomon Soft flask 500ml clear blue LC1916000\"},{\"@type\":\"BreadcrumbList\",\"@id\":\"https:\/\/www.miomiorun.com\/fr\/produit\/soft-flask-500-ml-2\/#breadcrumb\",\"itemListElement\":[{\"@type\":\"ListItem\",\"position\":1,\"name\":\"Home\",\"item\":\"https:\/\/www.miomiorun.com\/fr\/home-page\/\"},{\"@type\":\"ListItem\",\"position\":2,\"name\":\"Shop\",\"item\":\"https:\/\/www.miomiorun.com\/shop\/\"},{\"@type\":\"ListItem\",\"position\":3,\"name\":\"Soft Flask 500 ml\"}]},{\"@type\":\"WebSite\",\"@id\":\"https:\/\/www.miomiorun.com\/fr\/#website\",\"url\":\"https:\/\/www.miomiorun.com\/fr\/\",\"name\":\"MioMioRun\",\"description\":\"Boutique 100% running et trail\",\"publisher\":{\"@id\":\"https:\/\/www.miomiorun.com\/fr\/#organization\"},\"potentialAction\":[{\"@type\":\"SearchAction\",\"target\":{\"@type\":\"EntryPoint\",\"urlTemplate\":\"https:\/\/www.miomiorun.com\/fr\/?s={search_term_string}\"},\"query-input\":{\"@type\":\"PropertyValueSpecification\",\"valueRequired\":true,\"valueName\":\"search_term_string\"}}],\"inLanguage\":\"fr-FR\"},{\"@type\":\"Organization\",\"@id\":\"https:\/\/www.miomiorun.com\/fr\/#organization\",\"name\":\"MioMio Run\",\"url\":\"https:\/\/www.miomiorun.com\/fr\/\",\"logo\":{\"@type\":\"ImageObject\",\"inLanguage\":\"fr-FR\",\"@id\":\"https:\/\/www.miomiorun.com\/fr\/#\/schema\/logo\/image\/\",\"url\":\"https:\/\/www.miomiorun.com\/app\/uploads\/2019\/12\/logomio.png\",\"contentUrl\":\"https:\/\/www.miomiorun.com\/app\/uploads\/2019\/12\/logomio.png\",\"width\":115,\"height\":82,\"caption\":\"MioMio Run\"},\"image\":{\"@id\":\"https:\/\/www.miomiorun.com\/fr\/#\/schema\/logo\/image\/\"},\"sameAs\":[\"https:\/\/www.facebook.com\/miomiorun\/\",\"https:\/\/www.instagram.com\/miomiorun\/\"]}]}<\/script>\n<!-- \/ Yoast SEO plugin. -->","yoast_head_json":{"title":"SalomonSoft Flask 500 ml - Flasque de course- MioMioRun","description":"SOFT FLASK 500ml\/17oz 42 si Salomon vous aide \u00e0 vous hydrater plus rapidement et plus facilement, afin que vous puissiez vous concentrer sur la route.","robots":{"index":"index","follow":"follow","max-snippet":"max-snippet:-1","max-image-preview":"max-image-preview:large","max-video-preview":"max-video-preview:-1"},"canonical":"https:\/\/www.miomiorun.com\/fr\/produit\/soft-flask-500-ml-2\/","og_locale":"fr_FR","og_type":"article","og_title":"SalomonSoft Flask 500 ml - Flasque de course- MioMioRun","og_description":"SOFT FLASK 500ml\/17oz 42 si Salomon vous aide \u00e0 vous hydrater plus rapidement et plus facilement, afin que vous puissiez vous concentrer sur la route.","og_url":"https:\/\/www.miomiorun.com\/fr\/produit\/soft-flask-500-ml-2\/","og_site_name":"MioMioRun","article_publisher":"https:\/\/www.facebook.com\/miomiorun\/","article_modified_time":"2025-05-28T10:24:01+00:00","og_image":[{"width":600,"height":600,"url":"https:\/\/www.miomiorun.com\/app\/uploads\/2024\/10\/salomon-Soft-flask-500ml-clear-blue-LC1916000.webp","type":"image\/webp"}],"twitter_card":"summary_large_image","twitter_misc":{"Est. reading time":"1 minute"},"schema":{"@context":"https:\/\/schema.org","@graph":[{"@type":"WebPage","@id":"https:\/\/www.miomiorun.com\/fr\/produit\/soft-flask-500-ml-2\/","url":"https:\/\/www.miomiorun.com\/fr\/produit\/soft-flask-500-ml-2\/","name":"SalomonSoft Flask 500 ml - Flasque de course- MioMioRun","isPartOf":{"@id":"https:\/\/www.miomiorun.com\/fr\/#website"},"primaryImageOfPage":{"@id":"https:\/\/www.miomiorun.com\/fr\/produit\/soft-flask-500-ml-2\/#primaryimage"},"image":{"@id":"https:\/\/www.miomiorun.com\/fr\/produit\/soft-flask-500-ml-2\/#primaryimage"},"thumbnailUrl":"https:\/\/www.miomiorun.com\/app\/uploads\/2024\/10\/salomon-Soft-flask-500ml-clear-blue-LC1916000.webp","datePublished":"2024-10-08T11:11:04+00:00","dateModified":"2025-05-28T10:24:01+00:00","description":"SOFT FLASK 500ml\/17oz 42 si Salomon vous aide \u00e0 vous hydrater plus rapidement et plus facilement, afin que vous puissiez vous concentrer sur la route.","breadcrumb":{"@id":"https:\/\/www.miomiorun.com\/fr\/produit\/soft-flask-500-ml-2\/#breadcrumb"},"inLanguage":"fr-FR","potentialAction":[{"@type":"ReadAction","target":["https:\/\/www.miomiorun.com\/fr\/produit\/soft-flask-500-ml-2\/"]}]},{"@type":"ImageObject","inLanguage":"fr-FR","@id":"https:\/\/www.miomiorun.com\/fr\/produit\/soft-flask-500-ml-2\/#primaryimage","url":"https:\/\/www.miomiorun.com\/app\/uploads\/2024\/10\/salomon-Soft-flask-500ml-clear-blue-LC1916000.webp","contentUrl":"https:\/\/www.miomiorun.com\/app\/uploads\/2024\/10\/salomon-Soft-flask-500ml-clear-blue-LC1916000.webp","width":600,"height":600,"caption":"salomon Soft flask 500ml clear blue LC1916000"},{"@type":"BreadcrumbList","@id":"https:\/\/www.miomiorun.com\/fr\/produit\/soft-flask-500-ml-2\/#breadcrumb","itemListElement":[{"@type":"ListItem","position":1,"name":"Home","item":"https:\/\/www.miomiorun.com\/fr\/home-page\/"},{"@type":"ListItem","position":2,"name":"Shop","item":"https:\/\/www.miomiorun.com\/shop\/"},{"@type":"ListItem","position":3,"name":"Soft Flask 500 ml"}]},{"@type":"WebSite","@id":"https:\/\/www.miomiorun.com\/fr\/#website","url":"https:\/\/www.miomiorun.com\/fr\/","name":"MioMioRun","description":"Boutique 100% running et trail","publisher":{"@id":"https:\/\/www.miomiorun.com\/fr\/#organization"},"potentialAction":[{"@type":"SearchAction","target":{"@type":"EntryPoint","urlTemplate":"https:\/\/www.miomiorun.com\/fr\/?s={search_term_string}"},"query-input":{"@type":"PropertyValueSpecification","valueRequired":true,"valueName":"search_term_string"}}],"inLanguage":"fr-FR"},{"@type":"Organization","@id":"https:\/\/www.miomiorun.com\/fr\/#organization","name":"MioMio Run","url":"https:\/\/www.miomiorun.com\/fr\/","logo":{"@type":"ImageObject","inLanguage":"fr-FR","@id":"https:\/\/www.miomiorun.com\/fr\/#\/schema\/logo\/image\/","url":"https:\/\/www.miomiorun.com\/app\/uploads\/2019\/12\/logomio.png","contentUrl":"https:\/\/www.miomiorun.com\/app\/uploads\/2019\/12\/logomio.png","width":115,"height":82,"caption":"MioMio Run"},"image":{"@id":"https:\/\/www.miomiorun.com\/fr\/#\/schema\/logo\/image\/"},"sameAs":["https:\/\/www.facebook.com\/miomiorun\/","https:\/\/www.instagram.com\/miomiorun\/"]}]}},"_links":{"self":[{"href":"https:\/\/www.miomiorun.com\/fr\/wp-json\/wp\/v2\/product\/295832","targetHints":{"allow":["GET"]}}],"collection":[{"href":"https:\/\/www.miomiorun.com\/fr\/wp-json\/wp\/v2\/product"}],"about":[{"href":"https:\/\/www.miomiorun.com\/fr\/wp-json\/wp\/v2\/types\/product"}],"wp:featuredmedia":[{"embeddable":true,"href":"https:\/\/www.miomiorun.com\/fr\/wp-json\/wp\/v2\/media\/249672"}],"wp:attachment":[{"href":"https:\/\/www.miomiorun.com\/fr\/wp-json\/wp\/v2\/media?parent=295832"}],"wp:term":[{"taxonomy":"product_brand","embeddable":true,"href":"https:\/\/www.miomiorun.com\/fr\/wp-json\/wp\/v2\/product_brand?post=295832"},{"taxonomy":"product_cat","embeddable":true,"href":"https:\/\/www.miomiorun.com\/fr\/wp-json\/wp\/v2\/product_cat?post=295832"},{"taxonomy":"product_tag","embeddable":true,"href":"https:\/\/www.miomiorun.com\/fr\/wp-json\/wp\/v2\/product_tag?post=295832"}],"curies":[{"name":"wp","href":"https:\/\/api.w.org\/{rel}","templated":true}]}}