{"id":295830,"date":"2024-10-08T13:14:47","date_gmt":"2024-10-08T11:14:47","guid":{"rendered":"https:\/\/miomiorun.com\/prodotto\/soft-cup-speed-150-ml\/"},"modified":"2025-05-28T12:26:39","modified_gmt":"2025-05-28T10:26:39","slug":"soft-cup-speed-150-ml","status":"publish","type":"product","link":"https:\/\/www.miomiorun.com\/fr\/produit\/soft-cup-speed-150-ml\/","title":{"rendered":"Soft Cup Speed 150 ml"},"content":{"rendered":"<p>Pr\u00eat \u00e0 vous accompagner dans toutes les courses, le <strong>SOFT CUP SPEED<\/strong> 150ml\/5oz respecte aussi la r\u00e8gle du z\u00e9ro rebond ! Elle est si douce qu&#8217;elle peut \u00eatre gliss\u00e9e dans votre poche. Vous pouvez \u00e9galement utiliser l&#8217;anneau sp\u00e9cial et l&#8217;accrocher pour plus de commodit\u00e9.<\/p>\n<h3>Caract\u00e9ristiques :<\/h3>\n<div class=\"pdp-gap-m\">\n<p class=\"pdp-sidebar-popin-details_subtitle\">DIVERSES<\/p>\n<ul>\n<li><b>Il est r\u00e9utilisable et<\/b> pliable : il peut \u00eatre pli\u00e9 et gliss\u00e9 dans une poche. R\u00e9duit l&#8217;utilisation de plastique.<\/li>\n<li>Garantie \u00e0 vie<\/li>\n<\/ul>\n<\/div>\n<div class=\"pdp-gap-m\">\n<p class=\"pdp-sidebar-popin-details_subtitle\">TISSUS<\/p>\n<p><b>Polyur\u00e9thane thermoplastique (TPU<\/b>) : utilis\u00e9 pour ses propri\u00e9t\u00e9s sp\u00e9cifiques : \u00e9lasticit\u00e9, confort sur le dos, transparence pour voir le niveau d&#8217;eau \u00e0 l&#8217;int\u00e9rieur, r\u00e9sistance \u00e0 tous les liquides, insipide, sans PVC et ne produisant pas de substances toxiques. Le polyur\u00e9thane thermoplastique est id\u00e9al pour les r\u00e9servoirs et les tuyaux d&#8217;hydratation.<\/p>\n<\/div>\n<div class=\"pdp-gap-m\">\n<p class=\"pdp-sidebar-popin-details_subtitle\">DURABILIT\u00c9<\/p>\n<ul>\n<li><b>Sans PVC ni bisph\u00e9nol A<\/b>: polyur\u00e9thane approuv\u00e9 par la FDA.<\/li>\n<li>Sans PFC<\/li>\n<\/ul>\n<\/div>\n<p>&nbsp;<\/p>\n<p>&nbsp;<\/p>\n","protected":false},"excerpt":{"rendered":"<ul>\n<li>Gobelet pliable de 150 ml<\/li>\n<li>id\u00e9al pour s&#8217;hydrater pendant les trails<\/li>\n<\/ul>\n","protected":false},"featured_media":249674,"template":"","meta":{"_acf_changed":false,"inline_featured_image":false},"product_brand":[],"product_cat":[22575,22574,22538],"product_tag":[23581],"class_list":{"0":"post-295830","1":"product","2":"type-product","3":"status-publish","4":"has-post-thumbnail","6":"product_cat-flacons","7":"product_cat-hydratation","8":"product_cat-accessoires","9":"product_tag-salomon-fr","10":"pa_attivita-outdoor-fr","11":"pa_attivita-trail-fr","12":"pa_marca-salomon-fr","13":"pa_sesso-femme","14":"pa_sesso-homme","16":"first","17":"instock","18":"taxable","19":"shipping-taxable","20":"purchasable","21":"product-type-simple"},"acf":[],"yoast_head":"<!-- This site is optimized with the Yoast SEO plugin v26.8 - https:\/\/yoast.com\/product\/yoast-seo-wordpress\/ -->\n<title>Salomon Soft Cup Speed 150 ml - Gobelet de course - MioMioRun<\/title>\n<meta name=\"description\" content=\"SOFT CUP SPEED 150ml\/5oz suit la r\u00e8gle du z\u00e9ro rebond ! Elle est si douce qu&#039;elle peut \u00eatre gliss\u00e9e dans votre poche. Vous pouvez aussi utiliser l&#039;anneau sp\u00e9cial et l&#039;accrocher.\" \/>\n<meta name=\"robots\" content=\"index, follow, max-snippet:-1, max-image-preview:large, max-video-preview:-1\" \/>\n<link rel=\"canonical\" href=\"https:\/\/www.miomiorun.com\/fr\/produit\/soft-cup-speed-150-ml\/\" \/>\n<meta property=\"og:locale\" content=\"fr_FR\" \/>\n<meta property=\"og:type\" content=\"article\" \/>\n<meta property=\"og:title\" content=\"Salomon Soft Cup Speed 150 ml - Gobelet de course - MioMioRun\" \/>\n<meta property=\"og:description\" content=\"SOFT CUP SPEED 150ml\/5oz suit la r\u00e8gle du z\u00e9ro rebond ! Elle est si douce qu&#039;elle peut \u00eatre gliss\u00e9e dans votre poche. Vous pouvez aussi utiliser l&#039;anneau sp\u00e9cial et l&#039;accrocher.\" \/>\n<meta property=\"og:url\" content=\"https:\/\/www.miomiorun.com\/fr\/produit\/soft-cup-speed-150-ml\/\" \/>\n<meta property=\"og:site_name\" content=\"MioMioRun\" \/>\n<meta property=\"article:publisher\" content=\"https:\/\/www.facebook.com\/miomiorun\/\" \/>\n<meta property=\"article:modified_time\" content=\"2025-05-28T10:26:39+00:00\" \/>\n<meta property=\"og:image\" content=\"https:\/\/www.miomiorun.com\/app\/uploads\/2024\/10\/salomon-Soft-cup-speed-150ml-clear-blue-LC1917600.webp\" \/>\n\t<meta property=\"og:image:width\" content=\"600\" \/>\n\t<meta property=\"og:image:height\" content=\"600\" \/>\n\t<meta property=\"og:image:type\" content=\"image\/webp\" \/>\n<meta name=\"twitter:card\" content=\"summary_large_image\" \/>\n<meta name=\"twitter:label1\" content=\"Est. reading time\" \/>\n\t<meta name=\"twitter:data1\" content=\"1 minute\" \/>\n<script type=\"application\/ld+json\" class=\"yoast-schema-graph\">{\"@context\":\"https:\/\/schema.org\",\"@graph\":[{\"@type\":\"WebPage\",\"@id\":\"https:\/\/www.miomiorun.com\/fr\/produit\/soft-cup-speed-150-ml\/\",\"url\":\"https:\/\/www.miomiorun.com\/fr\/produit\/soft-cup-speed-150-ml\/\",\"name\":\"Salomon Soft Cup Speed 150 ml - Gobelet de course - MioMioRun\",\"isPartOf\":{\"@id\":\"https:\/\/www.miomiorun.com\/fr\/#website\"},\"primaryImageOfPage\":{\"@id\":\"https:\/\/www.miomiorun.com\/fr\/produit\/soft-cup-speed-150-ml\/#primaryimage\"},\"image\":{\"@id\":\"https:\/\/www.miomiorun.com\/fr\/produit\/soft-cup-speed-150-ml\/#primaryimage\"},\"thumbnailUrl\":\"https:\/\/www.miomiorun.com\/app\/uploads\/2024\/10\/salomon-Soft-cup-speed-150ml-clear-blue-LC1917600.webp\",\"datePublished\":\"2024-10-08T11:14:47+00:00\",\"dateModified\":\"2025-05-28T10:26:39+00:00\",\"description\":\"SOFT CUP SPEED 150ml\/5oz suit la r\u00e8gle du z\u00e9ro rebond ! Elle est si douce qu'elle peut \u00eatre gliss\u00e9e dans votre poche. Vous pouvez aussi utiliser l'anneau sp\u00e9cial et l'accrocher.\",\"breadcrumb\":{\"@id\":\"https:\/\/www.miomiorun.com\/fr\/produit\/soft-cup-speed-150-ml\/#breadcrumb\"},\"inLanguage\":\"fr-FR\",\"potentialAction\":[{\"@type\":\"ReadAction\",\"target\":[\"https:\/\/www.miomiorun.com\/fr\/produit\/soft-cup-speed-150-ml\/\"]}]},{\"@type\":\"ImageObject\",\"inLanguage\":\"fr-FR\",\"@id\":\"https:\/\/www.miomiorun.com\/fr\/produit\/soft-cup-speed-150-ml\/#primaryimage\",\"url\":\"https:\/\/www.miomiorun.com\/app\/uploads\/2024\/10\/salomon-Soft-cup-speed-150ml-clear-blue-LC1917600.webp\",\"contentUrl\":\"https:\/\/www.miomiorun.com\/app\/uploads\/2024\/10\/salomon-Soft-cup-speed-150ml-clear-blue-LC1917600.webp\",\"width\":600,\"height\":600,\"caption\":\"salomon Soft cup speed 150ml clear blue LC1917600\"},{\"@type\":\"BreadcrumbList\",\"@id\":\"https:\/\/www.miomiorun.com\/fr\/produit\/soft-cup-speed-150-ml\/#breadcrumb\",\"itemListElement\":[{\"@type\":\"ListItem\",\"position\":1,\"name\":\"Home\",\"item\":\"https:\/\/www.miomiorun.com\/fr\/home-page\/\"},{\"@type\":\"ListItem\",\"position\":2,\"name\":\"Shop\",\"item\":\"https:\/\/www.miomiorun.com\/shop\/\"},{\"@type\":\"ListItem\",\"position\":3,\"name\":\"Soft Cup Speed 150 ml\"}]},{\"@type\":\"WebSite\",\"@id\":\"https:\/\/www.miomiorun.com\/fr\/#website\",\"url\":\"https:\/\/www.miomiorun.com\/fr\/\",\"name\":\"MioMioRun\",\"description\":\"Boutique 100% running et trail\",\"publisher\":{\"@id\":\"https:\/\/www.miomiorun.com\/fr\/#organization\"},\"potentialAction\":[{\"@type\":\"SearchAction\",\"target\":{\"@type\":\"EntryPoint\",\"urlTemplate\":\"https:\/\/www.miomiorun.com\/fr\/?s={search_term_string}\"},\"query-input\":{\"@type\":\"PropertyValueSpecification\",\"valueRequired\":true,\"valueName\":\"search_term_string\"}}],\"inLanguage\":\"fr-FR\"},{\"@type\":\"Organization\",\"@id\":\"https:\/\/www.miomiorun.com\/fr\/#organization\",\"name\":\"MioMio Run\",\"url\":\"https:\/\/www.miomiorun.com\/fr\/\",\"logo\":{\"@type\":\"ImageObject\",\"inLanguage\":\"fr-FR\",\"@id\":\"https:\/\/www.miomiorun.com\/fr\/#\/schema\/logo\/image\/\",\"url\":\"https:\/\/www.miomiorun.com\/app\/uploads\/2019\/12\/logomio.png\",\"contentUrl\":\"https:\/\/www.miomiorun.com\/app\/uploads\/2019\/12\/logomio.png\",\"width\":115,\"height\":82,\"caption\":\"MioMio Run\"},\"image\":{\"@id\":\"https:\/\/www.miomiorun.com\/fr\/#\/schema\/logo\/image\/\"},\"sameAs\":[\"https:\/\/www.facebook.com\/miomiorun\/\",\"https:\/\/www.instagram.com\/miomiorun\/\"]}]}<\/script>\n<!-- \/ Yoast SEO plugin. -->","yoast_head_json":{"title":"Salomon Soft Cup Speed 150 ml - Gobelet de course - MioMioRun","description":"SOFT CUP SPEED 150ml\/5oz suit la r\u00e8gle du z\u00e9ro rebond ! Elle est si douce qu'elle peut \u00eatre gliss\u00e9e dans votre poche. Vous pouvez aussi utiliser l'anneau sp\u00e9cial et l'accrocher.","robots":{"index":"index","follow":"follow","max-snippet":"max-snippet:-1","max-image-preview":"max-image-preview:large","max-video-preview":"max-video-preview:-1"},"canonical":"https:\/\/www.miomiorun.com\/fr\/produit\/soft-cup-speed-150-ml\/","og_locale":"fr_FR","og_type":"article","og_title":"Salomon Soft Cup Speed 150 ml - Gobelet de course - MioMioRun","og_description":"SOFT CUP SPEED 150ml\/5oz suit la r\u00e8gle du z\u00e9ro rebond ! Elle est si douce qu'elle peut \u00eatre gliss\u00e9e dans votre poche. Vous pouvez aussi utiliser l'anneau sp\u00e9cial et l'accrocher.","og_url":"https:\/\/www.miomiorun.com\/fr\/produit\/soft-cup-speed-150-ml\/","og_site_name":"MioMioRun","article_publisher":"https:\/\/www.facebook.com\/miomiorun\/","article_modified_time":"2025-05-28T10:26:39+00:00","og_image":[{"width":600,"height":600,"url":"https:\/\/www.miomiorun.com\/app\/uploads\/2024\/10\/salomon-Soft-cup-speed-150ml-clear-blue-LC1917600.webp","type":"image\/webp"}],"twitter_card":"summary_large_image","twitter_misc":{"Est. reading time":"1 minute"},"schema":{"@context":"https:\/\/schema.org","@graph":[{"@type":"WebPage","@id":"https:\/\/www.miomiorun.com\/fr\/produit\/soft-cup-speed-150-ml\/","url":"https:\/\/www.miomiorun.com\/fr\/produit\/soft-cup-speed-150-ml\/","name":"Salomon Soft Cup Speed 150 ml - Gobelet de course - MioMioRun","isPartOf":{"@id":"https:\/\/www.miomiorun.com\/fr\/#website"},"primaryImageOfPage":{"@id":"https:\/\/www.miomiorun.com\/fr\/produit\/soft-cup-speed-150-ml\/#primaryimage"},"image":{"@id":"https:\/\/www.miomiorun.com\/fr\/produit\/soft-cup-speed-150-ml\/#primaryimage"},"thumbnailUrl":"https:\/\/www.miomiorun.com\/app\/uploads\/2024\/10\/salomon-Soft-cup-speed-150ml-clear-blue-LC1917600.webp","datePublished":"2024-10-08T11:14:47+00:00","dateModified":"2025-05-28T10:26:39+00:00","description":"SOFT CUP SPEED 150ml\/5oz suit la r\u00e8gle du z\u00e9ro rebond ! Elle est si douce qu'elle peut \u00eatre gliss\u00e9e dans votre poche. Vous pouvez aussi utiliser l'anneau sp\u00e9cial et l'accrocher.","breadcrumb":{"@id":"https:\/\/www.miomiorun.com\/fr\/produit\/soft-cup-speed-150-ml\/#breadcrumb"},"inLanguage":"fr-FR","potentialAction":[{"@type":"ReadAction","target":["https:\/\/www.miomiorun.com\/fr\/produit\/soft-cup-speed-150-ml\/"]}]},{"@type":"ImageObject","inLanguage":"fr-FR","@id":"https:\/\/www.miomiorun.com\/fr\/produit\/soft-cup-speed-150-ml\/#primaryimage","url":"https:\/\/www.miomiorun.com\/app\/uploads\/2024\/10\/salomon-Soft-cup-speed-150ml-clear-blue-LC1917600.webp","contentUrl":"https:\/\/www.miomiorun.com\/app\/uploads\/2024\/10\/salomon-Soft-cup-speed-150ml-clear-blue-LC1917600.webp","width":600,"height":600,"caption":"salomon Soft cup speed 150ml clear blue LC1917600"},{"@type":"BreadcrumbList","@id":"https:\/\/www.miomiorun.com\/fr\/produit\/soft-cup-speed-150-ml\/#breadcrumb","itemListElement":[{"@type":"ListItem","position":1,"name":"Home","item":"https:\/\/www.miomiorun.com\/fr\/home-page\/"},{"@type":"ListItem","position":2,"name":"Shop","item":"https:\/\/www.miomiorun.com\/shop\/"},{"@type":"ListItem","position":3,"name":"Soft Cup Speed 150 ml"}]},{"@type":"WebSite","@id":"https:\/\/www.miomiorun.com\/fr\/#website","url":"https:\/\/www.miomiorun.com\/fr\/","name":"MioMioRun","description":"Boutique 100% running et trail","publisher":{"@id":"https:\/\/www.miomiorun.com\/fr\/#organization"},"potentialAction":[{"@type":"SearchAction","target":{"@type":"EntryPoint","urlTemplate":"https:\/\/www.miomiorun.com\/fr\/?s={search_term_string}"},"query-input":{"@type":"PropertyValueSpecification","valueRequired":true,"valueName":"search_term_string"}}],"inLanguage":"fr-FR"},{"@type":"Organization","@id":"https:\/\/www.miomiorun.com\/fr\/#organization","name":"MioMio Run","url":"https:\/\/www.miomiorun.com\/fr\/","logo":{"@type":"ImageObject","inLanguage":"fr-FR","@id":"https:\/\/www.miomiorun.com\/fr\/#\/schema\/logo\/image\/","url":"https:\/\/www.miomiorun.com\/app\/uploads\/2019\/12\/logomio.png","contentUrl":"https:\/\/www.miomiorun.com\/app\/uploads\/2019\/12\/logomio.png","width":115,"height":82,"caption":"MioMio Run"},"image":{"@id":"https:\/\/www.miomiorun.com\/fr\/#\/schema\/logo\/image\/"},"sameAs":["https:\/\/www.facebook.com\/miomiorun\/","https:\/\/www.instagram.com\/miomiorun\/"]}]}},"_links":{"self":[{"href":"https:\/\/www.miomiorun.com\/fr\/wp-json\/wp\/v2\/product\/295830","targetHints":{"allow":["GET"]}}],"collection":[{"href":"https:\/\/www.miomiorun.com\/fr\/wp-json\/wp\/v2\/product"}],"about":[{"href":"https:\/\/www.miomiorun.com\/fr\/wp-json\/wp\/v2\/types\/product"}],"wp:featuredmedia":[{"embeddable":true,"href":"https:\/\/www.miomiorun.com\/fr\/wp-json\/wp\/v2\/media\/249674"}],"wp:attachment":[{"href":"https:\/\/www.miomiorun.com\/fr\/wp-json\/wp\/v2\/media?parent=295830"}],"wp:term":[{"taxonomy":"product_brand","embeddable":true,"href":"https:\/\/www.miomiorun.com\/fr\/wp-json\/wp\/v2\/product_brand?post=295830"},{"taxonomy":"product_cat","embeddable":true,"href":"https:\/\/www.miomiorun.com\/fr\/wp-json\/wp\/v2\/product_cat?post=295830"},{"taxonomy":"product_tag","embeddable":true,"href":"https:\/\/www.miomiorun.com\/fr\/wp-json\/wp\/v2\/product_tag?post=295830"}],"curies":[{"name":"wp","href":"https:\/\/api.w.org\/{rel}","templated":true}]}}