{"id":295826,"date":"2024-10-08T13:26:44","date_gmt":"2024-10-08T11:26:44","guid":{"rendered":"https:\/\/miomiorun.com\/prodotto\/custom-quiver\/"},"modified":"2025-05-28T16:52:20","modified_gmt":"2025-05-28T14:52:20","slug":"custom-quiver","status":"publish","type":"product","link":"https:\/\/www.miomiorun.com\/fr\/produit\/custom-quiver\/","title":{"rendered":"Custom Quiver"},"content":{"rendered":"<p>Le <strong>Custom Quiver<\/strong> est une solution pratique et efficace pour le stockage et le transport des b\u00e2tons. Les ouvertures larges et structur\u00e9es permettent de les saisir facilement lorsque vous en avez besoin et de les ranger ais\u00e9ment lorsqu&#8217;ils ne sont pas utilis\u00e9s. Si l\u00e9ger qu&#8217;il passe inaper\u00e7u, il affiche un design minimaliste \u00e0 tel point que vous vous demanderez comment vous avez fait avant de le d\u00e9couvrir.<\/p>\n<h3>Caract\u00e9ristiques :<\/h3>\n<div class=\"pdp-gap-m\">\n<p class=\"pdp-sidebar-popin-details_subtitle\">SYST\u00c8MES DE DOSSIER<\/p>\n<p>Dossier <b>rembourr\u00e9<\/b>: Le dossier rembourr\u00e9 offre un confort optimal lorsque l&#8217;on porte un sac \u00e0 dos sur les \u00e9paules.<\/p>\n<\/div>\n<div class=\"pdp-gap-m\">\n<p class=\"pdp-sidebar-popin-details_subtitle\">GESTION DE LA CHARGE<\/p>\n<p><b>Sangle de verrouillage<\/b>: id\u00e9ale pour fixer les b\u00e2tons dans le compartiment. Il suffit de la d\u00e9verrouiller pour les prendre.<\/p>\n<\/div>\n<div class=\"pdp-gap-m\">\n<p class=\"pdp-sidebar-popin-details_subtitle\">SYST\u00c8ME DE TRANSPORT<\/p>\n<p><b>Syst\u00e8me d&#8217;attache compatible avec le Custom Quiver<\/b>: compos\u00e9 de crochets sur le compartiment et d&#8217;anneaux sur les sacs \u00e0 dos SENSE.<\/p>\n<\/div>\n<div class=\"pdp-gap-m\">\n<p class=\"pdp-sidebar-popin-details_subtitle\">GESTION DE L&#8217;EAU<\/p>\n<p><b>Des \u0153illets<\/b> sur le fond permettent \u00e0 l&#8217;eau de s&#8217;\u00e9chapper pour garder l&#8217;\u00e9quipement au sec.<\/p>\n<\/div>\n<div class=\"pdp-gap-m\">\n<p class=\"pdp-sidebar-popin-details_subtitle\">TISSUS<\/p>\n<p>Ripstop <b>210D<\/b>: Tissu nylon avec tissage ripstop et enduction polyur\u00e9thane offrant une r\u00e9sistance \u00e0 l&#8217;abrasion et \u00e0 la d\u00e9chirure et une protection \u00e0 long terme contre l&#8217;eau.<\/p>\n<\/div>\n<div class=\"pdp-gap-m\">\n<p class=\"pdp-sidebar-popin-details_subtitle\">DURABILIT\u00c9<\/p>\n<p>Sans PFC<\/p>\n<div class=\"pdp-gap-m\">\n<p>&nbsp;<\/p>\n<p><b>Corps : <\/b> 100% Polyamide<\/p>\n<p><b> Doublure des manches : <\/b> 100% Polyester<\/p>\n<\/div>\n<\/div>\n","protected":false},"excerpt":{"rendered":"<ul>\n<li>\u00c9tui pour transporter vos b\u00e2tons de randonn\u00e9e.<\/li>\n<li>Pratique pour pratiquer votre sport de plein air en toute libert\u00e9.<\/li>\n<\/ul>\n","protected":false},"featured_media":249680,"template":"","meta":{"_acf_changed":false,"inline_featured_image":false},"product_brand":[],"product_cat":[22589,22587,22538,22539],"product_tag":[23581],"class_list":{"0":"post-295826","1":"product","2":"type-product","3":"status-publish","4":"has-post-thumbnail","6":"product_cat-sacs-a-dos","7":"product_cat-sacs-a-dos-et-ceintures","8":"product_cat-accessoires","9":"product_cat-batons","10":"product_tag-salomon-fr","11":"pa_attivita-outdoor-fr","12":"pa_attivita-trail-fr","13":"pa_marca-salomon-fr","14":"pa_sesso-femme","15":"pa_sesso-homme","17":"first","18":"outofstock","19":"sale","20":"taxable","21":"shipping-taxable","22":"purchasable","23":"product-type-simple"},"acf":[],"yoast_head":"<!-- This site is optimized with the Yoast SEO plugin v26.8 - https:\/\/yoast.com\/product\/yoast-seo-wordpress\/ -->\n<title>Salomon Custom Quiver -Carquois pour b\u00e2tons de trail - MioMioRun<\/title>\n<meta name=\"description\" content=\"Custom Quiver est une solution pratique et efficace pour le stockage et le transport des b\u00e2tons. De larges ouvertures permettent de les saisir facilement\" \/>\n<meta name=\"robots\" content=\"index, follow, max-snippet:-1, max-image-preview:large, max-video-preview:-1\" \/>\n<link rel=\"canonical\" href=\"https:\/\/www.miomiorun.com\/fr\/produit\/custom-quiver\/\" \/>\n<meta property=\"og:locale\" content=\"fr_FR\" \/>\n<meta property=\"og:type\" content=\"article\" \/>\n<meta property=\"og:title\" content=\"Salomon Custom Quiver -Carquois pour b\u00e2tons de trail - MioMioRun\" \/>\n<meta property=\"og:description\" content=\"Custom Quiver est une solution pratique et efficace pour le stockage et le transport des b\u00e2tons. De larges ouvertures permettent de les saisir facilement\" \/>\n<meta property=\"og:url\" content=\"https:\/\/www.miomiorun.com\/fr\/produit\/custom-quiver\/\" \/>\n<meta property=\"og:site_name\" content=\"MioMioRun\" \/>\n<meta property=\"article:publisher\" content=\"https:\/\/www.facebook.com\/miomiorun\/\" \/>\n<meta property=\"article:modified_time\" content=\"2025-05-28T14:52:20+00:00\" \/>\n<meta property=\"og:image\" content=\"https:\/\/www.miomiorun.com\/app\/uploads\/2024\/10\/salomon-Custom-quiver-black-LC2093100.webp\" \/>\n\t<meta property=\"og:image:width\" content=\"600\" \/>\n\t<meta property=\"og:image:height\" content=\"600\" \/>\n\t<meta property=\"og:image:type\" content=\"image\/webp\" \/>\n<meta name=\"twitter:card\" content=\"summary_large_image\" \/>\n<meta name=\"twitter:label1\" content=\"Est. reading time\" \/>\n\t<meta name=\"twitter:data1\" content=\"1 minute\" \/>\n<script type=\"application\/ld+json\" class=\"yoast-schema-graph\">{\"@context\":\"https:\/\/schema.org\",\"@graph\":[{\"@type\":\"WebPage\",\"@id\":\"https:\/\/www.miomiorun.com\/fr\/produit\/custom-quiver\/\",\"url\":\"https:\/\/www.miomiorun.com\/fr\/produit\/custom-quiver\/\",\"name\":\"Salomon Custom Quiver -Carquois pour b\u00e2tons de trail - MioMioRun\",\"isPartOf\":{\"@id\":\"https:\/\/www.miomiorun.com\/fr\/#website\"},\"primaryImageOfPage\":{\"@id\":\"https:\/\/www.miomiorun.com\/fr\/produit\/custom-quiver\/#primaryimage\"},\"image\":{\"@id\":\"https:\/\/www.miomiorun.com\/fr\/produit\/custom-quiver\/#primaryimage\"},\"thumbnailUrl\":\"https:\/\/www.miomiorun.com\/app\/uploads\/2024\/10\/salomon-Custom-quiver-black-LC2093100.webp\",\"datePublished\":\"2024-10-08T11:26:44+00:00\",\"dateModified\":\"2025-05-28T14:52:20+00:00\",\"description\":\"Custom Quiver est une solution pratique et efficace pour le stockage et le transport des b\u00e2tons. De larges ouvertures permettent de les saisir facilement\",\"breadcrumb\":{\"@id\":\"https:\/\/www.miomiorun.com\/fr\/produit\/custom-quiver\/#breadcrumb\"},\"inLanguage\":\"fr-FR\",\"potentialAction\":[{\"@type\":\"ReadAction\",\"target\":[\"https:\/\/www.miomiorun.com\/fr\/produit\/custom-quiver\/\"]}]},{\"@type\":\"ImageObject\",\"inLanguage\":\"fr-FR\",\"@id\":\"https:\/\/www.miomiorun.com\/fr\/produit\/custom-quiver\/#primaryimage\",\"url\":\"https:\/\/www.miomiorun.com\/app\/uploads\/2024\/10\/salomon-Custom-quiver-black-LC2093100.webp\",\"contentUrl\":\"https:\/\/www.miomiorun.com\/app\/uploads\/2024\/10\/salomon-Custom-quiver-black-LC2093100.webp\",\"width\":600,\"height\":600,\"caption\":\"salomon Custom quiver black LC2093100\"},{\"@type\":\"BreadcrumbList\",\"@id\":\"https:\/\/www.miomiorun.com\/fr\/produit\/custom-quiver\/#breadcrumb\",\"itemListElement\":[{\"@type\":\"ListItem\",\"position\":1,\"name\":\"Home\",\"item\":\"https:\/\/www.miomiorun.com\/fr\/home-page\/\"},{\"@type\":\"ListItem\",\"position\":2,\"name\":\"Shop\",\"item\":\"https:\/\/www.miomiorun.com\/shop\/\"},{\"@type\":\"ListItem\",\"position\":3,\"name\":\"Custom Quiver\"}]},{\"@type\":\"WebSite\",\"@id\":\"https:\/\/www.miomiorun.com\/fr\/#website\",\"url\":\"https:\/\/www.miomiorun.com\/fr\/\",\"name\":\"MioMioRun\",\"description\":\"Boutique 100% running et trail\",\"publisher\":{\"@id\":\"https:\/\/www.miomiorun.com\/fr\/#organization\"},\"potentialAction\":[{\"@type\":\"SearchAction\",\"target\":{\"@type\":\"EntryPoint\",\"urlTemplate\":\"https:\/\/www.miomiorun.com\/fr\/?s={search_term_string}\"},\"query-input\":{\"@type\":\"PropertyValueSpecification\",\"valueRequired\":true,\"valueName\":\"search_term_string\"}}],\"inLanguage\":\"fr-FR\"},{\"@type\":\"Organization\",\"@id\":\"https:\/\/www.miomiorun.com\/fr\/#organization\",\"name\":\"MioMio Run\",\"url\":\"https:\/\/www.miomiorun.com\/fr\/\",\"logo\":{\"@type\":\"ImageObject\",\"inLanguage\":\"fr-FR\",\"@id\":\"https:\/\/www.miomiorun.com\/fr\/#\/schema\/logo\/image\/\",\"url\":\"https:\/\/www.miomiorun.com\/app\/uploads\/2019\/12\/logomio.png\",\"contentUrl\":\"https:\/\/www.miomiorun.com\/app\/uploads\/2019\/12\/logomio.png\",\"width\":115,\"height\":82,\"caption\":\"MioMio Run\"},\"image\":{\"@id\":\"https:\/\/www.miomiorun.com\/fr\/#\/schema\/logo\/image\/\"},\"sameAs\":[\"https:\/\/www.facebook.com\/miomiorun\/\",\"https:\/\/www.instagram.com\/miomiorun\/\"]}]}<\/script>\n<!-- \/ Yoast SEO plugin. -->","yoast_head_json":{"title":"Salomon Custom Quiver -Carquois pour b\u00e2tons de trail - MioMioRun","description":"Custom Quiver est une solution pratique et efficace pour le stockage et le transport des b\u00e2tons. De larges ouvertures permettent de les saisir facilement","robots":{"index":"index","follow":"follow","max-snippet":"max-snippet:-1","max-image-preview":"max-image-preview:large","max-video-preview":"max-video-preview:-1"},"canonical":"https:\/\/www.miomiorun.com\/fr\/produit\/custom-quiver\/","og_locale":"fr_FR","og_type":"article","og_title":"Salomon Custom Quiver -Carquois pour b\u00e2tons de trail - MioMioRun","og_description":"Custom Quiver est une solution pratique et efficace pour le stockage et le transport des b\u00e2tons. De larges ouvertures permettent de les saisir facilement","og_url":"https:\/\/www.miomiorun.com\/fr\/produit\/custom-quiver\/","og_site_name":"MioMioRun","article_publisher":"https:\/\/www.facebook.com\/miomiorun\/","article_modified_time":"2025-05-28T14:52:20+00:00","og_image":[{"width":600,"height":600,"url":"https:\/\/www.miomiorun.com\/app\/uploads\/2024\/10\/salomon-Custom-quiver-black-LC2093100.webp","type":"image\/webp"}],"twitter_card":"summary_large_image","twitter_misc":{"Est. reading time":"1 minute"},"schema":{"@context":"https:\/\/schema.org","@graph":[{"@type":"WebPage","@id":"https:\/\/www.miomiorun.com\/fr\/produit\/custom-quiver\/","url":"https:\/\/www.miomiorun.com\/fr\/produit\/custom-quiver\/","name":"Salomon Custom Quiver -Carquois pour b\u00e2tons de trail - MioMioRun","isPartOf":{"@id":"https:\/\/www.miomiorun.com\/fr\/#website"},"primaryImageOfPage":{"@id":"https:\/\/www.miomiorun.com\/fr\/produit\/custom-quiver\/#primaryimage"},"image":{"@id":"https:\/\/www.miomiorun.com\/fr\/produit\/custom-quiver\/#primaryimage"},"thumbnailUrl":"https:\/\/www.miomiorun.com\/app\/uploads\/2024\/10\/salomon-Custom-quiver-black-LC2093100.webp","datePublished":"2024-10-08T11:26:44+00:00","dateModified":"2025-05-28T14:52:20+00:00","description":"Custom Quiver est une solution pratique et efficace pour le stockage et le transport des b\u00e2tons. De larges ouvertures permettent de les saisir facilement","breadcrumb":{"@id":"https:\/\/www.miomiorun.com\/fr\/produit\/custom-quiver\/#breadcrumb"},"inLanguage":"fr-FR","potentialAction":[{"@type":"ReadAction","target":["https:\/\/www.miomiorun.com\/fr\/produit\/custom-quiver\/"]}]},{"@type":"ImageObject","inLanguage":"fr-FR","@id":"https:\/\/www.miomiorun.com\/fr\/produit\/custom-quiver\/#primaryimage","url":"https:\/\/www.miomiorun.com\/app\/uploads\/2024\/10\/salomon-Custom-quiver-black-LC2093100.webp","contentUrl":"https:\/\/www.miomiorun.com\/app\/uploads\/2024\/10\/salomon-Custom-quiver-black-LC2093100.webp","width":600,"height":600,"caption":"salomon Custom quiver black LC2093100"},{"@type":"BreadcrumbList","@id":"https:\/\/www.miomiorun.com\/fr\/produit\/custom-quiver\/#breadcrumb","itemListElement":[{"@type":"ListItem","position":1,"name":"Home","item":"https:\/\/www.miomiorun.com\/fr\/home-page\/"},{"@type":"ListItem","position":2,"name":"Shop","item":"https:\/\/www.miomiorun.com\/shop\/"},{"@type":"ListItem","position":3,"name":"Custom Quiver"}]},{"@type":"WebSite","@id":"https:\/\/www.miomiorun.com\/fr\/#website","url":"https:\/\/www.miomiorun.com\/fr\/","name":"MioMioRun","description":"Boutique 100% running et trail","publisher":{"@id":"https:\/\/www.miomiorun.com\/fr\/#organization"},"potentialAction":[{"@type":"SearchAction","target":{"@type":"EntryPoint","urlTemplate":"https:\/\/www.miomiorun.com\/fr\/?s={search_term_string}"},"query-input":{"@type":"PropertyValueSpecification","valueRequired":true,"valueName":"search_term_string"}}],"inLanguage":"fr-FR"},{"@type":"Organization","@id":"https:\/\/www.miomiorun.com\/fr\/#organization","name":"MioMio Run","url":"https:\/\/www.miomiorun.com\/fr\/","logo":{"@type":"ImageObject","inLanguage":"fr-FR","@id":"https:\/\/www.miomiorun.com\/fr\/#\/schema\/logo\/image\/","url":"https:\/\/www.miomiorun.com\/app\/uploads\/2019\/12\/logomio.png","contentUrl":"https:\/\/www.miomiorun.com\/app\/uploads\/2019\/12\/logomio.png","width":115,"height":82,"caption":"MioMio Run"},"image":{"@id":"https:\/\/www.miomiorun.com\/fr\/#\/schema\/logo\/image\/"},"sameAs":["https:\/\/www.facebook.com\/miomiorun\/","https:\/\/www.instagram.com\/miomiorun\/"]}]}},"_links":{"self":[{"href":"https:\/\/www.miomiorun.com\/fr\/wp-json\/wp\/v2\/product\/295826","targetHints":{"allow":["GET"]}}],"collection":[{"href":"https:\/\/www.miomiorun.com\/fr\/wp-json\/wp\/v2\/product"}],"about":[{"href":"https:\/\/www.miomiorun.com\/fr\/wp-json\/wp\/v2\/types\/product"}],"wp:featuredmedia":[{"embeddable":true,"href":"https:\/\/www.miomiorun.com\/fr\/wp-json\/wp\/v2\/media\/249680"}],"wp:attachment":[{"href":"https:\/\/www.miomiorun.com\/fr\/wp-json\/wp\/v2\/media?parent=295826"}],"wp:term":[{"taxonomy":"product_brand","embeddable":true,"href":"https:\/\/www.miomiorun.com\/fr\/wp-json\/wp\/v2\/product_brand?post=295826"},{"taxonomy":"product_cat","embeddable":true,"href":"https:\/\/www.miomiorun.com\/fr\/wp-json\/wp\/v2\/product_cat?post=295826"},{"taxonomy":"product_tag","embeddable":true,"href":"https:\/\/www.miomiorun.com\/fr\/wp-json\/wp\/v2\/product_tag?post=295826"}],"curies":[{"name":"wp","href":"https:\/\/api.w.org\/{rel}","templated":true}]}}