{"id":295771,"date":"2024-10-08T13:32:36","date_gmt":"2024-10-08T11:32:36","guid":{"rendered":"https:\/\/miomiorun.com\/prodotto\/active-skin-8-l\/"},"modified":"2026-05-08T22:18:35","modified_gmt":"2026-05-08T20:18:35","slug":"active-skin-8-l","status":"publish","type":"product","link":"https:\/\/www.miomiorun.com\/fr\/produit\/active-skin-8-l\/","title":{"rendered":"Active Skin 8 l"},"content":{"rendered":"<p>Un tremplin pour passer au niveau sup\u00e9rieur en mati\u00e8re de trail running sur des distances de marathon, l&#8217;<strong>Active Skin 8<\/strong> r\u00e9vis\u00e9 est encore plus pratique et plus confortable \u00e0 porter. Les tissus doux et respirants sont toujours les m\u00eames, la coupe est ultra stable et les poches de poitrine r\u00e9vis\u00e9es permettent d&#8217;acc\u00e9der facilement aux flacons.<\/p>\n<h2><b>Caract\u00e9ristiques :<\/b><\/h2>\n<div class=\"pdp-gap-m\">\n<p class=\"pdp-sidebar-popin-details_subtitle\">CONCEPT ET TECHNOLOGIE<\/p>\n<p><b>SensiFit\u2122<\/b>: Stabilit\u00e9\/libert\u00e9 de mouvement La structure est compos\u00e9e de tissus extensibles respirants qui \u00e9pousent la forme du corps, avec des syst\u00e8mes de r\u00e9glage l\u00e9gers pour assurer l&#8217;ajustement et la stabilit\u00e9. Cela permet d&#8217;\u00e9viter les secousses du sac \u00e0 dos, tout en garantissant respirabilit\u00e9 et confort.<\/p>\n<\/div>\n<div class=\"pdp-gap-m\">\n<p class=\"pdp-sidebar-popin-details_subtitle\">SYST\u00c8MES DORSAUX<\/p>\n<p>Confort 3D<\/p>\n<\/div>\n<div class=\"pdp-gap-m\">\n<p class=\"pdp-sidebar-popin-details_subtitle\">GESTION DE LA CHARGE<\/p>\n<ul>\n<li><b>Lien rapide<\/b>: Gr\u00e2ce \u00e0 cette structure de sangle innovante sur le sternum, vous pouvez facilement ajuster et attacher le sac \u00e0 dos, m\u00eame lorsque vous \u00eates en mouvement. De plus, la sangle \u00e9lastique vous permet de respirer facilement lors d&#8217;activit\u00e9s intenses.<\/li>\n<li>Syst\u00e8me de cordon \u00e9lastique<\/li>\n<\/ul>\n<\/div>\n<div class=\"pdp-gap-m\">\n<p class=\"pdp-sidebar-popin-details_subtitle\">SACS \u00c0 DOS<\/p>\n<p><b>Bretelles 3D Airmesh<\/b>: Gr\u00e2ce \u00e0 sa structure int\u00e9grant de petites cavit\u00e9s, l&#8217;insert 3D Airmesh permet une meilleure circulation de l&#8217;air.<\/p>\n<\/div>\n<div class=\"pdp-gap-m\">\n<p class=\"pdp-sidebar-popin-details_subtitle\">HYDRATION<\/p>\n<ul>\n<li>Compartiment du <b>r\u00e9servoir<\/b>: Cet article comporte un compartiment int\u00e9rieur pour le r\u00e9servoir, avec une sangle pour le maintenir en place.<\/li>\n<li>Sortie du <b>tube d&#8217;<\/b>hydratation : trou de sortie cousu \u00e0 l&#8217;int\u00e9rieur pour le tube d&#8217;hydratation.<\/li>\n<li>Compatible avec les r\u00e9servoirs de 1,5 l<\/li>\n<li>2 flacons souples de 500 ml avec ouverture de 28 mm inclus<\/li>\n<\/ul>\n<\/div>\n<div class=\"pdp-gap-m\">\n<p class=\"pdp-sidebar-popin-details_subtitle\">POCHES ET COMPARTIMENTS<\/p>\n<ul>\n<li>1 compartiment arri\u00e8re<\/li>\n<li>1 poche frontale zipp\u00e9e<\/li>\n<li>1 poche int\u00e9rieure<\/li>\n<li><b>2 poches extensibles \u00e0 l&#8217;avant<\/b>: extensibles pour ranger les objets essentiels et y acc\u00e9der sans s&#8217;arr\u00eater.<\/li>\n<\/ul>\n<\/div>\n<div class=\"pdp-gap-m\">\n<p class=\"pdp-sidebar-popin-details_subtitle\">OUVERTURE ET FERMETURE<\/p>\n<p><b>Ouverture large<\/b>: les sacs de sport Salomon ont une ouverture large pour faciliter la visibilit\u00e9 et le rangement de l&#8217;\u00e9quipement.<\/p>\n<\/div>\n<div class=\"pdp-gap-m\">\n<p class=\"pdp-sidebar-popin-details_subtitle\">SYST\u00c8ME DE TRANSPORT<\/p>\n<ul>\n<li><b>Custom Quiver<\/b> System : Optimisez votre sac \u00e0 dos avec le Custom Quiver System pour un acc\u00e8s rapide et un transport stable des b\u00e2tons. Pr\u00eat \u00e0 \u00eatre fix\u00e9 au sac \u00e0 dos.<\/li>\n<li><b>Syst\u00e8me d&#8217;attache compatible avec Custom Quiver<\/b>: compos\u00e9 de crochets sur le compartiment et d&#8217;anneaux sur les sacs \u00e0 dos SENSE.<\/li>\n<li><b>Porte-cl\u00e9s<\/b>: Fabriqu\u00e9 en mat\u00e9riau \u00e9lastique, pour retirer facilement les cl\u00e9s du sac \u00e0 dos sans risquer de les perdre.<\/li>\n<\/ul>\n<\/div>\n<div class=\"pdp-gap-m\">\n<p class=\"pdp-sidebar-popin-details_subtitle\">TISSUS<\/p>\n<ul>\n<li><b>3D Airmesh<\/b>: Maille tridimensionnelle tr\u00e8s douce qui s&#8217;adapte au corps en mouvement, sans causer d&#8217;abrasion sur la peau ou le t-shirt. Les larges trous le rendent tr\u00e8s respirant et confortable. Tr\u00e8s l\u00e9ger, il est id\u00e9al pour les sacs \u00e0 dos de trail running.<\/li>\n<li><b>Elastic Power Mesh<\/b>: Ultra extensible et respirant, il s&#8217;adapte au corps.<\/li>\n<li>Tissus <b>drainants<\/b>: Avec un s\u00e9chage rapide optimis\u00e9 et un contr\u00f4le de l&#8217;humidit\u00e9, ces tissus l\u00e9gers et sans odeur garantissent des performances sup\u00e9rieures et un grand confort.<\/li>\n<\/ul>\n<\/div>\n<p>CAPACIT\u00c9<\/p>\n<ul>\n<li>Volume : 8 litres<\/li>\n<li>Poids : 213 g<\/li>\n<\/ul>\n<p>&nbsp;<\/p>\n<h3><\/h3>\n<h3><\/h3>\n<p>&nbsp;<\/p>\n","protected":false},"excerpt":{"rendered":"<ul>\n<li>Sac \u00e0 dos id\u00e9al pour l&#8217;entra\u00eenement en trail.<\/li>\n<li>Capacit\u00e9 de 8 litres.<\/li>\n<li>\u00c9quip\u00e9 de deux gourdes de 500 ml.<\/li>\n<\/ul>\n","protected":false},"featured_media":265949,"template":"","meta":{"_acf_changed":false,"inline_featured_image":false},"product_brand":[],"product_cat":[22589,22587,22538],"product_tag":[23581],"class_list":{"0":"post-295771","1":"product","2":"type-product","3":"status-publish","4":"has-post-thumbnail","6":"product_cat-sacs-a-dos","7":"product_cat-sacs-a-dos-et-ceintures","8":"product_cat-accessoires","9":"product_tag-salomon-fr","10":"pa_attivita-outdoor-fr","11":"pa_attivita-trail-fr","12":"pa_colore-active-skin-8-set-black-metal-fr","13":"pa_colore-active-skin-8-set-laurel-wreath-lily-pad-fr","14":"pa_colore-active-skin-8-set-red-dahlia-high-risk-fr","15":"pa_marca-salomon-fr","16":"pa_sesso-femme","17":"pa_sesso-homme","18":"pa_size-medium-fr","19":"pa_size-large-fr","20":"pa_size-extra-large-fr","22":"first","23":"instock","24":"sale","25":"taxable","26":"shipping-taxable","27":"purchasable","28":"product-type-variable","29":"wvs-archive-product-wrapper"},"acf":[],"yoast_head":"<!-- This site is optimized with the Yoast SEO plugin v26.8 - https:\/\/yoast.com\/product\/yoast-seo-wordpress\/ -->\n<title>Salomon Active Skin 8 l - sac \u00e0 dos de course - MioMioRun<\/title>\n<meta name=\"description\" content=\"La version r\u00e9vis\u00e9e de l&#039;Active Skin 8 est encore plus pratique et plus confortable \u00e0 porter. Les tissus doux et respirants sont toujours les m\u00eames\" \/>\n<meta name=\"robots\" content=\"index, follow, max-snippet:-1, max-image-preview:large, max-video-preview:-1\" \/>\n<link rel=\"canonical\" href=\"https:\/\/www.miomiorun.com\/fr\/produit\/active-skin-8-l\/\" \/>\n<meta property=\"og:locale\" content=\"fr_FR\" \/>\n<meta property=\"og:type\" content=\"article\" \/>\n<meta property=\"og:title\" content=\"Salomon Active Skin 8 l - sac \u00e0 dos de course - MioMioRun\" \/>\n<meta property=\"og:description\" content=\"La version r\u00e9vis\u00e9e de l&#039;Active Skin 8 est encore plus pratique et plus confortable \u00e0 porter. Les tissus doux et respirants sont toujours les m\u00eames\" \/>\n<meta property=\"og:url\" content=\"https:\/\/www.miomiorun.com\/fr\/produit\/active-skin-8-l\/\" \/>\n<meta property=\"og:site_name\" content=\"MioMioRun\" \/>\n<meta property=\"article:publisher\" content=\"https:\/\/www.facebook.com\/miomiorun\/\" \/>\n<meta property=\"article:modified_time\" content=\"2026-05-08T20:18:35+00:00\" \/>\n<meta property=\"og:image\" content=\"https:\/\/www.miomiorun.com\/app\/uploads\/2025\/03\/salomon-Active-skin-8-set-laurel-wreath-lily-pad-LC2178000.webp\" \/>\n\t<meta property=\"og:image:width\" content=\"600\" \/>\n\t<meta property=\"og:image:height\" content=\"600\" \/>\n\t<meta property=\"og:image:type\" content=\"image\/webp\" \/>\n<meta name=\"twitter:card\" content=\"summary_large_image\" \/>\n<meta name=\"twitter:label1\" content=\"Est. reading time\" \/>\n\t<meta name=\"twitter:data1\" content=\"2 minutes\" \/>\n<script type=\"application\/ld+json\" class=\"yoast-schema-graph\">{\"@context\":\"https:\/\/schema.org\",\"@graph\":[{\"@type\":\"WebPage\",\"@id\":\"https:\/\/www.miomiorun.com\/fr\/produit\/active-skin-8-l\/\",\"url\":\"https:\/\/www.miomiorun.com\/fr\/produit\/active-skin-8-l\/\",\"name\":\"Salomon Active Skin 8 l - sac \u00e0 dos de course - MioMioRun\",\"isPartOf\":{\"@id\":\"https:\/\/www.miomiorun.com\/fr\/#website\"},\"primaryImageOfPage\":{\"@id\":\"https:\/\/www.miomiorun.com\/fr\/produit\/active-skin-8-l\/#primaryimage\"},\"image\":{\"@id\":\"https:\/\/www.miomiorun.com\/fr\/produit\/active-skin-8-l\/#primaryimage\"},\"thumbnailUrl\":\"https:\/\/www.miomiorun.com\/app\/uploads\/2025\/03\/salomon-Active-skin-8-set-laurel-wreath-lily-pad-LC2178000.webp\",\"datePublished\":\"2024-10-08T11:32:36+00:00\",\"dateModified\":\"2026-05-08T20:18:35+00:00\",\"description\":\"La version r\u00e9vis\u00e9e de l'Active Skin 8 est encore plus pratique et plus confortable \u00e0 porter. Les tissus doux et respirants sont toujours les m\u00eames\",\"breadcrumb\":{\"@id\":\"https:\/\/www.miomiorun.com\/fr\/produit\/active-skin-8-l\/#breadcrumb\"},\"inLanguage\":\"fr-FR\",\"potentialAction\":[{\"@type\":\"ReadAction\",\"target\":[\"https:\/\/www.miomiorun.com\/fr\/produit\/active-skin-8-l\/\"]}]},{\"@type\":\"ImageObject\",\"inLanguage\":\"fr-FR\",\"@id\":\"https:\/\/www.miomiorun.com\/fr\/produit\/active-skin-8-l\/#primaryimage\",\"url\":\"https:\/\/www.miomiorun.com\/app\/uploads\/2025\/03\/salomon-Active-skin-8-set-laurel-wreath-lily-pad-LC2178000.webp\",\"contentUrl\":\"https:\/\/www.miomiorun.com\/app\/uploads\/2025\/03\/salomon-Active-skin-8-set-laurel-wreath-lily-pad-LC2178000.webp\",\"width\":600,\"height\":600,\"caption\":\"salomon Active skin 8 set laurel wreath lily pad LC2178000\"},{\"@type\":\"BreadcrumbList\",\"@id\":\"https:\/\/www.miomiorun.com\/fr\/produit\/active-skin-8-l\/#breadcrumb\",\"itemListElement\":[{\"@type\":\"ListItem\",\"position\":1,\"name\":\"Home\",\"item\":\"https:\/\/www.miomiorun.com\/fr\/home-page\/\"},{\"@type\":\"ListItem\",\"position\":2,\"name\":\"Shop\",\"item\":\"https:\/\/www.miomiorun.com\/shop\/\"},{\"@type\":\"ListItem\",\"position\":3,\"name\":\"Active Skin 8 l\"}]},{\"@type\":\"WebSite\",\"@id\":\"https:\/\/www.miomiorun.com\/fr\/#website\",\"url\":\"https:\/\/www.miomiorun.com\/fr\/\",\"name\":\"MioMioRun\",\"description\":\"Boutique 100% running et trail\",\"publisher\":{\"@id\":\"https:\/\/www.miomiorun.com\/fr\/#organization\"},\"potentialAction\":[{\"@type\":\"SearchAction\",\"target\":{\"@type\":\"EntryPoint\",\"urlTemplate\":\"https:\/\/www.miomiorun.com\/fr\/?s={search_term_string}\"},\"query-input\":{\"@type\":\"PropertyValueSpecification\",\"valueRequired\":true,\"valueName\":\"search_term_string\"}}],\"inLanguage\":\"fr-FR\"},{\"@type\":\"Organization\",\"@id\":\"https:\/\/www.miomiorun.com\/fr\/#organization\",\"name\":\"MioMio Run\",\"url\":\"https:\/\/www.miomiorun.com\/fr\/\",\"logo\":{\"@type\":\"ImageObject\",\"inLanguage\":\"fr-FR\",\"@id\":\"https:\/\/www.miomiorun.com\/fr\/#\/schema\/logo\/image\/\",\"url\":\"https:\/\/www.miomiorun.com\/app\/uploads\/2019\/12\/logomio.png\",\"contentUrl\":\"https:\/\/www.miomiorun.com\/app\/uploads\/2019\/12\/logomio.png\",\"width\":115,\"height\":82,\"caption\":\"MioMio Run\"},\"image\":{\"@id\":\"https:\/\/www.miomiorun.com\/fr\/#\/schema\/logo\/image\/\"},\"sameAs\":[\"https:\/\/www.facebook.com\/miomiorun\/\",\"https:\/\/www.instagram.com\/miomiorun\/\"]}]}<\/script>\n<!-- \/ Yoast SEO plugin. -->","yoast_head_json":{"title":"Salomon Active Skin 8 l - sac \u00e0 dos de course - MioMioRun","description":"La version r\u00e9vis\u00e9e de l'Active Skin 8 est encore plus pratique et plus confortable \u00e0 porter. Les tissus doux et respirants sont toujours les m\u00eames","robots":{"index":"index","follow":"follow","max-snippet":"max-snippet:-1","max-image-preview":"max-image-preview:large","max-video-preview":"max-video-preview:-1"},"canonical":"https:\/\/www.miomiorun.com\/fr\/produit\/active-skin-8-l\/","og_locale":"fr_FR","og_type":"article","og_title":"Salomon Active Skin 8 l - sac \u00e0 dos de course - MioMioRun","og_description":"La version r\u00e9vis\u00e9e de l'Active Skin 8 est encore plus pratique et plus confortable \u00e0 porter. Les tissus doux et respirants sont toujours les m\u00eames","og_url":"https:\/\/www.miomiorun.com\/fr\/produit\/active-skin-8-l\/","og_site_name":"MioMioRun","article_publisher":"https:\/\/www.facebook.com\/miomiorun\/","article_modified_time":"2026-05-08T20:18:35+00:00","og_image":[{"width":600,"height":600,"url":"https:\/\/www.miomiorun.com\/app\/uploads\/2025\/03\/salomon-Active-skin-8-set-laurel-wreath-lily-pad-LC2178000.webp","type":"image\/webp"}],"twitter_card":"summary_large_image","twitter_misc":{"Est. reading time":"2 minutes"},"schema":{"@context":"https:\/\/schema.org","@graph":[{"@type":"WebPage","@id":"https:\/\/www.miomiorun.com\/fr\/produit\/active-skin-8-l\/","url":"https:\/\/www.miomiorun.com\/fr\/produit\/active-skin-8-l\/","name":"Salomon Active Skin 8 l - sac \u00e0 dos de course - MioMioRun","isPartOf":{"@id":"https:\/\/www.miomiorun.com\/fr\/#website"},"primaryImageOfPage":{"@id":"https:\/\/www.miomiorun.com\/fr\/produit\/active-skin-8-l\/#primaryimage"},"image":{"@id":"https:\/\/www.miomiorun.com\/fr\/produit\/active-skin-8-l\/#primaryimage"},"thumbnailUrl":"https:\/\/www.miomiorun.com\/app\/uploads\/2025\/03\/salomon-Active-skin-8-set-laurel-wreath-lily-pad-LC2178000.webp","datePublished":"2024-10-08T11:32:36+00:00","dateModified":"2026-05-08T20:18:35+00:00","description":"La version r\u00e9vis\u00e9e de l'Active Skin 8 est encore plus pratique et plus confortable \u00e0 porter. Les tissus doux et respirants sont toujours les m\u00eames","breadcrumb":{"@id":"https:\/\/www.miomiorun.com\/fr\/produit\/active-skin-8-l\/#breadcrumb"},"inLanguage":"fr-FR","potentialAction":[{"@type":"ReadAction","target":["https:\/\/www.miomiorun.com\/fr\/produit\/active-skin-8-l\/"]}]},{"@type":"ImageObject","inLanguage":"fr-FR","@id":"https:\/\/www.miomiorun.com\/fr\/produit\/active-skin-8-l\/#primaryimage","url":"https:\/\/www.miomiorun.com\/app\/uploads\/2025\/03\/salomon-Active-skin-8-set-laurel-wreath-lily-pad-LC2178000.webp","contentUrl":"https:\/\/www.miomiorun.com\/app\/uploads\/2025\/03\/salomon-Active-skin-8-set-laurel-wreath-lily-pad-LC2178000.webp","width":600,"height":600,"caption":"salomon Active skin 8 set laurel wreath lily pad LC2178000"},{"@type":"BreadcrumbList","@id":"https:\/\/www.miomiorun.com\/fr\/produit\/active-skin-8-l\/#breadcrumb","itemListElement":[{"@type":"ListItem","position":1,"name":"Home","item":"https:\/\/www.miomiorun.com\/fr\/home-page\/"},{"@type":"ListItem","position":2,"name":"Shop","item":"https:\/\/www.miomiorun.com\/shop\/"},{"@type":"ListItem","position":3,"name":"Active Skin 8 l"}]},{"@type":"WebSite","@id":"https:\/\/www.miomiorun.com\/fr\/#website","url":"https:\/\/www.miomiorun.com\/fr\/","name":"MioMioRun","description":"Boutique 100% running et trail","publisher":{"@id":"https:\/\/www.miomiorun.com\/fr\/#organization"},"potentialAction":[{"@type":"SearchAction","target":{"@type":"EntryPoint","urlTemplate":"https:\/\/www.miomiorun.com\/fr\/?s={search_term_string}"},"query-input":{"@type":"PropertyValueSpecification","valueRequired":true,"valueName":"search_term_string"}}],"inLanguage":"fr-FR"},{"@type":"Organization","@id":"https:\/\/www.miomiorun.com\/fr\/#organization","name":"MioMio Run","url":"https:\/\/www.miomiorun.com\/fr\/","logo":{"@type":"ImageObject","inLanguage":"fr-FR","@id":"https:\/\/www.miomiorun.com\/fr\/#\/schema\/logo\/image\/","url":"https:\/\/www.miomiorun.com\/app\/uploads\/2019\/12\/logomio.png","contentUrl":"https:\/\/www.miomiorun.com\/app\/uploads\/2019\/12\/logomio.png","width":115,"height":82,"caption":"MioMio Run"},"image":{"@id":"https:\/\/www.miomiorun.com\/fr\/#\/schema\/logo\/image\/"},"sameAs":["https:\/\/www.facebook.com\/miomiorun\/","https:\/\/www.instagram.com\/miomiorun\/"]}]}},"_links":{"self":[{"href":"https:\/\/www.miomiorun.com\/fr\/wp-json\/wp\/v2\/product\/295771","targetHints":{"allow":["GET"]}}],"collection":[{"href":"https:\/\/www.miomiorun.com\/fr\/wp-json\/wp\/v2\/product"}],"about":[{"href":"https:\/\/www.miomiorun.com\/fr\/wp-json\/wp\/v2\/types\/product"}],"wp:featuredmedia":[{"embeddable":true,"href":"https:\/\/www.miomiorun.com\/fr\/wp-json\/wp\/v2\/media\/265949"}],"wp:attachment":[{"href":"https:\/\/www.miomiorun.com\/fr\/wp-json\/wp\/v2\/media?parent=295771"}],"wp:term":[{"taxonomy":"product_brand","embeddable":true,"href":"https:\/\/www.miomiorun.com\/fr\/wp-json\/wp\/v2\/product_brand?post=295771"},{"taxonomy":"product_cat","embeddable":true,"href":"https:\/\/www.miomiorun.com\/fr\/wp-json\/wp\/v2\/product_cat?post=295771"},{"taxonomy":"product_tag","embeddable":true,"href":"https:\/\/www.miomiorun.com\/fr\/wp-json\/wp\/v2\/product_tag?post=295771"}],"curies":[{"name":"wp","href":"https:\/\/api.w.org\/{rel}","templated":true}]}}