{"id":295769,"date":"2024-10-08T14:02:29","date_gmt":"2024-10-08T12:02:29","guid":{"rendered":"https:\/\/miomiorun.com\/prodotto\/pro-dry-nanoweight-ls-uomo\/"},"modified":"2025-05-28T16:55:06","modified_gmt":"2025-05-28T14:55:06","slug":"pro-dry-nanoweight-ls-homme","status":"publish","type":"product","link":"https:\/\/www.miomiorun.com\/fr\/produit\/pro-dry-nanoweight-ls-homme\/","title":{"rendered":"Pro Dry Nanoweight LS homme"},"content":{"rendered":"<h3 style=\"text-align: center;\">Maillot de base \u00e0 manches longues en maille ultra-l\u00e9g\u00e8re pour des performances de niveau mondial.<\/h3>\n<p>Le <strong>Pro Dry Nanoweight LS<\/strong> pour homme est un maillot de couche de base \u00e0 manches longues en maille ultra-l\u00e9g\u00e8re avec une gestion sup\u00e9rieure de l&#8217;humidit\u00e9, con\u00e7u pour les athl\u00e8tes de haut niveau. Le v\u00eatement est fabriqu\u00e9 dans un tissu en maille exceptionnellement fin et comporte des d\u00e9tails coll\u00e9s pour une construction l\u00e9g\u00e8re et ajust\u00e9e. C&#8217;est le choix id\u00e9al lorsque vous avez besoin d&#8217;un transport optimal de l&#8217;humidit\u00e9 de la peau vers la couche suivante.<\/p>\n<ul>\n<li>Tricot super l\u00e9ger et rafra\u00eechissant (80 g\/m\u00b2)<\/li>\n<li>Polyester recycl\u00e9<\/li>\n<li>D\u00e9tails coll\u00e9s<\/li>\n<li>Coupe ajust\u00e9e<\/li>\n<li>Manches longues<\/li>\n<\/ul>\n<h2>Mati\u00e8res et lavage<\/h2>\n<p>47% Polyester 38% Polyester recycl\u00e9 15% Elasthanne<\/p>\n<p>&nbsp;<\/p>\n","protected":false},"excerpt":{"rendered":"<ul>\n<li>Sous-v\u00eatement thermique ultra-l\u00e9ger pour une meilleure gestion de l&#8217;humidit\u00e9.<\/li>\n<li>Id\u00e9al pour les activit\u00e9s sportives.<\/li>\n<\/ul>\n","protected":false},"featured_media":249694,"template":"","meta":{"_acf_changed":false,"inline_featured_image":false},"product_brand":[],"product_cat":[22600,24479,24482],"product_tag":[23554,23647],"class_list":{"0":"post-295769","1":"product","2":"type-product","3":"status-publish","4":"has-post-thumbnail","6":"product_cat-sous-vetements","7":"product_cat-sous-vetements-fr-2","8":"product_cat-vetements-pour-hommes-fr","9":"product_tag-craft-fr","10":"product_tag-craft-homme","11":"pa_attivita-marcher","12":"pa_attivita-outdoor-fr","13":"pa_attivita-running-fr","14":"pa_attivita-trail-fr","15":"pa_colore-pro-dry-nanoweight-ls-m-black-fr","16":"pa_marca-craft-fr","17":"pa_sesso-homme","18":"pa_size-small-fr","19":"pa_size-medium-fr","20":"pa_size-large-fr","22":"first","23":"instock","24":"sale","25":"taxable","26":"shipping-taxable","27":"purchasable","28":"product-type-variable","29":"wvs-archive-product-wrapper"},"acf":[],"yoast_head":"<!-- This site is optimized with the Yoast SEO plugin v26.8 - https:\/\/yoast.com\/product\/yoast-seo-wordpress\/ -->\n<title>Craft Pro Dry Nanoweight LS homme - Sous-v\u00eatements thermiques- MioMioRun<\/title>\n<meta name=\"description\" content=\"Le Pro Dry Nanoweight LS pour hommes est un maillot de base \u00e0 manches longues en maille ultra-l\u00e9g\u00e8re avec une gestion sup\u00e9rieure de l&#039;humidit\u00e9.\" \/>\n<meta name=\"robots\" content=\"index, follow, max-snippet:-1, max-image-preview:large, max-video-preview:-1\" \/>\n<link rel=\"canonical\" href=\"https:\/\/www.miomiorun.com\/fr\/produit\/pro-dry-nanoweight-ls-homme\/\" \/>\n<meta property=\"og:locale\" content=\"fr_FR\" \/>\n<meta property=\"og:type\" content=\"article\" \/>\n<meta property=\"og:title\" content=\"Craft Pro Dry Nanoweight LS homme - Sous-v\u00eatements thermiques- MioMioRun\" \/>\n<meta property=\"og:description\" content=\"Le Pro Dry Nanoweight LS pour hommes est un maillot de base \u00e0 manches longues en maille ultra-l\u00e9g\u00e8re avec une gestion sup\u00e9rieure de l&#039;humidit\u00e9.\" \/>\n<meta property=\"og:url\" content=\"https:\/\/www.miomiorun.com\/fr\/produit\/pro-dry-nanoweight-ls-homme\/\" \/>\n<meta property=\"og:site_name\" content=\"MioMioRun\" \/>\n<meta property=\"article:publisher\" content=\"https:\/\/www.facebook.com\/miomiorun\/\" \/>\n<meta property=\"article:modified_time\" content=\"2025-05-28T14:55:06+00:00\" \/>\n<meta property=\"og:image\" content=\"https:\/\/www.miomiorun.com\/app\/uploads\/2024\/10\/craft-Pro-dry-nanoweight-LS-M-black-1908852-999000.webp\" \/>\n\t<meta property=\"og:image:width\" content=\"600\" \/>\n\t<meta property=\"og:image:height\" content=\"600\" \/>\n\t<meta property=\"og:image:type\" content=\"image\/webp\" \/>\n<meta name=\"twitter:card\" content=\"summary_large_image\" \/>\n<meta name=\"twitter:label1\" content=\"Est. reading time\" \/>\n\t<meta name=\"twitter:data1\" content=\"1 minute\" \/>\n<script type=\"application\/ld+json\" class=\"yoast-schema-graph\">{\"@context\":\"https:\/\/schema.org\",\"@graph\":[{\"@type\":\"WebPage\",\"@id\":\"https:\/\/www.miomiorun.com\/fr\/produit\/pro-dry-nanoweight-ls-homme\/\",\"url\":\"https:\/\/www.miomiorun.com\/fr\/produit\/pro-dry-nanoweight-ls-homme\/\",\"name\":\"Craft Pro Dry Nanoweight LS homme - Sous-v\u00eatements thermiques- MioMioRun\",\"isPartOf\":{\"@id\":\"https:\/\/www.miomiorun.com\/fr\/#website\"},\"primaryImageOfPage\":{\"@id\":\"https:\/\/www.miomiorun.com\/fr\/produit\/pro-dry-nanoweight-ls-homme\/#primaryimage\"},\"image\":{\"@id\":\"https:\/\/www.miomiorun.com\/fr\/produit\/pro-dry-nanoweight-ls-homme\/#primaryimage\"},\"thumbnailUrl\":\"https:\/\/www.miomiorun.com\/app\/uploads\/2024\/10\/craft-Pro-dry-nanoweight-LS-M-black-1908852-999000.webp\",\"datePublished\":\"2024-10-08T12:02:29+00:00\",\"dateModified\":\"2025-05-28T14:55:06+00:00\",\"description\":\"Le Pro Dry Nanoweight LS pour hommes est un maillot de base \u00e0 manches longues en maille ultra-l\u00e9g\u00e8re avec une gestion sup\u00e9rieure de l'humidit\u00e9.\",\"breadcrumb\":{\"@id\":\"https:\/\/www.miomiorun.com\/fr\/produit\/pro-dry-nanoweight-ls-homme\/#breadcrumb\"},\"inLanguage\":\"fr-FR\",\"potentialAction\":[{\"@type\":\"ReadAction\",\"target\":[\"https:\/\/www.miomiorun.com\/fr\/produit\/pro-dry-nanoweight-ls-homme\/\"]}]},{\"@type\":\"ImageObject\",\"inLanguage\":\"fr-FR\",\"@id\":\"https:\/\/www.miomiorun.com\/fr\/produit\/pro-dry-nanoweight-ls-homme\/#primaryimage\",\"url\":\"https:\/\/www.miomiorun.com\/app\/uploads\/2024\/10\/craft-Pro-dry-nanoweight-LS-M-black-1908852-999000.webp\",\"contentUrl\":\"https:\/\/www.miomiorun.com\/app\/uploads\/2024\/10\/craft-Pro-dry-nanoweight-LS-M-black-1908852-999000.webp\",\"width\":600,\"height\":600,\"caption\":\"craft Pro dry nanoweight LS M black 1908852-999000\"},{\"@type\":\"BreadcrumbList\",\"@id\":\"https:\/\/www.miomiorun.com\/fr\/produit\/pro-dry-nanoweight-ls-homme\/#breadcrumb\",\"itemListElement\":[{\"@type\":\"ListItem\",\"position\":1,\"name\":\"Home\",\"item\":\"https:\/\/www.miomiorun.com\/fr\/home-page\/\"},{\"@type\":\"ListItem\",\"position\":2,\"name\":\"Shop\",\"item\":\"https:\/\/www.miomiorun.com\/shop\/\"},{\"@type\":\"ListItem\",\"position\":3,\"name\":\"Pro Dry Nanoweight LS homme\"}]},{\"@type\":\"WebSite\",\"@id\":\"https:\/\/www.miomiorun.com\/fr\/#website\",\"url\":\"https:\/\/www.miomiorun.com\/fr\/\",\"name\":\"MioMioRun\",\"description\":\"Boutique 100% running et trail\",\"publisher\":{\"@id\":\"https:\/\/www.miomiorun.com\/fr\/#organization\"},\"potentialAction\":[{\"@type\":\"SearchAction\",\"target\":{\"@type\":\"EntryPoint\",\"urlTemplate\":\"https:\/\/www.miomiorun.com\/fr\/?s={search_term_string}\"},\"query-input\":{\"@type\":\"PropertyValueSpecification\",\"valueRequired\":true,\"valueName\":\"search_term_string\"}}],\"inLanguage\":\"fr-FR\"},{\"@type\":\"Organization\",\"@id\":\"https:\/\/www.miomiorun.com\/fr\/#organization\",\"name\":\"MioMio Run\",\"url\":\"https:\/\/www.miomiorun.com\/fr\/\",\"logo\":{\"@type\":\"ImageObject\",\"inLanguage\":\"fr-FR\",\"@id\":\"https:\/\/www.miomiorun.com\/fr\/#\/schema\/logo\/image\/\",\"url\":\"https:\/\/www.miomiorun.com\/app\/uploads\/2019\/12\/logomio.png\",\"contentUrl\":\"https:\/\/www.miomiorun.com\/app\/uploads\/2019\/12\/logomio.png\",\"width\":115,\"height\":82,\"caption\":\"MioMio Run\"},\"image\":{\"@id\":\"https:\/\/www.miomiorun.com\/fr\/#\/schema\/logo\/image\/\"},\"sameAs\":[\"https:\/\/www.facebook.com\/miomiorun\/\",\"https:\/\/www.instagram.com\/miomiorun\/\"]}]}<\/script>\n<!-- \/ Yoast SEO plugin. -->","yoast_head_json":{"title":"Craft Pro Dry Nanoweight LS homme - Sous-v\u00eatements thermiques- MioMioRun","description":"Le Pro Dry Nanoweight LS pour hommes est un maillot de base \u00e0 manches longues en maille ultra-l\u00e9g\u00e8re avec une gestion sup\u00e9rieure de l'humidit\u00e9.","robots":{"index":"index","follow":"follow","max-snippet":"max-snippet:-1","max-image-preview":"max-image-preview:large","max-video-preview":"max-video-preview:-1"},"canonical":"https:\/\/www.miomiorun.com\/fr\/produit\/pro-dry-nanoweight-ls-homme\/","og_locale":"fr_FR","og_type":"article","og_title":"Craft Pro Dry Nanoweight LS homme - Sous-v\u00eatements thermiques- MioMioRun","og_description":"Le Pro Dry Nanoweight LS pour hommes est un maillot de base \u00e0 manches longues en maille ultra-l\u00e9g\u00e8re avec une gestion sup\u00e9rieure de l'humidit\u00e9.","og_url":"https:\/\/www.miomiorun.com\/fr\/produit\/pro-dry-nanoweight-ls-homme\/","og_site_name":"MioMioRun","article_publisher":"https:\/\/www.facebook.com\/miomiorun\/","article_modified_time":"2025-05-28T14:55:06+00:00","og_image":[{"width":600,"height":600,"url":"https:\/\/www.miomiorun.com\/app\/uploads\/2024\/10\/craft-Pro-dry-nanoweight-LS-M-black-1908852-999000.webp","type":"image\/webp"}],"twitter_card":"summary_large_image","twitter_misc":{"Est. reading time":"1 minute"},"schema":{"@context":"https:\/\/schema.org","@graph":[{"@type":"WebPage","@id":"https:\/\/www.miomiorun.com\/fr\/produit\/pro-dry-nanoweight-ls-homme\/","url":"https:\/\/www.miomiorun.com\/fr\/produit\/pro-dry-nanoweight-ls-homme\/","name":"Craft Pro Dry Nanoweight LS homme - Sous-v\u00eatements thermiques- MioMioRun","isPartOf":{"@id":"https:\/\/www.miomiorun.com\/fr\/#website"},"primaryImageOfPage":{"@id":"https:\/\/www.miomiorun.com\/fr\/produit\/pro-dry-nanoweight-ls-homme\/#primaryimage"},"image":{"@id":"https:\/\/www.miomiorun.com\/fr\/produit\/pro-dry-nanoweight-ls-homme\/#primaryimage"},"thumbnailUrl":"https:\/\/www.miomiorun.com\/app\/uploads\/2024\/10\/craft-Pro-dry-nanoweight-LS-M-black-1908852-999000.webp","datePublished":"2024-10-08T12:02:29+00:00","dateModified":"2025-05-28T14:55:06+00:00","description":"Le Pro Dry Nanoweight LS pour hommes est un maillot de base \u00e0 manches longues en maille ultra-l\u00e9g\u00e8re avec une gestion sup\u00e9rieure de l'humidit\u00e9.","breadcrumb":{"@id":"https:\/\/www.miomiorun.com\/fr\/produit\/pro-dry-nanoweight-ls-homme\/#breadcrumb"},"inLanguage":"fr-FR","potentialAction":[{"@type":"ReadAction","target":["https:\/\/www.miomiorun.com\/fr\/produit\/pro-dry-nanoweight-ls-homme\/"]}]},{"@type":"ImageObject","inLanguage":"fr-FR","@id":"https:\/\/www.miomiorun.com\/fr\/produit\/pro-dry-nanoweight-ls-homme\/#primaryimage","url":"https:\/\/www.miomiorun.com\/app\/uploads\/2024\/10\/craft-Pro-dry-nanoweight-LS-M-black-1908852-999000.webp","contentUrl":"https:\/\/www.miomiorun.com\/app\/uploads\/2024\/10\/craft-Pro-dry-nanoweight-LS-M-black-1908852-999000.webp","width":600,"height":600,"caption":"craft Pro dry nanoweight LS M black 1908852-999000"},{"@type":"BreadcrumbList","@id":"https:\/\/www.miomiorun.com\/fr\/produit\/pro-dry-nanoweight-ls-homme\/#breadcrumb","itemListElement":[{"@type":"ListItem","position":1,"name":"Home","item":"https:\/\/www.miomiorun.com\/fr\/home-page\/"},{"@type":"ListItem","position":2,"name":"Shop","item":"https:\/\/www.miomiorun.com\/shop\/"},{"@type":"ListItem","position":3,"name":"Pro Dry Nanoweight LS homme"}]},{"@type":"WebSite","@id":"https:\/\/www.miomiorun.com\/fr\/#website","url":"https:\/\/www.miomiorun.com\/fr\/","name":"MioMioRun","description":"Boutique 100% running et trail","publisher":{"@id":"https:\/\/www.miomiorun.com\/fr\/#organization"},"potentialAction":[{"@type":"SearchAction","target":{"@type":"EntryPoint","urlTemplate":"https:\/\/www.miomiorun.com\/fr\/?s={search_term_string}"},"query-input":{"@type":"PropertyValueSpecification","valueRequired":true,"valueName":"search_term_string"}}],"inLanguage":"fr-FR"},{"@type":"Organization","@id":"https:\/\/www.miomiorun.com\/fr\/#organization","name":"MioMio Run","url":"https:\/\/www.miomiorun.com\/fr\/","logo":{"@type":"ImageObject","inLanguage":"fr-FR","@id":"https:\/\/www.miomiorun.com\/fr\/#\/schema\/logo\/image\/","url":"https:\/\/www.miomiorun.com\/app\/uploads\/2019\/12\/logomio.png","contentUrl":"https:\/\/www.miomiorun.com\/app\/uploads\/2019\/12\/logomio.png","width":115,"height":82,"caption":"MioMio Run"},"image":{"@id":"https:\/\/www.miomiorun.com\/fr\/#\/schema\/logo\/image\/"},"sameAs":["https:\/\/www.facebook.com\/miomiorun\/","https:\/\/www.instagram.com\/miomiorun\/"]}]}},"_links":{"self":[{"href":"https:\/\/www.miomiorun.com\/fr\/wp-json\/wp\/v2\/product\/295769","targetHints":{"allow":["GET"]}}],"collection":[{"href":"https:\/\/www.miomiorun.com\/fr\/wp-json\/wp\/v2\/product"}],"about":[{"href":"https:\/\/www.miomiorun.com\/fr\/wp-json\/wp\/v2\/types\/product"}],"wp:featuredmedia":[{"embeddable":true,"href":"https:\/\/www.miomiorun.com\/fr\/wp-json\/wp\/v2\/media\/249694"}],"wp:attachment":[{"href":"https:\/\/www.miomiorun.com\/fr\/wp-json\/wp\/v2\/media?parent=295769"}],"wp:term":[{"taxonomy":"product_brand","embeddable":true,"href":"https:\/\/www.miomiorun.com\/fr\/wp-json\/wp\/v2\/product_brand?post=295769"},{"taxonomy":"product_cat","embeddable":true,"href":"https:\/\/www.miomiorun.com\/fr\/wp-json\/wp\/v2\/product_cat?post=295769"},{"taxonomy":"product_tag","embeddable":true,"href":"https:\/\/www.miomiorun.com\/fr\/wp-json\/wp\/v2\/product_tag?post=295769"}],"curies":[{"name":"wp","href":"https:\/\/api.w.org\/{rel}","templated":true}]}}