{"id":295716,"date":"2024-10-08T14:26:27","date_gmt":"2024-10-08T12:26:27","guid":{"rendered":"https:\/\/miomiorun.com\/prodotto\/adv-essence-training-pants-2-donna\/"},"modified":"2025-05-21T12:27:25","modified_gmt":"2025-05-21T10:27:25","slug":"adv-essence-training-pants-2-femme","status":"publish","type":"product","link":"https:\/\/www.miomiorun.com\/fr\/produit\/adv-essence-training-pants-2-femme\/","title":{"rendered":"ADV Essence Training Pants 2 femme"},"content":{"rendered":"<div id=\"tw-target-text-container\" class=\"tw-ta-container F0azHf tw-nfl\" tabindex=\"0\">\n<p>Le pantalon <strong>d&#8217;entra\u00eenement ADV Essence Training Pants 2<\/strong> pour femmes est un pantalon d&#8217;entra\u00eenement tr\u00e8s fonctionnel con\u00e7u pour les entra\u00eenements \u00e0 haute intensit\u00e9.<\/p>\n<p>Ce pantalon d&#8217;entra\u00eenement de pointe est fabriqu\u00e9 en polyester recycl\u00e9, ce qui garantit une grande \u00e9lasticit\u00e9 et une bonne fonctionnalit\u00e9 lors des entra\u00eenements \u00e0 haute intensit\u00e9. Les jambes fusel\u00e9es et le tissu perfor\u00e9 sur les mollets assurent un ajustement optimal et une ventilation efficace. En outre, le pantalon d&#8217;entra\u00eenement est dot\u00e9 de deux poches lat\u00e9rales zipp\u00e9es cach\u00e9es pour ranger en toute s\u00e9curit\u00e9 les cl\u00e9s, les barres \u00e9nerg\u00e9tiques, etc.<\/p>\n<h3>Caract\u00e9ristiques :<\/h3>\n<ul>\n<li>Tissu extensible en polyester recycl\u00e9<\/li>\n<li>Tricot extensible au bas de la jambe<\/li>\n<li>Jambes fusel\u00e9es<\/li>\n<li>Taille \u00e9lastiqu\u00e9e<\/li>\n<li>Deux poches lat\u00e9rales zipp\u00e9es cach\u00e9es<\/li>\n<\/ul>\n<\/div>\n<div id=\"tw-target-rmn-container\" class=\"tw-target-rmn tw-ta-container F0azHf tw-nfl\">\n<pre id=\"tw-target-rmn\" class=\"tw-data-placeholder tw-text-small tw-ta\" dir=\"ltr\" data-placeholder=\"\">\r\n\r\n<\/pre>\n<\/div>\n","protected":false},"excerpt":{"rendered":"<ul>\n<li>Pantalon d&#8217;entra\u00eenement avanc\u00e9<\/li>\n<li>Id\u00e9al pour les activit\u00e9s de plein air<\/li>\n<\/ul>\n","protected":false},"featured_media":249712,"template":"","meta":{"_acf_changed":false,"inline_featured_image":false},"product_brand":[],"product_cat":[22603,22596,22595],"product_tag":[23554,23648],"class_list":{"0":"post-295716","1":"product","2":"type-product","3":"status-publish","4":"has-post-thumbnail","6":"product_cat-pantalon-long","7":"product_cat-vetements-pour-femmes","8":"product_cat-femme","9":"product_tag-craft-fr","10":"product_tag-craft-femme","11":"pa_attivita-marcher","12":"pa_attivita-running-fr","13":"pa_colore-adv-essence-training-pants-2-w-black-fr","14":"pa_marca-craft-fr","15":"pa_sesso-femme","16":"pa_size-extra-small-fr","17":"pa_size-small-fr","18":"pa_size-medium-fr","19":"pa_size-large-fr","21":"first","22":"instock","23":"sale","24":"taxable","25":"shipping-taxable","26":"purchasable","27":"product-type-variable","28":"wvs-archive-product-wrapper"},"acf":[],"yoast_head":"<!-- This site is optimized with the Yoast SEO plugin v26.8 - https:\/\/yoast.com\/product\/yoast-seo-wordpress\/ -->\n<title>Craft ADV Essence Training Pants 2 femme - Pantalon de course - MioMioRun<\/title>\n<meta name=\"description\" content=\"Le pantalon d&#039;entra\u00eenement ADV Essence Training Pants 2 pour femmes est un pantalon d&#039;entra\u00eenement tr\u00e8s fonctionnel con\u00e7u pour les entra\u00eenements de haute intensit\u00e9.\" \/>\n<meta name=\"robots\" content=\"index, follow, max-snippet:-1, max-image-preview:large, max-video-preview:-1\" \/>\n<link rel=\"canonical\" href=\"https:\/\/www.miomiorun.com\/fr\/produit\/adv-essence-training-pants-2-femme\/\" \/>\n<meta property=\"og:locale\" content=\"fr_FR\" \/>\n<meta property=\"og:type\" content=\"article\" \/>\n<meta property=\"og:title\" content=\"Craft ADV Essence Training Pants 2 femme - Pantalon de course - MioMioRun\" \/>\n<meta property=\"og:description\" content=\"Le pantalon d&#039;entra\u00eenement ADV Essence Training Pants 2 pour femmes est un pantalon d&#039;entra\u00eenement tr\u00e8s fonctionnel con\u00e7u pour les entra\u00eenements de haute intensit\u00e9.\" \/>\n<meta property=\"og:url\" content=\"https:\/\/www.miomiorun.com\/fr\/produit\/adv-essence-training-pants-2-femme\/\" \/>\n<meta property=\"og:site_name\" content=\"MioMioRun\" \/>\n<meta property=\"article:publisher\" content=\"https:\/\/www.facebook.com\/miomiorun\/\" \/>\n<meta property=\"article:modified_time\" content=\"2025-05-21T10:27:25+00:00\" \/>\n<meta property=\"og:image\" content=\"https:\/\/www.miomiorun.com\/app\/uploads\/2024\/10\/craft-ADV-Essence-training-pants-2-W-black-1915289-999000.webp\" \/>\n\t<meta property=\"og:image:width\" content=\"600\" \/>\n\t<meta property=\"og:image:height\" content=\"600\" \/>\n\t<meta property=\"og:image:type\" content=\"image\/webp\" \/>\n<meta name=\"twitter:card\" content=\"summary_large_image\" \/>\n<meta name=\"twitter:label1\" content=\"Est. reading time\" \/>\n\t<meta name=\"twitter:data1\" content=\"1 minute\" \/>\n<script type=\"application\/ld+json\" class=\"yoast-schema-graph\">{\"@context\":\"https:\/\/schema.org\",\"@graph\":[{\"@type\":\"WebPage\",\"@id\":\"https:\/\/www.miomiorun.com\/fr\/produit\/adv-essence-training-pants-2-femme\/\",\"url\":\"https:\/\/www.miomiorun.com\/fr\/produit\/adv-essence-training-pants-2-femme\/\",\"name\":\"Craft ADV Essence Training Pants 2 femme - Pantalon de course - MioMioRun\",\"isPartOf\":{\"@id\":\"https:\/\/www.miomiorun.com\/fr\/#website\"},\"primaryImageOfPage\":{\"@id\":\"https:\/\/www.miomiorun.com\/fr\/produit\/adv-essence-training-pants-2-femme\/#primaryimage\"},\"image\":{\"@id\":\"https:\/\/www.miomiorun.com\/fr\/produit\/adv-essence-training-pants-2-femme\/#primaryimage\"},\"thumbnailUrl\":\"https:\/\/www.miomiorun.com\/app\/uploads\/2024\/10\/craft-ADV-Essence-training-pants-2-W-black-1915289-999000.webp\",\"datePublished\":\"2024-10-08T12:26:27+00:00\",\"dateModified\":\"2025-05-21T10:27:25+00:00\",\"description\":\"Le pantalon d'entra\u00eenement ADV Essence Training Pants 2 pour femmes est un pantalon d'entra\u00eenement tr\u00e8s fonctionnel con\u00e7u pour les entra\u00eenements de haute intensit\u00e9.\",\"breadcrumb\":{\"@id\":\"https:\/\/www.miomiorun.com\/fr\/produit\/adv-essence-training-pants-2-femme\/#breadcrumb\"},\"inLanguage\":\"fr-FR\",\"potentialAction\":[{\"@type\":\"ReadAction\",\"target\":[\"https:\/\/www.miomiorun.com\/fr\/produit\/adv-essence-training-pants-2-femme\/\"]}]},{\"@type\":\"ImageObject\",\"inLanguage\":\"fr-FR\",\"@id\":\"https:\/\/www.miomiorun.com\/fr\/produit\/adv-essence-training-pants-2-femme\/#primaryimage\",\"url\":\"https:\/\/www.miomiorun.com\/app\/uploads\/2024\/10\/craft-ADV-Essence-training-pants-2-W-black-1915289-999000.webp\",\"contentUrl\":\"https:\/\/www.miomiorun.com\/app\/uploads\/2024\/10\/craft-ADV-Essence-training-pants-2-W-black-1915289-999000.webp\",\"width\":600,\"height\":600,\"caption\":\"craft ADV Essence training pants 2 W black 1915289-999000\"},{\"@type\":\"BreadcrumbList\",\"@id\":\"https:\/\/www.miomiorun.com\/fr\/produit\/adv-essence-training-pants-2-femme\/#breadcrumb\",\"itemListElement\":[{\"@type\":\"ListItem\",\"position\":1,\"name\":\"Home\",\"item\":\"https:\/\/www.miomiorun.com\/fr\/home-page\/\"},{\"@type\":\"ListItem\",\"position\":2,\"name\":\"Shop\",\"item\":\"https:\/\/www.miomiorun.com\/shop\/\"},{\"@type\":\"ListItem\",\"position\":3,\"name\":\"ADV Essence Training Pants 2 femme\"}]},{\"@type\":\"WebSite\",\"@id\":\"https:\/\/www.miomiorun.com\/fr\/#website\",\"url\":\"https:\/\/www.miomiorun.com\/fr\/\",\"name\":\"MioMioRun\",\"description\":\"Boutique 100% running et trail\",\"publisher\":{\"@id\":\"https:\/\/www.miomiorun.com\/fr\/#organization\"},\"potentialAction\":[{\"@type\":\"SearchAction\",\"target\":{\"@type\":\"EntryPoint\",\"urlTemplate\":\"https:\/\/www.miomiorun.com\/fr\/?s={search_term_string}\"},\"query-input\":{\"@type\":\"PropertyValueSpecification\",\"valueRequired\":true,\"valueName\":\"search_term_string\"}}],\"inLanguage\":\"fr-FR\"},{\"@type\":\"Organization\",\"@id\":\"https:\/\/www.miomiorun.com\/fr\/#organization\",\"name\":\"MioMio Run\",\"url\":\"https:\/\/www.miomiorun.com\/fr\/\",\"logo\":{\"@type\":\"ImageObject\",\"inLanguage\":\"fr-FR\",\"@id\":\"https:\/\/www.miomiorun.com\/fr\/#\/schema\/logo\/image\/\",\"url\":\"https:\/\/www.miomiorun.com\/app\/uploads\/2019\/12\/logomio.png\",\"contentUrl\":\"https:\/\/www.miomiorun.com\/app\/uploads\/2019\/12\/logomio.png\",\"width\":115,\"height\":82,\"caption\":\"MioMio Run\"},\"image\":{\"@id\":\"https:\/\/www.miomiorun.com\/fr\/#\/schema\/logo\/image\/\"},\"sameAs\":[\"https:\/\/www.facebook.com\/miomiorun\/\",\"https:\/\/www.instagram.com\/miomiorun\/\"]}]}<\/script>\n<!-- \/ Yoast SEO plugin. -->","yoast_head_json":{"title":"Craft ADV Essence Training Pants 2 femme - Pantalon de course - MioMioRun","description":"Le pantalon d'entra\u00eenement ADV Essence Training Pants 2 pour femmes est un pantalon d'entra\u00eenement tr\u00e8s fonctionnel con\u00e7u pour les entra\u00eenements de haute intensit\u00e9.","robots":{"index":"index","follow":"follow","max-snippet":"max-snippet:-1","max-image-preview":"max-image-preview:large","max-video-preview":"max-video-preview:-1"},"canonical":"https:\/\/www.miomiorun.com\/fr\/produit\/adv-essence-training-pants-2-femme\/","og_locale":"fr_FR","og_type":"article","og_title":"Craft ADV Essence Training Pants 2 femme - Pantalon de course - MioMioRun","og_description":"Le pantalon d'entra\u00eenement ADV Essence Training Pants 2 pour femmes est un pantalon d'entra\u00eenement tr\u00e8s fonctionnel con\u00e7u pour les entra\u00eenements de haute intensit\u00e9.","og_url":"https:\/\/www.miomiorun.com\/fr\/produit\/adv-essence-training-pants-2-femme\/","og_site_name":"MioMioRun","article_publisher":"https:\/\/www.facebook.com\/miomiorun\/","article_modified_time":"2025-05-21T10:27:25+00:00","og_image":[{"width":600,"height":600,"url":"https:\/\/www.miomiorun.com\/app\/uploads\/2024\/10\/craft-ADV-Essence-training-pants-2-W-black-1915289-999000.webp","type":"image\/webp"}],"twitter_card":"summary_large_image","twitter_misc":{"Est. reading time":"1 minute"},"schema":{"@context":"https:\/\/schema.org","@graph":[{"@type":"WebPage","@id":"https:\/\/www.miomiorun.com\/fr\/produit\/adv-essence-training-pants-2-femme\/","url":"https:\/\/www.miomiorun.com\/fr\/produit\/adv-essence-training-pants-2-femme\/","name":"Craft ADV Essence Training Pants 2 femme - Pantalon de course - MioMioRun","isPartOf":{"@id":"https:\/\/www.miomiorun.com\/fr\/#website"},"primaryImageOfPage":{"@id":"https:\/\/www.miomiorun.com\/fr\/produit\/adv-essence-training-pants-2-femme\/#primaryimage"},"image":{"@id":"https:\/\/www.miomiorun.com\/fr\/produit\/adv-essence-training-pants-2-femme\/#primaryimage"},"thumbnailUrl":"https:\/\/www.miomiorun.com\/app\/uploads\/2024\/10\/craft-ADV-Essence-training-pants-2-W-black-1915289-999000.webp","datePublished":"2024-10-08T12:26:27+00:00","dateModified":"2025-05-21T10:27:25+00:00","description":"Le pantalon d'entra\u00eenement ADV Essence Training Pants 2 pour femmes est un pantalon d'entra\u00eenement tr\u00e8s fonctionnel con\u00e7u pour les entra\u00eenements de haute intensit\u00e9.","breadcrumb":{"@id":"https:\/\/www.miomiorun.com\/fr\/produit\/adv-essence-training-pants-2-femme\/#breadcrumb"},"inLanguage":"fr-FR","potentialAction":[{"@type":"ReadAction","target":["https:\/\/www.miomiorun.com\/fr\/produit\/adv-essence-training-pants-2-femme\/"]}]},{"@type":"ImageObject","inLanguage":"fr-FR","@id":"https:\/\/www.miomiorun.com\/fr\/produit\/adv-essence-training-pants-2-femme\/#primaryimage","url":"https:\/\/www.miomiorun.com\/app\/uploads\/2024\/10\/craft-ADV-Essence-training-pants-2-W-black-1915289-999000.webp","contentUrl":"https:\/\/www.miomiorun.com\/app\/uploads\/2024\/10\/craft-ADV-Essence-training-pants-2-W-black-1915289-999000.webp","width":600,"height":600,"caption":"craft ADV Essence training pants 2 W black 1915289-999000"},{"@type":"BreadcrumbList","@id":"https:\/\/www.miomiorun.com\/fr\/produit\/adv-essence-training-pants-2-femme\/#breadcrumb","itemListElement":[{"@type":"ListItem","position":1,"name":"Home","item":"https:\/\/www.miomiorun.com\/fr\/home-page\/"},{"@type":"ListItem","position":2,"name":"Shop","item":"https:\/\/www.miomiorun.com\/shop\/"},{"@type":"ListItem","position":3,"name":"ADV Essence Training Pants 2 femme"}]},{"@type":"WebSite","@id":"https:\/\/www.miomiorun.com\/fr\/#website","url":"https:\/\/www.miomiorun.com\/fr\/","name":"MioMioRun","description":"Boutique 100% running et trail","publisher":{"@id":"https:\/\/www.miomiorun.com\/fr\/#organization"},"potentialAction":[{"@type":"SearchAction","target":{"@type":"EntryPoint","urlTemplate":"https:\/\/www.miomiorun.com\/fr\/?s={search_term_string}"},"query-input":{"@type":"PropertyValueSpecification","valueRequired":true,"valueName":"search_term_string"}}],"inLanguage":"fr-FR"},{"@type":"Organization","@id":"https:\/\/www.miomiorun.com\/fr\/#organization","name":"MioMio Run","url":"https:\/\/www.miomiorun.com\/fr\/","logo":{"@type":"ImageObject","inLanguage":"fr-FR","@id":"https:\/\/www.miomiorun.com\/fr\/#\/schema\/logo\/image\/","url":"https:\/\/www.miomiorun.com\/app\/uploads\/2019\/12\/logomio.png","contentUrl":"https:\/\/www.miomiorun.com\/app\/uploads\/2019\/12\/logomio.png","width":115,"height":82,"caption":"MioMio Run"},"image":{"@id":"https:\/\/www.miomiorun.com\/fr\/#\/schema\/logo\/image\/"},"sameAs":["https:\/\/www.facebook.com\/miomiorun\/","https:\/\/www.instagram.com\/miomiorun\/"]}]}},"_links":{"self":[{"href":"https:\/\/www.miomiorun.com\/fr\/wp-json\/wp\/v2\/product\/295716","targetHints":{"allow":["GET"]}}],"collection":[{"href":"https:\/\/www.miomiorun.com\/fr\/wp-json\/wp\/v2\/product"}],"about":[{"href":"https:\/\/www.miomiorun.com\/fr\/wp-json\/wp\/v2\/types\/product"}],"wp:featuredmedia":[{"embeddable":true,"href":"https:\/\/www.miomiorun.com\/fr\/wp-json\/wp\/v2\/media\/249712"}],"wp:attachment":[{"href":"https:\/\/www.miomiorun.com\/fr\/wp-json\/wp\/v2\/media?parent=295716"}],"wp:term":[{"taxonomy":"product_brand","embeddable":true,"href":"https:\/\/www.miomiorun.com\/fr\/wp-json\/wp\/v2\/product_brand?post=295716"},{"taxonomy":"product_cat","embeddable":true,"href":"https:\/\/www.miomiorun.com\/fr\/wp-json\/wp\/v2\/product_cat?post=295716"},{"taxonomy":"product_tag","embeddable":true,"href":"https:\/\/www.miomiorun.com\/fr\/wp-json\/wp\/v2\/product_tag?post=295716"}],"curies":[{"name":"wp","href":"https:\/\/api.w.org\/{rel}","templated":true}]}}