{"id":295714,"date":"2024-10-08T14:30:35","date_gmt":"2024-10-08T12:30:35","guid":{"rendered":"https:\/\/miomiorun.com\/prodotto\/adv-essence-training-pants-2-uomo\/"},"modified":"2026-05-08T22:18:12","modified_gmt":"2026-05-08T20:18:12","slug":"adv-essence-training-pants-2-homme","status":"publish","type":"product","link":"https:\/\/www.miomiorun.com\/fr\/produit\/adv-essence-training-pants-2-homme\/","title":{"rendered":"ADV Essence Training Pants 2 homme"},"content":{"rendered":"<div class=\"vc-row container\"><div class=\"vc-column\"><div class=\"vc-column-text\">Le pantalon d&#8217;entra\u00eenement ADV Essence 2 pour homme est un pantalon d&#8217;entra\u00eenement hautement fonctionnel con\u00e7u pour les entra\u00eenements de haute intensit\u00e9.<\/p>\n<p>Ce pantalon d&#8217;entra\u00eenement avanc\u00e9 est fabriqu\u00e9 \u00e0 partir de polyester recycl\u00e9 pour une grande extensibilit\u00e9 et fonctionnalit\u00e9 lors des entra\u00eenements de haute intensit\u00e9. Les jambes fusel\u00e9es et le tissu perfor\u00e9 sur les mollets assurent un excellent ajustement et une ventilation efficace. De plus, le pantalon d&#8217;entra\u00eenement comporte deux poches lat\u00e9rales zipp\u00e9es cach\u00e9es pour ranger en toute s\u00e9curit\u00e9 les cl\u00e9s, les barres \u00e9nerg\u00e9tiques, etc.<\/p>\n<p>Caract\u00e9ristiques:<br \/>\nTissu extensible fabriqu\u00e9 \u00e0 partir de polyester recycl\u00e9<br \/>\nTricot \u00e9lastiqu\u00e9 au bas de la jambe<br \/>\nJambes fusel\u00e9es<br \/>\nCeinture \u00e9lastique<br \/>\nDeux poches lat\u00e9rales avec fermetures \u00e9clair cach\u00e9es<\/div><\/div><\/div>\n","protected":false},"excerpt":{"rendered":"<ul>\n<li>Pantalon d&#8217;entra\u00eenement avanc\u00e9<\/li>\n<li>Id\u00e9al pour les activit\u00e9s de plein air<\/li>\n<\/ul>\n","protected":false},"featured_media":249716,"template":"","meta":{"_acf_changed":false,"inline_featured_image":false},"product_brand":[],"product_cat":[24450,24482,24484],"product_tag":[23554,23647],"class_list":{"0":"post-295714","1":"product","2":"type-product","3":"status-publish","4":"has-post-thumbnail","6":"product_cat-pantalon-long-fr-3","7":"product_cat-vetements-pour-hommes-fr","8":"product_cat-homme","9":"product_tag-craft-fr","10":"product_tag-craft-homme","11":"pa_attivita-marcher","12":"pa_attivita-running-fr","13":"pa_colore-adv-essence-training-pants-2-m-black-fr","14":"pa_marca-craft-fr","15":"pa_sesso-homme","16":"pa_size-small-fr","17":"pa_size-medium-fr","18":"pa_size-large-fr","19":"pa_size-extra-large-fr","21":"first","22":"instock","23":"sale","24":"taxable","25":"shipping-taxable","26":"purchasable","27":"product-type-variable","28":"wvs-archive-product-wrapper"},"acf":[],"yoast_head":"<!-- This site is optimized with the Yoast SEO plugin v26.8 - https:\/\/yoast.com\/product\/yoast-seo-wordpress\/ -->\n<title>Craft ADV Essence Training Pants 2 homme - Pantalon de course- MioMioRun<\/title>\n<meta name=\"description\" content=\"Le pantalon d&#039;entra\u00eenement ADV Essence 2 pour homme est un pantalon d&#039;entra\u00eenement hautement fonctionnel con\u00e7u pour les entra\u00eenements de haute intensit\u00e9.\" \/>\n<meta name=\"robots\" content=\"index, follow, max-snippet:-1, max-image-preview:large, max-video-preview:-1\" \/>\n<link rel=\"canonical\" href=\"https:\/\/www.miomiorun.com\/fr\/produit\/adv-essence-training-pants-2-homme\/\" \/>\n<meta property=\"og:locale\" content=\"fr_FR\" \/>\n<meta property=\"og:type\" content=\"article\" \/>\n<meta property=\"og:title\" content=\"Craft ADV Essence Training Pants 2 homme - Pantalon de course- MioMioRun\" \/>\n<meta property=\"og:description\" content=\"Le pantalon d&#039;entra\u00eenement ADV Essence 2 pour homme est un pantalon d&#039;entra\u00eenement hautement fonctionnel con\u00e7u pour les entra\u00eenements de haute intensit\u00e9.\" \/>\n<meta property=\"og:url\" content=\"https:\/\/www.miomiorun.com\/fr\/produit\/adv-essence-training-pants-2-homme\/\" \/>\n<meta property=\"og:site_name\" content=\"MioMioRun\" \/>\n<meta property=\"article:publisher\" content=\"https:\/\/www.facebook.com\/miomiorun\/\" \/>\n<meta property=\"article:modified_time\" content=\"2026-05-08T20:18:12+00:00\" \/>\n<meta property=\"og:image\" content=\"https:\/\/www.miomiorun.com\/app\/uploads\/2024\/10\/craft-ADV-Essence-training-pants-2-M-black-1915286-999000.webp\" \/>\n\t<meta property=\"og:image:width\" content=\"600\" \/>\n\t<meta property=\"og:image:height\" content=\"600\" \/>\n\t<meta property=\"og:image:type\" content=\"image\/webp\" \/>\n<meta name=\"twitter:card\" content=\"summary_large_image\" \/>\n<meta name=\"twitter:label1\" content=\"Est. reading time\" \/>\n\t<meta name=\"twitter:data1\" content=\"1 minute\" \/>\n<script type=\"application\/ld+json\" class=\"yoast-schema-graph\">{\"@context\":\"https:\/\/schema.org\",\"@graph\":[{\"@type\":\"WebPage\",\"@id\":\"https:\/\/www.miomiorun.com\/fr\/produit\/adv-essence-training-pants-2-homme\/\",\"url\":\"https:\/\/www.miomiorun.com\/fr\/produit\/adv-essence-training-pants-2-homme\/\",\"name\":\"Craft ADV Essence Training Pants 2 homme - Pantalon de course- MioMioRun\",\"isPartOf\":{\"@id\":\"https:\/\/www.miomiorun.com\/fr\/#website\"},\"primaryImageOfPage\":{\"@id\":\"https:\/\/www.miomiorun.com\/fr\/produit\/adv-essence-training-pants-2-homme\/#primaryimage\"},\"image\":{\"@id\":\"https:\/\/www.miomiorun.com\/fr\/produit\/adv-essence-training-pants-2-homme\/#primaryimage\"},\"thumbnailUrl\":\"https:\/\/www.miomiorun.com\/app\/uploads\/2024\/10\/craft-ADV-Essence-training-pants-2-M-black-1915286-999000.webp\",\"datePublished\":\"2024-10-08T12:30:35+00:00\",\"dateModified\":\"2026-05-08T20:18:12+00:00\",\"description\":\"Le pantalon d'entra\u00eenement ADV Essence 2 pour homme est un pantalon d'entra\u00eenement hautement fonctionnel con\u00e7u pour les entra\u00eenements de haute intensit\u00e9.\",\"breadcrumb\":{\"@id\":\"https:\/\/www.miomiorun.com\/fr\/produit\/adv-essence-training-pants-2-homme\/#breadcrumb\"},\"inLanguage\":\"fr-FR\",\"potentialAction\":[{\"@type\":\"ReadAction\",\"target\":[\"https:\/\/www.miomiorun.com\/fr\/produit\/adv-essence-training-pants-2-homme\/\"]}]},{\"@type\":\"ImageObject\",\"inLanguage\":\"fr-FR\",\"@id\":\"https:\/\/www.miomiorun.com\/fr\/produit\/adv-essence-training-pants-2-homme\/#primaryimage\",\"url\":\"https:\/\/www.miomiorun.com\/app\/uploads\/2024\/10\/craft-ADV-Essence-training-pants-2-M-black-1915286-999000.webp\",\"contentUrl\":\"https:\/\/www.miomiorun.com\/app\/uploads\/2024\/10\/craft-ADV-Essence-training-pants-2-M-black-1915286-999000.webp\",\"width\":600,\"height\":600,\"caption\":\"craft ADV Essence training pants 2 M black 1915286-999000\"},{\"@type\":\"BreadcrumbList\",\"@id\":\"https:\/\/www.miomiorun.com\/fr\/produit\/adv-essence-training-pants-2-homme\/#breadcrumb\",\"itemListElement\":[{\"@type\":\"ListItem\",\"position\":1,\"name\":\"Home\",\"item\":\"https:\/\/www.miomiorun.com\/fr\/home-page\/\"},{\"@type\":\"ListItem\",\"position\":2,\"name\":\"Shop\",\"item\":\"https:\/\/www.miomiorun.com\/shop\/\"},{\"@type\":\"ListItem\",\"position\":3,\"name\":\"ADV Essence Training Pants 2 homme\"}]},{\"@type\":\"WebSite\",\"@id\":\"https:\/\/www.miomiorun.com\/fr\/#website\",\"url\":\"https:\/\/www.miomiorun.com\/fr\/\",\"name\":\"MioMioRun\",\"description\":\"Boutique 100% running et trail\",\"publisher\":{\"@id\":\"https:\/\/www.miomiorun.com\/fr\/#organization\"},\"potentialAction\":[{\"@type\":\"SearchAction\",\"target\":{\"@type\":\"EntryPoint\",\"urlTemplate\":\"https:\/\/www.miomiorun.com\/fr\/?s={search_term_string}\"},\"query-input\":{\"@type\":\"PropertyValueSpecification\",\"valueRequired\":true,\"valueName\":\"search_term_string\"}}],\"inLanguage\":\"fr-FR\"},{\"@type\":\"Organization\",\"@id\":\"https:\/\/www.miomiorun.com\/fr\/#organization\",\"name\":\"MioMio Run\",\"url\":\"https:\/\/www.miomiorun.com\/fr\/\",\"logo\":{\"@type\":\"ImageObject\",\"inLanguage\":\"fr-FR\",\"@id\":\"https:\/\/www.miomiorun.com\/fr\/#\/schema\/logo\/image\/\",\"url\":\"https:\/\/www.miomiorun.com\/app\/uploads\/2019\/12\/logomio.png\",\"contentUrl\":\"https:\/\/www.miomiorun.com\/app\/uploads\/2019\/12\/logomio.png\",\"width\":115,\"height\":82,\"caption\":\"MioMio Run\"},\"image\":{\"@id\":\"https:\/\/www.miomiorun.com\/fr\/#\/schema\/logo\/image\/\"},\"sameAs\":[\"https:\/\/www.facebook.com\/miomiorun\/\",\"https:\/\/www.instagram.com\/miomiorun\/\"]}]}<\/script>\n<!-- \/ Yoast SEO plugin. -->","yoast_head_json":{"title":"Craft ADV Essence Training Pants 2 homme - Pantalon de course- MioMioRun","description":"Le pantalon d'entra\u00eenement ADV Essence 2 pour homme est un pantalon d'entra\u00eenement hautement fonctionnel con\u00e7u pour les entra\u00eenements de haute intensit\u00e9.","robots":{"index":"index","follow":"follow","max-snippet":"max-snippet:-1","max-image-preview":"max-image-preview:large","max-video-preview":"max-video-preview:-1"},"canonical":"https:\/\/www.miomiorun.com\/fr\/produit\/adv-essence-training-pants-2-homme\/","og_locale":"fr_FR","og_type":"article","og_title":"Craft ADV Essence Training Pants 2 homme - Pantalon de course- MioMioRun","og_description":"Le pantalon d'entra\u00eenement ADV Essence 2 pour homme est un pantalon d'entra\u00eenement hautement fonctionnel con\u00e7u pour les entra\u00eenements de haute intensit\u00e9.","og_url":"https:\/\/www.miomiorun.com\/fr\/produit\/adv-essence-training-pants-2-homme\/","og_site_name":"MioMioRun","article_publisher":"https:\/\/www.facebook.com\/miomiorun\/","article_modified_time":"2026-05-08T20:18:12+00:00","og_image":[{"width":600,"height":600,"url":"https:\/\/www.miomiorun.com\/app\/uploads\/2024\/10\/craft-ADV-Essence-training-pants-2-M-black-1915286-999000.webp","type":"image\/webp"}],"twitter_card":"summary_large_image","twitter_misc":{"Est. reading time":"1 minute"},"schema":{"@context":"https:\/\/schema.org","@graph":[{"@type":"WebPage","@id":"https:\/\/www.miomiorun.com\/fr\/produit\/adv-essence-training-pants-2-homme\/","url":"https:\/\/www.miomiorun.com\/fr\/produit\/adv-essence-training-pants-2-homme\/","name":"Craft ADV Essence Training Pants 2 homme - Pantalon de course- MioMioRun","isPartOf":{"@id":"https:\/\/www.miomiorun.com\/fr\/#website"},"primaryImageOfPage":{"@id":"https:\/\/www.miomiorun.com\/fr\/produit\/adv-essence-training-pants-2-homme\/#primaryimage"},"image":{"@id":"https:\/\/www.miomiorun.com\/fr\/produit\/adv-essence-training-pants-2-homme\/#primaryimage"},"thumbnailUrl":"https:\/\/www.miomiorun.com\/app\/uploads\/2024\/10\/craft-ADV-Essence-training-pants-2-M-black-1915286-999000.webp","datePublished":"2024-10-08T12:30:35+00:00","dateModified":"2026-05-08T20:18:12+00:00","description":"Le pantalon d'entra\u00eenement ADV Essence 2 pour homme est un pantalon d'entra\u00eenement hautement fonctionnel con\u00e7u pour les entra\u00eenements de haute intensit\u00e9.","breadcrumb":{"@id":"https:\/\/www.miomiorun.com\/fr\/produit\/adv-essence-training-pants-2-homme\/#breadcrumb"},"inLanguage":"fr-FR","potentialAction":[{"@type":"ReadAction","target":["https:\/\/www.miomiorun.com\/fr\/produit\/adv-essence-training-pants-2-homme\/"]}]},{"@type":"ImageObject","inLanguage":"fr-FR","@id":"https:\/\/www.miomiorun.com\/fr\/produit\/adv-essence-training-pants-2-homme\/#primaryimage","url":"https:\/\/www.miomiorun.com\/app\/uploads\/2024\/10\/craft-ADV-Essence-training-pants-2-M-black-1915286-999000.webp","contentUrl":"https:\/\/www.miomiorun.com\/app\/uploads\/2024\/10\/craft-ADV-Essence-training-pants-2-M-black-1915286-999000.webp","width":600,"height":600,"caption":"craft ADV Essence training pants 2 M black 1915286-999000"},{"@type":"BreadcrumbList","@id":"https:\/\/www.miomiorun.com\/fr\/produit\/adv-essence-training-pants-2-homme\/#breadcrumb","itemListElement":[{"@type":"ListItem","position":1,"name":"Home","item":"https:\/\/www.miomiorun.com\/fr\/home-page\/"},{"@type":"ListItem","position":2,"name":"Shop","item":"https:\/\/www.miomiorun.com\/shop\/"},{"@type":"ListItem","position":3,"name":"ADV Essence Training Pants 2 homme"}]},{"@type":"WebSite","@id":"https:\/\/www.miomiorun.com\/fr\/#website","url":"https:\/\/www.miomiorun.com\/fr\/","name":"MioMioRun","description":"Boutique 100% running et trail","publisher":{"@id":"https:\/\/www.miomiorun.com\/fr\/#organization"},"potentialAction":[{"@type":"SearchAction","target":{"@type":"EntryPoint","urlTemplate":"https:\/\/www.miomiorun.com\/fr\/?s={search_term_string}"},"query-input":{"@type":"PropertyValueSpecification","valueRequired":true,"valueName":"search_term_string"}}],"inLanguage":"fr-FR"},{"@type":"Organization","@id":"https:\/\/www.miomiorun.com\/fr\/#organization","name":"MioMio Run","url":"https:\/\/www.miomiorun.com\/fr\/","logo":{"@type":"ImageObject","inLanguage":"fr-FR","@id":"https:\/\/www.miomiorun.com\/fr\/#\/schema\/logo\/image\/","url":"https:\/\/www.miomiorun.com\/app\/uploads\/2019\/12\/logomio.png","contentUrl":"https:\/\/www.miomiorun.com\/app\/uploads\/2019\/12\/logomio.png","width":115,"height":82,"caption":"MioMio Run"},"image":{"@id":"https:\/\/www.miomiorun.com\/fr\/#\/schema\/logo\/image\/"},"sameAs":["https:\/\/www.facebook.com\/miomiorun\/","https:\/\/www.instagram.com\/miomiorun\/"]}]}},"_links":{"self":[{"href":"https:\/\/www.miomiorun.com\/fr\/wp-json\/wp\/v2\/product\/295714","targetHints":{"allow":["GET"]}}],"collection":[{"href":"https:\/\/www.miomiorun.com\/fr\/wp-json\/wp\/v2\/product"}],"about":[{"href":"https:\/\/www.miomiorun.com\/fr\/wp-json\/wp\/v2\/types\/product"}],"wp:featuredmedia":[{"embeddable":true,"href":"https:\/\/www.miomiorun.com\/fr\/wp-json\/wp\/v2\/media\/249716"}],"wp:attachment":[{"href":"https:\/\/www.miomiorun.com\/fr\/wp-json\/wp\/v2\/media?parent=295714"}],"wp:term":[{"taxonomy":"product_brand","embeddable":true,"href":"https:\/\/www.miomiorun.com\/fr\/wp-json\/wp\/v2\/product_brand?post=295714"},{"taxonomy":"product_cat","embeddable":true,"href":"https:\/\/www.miomiorun.com\/fr\/wp-json\/wp\/v2\/product_cat?post=295714"},{"taxonomy":"product_tag","embeddable":true,"href":"https:\/\/www.miomiorun.com\/fr\/wp-json\/wp\/v2\/product_tag?post=295714"}],"curies":[{"name":"wp","href":"https:\/\/api.w.org\/{rel}","templated":true}]}}