{"id":295711,"date":"2024-10-08T14:33:33","date_gmt":"2024-10-08T12:33:33","guid":{"rendered":"https:\/\/miomiorun.com\/prodotto\/core-dry-glove-liner\/"},"modified":"2026-05-08T22:18:11","modified_gmt":"2026-05-08T20:18:11","slug":"core-dry-glove-liner","status":"publish","type":"product","link":"https:\/\/www.miomiorun.com\/fr\/produit\/core-dry-glove-liner\/","title":{"rendered":"Core Dry Glove Liner"},"content":{"rendered":"<p>La doublure de gant unisexe CORE Dry est un accessoire essentiel pour toute personne s&#8217;entra\u00eenant ou participant \u00e0 des activit\u00e9s de plein air dans des conditions froides.<\/p>\n<p>Fabriqu\u00e9e \u00e0 partir d&#8217;un tissu en maille fin et extensible, la doublure du gant peut \u00eatre utilis\u00e9e \u00e0 la fois comme article autonome ou comme couche int\u00e9rieure suppl\u00e9mentaire par temps froid, offrant un niveau suppl\u00e9mentaire de chaleur, de confort et de fonctionnalit\u00e9 pour am\u00e9liorer votre exp\u00e9rience d&#8217;entra\u00eenement globale. Les capacit\u00e9s d&#8217;\u00e9vacuation de l&#8217;humidit\u00e9 du tissu \u00e9vacuent la transpiration de votre peau, gardant vos mains s\u00e8ches et confortables.<\/p>\n<p><strong>Caract\u00e9ristiques:<\/strong><br \/>\n100% polyester recycl\u00e9<br \/>\nMaille canalis\u00e9e pour emprisonner l&#8217;air et fournir une chaleur suppl\u00e9mentaire<br \/>\nCoupe ergonomique<\/p>\n<p>&nbsp;<\/p>\n<p>&nbsp;<\/p>\n<p>&nbsp;<\/p>\n<p>&nbsp;<\/p>\n<p>&nbsp;<\/p>\n<p dir=\"ltr\" data-placeholder=\"Traduzione\">\n","protected":false},"excerpt":{"rendered":"<ul>\n<li>Gants de course fins pour garder vos mains au sec et au chaud pendant les activit\u00e9s de plein air par temps froid<\/li>\n<li>Peut \u00e9galement \u00eatre utilis\u00e9 sous des gants plus chauds<\/li>\n<\/ul>\n","protected":false},"featured_media":249720,"template":"","meta":{"_acf_changed":false,"inline_featured_image":false},"product_brand":[],"product_cat":[22581,22538],"product_tag":[23554,23648,23647],"class_list":{"0":"post-295711","1":"product","2":"type-product","3":"status-publish","4":"has-post-thumbnail","6":"product_cat-gants","7":"product_cat-accessoires","8":"product_tag-craft-fr","9":"product_tag-craft-femme","10":"product_tag-craft-homme","11":"pa_attivita-marcher","12":"pa_attivita-outdoor-fr","13":"pa_attivita-running-fr","14":"pa_attivita-trail-fr","15":"pa_marca-craft-fr","16":"pa_sesso-femme","17":"pa_sesso-homme","18":"pa_size-xs-s-fr","19":"pa_size-m-l-fr","21":"first","22":"instock","23":"sale","24":"taxable","25":"shipping-taxable","26":"purchasable","27":"product-type-variable","28":"wvs-archive-product-wrapper"},"acf":[],"yoast_head":"<!-- This site is optimized with the Yoast SEO plugin v26.8 - https:\/\/yoast.com\/product\/yoast-seo-wordpress\/ -->\n<title>Craft Core Dry Glove Liner - Gants de course - MioMioRun<\/title>\n<meta name=\"description\" content=\"La doublure de gant unisexe CORE Dry est un accessoire essentiel pour toute personne s&#039;entra\u00eenant ou participant \u00e0 des activit\u00e9s de plein air dans des conditions froides.\" \/>\n<meta name=\"robots\" content=\"index, follow, max-snippet:-1, max-image-preview:large, max-video-preview:-1\" \/>\n<link rel=\"canonical\" href=\"https:\/\/www.miomiorun.com\/fr\/produit\/core-dry-glove-liner\/\" \/>\n<meta property=\"og:locale\" content=\"fr_FR\" \/>\n<meta property=\"og:type\" content=\"article\" \/>\n<meta property=\"og:title\" content=\"Craft Core Dry Glove Liner - Gants de course - MioMioRun\" \/>\n<meta property=\"og:description\" content=\"La doublure de gant unisexe CORE Dry est un accessoire essentiel pour toute personne s&#039;entra\u00eenant ou participant \u00e0 des activit\u00e9s de plein air dans des conditions froides.\" \/>\n<meta property=\"og:url\" content=\"https:\/\/www.miomiorun.com\/fr\/produit\/core-dry-glove-liner\/\" \/>\n<meta property=\"og:site_name\" content=\"MioMioRun\" \/>\n<meta property=\"article:publisher\" content=\"https:\/\/www.facebook.com\/miomiorun\/\" \/>\n<meta property=\"article:modified_time\" content=\"2026-05-08T20:18:11+00:00\" \/>\n<meta property=\"og:image\" content=\"https:\/\/www.miomiorun.com\/app\/uploads\/2024\/10\/craft-Core-Dry-Glove-liner-black-1915356-999000.webp\" \/>\n\t<meta property=\"og:image:width\" content=\"600\" \/>\n\t<meta property=\"og:image:height\" content=\"600\" \/>\n\t<meta property=\"og:image:type\" content=\"image\/webp\" \/>\n<meta name=\"twitter:card\" content=\"summary_large_image\" \/>\n<meta name=\"twitter:label1\" content=\"Est. reading time\" \/>\n\t<meta name=\"twitter:data1\" content=\"1 minute\" \/>\n<script type=\"application\/ld+json\" class=\"yoast-schema-graph\">{\"@context\":\"https:\/\/schema.org\",\"@graph\":[{\"@type\":\"WebPage\",\"@id\":\"https:\/\/www.miomiorun.com\/fr\/produit\/core-dry-glove-liner\/\",\"url\":\"https:\/\/www.miomiorun.com\/fr\/produit\/core-dry-glove-liner\/\",\"name\":\"Craft Core Dry Glove Liner - Gants de course - MioMioRun\",\"isPartOf\":{\"@id\":\"https:\/\/www.miomiorun.com\/fr\/#website\"},\"primaryImageOfPage\":{\"@id\":\"https:\/\/www.miomiorun.com\/fr\/produit\/core-dry-glove-liner\/#primaryimage\"},\"image\":{\"@id\":\"https:\/\/www.miomiorun.com\/fr\/produit\/core-dry-glove-liner\/#primaryimage\"},\"thumbnailUrl\":\"https:\/\/www.miomiorun.com\/app\/uploads\/2024\/10\/craft-Core-Dry-Glove-liner-black-1915356-999000.webp\",\"datePublished\":\"2024-10-08T12:33:33+00:00\",\"dateModified\":\"2026-05-08T20:18:11+00:00\",\"description\":\"La doublure de gant unisexe CORE Dry est un accessoire essentiel pour toute personne s'entra\u00eenant ou participant \u00e0 des activit\u00e9s de plein air dans des conditions froides.\",\"breadcrumb\":{\"@id\":\"https:\/\/www.miomiorun.com\/fr\/produit\/core-dry-glove-liner\/#breadcrumb\"},\"inLanguage\":\"fr-FR\",\"potentialAction\":[{\"@type\":\"ReadAction\",\"target\":[\"https:\/\/www.miomiorun.com\/fr\/produit\/core-dry-glove-liner\/\"]}]},{\"@type\":\"ImageObject\",\"inLanguage\":\"fr-FR\",\"@id\":\"https:\/\/www.miomiorun.com\/fr\/produit\/core-dry-glove-liner\/#primaryimage\",\"url\":\"https:\/\/www.miomiorun.com\/app\/uploads\/2024\/10\/craft-Core-Dry-Glove-liner-black-1915356-999000.webp\",\"contentUrl\":\"https:\/\/www.miomiorun.com\/app\/uploads\/2024\/10\/craft-Core-Dry-Glove-liner-black-1915356-999000.webp\",\"width\":600,\"height\":600,\"caption\":\"craft Core Dry Glove liner black 1915356-999000\"},{\"@type\":\"BreadcrumbList\",\"@id\":\"https:\/\/www.miomiorun.com\/fr\/produit\/core-dry-glove-liner\/#breadcrumb\",\"itemListElement\":[{\"@type\":\"ListItem\",\"position\":1,\"name\":\"Home\",\"item\":\"https:\/\/www.miomiorun.com\/fr\/home-page\/\"},{\"@type\":\"ListItem\",\"position\":2,\"name\":\"Shop\",\"item\":\"https:\/\/www.miomiorun.com\/shop\/\"},{\"@type\":\"ListItem\",\"position\":3,\"name\":\"Core Dry Glove Liner\"}]},{\"@type\":\"WebSite\",\"@id\":\"https:\/\/www.miomiorun.com\/fr\/#website\",\"url\":\"https:\/\/www.miomiorun.com\/fr\/\",\"name\":\"MioMioRun\",\"description\":\"Boutique 100% running et trail\",\"publisher\":{\"@id\":\"https:\/\/www.miomiorun.com\/fr\/#organization\"},\"potentialAction\":[{\"@type\":\"SearchAction\",\"target\":{\"@type\":\"EntryPoint\",\"urlTemplate\":\"https:\/\/www.miomiorun.com\/fr\/?s={search_term_string}\"},\"query-input\":{\"@type\":\"PropertyValueSpecification\",\"valueRequired\":true,\"valueName\":\"search_term_string\"}}],\"inLanguage\":\"fr-FR\"},{\"@type\":\"Organization\",\"@id\":\"https:\/\/www.miomiorun.com\/fr\/#organization\",\"name\":\"MioMio Run\",\"url\":\"https:\/\/www.miomiorun.com\/fr\/\",\"logo\":{\"@type\":\"ImageObject\",\"inLanguage\":\"fr-FR\",\"@id\":\"https:\/\/www.miomiorun.com\/fr\/#\/schema\/logo\/image\/\",\"url\":\"https:\/\/www.miomiorun.com\/app\/uploads\/2019\/12\/logomio.png\",\"contentUrl\":\"https:\/\/www.miomiorun.com\/app\/uploads\/2019\/12\/logomio.png\",\"width\":115,\"height\":82,\"caption\":\"MioMio Run\"},\"image\":{\"@id\":\"https:\/\/www.miomiorun.com\/fr\/#\/schema\/logo\/image\/\"},\"sameAs\":[\"https:\/\/www.facebook.com\/miomiorun\/\",\"https:\/\/www.instagram.com\/miomiorun\/\"]}]}<\/script>\n<!-- \/ Yoast SEO plugin. -->","yoast_head_json":{"title":"Craft Core Dry Glove Liner - Gants de course - MioMioRun","description":"La doublure de gant unisexe CORE Dry est un accessoire essentiel pour toute personne s'entra\u00eenant ou participant \u00e0 des activit\u00e9s de plein air dans des conditions froides.","robots":{"index":"index","follow":"follow","max-snippet":"max-snippet:-1","max-image-preview":"max-image-preview:large","max-video-preview":"max-video-preview:-1"},"canonical":"https:\/\/www.miomiorun.com\/fr\/produit\/core-dry-glove-liner\/","og_locale":"fr_FR","og_type":"article","og_title":"Craft Core Dry Glove Liner - Gants de course - MioMioRun","og_description":"La doublure de gant unisexe CORE Dry est un accessoire essentiel pour toute personne s'entra\u00eenant ou participant \u00e0 des activit\u00e9s de plein air dans des conditions froides.","og_url":"https:\/\/www.miomiorun.com\/fr\/produit\/core-dry-glove-liner\/","og_site_name":"MioMioRun","article_publisher":"https:\/\/www.facebook.com\/miomiorun\/","article_modified_time":"2026-05-08T20:18:11+00:00","og_image":[{"width":600,"height":600,"url":"https:\/\/www.miomiorun.com\/app\/uploads\/2024\/10\/craft-Core-Dry-Glove-liner-black-1915356-999000.webp","type":"image\/webp"}],"twitter_card":"summary_large_image","twitter_misc":{"Est. reading time":"1 minute"},"schema":{"@context":"https:\/\/schema.org","@graph":[{"@type":"WebPage","@id":"https:\/\/www.miomiorun.com\/fr\/produit\/core-dry-glove-liner\/","url":"https:\/\/www.miomiorun.com\/fr\/produit\/core-dry-glove-liner\/","name":"Craft Core Dry Glove Liner - Gants de course - MioMioRun","isPartOf":{"@id":"https:\/\/www.miomiorun.com\/fr\/#website"},"primaryImageOfPage":{"@id":"https:\/\/www.miomiorun.com\/fr\/produit\/core-dry-glove-liner\/#primaryimage"},"image":{"@id":"https:\/\/www.miomiorun.com\/fr\/produit\/core-dry-glove-liner\/#primaryimage"},"thumbnailUrl":"https:\/\/www.miomiorun.com\/app\/uploads\/2024\/10\/craft-Core-Dry-Glove-liner-black-1915356-999000.webp","datePublished":"2024-10-08T12:33:33+00:00","dateModified":"2026-05-08T20:18:11+00:00","description":"La doublure de gant unisexe CORE Dry est un accessoire essentiel pour toute personne s'entra\u00eenant ou participant \u00e0 des activit\u00e9s de plein air dans des conditions froides.","breadcrumb":{"@id":"https:\/\/www.miomiorun.com\/fr\/produit\/core-dry-glove-liner\/#breadcrumb"},"inLanguage":"fr-FR","potentialAction":[{"@type":"ReadAction","target":["https:\/\/www.miomiorun.com\/fr\/produit\/core-dry-glove-liner\/"]}]},{"@type":"ImageObject","inLanguage":"fr-FR","@id":"https:\/\/www.miomiorun.com\/fr\/produit\/core-dry-glove-liner\/#primaryimage","url":"https:\/\/www.miomiorun.com\/app\/uploads\/2024\/10\/craft-Core-Dry-Glove-liner-black-1915356-999000.webp","contentUrl":"https:\/\/www.miomiorun.com\/app\/uploads\/2024\/10\/craft-Core-Dry-Glove-liner-black-1915356-999000.webp","width":600,"height":600,"caption":"craft Core Dry Glove liner black 1915356-999000"},{"@type":"BreadcrumbList","@id":"https:\/\/www.miomiorun.com\/fr\/produit\/core-dry-glove-liner\/#breadcrumb","itemListElement":[{"@type":"ListItem","position":1,"name":"Home","item":"https:\/\/www.miomiorun.com\/fr\/home-page\/"},{"@type":"ListItem","position":2,"name":"Shop","item":"https:\/\/www.miomiorun.com\/shop\/"},{"@type":"ListItem","position":3,"name":"Core Dry Glove Liner"}]},{"@type":"WebSite","@id":"https:\/\/www.miomiorun.com\/fr\/#website","url":"https:\/\/www.miomiorun.com\/fr\/","name":"MioMioRun","description":"Boutique 100% running et trail","publisher":{"@id":"https:\/\/www.miomiorun.com\/fr\/#organization"},"potentialAction":[{"@type":"SearchAction","target":{"@type":"EntryPoint","urlTemplate":"https:\/\/www.miomiorun.com\/fr\/?s={search_term_string}"},"query-input":{"@type":"PropertyValueSpecification","valueRequired":true,"valueName":"search_term_string"}}],"inLanguage":"fr-FR"},{"@type":"Organization","@id":"https:\/\/www.miomiorun.com\/fr\/#organization","name":"MioMio Run","url":"https:\/\/www.miomiorun.com\/fr\/","logo":{"@type":"ImageObject","inLanguage":"fr-FR","@id":"https:\/\/www.miomiorun.com\/fr\/#\/schema\/logo\/image\/","url":"https:\/\/www.miomiorun.com\/app\/uploads\/2019\/12\/logomio.png","contentUrl":"https:\/\/www.miomiorun.com\/app\/uploads\/2019\/12\/logomio.png","width":115,"height":82,"caption":"MioMio Run"},"image":{"@id":"https:\/\/www.miomiorun.com\/fr\/#\/schema\/logo\/image\/"},"sameAs":["https:\/\/www.facebook.com\/miomiorun\/","https:\/\/www.instagram.com\/miomiorun\/"]}]}},"_links":{"self":[{"href":"https:\/\/www.miomiorun.com\/fr\/wp-json\/wp\/v2\/product\/295711","targetHints":{"allow":["GET"]}}],"collection":[{"href":"https:\/\/www.miomiorun.com\/fr\/wp-json\/wp\/v2\/product"}],"about":[{"href":"https:\/\/www.miomiorun.com\/fr\/wp-json\/wp\/v2\/types\/product"}],"wp:featuredmedia":[{"embeddable":true,"href":"https:\/\/www.miomiorun.com\/fr\/wp-json\/wp\/v2\/media\/249720"}],"wp:attachment":[{"href":"https:\/\/www.miomiorun.com\/fr\/wp-json\/wp\/v2\/media?parent=295711"}],"wp:term":[{"taxonomy":"product_brand","embeddable":true,"href":"https:\/\/www.miomiorun.com\/fr\/wp-json\/wp\/v2\/product_brand?post=295711"},{"taxonomy":"product_cat","embeddable":true,"href":"https:\/\/www.miomiorun.com\/fr\/wp-json\/wp\/v2\/product_cat?post=295711"},{"taxonomy":"product_tag","embeddable":true,"href":"https:\/\/www.miomiorun.com\/fr\/wp-json\/wp\/v2\/product_tag?post=295711"}],"curies":[{"name":"wp","href":"https:\/\/api.w.org\/{rel}","templated":true}]}}