{"id":295708,"date":"2024-10-08T14:42:03","date_gmt":"2024-10-08T12:42:03","guid":{"rendered":"https:\/\/miomiorun.com\/prodotto\/ultra-raptor-ii-mid-jr-gtx\/"},"modified":"2025-12-04T11:08:09","modified_gmt":"2025-12-04T10:08:09","slug":"ultra-raptor-ii-mid-jr-gtx","status":"publish","type":"product","link":"https:\/\/www.miomiorun.com\/fr\/produit\/ultra-raptor-ii-mid-jr-gtx\/","title":{"rendered":"Ultra Raptor II Mid JR Gtx"},"content":{"rendered":"<div class=\"vc-row container\"><div class=\"vc-column\"><div class=\"vc-column-text\"><\/p>\n<h4>Caract\u00e9ristiques techniques<\/h4>\n<p>Cat\u00e9gorie : Amorti structur\u00e9<br \/>\nD\u00e9calage : 4 mm<br \/>\nId\u00e9al pour : les jeunes qui ont besoin d&#8217;une chaussure offrant un bon amorti et une bonne structure pour affronter les sentiers de montagne. Id\u00e9al pour les premiers pas en trail ou pour les jeunes qui ont d\u00e9j\u00e0 tendance \u00e0 parcourir des distances moyennes \u00e0 longues.<br \/>\n<a href=\"https:\/\/miomiorun.com\/fr\/guide-des-specificites\/\">Guide des sp\u00e9cifications techniques<\/a><\/p>\n<p><\/div><\/div><div class=\"vc-column\"><div class=\"vc-column-text\"><\/p>\n<p class=\"product-name\" data-qa=\"productName\"><strong>Ultra Raptor II Mid Junior GTX<\/strong> est la chaussure de randonn\u00e9e \u00e0 membrane <strong>GORE-TEX<\/strong> de la collection Ultra Raptor con\u00e7ue pour les plus petits. Parfaite pour un usage quotidien pendant les mois les plus froids et pour les promenades sur des terrains accident\u00e9s. La tige est en mesh respirant avec renfort en microfibre thermocoll\u00e9e et bord anti-abrasion pour plus de l\u00e9g\u00e8ret\u00e9 et une protection maximale contre les chocs. La semelle int\u00e9rieure Ortholite\u00ae Hybrid est fabriqu\u00e9e \u00e0 partir de composants recycl\u00e9s issus du cycle de fabrication et tous les mat\u00e9riaux de la chaussure sont vegan friendly. La semelle en m\u00e9lange FriXion\u00ae Blu offre une excellente adh\u00e9rence et une grande durabilit\u00e9. D\u00e9di\u00e9e \u00e0 nos petits Velociraptors.<\/p>\n<p data-qa=\"productName\"><strong>Caract\u00e9ristiques :<\/strong><\/p>\n<div class=\"description-techspecs__items\">\n<ul class=\"features-container\">\n<li class=\"feature-item\">Tige en mesh<\/li>\n<li class=\"feature-item\">Lacement rapide<\/li>\n<li class=\"feature-item\">Semelle interm\u00e9diaire en canne \u00e0 sucre recycl\u00e9e \u00e0 30 %<\/li>\n<li class=\"feature-item\">Semelle ext\u00e9rieure en caoutchouc r\u00e9sistant<\/li>\n<\/ul>\n<p><img decoding=\"async\" src=\"https:\/\/www.lasportiva.com\/media\/techinfo_icons\/friction-blue.png\"><\/p>\n<p>Les m\u00e9langes&nbsp;<strong>La Sportiva FriXion\u00ae<\/strong>&nbsp;ont \u00e9t\u00e9 cr\u00e9\u00e9s dans le but de cr\u00e9er des semelles pr\u00e9sentant diff\u00e9rents param\u00e8tres d&#8217;adh\u00e9rence et de durabilit\u00e9 en fonction du type d&#8217;utilisation et du terrain sur lesquels les chaussures La Sportiva sont utilis\u00e9es.<\/p>\n<p><img decoding=\"async\" src=\"https:\/\/www.lasportiva.com\/media\/techinfo_icons\/impact-brake-system.png\"><\/p>\n<p><strong>Syst\u00e8me innovant appliqu\u00e9 \u00e0 la semelle qui absorbe les chocs, aide \u00e0 la traction et retient lors du freinage. <\/strong><br \/>\nCon\u00e7u et d\u00e9velopp\u00e9 par le centre de recherche et d\u00e9veloppement La Sportiva, il offre de r\u00e9els avantages pendant la course en r\u00e9duisant l&#8217;impact n\u00e9gatif avec le sol. La disposition particuli\u00e8re des crampons fait en sorte que certains d&#8217;entre eux entrent en premier en contact avec le sol, adoucissant ainsi l&#8217;appui de la semelle.<\/p>\n<p><img decoding=\"async\" src=\"https:\/\/www.lasportiva.com\/media\/techinfo_icons\/GORETEX1.png\"><\/p>\n<p>Les chaussures con\u00e7ues avec la technologie GORE-TEX Extended Comfort sont id\u00e9ales en int\u00e9rieur comme en ext\u00e9rieur, par temps mod\u00e9r\u00e9 ou chaud, ou lors d&#8217;activit\u00e9s \u00e0 fort impact a\u00e9robique. <\/p>\n<p>Elles sont imperm\u00e9ables dans le temps, offrent une respirabilit\u00e9 optimale et garantissent une protection durable contre les intemp\u00e9ries. L&#8217;eau ne p\u00e9n\u00e8tre pas \u00e0 l&#8217;int\u00e9rieur, tandis que la transpiration s&#8217;\u00e9vacue facilement.<\/p>\n<p>Gr\u00e2ce \u00e0 leur construction sans isolation, elles sont la solution parfaite pour obtenir un excellent confort climatique en \u00e9liminant l&#8217;exc\u00e8s de chaleur.<\/p>\n<p><img decoding=\"async\" src=\"https:\/\/www.lasportiva.com\/media\/techinfo_icons\/laspo6.png\"><\/p>\n<p>Les 3 mod\u00e8les Laspokids favorisent le d\u00e9veloppement de l&#8217;enfant gr\u00e2ce \u00e0 des technologies con\u00e7ues pour stimuler naturellement sa croissance physique et mentale, gr\u00e2ce \u00e0 des solutions qui encouragent la libert\u00e9, la proprioception, l&#8217;interaction avec l&#8217;environnement et le \u00ab confort sensoriel \u00bb.<br \/>\nCourse, escalade et randonn\u00e9e : 3 produits pour 3 moments parmi les plus amusants d&#8217;une journ\u00e9e \u00e0 la montagne en compagnie de LaspoBoy et LaspoGirl : les sympathiques personnages qui, gr\u00e2ce aux pouvoirs de leurs chaussures, nous guident \u00e0 la d\u00e9couverte de la nature et des sports de montagne. <\/p>\n<\/p>\n<\/div>\n<p><\/div><\/div><\/div><\/p>\n","protected":false},"excerpt":{"rendered":"<ul>\n<li>Chaussure pour les enfants qui aiment la montagne.<\/li>\n<li>Super amortissante et avec une excellente adh\u00e9rence.<\/li>\n<li>En Gore-Tex pour garder les pieds au sec.<\/li>\n<\/ul>\n","protected":false},"featured_media":249748,"template":"","meta":{"_acf_changed":false,"inline_featured_image":false},"product_brand":[],"product_cat":[22594,22593,22590],"product_tag":[23597,24181,24188],"class_list":{"0":"post-295708","1":"product","2":"type-product","3":"status-publish","4":"has-post-thumbnail","6":"product_cat-chaussures-pour-enfants","7":"product_cat-chaussures-pour-filles","8":"product_cat-enfant","9":"product_tag-la-sportiva-fr","10":"product_tag-la-sportiva-fille","11":"product_tag-la-sportiva-garcon","12":"pa_attivita-outdoor-fr","13":"pa_colore-ultra-raptor-ii-mid-gtx-jr-space-blue-bl-fr","14":"pa_marca-la-sportiva-fr","15":"pa_sesso-femme","16":"pa_sesso-homme","17":"pa_size-31-fr","18":"pa_size-34-fr","20":"first","21":"instock","22":"sale","23":"taxable","24":"shipping-taxable","25":"purchasable","26":"product-type-variable","27":"wvs-archive-product-wrapper"},"acf":[],"yoast_head":"<!-- This site is optimized with the Yoast SEO plugin v26.8 - https:\/\/yoast.com\/product\/yoast-seo-wordpress\/ -->\n<title>La SportivaUltra Raptor II Mid JR Gtx - chaussures de randonn\u00e9e - MioMioRun<\/title>\n<meta name=\"description\" content=\"Ultra Raptor II Mid Junior GTX est la chaussure de randonn\u00e9e \u00e0 membrane GORE-TEX de la collection Ultra Raptor con\u00e7ue pour les plus petits.\" \/>\n<meta name=\"robots\" content=\"index, follow, max-snippet:-1, max-image-preview:large, max-video-preview:-1\" \/>\n<link rel=\"canonical\" href=\"https:\/\/www.miomiorun.com\/fr\/produit\/ultra-raptor-ii-mid-jr-gtx\/\" \/>\n<meta property=\"og:locale\" content=\"fr_FR\" \/>\n<meta property=\"og:type\" content=\"article\" \/>\n<meta property=\"og:title\" content=\"La SportivaUltra Raptor II Mid JR Gtx - chaussures de randonn\u00e9e - MioMioRun\" \/>\n<meta property=\"og:description\" content=\"Ultra Raptor II Mid Junior GTX est la chaussure de randonn\u00e9e \u00e0 membrane GORE-TEX de la collection Ultra Raptor con\u00e7ue pour les plus petits.\" \/>\n<meta property=\"og:url\" content=\"https:\/\/www.miomiorun.com\/fr\/produit\/ultra-raptor-ii-mid-jr-gtx\/\" \/>\n<meta property=\"og:site_name\" content=\"MioMioRun\" \/>\n<meta property=\"article:publisher\" content=\"https:\/\/www.facebook.com\/miomiorun\/\" \/>\n<meta property=\"article:modified_time\" content=\"2025-12-04T10:08:09+00:00\" \/>\n<meta property=\"og:image\" content=\"https:\/\/www.miomiorun.com\/app\/uploads\/2024\/10\/la-sportiva-Ultra-Raptor-II-MID-GTX-JR-space-blue-bl-34P623107.webp\" \/>\n\t<meta property=\"og:image:width\" content=\"600\" \/>\n\t<meta property=\"og:image:height\" content=\"600\" \/>\n\t<meta property=\"og:image:type\" content=\"image\/webp\" \/>\n<meta name=\"twitter:card\" content=\"summary_large_image\" \/>\n<meta name=\"twitter:label1\" content=\"Est. reading time\" \/>\n\t<meta name=\"twitter:data1\" content=\"3 minutes\" \/>\n<script type=\"application\/ld+json\" class=\"yoast-schema-graph\">{\"@context\":\"https:\/\/schema.org\",\"@graph\":[{\"@type\":\"WebPage\",\"@id\":\"https:\/\/www.miomiorun.com\/fr\/produit\/ultra-raptor-ii-mid-jr-gtx\/\",\"url\":\"https:\/\/www.miomiorun.com\/fr\/produit\/ultra-raptor-ii-mid-jr-gtx\/\",\"name\":\"La SportivaUltra Raptor II Mid JR Gtx - chaussures de randonn\u00e9e - MioMioRun\",\"isPartOf\":{\"@id\":\"https:\/\/www.miomiorun.com\/fr\/#website\"},\"primaryImageOfPage\":{\"@id\":\"https:\/\/www.miomiorun.com\/fr\/produit\/ultra-raptor-ii-mid-jr-gtx\/#primaryimage\"},\"image\":{\"@id\":\"https:\/\/www.miomiorun.com\/fr\/produit\/ultra-raptor-ii-mid-jr-gtx\/#primaryimage\"},\"thumbnailUrl\":\"https:\/\/www.miomiorun.com\/app\/uploads\/2024\/10\/la-sportiva-Ultra-Raptor-II-MID-GTX-JR-space-blue-bl-34P623107.webp\",\"datePublished\":\"2024-10-08T12:42:03+00:00\",\"dateModified\":\"2025-12-04T10:08:09+00:00\",\"description\":\"Ultra Raptor II Mid Junior GTX est la chaussure de randonn\u00e9e \u00e0 membrane GORE-TEX de la collection Ultra Raptor con\u00e7ue pour les plus petits.\",\"breadcrumb\":{\"@id\":\"https:\/\/www.miomiorun.com\/fr\/produit\/ultra-raptor-ii-mid-jr-gtx\/#breadcrumb\"},\"inLanguage\":\"fr-FR\",\"potentialAction\":[{\"@type\":\"ReadAction\",\"target\":[\"https:\/\/www.miomiorun.com\/fr\/produit\/ultra-raptor-ii-mid-jr-gtx\/\"]}]},{\"@type\":\"ImageObject\",\"inLanguage\":\"fr-FR\",\"@id\":\"https:\/\/www.miomiorun.com\/fr\/produit\/ultra-raptor-ii-mid-jr-gtx\/#primaryimage\",\"url\":\"https:\/\/www.miomiorun.com\/app\/uploads\/2024\/10\/la-sportiva-Ultra-Raptor-II-MID-GTX-JR-space-blue-bl-34P623107.webp\",\"contentUrl\":\"https:\/\/www.miomiorun.com\/app\/uploads\/2024\/10\/la-sportiva-Ultra-Raptor-II-MID-GTX-JR-space-blue-bl-34P623107.webp\",\"width\":600,\"height\":600,\"caption\":\"la sportiva Ultra Raptor II MID GTX JR space blue bl 34P623107\"},{\"@type\":\"BreadcrumbList\",\"@id\":\"https:\/\/www.miomiorun.com\/fr\/produit\/ultra-raptor-ii-mid-jr-gtx\/#breadcrumb\",\"itemListElement\":[{\"@type\":\"ListItem\",\"position\":1,\"name\":\"Home\",\"item\":\"https:\/\/www.miomiorun.com\/fr\/home-page\/\"},{\"@type\":\"ListItem\",\"position\":2,\"name\":\"Shop\",\"item\":\"https:\/\/www.miomiorun.com\/shop\/\"},{\"@type\":\"ListItem\",\"position\":3,\"name\":\"Ultra Raptor II Mid JR Gtx\"}]},{\"@type\":\"WebSite\",\"@id\":\"https:\/\/www.miomiorun.com\/fr\/#website\",\"url\":\"https:\/\/www.miomiorun.com\/fr\/\",\"name\":\"MioMioRun\",\"description\":\"Boutique 100% running et trail\",\"publisher\":{\"@id\":\"https:\/\/www.miomiorun.com\/fr\/#organization\"},\"potentialAction\":[{\"@type\":\"SearchAction\",\"target\":{\"@type\":\"EntryPoint\",\"urlTemplate\":\"https:\/\/www.miomiorun.com\/fr\/?s={search_term_string}\"},\"query-input\":{\"@type\":\"PropertyValueSpecification\",\"valueRequired\":true,\"valueName\":\"search_term_string\"}}],\"inLanguage\":\"fr-FR\"},{\"@type\":\"Organization\",\"@id\":\"https:\/\/www.miomiorun.com\/fr\/#organization\",\"name\":\"MioMio Run\",\"url\":\"https:\/\/www.miomiorun.com\/fr\/\",\"logo\":{\"@type\":\"ImageObject\",\"inLanguage\":\"fr-FR\",\"@id\":\"https:\/\/www.miomiorun.com\/fr\/#\/schema\/logo\/image\/\",\"url\":\"https:\/\/www.miomiorun.com\/app\/uploads\/2019\/12\/logomio.png\",\"contentUrl\":\"https:\/\/www.miomiorun.com\/app\/uploads\/2019\/12\/logomio.png\",\"width\":115,\"height\":82,\"caption\":\"MioMio Run\"},\"image\":{\"@id\":\"https:\/\/www.miomiorun.com\/fr\/#\/schema\/logo\/image\/\"},\"sameAs\":[\"https:\/\/www.facebook.com\/miomiorun\/\",\"https:\/\/www.instagram.com\/miomiorun\/\"]}]}<\/script>\n<!-- \/ Yoast SEO plugin. -->","yoast_head_json":{"title":"La SportivaUltra Raptor II Mid JR Gtx - chaussures de randonn\u00e9e - MioMioRun","description":"Ultra Raptor II Mid Junior GTX est la chaussure de randonn\u00e9e \u00e0 membrane GORE-TEX de la collection Ultra Raptor con\u00e7ue pour les plus petits.","robots":{"index":"index","follow":"follow","max-snippet":"max-snippet:-1","max-image-preview":"max-image-preview:large","max-video-preview":"max-video-preview:-1"},"canonical":"https:\/\/www.miomiorun.com\/fr\/produit\/ultra-raptor-ii-mid-jr-gtx\/","og_locale":"fr_FR","og_type":"article","og_title":"La SportivaUltra Raptor II Mid JR Gtx - chaussures de randonn\u00e9e - MioMioRun","og_description":"Ultra Raptor II Mid Junior GTX est la chaussure de randonn\u00e9e \u00e0 membrane GORE-TEX de la collection Ultra Raptor con\u00e7ue pour les plus petits.","og_url":"https:\/\/www.miomiorun.com\/fr\/produit\/ultra-raptor-ii-mid-jr-gtx\/","og_site_name":"MioMioRun","article_publisher":"https:\/\/www.facebook.com\/miomiorun\/","article_modified_time":"2025-12-04T10:08:09+00:00","og_image":[{"width":600,"height":600,"url":"https:\/\/www.miomiorun.com\/app\/uploads\/2024\/10\/la-sportiva-Ultra-Raptor-II-MID-GTX-JR-space-blue-bl-34P623107.webp","type":"image\/webp"}],"twitter_card":"summary_large_image","twitter_misc":{"Est. reading time":"3 minutes"},"schema":{"@context":"https:\/\/schema.org","@graph":[{"@type":"WebPage","@id":"https:\/\/www.miomiorun.com\/fr\/produit\/ultra-raptor-ii-mid-jr-gtx\/","url":"https:\/\/www.miomiorun.com\/fr\/produit\/ultra-raptor-ii-mid-jr-gtx\/","name":"La SportivaUltra Raptor II Mid JR Gtx - chaussures de randonn\u00e9e - MioMioRun","isPartOf":{"@id":"https:\/\/www.miomiorun.com\/fr\/#website"},"primaryImageOfPage":{"@id":"https:\/\/www.miomiorun.com\/fr\/produit\/ultra-raptor-ii-mid-jr-gtx\/#primaryimage"},"image":{"@id":"https:\/\/www.miomiorun.com\/fr\/produit\/ultra-raptor-ii-mid-jr-gtx\/#primaryimage"},"thumbnailUrl":"https:\/\/www.miomiorun.com\/app\/uploads\/2024\/10\/la-sportiva-Ultra-Raptor-II-MID-GTX-JR-space-blue-bl-34P623107.webp","datePublished":"2024-10-08T12:42:03+00:00","dateModified":"2025-12-04T10:08:09+00:00","description":"Ultra Raptor II Mid Junior GTX est la chaussure de randonn\u00e9e \u00e0 membrane GORE-TEX de la collection Ultra Raptor con\u00e7ue pour les plus petits.","breadcrumb":{"@id":"https:\/\/www.miomiorun.com\/fr\/produit\/ultra-raptor-ii-mid-jr-gtx\/#breadcrumb"},"inLanguage":"fr-FR","potentialAction":[{"@type":"ReadAction","target":["https:\/\/www.miomiorun.com\/fr\/produit\/ultra-raptor-ii-mid-jr-gtx\/"]}]},{"@type":"ImageObject","inLanguage":"fr-FR","@id":"https:\/\/www.miomiorun.com\/fr\/produit\/ultra-raptor-ii-mid-jr-gtx\/#primaryimage","url":"https:\/\/www.miomiorun.com\/app\/uploads\/2024\/10\/la-sportiva-Ultra-Raptor-II-MID-GTX-JR-space-blue-bl-34P623107.webp","contentUrl":"https:\/\/www.miomiorun.com\/app\/uploads\/2024\/10\/la-sportiva-Ultra-Raptor-II-MID-GTX-JR-space-blue-bl-34P623107.webp","width":600,"height":600,"caption":"la sportiva Ultra Raptor II MID GTX JR space blue bl 34P623107"},{"@type":"BreadcrumbList","@id":"https:\/\/www.miomiorun.com\/fr\/produit\/ultra-raptor-ii-mid-jr-gtx\/#breadcrumb","itemListElement":[{"@type":"ListItem","position":1,"name":"Home","item":"https:\/\/www.miomiorun.com\/fr\/home-page\/"},{"@type":"ListItem","position":2,"name":"Shop","item":"https:\/\/www.miomiorun.com\/shop\/"},{"@type":"ListItem","position":3,"name":"Ultra Raptor II Mid JR Gtx"}]},{"@type":"WebSite","@id":"https:\/\/www.miomiorun.com\/fr\/#website","url":"https:\/\/www.miomiorun.com\/fr\/","name":"MioMioRun","description":"Boutique 100% running et trail","publisher":{"@id":"https:\/\/www.miomiorun.com\/fr\/#organization"},"potentialAction":[{"@type":"SearchAction","target":{"@type":"EntryPoint","urlTemplate":"https:\/\/www.miomiorun.com\/fr\/?s={search_term_string}"},"query-input":{"@type":"PropertyValueSpecification","valueRequired":true,"valueName":"search_term_string"}}],"inLanguage":"fr-FR"},{"@type":"Organization","@id":"https:\/\/www.miomiorun.com\/fr\/#organization","name":"MioMio Run","url":"https:\/\/www.miomiorun.com\/fr\/","logo":{"@type":"ImageObject","inLanguage":"fr-FR","@id":"https:\/\/www.miomiorun.com\/fr\/#\/schema\/logo\/image\/","url":"https:\/\/www.miomiorun.com\/app\/uploads\/2019\/12\/logomio.png","contentUrl":"https:\/\/www.miomiorun.com\/app\/uploads\/2019\/12\/logomio.png","width":115,"height":82,"caption":"MioMio Run"},"image":{"@id":"https:\/\/www.miomiorun.com\/fr\/#\/schema\/logo\/image\/"},"sameAs":["https:\/\/www.facebook.com\/miomiorun\/","https:\/\/www.instagram.com\/miomiorun\/"]}]}},"_links":{"self":[{"href":"https:\/\/www.miomiorun.com\/fr\/wp-json\/wp\/v2\/product\/295708","targetHints":{"allow":["GET"]}}],"collection":[{"href":"https:\/\/www.miomiorun.com\/fr\/wp-json\/wp\/v2\/product"}],"about":[{"href":"https:\/\/www.miomiorun.com\/fr\/wp-json\/wp\/v2\/types\/product"}],"wp:featuredmedia":[{"embeddable":true,"href":"https:\/\/www.miomiorun.com\/fr\/wp-json\/wp\/v2\/media\/249748"}],"wp:attachment":[{"href":"https:\/\/www.miomiorun.com\/fr\/wp-json\/wp\/v2\/media?parent=295708"}],"wp:term":[{"taxonomy":"product_brand","embeddable":true,"href":"https:\/\/www.miomiorun.com\/fr\/wp-json\/wp\/v2\/product_brand?post=295708"},{"taxonomy":"product_cat","embeddable":true,"href":"https:\/\/www.miomiorun.com\/fr\/wp-json\/wp\/v2\/product_cat?post=295708"},{"taxonomy":"product_tag","embeddable":true,"href":"https:\/\/www.miomiorun.com\/fr\/wp-json\/wp\/v2\/product_tag?post=295708"}],"curies":[{"name":"wp","href":"https:\/\/api.w.org\/{rel}","templated":true}]}}