{"id":295629,"date":"2024-10-08T16:00:43","date_gmt":"2024-10-08T14:00:43","guid":{"rendered":"https:\/\/miomiorun.com\/prodotto\/custodia-in-silicone-edge-1050\/"},"modified":"2025-05-28T17:17:08","modified_gmt":"2025-05-28T15:17:08","slug":"coque-en-silicone-edge-1050","status":"publish","type":"product","link":"https:\/\/www.miomiorun.com\/fr\/produit\/coque-en-silicone-edge-1050\/","title":{"rendered":"Coque en silicone Edge 1050"},"content":{"rendered":"<p>Prot\u00e9gez votre Edge\u00ae 1050 avec cet \u00e9tui en silicone ergonomique et amovible.<\/p>\n","protected":false},"excerpt":{"rendered":"<p>Prot\u00e9gez votre Edge\u00ae 1050 avec cet \u00e9tui en silicone ergonomique et amovible.<\/p>\n","protected":false},"featured_media":249486,"template":"","meta":{"_acf_changed":false,"inline_featured_image":false},"product_brand":[],"product_cat":[22537,22566],"product_tag":[23480],"class_list":{"0":"post-295629","1":"product","2":"type-product","3":"status-publish","4":"has-post-thumbnail","6":"product_cat-garmin-fr","7":"product_cat-accessoires-fr","8":"product_tag-garmin-fr","9":"pa_colore-cover-edge-1050-black-fr","10":"pa_colore-cover-edge-1050-blue-fr","11":"pa_colore-cover-edge-1050-orange-fr-2","12":"pa_colore-cover-edge-1050-pebble-gray-fr","13":"pa_colore-cover-edge-1050-red-fr","14":"pa_colore-cover-edge-1050-white-fr","15":"pa_marca-garmin-fr","16":"pa_sesso-femme","17":"pa_sesso-homme","19":"first","20":"instock","21":"sale","22":"taxable","23":"shipping-taxable","24":"purchasable","25":"product-type-variable","26":"wvs-archive-product-wrapper"},"acf":[],"yoast_head":"<!-- This site is optimized with the Yoast SEO plugin v26.8 - https:\/\/yoast.com\/product\/yoast-seo-wordpress\/ -->\n<title>Garmin Coque en silicone Edge 1050 -accessoires garmin - MioMioRun<\/title>\n<meta name=\"description\" content=\"Prot\u00e9gez votre Edge\u00ae 1050 avec cet \u00e9tui en silicone ergonomique et amovible. Disponible en diff\u00e9rentes couleurs pour donner un nouveau look \u00e0 votre Edge.\" \/>\n<meta name=\"robots\" content=\"index, follow, max-snippet:-1, max-image-preview:large, max-video-preview:-1\" \/>\n<link rel=\"canonical\" href=\"https:\/\/www.miomiorun.com\/fr\/produit\/coque-en-silicone-edge-1050\/\" \/>\n<meta property=\"og:locale\" content=\"fr_FR\" \/>\n<meta property=\"og:type\" content=\"article\" \/>\n<meta property=\"og:title\" content=\"Garmin Coque en silicone Edge 1050 -accessoires garmin - MioMioRun\" \/>\n<meta property=\"og:description\" content=\"Prot\u00e9gez votre Edge\u00ae 1050 avec cet \u00e9tui en silicone ergonomique et amovible. Disponible en diff\u00e9rentes couleurs pour donner un nouveau look \u00e0 votre Edge.\" \/>\n<meta property=\"og:url\" content=\"https:\/\/www.miomiorun.com\/fr\/produit\/coque-en-silicone-edge-1050\/\" \/>\n<meta property=\"og:site_name\" content=\"MioMioRun\" \/>\n<meta property=\"article:publisher\" content=\"https:\/\/www.facebook.com\/miomiorun\/\" \/>\n<meta property=\"article:modified_time\" content=\"2025-05-28T15:17:08+00:00\" \/>\n<meta property=\"og:image\" content=\"https:\/\/www.miomiorun.com\/app\/uploads\/2024\/10\/garmin-Cover-Edge-1050-black-010-13360-00.webp\" \/>\n\t<meta property=\"og:image:width\" content=\"600\" \/>\n\t<meta property=\"og:image:height\" content=\"600\" \/>\n\t<meta property=\"og:image:type\" content=\"image\/webp\" \/>\n<meta name=\"twitter:card\" content=\"summary_large_image\" \/>\n<script type=\"application\/ld+json\" class=\"yoast-schema-graph\">{\"@context\":\"https:\/\/schema.org\",\"@graph\":[{\"@type\":\"WebPage\",\"@id\":\"https:\/\/www.miomiorun.com\/fr\/produit\/coque-en-silicone-edge-1050\/\",\"url\":\"https:\/\/www.miomiorun.com\/fr\/produit\/coque-en-silicone-edge-1050\/\",\"name\":\"Garmin Coque en silicone Edge 1050 -accessoires garmin - MioMioRun\",\"isPartOf\":{\"@id\":\"https:\/\/www.miomiorun.com\/fr\/#website\"},\"primaryImageOfPage\":{\"@id\":\"https:\/\/www.miomiorun.com\/fr\/produit\/coque-en-silicone-edge-1050\/#primaryimage\"},\"image\":{\"@id\":\"https:\/\/www.miomiorun.com\/fr\/produit\/coque-en-silicone-edge-1050\/#primaryimage\"},\"thumbnailUrl\":\"https:\/\/www.miomiorun.com\/app\/uploads\/2024\/10\/garmin-Cover-Edge-1050-black-010-13360-00.webp\",\"datePublished\":\"2024-10-08T14:00:43+00:00\",\"dateModified\":\"2025-05-28T15:17:08+00:00\",\"description\":\"Prot\u00e9gez votre Edge\u00ae 1050 avec cet \u00e9tui en silicone ergonomique et amovible. Disponible en diff\u00e9rentes couleurs pour donner un nouveau look \u00e0 votre Edge.\",\"breadcrumb\":{\"@id\":\"https:\/\/www.miomiorun.com\/fr\/produit\/coque-en-silicone-edge-1050\/#breadcrumb\"},\"inLanguage\":\"fr-FR\",\"potentialAction\":[{\"@type\":\"ReadAction\",\"target\":[\"https:\/\/www.miomiorun.com\/fr\/produit\/coque-en-silicone-edge-1050\/\"]}]},{\"@type\":\"ImageObject\",\"inLanguage\":\"fr-FR\",\"@id\":\"https:\/\/www.miomiorun.com\/fr\/produit\/coque-en-silicone-edge-1050\/#primaryimage\",\"url\":\"https:\/\/www.miomiorun.com\/app\/uploads\/2024\/10\/garmin-Cover-Edge-1050-black-010-13360-00.webp\",\"contentUrl\":\"https:\/\/www.miomiorun.com\/app\/uploads\/2024\/10\/garmin-Cover-Edge-1050-black-010-13360-00.webp\",\"width\":600,\"height\":600,\"caption\":\"garmin Cover Edge 1050 black 010-13360-00\"},{\"@type\":\"BreadcrumbList\",\"@id\":\"https:\/\/www.miomiorun.com\/fr\/produit\/coque-en-silicone-edge-1050\/#breadcrumb\",\"itemListElement\":[{\"@type\":\"ListItem\",\"position\":1,\"name\":\"Home\",\"item\":\"https:\/\/www.miomiorun.com\/fr\/home-page\/\"},{\"@type\":\"ListItem\",\"position\":2,\"name\":\"Shop\",\"item\":\"https:\/\/www.miomiorun.com\/shop\/\"},{\"@type\":\"ListItem\",\"position\":3,\"name\":\"Coque en silicone Edge 1050\"}]},{\"@type\":\"WebSite\",\"@id\":\"https:\/\/www.miomiorun.com\/fr\/#website\",\"url\":\"https:\/\/www.miomiorun.com\/fr\/\",\"name\":\"MioMioRun\",\"description\":\"Boutique 100% running et trail\",\"publisher\":{\"@id\":\"https:\/\/www.miomiorun.com\/fr\/#organization\"},\"potentialAction\":[{\"@type\":\"SearchAction\",\"target\":{\"@type\":\"EntryPoint\",\"urlTemplate\":\"https:\/\/www.miomiorun.com\/fr\/?s={search_term_string}\"},\"query-input\":{\"@type\":\"PropertyValueSpecification\",\"valueRequired\":true,\"valueName\":\"search_term_string\"}}],\"inLanguage\":\"fr-FR\"},{\"@type\":\"Organization\",\"@id\":\"https:\/\/www.miomiorun.com\/fr\/#organization\",\"name\":\"MioMio Run\",\"url\":\"https:\/\/www.miomiorun.com\/fr\/\",\"logo\":{\"@type\":\"ImageObject\",\"inLanguage\":\"fr-FR\",\"@id\":\"https:\/\/www.miomiorun.com\/fr\/#\/schema\/logo\/image\/\",\"url\":\"https:\/\/www.miomiorun.com\/app\/uploads\/2019\/12\/logomio.png\",\"contentUrl\":\"https:\/\/www.miomiorun.com\/app\/uploads\/2019\/12\/logomio.png\",\"width\":115,\"height\":82,\"caption\":\"MioMio Run\"},\"image\":{\"@id\":\"https:\/\/www.miomiorun.com\/fr\/#\/schema\/logo\/image\/\"},\"sameAs\":[\"https:\/\/www.facebook.com\/miomiorun\/\",\"https:\/\/www.instagram.com\/miomiorun\/\"]}]}<\/script>\n<!-- \/ Yoast SEO plugin. -->","yoast_head_json":{"title":"Garmin Coque en silicone Edge 1050 -accessoires garmin - MioMioRun","description":"Prot\u00e9gez votre Edge\u00ae 1050 avec cet \u00e9tui en silicone ergonomique et amovible. Disponible en diff\u00e9rentes couleurs pour donner un nouveau look \u00e0 votre Edge.","robots":{"index":"index","follow":"follow","max-snippet":"max-snippet:-1","max-image-preview":"max-image-preview:large","max-video-preview":"max-video-preview:-1"},"canonical":"https:\/\/www.miomiorun.com\/fr\/produit\/coque-en-silicone-edge-1050\/","og_locale":"fr_FR","og_type":"article","og_title":"Garmin Coque en silicone Edge 1050 -accessoires garmin - MioMioRun","og_description":"Prot\u00e9gez votre Edge\u00ae 1050 avec cet \u00e9tui en silicone ergonomique et amovible. Disponible en diff\u00e9rentes couleurs pour donner un nouveau look \u00e0 votre Edge.","og_url":"https:\/\/www.miomiorun.com\/fr\/produit\/coque-en-silicone-edge-1050\/","og_site_name":"MioMioRun","article_publisher":"https:\/\/www.facebook.com\/miomiorun\/","article_modified_time":"2025-05-28T15:17:08+00:00","og_image":[{"width":600,"height":600,"url":"https:\/\/www.miomiorun.com\/app\/uploads\/2024\/10\/garmin-Cover-Edge-1050-black-010-13360-00.webp","type":"image\/webp"}],"twitter_card":"summary_large_image","schema":{"@context":"https:\/\/schema.org","@graph":[{"@type":"WebPage","@id":"https:\/\/www.miomiorun.com\/fr\/produit\/coque-en-silicone-edge-1050\/","url":"https:\/\/www.miomiorun.com\/fr\/produit\/coque-en-silicone-edge-1050\/","name":"Garmin Coque en silicone Edge 1050 -accessoires garmin - MioMioRun","isPartOf":{"@id":"https:\/\/www.miomiorun.com\/fr\/#website"},"primaryImageOfPage":{"@id":"https:\/\/www.miomiorun.com\/fr\/produit\/coque-en-silicone-edge-1050\/#primaryimage"},"image":{"@id":"https:\/\/www.miomiorun.com\/fr\/produit\/coque-en-silicone-edge-1050\/#primaryimage"},"thumbnailUrl":"https:\/\/www.miomiorun.com\/app\/uploads\/2024\/10\/garmin-Cover-Edge-1050-black-010-13360-00.webp","datePublished":"2024-10-08T14:00:43+00:00","dateModified":"2025-05-28T15:17:08+00:00","description":"Prot\u00e9gez votre Edge\u00ae 1050 avec cet \u00e9tui en silicone ergonomique et amovible. Disponible en diff\u00e9rentes couleurs pour donner un nouveau look \u00e0 votre Edge.","breadcrumb":{"@id":"https:\/\/www.miomiorun.com\/fr\/produit\/coque-en-silicone-edge-1050\/#breadcrumb"},"inLanguage":"fr-FR","potentialAction":[{"@type":"ReadAction","target":["https:\/\/www.miomiorun.com\/fr\/produit\/coque-en-silicone-edge-1050\/"]}]},{"@type":"ImageObject","inLanguage":"fr-FR","@id":"https:\/\/www.miomiorun.com\/fr\/produit\/coque-en-silicone-edge-1050\/#primaryimage","url":"https:\/\/www.miomiorun.com\/app\/uploads\/2024\/10\/garmin-Cover-Edge-1050-black-010-13360-00.webp","contentUrl":"https:\/\/www.miomiorun.com\/app\/uploads\/2024\/10\/garmin-Cover-Edge-1050-black-010-13360-00.webp","width":600,"height":600,"caption":"garmin Cover Edge 1050 black 010-13360-00"},{"@type":"BreadcrumbList","@id":"https:\/\/www.miomiorun.com\/fr\/produit\/coque-en-silicone-edge-1050\/#breadcrumb","itemListElement":[{"@type":"ListItem","position":1,"name":"Home","item":"https:\/\/www.miomiorun.com\/fr\/home-page\/"},{"@type":"ListItem","position":2,"name":"Shop","item":"https:\/\/www.miomiorun.com\/shop\/"},{"@type":"ListItem","position":3,"name":"Coque en silicone Edge 1050"}]},{"@type":"WebSite","@id":"https:\/\/www.miomiorun.com\/fr\/#website","url":"https:\/\/www.miomiorun.com\/fr\/","name":"MioMioRun","description":"Boutique 100% running et trail","publisher":{"@id":"https:\/\/www.miomiorun.com\/fr\/#organization"},"potentialAction":[{"@type":"SearchAction","target":{"@type":"EntryPoint","urlTemplate":"https:\/\/www.miomiorun.com\/fr\/?s={search_term_string}"},"query-input":{"@type":"PropertyValueSpecification","valueRequired":true,"valueName":"search_term_string"}}],"inLanguage":"fr-FR"},{"@type":"Organization","@id":"https:\/\/www.miomiorun.com\/fr\/#organization","name":"MioMio Run","url":"https:\/\/www.miomiorun.com\/fr\/","logo":{"@type":"ImageObject","inLanguage":"fr-FR","@id":"https:\/\/www.miomiorun.com\/fr\/#\/schema\/logo\/image\/","url":"https:\/\/www.miomiorun.com\/app\/uploads\/2019\/12\/logomio.png","contentUrl":"https:\/\/www.miomiorun.com\/app\/uploads\/2019\/12\/logomio.png","width":115,"height":82,"caption":"MioMio Run"},"image":{"@id":"https:\/\/www.miomiorun.com\/fr\/#\/schema\/logo\/image\/"},"sameAs":["https:\/\/www.facebook.com\/miomiorun\/","https:\/\/www.instagram.com\/miomiorun\/"]}]}},"_links":{"self":[{"href":"https:\/\/www.miomiorun.com\/fr\/wp-json\/wp\/v2\/product\/295629","targetHints":{"allow":["GET"]}}],"collection":[{"href":"https:\/\/www.miomiorun.com\/fr\/wp-json\/wp\/v2\/product"}],"about":[{"href":"https:\/\/www.miomiorun.com\/fr\/wp-json\/wp\/v2\/types\/product"}],"wp:featuredmedia":[{"embeddable":true,"href":"https:\/\/www.miomiorun.com\/fr\/wp-json\/wp\/v2\/media\/249486"}],"wp:attachment":[{"href":"https:\/\/www.miomiorun.com\/fr\/wp-json\/wp\/v2\/media?parent=295629"}],"wp:term":[{"taxonomy":"product_brand","embeddable":true,"href":"https:\/\/www.miomiorun.com\/fr\/wp-json\/wp\/v2\/product_brand?post=295629"},{"taxonomy":"product_cat","embeddable":true,"href":"https:\/\/www.miomiorun.com\/fr\/wp-json\/wp\/v2\/product_cat?post=295629"},{"taxonomy":"product_tag","embeddable":true,"href":"https:\/\/www.miomiorun.com\/fr\/wp-json\/wp\/v2\/product_tag?post=295629"}],"curies":[{"name":"wp","href":"https:\/\/api.w.org\/{rel}","templated":true}]}}