{"id":295626,"date":"2024-10-09T16:15:51","date_gmt":"2024-10-09T14:15:51","guid":{"rendered":"https:\/\/miomiorun.com\/prodotto\/fly-fast-3-0-speed-donna\/"},"modified":"2026-05-08T22:17:59","modified_gmt":"2026-05-08T20:17:59","slug":"fly-fast-3-0-speed-femme","status":"publish","type":"product","link":"https:\/\/www.miomiorun.com\/fr\/produit\/fly-fast-3-0-speed-femme\/","title":{"rendered":"Fly Fast 3.0 Speed femme"},"content":{"rendered":"<div class=\"vc-row container\"><div class=\"vc-column\"><div class=\"vc-column-text\"><\/p>\n<div id=\"tw-target-text-container\" class=\"tw-ta-container F0azHf tw-nfl\" tabindex=\"0\">\n<h3>Les leggings doivent \u00eatre serr\u00e9s, mais pas trop.<\/h3>\n<p>Le UA Armour <strong>Fly Fast 3.0 Speed<\/strong> vous offre un ajustement optimal et bien plus encore. Le tissu doux et \u00e0 s\u00e9chage rapide sculpte la silhouette et offre un soutien optimal, mettant en valeur la silhouette et favorisant une excellente respirabilit\u00e9.<\/p>\n<h3>Caract\u00e9ristiques<\/h3>\n<ul class=\"t-tabs_data\">\n<li class=\"t-tabs_list\">Le tissu HeatGear\u00ae ultra-l\u00e9ger et \u00e0 s\u00e9chage rapide offre une couverture optimale sans vous alourdir.<\/li>\n<li class=\"t-tabs_list\">La mati\u00e8re absorbe la transpiration et s\u00e8che tr\u00e8s rapidement.<\/li>\n<li class=\"t-tabs_list\">La mati\u00e8re extensible dans les 4 sens am\u00e9liore la mobilit\u00e9.<\/li>\n<li class=\"t-tabs_list\">Perforations laser pour une meilleure respirabilit\u00e9 l\u00e0 o\u00f9 vous en avez besoin.<\/li>\n<li class=\"t-tabs_list\">Taille haute avec cordon de serrage int\u00e9rieur pour une couverture optimale et un ajustement parfait.<\/li>\n<li class=\"t-tabs_list\">Poche lat\u00e9rale.<\/li>\n<\/ul>\n<h3>Caract\u00e9ristiques techniques<\/h3>\n<ul class=\"t-tabs_data\">\n<li class=\"t-tabs_list\">D\u00e9tails r\u00e9fl\u00e9chissants pour une meilleure visibilit\u00e9 lors des courses dans des conditions de faible luminosit\u00e9<\/li>\n<li class=\"t-tabs_list\">Longueur int\u00e9rieure de la jambe : 56 cm<\/li>\n<li class=\"t-tabs_list\">77% polyester\/23% \u00e9lasthanne<\/li>\n<li class=\"t-tabs_list\">Produit import\u00e9<\/li>\n<\/ul>\n<p><strong>D\u00e9tails r\u00e9fl\u00e9chissants<\/strong><\/p>\n<p><strong>4-way stretch<\/strong><\/p>\n<p><strong>S\u00e9chage rapide<\/strong><\/p>\n<p><strong>Anti-humidit\u00e9<\/strong><\/p>\n<\/div>\n<p>&nbsp;<\/p>\n<h3>Coupe et entretien<\/h3>\n<ul class=\"t-tabs_data\">\n<li class=\"t-tabs_list\">Coupe <span class=\"t-bold_font\">: <\/span>coupe essentielle, ni trop serr\u00e9e ni trop ample.<\/li>\n<li class=\"t-tabs_list\">Laver \u00e0 l&#8217;envers<\/li>\n<li class=\"t-tabs_list\">Laver \u00e0 froid en machine avec des couleurs similaires<\/li>\n<li class=\"t-tabs_list\">Si n\u00e9cessaire, utiliser uniquement de l&#8217;eau de Javel sans chlore<\/li>\n<li class=\"t-tabs_list\">S\u00e9cher dans un s\u00e8che-linge \u00e0 basse temp\u00e9rature<\/li>\n<li class=\"t-tabs_list\">Ne pas repasser<\/li>\n<li class=\"t-tabs_list\">Ne pas utiliser d&#8217;assouplissant<\/li>\n<li class=\"t-tabs_list\">Ne pas nettoyer \u00e0 sec<\/li>\n<\/ul>\n<div id=\"tw-target-rmn-container\" class=\"tw-target-rmn tw-ta-container F0azHf tw-nfl\">\n<pre id=\"tw-target-rmn\" class=\"tw-data-placeholder tw-text-small tw-ta\" dir=\"ltr\" data-placeholder=\"\">\r\n<\/pre>\n<\/div>\n<p><\/div><\/div><\/div>\n","protected":false},"excerpt":{"rendered":"<ul>\n<li>Pantalon d&#8217;entra\u00eenement avanc\u00e9<\/li>\n<li>Id\u00e9al pour les activit\u00e9s de plein air<\/li>\n<\/ul>\n","protected":false},"featured_media":249906,"template":"","meta":{"_acf_changed":false,"inline_featured_image":false},"product_brand":[],"product_cat":[22603,22596],"product_tag":[23530,23575],"class_list":{"0":"post-295626","1":"product","2":"type-product","3":"status-publish","4":"has-post-thumbnail","6":"product_cat-pantalon-long","7":"product_cat-vetements-pour-femmes","8":"product_tag-under-armour-fr","9":"product_tag-under-armour-femme","10":"pa_attivita-fitness-fr","11":"pa_attivita-marcher","12":"pa_attivita-running-fr","13":"pa_colore-fly-fast-3-0-speed-capri-black-w-fr","14":"pa_marca-under-armour-fr","15":"pa_sesso-femme","16":"pa_size-small-fr","17":"pa_size-large-fr","19":"first","20":"instock","21":"sale","22":"taxable","23":"shipping-taxable","24":"purchasable","25":"product-type-variable","26":"wvs-archive-product-wrapper"},"acf":[],"yoast_head":"<!-- This site is optimized with the Yoast SEO plugin v26.8 - https:\/\/yoast.com\/product\/yoast-seo-wordpress\/ -->\n<title>Under Armour Fly Fast 3.0 Speed femme - Pantalon de courseMioMioRun<\/title>\n<meta name=\"description\" content=\"La UA Armour Fly Fast 3.0 Speed vous offre un ajustement optimal et bien plus encore. Le tissu doux et \u00e0 s\u00e9chage rapide sculpte la silhouette.\" \/>\n<meta name=\"robots\" content=\"index, follow, max-snippet:-1, max-image-preview:large, max-video-preview:-1\" \/>\n<link rel=\"canonical\" href=\"https:\/\/www.miomiorun.com\/fr\/produit\/fly-fast-3-0-speed-femme\/\" \/>\n<meta property=\"og:locale\" content=\"fr_FR\" \/>\n<meta property=\"og:type\" content=\"article\" \/>\n<meta property=\"og:title\" content=\"Under Armour Fly Fast 3.0 Speed femme - Pantalon de courseMioMioRun\" \/>\n<meta property=\"og:description\" content=\"La UA Armour Fly Fast 3.0 Speed vous offre un ajustement optimal et bien plus encore. Le tissu doux et \u00e0 s\u00e9chage rapide sculpte la silhouette.\" \/>\n<meta property=\"og:url\" content=\"https:\/\/www.miomiorun.com\/fr\/produit\/fly-fast-3-0-speed-femme\/\" \/>\n<meta property=\"og:site_name\" content=\"MioMioRun\" \/>\n<meta property=\"article:publisher\" content=\"https:\/\/www.facebook.com\/miomiorun\/\" \/>\n<meta property=\"article:modified_time\" content=\"2026-05-08T20:17:59+00:00\" \/>\n<meta property=\"og:image\" content=\"https:\/\/www.miomiorun.com\/app\/uploads\/2024\/10\/under-armour-Fly-fast-3.0-speed-capri-black-W-1369770-0001.webp\" \/>\n\t<meta property=\"og:image:width\" content=\"600\" \/>\n\t<meta property=\"og:image:height\" content=\"600\" \/>\n\t<meta property=\"og:image:type\" content=\"image\/webp\" \/>\n<meta name=\"twitter:card\" content=\"summary_large_image\" \/>\n<meta name=\"twitter:label1\" content=\"Est. reading time\" \/>\n\t<meta name=\"twitter:data1\" content=\"1 minute\" \/>\n<script type=\"application\/ld+json\" class=\"yoast-schema-graph\">{\"@context\":\"https:\/\/schema.org\",\"@graph\":[{\"@type\":\"WebPage\",\"@id\":\"https:\/\/www.miomiorun.com\/fr\/produit\/fly-fast-3-0-speed-femme\/\",\"url\":\"https:\/\/www.miomiorun.com\/fr\/produit\/fly-fast-3-0-speed-femme\/\",\"name\":\"Under Armour Fly Fast 3.0 Speed femme - Pantalon de courseMioMioRun\",\"isPartOf\":{\"@id\":\"https:\/\/www.miomiorun.com\/fr\/#website\"},\"primaryImageOfPage\":{\"@id\":\"https:\/\/www.miomiorun.com\/fr\/produit\/fly-fast-3-0-speed-femme\/#primaryimage\"},\"image\":{\"@id\":\"https:\/\/www.miomiorun.com\/fr\/produit\/fly-fast-3-0-speed-femme\/#primaryimage\"},\"thumbnailUrl\":\"https:\/\/www.miomiorun.com\/app\/uploads\/2024\/10\/under-armour-Fly-fast-3.0-speed-capri-black-W-1369770-0001.webp\",\"datePublished\":\"2024-10-09T14:15:51+00:00\",\"dateModified\":\"2026-05-08T20:17:59+00:00\",\"description\":\"La UA Armour Fly Fast 3.0 Speed vous offre un ajustement optimal et bien plus encore. Le tissu doux et \u00e0 s\u00e9chage rapide sculpte la silhouette.\",\"breadcrumb\":{\"@id\":\"https:\/\/www.miomiorun.com\/fr\/produit\/fly-fast-3-0-speed-femme\/#breadcrumb\"},\"inLanguage\":\"fr-FR\",\"potentialAction\":[{\"@type\":\"ReadAction\",\"target\":[\"https:\/\/www.miomiorun.com\/fr\/produit\/fly-fast-3-0-speed-femme\/\"]}]},{\"@type\":\"ImageObject\",\"inLanguage\":\"fr-FR\",\"@id\":\"https:\/\/www.miomiorun.com\/fr\/produit\/fly-fast-3-0-speed-femme\/#primaryimage\",\"url\":\"https:\/\/www.miomiorun.com\/app\/uploads\/2024\/10\/under-armour-Fly-fast-3.0-speed-capri-black-W-1369770-0001.webp\",\"contentUrl\":\"https:\/\/www.miomiorun.com\/app\/uploads\/2024\/10\/under-armour-Fly-fast-3.0-speed-capri-black-W-1369770-0001.webp\",\"width\":600,\"height\":600,\"caption\":\"under armour Fly fast 3.0 speed capri black W 1369770-0001\"},{\"@type\":\"BreadcrumbList\",\"@id\":\"https:\/\/www.miomiorun.com\/fr\/produit\/fly-fast-3-0-speed-femme\/#breadcrumb\",\"itemListElement\":[{\"@type\":\"ListItem\",\"position\":1,\"name\":\"Home\",\"item\":\"https:\/\/www.miomiorun.com\/fr\/home-page\/\"},{\"@type\":\"ListItem\",\"position\":2,\"name\":\"Shop\",\"item\":\"https:\/\/www.miomiorun.com\/shop\/\"},{\"@type\":\"ListItem\",\"position\":3,\"name\":\"Fly Fast 3.0 Speed femme\"}]},{\"@type\":\"WebSite\",\"@id\":\"https:\/\/www.miomiorun.com\/fr\/#website\",\"url\":\"https:\/\/www.miomiorun.com\/fr\/\",\"name\":\"MioMioRun\",\"description\":\"Boutique 100% running et trail\",\"publisher\":{\"@id\":\"https:\/\/www.miomiorun.com\/fr\/#organization\"},\"potentialAction\":[{\"@type\":\"SearchAction\",\"target\":{\"@type\":\"EntryPoint\",\"urlTemplate\":\"https:\/\/www.miomiorun.com\/fr\/?s={search_term_string}\"},\"query-input\":{\"@type\":\"PropertyValueSpecification\",\"valueRequired\":true,\"valueName\":\"search_term_string\"}}],\"inLanguage\":\"fr-FR\"},{\"@type\":\"Organization\",\"@id\":\"https:\/\/www.miomiorun.com\/fr\/#organization\",\"name\":\"MioMio Run\",\"url\":\"https:\/\/www.miomiorun.com\/fr\/\",\"logo\":{\"@type\":\"ImageObject\",\"inLanguage\":\"fr-FR\",\"@id\":\"https:\/\/www.miomiorun.com\/fr\/#\/schema\/logo\/image\/\",\"url\":\"https:\/\/www.miomiorun.com\/app\/uploads\/2019\/12\/logomio.png\",\"contentUrl\":\"https:\/\/www.miomiorun.com\/app\/uploads\/2019\/12\/logomio.png\",\"width\":115,\"height\":82,\"caption\":\"MioMio Run\"},\"image\":{\"@id\":\"https:\/\/www.miomiorun.com\/fr\/#\/schema\/logo\/image\/\"},\"sameAs\":[\"https:\/\/www.facebook.com\/miomiorun\/\",\"https:\/\/www.instagram.com\/miomiorun\/\"]}]}<\/script>\n<!-- \/ Yoast SEO plugin. -->","yoast_head_json":{"title":"Under Armour Fly Fast 3.0 Speed femme - Pantalon de courseMioMioRun","description":"La UA Armour Fly Fast 3.0 Speed vous offre un ajustement optimal et bien plus encore. Le tissu doux et \u00e0 s\u00e9chage rapide sculpte la silhouette.","robots":{"index":"index","follow":"follow","max-snippet":"max-snippet:-1","max-image-preview":"max-image-preview:large","max-video-preview":"max-video-preview:-1"},"canonical":"https:\/\/www.miomiorun.com\/fr\/produit\/fly-fast-3-0-speed-femme\/","og_locale":"fr_FR","og_type":"article","og_title":"Under Armour Fly Fast 3.0 Speed femme - Pantalon de courseMioMioRun","og_description":"La UA Armour Fly Fast 3.0 Speed vous offre un ajustement optimal et bien plus encore. Le tissu doux et \u00e0 s\u00e9chage rapide sculpte la silhouette.","og_url":"https:\/\/www.miomiorun.com\/fr\/produit\/fly-fast-3-0-speed-femme\/","og_site_name":"MioMioRun","article_publisher":"https:\/\/www.facebook.com\/miomiorun\/","article_modified_time":"2026-05-08T20:17:59+00:00","og_image":[{"width":600,"height":600,"url":"https:\/\/www.miomiorun.com\/app\/uploads\/2024\/10\/under-armour-Fly-fast-3.0-speed-capri-black-W-1369770-0001.webp","type":"image\/webp"}],"twitter_card":"summary_large_image","twitter_misc":{"Est. reading time":"1 minute"},"schema":{"@context":"https:\/\/schema.org","@graph":[{"@type":"WebPage","@id":"https:\/\/www.miomiorun.com\/fr\/produit\/fly-fast-3-0-speed-femme\/","url":"https:\/\/www.miomiorun.com\/fr\/produit\/fly-fast-3-0-speed-femme\/","name":"Under Armour Fly Fast 3.0 Speed femme - Pantalon de courseMioMioRun","isPartOf":{"@id":"https:\/\/www.miomiorun.com\/fr\/#website"},"primaryImageOfPage":{"@id":"https:\/\/www.miomiorun.com\/fr\/produit\/fly-fast-3-0-speed-femme\/#primaryimage"},"image":{"@id":"https:\/\/www.miomiorun.com\/fr\/produit\/fly-fast-3-0-speed-femme\/#primaryimage"},"thumbnailUrl":"https:\/\/www.miomiorun.com\/app\/uploads\/2024\/10\/under-armour-Fly-fast-3.0-speed-capri-black-W-1369770-0001.webp","datePublished":"2024-10-09T14:15:51+00:00","dateModified":"2026-05-08T20:17:59+00:00","description":"La UA Armour Fly Fast 3.0 Speed vous offre un ajustement optimal et bien plus encore. Le tissu doux et \u00e0 s\u00e9chage rapide sculpte la silhouette.","breadcrumb":{"@id":"https:\/\/www.miomiorun.com\/fr\/produit\/fly-fast-3-0-speed-femme\/#breadcrumb"},"inLanguage":"fr-FR","potentialAction":[{"@type":"ReadAction","target":["https:\/\/www.miomiorun.com\/fr\/produit\/fly-fast-3-0-speed-femme\/"]}]},{"@type":"ImageObject","inLanguage":"fr-FR","@id":"https:\/\/www.miomiorun.com\/fr\/produit\/fly-fast-3-0-speed-femme\/#primaryimage","url":"https:\/\/www.miomiorun.com\/app\/uploads\/2024\/10\/under-armour-Fly-fast-3.0-speed-capri-black-W-1369770-0001.webp","contentUrl":"https:\/\/www.miomiorun.com\/app\/uploads\/2024\/10\/under-armour-Fly-fast-3.0-speed-capri-black-W-1369770-0001.webp","width":600,"height":600,"caption":"under armour Fly fast 3.0 speed capri black W 1369770-0001"},{"@type":"BreadcrumbList","@id":"https:\/\/www.miomiorun.com\/fr\/produit\/fly-fast-3-0-speed-femme\/#breadcrumb","itemListElement":[{"@type":"ListItem","position":1,"name":"Home","item":"https:\/\/www.miomiorun.com\/fr\/home-page\/"},{"@type":"ListItem","position":2,"name":"Shop","item":"https:\/\/www.miomiorun.com\/shop\/"},{"@type":"ListItem","position":3,"name":"Fly Fast 3.0 Speed femme"}]},{"@type":"WebSite","@id":"https:\/\/www.miomiorun.com\/fr\/#website","url":"https:\/\/www.miomiorun.com\/fr\/","name":"MioMioRun","description":"Boutique 100% running et trail","publisher":{"@id":"https:\/\/www.miomiorun.com\/fr\/#organization"},"potentialAction":[{"@type":"SearchAction","target":{"@type":"EntryPoint","urlTemplate":"https:\/\/www.miomiorun.com\/fr\/?s={search_term_string}"},"query-input":{"@type":"PropertyValueSpecification","valueRequired":true,"valueName":"search_term_string"}}],"inLanguage":"fr-FR"},{"@type":"Organization","@id":"https:\/\/www.miomiorun.com\/fr\/#organization","name":"MioMio Run","url":"https:\/\/www.miomiorun.com\/fr\/","logo":{"@type":"ImageObject","inLanguage":"fr-FR","@id":"https:\/\/www.miomiorun.com\/fr\/#\/schema\/logo\/image\/","url":"https:\/\/www.miomiorun.com\/app\/uploads\/2019\/12\/logomio.png","contentUrl":"https:\/\/www.miomiorun.com\/app\/uploads\/2019\/12\/logomio.png","width":115,"height":82,"caption":"MioMio Run"},"image":{"@id":"https:\/\/www.miomiorun.com\/fr\/#\/schema\/logo\/image\/"},"sameAs":["https:\/\/www.facebook.com\/miomiorun\/","https:\/\/www.instagram.com\/miomiorun\/"]}]}},"_links":{"self":[{"href":"https:\/\/www.miomiorun.com\/fr\/wp-json\/wp\/v2\/product\/295626","targetHints":{"allow":["GET"]}}],"collection":[{"href":"https:\/\/www.miomiorun.com\/fr\/wp-json\/wp\/v2\/product"}],"about":[{"href":"https:\/\/www.miomiorun.com\/fr\/wp-json\/wp\/v2\/types\/product"}],"wp:featuredmedia":[{"embeddable":true,"href":"https:\/\/www.miomiorun.com\/fr\/wp-json\/wp\/v2\/media\/249906"}],"wp:attachment":[{"href":"https:\/\/www.miomiorun.com\/fr\/wp-json\/wp\/v2\/media?parent=295626"}],"wp:term":[{"taxonomy":"product_brand","embeddable":true,"href":"https:\/\/www.miomiorun.com\/fr\/wp-json\/wp\/v2\/product_brand?post=295626"},{"taxonomy":"product_cat","embeddable":true,"href":"https:\/\/www.miomiorun.com\/fr\/wp-json\/wp\/v2\/product_cat?post=295626"},{"taxonomy":"product_tag","embeddable":true,"href":"https:\/\/www.miomiorun.com\/fr\/wp-json\/wp\/v2\/product_tag?post=295626"}],"curies":[{"name":"wp","href":"https:\/\/api.w.org\/{rel}","templated":true}]}}