{"id":295566,"date":"2024-10-10T11:42:45","date_gmt":"2024-10-10T09:42:45","guid":{"rendered":"https:\/\/miomiorun.com\/prodotto\/genesis-donna\/"},"modified":"2026-05-08T22:17:32","modified_gmt":"2026-05-08T20:17:32","slug":"genesis-femme","status":"publish","type":"product","link":"https:\/\/www.miomiorun.com\/fr\/produit\/genesis-femme\/","title":{"rendered":"Genesis femme"},"content":{"rendered":"<div class=\"vc-row container\"><div class=\"vc-column\"><div class=\"vc-column-text\"><\/p>\n<p><strong>Caract\u00e9ristiques techniques<\/strong><\/p>\n<p>Cat\u00e9gorie : amorti mod\u00e9r\u00e9<br \/>\nD\u00e9calage : 8 mm<br \/>\nPoids : 242 g<br \/>\nId\u00e9al pour : les coureurs de trail et les amateurs de marche et de course en montagne, \u00e0 la recherche d&#8217;un mod\u00e8le l\u00e9ger, bien amorti et protecteur, capable de transmettre un maximum de confort sur des distances m\u00eame prolong\u00e9es.<br \/>\nPoids de l&#8217;athl\u00e8te : 50-70 kg<br \/>\nAllure de course : moyennement rapide (4,30-6,00 min\/km<a href=\"https:\/\/miomiorun.com\/fr\/guide-des-specificites\/\">)<\/a><br \/>\n<a href=\"https:\/\/miomiorun.com\/fr\/guide-des-specificites\/\">Guide des sp\u00e9cificatione<\/a><\/p>\n<p><\/div><\/div><div class=\"vc-column\"><div class=\"vc-column-text\"><\/p>\n<div class=\"description-whatsnew\">\n<div class=\"description-whatsnew\">\n<p>La <strong>Genesis<\/strong> en version femme est une chaussure de course en montagne aussi confortable et rassurante que dynamique, agile et pr\u00eate pour l&#8217;aventure. Elle est con\u00e7ue pour offrir une grande durabilit\u00e9 et une pr\u00e9cision m\u00e9ticuleuse sur les terrains difficiles. Avec lui, il n&#8217;y a pas de mont\u00e9e trop raide ou de descente trop difficile. Gr\u00e2ce au soutien dynamique fourni par le ch\u00e2ssis et \u00e0 l&#8217;adh\u00e9rence fiable, vous pouvez aller partout en toute confiance.<\/p>\n<h3>Caract\u00e9ristiques :<\/h3>\n<ul>\n<li>Parfait pour les <span class=\"\">terrains mixtes, rocailleux<\/span><\/li>\n<li><span class=\"\">Durable, stable et soutenu<\/span><\/li>\n<li>Id\u00e9al pour 2\/3 randonn\u00e9es par semaine<\/li>\n<li>Profondeur des chevilles : 4,5 mm<\/li>\n<\/ul>\n<div class=\"pdp-gap-m\">\n<p class=\"pdp-sidebar-popin-details_subtitle\">SEMELLE<\/p>\n<p>All <b>Terrain<\/b> Contagrip\u00ae : Notre semelle All Terrain Contagrip\u00ae est adapt\u00e9e \u00e0 une grande vari\u00e9t\u00e9 de surfaces. Elle garantit la durabilit\u00e9 et la s\u00e9curit\u00e9 sur les surfaces humides, s\u00e8ches, dures ou molles.<\/p>\n<\/div>\n<div class=\"pdp-gap-m\">\n<p class=\"pdp-sidebar-popin-details_subtitle\">SEMELLE<\/p>\n<p><b>Energy Foam<\/b>: mousse EVA l\u00e9g\u00e8re et amortie pour ceux qui recherchent des performances \u00e9lev\u00e9es.<\/p>\n<\/div>\n<div class=\"pdp-gap-m\">\n<p class=\"pdp-sidebar-popin-details_subtitle\">CHASSIS\u2122<\/p>\n<p><b>activeCHASSIS\u2122<\/b>: Ch\u00e2ssis qui offre une pouss\u00e9e accrue, une agilit\u00e9 sans compromis et une grande libert\u00e9 de mouvement.<\/p>\n<\/div>\n<div class=\"pdp-gap-m\">\n<p class=\"pdp-sidebar-popin-details_subtitle\">MATI\u00c8RE SUP\u00c9RIEURE<\/p>\n<p><b>Matryx\u00ae<\/b>: Tissu haute performance con\u00e7u pour r\u00e9sister \u00e0 l&#8217;abrasion, il est compos\u00e9 de fils techniques et de Kevlar\u00ae haute t\u00e9nacit\u00e9 enduit individuellement, ce qui le rend \u00e9galement l\u00e9ger et respirant.<\/p>\n<\/div>\n<div class=\"pdp-gap-m\">\n<p class=\"pdp-sidebar-popin-details_subtitle\">CONSTRUCTION DE LA TIGE<\/p>\n<p><b>EndoFit\u2122<\/b>: Doublure int\u00e9rieure semblable \u00e0 une chaussette qui enveloppe le pied, le gardant ferme et stable pour assurer un ajustement pr\u00e9cis.<\/p>\n<\/div>\n<div class=\"pdp-gap-m\">\n<p class=\"pdp-sidebar-popin-details_subtitle\">SYST\u00c8ME DE LA\u00c7AGE<\/p>\n<p><b>quickLACE\u2122<\/b>: lacet fin et solide pour un la\u00e7age en une seule fois. Simplifie la mise en place et le retrait de la chaussure.<\/p>\n<\/div>\n<\/div>\n<p>&nbsp;<\/p>\n<h3>PERFORMANCE DE COURSE<\/h3>\n<p>Le compromis dont vous n&#8217;osiez que r\u00eaver est d\u00e9sormais une r\u00e9alit\u00e9 : tout le confort et l&#8217;amorti de l&#8217;Energy Foam combin\u00e9s au soutien dynamique de l&#8217;Active Chassis. Qu&#8217;attendez-vous ? Tu peux maintenant courir partout en toute s\u00e9curit\u00e9.<\/p>\n<h3>ADH\u00c9RENCE<\/h3>\n<p>Le compos\u00e9 All Terrain Contgrip, la bande de roulement unique en deux parties et la bande de roulement sur\u00e9lev\u00e9e assurent l&#8217;adh\u00e9rence et l&#8217;adaptabilit\u00e9, m\u00eame dans les situations difficiles et sur les terrains changeants.<\/p>\n<h3>R\u00c9SISTANCE<\/h3>\n<p>La tige Matrix avec fils tiss\u00e9s est respirante, ultra-durable et r\u00e9siste aux \u00e9boulis et aux emb\u00fbches des sentiers les plus exigeants.<\/p>\n<\/div>\n<p><\/div><\/div><\/div>\n","protected":false},"excerpt":{"rendered":"<ul>\n<li>Chaussure id\u00e9ale pour le trail et la randonn\u00e9e.<\/li>\n<li>Id\u00e9al pour les itin\u00e9raires techniques sur terrains difficiles.<\/li>\n<\/ul>\n","protected":false},"featured_media":351013,"template":"","meta":{"_acf_changed":false,"inline_featured_image":false},"product_brand":[],"product_cat":[22605,22608],"product_tag":[23581,23619],"class_list":{"0":"post-295566","1":"product","2":"type-product","3":"status-publish","4":"has-post-thumbnail","6":"product_cat-chaussures-pour-femmes","7":"product_cat-trail-fr","8":"product_tag-salomon-fr","9":"product_tag-salomon-femme","10":"pa_attivita-outdoor-fr","11":"pa_attivita-trail-fr","12":"pa_colore-genesis-w-bay-electric-green-chert-fr","13":"pa_colore-genesis-w-brunnera-blue-persia-deep-blue","14":"pa_colore-genesis-w-iron-vanilla-ice-cyclamen-fr","15":"pa_colore-genesis-w-white-lunar-rock-transc-fr","16":"pa_marca-salomon-fr","17":"pa_sesso-femme","18":"pa_size-37-fr","19":"pa_size-38-fr","21":"pa_size-39-fr","22":"pa_size-40-fr","24":"pa_size-41-fr","26":"first","27":"instock","28":"sale","29":"taxable","30":"shipping-taxable","31":"purchasable","32":"product-type-variable","33":"wvs-archive-product-wrapper"},"acf":[],"yoast_head":"<!-- This site is optimized with the Yoast SEO plugin v26.8 - https:\/\/yoast.com\/product\/yoast-seo-wordpress\/ -->\n<title>Salomon Genesis femme - chaussures de trail - MioMioRun.com<\/title>\n<meta name=\"description\" content=\"La Genesis en version femme est une chaussure de course en montagne aussi confortable et rassurante que dynamique, agile et pr\u00eate pour l&#039;aventure.\" \/>\n<meta name=\"robots\" content=\"index, follow, max-snippet:-1, max-image-preview:large, max-video-preview:-1\" \/>\n<link rel=\"canonical\" href=\"https:\/\/www.miomiorun.com\/fr\/produit\/genesis-femme\/\" \/>\n<meta property=\"og:locale\" content=\"fr_FR\" \/>\n<meta property=\"og:type\" content=\"article\" \/>\n<meta property=\"og:title\" content=\"Salomon Genesis femme - chaussures de trail - MioMioRun.com\" \/>\n<meta property=\"og:description\" content=\"La Genesis en version femme est une chaussure de course en montagne aussi confortable et rassurante que dynamique, agile et pr\u00eate pour l&#039;aventure.\" \/>\n<meta property=\"og:url\" content=\"https:\/\/www.miomiorun.com\/fr\/produit\/genesis-femme\/\" \/>\n<meta property=\"og:site_name\" content=\"MioMioRun\" \/>\n<meta property=\"article:publisher\" content=\"https:\/\/www.facebook.com\/miomiorun\/\" \/>\n<meta property=\"article:modified_time\" content=\"2026-05-08T20:17:32+00:00\" \/>\n<meta property=\"og:image\" content=\"https:\/\/www.miomiorun.com\/app\/uploads\/2025\/09\/salomon-Genesis-W-iron-vanilla-ice-cyclamen-L47881000.webp\" \/>\n\t<meta property=\"og:image:width\" content=\"720\" \/>\n\t<meta property=\"og:image:height\" content=\"720\" \/>\n\t<meta property=\"og:image:type\" content=\"image\/webp\" \/>\n<meta name=\"twitter:card\" content=\"summary_large_image\" \/>\n<meta name=\"twitter:label1\" content=\"Est. reading time\" \/>\n\t<meta name=\"twitter:data1\" content=\"2 minutes\" \/>\n<script type=\"application\/ld+json\" class=\"yoast-schema-graph\">{\"@context\":\"https:\/\/schema.org\",\"@graph\":[{\"@type\":\"WebPage\",\"@id\":\"https:\/\/www.miomiorun.com\/fr\/produit\/genesis-femme\/\",\"url\":\"https:\/\/www.miomiorun.com\/fr\/produit\/genesis-femme\/\",\"name\":\"Salomon Genesis femme - chaussures de trail - MioMioRun.com\",\"isPartOf\":{\"@id\":\"https:\/\/www.miomiorun.com\/fr\/#website\"},\"primaryImageOfPage\":{\"@id\":\"https:\/\/www.miomiorun.com\/fr\/produit\/genesis-femme\/#primaryimage\"},\"image\":{\"@id\":\"https:\/\/www.miomiorun.com\/fr\/produit\/genesis-femme\/#primaryimage\"},\"thumbnailUrl\":\"https:\/\/www.miomiorun.com\/app\/uploads\/2025\/09\/salomon-Genesis-W-iron-vanilla-ice-cyclamen-L47881000.webp\",\"datePublished\":\"2024-10-10T09:42:45+00:00\",\"dateModified\":\"2026-05-08T20:17:32+00:00\",\"description\":\"La Genesis en version femme est une chaussure de course en montagne aussi confortable et rassurante que dynamique, agile et pr\u00eate pour l'aventure.\",\"breadcrumb\":{\"@id\":\"https:\/\/www.miomiorun.com\/fr\/produit\/genesis-femme\/#breadcrumb\"},\"inLanguage\":\"fr-FR\",\"potentialAction\":[{\"@type\":\"ReadAction\",\"target\":[\"https:\/\/www.miomiorun.com\/fr\/produit\/genesis-femme\/\"]}]},{\"@type\":\"ImageObject\",\"inLanguage\":\"fr-FR\",\"@id\":\"https:\/\/www.miomiorun.com\/fr\/produit\/genesis-femme\/#primaryimage\",\"url\":\"https:\/\/www.miomiorun.com\/app\/uploads\/2025\/09\/salomon-Genesis-W-iron-vanilla-ice-cyclamen-L47881000.webp\",\"contentUrl\":\"https:\/\/www.miomiorun.com\/app\/uploads\/2025\/09\/salomon-Genesis-W-iron-vanilla-ice-cyclamen-L47881000.webp\",\"width\":720,\"height\":720,\"caption\":\"salomon Genesis W iron vanilla ice cyclamen L47881000\"},{\"@type\":\"BreadcrumbList\",\"@id\":\"https:\/\/www.miomiorun.com\/fr\/produit\/genesis-femme\/#breadcrumb\",\"itemListElement\":[{\"@type\":\"ListItem\",\"position\":1,\"name\":\"Home\",\"item\":\"https:\/\/www.miomiorun.com\/fr\/home-page\/\"},{\"@type\":\"ListItem\",\"position\":2,\"name\":\"Shop\",\"item\":\"https:\/\/www.miomiorun.com\/shop\/\"},{\"@type\":\"ListItem\",\"position\":3,\"name\":\"Genesis femme\"}]},{\"@type\":\"WebSite\",\"@id\":\"https:\/\/www.miomiorun.com\/fr\/#website\",\"url\":\"https:\/\/www.miomiorun.com\/fr\/\",\"name\":\"MioMioRun\",\"description\":\"Boutique 100% running et trail\",\"publisher\":{\"@id\":\"https:\/\/www.miomiorun.com\/fr\/#organization\"},\"potentialAction\":[{\"@type\":\"SearchAction\",\"target\":{\"@type\":\"EntryPoint\",\"urlTemplate\":\"https:\/\/www.miomiorun.com\/fr\/?s={search_term_string}\"},\"query-input\":{\"@type\":\"PropertyValueSpecification\",\"valueRequired\":true,\"valueName\":\"search_term_string\"}}],\"inLanguage\":\"fr-FR\"},{\"@type\":\"Organization\",\"@id\":\"https:\/\/www.miomiorun.com\/fr\/#organization\",\"name\":\"MioMio Run\",\"url\":\"https:\/\/www.miomiorun.com\/fr\/\",\"logo\":{\"@type\":\"ImageObject\",\"inLanguage\":\"fr-FR\",\"@id\":\"https:\/\/www.miomiorun.com\/fr\/#\/schema\/logo\/image\/\",\"url\":\"https:\/\/www.miomiorun.com\/app\/uploads\/2019\/12\/logomio.png\",\"contentUrl\":\"https:\/\/www.miomiorun.com\/app\/uploads\/2019\/12\/logomio.png\",\"width\":115,\"height\":82,\"caption\":\"MioMio Run\"},\"image\":{\"@id\":\"https:\/\/www.miomiorun.com\/fr\/#\/schema\/logo\/image\/\"},\"sameAs\":[\"https:\/\/www.facebook.com\/miomiorun\/\",\"https:\/\/www.instagram.com\/miomiorun\/\"]}]}<\/script>\n<!-- \/ Yoast SEO plugin. -->","yoast_head_json":{"title":"Salomon Genesis femme - chaussures de trail - MioMioRun.com","description":"La Genesis en version femme est une chaussure de course en montagne aussi confortable et rassurante que dynamique, agile et pr\u00eate pour l'aventure.","robots":{"index":"index","follow":"follow","max-snippet":"max-snippet:-1","max-image-preview":"max-image-preview:large","max-video-preview":"max-video-preview:-1"},"canonical":"https:\/\/www.miomiorun.com\/fr\/produit\/genesis-femme\/","og_locale":"fr_FR","og_type":"article","og_title":"Salomon Genesis femme - chaussures de trail - MioMioRun.com","og_description":"La Genesis en version femme est une chaussure de course en montagne aussi confortable et rassurante que dynamique, agile et pr\u00eate pour l'aventure.","og_url":"https:\/\/www.miomiorun.com\/fr\/produit\/genesis-femme\/","og_site_name":"MioMioRun","article_publisher":"https:\/\/www.facebook.com\/miomiorun\/","article_modified_time":"2026-05-08T20:17:32+00:00","og_image":[{"width":720,"height":720,"url":"https:\/\/www.miomiorun.com\/app\/uploads\/2025\/09\/salomon-Genesis-W-iron-vanilla-ice-cyclamen-L47881000.webp","type":"image\/webp"}],"twitter_card":"summary_large_image","twitter_misc":{"Est. reading time":"2 minutes"},"schema":{"@context":"https:\/\/schema.org","@graph":[{"@type":"WebPage","@id":"https:\/\/www.miomiorun.com\/fr\/produit\/genesis-femme\/","url":"https:\/\/www.miomiorun.com\/fr\/produit\/genesis-femme\/","name":"Salomon Genesis femme - chaussures de trail - MioMioRun.com","isPartOf":{"@id":"https:\/\/www.miomiorun.com\/fr\/#website"},"primaryImageOfPage":{"@id":"https:\/\/www.miomiorun.com\/fr\/produit\/genesis-femme\/#primaryimage"},"image":{"@id":"https:\/\/www.miomiorun.com\/fr\/produit\/genesis-femme\/#primaryimage"},"thumbnailUrl":"https:\/\/www.miomiorun.com\/app\/uploads\/2025\/09\/salomon-Genesis-W-iron-vanilla-ice-cyclamen-L47881000.webp","datePublished":"2024-10-10T09:42:45+00:00","dateModified":"2026-05-08T20:17:32+00:00","description":"La Genesis en version femme est une chaussure de course en montagne aussi confortable et rassurante que dynamique, agile et pr\u00eate pour l'aventure.","breadcrumb":{"@id":"https:\/\/www.miomiorun.com\/fr\/produit\/genesis-femme\/#breadcrumb"},"inLanguage":"fr-FR","potentialAction":[{"@type":"ReadAction","target":["https:\/\/www.miomiorun.com\/fr\/produit\/genesis-femme\/"]}]},{"@type":"ImageObject","inLanguage":"fr-FR","@id":"https:\/\/www.miomiorun.com\/fr\/produit\/genesis-femme\/#primaryimage","url":"https:\/\/www.miomiorun.com\/app\/uploads\/2025\/09\/salomon-Genesis-W-iron-vanilla-ice-cyclamen-L47881000.webp","contentUrl":"https:\/\/www.miomiorun.com\/app\/uploads\/2025\/09\/salomon-Genesis-W-iron-vanilla-ice-cyclamen-L47881000.webp","width":720,"height":720,"caption":"salomon Genesis W iron vanilla ice cyclamen L47881000"},{"@type":"BreadcrumbList","@id":"https:\/\/www.miomiorun.com\/fr\/produit\/genesis-femme\/#breadcrumb","itemListElement":[{"@type":"ListItem","position":1,"name":"Home","item":"https:\/\/www.miomiorun.com\/fr\/home-page\/"},{"@type":"ListItem","position":2,"name":"Shop","item":"https:\/\/www.miomiorun.com\/shop\/"},{"@type":"ListItem","position":3,"name":"Genesis femme"}]},{"@type":"WebSite","@id":"https:\/\/www.miomiorun.com\/fr\/#website","url":"https:\/\/www.miomiorun.com\/fr\/","name":"MioMioRun","description":"Boutique 100% running et trail","publisher":{"@id":"https:\/\/www.miomiorun.com\/fr\/#organization"},"potentialAction":[{"@type":"SearchAction","target":{"@type":"EntryPoint","urlTemplate":"https:\/\/www.miomiorun.com\/fr\/?s={search_term_string}"},"query-input":{"@type":"PropertyValueSpecification","valueRequired":true,"valueName":"search_term_string"}}],"inLanguage":"fr-FR"},{"@type":"Organization","@id":"https:\/\/www.miomiorun.com\/fr\/#organization","name":"MioMio Run","url":"https:\/\/www.miomiorun.com\/fr\/","logo":{"@type":"ImageObject","inLanguage":"fr-FR","@id":"https:\/\/www.miomiorun.com\/fr\/#\/schema\/logo\/image\/","url":"https:\/\/www.miomiorun.com\/app\/uploads\/2019\/12\/logomio.png","contentUrl":"https:\/\/www.miomiorun.com\/app\/uploads\/2019\/12\/logomio.png","width":115,"height":82,"caption":"MioMio Run"},"image":{"@id":"https:\/\/www.miomiorun.com\/fr\/#\/schema\/logo\/image\/"},"sameAs":["https:\/\/www.facebook.com\/miomiorun\/","https:\/\/www.instagram.com\/miomiorun\/"]}]}},"_links":{"self":[{"href":"https:\/\/www.miomiorun.com\/fr\/wp-json\/wp\/v2\/product\/295566","targetHints":{"allow":["GET"]}}],"collection":[{"href":"https:\/\/www.miomiorun.com\/fr\/wp-json\/wp\/v2\/product"}],"about":[{"href":"https:\/\/www.miomiorun.com\/fr\/wp-json\/wp\/v2\/types\/product"}],"wp:featuredmedia":[{"embeddable":true,"href":"https:\/\/www.miomiorun.com\/fr\/wp-json\/wp\/v2\/media\/351013"}],"wp:attachment":[{"href":"https:\/\/www.miomiorun.com\/fr\/wp-json\/wp\/v2\/media?parent=295566"}],"wp:term":[{"taxonomy":"product_brand","embeddable":true,"href":"https:\/\/www.miomiorun.com\/fr\/wp-json\/wp\/v2\/product_brand?post=295566"},{"taxonomy":"product_cat","embeddable":true,"href":"https:\/\/www.miomiorun.com\/fr\/wp-json\/wp\/v2\/product_cat?post=295566"},{"taxonomy":"product_tag","embeddable":true,"href":"https:\/\/www.miomiorun.com\/fr\/wp-json\/wp\/v2\/product_tag?post=295566"}],"curies":[{"name":"wp","href":"https:\/\/api.w.org\/{rel}","templated":true}]}}