{"id":295533,"date":"2024-10-10T13:06:09","date_gmt":"2024-10-10T11:06:09","guid":{"rendered":"https:\/\/miomiorun.com\/prodotto\/t-shirt-future-icons-3-stripes-uomo\/"},"modified":"2025-05-22T11:12:32","modified_gmt":"2025-05-22T09:12:32","slug":"t-shirt-future-icons-3-stripes-homme","status":"publish","type":"product","link":"https:\/\/www.miomiorun.com\/fr\/produit\/t-shirt-future-icons-3-stripes-homme\/","title":{"rendered":"T-shirt Future Icons 3-Stripes homme"},"content":{"rendered":"<h2 style=\"text-align: center;\">Une d\u00e9claration de style en toute simplicit\u00e9.<\/h2>\n<p style=\"text-align: left;\">Ce <strong>T-shirt Future Icons 3-Stripes<\/strong> d&#8217;adidas pour homme, en coton doux, est orn\u00e9 des 3 bandes embl\u00e9matiques sur le devant et le dos pour un look audacieux mais minimaliste. Associez-le \u00e0 un pantalon sportif lorsque vous vous entra\u00eenez ou \u00e0 un jean lorsque vous sortez pour une tenue d\u00e9contract\u00e9e qui allie style et praticit\u00e9.<\/p>\n<p>Le coton utilis\u00e9 pour ce produit provient de Better Cotton. La cha\u00eene d&#8217;approvisionnement du coton est complexe, c&#8217;est pourquoi on utilise ce que l&#8217;on appelle le &#8220;bilan de masse&#8221; pour retracer les volumes. Il s&#8217;agit d&#8217;un syst\u00e8me qui permet de remplacer ou de m\u00e9langer Better Cotton avec du coton conventionnel, \u00e0 condition que des volumes \u00e9quivalents proviennent de Better Cotton.<\/p>\n<h3>Caract\u00e9ristiques :<\/h3>\n<ul>\n<li>T-shirt en coton doux<\/li>\n<li>Parfait pour l&#8217;entra\u00eenement mais aussi pour des tenues de jour d\u00e9contract\u00e9es<\/li>\n<li>100% coton<\/li>\n<\/ul>\n<h4 class=\"care-title___2YJe1 gl-no-margin-bottom\">Instructions de lavage<\/h4>\n<ul class=\"\">\n<li class=\"gl-vspace-bpall-small\"><img loading=\"lazy\" decoding=\"async\" src=\"https:\/\/www.adidas.it\/glass\/react\/050cc48\/assets\/img\/washing-instructions\/B1.svg\" alt=\"\" width=\"24\" height=\"24\" \/> Ne pas javelliser<\/li>\n<li class=\"gl-vspace-bpall-small\"><img loading=\"lazy\" decoding=\"async\" src=\"https:\/\/www.adidas.it\/glass\/react\/050cc48\/assets\/img\/washing-instructions\/C2.svg\" alt=\"\" width=\"24\" height=\"24\" \/> Utiliser un s\u00e8che-linge \u00e0 basse temp\u00e9rature<\/li>\n<li class=\"gl-vspace-bpall-small\"><img loading=\"lazy\" decoding=\"async\" src=\"https:\/\/www.adidas.it\/glass\/react\/050cc48\/assets\/img\/washing-instructions\/E1.svg\" alt=\"\" width=\"24\" height=\"24\" \/> Ne pas nettoyer \u00e0 sec<\/li>\n<li class=\"gl-vspace-bpall-small\"><img loading=\"lazy\" decoding=\"async\" src=\"https:\/\/www.adidas.it\/glass\/react\/050cc48\/assets\/img\/washing-instructions\/D2.svg\" alt=\"\" width=\"24\" height=\"24\" \/> Repassage doux \u00e0 froid<\/li>\n<li class=\"gl-vspace-bpall-small\"><img loading=\"lazy\" decoding=\"async\" src=\"https:\/\/www.adidas.it\/glass\/react\/050cc48\/assets\/img\/washing-instructions\/A4.svg\" alt=\"\" width=\"24\" height=\"24\" \/> Lavage en machine au cycle d\u00e9licat et \u00e0 l&#8217;eau froide<\/li>\n<\/ul>\n<div class=\"extra-instructions___2TR8b\">\n<h4 class=\"care-title___2YJe1 gl-no-margin-bottom\">Informations sur l&#8217;entretien du produit<\/h4>\n<ul class=\"gl-list gl-vspace-bpall-small\">\n<li class=\"gl-vspace-bpall-small\">Ne pas utiliser d&#8217;assouplissant<\/li>\n<li class=\"gl-vspace-bpall-small\">N&#8217;utiliser que des d\u00e9tergents doux<\/li>\n<li class=\"gl-vspace-bpall-small\">Laver avec des couleurs similaires<\/li>\n<\/ul>\n<\/div>\n","protected":false},"excerpt":{"rendered":"<ul>\n<li>T-shirt id\u00e9al \u00e0 porter lors d&#8217;activit\u00e9s sportives ou pour une tenue d\u00e9contract\u00e9e.<\/li>\n<\/ul>\n","protected":false},"featured_media":249824,"template":"","meta":{"_acf_changed":false,"inline_featured_image":false},"product_brand":[],"product_cat":[24449,24482],"product_tag":[23557,23564],"class_list":{"0":"post-295533","1":"product","2":"type-product","3":"status-publish","4":"has-post-thumbnail","6":"product_cat-t-shirt-fr-3","7":"product_cat-vetements-pour-hommes-fr","8":"product_tag-adidas-fr","9":"product_tag-adidas-homme","10":"pa_attivita-lifestyle-fr","11":"pa_colore-m-fi-3s-reg-t-grefou-fr","12":"pa_marca-adidas-fr","13":"pa_sesso-homme","14":"pa_size-small-fr","16":"first","17":"instock","18":"sale","19":"taxable","20":"shipping-taxable","21":"purchasable","22":"product-type-variable","23":"wvs-archive-product-wrapper"},"acf":[],"yoast_head":"<!-- This site is optimized with the Yoast SEO plugin v26.8 - https:\/\/yoast.com\/product\/yoast-seo-wordpress\/ -->\n<title>Adidas T-shirt Future Icons 3-Stripes homme - T-shirt de course - MioMioRun.com<\/title>\n<meta name=\"description\" content=\"Le T-shirt Future Icons 3-Stripes d&#039;adidas pour homme, en coton doux, est orn\u00e9 des 3 bandes embl\u00e9matiques sur le devant et le dos pour un look audacieux.\" \/>\n<meta name=\"robots\" content=\"index, follow, max-snippet:-1, max-image-preview:large, max-video-preview:-1\" \/>\n<link rel=\"canonical\" href=\"https:\/\/www.miomiorun.com\/fr\/produit\/t-shirt-future-icons-3-stripes-homme\/\" \/>\n<meta property=\"og:locale\" content=\"fr_FR\" \/>\n<meta property=\"og:type\" content=\"article\" \/>\n<meta property=\"og:title\" content=\"Adidas T-shirt Future Icons 3-Stripes homme - T-shirt de course - MioMioRun.com\" \/>\n<meta property=\"og:description\" content=\"Le T-shirt Future Icons 3-Stripes d&#039;adidas pour homme, en coton doux, est orn\u00e9 des 3 bandes embl\u00e9matiques sur le devant et le dos pour un look audacieux.\" \/>\n<meta property=\"og:url\" content=\"https:\/\/www.miomiorun.com\/fr\/produit\/t-shirt-future-icons-3-stripes-homme\/\" \/>\n<meta property=\"og:site_name\" content=\"MioMioRun\" \/>\n<meta property=\"article:publisher\" content=\"https:\/\/www.facebook.com\/miomiorun\/\" \/>\n<meta property=\"article:modified_time\" content=\"2025-05-22T09:12:32+00:00\" \/>\n<meta property=\"og:image\" content=\"https:\/\/www.miomiorun.com\/app\/uploads\/2024\/10\/adidas-M-FI-3S-REG-T-grefou-JI6325.webp\" \/>\n\t<meta property=\"og:image:width\" content=\"600\" \/>\n\t<meta property=\"og:image:height\" content=\"600\" \/>\n\t<meta property=\"og:image:type\" content=\"image\/webp\" \/>\n<meta name=\"twitter:card\" content=\"summary_large_image\" \/>\n<meta name=\"twitter:label1\" content=\"Est. reading time\" \/>\n\t<meta name=\"twitter:data1\" content=\"1 minute\" \/>\n<script type=\"application\/ld+json\" class=\"yoast-schema-graph\">{\"@context\":\"https:\/\/schema.org\",\"@graph\":[{\"@type\":\"WebPage\",\"@id\":\"https:\/\/www.miomiorun.com\/fr\/produit\/t-shirt-future-icons-3-stripes-homme\/\",\"url\":\"https:\/\/www.miomiorun.com\/fr\/produit\/t-shirt-future-icons-3-stripes-homme\/\",\"name\":\"Adidas T-shirt Future Icons 3-Stripes homme - T-shirt de course - MioMioRun.com\",\"isPartOf\":{\"@id\":\"https:\/\/www.miomiorun.com\/fr\/#website\"},\"primaryImageOfPage\":{\"@id\":\"https:\/\/www.miomiorun.com\/fr\/produit\/t-shirt-future-icons-3-stripes-homme\/#primaryimage\"},\"image\":{\"@id\":\"https:\/\/www.miomiorun.com\/fr\/produit\/t-shirt-future-icons-3-stripes-homme\/#primaryimage\"},\"thumbnailUrl\":\"https:\/\/www.miomiorun.com\/app\/uploads\/2024\/10\/adidas-M-FI-3S-REG-T-grefou-JI6325.webp\",\"datePublished\":\"2024-10-10T11:06:09+00:00\",\"dateModified\":\"2025-05-22T09:12:32+00:00\",\"description\":\"Le T-shirt Future Icons 3-Stripes d'adidas pour homme, en coton doux, est orn\u00e9 des 3 bandes embl\u00e9matiques sur le devant et le dos pour un look audacieux.\",\"breadcrumb\":{\"@id\":\"https:\/\/www.miomiorun.com\/fr\/produit\/t-shirt-future-icons-3-stripes-homme\/#breadcrumb\"},\"inLanguage\":\"fr-FR\",\"potentialAction\":[{\"@type\":\"ReadAction\",\"target\":[\"https:\/\/www.miomiorun.com\/fr\/produit\/t-shirt-future-icons-3-stripes-homme\/\"]}]},{\"@type\":\"ImageObject\",\"inLanguage\":\"fr-FR\",\"@id\":\"https:\/\/www.miomiorun.com\/fr\/produit\/t-shirt-future-icons-3-stripes-homme\/#primaryimage\",\"url\":\"https:\/\/www.miomiorun.com\/app\/uploads\/2024\/10\/adidas-M-FI-3S-REG-T-grefou-JI6325.webp\",\"contentUrl\":\"https:\/\/www.miomiorun.com\/app\/uploads\/2024\/10\/adidas-M-FI-3S-REG-T-grefou-JI6325.webp\",\"width\":600,\"height\":600,\"caption\":\"adidas M FI 3S REG T grefou JI6325\"},{\"@type\":\"BreadcrumbList\",\"@id\":\"https:\/\/www.miomiorun.com\/fr\/produit\/t-shirt-future-icons-3-stripes-homme\/#breadcrumb\",\"itemListElement\":[{\"@type\":\"ListItem\",\"position\":1,\"name\":\"Home\",\"item\":\"https:\/\/www.miomiorun.com\/fr\/home-page\/\"},{\"@type\":\"ListItem\",\"position\":2,\"name\":\"Shop\",\"item\":\"https:\/\/www.miomiorun.com\/shop\/\"},{\"@type\":\"ListItem\",\"position\":3,\"name\":\"T-shirt Future Icons 3-Stripes homme\"}]},{\"@type\":\"WebSite\",\"@id\":\"https:\/\/www.miomiorun.com\/fr\/#website\",\"url\":\"https:\/\/www.miomiorun.com\/fr\/\",\"name\":\"MioMioRun\",\"description\":\"Boutique 100% running et trail\",\"publisher\":{\"@id\":\"https:\/\/www.miomiorun.com\/fr\/#organization\"},\"potentialAction\":[{\"@type\":\"SearchAction\",\"target\":{\"@type\":\"EntryPoint\",\"urlTemplate\":\"https:\/\/www.miomiorun.com\/fr\/?s={search_term_string}\"},\"query-input\":{\"@type\":\"PropertyValueSpecification\",\"valueRequired\":true,\"valueName\":\"search_term_string\"}}],\"inLanguage\":\"fr-FR\"},{\"@type\":\"Organization\",\"@id\":\"https:\/\/www.miomiorun.com\/fr\/#organization\",\"name\":\"MioMio Run\",\"url\":\"https:\/\/www.miomiorun.com\/fr\/\",\"logo\":{\"@type\":\"ImageObject\",\"inLanguage\":\"fr-FR\",\"@id\":\"https:\/\/www.miomiorun.com\/fr\/#\/schema\/logo\/image\/\",\"url\":\"https:\/\/www.miomiorun.com\/app\/uploads\/2019\/12\/logomio.png\",\"contentUrl\":\"https:\/\/www.miomiorun.com\/app\/uploads\/2019\/12\/logomio.png\",\"width\":115,\"height\":82,\"caption\":\"MioMio Run\"},\"image\":{\"@id\":\"https:\/\/www.miomiorun.com\/fr\/#\/schema\/logo\/image\/\"},\"sameAs\":[\"https:\/\/www.facebook.com\/miomiorun\/\",\"https:\/\/www.instagram.com\/miomiorun\/\"]}]}<\/script>\n<!-- \/ Yoast SEO plugin. -->","yoast_head_json":{"title":"Adidas T-shirt Future Icons 3-Stripes homme - T-shirt de course - MioMioRun.com","description":"Le T-shirt Future Icons 3-Stripes d'adidas pour homme, en coton doux, est orn\u00e9 des 3 bandes embl\u00e9matiques sur le devant et le dos pour un look audacieux.","robots":{"index":"index","follow":"follow","max-snippet":"max-snippet:-1","max-image-preview":"max-image-preview:large","max-video-preview":"max-video-preview:-1"},"canonical":"https:\/\/www.miomiorun.com\/fr\/produit\/t-shirt-future-icons-3-stripes-homme\/","og_locale":"fr_FR","og_type":"article","og_title":"Adidas T-shirt Future Icons 3-Stripes homme - T-shirt de course - MioMioRun.com","og_description":"Le T-shirt Future Icons 3-Stripes d'adidas pour homme, en coton doux, est orn\u00e9 des 3 bandes embl\u00e9matiques sur le devant et le dos pour un look audacieux.","og_url":"https:\/\/www.miomiorun.com\/fr\/produit\/t-shirt-future-icons-3-stripes-homme\/","og_site_name":"MioMioRun","article_publisher":"https:\/\/www.facebook.com\/miomiorun\/","article_modified_time":"2025-05-22T09:12:32+00:00","og_image":[{"width":600,"height":600,"url":"https:\/\/www.miomiorun.com\/app\/uploads\/2024\/10\/adidas-M-FI-3S-REG-T-grefou-JI6325.webp","type":"image\/webp"}],"twitter_card":"summary_large_image","twitter_misc":{"Est. reading time":"1 minute"},"schema":{"@context":"https:\/\/schema.org","@graph":[{"@type":"WebPage","@id":"https:\/\/www.miomiorun.com\/fr\/produit\/t-shirt-future-icons-3-stripes-homme\/","url":"https:\/\/www.miomiorun.com\/fr\/produit\/t-shirt-future-icons-3-stripes-homme\/","name":"Adidas T-shirt Future Icons 3-Stripes homme - T-shirt de course - MioMioRun.com","isPartOf":{"@id":"https:\/\/www.miomiorun.com\/fr\/#website"},"primaryImageOfPage":{"@id":"https:\/\/www.miomiorun.com\/fr\/produit\/t-shirt-future-icons-3-stripes-homme\/#primaryimage"},"image":{"@id":"https:\/\/www.miomiorun.com\/fr\/produit\/t-shirt-future-icons-3-stripes-homme\/#primaryimage"},"thumbnailUrl":"https:\/\/www.miomiorun.com\/app\/uploads\/2024\/10\/adidas-M-FI-3S-REG-T-grefou-JI6325.webp","datePublished":"2024-10-10T11:06:09+00:00","dateModified":"2025-05-22T09:12:32+00:00","description":"Le T-shirt Future Icons 3-Stripes d'adidas pour homme, en coton doux, est orn\u00e9 des 3 bandes embl\u00e9matiques sur le devant et le dos pour un look audacieux.","breadcrumb":{"@id":"https:\/\/www.miomiorun.com\/fr\/produit\/t-shirt-future-icons-3-stripes-homme\/#breadcrumb"},"inLanguage":"fr-FR","potentialAction":[{"@type":"ReadAction","target":["https:\/\/www.miomiorun.com\/fr\/produit\/t-shirt-future-icons-3-stripes-homme\/"]}]},{"@type":"ImageObject","inLanguage":"fr-FR","@id":"https:\/\/www.miomiorun.com\/fr\/produit\/t-shirt-future-icons-3-stripes-homme\/#primaryimage","url":"https:\/\/www.miomiorun.com\/app\/uploads\/2024\/10\/adidas-M-FI-3S-REG-T-grefou-JI6325.webp","contentUrl":"https:\/\/www.miomiorun.com\/app\/uploads\/2024\/10\/adidas-M-FI-3S-REG-T-grefou-JI6325.webp","width":600,"height":600,"caption":"adidas M FI 3S REG T grefou JI6325"},{"@type":"BreadcrumbList","@id":"https:\/\/www.miomiorun.com\/fr\/produit\/t-shirt-future-icons-3-stripes-homme\/#breadcrumb","itemListElement":[{"@type":"ListItem","position":1,"name":"Home","item":"https:\/\/www.miomiorun.com\/fr\/home-page\/"},{"@type":"ListItem","position":2,"name":"Shop","item":"https:\/\/www.miomiorun.com\/shop\/"},{"@type":"ListItem","position":3,"name":"T-shirt Future Icons 3-Stripes homme"}]},{"@type":"WebSite","@id":"https:\/\/www.miomiorun.com\/fr\/#website","url":"https:\/\/www.miomiorun.com\/fr\/","name":"MioMioRun","description":"Boutique 100% running et trail","publisher":{"@id":"https:\/\/www.miomiorun.com\/fr\/#organization"},"potentialAction":[{"@type":"SearchAction","target":{"@type":"EntryPoint","urlTemplate":"https:\/\/www.miomiorun.com\/fr\/?s={search_term_string}"},"query-input":{"@type":"PropertyValueSpecification","valueRequired":true,"valueName":"search_term_string"}}],"inLanguage":"fr-FR"},{"@type":"Organization","@id":"https:\/\/www.miomiorun.com\/fr\/#organization","name":"MioMio Run","url":"https:\/\/www.miomiorun.com\/fr\/","logo":{"@type":"ImageObject","inLanguage":"fr-FR","@id":"https:\/\/www.miomiorun.com\/fr\/#\/schema\/logo\/image\/","url":"https:\/\/www.miomiorun.com\/app\/uploads\/2019\/12\/logomio.png","contentUrl":"https:\/\/www.miomiorun.com\/app\/uploads\/2019\/12\/logomio.png","width":115,"height":82,"caption":"MioMio Run"},"image":{"@id":"https:\/\/www.miomiorun.com\/fr\/#\/schema\/logo\/image\/"},"sameAs":["https:\/\/www.facebook.com\/miomiorun\/","https:\/\/www.instagram.com\/miomiorun\/"]}]}},"_links":{"self":[{"href":"https:\/\/www.miomiorun.com\/fr\/wp-json\/wp\/v2\/product\/295533","targetHints":{"allow":["GET"]}}],"collection":[{"href":"https:\/\/www.miomiorun.com\/fr\/wp-json\/wp\/v2\/product"}],"about":[{"href":"https:\/\/www.miomiorun.com\/fr\/wp-json\/wp\/v2\/types\/product"}],"wp:featuredmedia":[{"embeddable":true,"href":"https:\/\/www.miomiorun.com\/fr\/wp-json\/wp\/v2\/media\/249824"}],"wp:attachment":[{"href":"https:\/\/www.miomiorun.com\/fr\/wp-json\/wp\/v2\/media?parent=295533"}],"wp:term":[{"taxonomy":"product_brand","embeddable":true,"href":"https:\/\/www.miomiorun.com\/fr\/wp-json\/wp\/v2\/product_brand?post=295533"},{"taxonomy":"product_cat","embeddable":true,"href":"https:\/\/www.miomiorun.com\/fr\/wp-json\/wp\/v2\/product_cat?post=295533"},{"taxonomy":"product_tag","embeddable":true,"href":"https:\/\/www.miomiorun.com\/fr\/wp-json\/wp\/v2\/product_tag?post=295533"}],"curies":[{"name":"wp","href":"https:\/\/api.w.org\/{rel}","templated":true}]}}