{"id":295491,"date":"2024-10-10T15:12:03","date_gmt":"2024-10-10T13:12:03","guid":{"rendered":"https:\/\/miomiorun.com\/prodotto\/future-icons-three-stripes-full-zip-hoodie-donna\/"},"modified":"2025-05-22T12:28:38","modified_gmt":"2025-05-22T10:28:38","slug":"future-icons-three-stripes-full-zip-hoodie-femme","status":"publish","type":"product","link":"https:\/\/www.miomiorun.com\/fr\/produit\/future-icons-three-stripes-full-zip-hoodie-femme\/","title":{"rendered":"Future icons three stripes full zip hoodie femme"},"content":{"rendered":"<div class=\"product-attribute product-attribute-passion\">\n<div class=\"product-info-main\">\n<div class=\"product-attribute product-attribute-passion\"><\/div>\n<\/div>\n<\/div>\n<div class=\"product-attribute product-attribute-passion\">\n<div class=\"product-info-main\">\n<div class=\"product-attribute product-attribute-passion\">\n<div>\n<div class=\"m-contentContainer__copy\">\n<h2 style=\"text-align: center;\">Chic et polyvalent, ce sweat \u00e0 capuche est pr\u00eat \u00e0 tout.<\/h2>\n<p>Ce sweat \u00e0 capuche zipp\u00e9 adidas <strong>Future Icons<\/strong> pour femme porte un v\u00eatement embl\u00e9matique \u00e0 de nouveaux niveaux de style et de confort. La construction en coton m\u00e9lang\u00e9 doux offre une sensation de qualit\u00e9 sup\u00e9rieure. Les trois bandes s&#8217;enroulent autour des manches pour ajouter une touche d&#8217;innovation au symbole adidas intemporel, tandis que la coupe ample et la capuche r\u00e9glable vous permettent de bouger librement et de vous couvrir lorsque vous en avez besoin.<\/p>\n<h3>Caract\u00e9ristiques :<\/h3>\n<ul>\n<li>Sweat \u00e0 capuche<\/li>\n<li>Fermeture \u00e9clair int\u00e9gr\u00e9e<\/li>\n<li>Capuche large et r\u00e9glable<\/li>\n<li>64% coton\/36% polyester recycl\u00e9<\/li>\n<\/ul>\n<h4 class=\"care-title___2YJe1 gl-no-margin-bottom\">Instructions de lavage<\/h4>\n<ul class=\"\">\n<li class=\"gl-vspace-bpall-small\"><img loading=\"lazy\" decoding=\"async\" src=\"https:\/\/www.adidas.it\/glass\/react\/050cc48\/assets\/img\/washing-instructions\/B1.svg\" alt=\"\" width=\"24\" height=\"24\" \/> Ne pas javelliser<\/li>\n<li class=\"gl-vspace-bpall-small\"><img loading=\"lazy\" decoding=\"async\" src=\"https:\/\/www.adidas.it\/glass\/react\/050cc48\/assets\/img\/washing-instructions\/C2.svg\" alt=\"\" width=\"24\" height=\"24\" \/> Utiliser un s\u00e8che-linge \u00e0 basse temp\u00e9rature<\/li>\n<li class=\"gl-vspace-bpall-small\"><img loading=\"lazy\" decoding=\"async\" src=\"https:\/\/www.adidas.it\/glass\/react\/050cc48\/assets\/img\/washing-instructions\/E1.svg\" alt=\"\" width=\"24\" height=\"24\" \/> Ne pas nettoyer \u00e0 sec<\/li>\n<li class=\"gl-vspace-bpall-small\"><img loading=\"lazy\" decoding=\"async\" src=\"https:\/\/www.adidas.it\/glass\/react\/050cc48\/assets\/img\/washing-instructions\/D2.svg\" alt=\"\" width=\"24\" height=\"24\" \/> Repassage doux \u00e0 froid<\/li>\n<li class=\"gl-vspace-bpall-small\"><img loading=\"lazy\" decoding=\"async\" src=\"https:\/\/www.adidas.it\/glass\/react\/050cc48\/assets\/img\/washing-instructions\/A4.svg\" alt=\"\" width=\"24\" height=\"24\" \/> Lavage en machine au cycle d\u00e9licat et \u00e0 l&#8217;eau froide<\/li>\n<\/ul>\n<div class=\"extra-instructions___2TR8b\">\n<h4 class=\"care-title___2YJe1 gl-no-margin-bottom\">Informations sur l&#8217;entretien du produit<\/h4>\n<ul class=\"gl-list gl-vspace-bpall-small\">\n<li class=\"gl-vspace-bpall-small\">Ne pas utiliser d&#8217;assouplissant<\/li>\n<li class=\"gl-vspace-bpall-small\">N&#8217;utiliser que des d\u00e9tergents doux<\/li>\n<li class=\"gl-vspace-bpall-small\">Laver avec des couleurs similaires<\/li>\n<\/ul>\n<\/div>\n<\/div>\n<\/div>\n<p>&nbsp;<\/p>\n<\/div>\n<\/div>\n<\/div>\n","protected":false},"excerpt":{"rendered":"<ul>\n<li>Sweat \u00e0 capuche id\u00e9al \u00e0 porter en permanence et pas seulement pendant l&#8217;activit\u00e9.<\/li>\n<li>Coupe confortable.<\/li>\n<\/ul>\n","protected":false},"featured_media":249852,"template":"","meta":{"_acf_changed":false,"inline_featured_image":false},"product_brand":[],"product_cat":[22601,22596],"product_tag":[23557,23563],"class_list":{"0":"post-295491","1":"product","2":"type-product","3":"status-publish","4":"has-post-thumbnail","6":"product_cat-maillots","7":"product_cat-vetements-pour-femmes","8":"product_tag-adidas-fr","9":"product_tag-adidas-femme","10":"pa_attivita-lifestyle-fr","11":"pa_colore-w-fi-3s-fz-hd-black-fr","12":"pa_marca-adidas-fr","13":"pa_sesso-femme","14":"pa_size-small-fr","15":"pa_size-medium-fr","17":"first","18":"instock","19":"sale","20":"taxable","21":"shipping-taxable","22":"purchasable","23":"product-type-variable","24":"wvs-archive-product-wrapper"},"acf":[],"yoast_head":"<!-- This site is optimized with the Yoast SEO plugin v26.8 - https:\/\/yoast.com\/product\/yoast-seo-wordpress\/ -->\n<title>Adidas Future icons three stripes full zip hoodie femme - Sweatshirt \u00e0 capuche - MioMioRun<\/title>\n<meta name=\"description\" content=\"Ce sweat \u00e0 capuche zipp\u00e9 adidas Future Icons pour femme porte un v\u00eatement embl\u00e9matique \u00e0 de nouveaux niveaux de style et de confort.\" \/>\n<meta name=\"robots\" content=\"index, follow, max-snippet:-1, max-image-preview:large, max-video-preview:-1\" \/>\n<link rel=\"canonical\" href=\"https:\/\/www.miomiorun.com\/fr\/produit\/future-icons-three-stripes-full-zip-hoodie-femme\/\" \/>\n<meta property=\"og:locale\" content=\"fr_FR\" \/>\n<meta property=\"og:type\" content=\"article\" \/>\n<meta property=\"og:title\" content=\"Adidas Future icons three stripes full zip hoodie femme - Sweatshirt \u00e0 capuche - MioMioRun\" \/>\n<meta property=\"og:description\" content=\"Ce sweat \u00e0 capuche zipp\u00e9 adidas Future Icons pour femme porte un v\u00eatement embl\u00e9matique \u00e0 de nouveaux niveaux de style et de confort.\" \/>\n<meta property=\"og:url\" content=\"https:\/\/www.miomiorun.com\/fr\/produit\/future-icons-three-stripes-full-zip-hoodie-femme\/\" \/>\n<meta property=\"og:site_name\" content=\"MioMioRun\" \/>\n<meta property=\"article:publisher\" content=\"https:\/\/www.facebook.com\/miomiorun\/\" \/>\n<meta property=\"article:modified_time\" content=\"2025-05-22T10:28:38+00:00\" \/>\n<meta property=\"og:image\" content=\"https:\/\/www.miomiorun.com\/app\/uploads\/2024\/10\/adidas-W-FI-3S-FZ-HD-Black-IN9475.webp\" \/>\n\t<meta property=\"og:image:width\" content=\"600\" \/>\n\t<meta property=\"og:image:height\" content=\"600\" \/>\n\t<meta property=\"og:image:type\" content=\"image\/webp\" \/>\n<meta name=\"twitter:card\" content=\"summary_large_image\" \/>\n<meta name=\"twitter:label1\" content=\"Est. reading time\" \/>\n\t<meta name=\"twitter:data1\" content=\"1 minute\" \/>\n<script type=\"application\/ld+json\" class=\"yoast-schema-graph\">{\"@context\":\"https:\/\/schema.org\",\"@graph\":[{\"@type\":\"WebPage\",\"@id\":\"https:\/\/www.miomiorun.com\/fr\/produit\/future-icons-three-stripes-full-zip-hoodie-femme\/\",\"url\":\"https:\/\/www.miomiorun.com\/fr\/produit\/future-icons-three-stripes-full-zip-hoodie-femme\/\",\"name\":\"Adidas Future icons three stripes full zip hoodie femme - Sweatshirt \u00e0 capuche - MioMioRun\",\"isPartOf\":{\"@id\":\"https:\/\/www.miomiorun.com\/fr\/#website\"},\"primaryImageOfPage\":{\"@id\":\"https:\/\/www.miomiorun.com\/fr\/produit\/future-icons-three-stripes-full-zip-hoodie-femme\/#primaryimage\"},\"image\":{\"@id\":\"https:\/\/www.miomiorun.com\/fr\/produit\/future-icons-three-stripes-full-zip-hoodie-femme\/#primaryimage\"},\"thumbnailUrl\":\"https:\/\/www.miomiorun.com\/app\/uploads\/2024\/10\/adidas-W-FI-3S-FZ-HD-Black-IN9475.webp\",\"datePublished\":\"2024-10-10T13:12:03+00:00\",\"dateModified\":\"2025-05-22T10:28:38+00:00\",\"description\":\"Ce sweat \u00e0 capuche zipp\u00e9 adidas Future Icons pour femme porte un v\u00eatement embl\u00e9matique \u00e0 de nouveaux niveaux de style et de confort.\",\"breadcrumb\":{\"@id\":\"https:\/\/www.miomiorun.com\/fr\/produit\/future-icons-three-stripes-full-zip-hoodie-femme\/#breadcrumb\"},\"inLanguage\":\"fr-FR\",\"potentialAction\":[{\"@type\":\"ReadAction\",\"target\":[\"https:\/\/www.miomiorun.com\/fr\/produit\/future-icons-three-stripes-full-zip-hoodie-femme\/\"]}]},{\"@type\":\"ImageObject\",\"inLanguage\":\"fr-FR\",\"@id\":\"https:\/\/www.miomiorun.com\/fr\/produit\/future-icons-three-stripes-full-zip-hoodie-femme\/#primaryimage\",\"url\":\"https:\/\/www.miomiorun.com\/app\/uploads\/2024\/10\/adidas-W-FI-3S-FZ-HD-Black-IN9475.webp\",\"contentUrl\":\"https:\/\/www.miomiorun.com\/app\/uploads\/2024\/10\/adidas-W-FI-3S-FZ-HD-Black-IN9475.webp\",\"width\":600,\"height\":600,\"caption\":\"adidas W FI 3S FZ HD Black IN9475\"},{\"@type\":\"BreadcrumbList\",\"@id\":\"https:\/\/www.miomiorun.com\/fr\/produit\/future-icons-three-stripes-full-zip-hoodie-femme\/#breadcrumb\",\"itemListElement\":[{\"@type\":\"ListItem\",\"position\":1,\"name\":\"Home\",\"item\":\"https:\/\/www.miomiorun.com\/fr\/home-page\/\"},{\"@type\":\"ListItem\",\"position\":2,\"name\":\"Shop\",\"item\":\"https:\/\/www.miomiorun.com\/shop\/\"},{\"@type\":\"ListItem\",\"position\":3,\"name\":\"Future icons three stripes full zip hoodie femme\"}]},{\"@type\":\"WebSite\",\"@id\":\"https:\/\/www.miomiorun.com\/fr\/#website\",\"url\":\"https:\/\/www.miomiorun.com\/fr\/\",\"name\":\"MioMioRun\",\"description\":\"Boutique 100% running et trail\",\"publisher\":{\"@id\":\"https:\/\/www.miomiorun.com\/fr\/#organization\"},\"potentialAction\":[{\"@type\":\"SearchAction\",\"target\":{\"@type\":\"EntryPoint\",\"urlTemplate\":\"https:\/\/www.miomiorun.com\/fr\/?s={search_term_string}\"},\"query-input\":{\"@type\":\"PropertyValueSpecification\",\"valueRequired\":true,\"valueName\":\"search_term_string\"}}],\"inLanguage\":\"fr-FR\"},{\"@type\":\"Organization\",\"@id\":\"https:\/\/www.miomiorun.com\/fr\/#organization\",\"name\":\"MioMio Run\",\"url\":\"https:\/\/www.miomiorun.com\/fr\/\",\"logo\":{\"@type\":\"ImageObject\",\"inLanguage\":\"fr-FR\",\"@id\":\"https:\/\/www.miomiorun.com\/fr\/#\/schema\/logo\/image\/\",\"url\":\"https:\/\/www.miomiorun.com\/app\/uploads\/2019\/12\/logomio.png\",\"contentUrl\":\"https:\/\/www.miomiorun.com\/app\/uploads\/2019\/12\/logomio.png\",\"width\":115,\"height\":82,\"caption\":\"MioMio Run\"},\"image\":{\"@id\":\"https:\/\/www.miomiorun.com\/fr\/#\/schema\/logo\/image\/\"},\"sameAs\":[\"https:\/\/www.facebook.com\/miomiorun\/\",\"https:\/\/www.instagram.com\/miomiorun\/\"]}]}<\/script>\n<!-- \/ Yoast SEO plugin. -->","yoast_head_json":{"title":"Adidas Future icons three stripes full zip hoodie femme - Sweatshirt \u00e0 capuche - MioMioRun","description":"Ce sweat \u00e0 capuche zipp\u00e9 adidas Future Icons pour femme porte un v\u00eatement embl\u00e9matique \u00e0 de nouveaux niveaux de style et de confort.","robots":{"index":"index","follow":"follow","max-snippet":"max-snippet:-1","max-image-preview":"max-image-preview:large","max-video-preview":"max-video-preview:-1"},"canonical":"https:\/\/www.miomiorun.com\/fr\/produit\/future-icons-three-stripes-full-zip-hoodie-femme\/","og_locale":"fr_FR","og_type":"article","og_title":"Adidas Future icons three stripes full zip hoodie femme - Sweatshirt \u00e0 capuche - MioMioRun","og_description":"Ce sweat \u00e0 capuche zipp\u00e9 adidas Future Icons pour femme porte un v\u00eatement embl\u00e9matique \u00e0 de nouveaux niveaux de style et de confort.","og_url":"https:\/\/www.miomiorun.com\/fr\/produit\/future-icons-three-stripes-full-zip-hoodie-femme\/","og_site_name":"MioMioRun","article_publisher":"https:\/\/www.facebook.com\/miomiorun\/","article_modified_time":"2025-05-22T10:28:38+00:00","og_image":[{"width":600,"height":600,"url":"https:\/\/www.miomiorun.com\/app\/uploads\/2024\/10\/adidas-W-FI-3S-FZ-HD-Black-IN9475.webp","type":"image\/webp"}],"twitter_card":"summary_large_image","twitter_misc":{"Est. reading time":"1 minute"},"schema":{"@context":"https:\/\/schema.org","@graph":[{"@type":"WebPage","@id":"https:\/\/www.miomiorun.com\/fr\/produit\/future-icons-three-stripes-full-zip-hoodie-femme\/","url":"https:\/\/www.miomiorun.com\/fr\/produit\/future-icons-three-stripes-full-zip-hoodie-femme\/","name":"Adidas Future icons three stripes full zip hoodie femme - Sweatshirt \u00e0 capuche - MioMioRun","isPartOf":{"@id":"https:\/\/www.miomiorun.com\/fr\/#website"},"primaryImageOfPage":{"@id":"https:\/\/www.miomiorun.com\/fr\/produit\/future-icons-three-stripes-full-zip-hoodie-femme\/#primaryimage"},"image":{"@id":"https:\/\/www.miomiorun.com\/fr\/produit\/future-icons-three-stripes-full-zip-hoodie-femme\/#primaryimage"},"thumbnailUrl":"https:\/\/www.miomiorun.com\/app\/uploads\/2024\/10\/adidas-W-FI-3S-FZ-HD-Black-IN9475.webp","datePublished":"2024-10-10T13:12:03+00:00","dateModified":"2025-05-22T10:28:38+00:00","description":"Ce sweat \u00e0 capuche zipp\u00e9 adidas Future Icons pour femme porte un v\u00eatement embl\u00e9matique \u00e0 de nouveaux niveaux de style et de confort.","breadcrumb":{"@id":"https:\/\/www.miomiorun.com\/fr\/produit\/future-icons-three-stripes-full-zip-hoodie-femme\/#breadcrumb"},"inLanguage":"fr-FR","potentialAction":[{"@type":"ReadAction","target":["https:\/\/www.miomiorun.com\/fr\/produit\/future-icons-three-stripes-full-zip-hoodie-femme\/"]}]},{"@type":"ImageObject","inLanguage":"fr-FR","@id":"https:\/\/www.miomiorun.com\/fr\/produit\/future-icons-three-stripes-full-zip-hoodie-femme\/#primaryimage","url":"https:\/\/www.miomiorun.com\/app\/uploads\/2024\/10\/adidas-W-FI-3S-FZ-HD-Black-IN9475.webp","contentUrl":"https:\/\/www.miomiorun.com\/app\/uploads\/2024\/10\/adidas-W-FI-3S-FZ-HD-Black-IN9475.webp","width":600,"height":600,"caption":"adidas W FI 3S FZ HD Black IN9475"},{"@type":"BreadcrumbList","@id":"https:\/\/www.miomiorun.com\/fr\/produit\/future-icons-three-stripes-full-zip-hoodie-femme\/#breadcrumb","itemListElement":[{"@type":"ListItem","position":1,"name":"Home","item":"https:\/\/www.miomiorun.com\/fr\/home-page\/"},{"@type":"ListItem","position":2,"name":"Shop","item":"https:\/\/www.miomiorun.com\/shop\/"},{"@type":"ListItem","position":3,"name":"Future icons three stripes full zip hoodie femme"}]},{"@type":"WebSite","@id":"https:\/\/www.miomiorun.com\/fr\/#website","url":"https:\/\/www.miomiorun.com\/fr\/","name":"MioMioRun","description":"Boutique 100% running et trail","publisher":{"@id":"https:\/\/www.miomiorun.com\/fr\/#organization"},"potentialAction":[{"@type":"SearchAction","target":{"@type":"EntryPoint","urlTemplate":"https:\/\/www.miomiorun.com\/fr\/?s={search_term_string}"},"query-input":{"@type":"PropertyValueSpecification","valueRequired":true,"valueName":"search_term_string"}}],"inLanguage":"fr-FR"},{"@type":"Organization","@id":"https:\/\/www.miomiorun.com\/fr\/#organization","name":"MioMio Run","url":"https:\/\/www.miomiorun.com\/fr\/","logo":{"@type":"ImageObject","inLanguage":"fr-FR","@id":"https:\/\/www.miomiorun.com\/fr\/#\/schema\/logo\/image\/","url":"https:\/\/www.miomiorun.com\/app\/uploads\/2019\/12\/logomio.png","contentUrl":"https:\/\/www.miomiorun.com\/app\/uploads\/2019\/12\/logomio.png","width":115,"height":82,"caption":"MioMio Run"},"image":{"@id":"https:\/\/www.miomiorun.com\/fr\/#\/schema\/logo\/image\/"},"sameAs":["https:\/\/www.facebook.com\/miomiorun\/","https:\/\/www.instagram.com\/miomiorun\/"]}]}},"_links":{"self":[{"href":"https:\/\/www.miomiorun.com\/fr\/wp-json\/wp\/v2\/product\/295491","targetHints":{"allow":["GET"]}}],"collection":[{"href":"https:\/\/www.miomiorun.com\/fr\/wp-json\/wp\/v2\/product"}],"about":[{"href":"https:\/\/www.miomiorun.com\/fr\/wp-json\/wp\/v2\/types\/product"}],"wp:featuredmedia":[{"embeddable":true,"href":"https:\/\/www.miomiorun.com\/fr\/wp-json\/wp\/v2\/media\/249852"}],"wp:attachment":[{"href":"https:\/\/www.miomiorun.com\/fr\/wp-json\/wp\/v2\/media?parent=295491"}],"wp:term":[{"taxonomy":"product_brand","embeddable":true,"href":"https:\/\/www.miomiorun.com\/fr\/wp-json\/wp\/v2\/product_brand?post=295491"},{"taxonomy":"product_cat","embeddable":true,"href":"https:\/\/www.miomiorun.com\/fr\/wp-json\/wp\/v2\/product_cat?post=295491"},{"taxonomy":"product_tag","embeddable":true,"href":"https:\/\/www.miomiorun.com\/fr\/wp-json\/wp\/v2\/product_tag?post=295491"}],"curies":[{"name":"wp","href":"https:\/\/api.w.org\/{rel}","templated":true}]}}