{"id":295447,"date":"2024-10-10T15:39:59","date_gmt":"2024-10-10T13:39:59","guid":{"rendered":"https:\/\/miomiorun.com\/prodotto\/z-n-e-pant-uomo\/"},"modified":"2025-05-22T12:32:19","modified_gmt":"2025-05-22T10:32:19","slug":"z-n-e-pant-homme","status":"publish","type":"product","link":"https:\/\/www.miomiorun.com\/fr\/produit\/z-n-e-pant-homme\/","title":{"rendered":"Z.N.E Pant homme"},"content":{"rendered":"<div class=\"text-content___13aRm\">\n<h3 class=\"subtitle___9ljbp\" style=\"text-align: center;\">Pantalon chaud avec une construction \u00e0 trois couches.<\/h3>\n<p class=\"gl-vspace\">C\u00e9l\u00e9brez le pouvoir du travail d&#8217;\u00e9quipe avec ce pantalon adidas. Le Z.N.E est un pantalon pour homme \u00e0 double \u00e9paisseur de fil qui vous prot\u00e8ge du froid pour que vous puissiez vous concentrer sur l&#8217;action. Les lignes opaques imprim\u00e9es en caoutchouc, inspir\u00e9es du terrain de jeu, vous permettent d&#8217;afficher votre passion pour le sport et votre esprit d&#8217;\u00e9quipe o\u00f9 que vous alliez.<\/p>\n<\/div>\n<h4>Caract\u00e9ristiques :<\/h4>\n<ul class=\"gl-list\">\n<li class=\"gl-vspace-bpall-small\">Coupe large<\/li>\n<li class=\"gl-vspace-bpall-small\">Taille \u00e9lastiqu\u00e9e avec cordon de serrage<\/li>\n<li class=\"gl-vspace-bpall-small\">Double fil, 57% polyester recycl\u00e9 \/ 43% coton<\/li>\n<li class=\"gl-vspace-bpall-small\">Taille moyenne<\/li>\n<li class=\"gl-vspace-bpall-small\">Poches zipp\u00e9es sur le devant<\/li>\n<li class=\"gl-vspace-bpall-small\">Ourlets c\u00f4tel\u00e9s<\/li>\n<li class=\"gl-vspace-bpall-small\">Tissu \u00e0 trois couches<\/li>\n<\/ul>\n<p>&nbsp;<\/p>\n<div class=\"care-instructions___3scEd\">\n<h4 class=\"care-title___2YJe1 gl-no-margin-bottom\">Instructions de lavage<\/h4>\n<ul class=\"\">\n<li class=\"gl-vspace-bpall-small\"><img loading=\"lazy\" decoding=\"async\" src=\"https:\/\/www.adidas.it\/glass\/react\/050cc48\/assets\/img\/washing-instructions\/B1.svg\" alt=\"\" width=\"24\" height=\"24\" \/> Ne pas javelliser<\/li>\n<li class=\"gl-vspace-bpall-small\"><img loading=\"lazy\" decoding=\"async\" src=\"https:\/\/www.adidas.it\/glass\/react\/050cc48\/assets\/img\/washing-instructions\/C2.svg\" alt=\"\" width=\"24\" height=\"24\" \/> Utiliser un s\u00e8che-linge \u00e0 basse temp\u00e9rature<\/li>\n<li class=\"gl-vspace-bpall-small\"><img loading=\"lazy\" decoding=\"async\" src=\"https:\/\/www.adidas.it\/glass\/react\/050cc48\/assets\/img\/washing-instructions\/E1.svg\" alt=\"\" width=\"24\" height=\"24\" \/> Ne pas nettoyer \u00e0 sec<\/li>\n<li class=\"gl-vspace-bpall-small\"><img loading=\"lazy\" decoding=\"async\" src=\"https:\/\/www.adidas.it\/glass\/react\/050cc48\/assets\/img\/washing-instructions\/D2.svg\" alt=\"\" width=\"24\" height=\"24\" \/> Repassage doux \u00e0 froid<\/li>\n<li class=\"gl-vspace-bpall-small\"><img loading=\"lazy\" decoding=\"async\" src=\"https:\/\/www.adidas.it\/glass\/react\/050cc48\/assets\/img\/washing-instructions\/A5.svg\" alt=\"\" width=\"24\" height=\"24\" \/> Lavage en machine \u00e0 l&#8217;eau ti\u00e8de<\/li>\n<\/ul>\n<div class=\"extra-instructions___2TR8b\">\n<h4 class=\"care-title___2YJe1 gl-no-margin-bottom\">Informations sur l&#8217;entretien du produit<\/h4>\n<ul class=\"gl-list gl-vspace-bpall-small\">\n<li class=\"gl-vspace-bpall-small\">Ne pas utiliser d&#8217;assouplissant<\/li>\n<li class=\"gl-vspace-bpall-small\">Laver avec les fermetures \u00e9clair ferm\u00e9es<\/li>\n<li class=\"gl-vspace-bpall-small\">Laver et repasser \u00e0 l&#8217;envers<\/li>\n<li class=\"gl-vspace-bpall-small\">Laver avec des couleurs similaires<\/li>\n<\/ul>\n<\/div>\n<\/div>\n","protected":false},"excerpt":{"rendered":"<ul>\n<li>Pantalon de loisirs, id\u00e9al \u00e9galement pour le sport.<\/li>\n<li>Coupe confortable.<\/li>\n<\/ul>\n","protected":false},"featured_media":249856,"template":"","meta":{"_acf_changed":false,"inline_featured_image":false},"product_brand":[],"product_cat":[24450,24482],"product_tag":[23557,23564],"class_list":{"0":"post-295447","1":"product","2":"type-product","3":"status-publish","4":"has-post-thumbnail","6":"product_cat-pantalon-long-fr-3","7":"product_cat-vetements-pour-hommes-fr","8":"product_tag-adidas-fr","9":"product_tag-adidas-homme","10":"pa_attivita-fitness-fr","11":"pa_attivita-lifestyle-fr","12":"pa_colore-m-z-n-e-pt-aurivy-fr","13":"pa_colore-m-z-n-e-pt-black-fr","14":"pa_colore-m-z-n-e-pt-grey-fr","15":"pa_marca-adidas-fr","16":"pa_sesso-homme","17":"pa_size-extra-small-fr","18":"pa_size-small-fr","19":"pa_size-medium-fr","20":"pa_size-large-fr","22":"first","23":"instock","24":"sale","25":"taxable","26":"shipping-taxable","27":"purchasable","28":"product-type-variable","29":"wvs-archive-product-wrapper"},"acf":[],"yoast_head":"<!-- This site is optimized with the Yoast SEO plugin v26.8 - https:\/\/yoast.com\/product\/yoast-seo-wordpress\/ -->\n<title>Adidas Z.N.E Pant homme -Pantalon- MioMioRun<\/title>\n<meta name=\"description\" content=\"Z.N.E est un pantalon adidas pour homme en tissu spacer doublement fil\u00e9 qui vous prot\u00e8ge du froid pour que vous puissiez vous concentrer sur l&#039;action.\" \/>\n<meta name=\"robots\" content=\"index, follow, max-snippet:-1, max-image-preview:large, max-video-preview:-1\" \/>\n<link rel=\"canonical\" href=\"https:\/\/www.miomiorun.com\/fr\/produit\/z-n-e-pant-homme\/\" \/>\n<meta property=\"og:locale\" content=\"fr_FR\" \/>\n<meta property=\"og:type\" content=\"article\" \/>\n<meta property=\"og:title\" content=\"Adidas Z.N.E Pant homme -Pantalon- MioMioRun\" \/>\n<meta property=\"og:description\" content=\"Z.N.E est un pantalon adidas pour homme en tissu spacer doublement fil\u00e9 qui vous prot\u00e8ge du froid pour que vous puissiez vous concentrer sur l&#039;action.\" \/>\n<meta property=\"og:url\" content=\"https:\/\/www.miomiorun.com\/fr\/produit\/z-n-e-pant-homme\/\" \/>\n<meta property=\"og:site_name\" content=\"MioMioRun\" \/>\n<meta property=\"article:publisher\" content=\"https:\/\/www.facebook.com\/miomiorun\/\" \/>\n<meta property=\"article:modified_time\" content=\"2025-05-22T10:32:19+00:00\" \/>\n<meta property=\"og:image\" content=\"https:\/\/www.miomiorun.com\/app\/uploads\/2024\/10\/adidas-M-Z.N.E.-PT-black-JD9599.webp\" \/>\n\t<meta property=\"og:image:width\" content=\"600\" \/>\n\t<meta property=\"og:image:height\" content=\"600\" \/>\n\t<meta property=\"og:image:type\" content=\"image\/webp\" \/>\n<meta name=\"twitter:card\" content=\"summary_large_image\" \/>\n<meta name=\"twitter:label1\" content=\"Est. reading time\" \/>\n\t<meta name=\"twitter:data1\" content=\"1 minute\" \/>\n<script type=\"application\/ld+json\" class=\"yoast-schema-graph\">{\"@context\":\"https:\/\/schema.org\",\"@graph\":[{\"@type\":\"WebPage\",\"@id\":\"https:\/\/www.miomiorun.com\/fr\/produit\/z-n-e-pant-homme\/\",\"url\":\"https:\/\/www.miomiorun.com\/fr\/produit\/z-n-e-pant-homme\/\",\"name\":\"Adidas Z.N.E Pant homme -Pantalon- MioMioRun\",\"isPartOf\":{\"@id\":\"https:\/\/www.miomiorun.com\/fr\/#website\"},\"primaryImageOfPage\":{\"@id\":\"https:\/\/www.miomiorun.com\/fr\/produit\/z-n-e-pant-homme\/#primaryimage\"},\"image\":{\"@id\":\"https:\/\/www.miomiorun.com\/fr\/produit\/z-n-e-pant-homme\/#primaryimage\"},\"thumbnailUrl\":\"https:\/\/www.miomiorun.com\/app\/uploads\/2024\/10\/adidas-M-Z.N.E.-PT-black-JD9599.webp\",\"datePublished\":\"2024-10-10T13:39:59+00:00\",\"dateModified\":\"2025-05-22T10:32:19+00:00\",\"description\":\"Z.N.E est un pantalon adidas pour homme en tissu spacer doublement fil\u00e9 qui vous prot\u00e8ge du froid pour que vous puissiez vous concentrer sur l'action.\",\"breadcrumb\":{\"@id\":\"https:\/\/www.miomiorun.com\/fr\/produit\/z-n-e-pant-homme\/#breadcrumb\"},\"inLanguage\":\"fr-FR\",\"potentialAction\":[{\"@type\":\"ReadAction\",\"target\":[\"https:\/\/www.miomiorun.com\/fr\/produit\/z-n-e-pant-homme\/\"]}]},{\"@type\":\"ImageObject\",\"inLanguage\":\"fr-FR\",\"@id\":\"https:\/\/www.miomiorun.com\/fr\/produit\/z-n-e-pant-homme\/#primaryimage\",\"url\":\"https:\/\/www.miomiorun.com\/app\/uploads\/2024\/10\/adidas-M-Z.N.E.-PT-black-JD9599.webp\",\"contentUrl\":\"https:\/\/www.miomiorun.com\/app\/uploads\/2024\/10\/adidas-M-Z.N.E.-PT-black-JD9599.webp\",\"width\":600,\"height\":600,\"caption\":\"adidas M Z.N.E. PT black JD9599\"},{\"@type\":\"BreadcrumbList\",\"@id\":\"https:\/\/www.miomiorun.com\/fr\/produit\/z-n-e-pant-homme\/#breadcrumb\",\"itemListElement\":[{\"@type\":\"ListItem\",\"position\":1,\"name\":\"Home\",\"item\":\"https:\/\/www.miomiorun.com\/fr\/home-page\/\"},{\"@type\":\"ListItem\",\"position\":2,\"name\":\"Shop\",\"item\":\"https:\/\/www.miomiorun.com\/shop\/\"},{\"@type\":\"ListItem\",\"position\":3,\"name\":\"Z.N.E Pant homme\"}]},{\"@type\":\"WebSite\",\"@id\":\"https:\/\/www.miomiorun.com\/fr\/#website\",\"url\":\"https:\/\/www.miomiorun.com\/fr\/\",\"name\":\"MioMioRun\",\"description\":\"Boutique 100% running et trail\",\"publisher\":{\"@id\":\"https:\/\/www.miomiorun.com\/fr\/#organization\"},\"potentialAction\":[{\"@type\":\"SearchAction\",\"target\":{\"@type\":\"EntryPoint\",\"urlTemplate\":\"https:\/\/www.miomiorun.com\/fr\/?s={search_term_string}\"},\"query-input\":{\"@type\":\"PropertyValueSpecification\",\"valueRequired\":true,\"valueName\":\"search_term_string\"}}],\"inLanguage\":\"fr-FR\"},{\"@type\":\"Organization\",\"@id\":\"https:\/\/www.miomiorun.com\/fr\/#organization\",\"name\":\"MioMio Run\",\"url\":\"https:\/\/www.miomiorun.com\/fr\/\",\"logo\":{\"@type\":\"ImageObject\",\"inLanguage\":\"fr-FR\",\"@id\":\"https:\/\/www.miomiorun.com\/fr\/#\/schema\/logo\/image\/\",\"url\":\"https:\/\/www.miomiorun.com\/app\/uploads\/2019\/12\/logomio.png\",\"contentUrl\":\"https:\/\/www.miomiorun.com\/app\/uploads\/2019\/12\/logomio.png\",\"width\":115,\"height\":82,\"caption\":\"MioMio Run\"},\"image\":{\"@id\":\"https:\/\/www.miomiorun.com\/fr\/#\/schema\/logo\/image\/\"},\"sameAs\":[\"https:\/\/www.facebook.com\/miomiorun\/\",\"https:\/\/www.instagram.com\/miomiorun\/\"]}]}<\/script>\n<!-- \/ Yoast SEO plugin. -->","yoast_head_json":{"title":"Adidas Z.N.E Pant homme -Pantalon- MioMioRun","description":"Z.N.E est un pantalon adidas pour homme en tissu spacer doublement fil\u00e9 qui vous prot\u00e8ge du froid pour que vous puissiez vous concentrer sur l'action.","robots":{"index":"index","follow":"follow","max-snippet":"max-snippet:-1","max-image-preview":"max-image-preview:large","max-video-preview":"max-video-preview:-1"},"canonical":"https:\/\/www.miomiorun.com\/fr\/produit\/z-n-e-pant-homme\/","og_locale":"fr_FR","og_type":"article","og_title":"Adidas Z.N.E Pant homme -Pantalon- MioMioRun","og_description":"Z.N.E est un pantalon adidas pour homme en tissu spacer doublement fil\u00e9 qui vous prot\u00e8ge du froid pour que vous puissiez vous concentrer sur l'action.","og_url":"https:\/\/www.miomiorun.com\/fr\/produit\/z-n-e-pant-homme\/","og_site_name":"MioMioRun","article_publisher":"https:\/\/www.facebook.com\/miomiorun\/","article_modified_time":"2025-05-22T10:32:19+00:00","og_image":[{"width":600,"height":600,"url":"https:\/\/www.miomiorun.com\/app\/uploads\/2024\/10\/adidas-M-Z.N.E.-PT-black-JD9599.webp","type":"image\/webp"}],"twitter_card":"summary_large_image","twitter_misc":{"Est. reading time":"1 minute"},"schema":{"@context":"https:\/\/schema.org","@graph":[{"@type":"WebPage","@id":"https:\/\/www.miomiorun.com\/fr\/produit\/z-n-e-pant-homme\/","url":"https:\/\/www.miomiorun.com\/fr\/produit\/z-n-e-pant-homme\/","name":"Adidas Z.N.E Pant homme -Pantalon- MioMioRun","isPartOf":{"@id":"https:\/\/www.miomiorun.com\/fr\/#website"},"primaryImageOfPage":{"@id":"https:\/\/www.miomiorun.com\/fr\/produit\/z-n-e-pant-homme\/#primaryimage"},"image":{"@id":"https:\/\/www.miomiorun.com\/fr\/produit\/z-n-e-pant-homme\/#primaryimage"},"thumbnailUrl":"https:\/\/www.miomiorun.com\/app\/uploads\/2024\/10\/adidas-M-Z.N.E.-PT-black-JD9599.webp","datePublished":"2024-10-10T13:39:59+00:00","dateModified":"2025-05-22T10:32:19+00:00","description":"Z.N.E est un pantalon adidas pour homme en tissu spacer doublement fil\u00e9 qui vous prot\u00e8ge du froid pour que vous puissiez vous concentrer sur l'action.","breadcrumb":{"@id":"https:\/\/www.miomiorun.com\/fr\/produit\/z-n-e-pant-homme\/#breadcrumb"},"inLanguage":"fr-FR","potentialAction":[{"@type":"ReadAction","target":["https:\/\/www.miomiorun.com\/fr\/produit\/z-n-e-pant-homme\/"]}]},{"@type":"ImageObject","inLanguage":"fr-FR","@id":"https:\/\/www.miomiorun.com\/fr\/produit\/z-n-e-pant-homme\/#primaryimage","url":"https:\/\/www.miomiorun.com\/app\/uploads\/2024\/10\/adidas-M-Z.N.E.-PT-black-JD9599.webp","contentUrl":"https:\/\/www.miomiorun.com\/app\/uploads\/2024\/10\/adidas-M-Z.N.E.-PT-black-JD9599.webp","width":600,"height":600,"caption":"adidas M Z.N.E. PT black JD9599"},{"@type":"BreadcrumbList","@id":"https:\/\/www.miomiorun.com\/fr\/produit\/z-n-e-pant-homme\/#breadcrumb","itemListElement":[{"@type":"ListItem","position":1,"name":"Home","item":"https:\/\/www.miomiorun.com\/fr\/home-page\/"},{"@type":"ListItem","position":2,"name":"Shop","item":"https:\/\/www.miomiorun.com\/shop\/"},{"@type":"ListItem","position":3,"name":"Z.N.E Pant homme"}]},{"@type":"WebSite","@id":"https:\/\/www.miomiorun.com\/fr\/#website","url":"https:\/\/www.miomiorun.com\/fr\/","name":"MioMioRun","description":"Boutique 100% running et trail","publisher":{"@id":"https:\/\/www.miomiorun.com\/fr\/#organization"},"potentialAction":[{"@type":"SearchAction","target":{"@type":"EntryPoint","urlTemplate":"https:\/\/www.miomiorun.com\/fr\/?s={search_term_string}"},"query-input":{"@type":"PropertyValueSpecification","valueRequired":true,"valueName":"search_term_string"}}],"inLanguage":"fr-FR"},{"@type":"Organization","@id":"https:\/\/www.miomiorun.com\/fr\/#organization","name":"MioMio Run","url":"https:\/\/www.miomiorun.com\/fr\/","logo":{"@type":"ImageObject","inLanguage":"fr-FR","@id":"https:\/\/www.miomiorun.com\/fr\/#\/schema\/logo\/image\/","url":"https:\/\/www.miomiorun.com\/app\/uploads\/2019\/12\/logomio.png","contentUrl":"https:\/\/www.miomiorun.com\/app\/uploads\/2019\/12\/logomio.png","width":115,"height":82,"caption":"MioMio Run"},"image":{"@id":"https:\/\/www.miomiorun.com\/fr\/#\/schema\/logo\/image\/"},"sameAs":["https:\/\/www.facebook.com\/miomiorun\/","https:\/\/www.instagram.com\/miomiorun\/"]}]}},"_links":{"self":[{"href":"https:\/\/www.miomiorun.com\/fr\/wp-json\/wp\/v2\/product\/295447","targetHints":{"allow":["GET"]}}],"collection":[{"href":"https:\/\/www.miomiorun.com\/fr\/wp-json\/wp\/v2\/product"}],"about":[{"href":"https:\/\/www.miomiorun.com\/fr\/wp-json\/wp\/v2\/types\/product"}],"wp:featuredmedia":[{"embeddable":true,"href":"https:\/\/www.miomiorun.com\/fr\/wp-json\/wp\/v2\/media\/249856"}],"wp:attachment":[{"href":"https:\/\/www.miomiorun.com\/fr\/wp-json\/wp\/v2\/media?parent=295447"}],"wp:term":[{"taxonomy":"product_brand","embeddable":true,"href":"https:\/\/www.miomiorun.com\/fr\/wp-json\/wp\/v2\/product_brand?post=295447"},{"taxonomy":"product_cat","embeddable":true,"href":"https:\/\/www.miomiorun.com\/fr\/wp-json\/wp\/v2\/product_cat?post=295447"},{"taxonomy":"product_tag","embeddable":true,"href":"https:\/\/www.miomiorun.com\/fr\/wp-json\/wp\/v2\/product_tag?post=295447"}],"curies":[{"name":"wp","href":"https:\/\/api.w.org\/{rel}","templated":true}]}}