{"id":295441,"date":"2024-10-11T17:10:24","date_gmt":"2024-10-11T15:10:24","guid":{"rendered":"https:\/\/miomiorun.com\/prodotto\/felpa-essentials-fleece-3-stripes-uomo\/"},"modified":"2025-05-22T15:39:24","modified_gmt":"2025-05-22T13:39:24","slug":"felpa-essentials-fleece-3-stripes-homme","status":"publish","type":"product","link":"https:\/\/www.miomiorun.com\/fr\/produit\/felpa-essentials-fleece-3-stripes-homme\/","title":{"rendered":"Felpa Essentials Fleece 3-Stripes homme"},"content":{"rendered":"<p>Le sweat Essentials Fleece 3-Stripes pour homme est un concentr\u00e9 de praticit\u00e9 et de style. Fabriqu\u00e9 dans un m\u00e9lange de coton doux, c&#8217;est le mod\u00e8le parfait \u00e0 porter lorsque vous savez que vous passerez la journ\u00e9e dehors. L&#8217;encolure ras du cou et les ourlets et poignets c\u00f4tel\u00e9s sont des d\u00e9tails qui vous permettent de vous sentir parfaitement \u00e0 l&#8217;aise. Les trois bandes embl\u00e9matiques sur les deux bras compl\u00e8tent le look.<\/p>\n<ul class=\"m-contentContainer__copyElement\">\n<li>Au moins 70 % de ce produit est fabriqu\u00e9 \u00e0 partir d&#8217;un m\u00e9lange de mat\u00e9riaux recycl\u00e9s et renouvelables.<\/li>\n<\/ul>\n<h3>Caract\u00e9ristiques :<\/h3>\n<ul>\n<li>Contenu recycl\u00e9 : Ce produit est fabriqu\u00e9 \u00e0 partir de contenu recycl\u00e9 dans le cadre de notre ambition de mettre fin aux d\u00e9chets plastiques.<\/li>\n<li>Meilleur coton : CES PRODUITS EN COTON SOUTIENNENT L&#8217;AGRICULTURE DE COTON DURABLE.<\/li>\n<li>Coupe : R\u00e9guli\u00e8re<\/li>\n<li>Sweat \u00e0 capuche<\/li>\n<\/ul>\n<h4 class=\"care-title___2YJe1 gl-no-margin-bottom\">Instructions de lavage<\/h4>\n<ul class=\"\">\n<li class=\"gl-vspace-bpall-small\"><img loading=\"lazy\" decoding=\"async\" src=\"https:\/\/www.adidas.it\/glass\/react\/050cc48\/assets\/img\/washing-instructions\/B1.svg\" alt=\"\" width=\"24\" height=\"24\" \/> Ne pas javelliser<\/li>\n<li class=\"gl-vspace-bpall-small\"><img loading=\"lazy\" decoding=\"async\" src=\"https:\/\/www.adidas.it\/glass\/react\/050cc48\/assets\/img\/washing-instructions\/C2.svg\" alt=\"\" width=\"24\" height=\"24\" \/> Utiliser un s\u00e8che-linge \u00e0 basse temp\u00e9rature<\/li>\n<li class=\"gl-vspace-bpall-small\"><img loading=\"lazy\" decoding=\"async\" src=\"https:\/\/www.adidas.it\/glass\/react\/050cc48\/assets\/img\/washing-instructions\/E1.svg\" alt=\"\" width=\"24\" height=\"24\" \/> Ne pas nettoyer \u00e0 sec<\/li>\n<li class=\"gl-vspace-bpall-small\"><img loading=\"lazy\" decoding=\"async\" src=\"https:\/\/www.adidas.it\/glass\/react\/050cc48\/assets\/img\/washing-instructions\/D2.svg\" alt=\"\" width=\"24\" height=\"24\" \/> Repassage doux \u00e0 froid<\/li>\n<li class=\"gl-vspace-bpall-small\"><img loading=\"lazy\" decoding=\"async\" src=\"https:\/\/www.adidas.it\/glass\/react\/050cc48\/assets\/img\/washing-instructions\/A4.svg\" alt=\"\" width=\"24\" height=\"24\" \/> Lavage en machine au cycle d\u00e9licat et \u00e0 l&#8217;eau froide<\/li>\n<\/ul>\n<div class=\"extra-instructions___2TR8b\">\n<h4 class=\"care-title___2YJe1 gl-no-margin-bottom\">Informations sur l&#8217;entretien du produit<\/h4>\n<ul class=\"gl-list gl-vspace-bpall-small\">\n<li class=\"gl-vspace-bpall-small\">Ne pas utiliser d&#8217;assouplissant<\/li>\n<li class=\"gl-vspace-bpall-small\">N&#8217;utiliser que des d\u00e9tergents doux<\/li>\n<li class=\"gl-vspace-bpall-small\">Laver avec des couleurs similaires<\/li>\n<\/ul>\n<\/div>\n<div class=\"o-feature-callout__feature-copy\">\n<div class=\"o-feature-callout__feature-copy\">\n<div class=\"o-feature-callout__feature-copy\">\n<p class=\"a-type-p o-feature-callout__feature-body\">\n<\/div>\n<\/div>\n<\/div>\n","protected":false},"excerpt":{"rendered":"<ul class=\"m-long-description__features\">\n<li class=\"m-long-description__feature\">Visible r\u00e9guli\u00e8rement<\/li>\n<li class=\"m-long-description__feature\">Parfait comme sweat-shirt \u00e0 porter pendant la journ\u00e9e<\/li>\n<\/ul>\n<p><span style=\"font-weight: 400;\">\u00a0<\/span><\/p>\n","protected":false},"featured_media":249804,"template":"","meta":{"_acf_changed":false,"inline_featured_image":false},"product_brand":[],"product_cat":[24478,24482,24484],"product_tag":[23557,23564],"class_list":{"0":"post-295441","1":"product","2":"type-product","3":"status-publish","4":"has-post-thumbnail","6":"product_cat-maillots-fr-2","7":"product_cat-vetements-pour-hommes-fr","8":"product_cat-homme","9":"product_tag-adidas-fr","10":"product_tag-adidas-homme","11":"pa_attivita-lifestyle-fr","12":"pa_colore-m-3s-fl-swt-legink-fr","13":"pa_marca-adidas-fr","14":"pa_sesso-homme","15":"pa_size-small-fr","16":"pa_size-medium-fr","17":"pa_size-large-fr","19":"first","20":"instock","21":"sale","22":"taxable","23":"shipping-taxable","24":"purchasable","25":"product-type-variable","26":"wvs-archive-product-wrapper"},"acf":[],"yoast_head":"<!-- This site is optimized with the Yoast SEO plugin v26.8 - https:\/\/yoast.com\/product\/yoast-seo-wordpress\/ -->\n<title>Adidas Felpa Essentials Fleece 3-Stripes homme - Sweat-shirt - MioMioRun<\/title>\n<meta name=\"description\" content=\"Le sweat Essentials Fleece 3-Stripes pour homme est un concentr\u00e9 de praticit\u00e9 et de style. Fabriqu\u00e9 dans un m\u00e9lange de coton doux.\" \/>\n<meta name=\"robots\" content=\"index, follow, max-snippet:-1, max-image-preview:large, max-video-preview:-1\" \/>\n<link rel=\"canonical\" href=\"https:\/\/www.miomiorun.com\/fr\/produit\/felpa-essentials-fleece-3-stripes-homme\/\" \/>\n<meta property=\"og:locale\" content=\"fr_FR\" \/>\n<meta property=\"og:type\" content=\"article\" \/>\n<meta property=\"og:title\" content=\"Adidas Felpa Essentials Fleece 3-Stripes homme - Sweat-shirt - MioMioRun\" \/>\n<meta property=\"og:description\" content=\"Le sweat Essentials Fleece 3-Stripes pour homme est un concentr\u00e9 de praticit\u00e9 et de style. Fabriqu\u00e9 dans un m\u00e9lange de coton doux.\" \/>\n<meta property=\"og:url\" content=\"https:\/\/www.miomiorun.com\/fr\/produit\/felpa-essentials-fleece-3-stripes-homme\/\" \/>\n<meta property=\"og:site_name\" content=\"MioMioRun\" \/>\n<meta property=\"article:publisher\" content=\"https:\/\/www.facebook.com\/miomiorun\/\" \/>\n<meta property=\"article:modified_time\" content=\"2025-05-22T13:39:24+00:00\" \/>\n<meta property=\"og:image\" content=\"https:\/\/www.miomiorun.com\/app\/uploads\/2024\/10\/adidas-M-3S-FL-SWT-legink-IJ6469.webp\" \/>\n\t<meta property=\"og:image:width\" content=\"600\" \/>\n\t<meta property=\"og:image:height\" content=\"600\" \/>\n\t<meta property=\"og:image:type\" content=\"image\/webp\" \/>\n<meta name=\"twitter:card\" content=\"summary_large_image\" \/>\n<meta name=\"twitter:label1\" content=\"Est. reading time\" \/>\n\t<meta name=\"twitter:data1\" content=\"1 minute\" \/>\n<script type=\"application\/ld+json\" class=\"yoast-schema-graph\">{\"@context\":\"https:\/\/schema.org\",\"@graph\":[{\"@type\":\"WebPage\",\"@id\":\"https:\/\/www.miomiorun.com\/fr\/produit\/felpa-essentials-fleece-3-stripes-homme\/\",\"url\":\"https:\/\/www.miomiorun.com\/fr\/produit\/felpa-essentials-fleece-3-stripes-homme\/\",\"name\":\"Adidas Felpa Essentials Fleece 3-Stripes homme - Sweat-shirt - MioMioRun\",\"isPartOf\":{\"@id\":\"https:\/\/www.miomiorun.com\/fr\/#website\"},\"primaryImageOfPage\":{\"@id\":\"https:\/\/www.miomiorun.com\/fr\/produit\/felpa-essentials-fleece-3-stripes-homme\/#primaryimage\"},\"image\":{\"@id\":\"https:\/\/www.miomiorun.com\/fr\/produit\/felpa-essentials-fleece-3-stripes-homme\/#primaryimage\"},\"thumbnailUrl\":\"https:\/\/www.miomiorun.com\/app\/uploads\/2024\/10\/adidas-M-3S-FL-SWT-legink-IJ6469.webp\",\"datePublished\":\"2024-10-11T15:10:24+00:00\",\"dateModified\":\"2025-05-22T13:39:24+00:00\",\"description\":\"Le sweat Essentials Fleece 3-Stripes pour homme est un concentr\u00e9 de praticit\u00e9 et de style. Fabriqu\u00e9 dans un m\u00e9lange de coton doux.\",\"breadcrumb\":{\"@id\":\"https:\/\/www.miomiorun.com\/fr\/produit\/felpa-essentials-fleece-3-stripes-homme\/#breadcrumb\"},\"inLanguage\":\"fr-FR\",\"potentialAction\":[{\"@type\":\"ReadAction\",\"target\":[\"https:\/\/www.miomiorun.com\/fr\/produit\/felpa-essentials-fleece-3-stripes-homme\/\"]}]},{\"@type\":\"ImageObject\",\"inLanguage\":\"fr-FR\",\"@id\":\"https:\/\/www.miomiorun.com\/fr\/produit\/felpa-essentials-fleece-3-stripes-homme\/#primaryimage\",\"url\":\"https:\/\/www.miomiorun.com\/app\/uploads\/2024\/10\/adidas-M-3S-FL-SWT-legink-IJ6469.webp\",\"contentUrl\":\"https:\/\/www.miomiorun.com\/app\/uploads\/2024\/10\/adidas-M-3S-FL-SWT-legink-IJ6469.webp\",\"width\":600,\"height\":600,\"caption\":\"adidas M 3S FL SWT legink IJ6469\"},{\"@type\":\"BreadcrumbList\",\"@id\":\"https:\/\/www.miomiorun.com\/fr\/produit\/felpa-essentials-fleece-3-stripes-homme\/#breadcrumb\",\"itemListElement\":[{\"@type\":\"ListItem\",\"position\":1,\"name\":\"Home\",\"item\":\"https:\/\/www.miomiorun.com\/fr\/home-page\/\"},{\"@type\":\"ListItem\",\"position\":2,\"name\":\"Shop\",\"item\":\"https:\/\/www.miomiorun.com\/shop\/\"},{\"@type\":\"ListItem\",\"position\":3,\"name\":\"Felpa Essentials Fleece 3-Stripes homme\"}]},{\"@type\":\"WebSite\",\"@id\":\"https:\/\/www.miomiorun.com\/fr\/#website\",\"url\":\"https:\/\/www.miomiorun.com\/fr\/\",\"name\":\"MioMioRun\",\"description\":\"Boutique 100% running et trail\",\"publisher\":{\"@id\":\"https:\/\/www.miomiorun.com\/fr\/#organization\"},\"potentialAction\":[{\"@type\":\"SearchAction\",\"target\":{\"@type\":\"EntryPoint\",\"urlTemplate\":\"https:\/\/www.miomiorun.com\/fr\/?s={search_term_string}\"},\"query-input\":{\"@type\":\"PropertyValueSpecification\",\"valueRequired\":true,\"valueName\":\"search_term_string\"}}],\"inLanguage\":\"fr-FR\"},{\"@type\":\"Organization\",\"@id\":\"https:\/\/www.miomiorun.com\/fr\/#organization\",\"name\":\"MioMio Run\",\"url\":\"https:\/\/www.miomiorun.com\/fr\/\",\"logo\":{\"@type\":\"ImageObject\",\"inLanguage\":\"fr-FR\",\"@id\":\"https:\/\/www.miomiorun.com\/fr\/#\/schema\/logo\/image\/\",\"url\":\"https:\/\/www.miomiorun.com\/app\/uploads\/2019\/12\/logomio.png\",\"contentUrl\":\"https:\/\/www.miomiorun.com\/app\/uploads\/2019\/12\/logomio.png\",\"width\":115,\"height\":82,\"caption\":\"MioMio Run\"},\"image\":{\"@id\":\"https:\/\/www.miomiorun.com\/fr\/#\/schema\/logo\/image\/\"},\"sameAs\":[\"https:\/\/www.facebook.com\/miomiorun\/\",\"https:\/\/www.instagram.com\/miomiorun\/\"]}]}<\/script>\n<!-- \/ Yoast SEO plugin. -->","yoast_head_json":{"title":"Adidas Felpa Essentials Fleece 3-Stripes homme - Sweat-shirt - MioMioRun","description":"Le sweat Essentials Fleece 3-Stripes pour homme est un concentr\u00e9 de praticit\u00e9 et de style. Fabriqu\u00e9 dans un m\u00e9lange de coton doux.","robots":{"index":"index","follow":"follow","max-snippet":"max-snippet:-1","max-image-preview":"max-image-preview:large","max-video-preview":"max-video-preview:-1"},"canonical":"https:\/\/www.miomiorun.com\/fr\/produit\/felpa-essentials-fleece-3-stripes-homme\/","og_locale":"fr_FR","og_type":"article","og_title":"Adidas Felpa Essentials Fleece 3-Stripes homme - Sweat-shirt - MioMioRun","og_description":"Le sweat Essentials Fleece 3-Stripes pour homme est un concentr\u00e9 de praticit\u00e9 et de style. Fabriqu\u00e9 dans un m\u00e9lange de coton doux.","og_url":"https:\/\/www.miomiorun.com\/fr\/produit\/felpa-essentials-fleece-3-stripes-homme\/","og_site_name":"MioMioRun","article_publisher":"https:\/\/www.facebook.com\/miomiorun\/","article_modified_time":"2025-05-22T13:39:24+00:00","og_image":[{"width":600,"height":600,"url":"https:\/\/www.miomiorun.com\/app\/uploads\/2024\/10\/adidas-M-3S-FL-SWT-legink-IJ6469.webp","type":"image\/webp"}],"twitter_card":"summary_large_image","twitter_misc":{"Est. reading time":"1 minute"},"schema":{"@context":"https:\/\/schema.org","@graph":[{"@type":"WebPage","@id":"https:\/\/www.miomiorun.com\/fr\/produit\/felpa-essentials-fleece-3-stripes-homme\/","url":"https:\/\/www.miomiorun.com\/fr\/produit\/felpa-essentials-fleece-3-stripes-homme\/","name":"Adidas Felpa Essentials Fleece 3-Stripes homme - Sweat-shirt - MioMioRun","isPartOf":{"@id":"https:\/\/www.miomiorun.com\/fr\/#website"},"primaryImageOfPage":{"@id":"https:\/\/www.miomiorun.com\/fr\/produit\/felpa-essentials-fleece-3-stripes-homme\/#primaryimage"},"image":{"@id":"https:\/\/www.miomiorun.com\/fr\/produit\/felpa-essentials-fleece-3-stripes-homme\/#primaryimage"},"thumbnailUrl":"https:\/\/www.miomiorun.com\/app\/uploads\/2024\/10\/adidas-M-3S-FL-SWT-legink-IJ6469.webp","datePublished":"2024-10-11T15:10:24+00:00","dateModified":"2025-05-22T13:39:24+00:00","description":"Le sweat Essentials Fleece 3-Stripes pour homme est un concentr\u00e9 de praticit\u00e9 et de style. Fabriqu\u00e9 dans un m\u00e9lange de coton doux.","breadcrumb":{"@id":"https:\/\/www.miomiorun.com\/fr\/produit\/felpa-essentials-fleece-3-stripes-homme\/#breadcrumb"},"inLanguage":"fr-FR","potentialAction":[{"@type":"ReadAction","target":["https:\/\/www.miomiorun.com\/fr\/produit\/felpa-essentials-fleece-3-stripes-homme\/"]}]},{"@type":"ImageObject","inLanguage":"fr-FR","@id":"https:\/\/www.miomiorun.com\/fr\/produit\/felpa-essentials-fleece-3-stripes-homme\/#primaryimage","url":"https:\/\/www.miomiorun.com\/app\/uploads\/2024\/10\/adidas-M-3S-FL-SWT-legink-IJ6469.webp","contentUrl":"https:\/\/www.miomiorun.com\/app\/uploads\/2024\/10\/adidas-M-3S-FL-SWT-legink-IJ6469.webp","width":600,"height":600,"caption":"adidas M 3S FL SWT legink IJ6469"},{"@type":"BreadcrumbList","@id":"https:\/\/www.miomiorun.com\/fr\/produit\/felpa-essentials-fleece-3-stripes-homme\/#breadcrumb","itemListElement":[{"@type":"ListItem","position":1,"name":"Home","item":"https:\/\/www.miomiorun.com\/fr\/home-page\/"},{"@type":"ListItem","position":2,"name":"Shop","item":"https:\/\/www.miomiorun.com\/shop\/"},{"@type":"ListItem","position":3,"name":"Felpa Essentials Fleece 3-Stripes homme"}]},{"@type":"WebSite","@id":"https:\/\/www.miomiorun.com\/fr\/#website","url":"https:\/\/www.miomiorun.com\/fr\/","name":"MioMioRun","description":"Boutique 100% running et trail","publisher":{"@id":"https:\/\/www.miomiorun.com\/fr\/#organization"},"potentialAction":[{"@type":"SearchAction","target":{"@type":"EntryPoint","urlTemplate":"https:\/\/www.miomiorun.com\/fr\/?s={search_term_string}"},"query-input":{"@type":"PropertyValueSpecification","valueRequired":true,"valueName":"search_term_string"}}],"inLanguage":"fr-FR"},{"@type":"Organization","@id":"https:\/\/www.miomiorun.com\/fr\/#organization","name":"MioMio Run","url":"https:\/\/www.miomiorun.com\/fr\/","logo":{"@type":"ImageObject","inLanguage":"fr-FR","@id":"https:\/\/www.miomiorun.com\/fr\/#\/schema\/logo\/image\/","url":"https:\/\/www.miomiorun.com\/app\/uploads\/2019\/12\/logomio.png","contentUrl":"https:\/\/www.miomiorun.com\/app\/uploads\/2019\/12\/logomio.png","width":115,"height":82,"caption":"MioMio Run"},"image":{"@id":"https:\/\/www.miomiorun.com\/fr\/#\/schema\/logo\/image\/"},"sameAs":["https:\/\/www.facebook.com\/miomiorun\/","https:\/\/www.instagram.com\/miomiorun\/"]}]}},"_links":{"self":[{"href":"https:\/\/www.miomiorun.com\/fr\/wp-json\/wp\/v2\/product\/295441","targetHints":{"allow":["GET"]}}],"collection":[{"href":"https:\/\/www.miomiorun.com\/fr\/wp-json\/wp\/v2\/product"}],"about":[{"href":"https:\/\/www.miomiorun.com\/fr\/wp-json\/wp\/v2\/types\/product"}],"wp:featuredmedia":[{"embeddable":true,"href":"https:\/\/www.miomiorun.com\/fr\/wp-json\/wp\/v2\/media\/249804"}],"wp:attachment":[{"href":"https:\/\/www.miomiorun.com\/fr\/wp-json\/wp\/v2\/media?parent=295441"}],"wp:term":[{"taxonomy":"product_brand","embeddable":true,"href":"https:\/\/www.miomiorun.com\/fr\/wp-json\/wp\/v2\/product_brand?post=295441"},{"taxonomy":"product_cat","embeddable":true,"href":"https:\/\/www.miomiorun.com\/fr\/wp-json\/wp\/v2\/product_cat?post=295441"},{"taxonomy":"product_tag","embeddable":true,"href":"https:\/\/www.miomiorun.com\/fr\/wp-json\/wp\/v2\/product_tag?post=295441"}],"curies":[{"name":"wp","href":"https:\/\/api.w.org\/{rel}","templated":true}]}}