{"id":295375,"date":"2024-10-12T18:20:43","date_gmt":"2024-10-12T16:20:43","guid":{"rendered":"https:\/\/miomiorun.com\/prodotto\/ultraboost-5x-donna\/"},"modified":"2025-08-02T21:00:57","modified_gmt":"2025-08-02T19:00:57","slug":"ultraboost-5x-femme","status":"publish","type":"product","link":"https:\/\/www.miomiorun.com\/fr\/produit\/ultraboost-5x-femme\/","title":{"rendered":"Ultraboost 5X femme"},"content":{"rendered":"<div class=\"vc-row container\"><div class=\"vc-column\"><div class=\"vc-column-text\"><\/p>\n<p><strong>Caract\u00e9ristiques techniques<\/strong><\/p>\n<p>Cat\u00e9gorie : ultra amorti<br \/>\nD\u00e9calage : 10 mm ( 39mm \/ 29mm )<br \/>\nPoids : 237 g<br \/>\nId\u00e9al pour : les coureurs et marcheurs recherchant une chaussure avec un maximum d&#8217;amorti et de souplesse, tant au niveau du maintien que de la tige, pour la course de fond et la marche.<br \/>\nPoids de l&#8217;athl\u00e8te : &gt;80 kg<br \/>\nAllure de course : lente (&gt;5.30 min\/km)<br \/>\n<a href=\"https:\/\/miomiorun.com\/fr\/guide-des-specificites\/\">Guide des sp\u00e9cifications<\/a><\/p>\n<p><\/div><\/div><div class=\"vc-column\"><div class=\"vc-column-text\"><\/p>\n<h3 class=\"subtitle___9ljbp\">Une nouvelle g\u00e9n\u00e9ration de chaussures de course BOOST, cr\u00e9\u00e9es en partie \u00e0 partir de mat\u00e9riaux recycl\u00e9s.<\/h3>\n<p class=\"gl-vspace\">Chasser de nouveaux records personnels est plus facile avec ces chaussures de course adidas.<\/p>\n<p class=\"name___120FN\" data-testid=\"product-title\" data-auto-id=\"product-title\">La chaussure <strong>Ultraboost 5x<\/strong> pour femme utilise la technologie BOOST la plus l\u00e9g\u00e8re jamais con\u00e7ue pour garantir un retour d&#8217;\u00e9nergie constant, kilom\u00e8tre apr\u00e8s kilom\u00e8tre. La technologie Torsion System entre le talon et l&#8217;avant-pied am\u00e9liore la stabilit\u00e9 en favorisant une foul\u00e9e fluide quelle que soit la distance ou la vitesse. La semelle ext\u00e9rieure en caoutchouc Continental\u2122 offre une adh\u00e9rence fiable, m\u00eame sur sol mouill\u00e9, pour vous aider \u00e0 performer dans toutes les conditions. Ce produit contient au moins 20 % de mat\u00e9riaux recycl\u00e9s.<\/p>\n<p data-testid=\"product-title\" data-auto-id=\"product-title\"><strong>Caract\u00e9ristiques :<\/strong><\/p>\n<ul class=\"gl-list\">\n<li class=\"gl-vspace-bpall-small\">Coupe r\u00e9guli\u00e8re<\/li>\n<li class=\"gl-vspace-bpall-small\">Fermeture \u00e0 lacets<\/li>\n<li class=\"gl-vspace-bpall-small\">Dessus en tissu<\/li>\n<li class=\"gl-vspace-bpall-small\">Doublure en tissu<\/li>\n<li class=\"gl-vspace-bpall-small\">Syst\u00e8me de torsion<\/li>\n<li class=\"gl-vspace-bpall-small\">BOOST l\u00e9ger<\/li>\n<li class=\"gl-vspace-bpall-small\">Semelle ext\u00e9rieure en caoutchouc Continental\u2122<\/li>\n<\/ul>\n<h3 style=\"text-align: center;\">Technologie<\/h3>\n<div class=\"accordion__content___29x9h\">\n<div class=\"content-padding___2kVWQ\">\n<div class=\"technologies-section___3gZqW technologies-section--no-img___B_YZF\">\n<div class=\"technologies-content-container--no-img___wNKqW\">\n<div class=\"technologies-content-name___kkx_0\"><strong>LIGHT BOOST<\/strong><\/div>\n<div class=\"technologies-content-title___moWj6\">Un retour d&#8217;\u00e9nergie imbattable, encore plus l\u00e9ger<\/div>\n<p class=\"technologies-content-subtitle___2bGCf\">Light Boost est la nouvelle g\u00e9n\u00e9ration d&#8217;adidas Boost, 30 % plus l\u00e9g\u00e8re et avec un retour d&#8217;\u00e9nergie sup\u00e9rieur.<\/p>\n<\/div>\n<\/div>\n<\/div>\n<\/div>\n<ul class=\"gl-list\">\n<li class=\"gl-vspace-bpall-small\">Ce produit contient au moins 20 % de mat\u00e9riaux recycl\u00e9s.<\/li>\n<\/ul>\n<p><\/div><\/div><\/div>\n","protected":false},"excerpt":{"rendered":"<ul>\n<li>Chaussure super matelass\u00e9e pour un confort optimal,<\/li>\n<li>id\u00e9ale pour les longues marches et les courses<\/li>\n<p>.<\/ul>\n","protected":false},"featured_media":356309,"template":"","meta":{"_acf_changed":false,"inline_featured_image":false},"product_brand":[],"product_cat":[22605,22606],"product_tag":[23557,23563],"class_list":{"0":"post-295375","1":"product","2":"type-product","3":"status-publish","4":"has-post-thumbnail","6":"product_cat-chaussures-pour-femmes","7":"product_cat-neutre","8":"product_tag-adidas-fr","9":"product_tag-adidas-femme","10":"pa_attivita-lifestyle-fr","11":"pa_attivita-marcher","12":"pa_attivita-running-fr","13":"pa_colore-ultraboost-5x-w-dshgry-purbur-seblbu-fr","14":"pa_colore-ultraboost-5x-w-ftwwht-minton-glopur","15":"pa_colore-ultraboost-5x-w-vappnk-prelsc","16":"pa_marca-adidas-fr","17":"pa_sesso-femme","18":"pa_size-38-fr","20":"pa_size-39-fr","21":"pa_size-40-fr","23":"pa_size-41-fr","25":"first","26":"instock","27":"sale","28":"taxable","29":"shipping-taxable","30":"purchasable","31":"product-type-variable","32":"wvs-archive-product-wrapper"},"acf":[],"yoast_head":"<!-- This site is optimized with the Yoast SEO plugin v26.8 - https:\/\/yoast.com\/product\/yoast-seo-wordpress\/ -->\n<title>Adidas Ultraboost 5X femme - chaussures de course - MioMioRun.com<\/title>\n<meta name=\"description\" content=\"La chaussure Ultraboost 5x pour femme utilise la technologie BOOST la plus l\u00e9g\u00e8re jamais utilis\u00e9e, qui garantit un retour d&#039;\u00e9nergie constant kilom\u00e8tre apr\u00e8s kilom\u00e8tre.\" \/>\n<meta name=\"robots\" content=\"index, follow, max-snippet:-1, max-image-preview:large, max-video-preview:-1\" \/>\n<link rel=\"canonical\" href=\"https:\/\/www.miomiorun.com\/fr\/produit\/ultraboost-5x-femme\/\" \/>\n<meta property=\"og:locale\" content=\"fr_FR\" \/>\n<meta property=\"og:type\" content=\"article\" \/>\n<meta property=\"og:title\" content=\"Adidas Ultraboost 5X femme - chaussures de course - MioMioRun.com\" \/>\n<meta property=\"og:description\" content=\"La chaussure Ultraboost 5x pour femme utilise la technologie BOOST la plus l\u00e9g\u00e8re jamais utilis\u00e9e, qui garantit un retour d&#039;\u00e9nergie constant kilom\u00e8tre apr\u00e8s kilom\u00e8tre.\" \/>\n<meta property=\"og:url\" content=\"https:\/\/www.miomiorun.com\/fr\/produit\/ultraboost-5x-femme\/\" \/>\n<meta property=\"og:site_name\" content=\"MioMioRun\" \/>\n<meta property=\"article:publisher\" content=\"https:\/\/www.facebook.com\/miomiorun\/\" \/>\n<meta property=\"article:modified_time\" content=\"2025-08-02T19:00:57+00:00\" \/>\n<meta property=\"og:image\" content=\"https:\/\/www.miomiorun.com\/app\/uploads\/2025\/10\/adidas-Ultraboost-5X-W-dshgry-purbur-seblbu-JQ8083.webp\" \/>\n\t<meta property=\"og:image:width\" content=\"720\" \/>\n\t<meta property=\"og:image:height\" content=\"720\" \/>\n\t<meta property=\"og:image:type\" content=\"image\/webp\" \/>\n<meta name=\"twitter:card\" content=\"summary_large_image\" \/>\n<meta name=\"twitter:label1\" content=\"Est. reading time\" \/>\n\t<meta name=\"twitter:data1\" content=\"2 minutes\" \/>\n<script type=\"application\/ld+json\" class=\"yoast-schema-graph\">{\"@context\":\"https:\/\/schema.org\",\"@graph\":[{\"@type\":\"WebPage\",\"@id\":\"https:\/\/www.miomiorun.com\/fr\/produit\/ultraboost-5x-femme\/\",\"url\":\"https:\/\/www.miomiorun.com\/fr\/produit\/ultraboost-5x-femme\/\",\"name\":\"Adidas Ultraboost 5X femme - chaussures de course - MioMioRun.com\",\"isPartOf\":{\"@id\":\"https:\/\/www.miomiorun.com\/fr\/#website\"},\"primaryImageOfPage\":{\"@id\":\"https:\/\/www.miomiorun.com\/fr\/produit\/ultraboost-5x-femme\/#primaryimage\"},\"image\":{\"@id\":\"https:\/\/www.miomiorun.com\/fr\/produit\/ultraboost-5x-femme\/#primaryimage\"},\"thumbnailUrl\":\"https:\/\/www.miomiorun.com\/app\/uploads\/2025\/10\/adidas-Ultraboost-5X-W-dshgry-purbur-seblbu-JQ8083.webp\",\"datePublished\":\"2024-10-12T16:20:43+00:00\",\"dateModified\":\"2025-08-02T19:00:57+00:00\",\"description\":\"La chaussure Ultraboost 5x pour femme utilise la technologie BOOST la plus l\u00e9g\u00e8re jamais utilis\u00e9e, qui garantit un retour d'\u00e9nergie constant kilom\u00e8tre apr\u00e8s kilom\u00e8tre.\",\"breadcrumb\":{\"@id\":\"https:\/\/www.miomiorun.com\/fr\/produit\/ultraboost-5x-femme\/#breadcrumb\"},\"inLanguage\":\"fr-FR\",\"potentialAction\":[{\"@type\":\"ReadAction\",\"target\":[\"https:\/\/www.miomiorun.com\/fr\/produit\/ultraboost-5x-femme\/\"]}]},{\"@type\":\"ImageObject\",\"inLanguage\":\"fr-FR\",\"@id\":\"https:\/\/www.miomiorun.com\/fr\/produit\/ultraboost-5x-femme\/#primaryimage\",\"url\":\"https:\/\/www.miomiorun.com\/app\/uploads\/2025\/10\/adidas-Ultraboost-5X-W-dshgry-purbur-seblbu-JQ8083.webp\",\"contentUrl\":\"https:\/\/www.miomiorun.com\/app\/uploads\/2025\/10\/adidas-Ultraboost-5X-W-dshgry-purbur-seblbu-JQ8083.webp\",\"width\":720,\"height\":720,\"caption\":\"adidas Ultraboost 5X W dshgry purbur seblbu JQ8083\"},{\"@type\":\"BreadcrumbList\",\"@id\":\"https:\/\/www.miomiorun.com\/fr\/produit\/ultraboost-5x-femme\/#breadcrumb\",\"itemListElement\":[{\"@type\":\"ListItem\",\"position\":1,\"name\":\"Home\",\"item\":\"https:\/\/www.miomiorun.com\/fr\/home-page\/\"},{\"@type\":\"ListItem\",\"position\":2,\"name\":\"Shop\",\"item\":\"https:\/\/www.miomiorun.com\/shop\/\"},{\"@type\":\"ListItem\",\"position\":3,\"name\":\"Ultraboost 5X femme\"}]},{\"@type\":\"WebSite\",\"@id\":\"https:\/\/www.miomiorun.com\/fr\/#website\",\"url\":\"https:\/\/www.miomiorun.com\/fr\/\",\"name\":\"MioMioRun\",\"description\":\"Boutique 100% running et trail\",\"publisher\":{\"@id\":\"https:\/\/www.miomiorun.com\/fr\/#organization\"},\"potentialAction\":[{\"@type\":\"SearchAction\",\"target\":{\"@type\":\"EntryPoint\",\"urlTemplate\":\"https:\/\/www.miomiorun.com\/fr\/?s={search_term_string}\"},\"query-input\":{\"@type\":\"PropertyValueSpecification\",\"valueRequired\":true,\"valueName\":\"search_term_string\"}}],\"inLanguage\":\"fr-FR\"},{\"@type\":\"Organization\",\"@id\":\"https:\/\/www.miomiorun.com\/fr\/#organization\",\"name\":\"MioMio Run\",\"url\":\"https:\/\/www.miomiorun.com\/fr\/\",\"logo\":{\"@type\":\"ImageObject\",\"inLanguage\":\"fr-FR\",\"@id\":\"https:\/\/www.miomiorun.com\/fr\/#\/schema\/logo\/image\/\",\"url\":\"https:\/\/www.miomiorun.com\/app\/uploads\/2019\/12\/logomio.png\",\"contentUrl\":\"https:\/\/www.miomiorun.com\/app\/uploads\/2019\/12\/logomio.png\",\"width\":115,\"height\":82,\"caption\":\"MioMio Run\"},\"image\":{\"@id\":\"https:\/\/www.miomiorun.com\/fr\/#\/schema\/logo\/image\/\"},\"sameAs\":[\"https:\/\/www.facebook.com\/miomiorun\/\",\"https:\/\/www.instagram.com\/miomiorun\/\"]}]}<\/script>\n<!-- \/ Yoast SEO plugin. -->","yoast_head_json":{"title":"Adidas Ultraboost 5X femme - chaussures de course - MioMioRun.com","description":"La chaussure Ultraboost 5x pour femme utilise la technologie BOOST la plus l\u00e9g\u00e8re jamais utilis\u00e9e, qui garantit un retour d'\u00e9nergie constant kilom\u00e8tre apr\u00e8s kilom\u00e8tre.","robots":{"index":"index","follow":"follow","max-snippet":"max-snippet:-1","max-image-preview":"max-image-preview:large","max-video-preview":"max-video-preview:-1"},"canonical":"https:\/\/www.miomiorun.com\/fr\/produit\/ultraboost-5x-femme\/","og_locale":"fr_FR","og_type":"article","og_title":"Adidas Ultraboost 5X femme - chaussures de course - MioMioRun.com","og_description":"La chaussure Ultraboost 5x pour femme utilise la technologie BOOST la plus l\u00e9g\u00e8re jamais utilis\u00e9e, qui garantit un retour d'\u00e9nergie constant kilom\u00e8tre apr\u00e8s kilom\u00e8tre.","og_url":"https:\/\/www.miomiorun.com\/fr\/produit\/ultraboost-5x-femme\/","og_site_name":"MioMioRun","article_publisher":"https:\/\/www.facebook.com\/miomiorun\/","article_modified_time":"2025-08-02T19:00:57+00:00","og_image":[{"width":720,"height":720,"url":"https:\/\/www.miomiorun.com\/app\/uploads\/2025\/10\/adidas-Ultraboost-5X-W-dshgry-purbur-seblbu-JQ8083.webp","type":"image\/webp"}],"twitter_card":"summary_large_image","twitter_misc":{"Est. reading time":"2 minutes"},"schema":{"@context":"https:\/\/schema.org","@graph":[{"@type":"WebPage","@id":"https:\/\/www.miomiorun.com\/fr\/produit\/ultraboost-5x-femme\/","url":"https:\/\/www.miomiorun.com\/fr\/produit\/ultraboost-5x-femme\/","name":"Adidas Ultraboost 5X femme - chaussures de course - MioMioRun.com","isPartOf":{"@id":"https:\/\/www.miomiorun.com\/fr\/#website"},"primaryImageOfPage":{"@id":"https:\/\/www.miomiorun.com\/fr\/produit\/ultraboost-5x-femme\/#primaryimage"},"image":{"@id":"https:\/\/www.miomiorun.com\/fr\/produit\/ultraboost-5x-femme\/#primaryimage"},"thumbnailUrl":"https:\/\/www.miomiorun.com\/app\/uploads\/2025\/10\/adidas-Ultraboost-5X-W-dshgry-purbur-seblbu-JQ8083.webp","datePublished":"2024-10-12T16:20:43+00:00","dateModified":"2025-08-02T19:00:57+00:00","description":"La chaussure Ultraboost 5x pour femme utilise la technologie BOOST la plus l\u00e9g\u00e8re jamais utilis\u00e9e, qui garantit un retour d'\u00e9nergie constant kilom\u00e8tre apr\u00e8s kilom\u00e8tre.","breadcrumb":{"@id":"https:\/\/www.miomiorun.com\/fr\/produit\/ultraboost-5x-femme\/#breadcrumb"},"inLanguage":"fr-FR","potentialAction":[{"@type":"ReadAction","target":["https:\/\/www.miomiorun.com\/fr\/produit\/ultraboost-5x-femme\/"]}]},{"@type":"ImageObject","inLanguage":"fr-FR","@id":"https:\/\/www.miomiorun.com\/fr\/produit\/ultraboost-5x-femme\/#primaryimage","url":"https:\/\/www.miomiorun.com\/app\/uploads\/2025\/10\/adidas-Ultraboost-5X-W-dshgry-purbur-seblbu-JQ8083.webp","contentUrl":"https:\/\/www.miomiorun.com\/app\/uploads\/2025\/10\/adidas-Ultraboost-5X-W-dshgry-purbur-seblbu-JQ8083.webp","width":720,"height":720,"caption":"adidas Ultraboost 5X W dshgry purbur seblbu JQ8083"},{"@type":"BreadcrumbList","@id":"https:\/\/www.miomiorun.com\/fr\/produit\/ultraboost-5x-femme\/#breadcrumb","itemListElement":[{"@type":"ListItem","position":1,"name":"Home","item":"https:\/\/www.miomiorun.com\/fr\/home-page\/"},{"@type":"ListItem","position":2,"name":"Shop","item":"https:\/\/www.miomiorun.com\/shop\/"},{"@type":"ListItem","position":3,"name":"Ultraboost 5X femme"}]},{"@type":"WebSite","@id":"https:\/\/www.miomiorun.com\/fr\/#website","url":"https:\/\/www.miomiorun.com\/fr\/","name":"MioMioRun","description":"Boutique 100% running et trail","publisher":{"@id":"https:\/\/www.miomiorun.com\/fr\/#organization"},"potentialAction":[{"@type":"SearchAction","target":{"@type":"EntryPoint","urlTemplate":"https:\/\/www.miomiorun.com\/fr\/?s={search_term_string}"},"query-input":{"@type":"PropertyValueSpecification","valueRequired":true,"valueName":"search_term_string"}}],"inLanguage":"fr-FR"},{"@type":"Organization","@id":"https:\/\/www.miomiorun.com\/fr\/#organization","name":"MioMio Run","url":"https:\/\/www.miomiorun.com\/fr\/","logo":{"@type":"ImageObject","inLanguage":"fr-FR","@id":"https:\/\/www.miomiorun.com\/fr\/#\/schema\/logo\/image\/","url":"https:\/\/www.miomiorun.com\/app\/uploads\/2019\/12\/logomio.png","contentUrl":"https:\/\/www.miomiorun.com\/app\/uploads\/2019\/12\/logomio.png","width":115,"height":82,"caption":"MioMio Run"},"image":{"@id":"https:\/\/www.miomiorun.com\/fr\/#\/schema\/logo\/image\/"},"sameAs":["https:\/\/www.facebook.com\/miomiorun\/","https:\/\/www.instagram.com\/miomiorun\/"]}]}},"_links":{"self":[{"href":"https:\/\/www.miomiorun.com\/fr\/wp-json\/wp\/v2\/product\/295375","targetHints":{"allow":["GET"]}}],"collection":[{"href":"https:\/\/www.miomiorun.com\/fr\/wp-json\/wp\/v2\/product"}],"about":[{"href":"https:\/\/www.miomiorun.com\/fr\/wp-json\/wp\/v2\/types\/product"}],"wp:featuredmedia":[{"embeddable":true,"href":"https:\/\/www.miomiorun.com\/fr\/wp-json\/wp\/v2\/media\/356309"}],"wp:attachment":[{"href":"https:\/\/www.miomiorun.com\/fr\/wp-json\/wp\/v2\/media?parent=295375"}],"wp:term":[{"taxonomy":"product_brand","embeddable":true,"href":"https:\/\/www.miomiorun.com\/fr\/wp-json\/wp\/v2\/product_brand?post=295375"},{"taxonomy":"product_cat","embeddable":true,"href":"https:\/\/www.miomiorun.com\/fr\/wp-json\/wp\/v2\/product_cat?post=295375"},{"taxonomy":"product_tag","embeddable":true,"href":"https:\/\/www.miomiorun.com\/fr\/wp-json\/wp\/v2\/product_tag?post=295375"}],"curies":[{"name":"wp","href":"https:\/\/api.w.org\/{rel}","templated":true}]}}