{"id":295361,"date":"2024-10-15T13:32:13","date_gmt":"2024-10-15T11:32:13","guid":{"rendered":"https:\/\/miomiorun.com\/prodotto\/z-n-e-full-zip-hooded-uomo\/"},"modified":"2026-05-08T19:58:33","modified_gmt":"2026-05-08T17:58:33","slug":"z-n-e-full-zip-hooded-homme","status":"publish","type":"product","link":"https:\/\/www.miomiorun.com\/fr\/produit\/z-n-e-full-zip-hooded-homme\/","title":{"rendered":"Z.N.E Full Zip Hooded homme"},"content":{"rendered":"<div class=\"vc-row container\"><div class=\"vc-column\"><div class=\"vc-column-text\"><\/p>\n<div class=\"text-content___13aRm\">\n<h3 class=\"subtitle___9ljbp\" style=\"text-align: center;\">Veste adidas Z.N.E. en version masculine pour ceux qui veulent savourer pleinement chaque moment de silence.<\/h3>\n<p class=\"gl-vspace\" style=\"text-align: left;\">Fermez la fermeture \u00e9clair et concentrez-vous sur le meilleur avec ce sweat adidas. La construction en double fil \u00e0 trois couches conserve la chaleur, tandis que la capuche offre une couverture compl\u00e8te pour vous isoler du monde qui vous entoure lorsque vous avez besoin d&#8217;un peu de temps pour vous.<\/p>\n<h3>Caract\u00e9ristiques :<\/h3>\n<ul class=\"gl-list\">\n<li class=\"gl-vspace-bpall-small\">Coupe r\u00e9guli\u00e8re<\/li>\n<li class=\"gl-vspace-bpall-small\">Fermeture \u00e0 glissi\u00e8re et capuche<\/li>\n<li class=\"gl-vspace-bpall-small\">57% polyester (recycl\u00e9) \/ 43% coton<\/li>\n<li class=\"gl-vspace-bpall-small\">Poches zipp\u00e9es sur le devant<\/li>\n<li class=\"gl-vspace-bpall-small\">Tissu trois couches<\/li>\n<\/ul>\n<h2 style=\"text-align: center;\">Technologies :<\/h2>\n<div class=\"_cell_1l2ee_18 _with-content_1l2ee_27\" data-auto-id=\"bs-body\">\n<div class=\"_banner-split_1l2ee_31 _color-theme-white_1l2ee_110\">\n<h2 class=\"_banner-split-title_1l2ee_68 _dynamic-alignment_1l2ee_123\" data-auto-id=\"bs-title\">PRIMEKNIT<\/h2>\n<p class=\"_banner-split-summary_1l2ee_92 _dynamic-alignment_1l2ee_123\" data-auto-id=\"bs-summary\">Tissu 3 couches avec int\u00e9rieur en maille technique pour le confort, la chaleur et la l\u00e9g\u00e8ret\u00e9 combin\u00e9s \u00e0 un look sportif unique.<\/p>\n<div class=\"_cell_1l2ee_18 _with-content_1l2ee_27\" data-auto-id=\"bs-body\">\n<div class=\"_banner-split_1l2ee_31 _color-theme-white_1l2ee_110\">\n<h2 class=\"_banner-split-title_1l2ee_68 _dynamic-alignment_1l2ee_123\" data-auto-id=\"bs-title\">BANDE SPORTSWEAR<\/h2>\n<p class=\"_banner-split-summary_1l2ee_92 _dynamic-alignment_1l2ee_123\" data-auto-id=\"bs-summary\">Les bandes graphiques Sportswear s&#8217;inspirent des lignes qui d\u00e9limitent les terrains de jeu dans le monde entier, symbolisant l&#8217;unit\u00e9 mondiale par le sport.<\/p>\n<div class=\"_cell_1l2ee_18 _with-content_1l2ee_27\" data-auto-id=\"bs-body\">\n<div class=\"_banner-split_1l2ee_31 _color-theme-white_1l2ee_110\">\n<h2 class=\"_banner-split-title_1l2ee_68 _dynamic-alignment_1l2ee_123\" data-auto-id=\"bs-title\">D\u00c9TAILS HAUT DE GAMME<\/h2>\n<p class=\"_banner-split-summary_1l2ee_92 _dynamic-alignment_1l2ee_123\" data-auto-id=\"bs-summary\">Avec des fermetures \u00e9clair, des tirettes et des cordons en caoutchouc mat contrastant, il suffit d&#8217;un instant pour enfiler vos v\u00eatements ADIDAS Z.N.E., fermer la fermeture \u00e9clair et avoir l&#8217;impression de faire partie de l&#8217;\u00e9quipe.<\/p>\n<\/div>\n<\/div>\n<\/div>\n<\/div>\n<\/div>\n<\/div>\n<\/div>\n<h4 class=\"care-title___2YJe1 gl-no-margin-bottom\">Instructions de lavage<\/h4>\n<ul class=\"\">\n<li class=\"gl-vspace-bpall-small\"><img loading=\"lazy\" decoding=\"async\" src=\"https:\/\/www.adidas.it\/glass\/react\/050cc48\/assets\/img\/washing-instructions\/B1.svg\" alt=\"\" width=\"24\" height=\"24\" \/> Ne pas javelliser<\/li>\n<li class=\"gl-vspace-bpall-small\"><img loading=\"lazy\" decoding=\"async\" src=\"https:\/\/www.adidas.it\/glass\/react\/050cc48\/assets\/img\/washing-instructions\/C2.svg\" alt=\"\" width=\"24\" height=\"24\" \/> Utiliser un s\u00e8che-linge \u00e0 basse temp\u00e9rature<\/li>\n<li class=\"gl-vspace-bpall-small\"><img loading=\"lazy\" decoding=\"async\" src=\"https:\/\/www.adidas.it\/glass\/react\/050cc48\/assets\/img\/washing-instructions\/E1.svg\" alt=\"\" width=\"24\" height=\"24\" \/> Ne pas nettoyer \u00e0 sec<\/li>\n<li class=\"gl-vspace-bpall-small\"><img loading=\"lazy\" decoding=\"async\" src=\"https:\/\/www.adidas.it\/glass\/react\/050cc48\/assets\/img\/washing-instructions\/D2.svg\" alt=\"\" width=\"24\" height=\"24\" \/> Repassage doux \u00e0 froid<\/li>\n<li class=\"gl-vspace-bpall-small\"><img loading=\"lazy\" decoding=\"async\" src=\"https:\/\/www.adidas.it\/glass\/react\/050cc48\/assets\/img\/washing-instructions\/A4.svg\" alt=\"\" width=\"24\" height=\"24\" \/> Lavage en machine au cycle d\u00e9licat et \u00e0 l&#8217;eau froide<\/li>\n<\/ul>\n<div class=\"text-content___13aRm\">\n<div class=\"_cell_1l2ee_18 _with-content_1l2ee_27\" data-auto-id=\"bs-body\">\n<div class=\"_banner-split_1l2ee_31 _color-theme-white_1l2ee_110\">\n<div class=\"_cell_1l2ee_18 _with-content_1l2ee_27\" data-auto-id=\"bs-body\">\n<div class=\"_banner-split_1l2ee_31 _color-theme-white_1l2ee_110\">\n<div class=\"_cell_1l2ee_18 _with-content_1l2ee_27\" data-auto-id=\"bs-body\">\n<div class=\"_banner-split_1l2ee_31 _color-theme-white_1l2ee_110\">\n<p data-auto-id=\"bs-summary\">\n<\/div>\n<\/div>\n<\/div>\n<\/div>\n<\/div>\n<\/div>\n<\/div>\n<p><\/div><\/div><\/div>\n","protected":false},"excerpt":{"rendered":"<ul>\n<li>Sweat \u00e0 capuche \u00e0 manches longues.<\/li>\n<li>Id\u00e9al \u00e0 porter lors de toutes activit\u00e9s ext\u00e9rieures ou en journ\u00e9e pour un style sportif.<\/li>\n<\/ul>\n","protected":false},"featured_media":249868,"template":"","meta":{"_acf_changed":false,"inline_featured_image":false},"product_brand":[],"product_cat":[24478,24482],"product_tag":[23557,23564],"class_list":{"0":"post-295361","1":"product","2":"type-product","3":"status-publish","4":"has-post-thumbnail","6":"product_cat-maillots-fr-2","7":"product_cat-vetements-pour-hommes-fr","8":"product_tag-adidas-fr","9":"product_tag-adidas-homme","10":"pa_attivita-fitness-fr","11":"pa_attivita-lifestyle-fr","12":"pa_colore-m-z-n-e-fz-aurivy-fr","13":"pa_colore-m-z-n-e-fz-grey-fr","14":"pa_marca-adidas-fr","15":"pa_sesso-homme","16":"pa_size-extra-small-fr","17":"pa_size-small-fr","18":"pa_size-medium-fr","19":"pa_size-large-fr","21":"first","22":"instock","23":"sale","24":"taxable","25":"shipping-taxable","26":"purchasable","27":"product-type-variable","28":"wvs-archive-product-wrapper"},"acf":[],"yoast_head":"<!-- This site is optimized with the Yoast SEO plugin v26.8 - https:\/\/yoast.com\/product\/yoast-seo-wordpress\/ -->\n<title>Adidas Z.N.E Full Zip Hooded homme - sweatshirt \u00e0 capuche - MioMioRun.com<\/title>\n<meta name=\"description\" content=\"La veste adidas Z.N.E. en version masculine pour ceux qui veulent savourer pleinement chaque moment de silence. Fermez la fermeture \u00e9clair et concentrez-vous au maximum.\" \/>\n<meta name=\"robots\" content=\"index, follow, max-snippet:-1, max-image-preview:large, max-video-preview:-1\" \/>\n<link rel=\"canonical\" href=\"https:\/\/www.miomiorun.com\/fr\/produit\/z-n-e-full-zip-hooded-homme\/\" \/>\n<meta property=\"og:locale\" content=\"fr_FR\" \/>\n<meta property=\"og:type\" content=\"article\" \/>\n<meta property=\"og:title\" content=\"Adidas Z.N.E Full Zip Hooded homme - sweatshirt \u00e0 capuche - MioMioRun.com\" \/>\n<meta property=\"og:description\" content=\"La veste adidas Z.N.E. en version masculine pour ceux qui veulent savourer pleinement chaque moment de silence. Fermez la fermeture \u00e9clair et concentrez-vous au maximum.\" \/>\n<meta property=\"og:url\" content=\"https:\/\/www.miomiorun.com\/fr\/produit\/z-n-e-full-zip-hooded-homme\/\" \/>\n<meta property=\"og:site_name\" content=\"MioMioRun\" \/>\n<meta property=\"article:publisher\" content=\"https:\/\/www.facebook.com\/miomiorun\/\" \/>\n<meta property=\"article:modified_time\" content=\"2026-05-08T17:58:33+00:00\" \/>\n<meta property=\"og:image\" content=\"https:\/\/www.miomiorun.com\/app\/uploads\/2024\/10\/adidas-M-Z.N.E.-FZ-grey-JF2450.webp\" \/>\n\t<meta property=\"og:image:width\" content=\"600\" \/>\n\t<meta property=\"og:image:height\" content=\"600\" \/>\n\t<meta property=\"og:image:type\" content=\"image\/webp\" \/>\n<meta name=\"twitter:card\" content=\"summary_large_image\" \/>\n<meta name=\"twitter:label1\" content=\"Est. reading time\" \/>\n\t<meta name=\"twitter:data1\" content=\"1 minute\" \/>\n<script type=\"application\/ld+json\" class=\"yoast-schema-graph\">{\"@context\":\"https:\/\/schema.org\",\"@graph\":[{\"@type\":\"WebPage\",\"@id\":\"https:\/\/www.miomiorun.com\/fr\/produit\/z-n-e-full-zip-hooded-homme\/\",\"url\":\"https:\/\/www.miomiorun.com\/fr\/produit\/z-n-e-full-zip-hooded-homme\/\",\"name\":\"Adidas Z.N.E Full Zip Hooded homme - sweatshirt \u00e0 capuche - MioMioRun.com\",\"isPartOf\":{\"@id\":\"https:\/\/www.miomiorun.com\/fr\/#website\"},\"primaryImageOfPage\":{\"@id\":\"https:\/\/www.miomiorun.com\/fr\/produit\/z-n-e-full-zip-hooded-homme\/#primaryimage\"},\"image\":{\"@id\":\"https:\/\/www.miomiorun.com\/fr\/produit\/z-n-e-full-zip-hooded-homme\/#primaryimage\"},\"thumbnailUrl\":\"https:\/\/www.miomiorun.com\/app\/uploads\/2024\/10\/adidas-M-Z.N.E.-FZ-grey-JF2450.webp\",\"datePublished\":\"2024-10-15T11:32:13+00:00\",\"dateModified\":\"2026-05-08T17:58:33+00:00\",\"description\":\"La veste adidas Z.N.E. en version masculine pour ceux qui veulent savourer pleinement chaque moment de silence. Fermez la fermeture \u00e9clair et concentrez-vous au maximum.\",\"breadcrumb\":{\"@id\":\"https:\/\/www.miomiorun.com\/fr\/produit\/z-n-e-full-zip-hooded-homme\/#breadcrumb\"},\"inLanguage\":\"fr-FR\",\"potentialAction\":[{\"@type\":\"ReadAction\",\"target\":[\"https:\/\/www.miomiorun.com\/fr\/produit\/z-n-e-full-zip-hooded-homme\/\"]}]},{\"@type\":\"ImageObject\",\"inLanguage\":\"fr-FR\",\"@id\":\"https:\/\/www.miomiorun.com\/fr\/produit\/z-n-e-full-zip-hooded-homme\/#primaryimage\",\"url\":\"https:\/\/www.miomiorun.com\/app\/uploads\/2024\/10\/adidas-M-Z.N.E.-FZ-grey-JF2450.webp\",\"contentUrl\":\"https:\/\/www.miomiorun.com\/app\/uploads\/2024\/10\/adidas-M-Z.N.E.-FZ-grey-JF2450.webp\",\"width\":600,\"height\":600,\"caption\":\"adidas M Z.N.E. FZ grey JF2450\"},{\"@type\":\"BreadcrumbList\",\"@id\":\"https:\/\/www.miomiorun.com\/fr\/produit\/z-n-e-full-zip-hooded-homme\/#breadcrumb\",\"itemListElement\":[{\"@type\":\"ListItem\",\"position\":1,\"name\":\"Home\",\"item\":\"https:\/\/www.miomiorun.com\/fr\/home-page\/\"},{\"@type\":\"ListItem\",\"position\":2,\"name\":\"Shop\",\"item\":\"https:\/\/www.miomiorun.com\/shop\/\"},{\"@type\":\"ListItem\",\"position\":3,\"name\":\"Z.N.E Full Zip Hooded homme\"}]},{\"@type\":\"WebSite\",\"@id\":\"https:\/\/www.miomiorun.com\/fr\/#website\",\"url\":\"https:\/\/www.miomiorun.com\/fr\/\",\"name\":\"MioMioRun\",\"description\":\"Boutique 100% running et trail\",\"publisher\":{\"@id\":\"https:\/\/www.miomiorun.com\/fr\/#organization\"},\"potentialAction\":[{\"@type\":\"SearchAction\",\"target\":{\"@type\":\"EntryPoint\",\"urlTemplate\":\"https:\/\/www.miomiorun.com\/fr\/?s={search_term_string}\"},\"query-input\":{\"@type\":\"PropertyValueSpecification\",\"valueRequired\":true,\"valueName\":\"search_term_string\"}}],\"inLanguage\":\"fr-FR\"},{\"@type\":\"Organization\",\"@id\":\"https:\/\/www.miomiorun.com\/fr\/#organization\",\"name\":\"MioMio Run\",\"url\":\"https:\/\/www.miomiorun.com\/fr\/\",\"logo\":{\"@type\":\"ImageObject\",\"inLanguage\":\"fr-FR\",\"@id\":\"https:\/\/www.miomiorun.com\/fr\/#\/schema\/logo\/image\/\",\"url\":\"https:\/\/www.miomiorun.com\/app\/uploads\/2019\/12\/logomio.png\",\"contentUrl\":\"https:\/\/www.miomiorun.com\/app\/uploads\/2019\/12\/logomio.png\",\"width\":115,\"height\":82,\"caption\":\"MioMio Run\"},\"image\":{\"@id\":\"https:\/\/www.miomiorun.com\/fr\/#\/schema\/logo\/image\/\"},\"sameAs\":[\"https:\/\/www.facebook.com\/miomiorun\/\",\"https:\/\/www.instagram.com\/miomiorun\/\"]}]}<\/script>\n<!-- \/ Yoast SEO plugin. -->","yoast_head_json":{"title":"Adidas Z.N.E Full Zip Hooded homme - sweatshirt \u00e0 capuche - MioMioRun.com","description":"La veste adidas Z.N.E. en version masculine pour ceux qui veulent savourer pleinement chaque moment de silence. Fermez la fermeture \u00e9clair et concentrez-vous au maximum.","robots":{"index":"index","follow":"follow","max-snippet":"max-snippet:-1","max-image-preview":"max-image-preview:large","max-video-preview":"max-video-preview:-1"},"canonical":"https:\/\/www.miomiorun.com\/fr\/produit\/z-n-e-full-zip-hooded-homme\/","og_locale":"fr_FR","og_type":"article","og_title":"Adidas Z.N.E Full Zip Hooded homme - sweatshirt \u00e0 capuche - MioMioRun.com","og_description":"La veste adidas Z.N.E. en version masculine pour ceux qui veulent savourer pleinement chaque moment de silence. Fermez la fermeture \u00e9clair et concentrez-vous au maximum.","og_url":"https:\/\/www.miomiorun.com\/fr\/produit\/z-n-e-full-zip-hooded-homme\/","og_site_name":"MioMioRun","article_publisher":"https:\/\/www.facebook.com\/miomiorun\/","article_modified_time":"2026-05-08T17:58:33+00:00","og_image":[{"width":600,"height":600,"url":"https:\/\/www.miomiorun.com\/app\/uploads\/2024\/10\/adidas-M-Z.N.E.-FZ-grey-JF2450.webp","type":"image\/webp"}],"twitter_card":"summary_large_image","twitter_misc":{"Est. reading time":"1 minute"},"schema":{"@context":"https:\/\/schema.org","@graph":[{"@type":"WebPage","@id":"https:\/\/www.miomiorun.com\/fr\/produit\/z-n-e-full-zip-hooded-homme\/","url":"https:\/\/www.miomiorun.com\/fr\/produit\/z-n-e-full-zip-hooded-homme\/","name":"Adidas Z.N.E Full Zip Hooded homme - sweatshirt \u00e0 capuche - MioMioRun.com","isPartOf":{"@id":"https:\/\/www.miomiorun.com\/fr\/#website"},"primaryImageOfPage":{"@id":"https:\/\/www.miomiorun.com\/fr\/produit\/z-n-e-full-zip-hooded-homme\/#primaryimage"},"image":{"@id":"https:\/\/www.miomiorun.com\/fr\/produit\/z-n-e-full-zip-hooded-homme\/#primaryimage"},"thumbnailUrl":"https:\/\/www.miomiorun.com\/app\/uploads\/2024\/10\/adidas-M-Z.N.E.-FZ-grey-JF2450.webp","datePublished":"2024-10-15T11:32:13+00:00","dateModified":"2026-05-08T17:58:33+00:00","description":"La veste adidas Z.N.E. en version masculine pour ceux qui veulent savourer pleinement chaque moment de silence. Fermez la fermeture \u00e9clair et concentrez-vous au maximum.","breadcrumb":{"@id":"https:\/\/www.miomiorun.com\/fr\/produit\/z-n-e-full-zip-hooded-homme\/#breadcrumb"},"inLanguage":"fr-FR","potentialAction":[{"@type":"ReadAction","target":["https:\/\/www.miomiorun.com\/fr\/produit\/z-n-e-full-zip-hooded-homme\/"]}]},{"@type":"ImageObject","inLanguage":"fr-FR","@id":"https:\/\/www.miomiorun.com\/fr\/produit\/z-n-e-full-zip-hooded-homme\/#primaryimage","url":"https:\/\/www.miomiorun.com\/app\/uploads\/2024\/10\/adidas-M-Z.N.E.-FZ-grey-JF2450.webp","contentUrl":"https:\/\/www.miomiorun.com\/app\/uploads\/2024\/10\/adidas-M-Z.N.E.-FZ-grey-JF2450.webp","width":600,"height":600,"caption":"adidas M Z.N.E. FZ grey JF2450"},{"@type":"BreadcrumbList","@id":"https:\/\/www.miomiorun.com\/fr\/produit\/z-n-e-full-zip-hooded-homme\/#breadcrumb","itemListElement":[{"@type":"ListItem","position":1,"name":"Home","item":"https:\/\/www.miomiorun.com\/fr\/home-page\/"},{"@type":"ListItem","position":2,"name":"Shop","item":"https:\/\/www.miomiorun.com\/shop\/"},{"@type":"ListItem","position":3,"name":"Z.N.E Full Zip Hooded homme"}]},{"@type":"WebSite","@id":"https:\/\/www.miomiorun.com\/fr\/#website","url":"https:\/\/www.miomiorun.com\/fr\/","name":"MioMioRun","description":"Boutique 100% running et trail","publisher":{"@id":"https:\/\/www.miomiorun.com\/fr\/#organization"},"potentialAction":[{"@type":"SearchAction","target":{"@type":"EntryPoint","urlTemplate":"https:\/\/www.miomiorun.com\/fr\/?s={search_term_string}"},"query-input":{"@type":"PropertyValueSpecification","valueRequired":true,"valueName":"search_term_string"}}],"inLanguage":"fr-FR"},{"@type":"Organization","@id":"https:\/\/www.miomiorun.com\/fr\/#organization","name":"MioMio Run","url":"https:\/\/www.miomiorun.com\/fr\/","logo":{"@type":"ImageObject","inLanguage":"fr-FR","@id":"https:\/\/www.miomiorun.com\/fr\/#\/schema\/logo\/image\/","url":"https:\/\/www.miomiorun.com\/app\/uploads\/2019\/12\/logomio.png","contentUrl":"https:\/\/www.miomiorun.com\/app\/uploads\/2019\/12\/logomio.png","width":115,"height":82,"caption":"MioMio Run"},"image":{"@id":"https:\/\/www.miomiorun.com\/fr\/#\/schema\/logo\/image\/"},"sameAs":["https:\/\/www.facebook.com\/miomiorun\/","https:\/\/www.instagram.com\/miomiorun\/"]}]}},"_links":{"self":[{"href":"https:\/\/www.miomiorun.com\/fr\/wp-json\/wp\/v2\/product\/295361","targetHints":{"allow":["GET"]}}],"collection":[{"href":"https:\/\/www.miomiorun.com\/fr\/wp-json\/wp\/v2\/product"}],"about":[{"href":"https:\/\/www.miomiorun.com\/fr\/wp-json\/wp\/v2\/types\/product"}],"wp:featuredmedia":[{"embeddable":true,"href":"https:\/\/www.miomiorun.com\/fr\/wp-json\/wp\/v2\/media\/249868"}],"wp:attachment":[{"href":"https:\/\/www.miomiorun.com\/fr\/wp-json\/wp\/v2\/media?parent=295361"}],"wp:term":[{"taxonomy":"product_brand","embeddable":true,"href":"https:\/\/www.miomiorun.com\/fr\/wp-json\/wp\/v2\/product_brand?post=295361"},{"taxonomy":"product_cat","embeddable":true,"href":"https:\/\/www.miomiorun.com\/fr\/wp-json\/wp\/v2\/product_cat?post=295361"},{"taxonomy":"product_tag","embeddable":true,"href":"https:\/\/www.miomiorun.com\/fr\/wp-json\/wp\/v2\/product_tag?post=295361"}],"curies":[{"name":"wp","href":"https:\/\/api.w.org\/{rel}","templated":true}]}}