{"id":295289,"date":"2024-10-15T17:18:01","date_gmt":"2024-10-15T15:18:01","guid":{"rendered":"https:\/\/miomiorun.com\/prodotto\/tour-long-sleeve-donna\/"},"modified":"2026-05-08T22:15:22","modified_gmt":"2026-05-08T20:15:22","slug":"tour-long-sleeve-femme","status":"publish","type":"product","link":"https:\/\/www.miomiorun.com\/fr\/produit\/tour-long-sleeve-femme\/","title":{"rendered":"Tour Long Sleeve femme"},"content":{"rendered":"<p>Women&#8217;s <strong>Tour Long Sleeve<\/strong> est la couche de base thermique et respirante avec un traitement antibact\u00e9rien et anti-odeur <strong>Polygiene\u00ae<\/strong> qui permet d&#8217;utiliser le v\u00eatement pendant plusieurs jours sans avoir besoin de le laver.<\/p>\n<p>L&#8217;objectif de La Sportiva a toujours \u00e9t\u00e9 de fournir les meilleurs produits pour ceux qui vivent la montagne dans toutes les situations. A chaque besoin correspond un produit avec des caract\u00e9ristiques techniques sp\u00e9cifiques.<br \/>\n<strong>Tour Long Sleeve <\/strong>est un v\u00eatement caract\u00e9ris\u00e9 par :<\/p>\n<ul>\n<li><strong>Respirabilit\u00e9 : <\/strong>produits hautement respirants pour un confort climatique optimal.<\/li>\n<li><strong>Elasticit\u00e9 : <\/strong>v\u00eatements confortables et r\u00e9actifs garantissant une libert\u00e9 de mouvement maximale.<\/li>\n<li>Slim Fit <strong>: <\/strong>coupe tr\u00e8s ajust\u00e9e pour des performances maximales en comp\u00e9tition.<\/li>\n<li><strong>L\u00e9g\u00e8ret\u00e9 : <\/strong>Produits dont le poids est r\u00e9duit au minimum.<\/li>\n<\/ul>\n<h3>Technologies utilis\u00e9es :<\/h3>\n<ul>\n<li><strong> Polygiene : <\/strong>Anti-bact\u00e9rien et anti-odeur La technologie Polygiene\u00ae est un traitement durable et efficace qui utilise des sels d&#8217;argent pour emp\u00eacher la formation de bact\u00e9ries responsables des odeurs. R\u00e9sultat ? Les v\u00eatements peuvent \u00eatre port\u00e9s plus longtemps sans \u00eatre lav\u00e9s.<\/li>\n<li><strong>L1 &#8211; Couche de base : <\/strong>Couche en contact direct avec la peau. Elle favorise l&#8217;\u00e9limination de la transpiration pour un meilleur confort climatique pendant l&#8217;activit\u00e9 physique.<\/li>\n<li>Recycl\u00e9 <strong>: <\/strong>La Sportiva introduit des fibres et des rembourrages issus de la r\u00e9utilisation de polyester recycl\u00e9 et certifi\u00e9 RePET\u00ae, issu du recyclage de bouteilles en plastique en fin de vie.<\/li>\n<\/ul>\n<p>&nbsp;<\/p>\n<p>&nbsp;<\/p>\n<p>&nbsp;<\/p>\n","protected":false},"excerpt":{"rendered":"<p>Women&#8217;s Tour Long Sleeve est la couche de base thermique et respirante avec un traitement antibact\u00e9rien et anti-odeur Polygiene\u00ae qui permet d&#8217;utiliser le v\u00eatement pendant plusieurs jours sans avoir besoin de le laver. L&#8217;objectif de La Sportiva a toujours \u00e9t\u00e9 de fournir les meilleurs produits pour ceux qui vivent la montagne dans toutes les situations. &hellip; <a href=\"https:\/\/www.miomiorun.com\/fr\/produit\/tour-long-sleeve-femme\/\">Continued<\/a><\/p>\n","protected":false},"featured_media":249764,"template":"","meta":{"_acf_changed":false,"inline_featured_image":false},"product_brand":[],"product_cat":[22601,22600,22596],"product_tag":[23597,23601],"class_list":{"0":"post-295289","1":"product","2":"type-product","3":"status-publish","4":"has-post-thumbnail","6":"product_cat-maillots","7":"product_cat-sous-vetements","8":"product_cat-vetements-pour-femmes","9":"product_tag-la-sportiva-fr","10":"product_tag-la-sportiva-femme","11":"pa_attivita-outdoor-fr","12":"pa_attivita-trail-fr","13":"pa_colore-tour-long-sleeve-springtime-cherry-tom-w-fr","14":"pa_marca-la-sportiva-fr","15":"pa_sesso-femme","16":"pa_size-extra-small-fr","17":"pa_size-small-fr","18":"pa_size-medium-fr","20":"first","21":"instock","22":"sale","23":"taxable","24":"shipping-taxable","25":"purchasable","26":"product-type-variable","27":"wvs-archive-product-wrapper"},"acf":[],"yoast_head":"<!-- This site is optimized with the Yoast SEO plugin v26.8 - https:\/\/yoast.com\/product\/yoast-seo-wordpress\/ -->\n<title>La Sportiva Tour Long Sleeve femme -T-shirt de course \u00e0 manches longues - MioMioRun<\/title>\n<meta name=\"description\" content=\"Tour Long Sleeve da donna \u00e8 lo strato base, termico e traspirante con trattamento antibatterico ed antiodore Polygiene\u00ae.\" \/>\n<meta name=\"robots\" content=\"index, follow, max-snippet:-1, max-image-preview:large, max-video-preview:-1\" \/>\n<link rel=\"canonical\" href=\"https:\/\/www.miomiorun.com\/fr\/produit\/tour-long-sleeve-femme\/\" \/>\n<meta property=\"og:locale\" content=\"fr_FR\" \/>\n<meta property=\"og:type\" content=\"article\" \/>\n<meta property=\"og:title\" content=\"La Sportiva Tour Long Sleeve femme -T-shirt de course \u00e0 manches longues - MioMioRun\" \/>\n<meta property=\"og:description\" content=\"Tour Long Sleeve da donna \u00e8 lo strato base, termico e traspirante con trattamento antibatterico ed antiodore Polygiene\u00ae.\" \/>\n<meta property=\"og:url\" content=\"https:\/\/www.miomiorun.com\/fr\/produit\/tour-long-sleeve-femme\/\" \/>\n<meta property=\"og:site_name\" content=\"MioMioRun\" \/>\n<meta property=\"article:publisher\" content=\"https:\/\/www.facebook.com\/miomiorun\/\" \/>\n<meta property=\"article:modified_time\" content=\"2026-05-08T20:15:22+00:00\" \/>\n<meta property=\"og:image\" content=\"https:\/\/www.miomiorun.com\/app\/uploads\/2024\/10\/la-sportiva-Tour-long-sleeve-springtime-cherry-tom-W-M31411322.webp\" \/>\n\t<meta property=\"og:image:width\" content=\"600\" \/>\n\t<meta property=\"og:image:height\" content=\"600\" \/>\n\t<meta property=\"og:image:type\" content=\"image\/webp\" \/>\n<meta name=\"twitter:card\" content=\"summary_large_image\" \/>\n<meta name=\"twitter:label1\" content=\"Est. reading time\" \/>\n\t<meta name=\"twitter:data1\" content=\"1 minute\" \/>\n<script type=\"application\/ld+json\" class=\"yoast-schema-graph\">{\"@context\":\"https:\/\/schema.org\",\"@graph\":[{\"@type\":\"WebPage\",\"@id\":\"https:\/\/www.miomiorun.com\/fr\/produit\/tour-long-sleeve-femme\/\",\"url\":\"https:\/\/www.miomiorun.com\/fr\/produit\/tour-long-sleeve-femme\/\",\"name\":\"La Sportiva Tour Long Sleeve femme -T-shirt de course \u00e0 manches longues - MioMioRun\",\"isPartOf\":{\"@id\":\"https:\/\/www.miomiorun.com\/fr\/#website\"},\"primaryImageOfPage\":{\"@id\":\"https:\/\/www.miomiorun.com\/fr\/produit\/tour-long-sleeve-femme\/#primaryimage\"},\"image\":{\"@id\":\"https:\/\/www.miomiorun.com\/fr\/produit\/tour-long-sleeve-femme\/#primaryimage\"},\"thumbnailUrl\":\"https:\/\/www.miomiorun.com\/app\/uploads\/2024\/10\/la-sportiva-Tour-long-sleeve-springtime-cherry-tom-W-M31411322.webp\",\"datePublished\":\"2024-10-15T15:18:01+00:00\",\"dateModified\":\"2026-05-08T20:15:22+00:00\",\"description\":\"Tour Long Sleeve da donna \u00e8 lo strato base, termico e traspirante con trattamento antibatterico ed antiodore Polygiene\u00ae.\",\"breadcrumb\":{\"@id\":\"https:\/\/www.miomiorun.com\/fr\/produit\/tour-long-sleeve-femme\/#breadcrumb\"},\"inLanguage\":\"fr-FR\",\"potentialAction\":[{\"@type\":\"ReadAction\",\"target\":[\"https:\/\/www.miomiorun.com\/fr\/produit\/tour-long-sleeve-femme\/\"]}]},{\"@type\":\"ImageObject\",\"inLanguage\":\"fr-FR\",\"@id\":\"https:\/\/www.miomiorun.com\/fr\/produit\/tour-long-sleeve-femme\/#primaryimage\",\"url\":\"https:\/\/www.miomiorun.com\/app\/uploads\/2024\/10\/la-sportiva-Tour-long-sleeve-springtime-cherry-tom-W-M31411322.webp\",\"contentUrl\":\"https:\/\/www.miomiorun.com\/app\/uploads\/2024\/10\/la-sportiva-Tour-long-sleeve-springtime-cherry-tom-W-M31411322.webp\",\"width\":600,\"height\":600,\"caption\":\"la sportiva Tour long sleeve springtime cherry tom W M31411322\"},{\"@type\":\"BreadcrumbList\",\"@id\":\"https:\/\/www.miomiorun.com\/fr\/produit\/tour-long-sleeve-femme\/#breadcrumb\",\"itemListElement\":[{\"@type\":\"ListItem\",\"position\":1,\"name\":\"Home\",\"item\":\"https:\/\/www.miomiorun.com\/fr\/home-page\/\"},{\"@type\":\"ListItem\",\"position\":2,\"name\":\"Shop\",\"item\":\"https:\/\/www.miomiorun.com\/shop\/\"},{\"@type\":\"ListItem\",\"position\":3,\"name\":\"Tour Long Sleeve femme\"}]},{\"@type\":\"WebSite\",\"@id\":\"https:\/\/www.miomiorun.com\/fr\/#website\",\"url\":\"https:\/\/www.miomiorun.com\/fr\/\",\"name\":\"MioMioRun\",\"description\":\"Boutique 100% running et trail\",\"publisher\":{\"@id\":\"https:\/\/www.miomiorun.com\/fr\/#organization\"},\"potentialAction\":[{\"@type\":\"SearchAction\",\"target\":{\"@type\":\"EntryPoint\",\"urlTemplate\":\"https:\/\/www.miomiorun.com\/fr\/?s={search_term_string}\"},\"query-input\":{\"@type\":\"PropertyValueSpecification\",\"valueRequired\":true,\"valueName\":\"search_term_string\"}}],\"inLanguage\":\"fr-FR\"},{\"@type\":\"Organization\",\"@id\":\"https:\/\/www.miomiorun.com\/fr\/#organization\",\"name\":\"MioMio Run\",\"url\":\"https:\/\/www.miomiorun.com\/fr\/\",\"logo\":{\"@type\":\"ImageObject\",\"inLanguage\":\"fr-FR\",\"@id\":\"https:\/\/www.miomiorun.com\/fr\/#\/schema\/logo\/image\/\",\"url\":\"https:\/\/www.miomiorun.com\/app\/uploads\/2019\/12\/logomio.png\",\"contentUrl\":\"https:\/\/www.miomiorun.com\/app\/uploads\/2019\/12\/logomio.png\",\"width\":115,\"height\":82,\"caption\":\"MioMio Run\"},\"image\":{\"@id\":\"https:\/\/www.miomiorun.com\/fr\/#\/schema\/logo\/image\/\"},\"sameAs\":[\"https:\/\/www.facebook.com\/miomiorun\/\",\"https:\/\/www.instagram.com\/miomiorun\/\"]}]}<\/script>\n<!-- \/ Yoast SEO plugin. -->","yoast_head_json":{"title":"La Sportiva Tour Long Sleeve femme -T-shirt de course \u00e0 manches longues - MioMioRun","description":"Tour Long Sleeve da donna \u00e8 lo strato base, termico e traspirante con trattamento antibatterico ed antiodore Polygiene\u00ae.","robots":{"index":"index","follow":"follow","max-snippet":"max-snippet:-1","max-image-preview":"max-image-preview:large","max-video-preview":"max-video-preview:-1"},"canonical":"https:\/\/www.miomiorun.com\/fr\/produit\/tour-long-sleeve-femme\/","og_locale":"fr_FR","og_type":"article","og_title":"La Sportiva Tour Long Sleeve femme -T-shirt de course \u00e0 manches longues - MioMioRun","og_description":"Tour Long Sleeve da donna \u00e8 lo strato base, termico e traspirante con trattamento antibatterico ed antiodore Polygiene\u00ae.","og_url":"https:\/\/www.miomiorun.com\/fr\/produit\/tour-long-sleeve-femme\/","og_site_name":"MioMioRun","article_publisher":"https:\/\/www.facebook.com\/miomiorun\/","article_modified_time":"2026-05-08T20:15:22+00:00","og_image":[{"width":600,"height":600,"url":"https:\/\/www.miomiorun.com\/app\/uploads\/2024\/10\/la-sportiva-Tour-long-sleeve-springtime-cherry-tom-W-M31411322.webp","type":"image\/webp"}],"twitter_card":"summary_large_image","twitter_misc":{"Est. reading time":"1 minute"},"schema":{"@context":"https:\/\/schema.org","@graph":[{"@type":"WebPage","@id":"https:\/\/www.miomiorun.com\/fr\/produit\/tour-long-sleeve-femme\/","url":"https:\/\/www.miomiorun.com\/fr\/produit\/tour-long-sleeve-femme\/","name":"La Sportiva Tour Long Sleeve femme -T-shirt de course \u00e0 manches longues - MioMioRun","isPartOf":{"@id":"https:\/\/www.miomiorun.com\/fr\/#website"},"primaryImageOfPage":{"@id":"https:\/\/www.miomiorun.com\/fr\/produit\/tour-long-sleeve-femme\/#primaryimage"},"image":{"@id":"https:\/\/www.miomiorun.com\/fr\/produit\/tour-long-sleeve-femme\/#primaryimage"},"thumbnailUrl":"https:\/\/www.miomiorun.com\/app\/uploads\/2024\/10\/la-sportiva-Tour-long-sleeve-springtime-cherry-tom-W-M31411322.webp","datePublished":"2024-10-15T15:18:01+00:00","dateModified":"2026-05-08T20:15:22+00:00","description":"Tour Long Sleeve da donna \u00e8 lo strato base, termico e traspirante con trattamento antibatterico ed antiodore Polygiene\u00ae.","breadcrumb":{"@id":"https:\/\/www.miomiorun.com\/fr\/produit\/tour-long-sleeve-femme\/#breadcrumb"},"inLanguage":"fr-FR","potentialAction":[{"@type":"ReadAction","target":["https:\/\/www.miomiorun.com\/fr\/produit\/tour-long-sleeve-femme\/"]}]},{"@type":"ImageObject","inLanguage":"fr-FR","@id":"https:\/\/www.miomiorun.com\/fr\/produit\/tour-long-sleeve-femme\/#primaryimage","url":"https:\/\/www.miomiorun.com\/app\/uploads\/2024\/10\/la-sportiva-Tour-long-sleeve-springtime-cherry-tom-W-M31411322.webp","contentUrl":"https:\/\/www.miomiorun.com\/app\/uploads\/2024\/10\/la-sportiva-Tour-long-sleeve-springtime-cherry-tom-W-M31411322.webp","width":600,"height":600,"caption":"la sportiva Tour long sleeve springtime cherry tom W M31411322"},{"@type":"BreadcrumbList","@id":"https:\/\/www.miomiorun.com\/fr\/produit\/tour-long-sleeve-femme\/#breadcrumb","itemListElement":[{"@type":"ListItem","position":1,"name":"Home","item":"https:\/\/www.miomiorun.com\/fr\/home-page\/"},{"@type":"ListItem","position":2,"name":"Shop","item":"https:\/\/www.miomiorun.com\/shop\/"},{"@type":"ListItem","position":3,"name":"Tour Long Sleeve femme"}]},{"@type":"WebSite","@id":"https:\/\/www.miomiorun.com\/fr\/#website","url":"https:\/\/www.miomiorun.com\/fr\/","name":"MioMioRun","description":"Boutique 100% running et trail","publisher":{"@id":"https:\/\/www.miomiorun.com\/fr\/#organization"},"potentialAction":[{"@type":"SearchAction","target":{"@type":"EntryPoint","urlTemplate":"https:\/\/www.miomiorun.com\/fr\/?s={search_term_string}"},"query-input":{"@type":"PropertyValueSpecification","valueRequired":true,"valueName":"search_term_string"}}],"inLanguage":"fr-FR"},{"@type":"Organization","@id":"https:\/\/www.miomiorun.com\/fr\/#organization","name":"MioMio Run","url":"https:\/\/www.miomiorun.com\/fr\/","logo":{"@type":"ImageObject","inLanguage":"fr-FR","@id":"https:\/\/www.miomiorun.com\/fr\/#\/schema\/logo\/image\/","url":"https:\/\/www.miomiorun.com\/app\/uploads\/2019\/12\/logomio.png","contentUrl":"https:\/\/www.miomiorun.com\/app\/uploads\/2019\/12\/logomio.png","width":115,"height":82,"caption":"MioMio Run"},"image":{"@id":"https:\/\/www.miomiorun.com\/fr\/#\/schema\/logo\/image\/"},"sameAs":["https:\/\/www.facebook.com\/miomiorun\/","https:\/\/www.instagram.com\/miomiorun\/"]}]}},"_links":{"self":[{"href":"https:\/\/www.miomiorun.com\/fr\/wp-json\/wp\/v2\/product\/295289","targetHints":{"allow":["GET"]}}],"collection":[{"href":"https:\/\/www.miomiorun.com\/fr\/wp-json\/wp\/v2\/product"}],"about":[{"href":"https:\/\/www.miomiorun.com\/fr\/wp-json\/wp\/v2\/types\/product"}],"wp:featuredmedia":[{"embeddable":true,"href":"https:\/\/www.miomiorun.com\/fr\/wp-json\/wp\/v2\/media\/249764"}],"wp:attachment":[{"href":"https:\/\/www.miomiorun.com\/fr\/wp-json\/wp\/v2\/media?parent=295289"}],"wp:term":[{"taxonomy":"product_brand","embeddable":true,"href":"https:\/\/www.miomiorun.com\/fr\/wp-json\/wp\/v2\/product_brand?post=295289"},{"taxonomy":"product_cat","embeddable":true,"href":"https:\/\/www.miomiorun.com\/fr\/wp-json\/wp\/v2\/product_cat?post=295289"},{"taxonomy":"product_tag","embeddable":true,"href":"https:\/\/www.miomiorun.com\/fr\/wp-json\/wp\/v2\/product_tag?post=295289"}],"curies":[{"name":"wp","href":"https:\/\/api.w.org\/{rel}","templated":true}]}}