{"id":295247,"date":"2024-09-19T14:13:40","date_gmt":"2024-09-19T12:13:40","guid":{"rendered":"https:\/\/miomiorun.com\/prodotto\/ride-tr2-gtx-uomo\/"},"modified":"2025-12-21T16:05:13","modified_gmt":"2025-12-21T15:05:13","slug":"ride-tr2-gtx-homme","status":"publish","type":"product","link":"https:\/\/www.miomiorun.com\/fr\/produit\/ride-tr2-gtx-homme\/","title":{"rendered":"Ride TR2 GTX homme"},"content":{"rendered":"<div class=\"vc-row container\"><div class=\"vc-column\"><div class=\"vc-column-text\"><\/p>\n<h4>Caract\u00e9ristiques techniques<\/h4>\n<p>Cat\u00e9gorie : Amortissement structur\u00e9<br \/>\nD\u00e9calage : 8mm (35\/27)<br \/>\nPoids : 296 g<br \/>\nId\u00e9al pour : La Ride est la chaussure id\u00e9ale pour les athl\u00e8tes de poids moyen et de foul\u00e9e moyenne \u00e0 la recherche d&#8217;un excellent amorti pour aborder les entra\u00eenements ou les courses de moyenne \u00e0 longue distance ou les terrains hors route. Elle s&#8217;av\u00e8re \u00e9galement \u00eatre un excellent compagnon de marche. Avec sa tige Gore-Tex imperm\u00e9able, elle est parfaite pour toutes les conditions m\u00e9t\u00e9orologiques.<br \/>\nPoids de l&#8217;athl\u00e8te : 60-70 kg<br \/>\nAllure de course : 5 min\/kg<br \/>\n<a href=\"https:\/\/miomiorun.com\/fr\/guide-des-specificites\/\">Guide des sp\u00e9cifications<\/a><\/p>\n<p><\/div><\/div><div class=\"vc-column\"><div class=\"vc-column-text\"><\/p>\n<div class=\"description\">\n<h2>Courez sans limites et par tous les temps.<\/h2>\n<p>La nouvelle<strong> Ride TR2<\/strong> <strong>GTX<\/strong> pour hommes a \u00e9t\u00e9 con\u00e7ue pour vous apporter du confort et vous permettre d&#8217;atteindre de nouveaux sommets en courant. Elles sont dot\u00e9es d&#8217;un amorti PWRRUN+ extr\u00eamement confortable pour garantir des atterrissages en douceur, quelle que soit la surface sur laquelle vous courez, et d&#8217;une tige Gore-Tex imperm\u00e9able pour vous prot\u00e9ger de la pluie et garder vos pieds au sec.<\/p>\n<\/div>\n<div class=\"description\">\n<h4>Nouveau<\/h4>\n<ul>\n<li>L&#8217;amorti PWRRUN+ extr\u00eamement confortable garantit des atterrissages en douceur, quelle que soit la surface.<\/li>\n<li>Les crampons l\u00e9gers de 3,5 mm sont parfaits pour la route, le sentier et le retour.<\/li>\n<li>Semelle ext\u00e9rieure PWRTRAC pour l&#8217;adh\u00e9rence et la traction sur toutes les surfaces.<\/li>\n<li>Tige en mesh durable pour une protection pr\u00eate \u00e0 l&#8217;emploi.<\/li>\n<li>Tige Gore-Tex imperm\u00e9able pour garder les pieds au sec.<\/li>\n<\/ul>\n<p><strong>Id\u00e9al pour :<\/strong><\/p>\n<ul>\n<li>Les surfaces mixtes : de la route au sentier.<\/li>\n<\/ul>\n<p><strong>Caract\u00e9ristiques :<\/strong><\/p>\n<ul>\n<li>Amortissement:PWRRUN+.<\/li>\n<li>Semelle int\u00e9rieure:PWRRUN+.<\/li>\n<li>Tige en Gore-tex.<\/li>\n<\/ul>\n<p>&nbsp;<\/p>\n<\/div>\n<p><\/div><\/div><\/div>\n","protected":false},"excerpt":{"rendered":"<ul>\n<li>Chaussure id\u00e9ale pour courir sur route et sur chemins de terre.<\/li>\n<li>L\u00e9ger et confortable pour vous permettre de vous d\u00e9passer.<\/li>\n<li>Tige en Gore-Tex pour vous prot\u00e9ger des \u00e9l\u00e9ments.<\/li>\n<\/ul>\n","protected":false},"featured_media":248870,"template":"","meta":{"_acf_changed":false,"inline_featured_image":false},"product_brand":[],"product_cat":[24448,24445,24484],"product_tag":[23579,23546],"class_list":{"0":"post-295247","1":"product","2":"type-product","3":"status-publish","4":"has-post-thumbnail","6":"product_cat-chaussures-pour-hommes-fr","7":"product_cat-trail-fr-3","8":"product_cat-homme","9":"product_tag-saucony-fr","10":"product_tag-saucony-homme","11":"pa_attivita-marcher","12":"pa_attivita-running-fr","13":"pa_attivita-trail-fr","14":"pa_colore-ride-tr2-gtx-regal-black-fr","15":"pa_marca-saucony-fr","16":"pa_sesso-homme","17":"pa_size-42-fr","18":"pa_size-42-5-fr","19":"pa_size-43-fr","20":"pa_size-44-fr","21":"pa_size-45-fr","22":"pa_size-46-fr","24":"first","25":"instock","26":"sale","27":"taxable","28":"shipping-taxable","29":"purchasable","30":"product-type-variable","31":"wvs-archive-product-wrapper"},"acf":[],"yoast_head":"<!-- This site is optimized with the Yoast SEO plugin v26.8 - https:\/\/yoast.com\/product\/yoast-seo-wordpress\/ -->\n<title>Saucony Ride TR2 GTX homme - Chaussures de trail homme - MioMioRun<\/title>\n<meta name=\"description\" content=\"La nouvelle Ride TR2 GTX pour homme a \u00e9t\u00e9 con\u00e7ue pour vous offrir un grand confort et vous permettre d&#039;atteindre de nouveaux sommets en course \u00e0 pied et sous la pluie.\" \/>\n<meta name=\"robots\" content=\"index, follow, max-snippet:-1, max-image-preview:large, max-video-preview:-1\" \/>\n<link rel=\"canonical\" href=\"https:\/\/www.miomiorun.com\/fr\/produit\/ride-tr2-gtx-homme\/\" \/>\n<meta property=\"og:locale\" content=\"fr_FR\" \/>\n<meta property=\"og:type\" content=\"article\" \/>\n<meta property=\"og:title\" content=\"Saucony Ride TR2 GTX homme - Chaussures de trail homme - MioMioRun\" \/>\n<meta property=\"og:description\" content=\"La nouvelle Ride TR2 GTX pour homme a \u00e9t\u00e9 con\u00e7ue pour vous offrir un grand confort et vous permettre d&#039;atteindre de nouveaux sommets en course \u00e0 pied et sous la pluie.\" \/>\n<meta property=\"og:url\" content=\"https:\/\/www.miomiorun.com\/fr\/produit\/ride-tr2-gtx-homme\/\" \/>\n<meta property=\"og:site_name\" content=\"MioMioRun\" \/>\n<meta property=\"article:publisher\" content=\"https:\/\/www.facebook.com\/miomiorun\/\" \/>\n<meta property=\"article:modified_time\" content=\"2025-12-21T15:05:13+00:00\" \/>\n<meta property=\"og:image\" content=\"https:\/\/www.miomiorun.com\/app\/uploads\/2024\/09\/saucony-Ride-TR2-GTX-navy-peel-S20953-251.webp\" \/>\n\t<meta property=\"og:image:width\" content=\"600\" \/>\n\t<meta property=\"og:image:height\" content=\"600\" \/>\n\t<meta property=\"og:image:type\" content=\"image\/webp\" \/>\n<meta name=\"twitter:card\" content=\"summary_large_image\" \/>\n<meta name=\"twitter:label1\" content=\"Est. reading time\" \/>\n\t<meta name=\"twitter:data1\" content=\"2 minutes\" \/>\n<script type=\"application\/ld+json\" class=\"yoast-schema-graph\">{\"@context\":\"https:\/\/schema.org\",\"@graph\":[{\"@type\":\"WebPage\",\"@id\":\"https:\/\/www.miomiorun.com\/fr\/produit\/ride-tr2-gtx-homme\/\",\"url\":\"https:\/\/www.miomiorun.com\/fr\/produit\/ride-tr2-gtx-homme\/\",\"name\":\"Saucony Ride TR2 GTX homme - Chaussures de trail homme - MioMioRun\",\"isPartOf\":{\"@id\":\"https:\/\/www.miomiorun.com\/fr\/#website\"},\"primaryImageOfPage\":{\"@id\":\"https:\/\/www.miomiorun.com\/fr\/produit\/ride-tr2-gtx-homme\/#primaryimage\"},\"image\":{\"@id\":\"https:\/\/www.miomiorun.com\/fr\/produit\/ride-tr2-gtx-homme\/#primaryimage\"},\"thumbnailUrl\":\"https:\/\/www.miomiorun.com\/app\/uploads\/2024\/09\/saucony-Ride-TR2-GTX-navy-peel-S20953-251.webp\",\"datePublished\":\"2024-09-19T12:13:40+00:00\",\"dateModified\":\"2025-12-21T15:05:13+00:00\",\"description\":\"La nouvelle Ride TR2 GTX pour homme a \u00e9t\u00e9 con\u00e7ue pour vous offrir un grand confort et vous permettre d'atteindre de nouveaux sommets en course \u00e0 pied et sous la pluie.\",\"breadcrumb\":{\"@id\":\"https:\/\/www.miomiorun.com\/fr\/produit\/ride-tr2-gtx-homme\/#breadcrumb\"},\"inLanguage\":\"fr-FR\",\"potentialAction\":[{\"@type\":\"ReadAction\",\"target\":[\"https:\/\/www.miomiorun.com\/fr\/produit\/ride-tr2-gtx-homme\/\"]}]},{\"@type\":\"ImageObject\",\"inLanguage\":\"fr-FR\",\"@id\":\"https:\/\/www.miomiorun.com\/fr\/produit\/ride-tr2-gtx-homme\/#primaryimage\",\"url\":\"https:\/\/www.miomiorun.com\/app\/uploads\/2024\/09\/saucony-Ride-TR2-GTX-navy-peel-S20953-251.webp\",\"contentUrl\":\"https:\/\/www.miomiorun.com\/app\/uploads\/2024\/09\/saucony-Ride-TR2-GTX-navy-peel-S20953-251.webp\",\"width\":600,\"height\":600,\"caption\":\"saucony Ride TR2 GTX navy peel S20953-251\"},{\"@type\":\"BreadcrumbList\",\"@id\":\"https:\/\/www.miomiorun.com\/fr\/produit\/ride-tr2-gtx-homme\/#breadcrumb\",\"itemListElement\":[{\"@type\":\"ListItem\",\"position\":1,\"name\":\"Home\",\"item\":\"https:\/\/www.miomiorun.com\/fr\/home-page\/\"},{\"@type\":\"ListItem\",\"position\":2,\"name\":\"Shop\",\"item\":\"https:\/\/www.miomiorun.com\/shop\/\"},{\"@type\":\"ListItem\",\"position\":3,\"name\":\"Ride TR2 GTX homme\"}]},{\"@type\":\"WebSite\",\"@id\":\"https:\/\/www.miomiorun.com\/fr\/#website\",\"url\":\"https:\/\/www.miomiorun.com\/fr\/\",\"name\":\"MioMioRun\",\"description\":\"Boutique 100% running et trail\",\"publisher\":{\"@id\":\"https:\/\/www.miomiorun.com\/fr\/#organization\"},\"potentialAction\":[{\"@type\":\"SearchAction\",\"target\":{\"@type\":\"EntryPoint\",\"urlTemplate\":\"https:\/\/www.miomiorun.com\/fr\/?s={search_term_string}\"},\"query-input\":{\"@type\":\"PropertyValueSpecification\",\"valueRequired\":true,\"valueName\":\"search_term_string\"}}],\"inLanguage\":\"fr-FR\"},{\"@type\":\"Organization\",\"@id\":\"https:\/\/www.miomiorun.com\/fr\/#organization\",\"name\":\"MioMio Run\",\"url\":\"https:\/\/www.miomiorun.com\/fr\/\",\"logo\":{\"@type\":\"ImageObject\",\"inLanguage\":\"fr-FR\",\"@id\":\"https:\/\/www.miomiorun.com\/fr\/#\/schema\/logo\/image\/\",\"url\":\"https:\/\/www.miomiorun.com\/app\/uploads\/2019\/12\/logomio.png\",\"contentUrl\":\"https:\/\/www.miomiorun.com\/app\/uploads\/2019\/12\/logomio.png\",\"width\":115,\"height\":82,\"caption\":\"MioMio Run\"},\"image\":{\"@id\":\"https:\/\/www.miomiorun.com\/fr\/#\/schema\/logo\/image\/\"},\"sameAs\":[\"https:\/\/www.facebook.com\/miomiorun\/\",\"https:\/\/www.instagram.com\/miomiorun\/\"]}]}<\/script>\n<!-- \/ Yoast SEO plugin. -->","yoast_head_json":{"title":"Saucony Ride TR2 GTX homme - Chaussures de trail homme - MioMioRun","description":"La nouvelle Ride TR2 GTX pour homme a \u00e9t\u00e9 con\u00e7ue pour vous offrir un grand confort et vous permettre d'atteindre de nouveaux sommets en course \u00e0 pied et sous la pluie.","robots":{"index":"index","follow":"follow","max-snippet":"max-snippet:-1","max-image-preview":"max-image-preview:large","max-video-preview":"max-video-preview:-1"},"canonical":"https:\/\/www.miomiorun.com\/fr\/produit\/ride-tr2-gtx-homme\/","og_locale":"fr_FR","og_type":"article","og_title":"Saucony Ride TR2 GTX homme - Chaussures de trail homme - MioMioRun","og_description":"La nouvelle Ride TR2 GTX pour homme a \u00e9t\u00e9 con\u00e7ue pour vous offrir un grand confort et vous permettre d'atteindre de nouveaux sommets en course \u00e0 pied et sous la pluie.","og_url":"https:\/\/www.miomiorun.com\/fr\/produit\/ride-tr2-gtx-homme\/","og_site_name":"MioMioRun","article_publisher":"https:\/\/www.facebook.com\/miomiorun\/","article_modified_time":"2025-12-21T15:05:13+00:00","og_image":[{"width":600,"height":600,"url":"https:\/\/www.miomiorun.com\/app\/uploads\/2024\/09\/saucony-Ride-TR2-GTX-navy-peel-S20953-251.webp","type":"image\/webp"}],"twitter_card":"summary_large_image","twitter_misc":{"Est. reading time":"2 minutes"},"schema":{"@context":"https:\/\/schema.org","@graph":[{"@type":"WebPage","@id":"https:\/\/www.miomiorun.com\/fr\/produit\/ride-tr2-gtx-homme\/","url":"https:\/\/www.miomiorun.com\/fr\/produit\/ride-tr2-gtx-homme\/","name":"Saucony Ride TR2 GTX homme - Chaussures de trail homme - MioMioRun","isPartOf":{"@id":"https:\/\/www.miomiorun.com\/fr\/#website"},"primaryImageOfPage":{"@id":"https:\/\/www.miomiorun.com\/fr\/produit\/ride-tr2-gtx-homme\/#primaryimage"},"image":{"@id":"https:\/\/www.miomiorun.com\/fr\/produit\/ride-tr2-gtx-homme\/#primaryimage"},"thumbnailUrl":"https:\/\/www.miomiorun.com\/app\/uploads\/2024\/09\/saucony-Ride-TR2-GTX-navy-peel-S20953-251.webp","datePublished":"2024-09-19T12:13:40+00:00","dateModified":"2025-12-21T15:05:13+00:00","description":"La nouvelle Ride TR2 GTX pour homme a \u00e9t\u00e9 con\u00e7ue pour vous offrir un grand confort et vous permettre d'atteindre de nouveaux sommets en course \u00e0 pied et sous la pluie.","breadcrumb":{"@id":"https:\/\/www.miomiorun.com\/fr\/produit\/ride-tr2-gtx-homme\/#breadcrumb"},"inLanguage":"fr-FR","potentialAction":[{"@type":"ReadAction","target":["https:\/\/www.miomiorun.com\/fr\/produit\/ride-tr2-gtx-homme\/"]}]},{"@type":"ImageObject","inLanguage":"fr-FR","@id":"https:\/\/www.miomiorun.com\/fr\/produit\/ride-tr2-gtx-homme\/#primaryimage","url":"https:\/\/www.miomiorun.com\/app\/uploads\/2024\/09\/saucony-Ride-TR2-GTX-navy-peel-S20953-251.webp","contentUrl":"https:\/\/www.miomiorun.com\/app\/uploads\/2024\/09\/saucony-Ride-TR2-GTX-navy-peel-S20953-251.webp","width":600,"height":600,"caption":"saucony Ride TR2 GTX navy peel S20953-251"},{"@type":"BreadcrumbList","@id":"https:\/\/www.miomiorun.com\/fr\/produit\/ride-tr2-gtx-homme\/#breadcrumb","itemListElement":[{"@type":"ListItem","position":1,"name":"Home","item":"https:\/\/www.miomiorun.com\/fr\/home-page\/"},{"@type":"ListItem","position":2,"name":"Shop","item":"https:\/\/www.miomiorun.com\/shop\/"},{"@type":"ListItem","position":3,"name":"Ride TR2 GTX homme"}]},{"@type":"WebSite","@id":"https:\/\/www.miomiorun.com\/fr\/#website","url":"https:\/\/www.miomiorun.com\/fr\/","name":"MioMioRun","description":"Boutique 100% running et trail","publisher":{"@id":"https:\/\/www.miomiorun.com\/fr\/#organization"},"potentialAction":[{"@type":"SearchAction","target":{"@type":"EntryPoint","urlTemplate":"https:\/\/www.miomiorun.com\/fr\/?s={search_term_string}"},"query-input":{"@type":"PropertyValueSpecification","valueRequired":true,"valueName":"search_term_string"}}],"inLanguage":"fr-FR"},{"@type":"Organization","@id":"https:\/\/www.miomiorun.com\/fr\/#organization","name":"MioMio Run","url":"https:\/\/www.miomiorun.com\/fr\/","logo":{"@type":"ImageObject","inLanguage":"fr-FR","@id":"https:\/\/www.miomiorun.com\/fr\/#\/schema\/logo\/image\/","url":"https:\/\/www.miomiorun.com\/app\/uploads\/2019\/12\/logomio.png","contentUrl":"https:\/\/www.miomiorun.com\/app\/uploads\/2019\/12\/logomio.png","width":115,"height":82,"caption":"MioMio Run"},"image":{"@id":"https:\/\/www.miomiorun.com\/fr\/#\/schema\/logo\/image\/"},"sameAs":["https:\/\/www.facebook.com\/miomiorun\/","https:\/\/www.instagram.com\/miomiorun\/"]}]}},"_links":{"self":[{"href":"https:\/\/www.miomiorun.com\/fr\/wp-json\/wp\/v2\/product\/295247","targetHints":{"allow":["GET"]}}],"collection":[{"href":"https:\/\/www.miomiorun.com\/fr\/wp-json\/wp\/v2\/product"}],"about":[{"href":"https:\/\/www.miomiorun.com\/fr\/wp-json\/wp\/v2\/types\/product"}],"wp:featuredmedia":[{"embeddable":true,"href":"https:\/\/www.miomiorun.com\/fr\/wp-json\/wp\/v2\/media\/248870"}],"wp:attachment":[{"href":"https:\/\/www.miomiorun.com\/fr\/wp-json\/wp\/v2\/media?parent=295247"}],"wp:term":[{"taxonomy":"product_brand","embeddable":true,"href":"https:\/\/www.miomiorun.com\/fr\/wp-json\/wp\/v2\/product_brand?post=295247"},{"taxonomy":"product_cat","embeddable":true,"href":"https:\/\/www.miomiorun.com\/fr\/wp-json\/wp\/v2\/product_cat?post=295247"},{"taxonomy":"product_tag","embeddable":true,"href":"https:\/\/www.miomiorun.com\/fr\/wp-json\/wp\/v2\/product_tag?post=295247"}],"curies":[{"name":"wp","href":"https:\/\/api.w.org\/{rel}","templated":true}]}}