{"id":295176,"date":"2024-09-19T14:14:18","date_gmt":"2024-09-19T12:14:18","guid":{"rendered":"https:\/\/miomiorun.com\/prodotto\/ride-tr2-gtx-donna\/"},"modified":"2025-12-05T18:15:47","modified_gmt":"2025-12-05T17:15:47","slug":"ride-tr2-gtx-femme","status":"publish","type":"product","link":"https:\/\/www.miomiorun.com\/fr\/produit\/ride-tr2-gtx-femme\/","title":{"rendered":"Ride TR2 GTX femme"},"content":{"rendered":"<div class=\"vc-row container\"><div class=\"vc-column\"><div class=\"vc-column-text\"><\/p>\n<div class=\"w-&#091;100%&#093; relative max-w-&#091;100%&#093; break-words \">\n<div>\n<div class=\"markdown-renderer fade-appear-done fade-enter-done\">\n<p class=\"text-base\"><\/p>\n<p class=\"text-base\">Sp\u00e9cifications techniques<\/p>\n<p class=\"text-base\">Cat\u00e9gorie : Amorti structur\u00e9<\/p>\n<p class=\"text-base\">Offset : 8mm (35\/27)<\/p>\n<p class=\"text-base\">Poids : 254g<\/p>\n<p class=\"text-base\">Id\u00e9al pour : Ride est la chaussure id\u00e9ale pour les athl\u00e8tes de poids et d&#8217;allure moyens qui recherchent un excellent amorti pour aborder les entra\u00eenements ou les courses sur moyenne et longue distance, y compris sur les terrains off-road. Elle se r\u00e9v\u00e8le \u00e9galement une excellente compagne de marche. Avec une tige imperm\u00e9able en Gore-Tex, parfaite pour toutes les conditions m\u00e9t\u00e9orologiques.<\/p>\n<p class=\"text-base\">Poids de l&#8217;athl\u00e8te : 60-70 kg<\/p>\n<p class=\"text-base\">Allure de course : 5 min\/kg<\/p>\n<p><a href=\"https:\/\/miomiorun.com\/fr\/guide-des-specificites\/\">Guide des sp\u00e9cifications techniques<\/a><\/p>\n<p class=\"text-base\"><\/p>\n<\/div>\n<\/div>\n<\/div>\n<p><\/div><\/div><div class=\"vc-column\"><div class=\"vc-column-text\"><\/p>\n<div class=\"w-&#091;100%&#093; relative max-w-&#091;100%&#093; break-words \">\n<div>\n<div class=\"markdown-renderer fade-appear-done fade-enter-done\">\n<p class=\"text-base\">Cours sans limites et par tous les temps.<\/p>\n<p class=\"text-base\">Les nouvelles Ride TR2 GTX pour femmes sont con\u00e7ues pour vous offrir confort et vous permettre d&#8217;atteindre de nouveaux sommets pendant votre course. Fabriqu\u00e9es avec un amorti PWRRUN+ extr\u00eamement confortable qui garantit des atterrissages en douceur quelle que soit la surface sur laquelle vous courez, et une tige imperm\u00e9able en Gore-Tex pour vous prot\u00e9ger de la pluie et garder vos pieds au sec.<\/p>\n<p class=\"text-base\">Nouveaut\u00e9s L&#8217;amorti PWRRUN+ extr\u00eamement confortable garantit des atterrissages en douceur quelle que soit la surface. Les crampons l\u00e9gers de 3,5 mm sont parfaits pour la route, le trail et le retour. Semelle PWRTRAC pour une adh\u00e9rence et une traction sur toutes les surfaces. Tige en mesh r\u00e9sistant pour une protection pr\u00eate pour le trail. Tige imperm\u00e9able en Gore-Tex pour garder les pieds au sec.<\/p>\n<p class=\"text-base\"><strong>Id\u00e9al pour :<\/strong><\/p>\n<p class=\"text-base\">Surfaces crossover : de la route au sentier.<\/p>\n<p class=\"text-base\"><strong>Caract\u00e9ristiques :<\/strong><\/p>\n<p class=\"text-base\">Amorti : PWRRUN+.<\/p>\n<p class=\"text-base\">Semelle int\u00e9rieure : PWRRUN+.<\/p>\n<p class=\"text-base\">Tige en Gore-tex.<\/p>\n<\/div>\n<\/div>\n<\/div>\n<p><\/div><\/div><\/div>\n","protected":false},"excerpt":{"rendered":"<ul>\n<li>Chaussure id\u00e9ale pour courir sur route et sur chemins de terre.<\/li>\n<li>L\u00e9g\u00e8re et confortable pour vous permettre d&#8217;aller plus loin.<\/li>\n<li>Tige en Gore-Tex pour vous prot\u00e9ger des intemp\u00e9ries.<\/li>\n<\/ul>\n","protected":false},"featured_media":248882,"template":"","meta":{"_acf_changed":false,"inline_featured_image":false},"product_brand":[],"product_cat":[22605,22608],"product_tag":[23579,33803],"class_list":{"0":"post-295176","1":"product","2":"type-product","3":"status-publish","4":"has-post-thumbnail","6":"product_cat-chaussures-pour-femmes","7":"product_cat-trail-fr","8":"product_tag-saucony-fr","9":"product_tag-saucony-donna-fr","10":"pa_attivita-marcher","11":"pa_attivita-running-fr","12":"pa_attivita-trail-fr","13":"pa_colore-ride-tr2-gtx-w-quartz-mist-fr","14":"pa_marca-saucony-fr","15":"pa_sesso-femme","16":"pa_size-38-fr","17":"pa_size-39-fr","18":"pa_size-40-fr","19":"pa_size-40-5-fr","21":"first","22":"instock","23":"sale","24":"taxable","25":"shipping-taxable","26":"purchasable","27":"product-type-variable","28":"wvs-archive-product-wrapper"},"acf":[],"yoast_head":"<!-- This site is optimized with the Yoast SEO plugin v26.8 - https:\/\/yoast.com\/product\/yoast-seo-wordpress\/ -->\n<title>Saucony Ride TR2 GTX femme - chaussures de trail running - MioMioRun<\/title>\n<meta name=\"description\" content=\"Les nouvelles Ride TR2 GTX pour femmes sont con\u00e7ues pour vous offrir un confort optimal et vous permettre d&#039;atteindre de nouveaux sommets pendant vos courses sous la pluie.\" \/>\n<meta name=\"robots\" content=\"index, follow, max-snippet:-1, max-image-preview:large, max-video-preview:-1\" \/>\n<link rel=\"canonical\" href=\"https:\/\/www.miomiorun.com\/fr\/produit\/ride-tr2-gtx-femme\/\" \/>\n<meta property=\"og:locale\" content=\"fr_FR\" \/>\n<meta property=\"og:type\" content=\"article\" \/>\n<meta property=\"og:title\" content=\"Saucony Ride TR2 GTX femme - chaussures de trail running - MioMioRun\" \/>\n<meta property=\"og:description\" content=\"Les nouvelles Ride TR2 GTX pour femmes sont con\u00e7ues pour vous offrir un confort optimal et vous permettre d&#039;atteindre de nouveaux sommets pendant vos courses sous la pluie.\" \/>\n<meta property=\"og:url\" content=\"https:\/\/www.miomiorun.com\/fr\/produit\/ride-tr2-gtx-femme\/\" \/>\n<meta property=\"og:site_name\" content=\"MioMioRun\" \/>\n<meta property=\"article:publisher\" content=\"https:\/\/www.facebook.com\/miomiorun\/\" \/>\n<meta property=\"article:modified_time\" content=\"2025-12-05T17:15:47+00:00\" \/>\n<meta property=\"og:image\" content=\"https:\/\/www.miomiorun.com\/app\/uploads\/2024\/09\/saucony-Ride-TR2-GTX-mirage-plum-W-S10953-251.webp\" \/>\n\t<meta property=\"og:image:width\" content=\"600\" \/>\n\t<meta property=\"og:image:height\" content=\"600\" \/>\n\t<meta property=\"og:image:type\" content=\"image\/webp\" \/>\n<meta name=\"twitter:card\" content=\"summary_large_image\" \/>\n<meta name=\"twitter:label1\" content=\"Est. reading time\" \/>\n\t<meta name=\"twitter:data1\" content=\"2 minutes\" \/>\n<script type=\"application\/ld+json\" class=\"yoast-schema-graph\">{\"@context\":\"https:\/\/schema.org\",\"@graph\":[{\"@type\":\"WebPage\",\"@id\":\"https:\/\/www.miomiorun.com\/fr\/produit\/ride-tr2-gtx-femme\/\",\"url\":\"https:\/\/www.miomiorun.com\/fr\/produit\/ride-tr2-gtx-femme\/\",\"name\":\"Saucony Ride TR2 GTX femme - chaussures de trail running - MioMioRun\",\"isPartOf\":{\"@id\":\"https:\/\/www.miomiorun.com\/fr\/#website\"},\"primaryImageOfPage\":{\"@id\":\"https:\/\/www.miomiorun.com\/fr\/produit\/ride-tr2-gtx-femme\/#primaryimage\"},\"image\":{\"@id\":\"https:\/\/www.miomiorun.com\/fr\/produit\/ride-tr2-gtx-femme\/#primaryimage\"},\"thumbnailUrl\":\"https:\/\/www.miomiorun.com\/app\/uploads\/2024\/09\/saucony-Ride-TR2-GTX-mirage-plum-W-S10953-251.webp\",\"datePublished\":\"2024-09-19T12:14:18+00:00\",\"dateModified\":\"2025-12-05T17:15:47+00:00\",\"description\":\"Les nouvelles Ride TR2 GTX pour femmes sont con\u00e7ues pour vous offrir un confort optimal et vous permettre d'atteindre de nouveaux sommets pendant vos courses sous la pluie.\",\"breadcrumb\":{\"@id\":\"https:\/\/www.miomiorun.com\/fr\/produit\/ride-tr2-gtx-femme\/#breadcrumb\"},\"inLanguage\":\"fr-FR\",\"potentialAction\":[{\"@type\":\"ReadAction\",\"target\":[\"https:\/\/www.miomiorun.com\/fr\/produit\/ride-tr2-gtx-femme\/\"]}]},{\"@type\":\"ImageObject\",\"inLanguage\":\"fr-FR\",\"@id\":\"https:\/\/www.miomiorun.com\/fr\/produit\/ride-tr2-gtx-femme\/#primaryimage\",\"url\":\"https:\/\/www.miomiorun.com\/app\/uploads\/2024\/09\/saucony-Ride-TR2-GTX-mirage-plum-W-S10953-251.webp\",\"contentUrl\":\"https:\/\/www.miomiorun.com\/app\/uploads\/2024\/09\/saucony-Ride-TR2-GTX-mirage-plum-W-S10953-251.webp\",\"width\":600,\"height\":600,\"caption\":\"saucony Ride TR2 GTX mirage plum W S10953-251\"},{\"@type\":\"BreadcrumbList\",\"@id\":\"https:\/\/www.miomiorun.com\/fr\/produit\/ride-tr2-gtx-femme\/#breadcrumb\",\"itemListElement\":[{\"@type\":\"ListItem\",\"position\":1,\"name\":\"Home\",\"item\":\"https:\/\/www.miomiorun.com\/fr\/home-page\/\"},{\"@type\":\"ListItem\",\"position\":2,\"name\":\"Shop\",\"item\":\"https:\/\/www.miomiorun.com\/shop\/\"},{\"@type\":\"ListItem\",\"position\":3,\"name\":\"Ride TR2 GTX femme\"}]},{\"@type\":\"WebSite\",\"@id\":\"https:\/\/www.miomiorun.com\/fr\/#website\",\"url\":\"https:\/\/www.miomiorun.com\/fr\/\",\"name\":\"MioMioRun\",\"description\":\"Boutique 100% running et trail\",\"publisher\":{\"@id\":\"https:\/\/www.miomiorun.com\/fr\/#organization\"},\"potentialAction\":[{\"@type\":\"SearchAction\",\"target\":{\"@type\":\"EntryPoint\",\"urlTemplate\":\"https:\/\/www.miomiorun.com\/fr\/?s={search_term_string}\"},\"query-input\":{\"@type\":\"PropertyValueSpecification\",\"valueRequired\":true,\"valueName\":\"search_term_string\"}}],\"inLanguage\":\"fr-FR\"},{\"@type\":\"Organization\",\"@id\":\"https:\/\/www.miomiorun.com\/fr\/#organization\",\"name\":\"MioMio Run\",\"url\":\"https:\/\/www.miomiorun.com\/fr\/\",\"logo\":{\"@type\":\"ImageObject\",\"inLanguage\":\"fr-FR\",\"@id\":\"https:\/\/www.miomiorun.com\/fr\/#\/schema\/logo\/image\/\",\"url\":\"https:\/\/www.miomiorun.com\/app\/uploads\/2019\/12\/logomio.png\",\"contentUrl\":\"https:\/\/www.miomiorun.com\/app\/uploads\/2019\/12\/logomio.png\",\"width\":115,\"height\":82,\"caption\":\"MioMio Run\"},\"image\":{\"@id\":\"https:\/\/www.miomiorun.com\/fr\/#\/schema\/logo\/image\/\"},\"sameAs\":[\"https:\/\/www.facebook.com\/miomiorun\/\",\"https:\/\/www.instagram.com\/miomiorun\/\"]}]}<\/script>\n<!-- \/ Yoast SEO plugin. -->","yoast_head_json":{"title":"Saucony Ride TR2 GTX femme - chaussures de trail running - MioMioRun","description":"Les nouvelles Ride TR2 GTX pour femmes sont con\u00e7ues pour vous offrir un confort optimal et vous permettre d'atteindre de nouveaux sommets pendant vos courses sous la pluie.","robots":{"index":"index","follow":"follow","max-snippet":"max-snippet:-1","max-image-preview":"max-image-preview:large","max-video-preview":"max-video-preview:-1"},"canonical":"https:\/\/www.miomiorun.com\/fr\/produit\/ride-tr2-gtx-femme\/","og_locale":"fr_FR","og_type":"article","og_title":"Saucony Ride TR2 GTX femme - chaussures de trail running - MioMioRun","og_description":"Les nouvelles Ride TR2 GTX pour femmes sont con\u00e7ues pour vous offrir un confort optimal et vous permettre d'atteindre de nouveaux sommets pendant vos courses sous la pluie.","og_url":"https:\/\/www.miomiorun.com\/fr\/produit\/ride-tr2-gtx-femme\/","og_site_name":"MioMioRun","article_publisher":"https:\/\/www.facebook.com\/miomiorun\/","article_modified_time":"2025-12-05T17:15:47+00:00","og_image":[{"width":600,"height":600,"url":"https:\/\/www.miomiorun.com\/app\/uploads\/2024\/09\/saucony-Ride-TR2-GTX-mirage-plum-W-S10953-251.webp","type":"image\/webp"}],"twitter_card":"summary_large_image","twitter_misc":{"Est. reading time":"2 minutes"},"schema":{"@context":"https:\/\/schema.org","@graph":[{"@type":"WebPage","@id":"https:\/\/www.miomiorun.com\/fr\/produit\/ride-tr2-gtx-femme\/","url":"https:\/\/www.miomiorun.com\/fr\/produit\/ride-tr2-gtx-femme\/","name":"Saucony Ride TR2 GTX femme - chaussures de trail running - MioMioRun","isPartOf":{"@id":"https:\/\/www.miomiorun.com\/fr\/#website"},"primaryImageOfPage":{"@id":"https:\/\/www.miomiorun.com\/fr\/produit\/ride-tr2-gtx-femme\/#primaryimage"},"image":{"@id":"https:\/\/www.miomiorun.com\/fr\/produit\/ride-tr2-gtx-femme\/#primaryimage"},"thumbnailUrl":"https:\/\/www.miomiorun.com\/app\/uploads\/2024\/09\/saucony-Ride-TR2-GTX-mirage-plum-W-S10953-251.webp","datePublished":"2024-09-19T12:14:18+00:00","dateModified":"2025-12-05T17:15:47+00:00","description":"Les nouvelles Ride TR2 GTX pour femmes sont con\u00e7ues pour vous offrir un confort optimal et vous permettre d'atteindre de nouveaux sommets pendant vos courses sous la pluie.","breadcrumb":{"@id":"https:\/\/www.miomiorun.com\/fr\/produit\/ride-tr2-gtx-femme\/#breadcrumb"},"inLanguage":"fr-FR","potentialAction":[{"@type":"ReadAction","target":["https:\/\/www.miomiorun.com\/fr\/produit\/ride-tr2-gtx-femme\/"]}]},{"@type":"ImageObject","inLanguage":"fr-FR","@id":"https:\/\/www.miomiorun.com\/fr\/produit\/ride-tr2-gtx-femme\/#primaryimage","url":"https:\/\/www.miomiorun.com\/app\/uploads\/2024\/09\/saucony-Ride-TR2-GTX-mirage-plum-W-S10953-251.webp","contentUrl":"https:\/\/www.miomiorun.com\/app\/uploads\/2024\/09\/saucony-Ride-TR2-GTX-mirage-plum-W-S10953-251.webp","width":600,"height":600,"caption":"saucony Ride TR2 GTX mirage plum W S10953-251"},{"@type":"BreadcrumbList","@id":"https:\/\/www.miomiorun.com\/fr\/produit\/ride-tr2-gtx-femme\/#breadcrumb","itemListElement":[{"@type":"ListItem","position":1,"name":"Home","item":"https:\/\/www.miomiorun.com\/fr\/home-page\/"},{"@type":"ListItem","position":2,"name":"Shop","item":"https:\/\/www.miomiorun.com\/shop\/"},{"@type":"ListItem","position":3,"name":"Ride TR2 GTX femme"}]},{"@type":"WebSite","@id":"https:\/\/www.miomiorun.com\/fr\/#website","url":"https:\/\/www.miomiorun.com\/fr\/","name":"MioMioRun","description":"Boutique 100% running et trail","publisher":{"@id":"https:\/\/www.miomiorun.com\/fr\/#organization"},"potentialAction":[{"@type":"SearchAction","target":{"@type":"EntryPoint","urlTemplate":"https:\/\/www.miomiorun.com\/fr\/?s={search_term_string}"},"query-input":{"@type":"PropertyValueSpecification","valueRequired":true,"valueName":"search_term_string"}}],"inLanguage":"fr-FR"},{"@type":"Organization","@id":"https:\/\/www.miomiorun.com\/fr\/#organization","name":"MioMio Run","url":"https:\/\/www.miomiorun.com\/fr\/","logo":{"@type":"ImageObject","inLanguage":"fr-FR","@id":"https:\/\/www.miomiorun.com\/fr\/#\/schema\/logo\/image\/","url":"https:\/\/www.miomiorun.com\/app\/uploads\/2019\/12\/logomio.png","contentUrl":"https:\/\/www.miomiorun.com\/app\/uploads\/2019\/12\/logomio.png","width":115,"height":82,"caption":"MioMio Run"},"image":{"@id":"https:\/\/www.miomiorun.com\/fr\/#\/schema\/logo\/image\/"},"sameAs":["https:\/\/www.facebook.com\/miomiorun\/","https:\/\/www.instagram.com\/miomiorun\/"]}]}},"_links":{"self":[{"href":"https:\/\/www.miomiorun.com\/fr\/wp-json\/wp\/v2\/product\/295176","targetHints":{"allow":["GET"]}}],"collection":[{"href":"https:\/\/www.miomiorun.com\/fr\/wp-json\/wp\/v2\/product"}],"about":[{"href":"https:\/\/www.miomiorun.com\/fr\/wp-json\/wp\/v2\/types\/product"}],"wp:featuredmedia":[{"embeddable":true,"href":"https:\/\/www.miomiorun.com\/fr\/wp-json\/wp\/v2\/media\/248882"}],"wp:attachment":[{"href":"https:\/\/www.miomiorun.com\/fr\/wp-json\/wp\/v2\/media?parent=295176"}],"wp:term":[{"taxonomy":"product_brand","embeddable":true,"href":"https:\/\/www.miomiorun.com\/fr\/wp-json\/wp\/v2\/product_brand?post=295176"},{"taxonomy":"product_cat","embeddable":true,"href":"https:\/\/www.miomiorun.com\/fr\/wp-json\/wp\/v2\/product_cat?post=295176"},{"taxonomy":"product_tag","embeddable":true,"href":"https:\/\/www.miomiorun.com\/fr\/wp-json\/wp\/v2\/product_tag?post=295176"}],"curies":[{"name":"wp","href":"https:\/\/api.w.org\/{rel}","templated":true}]}}