{"id":295175,"date":"2024-09-19T14:24:20","date_gmt":"2024-09-19T12:24:20","guid":{"rendered":"https:\/\/miomiorun.com\/prodotto\/speedgoat-6-gtx-uomo\/"},"modified":"2025-12-05T18:19:18","modified_gmt":"2025-12-05T17:19:18","slug":"speedgoat-6-gtx-homme","status":"publish","type":"product","link":"https:\/\/www.miomiorun.com\/fr\/produit\/speedgoat-6-gtx-homme\/","title":{"rendered":"Speedgoat 6 GTX homme"},"content":{"rendered":"<p><div class=\"vc-row container\"><div class=\"vc-column\"><div class=\"vc-column-text\"><\/p>\n<p><strong>Caract\u00e9ristiques techniques<\/strong><\/p>\n<p>Cat\u00e9gorie : amorti sup\u00e9rieur<br \/>\nD\u00e9calage : 5 mm<br \/>\nPoids : 301 g<br \/>\nId\u00e9al pour : les coureurs de trail et les amateurs de randonn\u00e9es en montagne \u00e0 la recherche d&#8217;un mod\u00e8le l\u00e9ger, bien amorti et protecteur, capable d&#8217;offrir un confort maximal sur de longues distances et de prot\u00e9ger le pied des intemp\u00e9ries gr\u00e2ce \u00e0 la membrane en Gore-Tex.<br \/>\nPoids de l&#8217;athl\u00e8te : 60-70 kg<br \/>\nAllure de course : moyenne \u00e0 rapide (4,30-6,00 min\/km)<br \/>\n<a href=\"https:\/\/miomiorun.com\/fr\/guide-des-specificites\/\">Guide des sp\u00e9cifications techniques<\/a><\/p>\n<p><\/div><\/div><div class=\"vc-column\"> <div class=\"vc-column-text\"><strong>Chaussure con\u00e7ue pour les conditions m\u00e9t\u00e9orologiques d\u00e9favorables et humides.<\/p>\n<p><strong>Speedgoat 6 GORE-TEX<\/strong> pour homme est aujourd&#8217;hui encore plus confortable gr\u00e2ce \u00e0 la membrane imperm\u00e9able GORE-TEX Invisible Fit, qui permet d&#8217;obtenir une structure plus souple et plus l\u00e9g\u00e8re, \u00e9vitant les points de pression. Cette ic\u00f4ne du trail repose sur une semelle Vibram\u00ae Megagrip avec Traction Lug pour une meilleure adh\u00e9rence sur les terrains meubles. Elle se caract\u00e9rise par un renfort au talon qui enveloppe le pied, compos\u00e9 d&#8217;une semelle interm\u00e9diaire l\u00e9g\u00e8re et r\u00e9active, ainsi que d&#8217;un renfort protecteur \u00e0 la pointe pour affronter les surfaces les plus accident\u00e9es. Les intemp\u00e9ries ne sont plus un probl\u00e8me !<\/p>\n<p><strong>CONVIENT POUR<\/strong><\/p>\n<ul>\n<li>Trail.<\/li>\n<li>Randonn\u00e9e.<\/li>\n<\/ul>\n<p><strong>CARACT\u00c9RISTIQUES :<\/strong><\/p>\n<ul class=\"features-container\">\n<li class=\"feature-item\">Maille en polyester recycl\u00e9 (100 %)<\/li>\n<li class=\"feature-item\">GORE-TEX Invisible Fit imperm\u00e9able avec tissu ext\u00e9rieur en polyester recycl\u00e9 (70 %)<\/li>\n<li class=\"feature-item\">Col renforc\u00e9 au talon<\/li>\n<li class=\"feature-item\">Renforts protecteurs \u00e0 la pointe<\/li>\n<li class=\"feature-item\">Semelle interm\u00e9diaire en EVA moul\u00e9e par compression<\/li>\n<li class=\"feature-item\">Semelle Vibram\u00ae Megagrip avec crampons Traction Lug<\/li>\n<li class=\"feature-item\">Profil de 5 mm<\/li>\n<li class=\"feature-item\">MetaRocker\u2122 fluide<\/li>\n<li class=\"feature-item\">Semelle int\u00e9rieure moul\u00e9e en EVA<\/li>\n<li class=\"feature-item\">Mod\u00e8le vegan<\/li>\n<li class=\"feature-item\">Lacets en nylon recycl\u00e9 (70 %) et polyester recycl\u00e9 (30 %), \u00e0 l&#8217;exception de l&#8217;\u0153illet<\/li>\n<\/ul>\n<div class=\"description-whatsnew\">\n<p><strong>Quelles sont les nouveaut\u00e9s ?<\/strong><\/p>\n<p>La membrane imperm\u00e9able GORE-TEX Invisible Fit a \u00e9t\u00e9 ajout\u00e9e pour un ajustement plus \u00e9lastique et flexible et des pieds toujours au sec.<\/p>\n<h2>Stabilit\u00e9<\/h2>\n<p>La Speedgoat 6 GTX est dot\u00e9e d&#8217;une semelle amortissante sym\u00e9trique, sans technologies orthop\u00e9diques suppl\u00e9mentaires. Con\u00e7ue pour vous offrir le soutien dont vous avez besoin, sans fonctionnalit\u00e9s superflues.<\/p>\n<h2>Amorti<\/h2>\n<p>La Speedgoat 6 GTX est con\u00e7ue pour offrir un amorti protecteur, tout en conservant une pouss\u00e9e r\u00e9active lorsque vous souhaitez augmenter votre vitesse.<\/p>\n<p>&nbsp;<\/p>\n<\/div>\n<p><\/div><\/div><\/div><\/strong><\/p>\n","protected":false},"excerpt":{"rendered":"<ul>\n<li>Chaussure id\u00e9ale pour le trail et la randonn\u00e9e.<\/li>\n<li>Semelle Vibram\u00ae Megagrip avec Traction Lug.<\/li>\n<li>Id\u00e9ale pour les parcours techniques.<\/li>\n<li>Tige imperm\u00e9able en Gore-Tex.<\/li>\n<\/ul>\n","protected":false},"featured_media":248906,"template":"","meta":{"_acf_changed":false,"inline_featured_image":false},"product_brand":[],"product_cat":[24448,24445],"product_tag":[23478,23604],"class_list":{"0":"post-295175","1":"product","2":"type-product","3":"status-publish","4":"has-post-thumbnail","6":"product_cat-chaussures-pour-hommes-fr","7":"product_cat-trail-fr-3","8":"product_tag-hoka-one-one-fr","9":"product_tag-hoka-homme","10":"pa_attivita-outdoor-fr","11":"pa_attivita-trail-fr","12":"pa_colore-speedgoat-6-gtx-sea-glass-fern-fr","13":"pa_marca-hoka-fr","14":"pa_sesso-homme","15":"pa_size-42-fr","16":"pa_size-43-fr","18":"first","19":"instock","20":"sale","21":"taxable","22":"shipping-taxable","23":"purchasable","24":"product-type-variable","25":"wvs-archive-product-wrapper"},"acf":[],"yoast_head":"<!-- This site is optimized with the Yoast SEO plugin v26.8 - https:\/\/yoast.com\/product\/yoast-seo-wordpress\/ -->\n<title>HokaSpeedgoat 6 GTX homme - chaussures de trail - MioMioRun.com<\/title>\n<meta name=\"description\" content=\"La Speedgoat 6 GORE-TEX pour homme est aujourd&#039;hui encore plus confortable gr\u00e2ce \u00e0 la membrane imperm\u00e9able GORE-TEX Invisible Fit pour les pieds \u00e9troits.\" \/>\n<meta name=\"robots\" content=\"index, follow, max-snippet:-1, max-image-preview:large, max-video-preview:-1\" \/>\n<link rel=\"canonical\" href=\"https:\/\/www.miomiorun.com\/fr\/produit\/speedgoat-6-gtx-homme\/\" \/>\n<meta property=\"og:locale\" content=\"fr_FR\" \/>\n<meta property=\"og:type\" content=\"article\" \/>\n<meta property=\"og:title\" content=\"HokaSpeedgoat 6 GTX homme - chaussures de trail - MioMioRun.com\" \/>\n<meta property=\"og:description\" content=\"La Speedgoat 6 GORE-TEX pour homme est aujourd&#039;hui encore plus confortable gr\u00e2ce \u00e0 la membrane imperm\u00e9able GORE-TEX Invisible Fit pour les pieds \u00e9troits.\" \/>\n<meta property=\"og:url\" content=\"https:\/\/www.miomiorun.com\/fr\/produit\/speedgoat-6-gtx-homme\/\" \/>\n<meta property=\"og:site_name\" content=\"MioMioRun\" \/>\n<meta property=\"article:publisher\" content=\"https:\/\/www.facebook.com\/miomiorun\/\" \/>\n<meta property=\"article:modified_time\" content=\"2025-12-05T17:19:18+00:00\" \/>\n<meta property=\"og:image\" content=\"https:\/\/www.miomiorun.com\/app\/uploads\/2024\/09\/hoka-Speedgoat-6-GTX-stardust-outer-orbit-1155150-SSTT.webp\" \/>\n\t<meta property=\"og:image:width\" content=\"600\" \/>\n\t<meta property=\"og:image:height\" content=\"600\" \/>\n\t<meta property=\"og:image:type\" content=\"image\/webp\" \/>\n<meta name=\"twitter:card\" content=\"summary_large_image\" \/>\n<meta name=\"twitter:label1\" content=\"Est. reading time\" \/>\n\t<meta name=\"twitter:data1\" content=\"2 minutes\" \/>\n<script type=\"application\/ld+json\" class=\"yoast-schema-graph\">{\"@context\":\"https:\/\/schema.org\",\"@graph\":[{\"@type\":\"WebPage\",\"@id\":\"https:\/\/www.miomiorun.com\/fr\/produit\/speedgoat-6-gtx-homme\/\",\"url\":\"https:\/\/www.miomiorun.com\/fr\/produit\/speedgoat-6-gtx-homme\/\",\"name\":\"HokaSpeedgoat 6 GTX homme - chaussures de trail - MioMioRun.com\",\"isPartOf\":{\"@id\":\"https:\/\/www.miomiorun.com\/fr\/#website\"},\"primaryImageOfPage\":{\"@id\":\"https:\/\/www.miomiorun.com\/fr\/produit\/speedgoat-6-gtx-homme\/#primaryimage\"},\"image\":{\"@id\":\"https:\/\/www.miomiorun.com\/fr\/produit\/speedgoat-6-gtx-homme\/#primaryimage\"},\"thumbnailUrl\":\"https:\/\/www.miomiorun.com\/app\/uploads\/2024\/09\/hoka-Speedgoat-6-GTX-stardust-outer-orbit-1155150-SSTT.webp\",\"datePublished\":\"2024-09-19T12:24:20+00:00\",\"dateModified\":\"2025-12-05T17:19:18+00:00\",\"description\":\"La Speedgoat 6 GORE-TEX pour homme est aujourd'hui encore plus confortable gr\u00e2ce \u00e0 la membrane imperm\u00e9able GORE-TEX Invisible Fit pour les pieds \u00e9troits.\",\"breadcrumb\":{\"@id\":\"https:\/\/www.miomiorun.com\/fr\/produit\/speedgoat-6-gtx-homme\/#breadcrumb\"},\"inLanguage\":\"fr-FR\",\"potentialAction\":[{\"@type\":\"ReadAction\",\"target\":[\"https:\/\/www.miomiorun.com\/fr\/produit\/speedgoat-6-gtx-homme\/\"]}]},{\"@type\":\"ImageObject\",\"inLanguage\":\"fr-FR\",\"@id\":\"https:\/\/www.miomiorun.com\/fr\/produit\/speedgoat-6-gtx-homme\/#primaryimage\",\"url\":\"https:\/\/www.miomiorun.com\/app\/uploads\/2024\/09\/hoka-Speedgoat-6-GTX-stardust-outer-orbit-1155150-SSTT.webp\",\"contentUrl\":\"https:\/\/www.miomiorun.com\/app\/uploads\/2024\/09\/hoka-Speedgoat-6-GTX-stardust-outer-orbit-1155150-SSTT.webp\",\"width\":600,\"height\":600,\"caption\":\"hoka Speedgoat 6 GTX stardust outer orbit 1155150 SSTT\"},{\"@type\":\"BreadcrumbList\",\"@id\":\"https:\/\/www.miomiorun.com\/fr\/produit\/speedgoat-6-gtx-homme\/#breadcrumb\",\"itemListElement\":[{\"@type\":\"ListItem\",\"position\":1,\"name\":\"Home\",\"item\":\"https:\/\/www.miomiorun.com\/fr\/home-page\/\"},{\"@type\":\"ListItem\",\"position\":2,\"name\":\"Shop\",\"item\":\"https:\/\/www.miomiorun.com\/shop\/\"},{\"@type\":\"ListItem\",\"position\":3,\"name\":\"Speedgoat 6 GTX homme\"}]},{\"@type\":\"WebSite\",\"@id\":\"https:\/\/www.miomiorun.com\/fr\/#website\",\"url\":\"https:\/\/www.miomiorun.com\/fr\/\",\"name\":\"MioMioRun\",\"description\":\"Boutique 100% running et trail\",\"publisher\":{\"@id\":\"https:\/\/www.miomiorun.com\/fr\/#organization\"},\"potentialAction\":[{\"@type\":\"SearchAction\",\"target\":{\"@type\":\"EntryPoint\",\"urlTemplate\":\"https:\/\/www.miomiorun.com\/fr\/?s={search_term_string}\"},\"query-input\":{\"@type\":\"PropertyValueSpecification\",\"valueRequired\":true,\"valueName\":\"search_term_string\"}}],\"inLanguage\":\"fr-FR\"},{\"@type\":\"Organization\",\"@id\":\"https:\/\/www.miomiorun.com\/fr\/#organization\",\"name\":\"MioMio Run\",\"url\":\"https:\/\/www.miomiorun.com\/fr\/\",\"logo\":{\"@type\":\"ImageObject\",\"inLanguage\":\"fr-FR\",\"@id\":\"https:\/\/www.miomiorun.com\/fr\/#\/schema\/logo\/image\/\",\"url\":\"https:\/\/www.miomiorun.com\/app\/uploads\/2019\/12\/logomio.png\",\"contentUrl\":\"https:\/\/www.miomiorun.com\/app\/uploads\/2019\/12\/logomio.png\",\"width\":115,\"height\":82,\"caption\":\"MioMio Run\"},\"image\":{\"@id\":\"https:\/\/www.miomiorun.com\/fr\/#\/schema\/logo\/image\/\"},\"sameAs\":[\"https:\/\/www.facebook.com\/miomiorun\/\",\"https:\/\/www.instagram.com\/miomiorun\/\"]}]}<\/script>\n<!-- \/ Yoast SEO plugin. -->","yoast_head_json":{"title":"HokaSpeedgoat 6 GTX homme - chaussures de trail - MioMioRun.com","description":"La Speedgoat 6 GORE-TEX pour homme est aujourd'hui encore plus confortable gr\u00e2ce \u00e0 la membrane imperm\u00e9able GORE-TEX Invisible Fit pour les pieds \u00e9troits.","robots":{"index":"index","follow":"follow","max-snippet":"max-snippet:-1","max-image-preview":"max-image-preview:large","max-video-preview":"max-video-preview:-1"},"canonical":"https:\/\/www.miomiorun.com\/fr\/produit\/speedgoat-6-gtx-homme\/","og_locale":"fr_FR","og_type":"article","og_title":"HokaSpeedgoat 6 GTX homme - chaussures de trail - MioMioRun.com","og_description":"La Speedgoat 6 GORE-TEX pour homme est aujourd'hui encore plus confortable gr\u00e2ce \u00e0 la membrane imperm\u00e9able GORE-TEX Invisible Fit pour les pieds \u00e9troits.","og_url":"https:\/\/www.miomiorun.com\/fr\/produit\/speedgoat-6-gtx-homme\/","og_site_name":"MioMioRun","article_publisher":"https:\/\/www.facebook.com\/miomiorun\/","article_modified_time":"2025-12-05T17:19:18+00:00","og_image":[{"width":600,"height":600,"url":"https:\/\/www.miomiorun.com\/app\/uploads\/2024\/09\/hoka-Speedgoat-6-GTX-stardust-outer-orbit-1155150-SSTT.webp","type":"image\/webp"}],"twitter_card":"summary_large_image","twitter_misc":{"Est. reading time":"2 minutes"},"schema":{"@context":"https:\/\/schema.org","@graph":[{"@type":"WebPage","@id":"https:\/\/www.miomiorun.com\/fr\/produit\/speedgoat-6-gtx-homme\/","url":"https:\/\/www.miomiorun.com\/fr\/produit\/speedgoat-6-gtx-homme\/","name":"HokaSpeedgoat 6 GTX homme - chaussures de trail - MioMioRun.com","isPartOf":{"@id":"https:\/\/www.miomiorun.com\/fr\/#website"},"primaryImageOfPage":{"@id":"https:\/\/www.miomiorun.com\/fr\/produit\/speedgoat-6-gtx-homme\/#primaryimage"},"image":{"@id":"https:\/\/www.miomiorun.com\/fr\/produit\/speedgoat-6-gtx-homme\/#primaryimage"},"thumbnailUrl":"https:\/\/www.miomiorun.com\/app\/uploads\/2024\/09\/hoka-Speedgoat-6-GTX-stardust-outer-orbit-1155150-SSTT.webp","datePublished":"2024-09-19T12:24:20+00:00","dateModified":"2025-12-05T17:19:18+00:00","description":"La Speedgoat 6 GORE-TEX pour homme est aujourd'hui encore plus confortable gr\u00e2ce \u00e0 la membrane imperm\u00e9able GORE-TEX Invisible Fit pour les pieds \u00e9troits.","breadcrumb":{"@id":"https:\/\/www.miomiorun.com\/fr\/produit\/speedgoat-6-gtx-homme\/#breadcrumb"},"inLanguage":"fr-FR","potentialAction":[{"@type":"ReadAction","target":["https:\/\/www.miomiorun.com\/fr\/produit\/speedgoat-6-gtx-homme\/"]}]},{"@type":"ImageObject","inLanguage":"fr-FR","@id":"https:\/\/www.miomiorun.com\/fr\/produit\/speedgoat-6-gtx-homme\/#primaryimage","url":"https:\/\/www.miomiorun.com\/app\/uploads\/2024\/09\/hoka-Speedgoat-6-GTX-stardust-outer-orbit-1155150-SSTT.webp","contentUrl":"https:\/\/www.miomiorun.com\/app\/uploads\/2024\/09\/hoka-Speedgoat-6-GTX-stardust-outer-orbit-1155150-SSTT.webp","width":600,"height":600,"caption":"hoka Speedgoat 6 GTX stardust outer orbit 1155150 SSTT"},{"@type":"BreadcrumbList","@id":"https:\/\/www.miomiorun.com\/fr\/produit\/speedgoat-6-gtx-homme\/#breadcrumb","itemListElement":[{"@type":"ListItem","position":1,"name":"Home","item":"https:\/\/www.miomiorun.com\/fr\/home-page\/"},{"@type":"ListItem","position":2,"name":"Shop","item":"https:\/\/www.miomiorun.com\/shop\/"},{"@type":"ListItem","position":3,"name":"Speedgoat 6 GTX homme"}]},{"@type":"WebSite","@id":"https:\/\/www.miomiorun.com\/fr\/#website","url":"https:\/\/www.miomiorun.com\/fr\/","name":"MioMioRun","description":"Boutique 100% running et trail","publisher":{"@id":"https:\/\/www.miomiorun.com\/fr\/#organization"},"potentialAction":[{"@type":"SearchAction","target":{"@type":"EntryPoint","urlTemplate":"https:\/\/www.miomiorun.com\/fr\/?s={search_term_string}"},"query-input":{"@type":"PropertyValueSpecification","valueRequired":true,"valueName":"search_term_string"}}],"inLanguage":"fr-FR"},{"@type":"Organization","@id":"https:\/\/www.miomiorun.com\/fr\/#organization","name":"MioMio Run","url":"https:\/\/www.miomiorun.com\/fr\/","logo":{"@type":"ImageObject","inLanguage":"fr-FR","@id":"https:\/\/www.miomiorun.com\/fr\/#\/schema\/logo\/image\/","url":"https:\/\/www.miomiorun.com\/app\/uploads\/2019\/12\/logomio.png","contentUrl":"https:\/\/www.miomiorun.com\/app\/uploads\/2019\/12\/logomio.png","width":115,"height":82,"caption":"MioMio Run"},"image":{"@id":"https:\/\/www.miomiorun.com\/fr\/#\/schema\/logo\/image\/"},"sameAs":["https:\/\/www.facebook.com\/miomiorun\/","https:\/\/www.instagram.com\/miomiorun\/"]}]}},"_links":{"self":[{"href":"https:\/\/www.miomiorun.com\/fr\/wp-json\/wp\/v2\/product\/295175","targetHints":{"allow":["GET"]}}],"collection":[{"href":"https:\/\/www.miomiorun.com\/fr\/wp-json\/wp\/v2\/product"}],"about":[{"href":"https:\/\/www.miomiorun.com\/fr\/wp-json\/wp\/v2\/types\/product"}],"wp:featuredmedia":[{"embeddable":true,"href":"https:\/\/www.miomiorun.com\/fr\/wp-json\/wp\/v2\/media\/248906"}],"wp:attachment":[{"href":"https:\/\/www.miomiorun.com\/fr\/wp-json\/wp\/v2\/media?parent=295175"}],"wp:term":[{"taxonomy":"product_brand","embeddable":true,"href":"https:\/\/www.miomiorun.com\/fr\/wp-json\/wp\/v2\/product_brand?post=295175"},{"taxonomy":"product_cat","embeddable":true,"href":"https:\/\/www.miomiorun.com\/fr\/wp-json\/wp\/v2\/product_cat?post=295175"},{"taxonomy":"product_tag","embeddable":true,"href":"https:\/\/www.miomiorun.com\/fr\/wp-json\/wp\/v2\/product_tag?post=295175"}],"curies":[{"name":"wp","href":"https:\/\/api.w.org\/{rel}","templated":true}]}}