{"id":295128,"date":"2024-09-26T11:43:58","date_gmt":"2024-09-26T09:43:58","guid":{"rendered":"https:\/\/miomiorun.com\/prodotto\/adizero-boston-12-donna\/"},"modified":"2026-05-08T22:14:35","modified_gmt":"2026-05-08T20:14:35","slug":"adizero-boston-12-femme","status":"publish","type":"product","link":"https:\/\/www.miomiorun.com\/fr\/produit\/adizero-boston-12-femme\/","title":{"rendered":"Adizero Boston 12 femme"},"content":{"rendered":"<div class=\"vc-row container\"><div class=\"vc-column\"><div class=\"vc-column-text\"><\/p>\n<h4>Caract\u00e9ristiques techniques<\/h4>\n<p>Cat\u00e9gorie : amorti moyen<br \/>\nD\u00e9calage : 6 mm (talon : 36 mm \/ avant-pied : 30 mm)<br \/>\nPoids : 217 g<br \/>\nId\u00e9al pour : coureurs interm\u00e9diaires, recherchant \u00e0 la fois performance et confort de course, pour de bons r\u00e9sultats en course ou un entra\u00eenement de qualit\u00e9.<br \/>\nPoids de l&#8217;athl\u00e8te : 50-65 kg<br \/>\nAllure de course : rapide (&gt;4.30 min\/km)<br \/>\n<a href=\"https:\/\/miomiorun.com\/fr\/guide-des-specificites\/\">Guide des sp\u00e9cifications<\/a><\/p>\n<p><\/div><\/div><div class=\"vc-column\"><div class=\"vc-column-text\"><\/p>\n<h2 class=\"subtitle___9ljbp\">Chaussures d&#8217;entra\u00eenement dot\u00e9es d&#8217;une technologie haute performance pour de nouveaux records de vitesse.<\/h2>\n<h3 class=\"gl-vspace\">Le marathon de Boston est une course. Mais c&#8217;est aussi un objectif, un plan d&#8217;entra\u00eenement et une pens\u00e9e fixe qui occupe votre esprit pendant des semaines avant le grand \u00e9v\u00e9nement.<\/h3>\n<p class=\"gl-vspace\">Les chaussures adizero Boston 12 en version f\u00e9minine sont con\u00e7ues pour courir sur des distances moyennes et longues. Gr\u00e2ce \u00e0 la technologie ENERGYRODS 2.0 avec des \u00e9l\u00e9ments en fibre de verre, la dispersion de l&#8217;\u00e9nergie est minimis\u00e9e, pour des performances le jour de la course et des sensations m\u00eame \u00e0 l&#8217;entra\u00eenement. Elles sont rapides, mais pas au d\u00e9triment de la durabilit\u00e9 : la semelle interm\u00e9diaire combine l&#8217;amorti ultra-l\u00e9ger LIGHTSTRIKE PRO avec une nouvelle version du compos\u00e9 EVA LIGHTSTRIKE 2.0 durable.<\/p>\n<h3><strong>Caract\u00e9ristiques :<\/strong><\/h3>\n<ul class=\"gl-list\">\n<li class=\"gl-vspace-bpall-small\">Coupe r\u00e9guli\u00e8re<\/li>\n<li class=\"gl-vspace-bpall-small\">Fermeture \u00e0 lacets<\/li>\n<li class=\"gl-vspace-bpall-small\">Dessus en maille l\u00e9g\u00e8re<\/li>\n<li class=\"gl-vspace-bpall-small\">Doublure en tissu<\/li>\n<li class=\"gl-vspace-bpall-small\">Les \u00e9l\u00e9ments ENERGYRODS 2.0 limitent la perte d&#8217;\u00e9nergie<\/li>\n<li class=\"gl-vspace-bpall-small\">Amortissement Lightstrike Pro<\/li>\n<li class=\"gl-vspace-bpall-small\">Semelle ext\u00e9rieure en caoutchouc Continental\u2122<\/li>\n<li class=\"gl-vspace-bpall-small\">La tige contient au moins 50 % de mat\u00e9riaux recycl\u00e9s.<\/li>\n<\/ul>\n<h2 style=\"text-align: center;\">D\u00e9tails de la chaussure<\/h2>\n<div class=\"accordion__content___29x9h\">\n<div class=\"content-padding___2kVWQ\">\n<div class=\"highlights___19JOq\">\n<div class=\"highlights-list___19FSM highlights-list--text-only___2yfW2\">\n<div class=\"highlight___3fa4r\">\n<div class=\"highlight-text___lgoJI\">\n<h3 class=\"highlight-text__headline___25B2G\">Maille technique<\/h3>\n<p>Am\u00e9liore vos entra\u00eenements gr\u00e2ce \u00e0 sa structure respirante. Un soutien cibl\u00e9 dans les zones strat\u00e9giques du pied assure un ajustement parfait autour de la vo\u00fbte plantaire et une flexibilit\u00e9 \u00e0 l&#8217;avant-pied.<\/p>\n<\/div>\n<\/div>\n<div class=\"highlight___3fa4r\">\n<div class=\"highlight-text___lgoJI\">\n<h3 class=\"highlight-text__headline___25B2G\">ENERGYRODS 2.0<\/h3>\n<p>Un syst\u00e8me holistique con\u00e7u pour assurer une transition en douceur du talon aux orteils, offrant des performances exceptionnelles m\u00eame lors des entra\u00eenements les plus rapides.<\/p>\n<\/div>\n<\/div>\n<div class=\"highlight___3fa4r\">\n<div class=\"highlight-text___lgoJI\">\n<h3 class=\"highlight-text__headline___25B2G\">Lightstrike Pro + Lightstrike 2.0<\/h3>\n<p>Une semelle interm\u00e9diaire multicouche compos\u00e9e de notre compos\u00e9 Lightstrike Pro haute performance et du nouveau Lightstrike 2.0, con\u00e7u pour offrir un amorti et une r\u00e9activit\u00e9 optimaux. La semelle ext\u00e9rieure Continental\u2122 offre une adh\u00e9rence sup\u00e9rieure, m\u00eame dans les conditions les plus difficiles.<\/p>\n<\/div>\n<\/div>\n<div class=\"highlight___3fa4r\">\n<div class=\"highlight-text___lgoJI\">\n<h3 class=\"highlight-text__headline___25B2G\">Fabriqu\u00e9e en partie \u00e0 partir de mat\u00e9riaux recycl\u00e9s.<\/h3>\n<p>La tige contient au moins 50 % de mat\u00e9riaux recycl\u00e9s.<\/p>\n<h2 style=\"text-align: center;\">Technologie<\/h2>\n<div class=\"accordion__content___29x9h\">\n<div class=\"content-padding___2kVWQ\">\n<div class=\"technologies-section___3gZqW technologies-section--no-img___B_YZF\">\n<div class=\"technologies-content-container--no-img___wNKqW\">\n<div class=\"technologies-content-name___kkx_0\"><strong>LIGHTSTRIKE<\/strong><\/div>\n<div class=\"technologies-content-title___moWj6\">L\u00e9g\u00e8ret\u00e9 et vitesse<\/div>\n<p class=\"technologies-content-subtitle___2bGCf\">Amortissement Lightstrike ultra-l\u00e9ger pour une plus grande vitesse.<\/p>\n<\/div>\n<\/div>\n<div class=\"technologies-section___3gZqW technologies-section--no-img___B_YZF\">\n<div class=\"technologies-content-container--no-img___wNKqW\">\n<div class=\"technologies-content-name___kkx_0\"><strong>LIGHTSTRIKE PRO<\/strong><\/div>\n<div class=\"technologies-content-title___moWj6\">L\u00e9g\u00e8ret\u00e9 record<\/div>\n<p class=\"technologies-content-subtitle___2bGCf\">L&#8217;amorti adidas Lightstrike Pro est con\u00e7u pour vous offrir une vitesse et un retour d&#8217;\u00e9nergie sup\u00e9rieurs.<\/p>\n<\/div>\n<\/div>\n<\/div>\n<\/div>\n<\/div>\n<\/div>\n<\/div>\n<\/div>\n<\/div>\n<\/div>\n<p><\/div><\/div><\/div>\n","protected":false},"excerpt":{"rendered":"<ul>\n<li>Chaussure qui vous permettra de courir plus vite.<\/li>\n<li>Id\u00e9ale pour vos entra\u00eenements et vos courses.<\/li>\n<\/ul>\n","protected":false},"featured_media":264833,"template":"","meta":{"_acf_changed":false,"inline_featured_image":false},"product_brand":[],"product_cat":[24435,24434],"product_tag":[23557,23563],"class_list":{"0":"post-295128","1":"product","2":"type-product","3":"status-publish","4":"has-post-thumbnail","6":"product_cat-chaussures-pour-femmes-fr","7":"product_cat-neutre-fr-2","8":"product_tag-adidas-fr","9":"product_tag-adidas-femme","10":"pa_attivita-running-fr","11":"pa_colore-adizero-boston-12-w-grefiv-cryjad-lucpnk-fr","12":"pa_marca-adidas-fr","13":"pa_sesso-femme","14":"pa_size-42-fr","15":"pa_size-43-fr","17":"first","18":"instock","19":"sale","20":"taxable","21":"shipping-taxable","22":"purchasable","23":"product-type-variable","24":"wvs-archive-product-wrapper"},"acf":[],"yoast_head":"<!-- This site is optimized with the Yoast SEO plugin v26.8 - https:\/\/yoast.com\/product\/yoast-seo-wordpress\/ -->\n<title>Adidas Adizero Boston 12 femme - chaussures de course - MioMioRun<\/title>\n<meta name=\"description\" content=\"Les chaussures adizero Boston 12 en version femme sont con\u00e7ues pour la course \u00e0 pied sur moyennes et longues distances. Gr\u00e2ce \u00e0 la technologie ENERGYRODS 2.0\" \/>\n<meta name=\"robots\" content=\"index, follow, max-snippet:-1, max-image-preview:large, max-video-preview:-1\" \/>\n<link rel=\"canonical\" href=\"https:\/\/www.miomiorun.com\/fr\/produit\/adizero-boston-12-femme\/\" \/>\n<meta property=\"og:locale\" content=\"fr_FR\" \/>\n<meta property=\"og:type\" content=\"article\" \/>\n<meta property=\"og:title\" content=\"Adidas Adizero Boston 12 femme - chaussures de course - MioMioRun\" \/>\n<meta property=\"og:description\" content=\"Les chaussures adizero Boston 12 en version femme sont con\u00e7ues pour la course \u00e0 pied sur moyennes et longues distances. Gr\u00e2ce \u00e0 la technologie ENERGYRODS 2.0\" \/>\n<meta property=\"og:url\" content=\"https:\/\/www.miomiorun.com\/fr\/produit\/adizero-boston-12-femme\/\" \/>\n<meta property=\"og:site_name\" content=\"MioMioRun\" \/>\n<meta property=\"article:publisher\" content=\"https:\/\/www.facebook.com\/miomiorun\/\" \/>\n<meta property=\"article:modified_time\" content=\"2026-05-08T20:14:35+00:00\" \/>\n<meta property=\"og:image\" content=\"https:\/\/www.miomiorun.com\/app\/uploads\/2025\/03\/adidas-Adizero-Boston-12-W-grefiv-cryjad-lucpnk-JI4481.webp\" \/>\n\t<meta property=\"og:image:width\" content=\"600\" \/>\n\t<meta property=\"og:image:height\" content=\"600\" \/>\n\t<meta property=\"og:image:type\" content=\"image\/webp\" \/>\n<meta name=\"twitter:card\" content=\"summary_large_image\" \/>\n<meta name=\"twitter:label1\" content=\"Est. reading time\" \/>\n\t<meta name=\"twitter:data1\" content=\"2 minutes\" \/>\n<script type=\"application\/ld+json\" class=\"yoast-schema-graph\">{\"@context\":\"https:\/\/schema.org\",\"@graph\":[{\"@type\":\"WebPage\",\"@id\":\"https:\/\/www.miomiorun.com\/fr\/produit\/adizero-boston-12-femme\/\",\"url\":\"https:\/\/www.miomiorun.com\/fr\/produit\/adizero-boston-12-femme\/\",\"name\":\"Adidas Adizero Boston 12 femme - chaussures de course - MioMioRun\",\"isPartOf\":{\"@id\":\"https:\/\/www.miomiorun.com\/fr\/#website\"},\"primaryImageOfPage\":{\"@id\":\"https:\/\/www.miomiorun.com\/fr\/produit\/adizero-boston-12-femme\/#primaryimage\"},\"image\":{\"@id\":\"https:\/\/www.miomiorun.com\/fr\/produit\/adizero-boston-12-femme\/#primaryimage\"},\"thumbnailUrl\":\"https:\/\/www.miomiorun.com\/app\/uploads\/2025\/03\/adidas-Adizero-Boston-12-W-grefiv-cryjad-lucpnk-JI4481.webp\",\"datePublished\":\"2024-09-26T09:43:58+00:00\",\"dateModified\":\"2026-05-08T20:14:35+00:00\",\"description\":\"Les chaussures adizero Boston 12 en version femme sont con\u00e7ues pour la course \u00e0 pied sur moyennes et longues distances. Gr\u00e2ce \u00e0 la technologie ENERGYRODS 2.0\",\"breadcrumb\":{\"@id\":\"https:\/\/www.miomiorun.com\/fr\/produit\/adizero-boston-12-femme\/#breadcrumb\"},\"inLanguage\":\"fr-FR\",\"potentialAction\":[{\"@type\":\"ReadAction\",\"target\":[\"https:\/\/www.miomiorun.com\/fr\/produit\/adizero-boston-12-femme\/\"]}]},{\"@type\":\"ImageObject\",\"inLanguage\":\"fr-FR\",\"@id\":\"https:\/\/www.miomiorun.com\/fr\/produit\/adizero-boston-12-femme\/#primaryimage\",\"url\":\"https:\/\/www.miomiorun.com\/app\/uploads\/2025\/03\/adidas-Adizero-Boston-12-W-grefiv-cryjad-lucpnk-JI4481.webp\",\"contentUrl\":\"https:\/\/www.miomiorun.com\/app\/uploads\/2025\/03\/adidas-Adizero-Boston-12-W-grefiv-cryjad-lucpnk-JI4481.webp\",\"width\":600,\"height\":600,\"caption\":\"adidas Adizero Boston 12 W grefiv cryjad lucpnk JI4481\"},{\"@type\":\"BreadcrumbList\",\"@id\":\"https:\/\/www.miomiorun.com\/fr\/produit\/adizero-boston-12-femme\/#breadcrumb\",\"itemListElement\":[{\"@type\":\"ListItem\",\"position\":1,\"name\":\"Home\",\"item\":\"https:\/\/www.miomiorun.com\/fr\/home-page\/\"},{\"@type\":\"ListItem\",\"position\":2,\"name\":\"Shop\",\"item\":\"https:\/\/www.miomiorun.com\/shop\/\"},{\"@type\":\"ListItem\",\"position\":3,\"name\":\"Adizero Boston 12 femme\"}]},{\"@type\":\"WebSite\",\"@id\":\"https:\/\/www.miomiorun.com\/fr\/#website\",\"url\":\"https:\/\/www.miomiorun.com\/fr\/\",\"name\":\"MioMioRun\",\"description\":\"Boutique 100% running et trail\",\"publisher\":{\"@id\":\"https:\/\/www.miomiorun.com\/fr\/#organization\"},\"potentialAction\":[{\"@type\":\"SearchAction\",\"target\":{\"@type\":\"EntryPoint\",\"urlTemplate\":\"https:\/\/www.miomiorun.com\/fr\/?s={search_term_string}\"},\"query-input\":{\"@type\":\"PropertyValueSpecification\",\"valueRequired\":true,\"valueName\":\"search_term_string\"}}],\"inLanguage\":\"fr-FR\"},{\"@type\":\"Organization\",\"@id\":\"https:\/\/www.miomiorun.com\/fr\/#organization\",\"name\":\"MioMio Run\",\"url\":\"https:\/\/www.miomiorun.com\/fr\/\",\"logo\":{\"@type\":\"ImageObject\",\"inLanguage\":\"fr-FR\",\"@id\":\"https:\/\/www.miomiorun.com\/fr\/#\/schema\/logo\/image\/\",\"url\":\"https:\/\/www.miomiorun.com\/app\/uploads\/2019\/12\/logomio.png\",\"contentUrl\":\"https:\/\/www.miomiorun.com\/app\/uploads\/2019\/12\/logomio.png\",\"width\":115,\"height\":82,\"caption\":\"MioMio Run\"},\"image\":{\"@id\":\"https:\/\/www.miomiorun.com\/fr\/#\/schema\/logo\/image\/\"},\"sameAs\":[\"https:\/\/www.facebook.com\/miomiorun\/\",\"https:\/\/www.instagram.com\/miomiorun\/\"]}]}<\/script>\n<!-- \/ Yoast SEO plugin. -->","yoast_head_json":{"title":"Adidas Adizero Boston 12 femme - chaussures de course - MioMioRun","description":"Les chaussures adizero Boston 12 en version femme sont con\u00e7ues pour la course \u00e0 pied sur moyennes et longues distances. Gr\u00e2ce \u00e0 la technologie ENERGYRODS 2.0","robots":{"index":"index","follow":"follow","max-snippet":"max-snippet:-1","max-image-preview":"max-image-preview:large","max-video-preview":"max-video-preview:-1"},"canonical":"https:\/\/www.miomiorun.com\/fr\/produit\/adizero-boston-12-femme\/","og_locale":"fr_FR","og_type":"article","og_title":"Adidas Adizero Boston 12 femme - chaussures de course - MioMioRun","og_description":"Les chaussures adizero Boston 12 en version femme sont con\u00e7ues pour la course \u00e0 pied sur moyennes et longues distances. Gr\u00e2ce \u00e0 la technologie ENERGYRODS 2.0","og_url":"https:\/\/www.miomiorun.com\/fr\/produit\/adizero-boston-12-femme\/","og_site_name":"MioMioRun","article_publisher":"https:\/\/www.facebook.com\/miomiorun\/","article_modified_time":"2026-05-08T20:14:35+00:00","og_image":[{"width":600,"height":600,"url":"https:\/\/www.miomiorun.com\/app\/uploads\/2025\/03\/adidas-Adizero-Boston-12-W-grefiv-cryjad-lucpnk-JI4481.webp","type":"image\/webp"}],"twitter_card":"summary_large_image","twitter_misc":{"Est. reading time":"2 minutes"},"schema":{"@context":"https:\/\/schema.org","@graph":[{"@type":"WebPage","@id":"https:\/\/www.miomiorun.com\/fr\/produit\/adizero-boston-12-femme\/","url":"https:\/\/www.miomiorun.com\/fr\/produit\/adizero-boston-12-femme\/","name":"Adidas Adizero Boston 12 femme - chaussures de course - MioMioRun","isPartOf":{"@id":"https:\/\/www.miomiorun.com\/fr\/#website"},"primaryImageOfPage":{"@id":"https:\/\/www.miomiorun.com\/fr\/produit\/adizero-boston-12-femme\/#primaryimage"},"image":{"@id":"https:\/\/www.miomiorun.com\/fr\/produit\/adizero-boston-12-femme\/#primaryimage"},"thumbnailUrl":"https:\/\/www.miomiorun.com\/app\/uploads\/2025\/03\/adidas-Adizero-Boston-12-W-grefiv-cryjad-lucpnk-JI4481.webp","datePublished":"2024-09-26T09:43:58+00:00","dateModified":"2026-05-08T20:14:35+00:00","description":"Les chaussures adizero Boston 12 en version femme sont con\u00e7ues pour la course \u00e0 pied sur moyennes et longues distances. Gr\u00e2ce \u00e0 la technologie ENERGYRODS 2.0","breadcrumb":{"@id":"https:\/\/www.miomiorun.com\/fr\/produit\/adizero-boston-12-femme\/#breadcrumb"},"inLanguage":"fr-FR","potentialAction":[{"@type":"ReadAction","target":["https:\/\/www.miomiorun.com\/fr\/produit\/adizero-boston-12-femme\/"]}]},{"@type":"ImageObject","inLanguage":"fr-FR","@id":"https:\/\/www.miomiorun.com\/fr\/produit\/adizero-boston-12-femme\/#primaryimage","url":"https:\/\/www.miomiorun.com\/app\/uploads\/2025\/03\/adidas-Adizero-Boston-12-W-grefiv-cryjad-lucpnk-JI4481.webp","contentUrl":"https:\/\/www.miomiorun.com\/app\/uploads\/2025\/03\/adidas-Adizero-Boston-12-W-grefiv-cryjad-lucpnk-JI4481.webp","width":600,"height":600,"caption":"adidas Adizero Boston 12 W grefiv cryjad lucpnk JI4481"},{"@type":"BreadcrumbList","@id":"https:\/\/www.miomiorun.com\/fr\/produit\/adizero-boston-12-femme\/#breadcrumb","itemListElement":[{"@type":"ListItem","position":1,"name":"Home","item":"https:\/\/www.miomiorun.com\/fr\/home-page\/"},{"@type":"ListItem","position":2,"name":"Shop","item":"https:\/\/www.miomiorun.com\/shop\/"},{"@type":"ListItem","position":3,"name":"Adizero Boston 12 femme"}]},{"@type":"WebSite","@id":"https:\/\/www.miomiorun.com\/fr\/#website","url":"https:\/\/www.miomiorun.com\/fr\/","name":"MioMioRun","description":"Boutique 100% running et trail","publisher":{"@id":"https:\/\/www.miomiorun.com\/fr\/#organization"},"potentialAction":[{"@type":"SearchAction","target":{"@type":"EntryPoint","urlTemplate":"https:\/\/www.miomiorun.com\/fr\/?s={search_term_string}"},"query-input":{"@type":"PropertyValueSpecification","valueRequired":true,"valueName":"search_term_string"}}],"inLanguage":"fr-FR"},{"@type":"Organization","@id":"https:\/\/www.miomiorun.com\/fr\/#organization","name":"MioMio Run","url":"https:\/\/www.miomiorun.com\/fr\/","logo":{"@type":"ImageObject","inLanguage":"fr-FR","@id":"https:\/\/www.miomiorun.com\/fr\/#\/schema\/logo\/image\/","url":"https:\/\/www.miomiorun.com\/app\/uploads\/2019\/12\/logomio.png","contentUrl":"https:\/\/www.miomiorun.com\/app\/uploads\/2019\/12\/logomio.png","width":115,"height":82,"caption":"MioMio Run"},"image":{"@id":"https:\/\/www.miomiorun.com\/fr\/#\/schema\/logo\/image\/"},"sameAs":["https:\/\/www.facebook.com\/miomiorun\/","https:\/\/www.instagram.com\/miomiorun\/"]}]}},"_links":{"self":[{"href":"https:\/\/www.miomiorun.com\/fr\/wp-json\/wp\/v2\/product\/295128","targetHints":{"allow":["GET"]}}],"collection":[{"href":"https:\/\/www.miomiorun.com\/fr\/wp-json\/wp\/v2\/product"}],"about":[{"href":"https:\/\/www.miomiorun.com\/fr\/wp-json\/wp\/v2\/types\/product"}],"wp:featuredmedia":[{"embeddable":true,"href":"https:\/\/www.miomiorun.com\/fr\/wp-json\/wp\/v2\/media\/264833"}],"wp:attachment":[{"href":"https:\/\/www.miomiorun.com\/fr\/wp-json\/wp\/v2\/media?parent=295128"}],"wp:term":[{"taxonomy":"product_brand","embeddable":true,"href":"https:\/\/www.miomiorun.com\/fr\/wp-json\/wp\/v2\/product_brand?post=295128"},{"taxonomy":"product_cat","embeddable":true,"href":"https:\/\/www.miomiorun.com\/fr\/wp-json\/wp\/v2\/product_cat?post=295128"},{"taxonomy":"product_tag","embeddable":true,"href":"https:\/\/www.miomiorun.com\/fr\/wp-json\/wp\/v2\/product_tag?post=295128"}],"curies":[{"name":"wp","href":"https:\/\/api.w.org\/{rel}","templated":true}]}}