{"id":295127,"date":"2024-09-26T12:38:09","date_gmt":"2024-09-26T10:38:09","guid":{"rendered":"https:\/\/miomiorun.com\/prodotto\/sprintstar\/"},"modified":"2026-05-08T22:14:41","modified_gmt":"2026-05-08T20:14:41","slug":"sprintstar","status":"publish","type":"product","link":"https:\/\/www.miomiorun.com\/fr\/produit\/sprintstar\/","title":{"rendered":"Sprintstar"},"content":{"rendered":"<div class=\"vc-row container\"><div class=\"vc-column\"><div class=\"vc-column-text\"><\/p>\n<p><strong>Caract\u00e9ristiques techniques<\/strong><\/p>\n<p>Cat\u00e9gorie : piste<\/p>\n<p>Poids : 175 g<br \/>\nId\u00e9al pour : les athl\u00e8tes recherchant des chaussures \u00e0 crampons pour l&#8217;entra\u00eenement et la course sur piste sur des distances allant jusqu&#8217;\u00e0 1500 m\u00e8tres<br \/>\nPoids de l&#8217;athl\u00e8te : 50-75 kg<br \/>\nAllure de course : rapide &lt; 3.30 min\/km<br \/>\n<a href=\"https:\/\/miomiorun.com\/fr\/guide-des-specificites\/\">Guide de sp\u00e9cification<\/a><\/p>\n<p><\/div><\/div><div class=\"vc-column\"><div class=\"vc-column-text\"><\/p>\n<div class=\"accordion__content___29x9h\">\n<div class=\"content-padding___2kVWQ\">\n<div class=\"description___29WFI\">\n<div class=\"text-content___13aRm\">\n<h3 class=\"subtitle___9ljbp\">Chaussures de sport fabriqu\u00e9es en partie \u00e0 partir de mat\u00e9riaux recycl\u00e9s.<\/h3>\n<p class=\"gl-vspace\">Am\u00e9liorez votre record personnel. Ces chaussures unisexes <strong>adizero Sprintstar<\/strong> ont \u00e9t\u00e9 cr\u00e9\u00e9es pour les athl\u00e8tes \u00e0 la recherche d&#8217;une vitesse maximale.<\/p>\n<p class=\"gl-vspace\">La tige synth\u00e9tique et la doublure en maille assurent une respirabilit\u00e9 optimale, et la plaque \u00e0 picots rigide favorise une acc\u00e9l\u00e9ration stup\u00e9fiante sur les trajectoires en ligne droite. La silhouette a\u00e9rodynamique et la semelle synth\u00e9tique vous propulsent vers l&#8217;avant. Si vous avez l&#8217;intention de franchir la ligne d&#8217;arriv\u00e9e avant tout le monde, ces chaussures sont les alli\u00e9es id\u00e9ales pour y parvenir. Ce produit contient au moins 20 % de mat\u00e9riaux recycl\u00e9s.<\/p>\n<h3>Caract\u00e9ristiques :<\/h3>\n<ul class=\"gl-list\">\n<li class=\"gl-vspace-bpall-small\">Coupe r\u00e9guli\u00e8re<\/li>\n<li class=\"gl-vspace-bpall-small\">Fermeture \u00e0 lacets<\/li>\n<li class=\"gl-vspace-bpall-small\">Dessus en mati\u00e8re synth\u00e9tique<\/li>\n<li class=\"gl-vspace-bpall-small\">Doublure en mati\u00e8re synth\u00e9tique<\/li>\n<li class=\"gl-vspace-bpall-small\">Semelle synth\u00e9tique avec plaque \u00e0 crampons<\/li>\n<li class=\"gl-vspace-bpall-small\">Semelle synth\u00e9tique avec plaque clout\u00e9e<\/li>\n<li class=\"gl-vspace-bpall-small\">Au moins 20 % des mat\u00e9riaux proviennent de sources recycl\u00e9es<\/li>\n<\/ul>\n<p>&nbsp;<\/p>\n<\/div>\n<\/div>\n<\/div>\n<\/div>\n<p><\/div><\/div><\/div>\n","protected":false},"excerpt":{"rendered":"<ul>\n<li>Chaussures de course \u00e0 crampons<\/li>\n<li>Pour les sportifs recherchant une vitesse maximale<\/li>\n<\/ul>\n","protected":false},"featured_media":249160,"template":"","meta":{"_acf_changed":false,"inline_featured_image":false},"product_brand":[],"product_cat":[22605,24448,22606,24447],"product_tag":[23557,23563,23564],"class_list":{"0":"post-295127","1":"product","2":"type-product","3":"status-publish","4":"has-post-thumbnail","6":"product_cat-chaussures-pour-femmes","7":"product_cat-chaussures-pour-hommes-fr","8":"product_cat-neutre","9":"product_cat-neutre-fr-3","10":"product_tag-adidas-fr","11":"product_tag-adidas-femme","12":"product_tag-adidas-homme","13":"pa_attivita-running-fr","14":"pa_colore-sprintstar-cblack-zeromt-ftwwh-fr","15":"pa_colore-sprintstar-spark-cblack-zeromt-fr","16":"pa_marca-adidas-fr","17":"pa_sesso-femme","18":"pa_sesso-homme","19":"pa_size-42-fr","21":"pa_size-43-fr","22":"pa_size-44-fr","24":"first","25":"instock","26":"sale","27":"taxable","28":"shipping-taxable","29":"purchasable","30":"product-type-variable","31":"wvs-archive-product-wrapper"},"acf":[],"yoast_head":"<!-- This site is optimized with the Yoast SEO plugin v26.8 - https:\/\/yoast.com\/product\/yoast-seo-wordpress\/ -->\n<title>Adidas Sprintstar - Chaussures \u00e0 pointes - MioMioRun.com<\/title>\n<meta name=\"description\" content=\"Les chaussures unisexes adizero Sprintstar ont \u00e9t\u00e9 cr\u00e9\u00e9es pour l&#039;athl\u00e8te qui recherche une vitesse maximale. D\u00e9couvrez avec nous\" \/>\n<meta name=\"robots\" content=\"index, follow, max-snippet:-1, max-image-preview:large, max-video-preview:-1\" \/>\n<link rel=\"canonical\" href=\"https:\/\/www.miomiorun.com\/fr\/produit\/sprintstar\/\" \/>\n<meta property=\"og:locale\" content=\"fr_FR\" \/>\n<meta property=\"og:type\" content=\"article\" \/>\n<meta property=\"og:title\" content=\"Adidas Sprintstar - Chaussures \u00e0 pointes - MioMioRun.com\" \/>\n<meta property=\"og:description\" content=\"Les chaussures unisexes adizero Sprintstar ont \u00e9t\u00e9 cr\u00e9\u00e9es pour l&#039;athl\u00e8te qui recherche une vitesse maximale. D\u00e9couvrez avec nous\" \/>\n<meta property=\"og:url\" content=\"https:\/\/www.miomiorun.com\/fr\/produit\/sprintstar\/\" \/>\n<meta property=\"og:site_name\" content=\"MioMioRun\" \/>\n<meta property=\"article:publisher\" content=\"https:\/\/www.facebook.com\/miomiorun\/\" \/>\n<meta property=\"article:modified_time\" content=\"2026-05-08T20:14:41+00:00\" \/>\n<meta property=\"og:image\" content=\"https:\/\/www.miomiorun.com\/app\/uploads\/2024\/10\/adidas-Sprintstar-spark-cblack-zeromt-IF1233.webp\" \/>\n\t<meta property=\"og:image:width\" content=\"600\" \/>\n\t<meta property=\"og:image:height\" content=\"600\" \/>\n\t<meta property=\"og:image:type\" content=\"image\/webp\" \/>\n<meta name=\"twitter:card\" content=\"summary_large_image\" \/>\n<meta name=\"twitter:label1\" content=\"Est. reading time\" \/>\n\t<meta name=\"twitter:data1\" content=\"1 minute\" \/>\n<script type=\"application\/ld+json\" class=\"yoast-schema-graph\">{\"@context\":\"https:\/\/schema.org\",\"@graph\":[{\"@type\":\"WebPage\",\"@id\":\"https:\/\/www.miomiorun.com\/fr\/produit\/sprintstar\/\",\"url\":\"https:\/\/www.miomiorun.com\/fr\/produit\/sprintstar\/\",\"name\":\"Adidas Sprintstar - Chaussures \u00e0 pointes - MioMioRun.com\",\"isPartOf\":{\"@id\":\"https:\/\/www.miomiorun.com\/fr\/#website\"},\"primaryImageOfPage\":{\"@id\":\"https:\/\/www.miomiorun.com\/fr\/produit\/sprintstar\/#primaryimage\"},\"image\":{\"@id\":\"https:\/\/www.miomiorun.com\/fr\/produit\/sprintstar\/#primaryimage\"},\"thumbnailUrl\":\"https:\/\/www.miomiorun.com\/app\/uploads\/2024\/10\/adidas-Sprintstar-spark-cblack-zeromt-IF1233.webp\",\"datePublished\":\"2024-09-26T10:38:09+00:00\",\"dateModified\":\"2026-05-08T20:14:41+00:00\",\"description\":\"Les chaussures unisexes adizero Sprintstar ont \u00e9t\u00e9 cr\u00e9\u00e9es pour l'athl\u00e8te qui recherche une vitesse maximale. D\u00e9couvrez avec nous\",\"breadcrumb\":{\"@id\":\"https:\/\/www.miomiorun.com\/fr\/produit\/sprintstar\/#breadcrumb\"},\"inLanguage\":\"fr-FR\",\"potentialAction\":[{\"@type\":\"ReadAction\",\"target\":[\"https:\/\/www.miomiorun.com\/fr\/produit\/sprintstar\/\"]}]},{\"@type\":\"ImageObject\",\"inLanguage\":\"fr-FR\",\"@id\":\"https:\/\/www.miomiorun.com\/fr\/produit\/sprintstar\/#primaryimage\",\"url\":\"https:\/\/www.miomiorun.com\/app\/uploads\/2024\/10\/adidas-Sprintstar-spark-cblack-zeromt-IF1233.webp\",\"contentUrl\":\"https:\/\/www.miomiorun.com\/app\/uploads\/2024\/10\/adidas-Sprintstar-spark-cblack-zeromt-IF1233.webp\",\"width\":600,\"height\":600,\"caption\":\"adidas Sprintstar spark cblack zeromt IF1233\"},{\"@type\":\"BreadcrumbList\",\"@id\":\"https:\/\/www.miomiorun.com\/fr\/produit\/sprintstar\/#breadcrumb\",\"itemListElement\":[{\"@type\":\"ListItem\",\"position\":1,\"name\":\"Home\",\"item\":\"https:\/\/www.miomiorun.com\/fr\/home-page\/\"},{\"@type\":\"ListItem\",\"position\":2,\"name\":\"Shop\",\"item\":\"https:\/\/www.miomiorun.com\/shop\/\"},{\"@type\":\"ListItem\",\"position\":3,\"name\":\"Sprintstar\"}]},{\"@type\":\"WebSite\",\"@id\":\"https:\/\/www.miomiorun.com\/fr\/#website\",\"url\":\"https:\/\/www.miomiorun.com\/fr\/\",\"name\":\"MioMioRun\",\"description\":\"Boutique 100% running et trail\",\"publisher\":{\"@id\":\"https:\/\/www.miomiorun.com\/fr\/#organization\"},\"potentialAction\":[{\"@type\":\"SearchAction\",\"target\":{\"@type\":\"EntryPoint\",\"urlTemplate\":\"https:\/\/www.miomiorun.com\/fr\/?s={search_term_string}\"},\"query-input\":{\"@type\":\"PropertyValueSpecification\",\"valueRequired\":true,\"valueName\":\"search_term_string\"}}],\"inLanguage\":\"fr-FR\"},{\"@type\":\"Organization\",\"@id\":\"https:\/\/www.miomiorun.com\/fr\/#organization\",\"name\":\"MioMio Run\",\"url\":\"https:\/\/www.miomiorun.com\/fr\/\",\"logo\":{\"@type\":\"ImageObject\",\"inLanguage\":\"fr-FR\",\"@id\":\"https:\/\/www.miomiorun.com\/fr\/#\/schema\/logo\/image\/\",\"url\":\"https:\/\/www.miomiorun.com\/app\/uploads\/2019\/12\/logomio.png\",\"contentUrl\":\"https:\/\/www.miomiorun.com\/app\/uploads\/2019\/12\/logomio.png\",\"width\":115,\"height\":82,\"caption\":\"MioMio Run\"},\"image\":{\"@id\":\"https:\/\/www.miomiorun.com\/fr\/#\/schema\/logo\/image\/\"},\"sameAs\":[\"https:\/\/www.facebook.com\/miomiorun\/\",\"https:\/\/www.instagram.com\/miomiorun\/\"]}]}<\/script>\n<!-- \/ Yoast SEO plugin. -->","yoast_head_json":{"title":"Adidas Sprintstar - Chaussures \u00e0 pointes - MioMioRun.com","description":"Les chaussures unisexes adizero Sprintstar ont \u00e9t\u00e9 cr\u00e9\u00e9es pour l'athl\u00e8te qui recherche une vitesse maximale. D\u00e9couvrez avec nous","robots":{"index":"index","follow":"follow","max-snippet":"max-snippet:-1","max-image-preview":"max-image-preview:large","max-video-preview":"max-video-preview:-1"},"canonical":"https:\/\/www.miomiorun.com\/fr\/produit\/sprintstar\/","og_locale":"fr_FR","og_type":"article","og_title":"Adidas Sprintstar - Chaussures \u00e0 pointes - MioMioRun.com","og_description":"Les chaussures unisexes adizero Sprintstar ont \u00e9t\u00e9 cr\u00e9\u00e9es pour l'athl\u00e8te qui recherche une vitesse maximale. D\u00e9couvrez avec nous","og_url":"https:\/\/www.miomiorun.com\/fr\/produit\/sprintstar\/","og_site_name":"MioMioRun","article_publisher":"https:\/\/www.facebook.com\/miomiorun\/","article_modified_time":"2026-05-08T20:14:41+00:00","og_image":[{"width":600,"height":600,"url":"https:\/\/www.miomiorun.com\/app\/uploads\/2024\/10\/adidas-Sprintstar-spark-cblack-zeromt-IF1233.webp","type":"image\/webp"}],"twitter_card":"summary_large_image","twitter_misc":{"Est. reading time":"1 minute"},"schema":{"@context":"https:\/\/schema.org","@graph":[{"@type":"WebPage","@id":"https:\/\/www.miomiorun.com\/fr\/produit\/sprintstar\/","url":"https:\/\/www.miomiorun.com\/fr\/produit\/sprintstar\/","name":"Adidas Sprintstar - Chaussures \u00e0 pointes - MioMioRun.com","isPartOf":{"@id":"https:\/\/www.miomiorun.com\/fr\/#website"},"primaryImageOfPage":{"@id":"https:\/\/www.miomiorun.com\/fr\/produit\/sprintstar\/#primaryimage"},"image":{"@id":"https:\/\/www.miomiorun.com\/fr\/produit\/sprintstar\/#primaryimage"},"thumbnailUrl":"https:\/\/www.miomiorun.com\/app\/uploads\/2024\/10\/adidas-Sprintstar-spark-cblack-zeromt-IF1233.webp","datePublished":"2024-09-26T10:38:09+00:00","dateModified":"2026-05-08T20:14:41+00:00","description":"Les chaussures unisexes adizero Sprintstar ont \u00e9t\u00e9 cr\u00e9\u00e9es pour l'athl\u00e8te qui recherche une vitesse maximale. D\u00e9couvrez avec nous","breadcrumb":{"@id":"https:\/\/www.miomiorun.com\/fr\/produit\/sprintstar\/#breadcrumb"},"inLanguage":"fr-FR","potentialAction":[{"@type":"ReadAction","target":["https:\/\/www.miomiorun.com\/fr\/produit\/sprintstar\/"]}]},{"@type":"ImageObject","inLanguage":"fr-FR","@id":"https:\/\/www.miomiorun.com\/fr\/produit\/sprintstar\/#primaryimage","url":"https:\/\/www.miomiorun.com\/app\/uploads\/2024\/10\/adidas-Sprintstar-spark-cblack-zeromt-IF1233.webp","contentUrl":"https:\/\/www.miomiorun.com\/app\/uploads\/2024\/10\/adidas-Sprintstar-spark-cblack-zeromt-IF1233.webp","width":600,"height":600,"caption":"adidas Sprintstar spark cblack zeromt IF1233"},{"@type":"BreadcrumbList","@id":"https:\/\/www.miomiorun.com\/fr\/produit\/sprintstar\/#breadcrumb","itemListElement":[{"@type":"ListItem","position":1,"name":"Home","item":"https:\/\/www.miomiorun.com\/fr\/home-page\/"},{"@type":"ListItem","position":2,"name":"Shop","item":"https:\/\/www.miomiorun.com\/shop\/"},{"@type":"ListItem","position":3,"name":"Sprintstar"}]},{"@type":"WebSite","@id":"https:\/\/www.miomiorun.com\/fr\/#website","url":"https:\/\/www.miomiorun.com\/fr\/","name":"MioMioRun","description":"Boutique 100% running et trail","publisher":{"@id":"https:\/\/www.miomiorun.com\/fr\/#organization"},"potentialAction":[{"@type":"SearchAction","target":{"@type":"EntryPoint","urlTemplate":"https:\/\/www.miomiorun.com\/fr\/?s={search_term_string}"},"query-input":{"@type":"PropertyValueSpecification","valueRequired":true,"valueName":"search_term_string"}}],"inLanguage":"fr-FR"},{"@type":"Organization","@id":"https:\/\/www.miomiorun.com\/fr\/#organization","name":"MioMio Run","url":"https:\/\/www.miomiorun.com\/fr\/","logo":{"@type":"ImageObject","inLanguage":"fr-FR","@id":"https:\/\/www.miomiorun.com\/fr\/#\/schema\/logo\/image\/","url":"https:\/\/www.miomiorun.com\/app\/uploads\/2019\/12\/logomio.png","contentUrl":"https:\/\/www.miomiorun.com\/app\/uploads\/2019\/12\/logomio.png","width":115,"height":82,"caption":"MioMio Run"},"image":{"@id":"https:\/\/www.miomiorun.com\/fr\/#\/schema\/logo\/image\/"},"sameAs":["https:\/\/www.facebook.com\/miomiorun\/","https:\/\/www.instagram.com\/miomiorun\/"]}]}},"_links":{"self":[{"href":"https:\/\/www.miomiorun.com\/fr\/wp-json\/wp\/v2\/product\/295127","targetHints":{"allow":["GET"]}}],"collection":[{"href":"https:\/\/www.miomiorun.com\/fr\/wp-json\/wp\/v2\/product"}],"about":[{"href":"https:\/\/www.miomiorun.com\/fr\/wp-json\/wp\/v2\/types\/product"}],"wp:featuredmedia":[{"embeddable":true,"href":"https:\/\/www.miomiorun.com\/fr\/wp-json\/wp\/v2\/media\/249160"}],"wp:attachment":[{"href":"https:\/\/www.miomiorun.com\/fr\/wp-json\/wp\/v2\/media?parent=295127"}],"wp:term":[{"taxonomy":"product_brand","embeddable":true,"href":"https:\/\/www.miomiorun.com\/fr\/wp-json\/wp\/v2\/product_brand?post=295127"},{"taxonomy":"product_cat","embeddable":true,"href":"https:\/\/www.miomiorun.com\/fr\/wp-json\/wp\/v2\/product_cat?post=295127"},{"taxonomy":"product_tag","embeddable":true,"href":"https:\/\/www.miomiorun.com\/fr\/wp-json\/wp\/v2\/product_tag?post=295127"}],"curies":[{"name":"wp","href":"https:\/\/api.w.org\/{rel}","templated":true}]}}