{"id":295073,"date":"2024-09-26T13:52:17","date_gmt":"2024-09-26T11:52:17","guid":{"rendered":"https:\/\/miomiorun.com\/prodotto\/supernova-rise-donna\/"},"modified":"2025-04-18T09:54:17","modified_gmt":"2025-04-18T07:54:17","slug":"supernova-rise-femme","status":"publish","type":"product","link":"https:\/\/www.miomiorun.com\/fr\/produit\/supernova-rise-femme\/","title":{"rendered":"Supernova Rise femme"},"content":{"rendered":"<div class=\"vc-row container\"><div class=\"vc-column\"><div class=\"vc-column-text\">[port_content_box border_top_colour=&#8221;black&#8221; border_radius=&#8221;20&#8243; border_top_width=&#8221;3&#8243; align=&#8221;centre&#8221;]<\/p>\n<h4>Caract\u00e9ristiques techniques<\/h4>\n<p>Cat\u00e9gorie : Amortissement structur\u00e9<br \/>\nD\u00e9calage : 9mm (34mm \/ 25mm)<br \/>\nPoids : 243 g<br \/>\nId\u00e9al pour : Chaussure id\u00e9ale pour les athl\u00e8tes de poids moyen et de foul\u00e9e moyenne \u00e0 la recherche d&#8217;un excellent amorti pour l&#8217;entra\u00eenement ou la course de moyenne \u00e0 longue distance, elle s&#8217;av\u00e8re \u00e9galement \u00eatre un excellent compagnon pour la marche<br \/>\nPoids de l&#8217;athl\u00e8te : 55-70 kg<br \/>\nCadence de course : 5 min\/kg<br \/>\n<a href=\"https:\/\/miomiorun.com\/fr\/guide-des-specificites\/\">Guide des sp\u00e9cifications techniques<\/a><br \/>\n[\/port_content_box].<\/div><\/div><div class=\"vc-column\"><div class=\"vc-column-text\"><\/p>\n<h3 class=\"subtitle___9ljbp\">SUPERCOMFORT. SUPERNOVA.<\/h3>\n<p class=\"gl-vspace\">Les Supernova Rise de la version femme sont parfaites pour un confort \u00e0 chaque foul\u00e9e. Le super compos\u00e9 innovant Dreamstrike+ de la semelle interm\u00e9diaire amortit chaque foul\u00e9e.<\/p>\n<h4 class=\"gl-vspace\">Qu&#8217;est-ce qui le rend si super ?<\/h4>\n<p class=\"gl-vspace\">Elle offre l&#8217;\u00e9quilibre id\u00e9al entre confort et soutien pendant la course, kilom\u00e8tre apr\u00e8s kilom\u00e8tre. En outre, le syst\u00e8me de barres de soutien compos\u00e9 ultra-dense assure des transitions fluides en totale harmonie avec votre mouvement. Enfin, le Comfort Heel Fit combine l&#8217;amorti du compound et la douceur du tissu pour vous offrir un soutien sans pr\u00e9c\u00e9dent, comme si la chaussure \u00e9pousait votre talon.<\/p>\n<p><strong>Caract\u00e9ristiques :<\/strong><\/p>\n<ul class=\"gl-list\">\n<li class=\"gl-vspace-bpall-small\">Coupe r\u00e9guli\u00e8re<\/li>\n<li class=\"gl-vspace-bpall-small\">Fermeture \u00e0 lacets<\/li>\n<li class=\"gl-vspace-bpall-small\">Dessus en maille<\/li>\n<li class=\"gl-vspace-bpall-small\">Syst\u00e8me de barres de soutien<\/li>\n<li class=\"gl-vspace-bpall-small\">Semelle interm\u00e9diaire Dreamstrike<\/li>\n<li>Semelle ext\u00e9rieure Adiwear<\/li>\n<\/ul>\n<section class=\"_wrapper_47lxb_8\">\n<div class=\"_statement_47lxb_12 color-theme-black\">\n<h2 class=\"_statement-title_47lxb_79 _dynamic-alignment_47lxb_146\">Supernova Rise<\/h2>\n<div class=\"_statement-summary_47lxb_103 _dynamic-alignment_47lxb_146\" data-auto-id=\"statement-summary\">\n<p>Le confort pour vos courses quotidiennes.<\/p>\n<div class=\"_cell_18qu3_18 _with-content_18qu3_27\" data-auto-id=\"bs-body\">\n<div class=\"_banner-split_18qu3_31 color-theme-black\">\n<h2 class=\"_banner-split-title_18qu3_68 _dynamic-alignment_18qu3_126\" data-auto-id=\"bs-title\">Dreamstrike<\/h2>\n<p class=\"_banner-split-summary_18qu3_92 _dynamic-alignment_18qu3_126\" data-auto-id=\"bs-summary\">La technologie Dreamstrike+ amortit la semelle interm\u00e9diaire gr\u00e2ce \u00e0 un compos\u00e9 innovant. Qu&#8217;est-ce qui la rend si g\u00e9niale ? L&#8217;\u00e9quilibre entre le confort et le soutien qu&#8217;il offre est id\u00e9al pour courir, kilom\u00e8tre apr\u00e8s kilom\u00e8tre.<\/p>\n<div class=\"_cell_18qu3_18 _with-content_18qu3_27\" data-auto-id=\"bs-body\">\n<div class=\"_banner-split_18qu3_31 color-theme-black\">\n<h2 class=\"_banner-split-title_18qu3_68 _dynamic-alignment_18qu3_126\" data-auto-id=\"bs-title\">Barres de maintien<\/h2>\n<p class=\"_banner-split-summary_18qu3_92 _dynamic-alignment_18qu3_126\" data-auto-id=\"bs-summary\">Pour assurer une fluidit\u00e9 maximale lors de chacune de vos courses, un syst\u00e8me de support compos\u00e9 de barres denses du talon aux orteils a \u00e9t\u00e9 incorpor\u00e9.<\/p>\n<div class=\"_cell_18qu3_18 _with-content_18qu3_27\" data-auto-id=\"bs-body\">\n<div class=\"_banner-split_18qu3_31 color-theme-black\">\n<h2 class=\"_banner-split-title_18qu3_68 _dynamic-alignment_18qu3_126\" data-auto-id=\"bs-title\">Talon super confortable<\/h2>\n<p class=\"_banner-split-summary_18qu3_92 _dynamic-alignment_18qu3_126\" data-auto-id=\"bs-summary\">Le compos\u00e9 souple et le tissu l\u00e9ger soutiennent d\u00e9licatement le talon.<\/p>\n<\/div>\n<\/div>\n<\/div>\n<\/div>\n<\/div>\n<\/div>\n<\/div>\n<\/div>\n<\/section>\n<p><\/div><\/div><\/div>\n","protected":false},"excerpt":{"rendered":"<ul>\n<li>Chaussure id\u00e9ale pour les longues distances, avec un<\/li>\n<li>confort et un soutien exceptionnels.<\/li>\n<\/ul>\n","protected":false},"featured_media":249176,"template":"","meta":{"_acf_changed":false,"inline_featured_image":false},"product_brand":[],"product_cat":[24435,24434],"product_tag":[23557,23563],"class_list":{"0":"post-295073","1":"product","2":"type-product","3":"status-publish","4":"has-post-thumbnail","6":"product_cat-chaussures-pour-femmes-fr","7":"product_cat-neutre-fr-2","8":"product_tag-adidas-fr","9":"product_tag-adidas-femme","10":"pa_attivita-fitness-fr","11":"pa_attivita-lifestyle-fr","12":"pa_attivita-marcher","13":"pa_attivita-running-fr","14":"pa_colore-supernova-rise-w-seflaq-cobblu-blspme-fr","15":"pa_marca-adidas-fr","16":"pa_sesso-femme","17":"pa_size-39-fr","19":"first","20":"instock","21":"sale","22":"taxable","23":"shipping-taxable","24":"purchasable","25":"product-type-variable","26":"wvs-archive-product-wrapper"},"acf":[],"yoast_head":"<!-- This site is optimized with the Yoast SEO plugin v26.8 - https:\/\/yoast.com\/product\/yoast-seo-wordpress\/ -->\n<title>Adidas Supernova Rise femme - chaussures de sport pour femmes - MioMioRun<\/title>\n<meta name=\"description\" content=\"Les Supernova Rise pour femmes sont parfaites pour un confort \u00e0 chaque foul\u00e9e. Le compos\u00e9 innovant Dreamstrike+ amortit chaque foul\u00e9e.\" \/>\n<meta name=\"robots\" content=\"index, follow, max-snippet:-1, max-image-preview:large, max-video-preview:-1\" \/>\n<link rel=\"canonical\" href=\"https:\/\/www.miomiorun.com\/fr\/produit\/supernova-rise-femme\/\" \/>\n<meta property=\"og:locale\" content=\"fr_FR\" \/>\n<meta property=\"og:type\" content=\"article\" \/>\n<meta property=\"og:title\" content=\"Adidas Supernova Rise femme - chaussures de sport pour femmes - MioMioRun\" \/>\n<meta property=\"og:description\" content=\"Les Supernova Rise pour femmes sont parfaites pour un confort \u00e0 chaque foul\u00e9e. Le compos\u00e9 innovant Dreamstrike+ amortit chaque foul\u00e9e.\" \/>\n<meta property=\"og:url\" content=\"https:\/\/www.miomiorun.com\/fr\/produit\/supernova-rise-femme\/\" \/>\n<meta property=\"og:site_name\" content=\"MioMioRun\" \/>\n<meta property=\"article:publisher\" content=\"https:\/\/www.facebook.com\/miomiorun\/\" \/>\n<meta property=\"article:modified_time\" content=\"2025-04-18T07:54:17+00:00\" \/>\n<meta property=\"og:image\" content=\"https:\/\/www.miomiorun.com\/app\/uploads\/2024\/10\/adidas-Supernova-Rise-W-seflaq-cobblu-blspme-ID3595.webp\" \/>\n\t<meta property=\"og:image:width\" content=\"600\" \/>\n\t<meta property=\"og:image:height\" content=\"600\" \/>\n\t<meta property=\"og:image:type\" content=\"image\/webp\" \/>\n<meta name=\"twitter:card\" content=\"summary_large_image\" \/>\n<meta name=\"twitter:label1\" content=\"Est. reading time\" \/>\n\t<meta name=\"twitter:data1\" content=\"2 minutes\" \/>\n<script type=\"application\/ld+json\" class=\"yoast-schema-graph\">{\"@context\":\"https:\/\/schema.org\",\"@graph\":[{\"@type\":\"WebPage\",\"@id\":\"https:\/\/www.miomiorun.com\/fr\/produit\/supernova-rise-femme\/\",\"url\":\"https:\/\/www.miomiorun.com\/fr\/produit\/supernova-rise-femme\/\",\"name\":\"Adidas Supernova Rise femme - chaussures de sport pour femmes - MioMioRun\",\"isPartOf\":{\"@id\":\"https:\/\/www.miomiorun.com\/fr\/#website\"},\"primaryImageOfPage\":{\"@id\":\"https:\/\/www.miomiorun.com\/fr\/produit\/supernova-rise-femme\/#primaryimage\"},\"image\":{\"@id\":\"https:\/\/www.miomiorun.com\/fr\/produit\/supernova-rise-femme\/#primaryimage\"},\"thumbnailUrl\":\"https:\/\/www.miomiorun.com\/app\/uploads\/2024\/10\/adidas-Supernova-Rise-W-seflaq-cobblu-blspme-ID3595.webp\",\"datePublished\":\"2024-09-26T11:52:17+00:00\",\"dateModified\":\"2025-04-18T07:54:17+00:00\",\"description\":\"Les Supernova Rise pour femmes sont parfaites pour un confort \u00e0 chaque foul\u00e9e. Le compos\u00e9 innovant Dreamstrike+ amortit chaque foul\u00e9e.\",\"breadcrumb\":{\"@id\":\"https:\/\/www.miomiorun.com\/fr\/produit\/supernova-rise-femme\/#breadcrumb\"},\"inLanguage\":\"fr-FR\",\"potentialAction\":[{\"@type\":\"ReadAction\",\"target\":[\"https:\/\/www.miomiorun.com\/fr\/produit\/supernova-rise-femme\/\"]}]},{\"@type\":\"ImageObject\",\"inLanguage\":\"fr-FR\",\"@id\":\"https:\/\/www.miomiorun.com\/fr\/produit\/supernova-rise-femme\/#primaryimage\",\"url\":\"https:\/\/www.miomiorun.com\/app\/uploads\/2024\/10\/adidas-Supernova-Rise-W-seflaq-cobblu-blspme-ID3595.webp\",\"contentUrl\":\"https:\/\/www.miomiorun.com\/app\/uploads\/2024\/10\/adidas-Supernova-Rise-W-seflaq-cobblu-blspme-ID3595.webp\",\"width\":600,\"height\":600,\"caption\":\"adidas Supernova Rise W seflaq cobblu blspme ID3595\"},{\"@type\":\"BreadcrumbList\",\"@id\":\"https:\/\/www.miomiorun.com\/fr\/produit\/supernova-rise-femme\/#breadcrumb\",\"itemListElement\":[{\"@type\":\"ListItem\",\"position\":1,\"name\":\"Home\",\"item\":\"https:\/\/www.miomiorun.com\/fr\/home-page\/\"},{\"@type\":\"ListItem\",\"position\":2,\"name\":\"Shop\",\"item\":\"https:\/\/www.miomiorun.com\/shop\/\"},{\"@type\":\"ListItem\",\"position\":3,\"name\":\"Supernova Rise femme\"}]},{\"@type\":\"WebSite\",\"@id\":\"https:\/\/www.miomiorun.com\/fr\/#website\",\"url\":\"https:\/\/www.miomiorun.com\/fr\/\",\"name\":\"MioMioRun\",\"description\":\"Boutique 100% running et trail\",\"publisher\":{\"@id\":\"https:\/\/www.miomiorun.com\/fr\/#organization\"},\"potentialAction\":[{\"@type\":\"SearchAction\",\"target\":{\"@type\":\"EntryPoint\",\"urlTemplate\":\"https:\/\/www.miomiorun.com\/fr\/?s={search_term_string}\"},\"query-input\":{\"@type\":\"PropertyValueSpecification\",\"valueRequired\":true,\"valueName\":\"search_term_string\"}}],\"inLanguage\":\"fr-FR\"},{\"@type\":\"Organization\",\"@id\":\"https:\/\/www.miomiorun.com\/fr\/#organization\",\"name\":\"MioMio Run\",\"url\":\"https:\/\/www.miomiorun.com\/fr\/\",\"logo\":{\"@type\":\"ImageObject\",\"inLanguage\":\"fr-FR\",\"@id\":\"https:\/\/www.miomiorun.com\/fr\/#\/schema\/logo\/image\/\",\"url\":\"https:\/\/www.miomiorun.com\/app\/uploads\/2019\/12\/logomio.png\",\"contentUrl\":\"https:\/\/www.miomiorun.com\/app\/uploads\/2019\/12\/logomio.png\",\"width\":115,\"height\":82,\"caption\":\"MioMio Run\"},\"image\":{\"@id\":\"https:\/\/www.miomiorun.com\/fr\/#\/schema\/logo\/image\/\"},\"sameAs\":[\"https:\/\/www.facebook.com\/miomiorun\/\",\"https:\/\/www.instagram.com\/miomiorun\/\"]}]}<\/script>\n<!-- \/ Yoast SEO plugin. -->","yoast_head_json":{"title":"Adidas Supernova Rise femme - chaussures de sport pour femmes - MioMioRun","description":"Les Supernova Rise pour femmes sont parfaites pour un confort \u00e0 chaque foul\u00e9e. Le compos\u00e9 innovant Dreamstrike+ amortit chaque foul\u00e9e.","robots":{"index":"index","follow":"follow","max-snippet":"max-snippet:-1","max-image-preview":"max-image-preview:large","max-video-preview":"max-video-preview:-1"},"canonical":"https:\/\/www.miomiorun.com\/fr\/produit\/supernova-rise-femme\/","og_locale":"fr_FR","og_type":"article","og_title":"Adidas Supernova Rise femme - chaussures de sport pour femmes - MioMioRun","og_description":"Les Supernova Rise pour femmes sont parfaites pour un confort \u00e0 chaque foul\u00e9e. Le compos\u00e9 innovant Dreamstrike+ amortit chaque foul\u00e9e.","og_url":"https:\/\/www.miomiorun.com\/fr\/produit\/supernova-rise-femme\/","og_site_name":"MioMioRun","article_publisher":"https:\/\/www.facebook.com\/miomiorun\/","article_modified_time":"2025-04-18T07:54:17+00:00","og_image":[{"width":600,"height":600,"url":"https:\/\/www.miomiorun.com\/app\/uploads\/2024\/10\/adidas-Supernova-Rise-W-seflaq-cobblu-blspme-ID3595.webp","type":"image\/webp"}],"twitter_card":"summary_large_image","twitter_misc":{"Est. reading time":"2 minutes"},"schema":{"@context":"https:\/\/schema.org","@graph":[{"@type":"WebPage","@id":"https:\/\/www.miomiorun.com\/fr\/produit\/supernova-rise-femme\/","url":"https:\/\/www.miomiorun.com\/fr\/produit\/supernova-rise-femme\/","name":"Adidas Supernova Rise femme - chaussures de sport pour femmes - MioMioRun","isPartOf":{"@id":"https:\/\/www.miomiorun.com\/fr\/#website"},"primaryImageOfPage":{"@id":"https:\/\/www.miomiorun.com\/fr\/produit\/supernova-rise-femme\/#primaryimage"},"image":{"@id":"https:\/\/www.miomiorun.com\/fr\/produit\/supernova-rise-femme\/#primaryimage"},"thumbnailUrl":"https:\/\/www.miomiorun.com\/app\/uploads\/2024\/10\/adidas-Supernova-Rise-W-seflaq-cobblu-blspme-ID3595.webp","datePublished":"2024-09-26T11:52:17+00:00","dateModified":"2025-04-18T07:54:17+00:00","description":"Les Supernova Rise pour femmes sont parfaites pour un confort \u00e0 chaque foul\u00e9e. Le compos\u00e9 innovant Dreamstrike+ amortit chaque foul\u00e9e.","breadcrumb":{"@id":"https:\/\/www.miomiorun.com\/fr\/produit\/supernova-rise-femme\/#breadcrumb"},"inLanguage":"fr-FR","potentialAction":[{"@type":"ReadAction","target":["https:\/\/www.miomiorun.com\/fr\/produit\/supernova-rise-femme\/"]}]},{"@type":"ImageObject","inLanguage":"fr-FR","@id":"https:\/\/www.miomiorun.com\/fr\/produit\/supernova-rise-femme\/#primaryimage","url":"https:\/\/www.miomiorun.com\/app\/uploads\/2024\/10\/adidas-Supernova-Rise-W-seflaq-cobblu-blspme-ID3595.webp","contentUrl":"https:\/\/www.miomiorun.com\/app\/uploads\/2024\/10\/adidas-Supernova-Rise-W-seflaq-cobblu-blspme-ID3595.webp","width":600,"height":600,"caption":"adidas Supernova Rise W seflaq cobblu blspme ID3595"},{"@type":"BreadcrumbList","@id":"https:\/\/www.miomiorun.com\/fr\/produit\/supernova-rise-femme\/#breadcrumb","itemListElement":[{"@type":"ListItem","position":1,"name":"Home","item":"https:\/\/www.miomiorun.com\/fr\/home-page\/"},{"@type":"ListItem","position":2,"name":"Shop","item":"https:\/\/www.miomiorun.com\/shop\/"},{"@type":"ListItem","position":3,"name":"Supernova Rise femme"}]},{"@type":"WebSite","@id":"https:\/\/www.miomiorun.com\/fr\/#website","url":"https:\/\/www.miomiorun.com\/fr\/","name":"MioMioRun","description":"Boutique 100% running et trail","publisher":{"@id":"https:\/\/www.miomiorun.com\/fr\/#organization"},"potentialAction":[{"@type":"SearchAction","target":{"@type":"EntryPoint","urlTemplate":"https:\/\/www.miomiorun.com\/fr\/?s={search_term_string}"},"query-input":{"@type":"PropertyValueSpecification","valueRequired":true,"valueName":"search_term_string"}}],"inLanguage":"fr-FR"},{"@type":"Organization","@id":"https:\/\/www.miomiorun.com\/fr\/#organization","name":"MioMio Run","url":"https:\/\/www.miomiorun.com\/fr\/","logo":{"@type":"ImageObject","inLanguage":"fr-FR","@id":"https:\/\/www.miomiorun.com\/fr\/#\/schema\/logo\/image\/","url":"https:\/\/www.miomiorun.com\/app\/uploads\/2019\/12\/logomio.png","contentUrl":"https:\/\/www.miomiorun.com\/app\/uploads\/2019\/12\/logomio.png","width":115,"height":82,"caption":"MioMio Run"},"image":{"@id":"https:\/\/www.miomiorun.com\/fr\/#\/schema\/logo\/image\/"},"sameAs":["https:\/\/www.facebook.com\/miomiorun\/","https:\/\/www.instagram.com\/miomiorun\/"]}]}},"_links":{"self":[{"href":"https:\/\/www.miomiorun.com\/fr\/wp-json\/wp\/v2\/product\/295073","targetHints":{"allow":["GET"]}}],"collection":[{"href":"https:\/\/www.miomiorun.com\/fr\/wp-json\/wp\/v2\/product"}],"about":[{"href":"https:\/\/www.miomiorun.com\/fr\/wp-json\/wp\/v2\/types\/product"}],"wp:featuredmedia":[{"embeddable":true,"href":"https:\/\/www.miomiorun.com\/fr\/wp-json\/wp\/v2\/media\/249176"}],"wp:attachment":[{"href":"https:\/\/www.miomiorun.com\/fr\/wp-json\/wp\/v2\/media?parent=295073"}],"wp:term":[{"taxonomy":"product_brand","embeddable":true,"href":"https:\/\/www.miomiorun.com\/fr\/wp-json\/wp\/v2\/product_brand?post=295073"},{"taxonomy":"product_cat","embeddable":true,"href":"https:\/\/www.miomiorun.com\/fr\/wp-json\/wp\/v2\/product_cat?post=295073"},{"taxonomy":"product_tag","embeddable":true,"href":"https:\/\/www.miomiorun.com\/fr\/wp-json\/wp\/v2\/product_tag?post=295073"}],"curies":[{"name":"wp","href":"https:\/\/api.w.org\/{rel}","templated":true}]}}