{"id":294959,"date":"2024-10-01T13:49:00","date_gmt":"2024-10-01T11:49:00","guid":{"rendered":"https:\/\/miomiorun.com\/prodotto\/dolomiti-hooded-jacket-uomo\/"},"modified":"2025-12-09T12:09:10","modified_gmt":"2025-12-09T11:09:10","slug":"dolomiti-hooded-jacket-homme","status":"publish","type":"product","link":"https:\/\/www.miomiorun.com\/fr\/produit\/dolomiti-hooded-jacket-homme\/","title":{"rendered":"Dolomiti Hooded Jacket homme"},"content":{"rendered":"<h3>Veste \u00e0 capuche <strong>Dolomiti<\/strong> pour homme, chaude et confortable : id\u00e9ale pour le trekking et les activit\u00e9s quotidiennes.<\/h3>\n<p>Fabriqu\u00e9e en tissu Pro-Meteo monocouche, cette veste matelass\u00e9e vous prot\u00e8ge du vent lors de vos aventures en plein air et de vos journ\u00e9es en ville.<\/p>\n<p>Le rembourrage synth\u00e9tique ultra-l\u00e9ger Comfortemp\u00ae vous garde au chaud toute la journ\u00e9e. De plus, le tissu en nylon avec traitement d\u00e9perlant DWR sans PFAS vous prot\u00e8ge en cas de pluie l\u00e9g\u00e8re. Lorsque vous ne le portez pas, vous pouvez le replier dans la poche pratique int\u00e9gr\u00e9e et le glisser dans votre sac \u00e0 dos. Deux poches zipp\u00e9es pour les mains et une poche int\u00e9rieure zipp\u00e9e prot\u00e8gent vos effets personnels, tandis que la capuche et les poignets \u00e9lastiques ainsi que l&#8217;ourlet r\u00e9glable s&#8217;adaptent parfaitement \u00e0 votre morphologie. La veste \u00e0 capuche Dolomiti pour homme est parfaite pour la marche, les randonn\u00e9es de plusieurs jours et les courses.<\/p>\n<p><strong>Caract\u00e9ristiques :<\/strong><\/p>\n<ul class=\"tw-list-disc\">\n<li class=\"tw-text-xs\">Veste matelass\u00e9e \u00e0 capuche pour homme<\/li>\n<li class=\"tw-text-xs\">Tissu en nylon DWR<\/li>\n<li class=\"tw-text-xs\">Rembourrage ultral\u00e9ger en polyester Comfortemp\u00ae 80gr<\/li>\n<li class=\"tw-text-xs\">Rembourrage secondaire ultral\u00e9ger en polyester Comfortemp\u00ae 60gr<\/li>\n<li class=\"tw-text-xs\">Fermeture centrale zipp\u00e9e, poches zipp\u00e9es pour les mains<\/li>\n<li class=\"tw-text-xs\">Poche int\u00e9rieure zipp\u00e9e<\/li>\n<li class=\"tw-text-xs\">Poche de rangement<\/li>\n<li class=\"tw-text-xs\">Capuche et poignets termin\u00e9s par un \u00e9lastique<\/li>\n<li class=\"tw-text-xs\">Bas avec r\u00e9glage<\/li>\n<li class=\"tw-text-xs\">V\u00eatement id\u00e9al pour diverses activit\u00e9s de plein air et de loisirs<\/li>\n<li class=\"tw-text-xs\">Poids : 440,0 g<\/li>\n<\/ul>\n<h3 style=\"text-align: center;\">Avantages<\/h3>\n<p>&nbsp;<\/p>\n<div class=\"content__image-wrapper tw-w-fit\">\n<div class=\"content__image tw-relative tw-w-[3.2rem]\"><img loading=\"lazy\" decoding=\"async\" class=\"tw-absolute tw-top-0 tw-left-0 tw-w-full tw-h-full\" src=\"https:\/\/www.montura.com\/cdn\/shop\/files\/002_WaterResistantDWR_Black.svg?v=1709125500&amp;width=200\" srcset=\"\/\/www.montura.com\/cdn\/shop\/files\/002_WaterResistantDWR_Black.svg?v=1709125500&amp;width=200 200w\" alt=\"\" width=\"50\" height=\"50\" \/><\/div>\n<div>\n<h3 class=\"tw-text-s tw-pt-[1.2rem] tw-pb-[0.4rem] tw-font-medium\">D\u00e9perlant (DWR)<\/h3>\n<p class=\"tw-text-greyish-brown tw-text-xs tw-pt-[0.4rem]\">Une couche d\u00e9perlante appliqu\u00e9e sur le tissu offre une l\u00e9g\u00e8re protection contre l&#8217;humidit\u00e9 ext\u00e9rieure.<\/p>\n<\/div>\n<\/div>\n<div class=\"content__image-wrapper tw-w-fit\">\n<div><\/div>\n<div class=\"content__image tw-relative tw-w-[3.2rem]\"><img loading=\"lazy\" decoding=\"async\" class=\"tw-absolute tw-top-0 tw-left-0 tw-w-full tw-h-full\" src=\"https:\/\/www.montura.com\/cdn\/shop\/files\/003_Windproof_Black.svg?v=1709125529&amp;width=200\" srcset=\"\/\/www.montura.com\/cdn\/shop\/files\/003_Windproof_Black.svg?v=1709125529&amp;width=200 200w\" alt=\"\" width=\"50\" height=\"50\" \/><\/div>\n<div>\n<h3 class=\"tw-text-s tw-pt-[1.2rem] tw-pb-[0.4rem] tw-font-medium\">Coupe-vent<\/h3>\n<p class=\"tw-text-greyish-brown tw-text-xs tw-pt-[0.4rem]\">Le tissu emp\u00eache le vent de p\u00e9n\u00e9trer, r\u00e9duisant ainsi le risque de refroidissement.<\/p>\n<\/div>\n<\/div>\n<p>&nbsp;<\/p>\n<div class=\"content__image-wrapper tw-w-fit\">\n<div class=\"content__image tw-relative tw-w-[3.2rem]\"><img loading=\"lazy\" decoding=\"async\" class=\"tw-absolute tw-top-0 tw-left-0 tw-w-full tw-h-full\" src=\"https:\/\/www.montura.com\/cdn\/shop\/files\/024_PFAS_free_Black.svg?v=1724232112&amp;width=200\" srcset=\"\/\/www.montura.com\/cdn\/shop\/files\/024_PFAS_free_Black.svg?v=1724232112&amp;width=200 200w\" alt=\"\" width=\"49\" height=\"49\" \/><\/div>\n<\/div>\n<div class=\"content__image-wrapper tw-w-fit\">\n<div>\n<h3 class=\"tw-text-s tw-pt-[1.2rem] tw-pb-[0.4rem] tw-font-medium\">SANS PFAS<\/h3>\n<p class=\"tw-text-greyish-brown tw-text-xs tw-pt-[0.4rem]\">Un v\u00eatement sans PFAS est fabriqu\u00e9 \u00e0 partir de mat\u00e9riaux exempts de traitements hydrofuges \u00e0 base de compos\u00e9s perfluor\u00e9s et polyphlor\u00e9s (PFAS), nocifs pour l&#8217;environnement et les \u00eatres vivants. Les tissus sont trait\u00e9s avec une finition d\u00e9perlante \u00e9cologique, non fluor\u00e9e et d&#8217;origine v\u00e9g\u00e9tale qui garantit une d\u00e9perlance durable.<\/p>\n<\/div>\n<\/div>\n<p>&nbsp;<\/p>\n<div class=\"content__image-wrapper tw-w-fit\">\n<div class=\"content__image tw-relative tw-w-[3.2rem]\"><img loading=\"lazy\" decoding=\"async\" class=\"tw-absolute tw-top-0 tw-left-0 tw-w-full tw-h-full\" src=\"https:\/\/www.montura.com\/cdn\/shop\/files\/012_RecycledMaterial_Black.svg?v=1709125426&amp;width=200\" srcset=\"\/\/www.montura.com\/cdn\/shop\/files\/012_RecycledMaterial_Black.svg?v=1709125426&amp;width=200 200w\" alt=\"\" width=\"49\" height=\"49\" \/><\/div>\n<div>\n<h3 class=\"tw-text-s tw-pt-[1.2rem] tw-pb-[0.4rem] tw-font-medium\">Mat\u00e9riaux recycl\u00e9s<\/h3>\n<p class=\"tw-text-greyish-brown tw-text-xs tw-pt-[0.4rem]\">Fabriqu\u00e9 \u00e0 partir de mat\u00e9riaux recycl\u00e9s, ce produit contribue \u00e0 r\u00e9duire les d\u00e9chets et l&#8217;utilisation de mat\u00e9riaux vierges.<\/p>\n<\/div>\n<\/div>\n<p>&nbsp;<\/p>\n<p>&nbsp;<\/p>\n","protected":false},"excerpt":{"rendered":"<ul>\n<li>Veste parfaite pour la randonn\u00e9e en montagne.<\/li>\n<li>Il vous prot\u00e8ge du vent et de la pluie l\u00e9g\u00e8re.<\/li>\n<\/ul>\n","protected":false},"featured_media":249392,"template":"","meta":{"_acf_changed":false,"inline_featured_image":false},"product_brand":[],"product_cat":[24480,24482],"product_tag":[23512,23524],"class_list":{"0":"post-294959","1":"product","2":"type-product","3":"status-publish","4":"has-post-thumbnail","6":"product_cat-vestes-fr-2","7":"product_cat-vetements-pour-hommes-fr","8":"product_tag-montura-fr","9":"product_tag-montura-homme","10":"pa_attivita-lifestyle-fr","11":"pa_attivita-marcher","12":"pa_attivita-outdoor-fr","13":"pa_colore-dolomiti-hooded-jacket-verde-salvia-bron-fr","14":"pa_marca-montura-fr","15":"pa_sesso-homme","16":"pa_size-small-fr","17":"pa_size-large-fr","18":"pa_size-extra-large-fr","20":"first","21":"instock","22":"sale","23":"taxable","24":"shipping-taxable","25":"purchasable","26":"product-type-variable","27":"wvs-archive-product-wrapper"},"acf":[],"yoast_head":"<!-- This site is optimized with the Yoast SEO plugin v26.8 - https:\/\/yoast.com\/product\/yoast-seo-wordpress\/ -->\n<title>Montura Dolomiti Hooded Jacket homme - Doudoune de montagne - MioMioRun<\/title>\n<meta name=\"description\" content=\"Veste \u00e0 capuche Dolomiti pour homme, chaude et confortable, id\u00e9ale pour le trekking et les activit\u00e9s quotidiennes, en tissu Pro-Meteo monocouche.\" \/>\n<meta name=\"robots\" content=\"index, follow, max-snippet:-1, max-image-preview:large, max-video-preview:-1\" \/>\n<link rel=\"canonical\" href=\"https:\/\/www.miomiorun.com\/fr\/produit\/dolomiti-hooded-jacket-homme\/\" \/>\n<meta property=\"og:locale\" content=\"fr_FR\" \/>\n<meta property=\"og:type\" content=\"article\" \/>\n<meta property=\"og:title\" content=\"Montura Dolomiti Hooded Jacket homme - Doudoune de montagne - MioMioRun\" \/>\n<meta property=\"og:description\" content=\"Veste \u00e0 capuche Dolomiti pour homme, chaude et confortable, id\u00e9ale pour le trekking et les activit\u00e9s quotidiennes, en tissu Pro-Meteo monocouche.\" \/>\n<meta property=\"og:url\" content=\"https:\/\/www.miomiorun.com\/fr\/produit\/dolomiti-hooded-jacket-homme\/\" \/>\n<meta property=\"og:site_name\" content=\"MioMioRun\" \/>\n<meta property=\"article:publisher\" content=\"https:\/\/www.facebook.com\/miomiorun\/\" \/>\n<meta property=\"article:modified_time\" content=\"2025-12-09T11:09:10+00:00\" \/>\n<meta property=\"og:image\" content=\"https:\/\/www.miomiorun.com\/app\/uploads\/2024\/10\/montura-Dolomiti-hooded-jacket-verde-salvia-bron-MJAD50X.49140.webp\" \/>\n\t<meta property=\"og:image:width\" content=\"600\" \/>\n\t<meta property=\"og:image:height\" content=\"600\" \/>\n\t<meta property=\"og:image:type\" content=\"image\/webp\" \/>\n<meta name=\"twitter:card\" content=\"summary_large_image\" \/>\n<meta name=\"twitter:label1\" content=\"Est. reading time\" \/>\n\t<meta name=\"twitter:data1\" content=\"2 minutes\" \/>\n<script type=\"application\/ld+json\" class=\"yoast-schema-graph\">{\"@context\":\"https:\/\/schema.org\",\"@graph\":[{\"@type\":\"WebPage\",\"@id\":\"https:\/\/www.miomiorun.com\/fr\/produit\/dolomiti-hooded-jacket-homme\/\",\"url\":\"https:\/\/www.miomiorun.com\/fr\/produit\/dolomiti-hooded-jacket-homme\/\",\"name\":\"Montura Dolomiti Hooded Jacket homme - Doudoune de montagne - MioMioRun\",\"isPartOf\":{\"@id\":\"https:\/\/www.miomiorun.com\/fr\/#website\"},\"primaryImageOfPage\":{\"@id\":\"https:\/\/www.miomiorun.com\/fr\/produit\/dolomiti-hooded-jacket-homme\/#primaryimage\"},\"image\":{\"@id\":\"https:\/\/www.miomiorun.com\/fr\/produit\/dolomiti-hooded-jacket-homme\/#primaryimage\"},\"thumbnailUrl\":\"https:\/\/www.miomiorun.com\/app\/uploads\/2024\/10\/montura-Dolomiti-hooded-jacket-verde-salvia-bron-MJAD50X.49140.webp\",\"datePublished\":\"2024-10-01T11:49:00+00:00\",\"dateModified\":\"2025-12-09T11:09:10+00:00\",\"description\":\"Veste \u00e0 capuche Dolomiti pour homme, chaude et confortable, id\u00e9ale pour le trekking et les activit\u00e9s quotidiennes, en tissu Pro-Meteo monocouche.\",\"breadcrumb\":{\"@id\":\"https:\/\/www.miomiorun.com\/fr\/produit\/dolomiti-hooded-jacket-homme\/#breadcrumb\"},\"inLanguage\":\"fr-FR\",\"potentialAction\":[{\"@type\":\"ReadAction\",\"target\":[\"https:\/\/www.miomiorun.com\/fr\/produit\/dolomiti-hooded-jacket-homme\/\"]}]},{\"@type\":\"ImageObject\",\"inLanguage\":\"fr-FR\",\"@id\":\"https:\/\/www.miomiorun.com\/fr\/produit\/dolomiti-hooded-jacket-homme\/#primaryimage\",\"url\":\"https:\/\/www.miomiorun.com\/app\/uploads\/2024\/10\/montura-Dolomiti-hooded-jacket-verde-salvia-bron-MJAD50X.49140.webp\",\"contentUrl\":\"https:\/\/www.miomiorun.com\/app\/uploads\/2024\/10\/montura-Dolomiti-hooded-jacket-verde-salvia-bron-MJAD50X.49140.webp\",\"width\":600,\"height\":600,\"caption\":\"montura Dolomiti hooded jacket verde salvia bron MJAD50X.49140\"},{\"@type\":\"BreadcrumbList\",\"@id\":\"https:\/\/www.miomiorun.com\/fr\/produit\/dolomiti-hooded-jacket-homme\/#breadcrumb\",\"itemListElement\":[{\"@type\":\"ListItem\",\"position\":1,\"name\":\"Home\",\"item\":\"https:\/\/www.miomiorun.com\/fr\/home-page\/\"},{\"@type\":\"ListItem\",\"position\":2,\"name\":\"Shop\",\"item\":\"https:\/\/www.miomiorun.com\/shop\/\"},{\"@type\":\"ListItem\",\"position\":3,\"name\":\"Dolomiti Hooded Jacket homme\"}]},{\"@type\":\"WebSite\",\"@id\":\"https:\/\/www.miomiorun.com\/fr\/#website\",\"url\":\"https:\/\/www.miomiorun.com\/fr\/\",\"name\":\"MioMioRun\",\"description\":\"Boutique 100% running et trail\",\"publisher\":{\"@id\":\"https:\/\/www.miomiorun.com\/fr\/#organization\"},\"potentialAction\":[{\"@type\":\"SearchAction\",\"target\":{\"@type\":\"EntryPoint\",\"urlTemplate\":\"https:\/\/www.miomiorun.com\/fr\/?s={search_term_string}\"},\"query-input\":{\"@type\":\"PropertyValueSpecification\",\"valueRequired\":true,\"valueName\":\"search_term_string\"}}],\"inLanguage\":\"fr-FR\"},{\"@type\":\"Organization\",\"@id\":\"https:\/\/www.miomiorun.com\/fr\/#organization\",\"name\":\"MioMio Run\",\"url\":\"https:\/\/www.miomiorun.com\/fr\/\",\"logo\":{\"@type\":\"ImageObject\",\"inLanguage\":\"fr-FR\",\"@id\":\"https:\/\/www.miomiorun.com\/fr\/#\/schema\/logo\/image\/\",\"url\":\"https:\/\/www.miomiorun.com\/app\/uploads\/2019\/12\/logomio.png\",\"contentUrl\":\"https:\/\/www.miomiorun.com\/app\/uploads\/2019\/12\/logomio.png\",\"width\":115,\"height\":82,\"caption\":\"MioMio Run\"},\"image\":{\"@id\":\"https:\/\/www.miomiorun.com\/fr\/#\/schema\/logo\/image\/\"},\"sameAs\":[\"https:\/\/www.facebook.com\/miomiorun\/\",\"https:\/\/www.instagram.com\/miomiorun\/\"]}]}<\/script>\n<!-- \/ Yoast SEO plugin. -->","yoast_head_json":{"title":"Montura Dolomiti Hooded Jacket homme - Doudoune de montagne - MioMioRun","description":"Veste \u00e0 capuche Dolomiti pour homme, chaude et confortable, id\u00e9ale pour le trekking et les activit\u00e9s quotidiennes, en tissu Pro-Meteo monocouche.","robots":{"index":"index","follow":"follow","max-snippet":"max-snippet:-1","max-image-preview":"max-image-preview:large","max-video-preview":"max-video-preview:-1"},"canonical":"https:\/\/www.miomiorun.com\/fr\/produit\/dolomiti-hooded-jacket-homme\/","og_locale":"fr_FR","og_type":"article","og_title":"Montura Dolomiti Hooded Jacket homme - Doudoune de montagne - MioMioRun","og_description":"Veste \u00e0 capuche Dolomiti pour homme, chaude et confortable, id\u00e9ale pour le trekking et les activit\u00e9s quotidiennes, en tissu Pro-Meteo monocouche.","og_url":"https:\/\/www.miomiorun.com\/fr\/produit\/dolomiti-hooded-jacket-homme\/","og_site_name":"MioMioRun","article_publisher":"https:\/\/www.facebook.com\/miomiorun\/","article_modified_time":"2025-12-09T11:09:10+00:00","og_image":[{"width":600,"height":600,"url":"https:\/\/www.miomiorun.com\/app\/uploads\/2024\/10\/montura-Dolomiti-hooded-jacket-verde-salvia-bron-MJAD50X.49140.webp","type":"image\/webp"}],"twitter_card":"summary_large_image","twitter_misc":{"Est. reading time":"2 minutes"},"schema":{"@context":"https:\/\/schema.org","@graph":[{"@type":"WebPage","@id":"https:\/\/www.miomiorun.com\/fr\/produit\/dolomiti-hooded-jacket-homme\/","url":"https:\/\/www.miomiorun.com\/fr\/produit\/dolomiti-hooded-jacket-homme\/","name":"Montura Dolomiti Hooded Jacket homme - Doudoune de montagne - MioMioRun","isPartOf":{"@id":"https:\/\/www.miomiorun.com\/fr\/#website"},"primaryImageOfPage":{"@id":"https:\/\/www.miomiorun.com\/fr\/produit\/dolomiti-hooded-jacket-homme\/#primaryimage"},"image":{"@id":"https:\/\/www.miomiorun.com\/fr\/produit\/dolomiti-hooded-jacket-homme\/#primaryimage"},"thumbnailUrl":"https:\/\/www.miomiorun.com\/app\/uploads\/2024\/10\/montura-Dolomiti-hooded-jacket-verde-salvia-bron-MJAD50X.49140.webp","datePublished":"2024-10-01T11:49:00+00:00","dateModified":"2025-12-09T11:09:10+00:00","description":"Veste \u00e0 capuche Dolomiti pour homme, chaude et confortable, id\u00e9ale pour le trekking et les activit\u00e9s quotidiennes, en tissu Pro-Meteo monocouche.","breadcrumb":{"@id":"https:\/\/www.miomiorun.com\/fr\/produit\/dolomiti-hooded-jacket-homme\/#breadcrumb"},"inLanguage":"fr-FR","potentialAction":[{"@type":"ReadAction","target":["https:\/\/www.miomiorun.com\/fr\/produit\/dolomiti-hooded-jacket-homme\/"]}]},{"@type":"ImageObject","inLanguage":"fr-FR","@id":"https:\/\/www.miomiorun.com\/fr\/produit\/dolomiti-hooded-jacket-homme\/#primaryimage","url":"https:\/\/www.miomiorun.com\/app\/uploads\/2024\/10\/montura-Dolomiti-hooded-jacket-verde-salvia-bron-MJAD50X.49140.webp","contentUrl":"https:\/\/www.miomiorun.com\/app\/uploads\/2024\/10\/montura-Dolomiti-hooded-jacket-verde-salvia-bron-MJAD50X.49140.webp","width":600,"height":600,"caption":"montura Dolomiti hooded jacket verde salvia bron MJAD50X.49140"},{"@type":"BreadcrumbList","@id":"https:\/\/www.miomiorun.com\/fr\/produit\/dolomiti-hooded-jacket-homme\/#breadcrumb","itemListElement":[{"@type":"ListItem","position":1,"name":"Home","item":"https:\/\/www.miomiorun.com\/fr\/home-page\/"},{"@type":"ListItem","position":2,"name":"Shop","item":"https:\/\/www.miomiorun.com\/shop\/"},{"@type":"ListItem","position":3,"name":"Dolomiti Hooded Jacket homme"}]},{"@type":"WebSite","@id":"https:\/\/www.miomiorun.com\/fr\/#website","url":"https:\/\/www.miomiorun.com\/fr\/","name":"MioMioRun","description":"Boutique 100% running et trail","publisher":{"@id":"https:\/\/www.miomiorun.com\/fr\/#organization"},"potentialAction":[{"@type":"SearchAction","target":{"@type":"EntryPoint","urlTemplate":"https:\/\/www.miomiorun.com\/fr\/?s={search_term_string}"},"query-input":{"@type":"PropertyValueSpecification","valueRequired":true,"valueName":"search_term_string"}}],"inLanguage":"fr-FR"},{"@type":"Organization","@id":"https:\/\/www.miomiorun.com\/fr\/#organization","name":"MioMio Run","url":"https:\/\/www.miomiorun.com\/fr\/","logo":{"@type":"ImageObject","inLanguage":"fr-FR","@id":"https:\/\/www.miomiorun.com\/fr\/#\/schema\/logo\/image\/","url":"https:\/\/www.miomiorun.com\/app\/uploads\/2019\/12\/logomio.png","contentUrl":"https:\/\/www.miomiorun.com\/app\/uploads\/2019\/12\/logomio.png","width":115,"height":82,"caption":"MioMio Run"},"image":{"@id":"https:\/\/www.miomiorun.com\/fr\/#\/schema\/logo\/image\/"},"sameAs":["https:\/\/www.facebook.com\/miomiorun\/","https:\/\/www.instagram.com\/miomiorun\/"]}]}},"_links":{"self":[{"href":"https:\/\/www.miomiorun.com\/fr\/wp-json\/wp\/v2\/product\/294959","targetHints":{"allow":["GET"]}}],"collection":[{"href":"https:\/\/www.miomiorun.com\/fr\/wp-json\/wp\/v2\/product"}],"about":[{"href":"https:\/\/www.miomiorun.com\/fr\/wp-json\/wp\/v2\/types\/product"}],"wp:featuredmedia":[{"embeddable":true,"href":"https:\/\/www.miomiorun.com\/fr\/wp-json\/wp\/v2\/media\/249392"}],"wp:attachment":[{"href":"https:\/\/www.miomiorun.com\/fr\/wp-json\/wp\/v2\/media?parent=294959"}],"wp:term":[{"taxonomy":"product_brand","embeddable":true,"href":"https:\/\/www.miomiorun.com\/fr\/wp-json\/wp\/v2\/product_brand?post=294959"},{"taxonomy":"product_cat","embeddable":true,"href":"https:\/\/www.miomiorun.com\/fr\/wp-json\/wp\/v2\/product_cat?post=294959"},{"taxonomy":"product_tag","embeddable":true,"href":"https:\/\/www.miomiorun.com\/fr\/wp-json\/wp\/v2\/product_tag?post=294959"}],"curies":[{"name":"wp","href":"https:\/\/api.w.org\/{rel}","templated":true}]}}